{"id":11060,"date":"2023-08-21T09:25:06","date_gmt":"2023-08-21T09:25:06","guid":{"rendered":"https:\/\/anivet.lt\/elparduotuve\/?post_type=product&#038;p=11060"},"modified":"2026-02-23T11:28:42","modified_gmt":"2026-02-23T11:28:42","slug":"selected-adult-cat-norvegiska-lasisa-suaugusioms-katems","status":"publish","type":"product","link":"https:\/\/anivet.lt\/elparduotuve\/produktas\/selected-adult-cat-norvegiska-lasisa-suaugusioms-katems\/","title":{"rendered":"Nature&#8217;s Variety No Grain Adult Cat (norvegi\u0161ka la\u0161i\u0161a) suaugusioms kat\u0117ms"},"content":{"rendered":"<ul>\n<li style=\"font-weight: 400;\" aria-level=\"1\"><span style=\"font-weight: 400;\">Auk\u0161tos kokyb\u0117s baltymai: Pagrindinis ingredientas yra norvegi\u0161ka la\u0161i\u0161a (30%) kartu su tun\u0173 baltymais (13%), u\u017etikrinan\u010diais raumen\u0173 vystym\u0105si ir energij\u0105.<\/span><\/li>\n<li style=\"font-weight: 400;\" aria-level=\"1\"><span style=\"font-weight: 400;\">Be gr\u016bd\u0173: Idealiai tinka jautrioms kat\u0117ms, kurios gali netoleruoti gr\u016bd\u0173 ar glitimo.<\/span><\/li>\n<li style=\"font-weight: 400;\" aria-level=\"1\"><span style=\"font-weight: 400;\">Nat\u016bral\u016bs priedai: Praturtintas dar\u017eov\u0117mis, kaip sald\u017eiosios bulv\u0117s, morkos, brokoliai, ir vaisiais, kaip obuoliai, kurie suteikia papildom\u0173 vitamin\u0173 bei antioksidant\u0173.<\/span><\/li>\n<li style=\"font-weight: 400;\" aria-level=\"1\"><span style=\"font-weight: 400;\">Sveikai odai ir kailiui: La\u0161i\u0161oje esan\u010dios omega-3 ir omega-6 riebal\u0173 r\u016bg\u0161tys palaiko sveik\u0105 od\u0105 ir blizgant\u012f kail\u012f.<\/span><\/li>\n<li style=\"font-weight: 400;\" aria-level=\"1\"><span style=\"font-weight: 400;\">Praturtintas taurinu: B\u016btina maistin\u0117 med\u017eiaga, u\u017etikrinanti \u0161irdies, reg\u0117jimo ir bendr\u0105 sveikat\u0105.<\/span><\/li>\n<\/ul>\n<p><span style=\"font-weight: 400;\">\u0160is pa\u0161aras yra ne tik maistingas, bet ir skanus, tod\u0117l j\u016bs\u0173 kat\u0117 mielai juo m\u0117gausis. Idealus pasirinkimas sveikai, subalansuotai ir nat\u016braliai ka\u010di\u0173 mitybai.<\/span><\/p>\n","protected":false},"excerpt":{"rendered":"<p><span style=\"font-weight: 400;\">Pilnai subalansuotas, begr\u016bdis maistas, sukurtas specialiai suaugusioms kat\u0117ms. Pagrindinis ingredientas \u2013 i\u0161kaulinta norvegi\u0161ka la\u0161i\u0161a, kuri u\u017etikrina auk\u0161tos kokyb\u0117s baltym\u0173 \u0161altin\u012f.<\/span><\/p>\n","protected":false},"featured_media":16661,"template":"","meta":[],"product_brand":[],"product_cat":[114,115,102,344],"product_tag":[],"class_list":{"0":"post-11060","1":"product","2":"type-product","3":"status-publish","4":"has-post-thumbnail","6":"product_cat-kaciu-maistas","7":"product_cat-sausas-maistas-ir-skanestai-katems","8":"product_cat-katems","9":"product_cat-natures-variety-kaciu-maistas","10":"pa_prekinis-zenklas-natures-variety","12":"first","13":"instock","14":"taxable","15":"shipping-taxable","16":"purchasable","17":"product-type-variable","18":"has-default-attributes"},"yoast_head":"<!-- This site is optimized with the Yoast SEO Premium plugin v27.1 (Yoast SEO v27.3) - https:\/\/yoast.com\/product\/yoast-seo-premium-wordpress\/ -->\n<title>Nature&#039;s Variety No Grain Adult Cat (norvegi\u0161ka la\u0161i\u0161a) suaugusioms kat\u0117ms - anivet.lt<\/title>\n<meta name=\"description\" content=\"Pilnai subalansuotas, begr\u016bdis maistas, sukurtas specialiai suaugusioms kat\u0117ms. Pagrindinis ingredientas \u2013 i\u0161kaulinta norvegi\u0161ka la\u0161i\u0161a, kuri u\u017etikrina auk\u0161tos kokyb\u0117s baltym\u0173 \u0161altin\u012f.\" \/>\n<meta name=\"robots\" content=\"index, follow, max-snippet:-1, max-image-preview:large, max-video-preview:-1\" \/>\n<link rel=\"canonical\" href=\"https:\/\/anivet.lt\/elparduotuve\/produktas\/selected-adult-cat-norvegiska-lasisa-suaugusioms-katems\/\" \/>\n<meta property=\"og:locale\" content=\"lt_LT\" \/>\n<meta property=\"og:type\" content=\"article\" \/>\n<meta property=\"og:title\" content=\"Nature&#039;s Variety No Grain Adult Cat (norvegi\u0161ka la\u0161i\u0161a) suaugusioms kat\u0117ms\" \/>\n<meta property=\"og:description\" content=\"Pilnai subalansuotas, begr\u016bdis maistas, sukurtas specialiai suaugusioms kat\u0117ms. Pagrindinis ingredientas \u2013 i\u0161kaulinta norvegi\u0161ka la\u0161i\u0161a, kuri u\u017etikrina auk\u0161tos kokyb\u0117s baltym\u0173 \u0161altin\u012f.\" \/>\n<meta property=\"og:url\" content=\"https:\/\/anivet.lt\/elparduotuve\/produktas\/selected-adult-cat-norvegiska-lasisa-suaugusioms-katems\/\" \/>\n<meta property=\"og:site_name\" content=\"anivet.lt\" \/>\n<meta property=\"article:modified_time\" content=\"2026-02-23T11:28:42+00:00\" \/>\n<meta property=\"og:image\" content=\"https:\/\/anivet.lt\/elparduotuve\/wp-content\/uploads\/2023\/08\/No-Grain-Adult-Cat-norvegiska-lasisa.jpg\" \/>\n\t<meta property=\"og:image:width\" content=\"1024\" \/>\n\t<meta property=\"og:image:height\" content=\"1024\" \/>\n\t<meta property=\"og:image:type\" content=\"image\/jpeg\" \/>\n<meta name=\"twitter:card\" content=\"summary_large_image\" \/>\n<meta name=\"twitter:label1\" content=\"Est. reading time\" \/>\n\t<meta name=\"twitter:data1\" content=\"1 minut\u0117\" \/>\n<script type=\"application\/ld+json\" class=\"yoast-schema-graph\">{\"@context\":\"https:\\\/\\\/schema.org\",\"@graph\":[{\"@type\":\"WebPage\",\"@id\":\"https:\\\/\\\/anivet.lt\\\/elparduotuve\\\/produktas\\\/selected-adult-cat-norvegiska-lasisa-suaugusioms-katems\\\/\",\"url\":\"https:\\\/\\\/anivet.lt\\\/elparduotuve\\\/produktas\\\/selected-adult-cat-norvegiska-lasisa-suaugusioms-katems\\\/\",\"name\":\"Nature's Variety No Grain Adult Cat (norvegi\u0161ka la\u0161i\u0161a) suaugusioms kat\u0117ms - anivet.lt\",\"isPartOf\":{\"@id\":\"https:\\\/\\\/anivet.lt\\\/elparduotuve\\\/#website\"},\"primaryImageOfPage\":{\"@id\":\"https:\\\/\\\/anivet.lt\\\/elparduotuve\\\/produktas\\\/selected-adult-cat-norvegiska-lasisa-suaugusioms-katems\\\/#primaryimage\"},\"image\":{\"@id\":\"https:\\\/\\\/anivet.lt\\\/elparduotuve\\\/produktas\\\/selected-adult-cat-norvegiska-lasisa-suaugusioms-katems\\\/#primaryimage\"},\"thumbnailUrl\":\"https:\\\/\\\/anivet.lt\\\/elparduotuve\\\/wp-content\\\/uploads\\\/2023\\\/08\\\/No-Grain-Adult-Cat-norvegiska-lasisa.jpg\",\"datePublished\":\"2023-08-21T09:25:06+00:00\",\"dateModified\":\"2026-02-23T11:28:42+00:00\",\"description\":\"Pilnai subalansuotas, begr\u016bdis maistas, sukurtas specialiai suaugusioms kat\u0117ms. Pagrindinis ingredientas \u2013 i\u0161kaulinta norvegi\u0161ka la\u0161i\u0161a, kuri u\u017etikrina auk\u0161tos kokyb\u0117s baltym\u0173 \u0161altin\u012f.\",\"breadcrumb\":{\"@id\":\"https:\\\/\\\/anivet.lt\\\/elparduotuve\\\/produktas\\\/selected-adult-cat-norvegiska-lasisa-suaugusioms-katems\\\/#breadcrumb\"},\"inLanguage\":\"lt-LT\",\"potentialAction\":[{\"@type\":\"ReadAction\",\"target\":[\"https:\\\/\\\/anivet.lt\\\/elparduotuve\\\/produktas\\\/selected-adult-cat-norvegiska-lasisa-suaugusioms-katems\\\/\"]}]},{\"@type\":\"ImageObject\",\"inLanguage\":\"lt-LT\",\"@id\":\"https:\\\/\\\/anivet.lt\\\/elparduotuve\\\/produktas\\\/selected-adult-cat-norvegiska-lasisa-suaugusioms-katems\\\/#primaryimage\",\"url\":\"https:\\\/\\\/anivet.lt\\\/elparduotuve\\\/wp-content\\\/uploads\\\/2023\\\/08\\\/No-Grain-Adult-Cat-norvegiska-lasisa.jpg\",\"contentUrl\":\"https:\\\/\\\/anivet.lt\\\/elparduotuve\\\/wp-content\\\/uploads\\\/2023\\\/08\\\/No-Grain-Adult-Cat-norvegiska-lasisa.jpg\",\"width\":1024,\"height\":1024,\"caption\":\"Nature's Variety No Grain Adult Cat (norvegi\u0161ka la\u0161i\u0161a) suaugusioms kat\u0117ms\"},{\"@type\":\"BreadcrumbList\",\"@id\":\"https:\\\/\\\/anivet.lt\\\/elparduotuve\\\/produktas\\\/selected-adult-cat-norvegiska-lasisa-suaugusioms-katems\\\/#breadcrumb\",\"itemListElement\":[{\"@type\":\"ListItem\",\"position\":1,\"name\":\"Home\",\"item\":\"https:\\\/\\\/anivet.lt\\\/elparduotuve\\\/\"},{\"@type\":\"ListItem\",\"position\":2,\"name\":\"Produktai\",\"item\":\"https:\\\/\\\/anivet.lt\\\/elparduotuve\\\/produktai\\\/\"},{\"@type\":\"ListItem\",\"position\":3,\"name\":\"Nature&#8217;s Variety No Grain Adult Cat (norvegi\u0161ka la\u0161i\u0161a) suaugusioms kat\u0117ms\"}]},{\"@type\":\"WebSite\",\"@id\":\"https:\\\/\\\/anivet.lt\\\/elparduotuve\\\/#website\",\"url\":\"https:\\\/\\\/anivet.lt\\\/elparduotuve\\\/\",\"name\":\"anivet.lt\",\"description\":\"Viskas J\u016bs\u0173 \u0161uns, kat\u0117s prie\u017ei\u016brai\",\"publisher\":{\"@id\":\"https:\\\/\\\/anivet.lt\\\/elparduotuve\\\/#organization\"},\"alternateName\":\"Viskas J\u016bs\u0173 \u0161uns, kat\u0117s prie\u017ei\u016brai\",\"potentialAction\":[{\"@type\":\"SearchAction\",\"target\":{\"@type\":\"EntryPoint\",\"urlTemplate\":\"https:\\\/\\\/anivet.lt\\\/elparduotuve\\\/?s={search_term_string}\"},\"query-input\":{\"@type\":\"PropertyValueSpecification\",\"valueRequired\":true,\"valueName\":\"search_term_string\"}}],\"inLanguage\":\"lt-LT\"},{\"@type\":\"Organization\",\"@id\":\"https:\\\/\\\/anivet.lt\\\/elparduotuve\\\/#organization\",\"name\":\"Viskas J\u016bs\u0173 \u0161uns, kat\u0117s prie\u017ei\u016brai\",\"url\":\"https:\\\/\\\/anivet.lt\\\/elparduotuve\\\/\",\"logo\":{\"@type\":\"ImageObject\",\"inLanguage\":\"lt-LT\",\"@id\":\"https:\\\/\\\/anivet.lt\\\/elparduotuve\\\/#\\\/schema\\\/logo\\\/image\\\/\",\"url\":\"https:\\\/\\\/anivet.lt\\\/elparduotuve\\\/wp-content\\\/uploads\\\/2023\\\/06\\\/logo2.jpg\",\"contentUrl\":\"https:\\\/\\\/anivet.lt\\\/elparduotuve\\\/wp-content\\\/uploads\\\/2023\\\/06\\\/logo2.jpg\",\"width\":655,\"height\":194,\"caption\":\"Viskas J\u016bs\u0173 \u0161uns, kat\u0117s prie\u017ei\u016brai\"},\"image\":{\"@id\":\"https:\\\/\\\/anivet.lt\\\/elparduotuve\\\/#\\\/schema\\\/logo\\\/image\\\/\"}}]}<\/script>\n<!-- \/ Yoast SEO Premium plugin. -->","yoast_head_json":{"title":"Nature's Variety No Grain Adult Cat (norvegi\u0161ka la\u0161i\u0161a) suaugusioms kat\u0117ms - anivet.lt","description":"Pilnai subalansuotas, begr\u016bdis maistas, sukurtas specialiai suaugusioms kat\u0117ms. Pagrindinis ingredientas \u2013 i\u0161kaulinta norvegi\u0161ka la\u0161i\u0161a, kuri u\u017etikrina auk\u0161tos kokyb\u0117s baltym\u0173 \u0161altin\u012f.","robots":{"index":"index","follow":"follow","max-snippet":"max-snippet:-1","max-image-preview":"max-image-preview:large","max-video-preview":"max-video-preview:-1"},"canonical":"https:\/\/anivet.lt\/elparduotuve\/produktas\/selected-adult-cat-norvegiska-lasisa-suaugusioms-katems\/","og_locale":"lt_LT","og_type":"article","og_title":"Nature's Variety No Grain Adult Cat (norvegi\u0161ka la\u0161i\u0161a) suaugusioms kat\u0117ms","og_description":"Pilnai subalansuotas, begr\u016bdis maistas, sukurtas specialiai suaugusioms kat\u0117ms. Pagrindinis ingredientas \u2013 i\u0161kaulinta norvegi\u0161ka la\u0161i\u0161a, kuri u\u017etikrina auk\u0161tos kokyb\u0117s baltym\u0173 \u0161altin\u012f.","og_url":"https:\/\/anivet.lt\/elparduotuve\/produktas\/selected-adult-cat-norvegiska-lasisa-suaugusioms-katems\/","og_site_name":"anivet.lt","article_modified_time":"2026-02-23T11:28:42+00:00","og_image":[{"width":1024,"height":1024,"url":"https:\/\/anivet.lt\/elparduotuve\/wp-content\/uploads\/2023\/08\/No-Grain-Adult-Cat-norvegiska-lasisa.jpg","type":"image\/jpeg"}],"twitter_card":"summary_large_image","twitter_misc":{"Est. reading time":"1 minut\u0117"},"schema":{"@context":"https:\/\/schema.org","@graph":[{"@type":"WebPage","@id":"https:\/\/anivet.lt\/elparduotuve\/produktas\/selected-adult-cat-norvegiska-lasisa-suaugusioms-katems\/","url":"https:\/\/anivet.lt\/elparduotuve\/produktas\/selected-adult-cat-norvegiska-lasisa-suaugusioms-katems\/","name":"Nature's Variety No Grain Adult Cat (norvegi\u0161ka la\u0161i\u0161a) suaugusioms kat\u0117ms - anivet.lt","isPartOf":{"@id":"https:\/\/anivet.lt\/elparduotuve\/#website"},"primaryImageOfPage":{"@id":"https:\/\/anivet.lt\/elparduotuve\/produktas\/selected-adult-cat-norvegiska-lasisa-suaugusioms-katems\/#primaryimage"},"image":{"@id":"https:\/\/anivet.lt\/elparduotuve\/produktas\/selected-adult-cat-norvegiska-lasisa-suaugusioms-katems\/#primaryimage"},"thumbnailUrl":"https:\/\/anivet.lt\/elparduotuve\/wp-content\/uploads\/2023\/08\/No-Grain-Adult-Cat-norvegiska-lasisa.jpg","datePublished":"2023-08-21T09:25:06+00:00","dateModified":"2026-02-23T11:28:42+00:00","description":"Pilnai subalansuotas, begr\u016bdis maistas, sukurtas specialiai suaugusioms kat\u0117ms. Pagrindinis ingredientas \u2013 i\u0161kaulinta norvegi\u0161ka la\u0161i\u0161a, kuri u\u017etikrina auk\u0161tos kokyb\u0117s baltym\u0173 \u0161altin\u012f.","breadcrumb":{"@id":"https:\/\/anivet.lt\/elparduotuve\/produktas\/selected-adult-cat-norvegiska-lasisa-suaugusioms-katems\/#breadcrumb"},"inLanguage":"lt-LT","potentialAction":[{"@type":"ReadAction","target":["https:\/\/anivet.lt\/elparduotuve\/produktas\/selected-adult-cat-norvegiska-lasisa-suaugusioms-katems\/"]}]},{"@type":"ImageObject","inLanguage":"lt-LT","@id":"https:\/\/anivet.lt\/elparduotuve\/produktas\/selected-adult-cat-norvegiska-lasisa-suaugusioms-katems\/#primaryimage","url":"https:\/\/anivet.lt\/elparduotuve\/wp-content\/uploads\/2023\/08\/No-Grain-Adult-Cat-norvegiska-lasisa.jpg","contentUrl":"https:\/\/anivet.lt\/elparduotuve\/wp-content\/uploads\/2023\/08\/No-Grain-Adult-Cat-norvegiska-lasisa.jpg","width":1024,"height":1024,"caption":"Nature's Variety No Grain Adult Cat (norvegi\u0161ka la\u0161i\u0161a) suaugusioms kat\u0117ms"},{"@type":"BreadcrumbList","@id":"https:\/\/anivet.lt\/elparduotuve\/produktas\/selected-adult-cat-norvegiska-lasisa-suaugusioms-katems\/#breadcrumb","itemListElement":[{"@type":"ListItem","position":1,"name":"Home","item":"https:\/\/anivet.lt\/elparduotuve\/"},{"@type":"ListItem","position":2,"name":"Produktai","item":"https:\/\/anivet.lt\/elparduotuve\/produktai\/"},{"@type":"ListItem","position":3,"name":"Nature&#8217;s Variety No Grain Adult Cat (norvegi\u0161ka la\u0161i\u0161a) suaugusioms kat\u0117ms"}]},{"@type":"WebSite","@id":"https:\/\/anivet.lt\/elparduotuve\/#website","url":"https:\/\/anivet.lt\/elparduotuve\/","name":"anivet.lt","description":"Viskas J\u016bs\u0173 \u0161uns, kat\u0117s prie\u017ei\u016brai","publisher":{"@id":"https:\/\/anivet.lt\/elparduotuve\/#organization"},"alternateName":"Viskas J\u016bs\u0173 \u0161uns, kat\u0117s prie\u017ei\u016brai","potentialAction":[{"@type":"SearchAction","target":{"@type":"EntryPoint","urlTemplate":"https:\/\/anivet.lt\/elparduotuve\/?s={search_term_string}"},"query-input":{"@type":"PropertyValueSpecification","valueRequired":true,"valueName":"search_term_string"}}],"inLanguage":"lt-LT"},{"@type":"Organization","@id":"https:\/\/anivet.lt\/elparduotuve\/#organization","name":"Viskas J\u016bs\u0173 \u0161uns, kat\u0117s prie\u017ei\u016brai","url":"https:\/\/anivet.lt\/elparduotuve\/","logo":{"@type":"ImageObject","inLanguage":"lt-LT","@id":"https:\/\/anivet.lt\/elparduotuve\/#\/schema\/logo\/image\/","url":"https:\/\/anivet.lt\/elparduotuve\/wp-content\/uploads\/2023\/06\/logo2.jpg","contentUrl":"https:\/\/anivet.lt\/elparduotuve\/wp-content\/uploads\/2023\/06\/logo2.jpg","width":655,"height":194,"caption":"Viskas J\u016bs\u0173 \u0161uns, kat\u0117s prie\u017ei\u016brai"},"image":{"@id":"https:\/\/anivet.lt\/elparduotuve\/#\/schema\/logo\/image\/"}}]}},"_links":{"self":[{"href":"https:\/\/anivet.lt\/elparduotuve\/wp-json\/wp\/v2\/product\/11060","targetHints":{"allow":["GET"]}}],"collection":[{"href":"https:\/\/anivet.lt\/elparduotuve\/wp-json\/wp\/v2\/product"}],"about":[{"href":"https:\/\/anivet.lt\/elparduotuve\/wp-json\/wp\/v2\/types\/product"}],"wp:featuredmedia":[{"embeddable":true,"href":"https:\/\/anivet.lt\/elparduotuve\/wp-json\/wp\/v2\/media\/16661"}],"wp:attachment":[{"href":"https:\/\/anivet.lt\/elparduotuve\/wp-json\/wp\/v2\/media?parent=11060"}],"wp:term":[{"taxonomy":"product_brand","embeddable":true,"href":"https:\/\/anivet.lt\/elparduotuve\/wp-json\/wp\/v2\/product_brand?post=11060"},{"taxonomy":"product_cat","embeddable":true,"href":"https:\/\/anivet.lt\/elparduotuve\/wp-json\/wp\/v2\/product_cat?post=11060"},{"taxonomy":"product_tag","embeddable":true,"href":"https:\/\/anivet.lt\/elparduotuve\/wp-json\/wp\/v2\/product_tag?post=11060"}],"curies":[{"name":"wp","href":"https:\/\/api.w.org\/{rel}","templated":true}]}}