{"id":11084,"date":"2023-08-21T12:27:28","date_gmt":"2023-08-21T12:27:28","guid":{"rendered":"https:\/\/anivet.lt\/elparduotuve\/?post_type=product&#038;p=11084"},"modified":"2025-05-27T13:16:11","modified_gmt":"2025-05-27T13:16:11","slug":"hyaloral-giant-n120-papildai-sunims","status":"publish","type":"product","link":"https:\/\/anivet.lt\/elparduotuve\/produktas\/hyaloral-giant-n120-papildai-sunims\/","title":{"rendered":"Hyaloral Giant N120 papildai \u0161unims s\u0105nari\u0173 veiklai"},"content":{"rendered":"<p><span style=\"font-weight: 400\">Klinikiniais tyrimais patvirtintas pa\u0161aro papildas skirtas palaikyti dideli\u0173 veisli\u0173 \u0161un\u0173 s\u0105nari\u0173 sveikat\u0105 ir judrum\u0105.<\/span><\/p>\n<ul>\n<li style=\"font-weight: 400\"><span style=\"font-weight: 400\">Kolagenas: Fermenti\u0161kai hidrolizuotas didelio grynumo kolagenas, kuris yra pagrindin\u0117 s\u0105nari\u0173 kremzli\u0173 sudedamoji dalis.<\/span><\/li>\n<li style=\"font-weight: 400\"><span style=\"font-weight: 400\">Gliukozaminas: Padeda i\u0161laikyti s\u0105nari\u0173 funkcionalum\u0105 ir judrum\u0105.<\/span><\/li>\n<li style=\"font-weight: 400\"><span style=\"font-weight: 400\">Hialurono r\u016bg\u0161tis: Svarbi sinoviniam skys\u010diui, u\u017etikrinan\u010diam s\u0105nari\u0173 tepim\u0105.<\/span><\/li>\n<li style=\"font-weight: 400\"><span style=\"font-weight: 400\">Chondroitino sulfatas: Stiprina sinovin\u012f skyst\u012f, gerina kremzl\u0117s b\u016bkl\u0119.<\/span><\/li>\n<li style=\"font-weight: 400\"><span style=\"font-weight: 400\">Gama oryzanolis: Nat\u016bralus antioksidantas, ma\u017einantis u\u017edegim\u0105 ir stiprinantis s\u0105narius bei sausgysles.<\/span><\/li>\n<\/ul>\n<p><span style=\"font-weight: 400\">\u201eHyaloral Giant\u201d yra idealus pasirinkimas \u0161unims, turintiems s\u0105nari\u0173 sutrikim\u0173 ar reabilituojantiems po operacij\u0173. Puikiai tinka esant osteoartritui, artritui ar displazijai. \u0160is papildas padeda regeneruoti hialinin\u0119 kremzl\u0119, ma\u017eina u\u017edegimus ir stiprina jungiamuosius audinius, prisidedant prie \u0161uns judrumo ir gyvenimo kokyb\u0117s palaikymo.<\/span><\/p>\n","protected":false},"excerpt":{"rendered":"<p>Klinikiniais tyrimais patvirtintas pa\u0161aro papildas skirtas palaikyti dideli\u0173 veisli\u0173 \u0161un\u0173 s\u0105nari\u0173 sveikat\u0105 ir judrum\u0105. Kolagenas: Fermenti\u0161kai hidrolizuotas didelio grynumo kolagenas,<\/p>\n","protected":false},"featured_media":11085,"template":"","meta":[],"product_brand":[],"product_cat":[101,113],"product_tag":[],"class_list":{"0":"post-11084","1":"product","2":"type-product","3":"status-publish","4":"has-post-thumbnail","6":"product_cat-sunims","7":"product_cat-vitaminai-ir-papildai","8":"pa_prekinis-zenklas-opko","10":"first","11":"instock","12":"taxable","13":"shipping-taxable","14":"purchasable","15":"product-type-simple"},"yoast_head":"<!-- This site is optimized with the Yoast SEO Premium plugin v27.1 (Yoast SEO v27.5) - https:\/\/yoast.com\/product\/yoast-seo-premium-wordpress\/ -->\n<title>Hyaloral Giant N120 papildai \u0161unims s\u0105nari\u0173 veiklai - anivet.lt<\/title>\n<meta name=\"description\" content=\"Klinikiniais tyrimais patvirtintas pa\u0161aro papildas skirtas palaikyti dideli\u0173 veisli\u0173 \u0161un\u0173 s\u0105nari\u0173 sveikat\u0105 ir judrum\u0105. Kolagenas: Fermenti\u0161kai\" \/>\n<meta name=\"robots\" content=\"index, follow, max-snippet:-1, max-image-preview:large, max-video-preview:-1\" \/>\n<link rel=\"canonical\" href=\"https:\/\/anivet.lt\/elparduotuve\/produktas\/hyaloral-giant-n120-papildai-sunims\/\" \/>\n<meta property=\"og:locale\" content=\"lt_LT\" \/>\n<meta property=\"og:type\" content=\"article\" \/>\n<meta property=\"og:title\" content=\"Hyaloral Giant N120 papildai \u0161unims s\u0105nari\u0173 veiklai\" \/>\n<meta property=\"og:description\" content=\"Klinikiniais tyrimais patvirtintas pa\u0161aro papildas skirtas palaikyti dideli\u0173 veisli\u0173 \u0161un\u0173 s\u0105nari\u0173 sveikat\u0105 ir judrum\u0105. Kolagenas: Fermenti\u0161kai\" \/>\n<meta property=\"og:url\" content=\"https:\/\/anivet.lt\/elparduotuve\/produktas\/hyaloral-giant-n120-papildai-sunims\/\" \/>\n<meta property=\"og:site_name\" content=\"anivet.lt\" \/>\n<meta property=\"article:modified_time\" content=\"2025-05-27T13:16:11+00:00\" \/>\n<meta property=\"og:image\" content=\"https:\/\/anivet.lt\/elparduotuve\/wp-content\/uploads\/2023\/08\/1690780225-960.png\" \/>\n\t<meta property=\"og:image:width\" content=\"1300\" \/>\n\t<meta property=\"og:image:height\" content=\"1300\" \/>\n\t<meta property=\"og:image:type\" content=\"image\/png\" \/>\n<meta name=\"twitter:card\" content=\"summary_large_image\" \/>\n<meta name=\"twitter:label1\" content=\"Est. reading time\" \/>\n\t<meta name=\"twitter:data1\" content=\"1 minut\u0117\" \/>\n<script type=\"application\/ld+json\" class=\"yoast-schema-graph\">{\"@context\":\"https:\\\/\\\/schema.org\",\"@graph\":[{\"@type\":\"WebPage\",\"@id\":\"https:\\\/\\\/anivet.lt\\\/elparduotuve\\\/produktas\\\/hyaloral-giant-n120-papildai-sunims\\\/\",\"url\":\"https:\\\/\\\/anivet.lt\\\/elparduotuve\\\/produktas\\\/hyaloral-giant-n120-papildai-sunims\\\/\",\"name\":\"Hyaloral Giant N120 papildai \u0161unims s\u0105nari\u0173 veiklai - anivet.lt\",\"isPartOf\":{\"@id\":\"https:\\\/\\\/anivet.lt\\\/elparduotuve\\\/#website\"},\"primaryImageOfPage\":{\"@id\":\"https:\\\/\\\/anivet.lt\\\/elparduotuve\\\/produktas\\\/hyaloral-giant-n120-papildai-sunims\\\/#primaryimage\"},\"image\":{\"@id\":\"https:\\\/\\\/anivet.lt\\\/elparduotuve\\\/produktas\\\/hyaloral-giant-n120-papildai-sunims\\\/#primaryimage\"},\"thumbnailUrl\":\"https:\\\/\\\/anivet.lt\\\/elparduotuve\\\/wp-content\\\/uploads\\\/2023\\\/08\\\/1690780225-960.png\",\"datePublished\":\"2023-08-21T12:27:28+00:00\",\"dateModified\":\"2025-05-27T13:16:11+00:00\",\"description\":\"Klinikiniais tyrimais patvirtintas pa\u0161aro papildas skirtas palaikyti dideli\u0173 veisli\u0173 \u0161un\u0173 s\u0105nari\u0173 sveikat\u0105 ir judrum\u0105. Kolagenas: Fermenti\u0161kai\",\"breadcrumb\":{\"@id\":\"https:\\\/\\\/anivet.lt\\\/elparduotuve\\\/produktas\\\/hyaloral-giant-n120-papildai-sunims\\\/#breadcrumb\"},\"inLanguage\":\"lt-LT\",\"potentialAction\":[{\"@type\":\"ReadAction\",\"target\":[\"https:\\\/\\\/anivet.lt\\\/elparduotuve\\\/produktas\\\/hyaloral-giant-n120-papildai-sunims\\\/\"]}]},{\"@type\":\"ImageObject\",\"inLanguage\":\"lt-LT\",\"@id\":\"https:\\\/\\\/anivet.lt\\\/elparduotuve\\\/produktas\\\/hyaloral-giant-n120-papildai-sunims\\\/#primaryimage\",\"url\":\"https:\\\/\\\/anivet.lt\\\/elparduotuve\\\/wp-content\\\/uploads\\\/2023\\\/08\\\/1690780225-960.png\",\"contentUrl\":\"https:\\\/\\\/anivet.lt\\\/elparduotuve\\\/wp-content\\\/uploads\\\/2023\\\/08\\\/1690780225-960.png\",\"width\":1300,\"height\":1300,\"caption\":\"Hyaloral Giant N120 papildai \u0161unims s\u0105nari\u0173 veiklai\"},{\"@type\":\"BreadcrumbList\",\"@id\":\"https:\\\/\\\/anivet.lt\\\/elparduotuve\\\/produktas\\\/hyaloral-giant-n120-papildai-sunims\\\/#breadcrumb\",\"itemListElement\":[{\"@type\":\"ListItem\",\"position\":1,\"name\":\"Home\",\"item\":\"https:\\\/\\\/anivet.lt\\\/elparduotuve\\\/\"},{\"@type\":\"ListItem\",\"position\":2,\"name\":\"Produktai\",\"item\":\"https:\\\/\\\/anivet.lt\\\/elparduotuve\\\/produktai\\\/\"},{\"@type\":\"ListItem\",\"position\":3,\"name\":\"Hyaloral Giant N120 papildai \u0161unims s\u0105nari\u0173 veiklai\"}]},{\"@type\":\"WebSite\",\"@id\":\"https:\\\/\\\/anivet.lt\\\/elparduotuve\\\/#website\",\"url\":\"https:\\\/\\\/anivet.lt\\\/elparduotuve\\\/\",\"name\":\"anivet.lt\",\"description\":\"Viskas J\u016bs\u0173 \u0161uns, kat\u0117s prie\u017ei\u016brai\",\"publisher\":{\"@id\":\"https:\\\/\\\/anivet.lt\\\/elparduotuve\\\/#organization\"},\"alternateName\":\"Viskas J\u016bs\u0173 \u0161uns, kat\u0117s prie\u017ei\u016brai\",\"potentialAction\":[{\"@type\":\"SearchAction\",\"target\":{\"@type\":\"EntryPoint\",\"urlTemplate\":\"https:\\\/\\\/anivet.lt\\\/elparduotuve\\\/?s={search_term_string}\"},\"query-input\":{\"@type\":\"PropertyValueSpecification\",\"valueRequired\":true,\"valueName\":\"search_term_string\"}}],\"inLanguage\":\"lt-LT\"},{\"@type\":\"Organization\",\"@id\":\"https:\\\/\\\/anivet.lt\\\/elparduotuve\\\/#organization\",\"name\":\"Viskas J\u016bs\u0173 \u0161uns, kat\u0117s prie\u017ei\u016brai\",\"url\":\"https:\\\/\\\/anivet.lt\\\/elparduotuve\\\/\",\"logo\":{\"@type\":\"ImageObject\",\"inLanguage\":\"lt-LT\",\"@id\":\"https:\\\/\\\/anivet.lt\\\/elparduotuve\\\/#\\\/schema\\\/logo\\\/image\\\/\",\"url\":\"https:\\\/\\\/anivet.lt\\\/elparduotuve\\\/wp-content\\\/uploads\\\/2023\\\/06\\\/logo2.jpg\",\"contentUrl\":\"https:\\\/\\\/anivet.lt\\\/elparduotuve\\\/wp-content\\\/uploads\\\/2023\\\/06\\\/logo2.jpg\",\"width\":655,\"height\":194,\"caption\":\"Viskas J\u016bs\u0173 \u0161uns, kat\u0117s prie\u017ei\u016brai\"},\"image\":{\"@id\":\"https:\\\/\\\/anivet.lt\\\/elparduotuve\\\/#\\\/schema\\\/logo\\\/image\\\/\"}}]}<\/script>\n<!-- \/ Yoast SEO Premium plugin. -->","yoast_head_json":{"title":"Hyaloral Giant N120 papildai \u0161unims s\u0105nari\u0173 veiklai - anivet.lt","description":"Klinikiniais tyrimais patvirtintas pa\u0161aro papildas skirtas palaikyti dideli\u0173 veisli\u0173 \u0161un\u0173 s\u0105nari\u0173 sveikat\u0105 ir judrum\u0105. Kolagenas: Fermenti\u0161kai","robots":{"index":"index","follow":"follow","max-snippet":"max-snippet:-1","max-image-preview":"max-image-preview:large","max-video-preview":"max-video-preview:-1"},"canonical":"https:\/\/anivet.lt\/elparduotuve\/produktas\/hyaloral-giant-n120-papildai-sunims\/","og_locale":"lt_LT","og_type":"article","og_title":"Hyaloral Giant N120 papildai \u0161unims s\u0105nari\u0173 veiklai","og_description":"Klinikiniais tyrimais patvirtintas pa\u0161aro papildas skirtas palaikyti dideli\u0173 veisli\u0173 \u0161un\u0173 s\u0105nari\u0173 sveikat\u0105 ir judrum\u0105. Kolagenas: Fermenti\u0161kai","og_url":"https:\/\/anivet.lt\/elparduotuve\/produktas\/hyaloral-giant-n120-papildai-sunims\/","og_site_name":"anivet.lt","article_modified_time":"2025-05-27T13:16:11+00:00","og_image":[{"width":1300,"height":1300,"url":"https:\/\/anivet.lt\/elparduotuve\/wp-content\/uploads\/2023\/08\/1690780225-960.png","type":"image\/png"}],"twitter_card":"summary_large_image","twitter_misc":{"Est. reading time":"1 minut\u0117"},"schema":{"@context":"https:\/\/schema.org","@graph":[{"@type":"WebPage","@id":"https:\/\/anivet.lt\/elparduotuve\/produktas\/hyaloral-giant-n120-papildai-sunims\/","url":"https:\/\/anivet.lt\/elparduotuve\/produktas\/hyaloral-giant-n120-papildai-sunims\/","name":"Hyaloral Giant N120 papildai \u0161unims s\u0105nari\u0173 veiklai - anivet.lt","isPartOf":{"@id":"https:\/\/anivet.lt\/elparduotuve\/#website"},"primaryImageOfPage":{"@id":"https:\/\/anivet.lt\/elparduotuve\/produktas\/hyaloral-giant-n120-papildai-sunims\/#primaryimage"},"image":{"@id":"https:\/\/anivet.lt\/elparduotuve\/produktas\/hyaloral-giant-n120-papildai-sunims\/#primaryimage"},"thumbnailUrl":"https:\/\/anivet.lt\/elparduotuve\/wp-content\/uploads\/2023\/08\/1690780225-960.png","datePublished":"2023-08-21T12:27:28+00:00","dateModified":"2025-05-27T13:16:11+00:00","description":"Klinikiniais tyrimais patvirtintas pa\u0161aro papildas skirtas palaikyti dideli\u0173 veisli\u0173 \u0161un\u0173 s\u0105nari\u0173 sveikat\u0105 ir judrum\u0105. Kolagenas: Fermenti\u0161kai","breadcrumb":{"@id":"https:\/\/anivet.lt\/elparduotuve\/produktas\/hyaloral-giant-n120-papildai-sunims\/#breadcrumb"},"inLanguage":"lt-LT","potentialAction":[{"@type":"ReadAction","target":["https:\/\/anivet.lt\/elparduotuve\/produktas\/hyaloral-giant-n120-papildai-sunims\/"]}]},{"@type":"ImageObject","inLanguage":"lt-LT","@id":"https:\/\/anivet.lt\/elparduotuve\/produktas\/hyaloral-giant-n120-papildai-sunims\/#primaryimage","url":"https:\/\/anivet.lt\/elparduotuve\/wp-content\/uploads\/2023\/08\/1690780225-960.png","contentUrl":"https:\/\/anivet.lt\/elparduotuve\/wp-content\/uploads\/2023\/08\/1690780225-960.png","width":1300,"height":1300,"caption":"Hyaloral Giant N120 papildai \u0161unims s\u0105nari\u0173 veiklai"},{"@type":"BreadcrumbList","@id":"https:\/\/anivet.lt\/elparduotuve\/produktas\/hyaloral-giant-n120-papildai-sunims\/#breadcrumb","itemListElement":[{"@type":"ListItem","position":1,"name":"Home","item":"https:\/\/anivet.lt\/elparduotuve\/"},{"@type":"ListItem","position":2,"name":"Produktai","item":"https:\/\/anivet.lt\/elparduotuve\/produktai\/"},{"@type":"ListItem","position":3,"name":"Hyaloral Giant N120 papildai \u0161unims s\u0105nari\u0173 veiklai"}]},{"@type":"WebSite","@id":"https:\/\/anivet.lt\/elparduotuve\/#website","url":"https:\/\/anivet.lt\/elparduotuve\/","name":"anivet.lt","description":"Viskas J\u016bs\u0173 \u0161uns, kat\u0117s prie\u017ei\u016brai","publisher":{"@id":"https:\/\/anivet.lt\/elparduotuve\/#organization"},"alternateName":"Viskas J\u016bs\u0173 \u0161uns, kat\u0117s prie\u017ei\u016brai","potentialAction":[{"@type":"SearchAction","target":{"@type":"EntryPoint","urlTemplate":"https:\/\/anivet.lt\/elparduotuve\/?s={search_term_string}"},"query-input":{"@type":"PropertyValueSpecification","valueRequired":true,"valueName":"search_term_string"}}],"inLanguage":"lt-LT"},{"@type":"Organization","@id":"https:\/\/anivet.lt\/elparduotuve\/#organization","name":"Viskas J\u016bs\u0173 \u0161uns, kat\u0117s prie\u017ei\u016brai","url":"https:\/\/anivet.lt\/elparduotuve\/","logo":{"@type":"ImageObject","inLanguage":"lt-LT","@id":"https:\/\/anivet.lt\/elparduotuve\/#\/schema\/logo\/image\/","url":"https:\/\/anivet.lt\/elparduotuve\/wp-content\/uploads\/2023\/06\/logo2.jpg","contentUrl":"https:\/\/anivet.lt\/elparduotuve\/wp-content\/uploads\/2023\/06\/logo2.jpg","width":655,"height":194,"caption":"Viskas J\u016bs\u0173 \u0161uns, kat\u0117s prie\u017ei\u016brai"},"image":{"@id":"https:\/\/anivet.lt\/elparduotuve\/#\/schema\/logo\/image\/"}}]}},"_links":{"self":[{"href":"https:\/\/anivet.lt\/elparduotuve\/wp-json\/wp\/v2\/product\/11084","targetHints":{"allow":["GET"]}}],"collection":[{"href":"https:\/\/anivet.lt\/elparduotuve\/wp-json\/wp\/v2\/product"}],"about":[{"href":"https:\/\/anivet.lt\/elparduotuve\/wp-json\/wp\/v2\/types\/product"}],"wp:featuredmedia":[{"embeddable":true,"href":"https:\/\/anivet.lt\/elparduotuve\/wp-json\/wp\/v2\/media\/11085"}],"wp:attachment":[{"href":"https:\/\/anivet.lt\/elparduotuve\/wp-json\/wp\/v2\/media?parent=11084"}],"wp:term":[{"taxonomy":"product_brand","embeddable":true,"href":"https:\/\/anivet.lt\/elparduotuve\/wp-json\/wp\/v2\/product_brand?post=11084"},{"taxonomy":"product_cat","embeddable":true,"href":"https:\/\/anivet.lt\/elparduotuve\/wp-json\/wp\/v2\/product_cat?post=11084"},{"taxonomy":"product_tag","embeddable":true,"href":"https:\/\/anivet.lt\/elparduotuve\/wp-json\/wp\/v2\/product_tag?post=11084"}],"curies":[{"name":"wp","href":"https:\/\/api.w.org\/{rel}","templated":true}]}}