{"id":11095,"date":"2023-08-21T13:23:19","date_gmt":"2023-08-21T13:23:19","guid":{"rendered":"https:\/\/anivet.lt\/elparduotuve\/?post_type=product&#038;p=11095"},"modified":"2026-04-23T15:40:58","modified_gmt":"2026-04-23T15:40:58","slug":"vitaderm-200-ml-papildas-sunims-ir-katems","status":"publish","type":"product","link":"https:\/\/anivet.lt\/elparduotuve\/produktas\/vitaderm-200-ml-papildas-sunims-ir-katems\/","title":{"rendered":"VITADERM 200 ml papildas \u0161unims ir kat\u0117ms"},"content":{"rendered":"<p><span style=\"font-weight: 400\">Nat\u016bralus ir biologi\u0161kai aktyvus pa\u0161aro papildas, skirtas \u0161unims ir kat\u0117ms, siekiant u\u017etikrinti sveik\u0105 od\u0105 ir spindint\u012f kail\u012f. Jis teigiamai veikia odos ir kaul\u0173 med\u017eiag\u0173 apykait\u0105, palaiko nat\u016brali\u0105 odos apsaug\u0105, ma\u017eina u\u017edegiminius procesus ir stabdo plauk\u0173 slinkim\u0105.<\/span><\/p>\n<ul>\n<li style=\"font-weight: 400\"><span style=\"font-weight: 400\">Palaiko sveik\u0105 od\u0105: Padeda kovoti su sausa, pleiskanota oda ir u\u017etikrina nat\u016brali\u0105 odos apsaug\u0105.<\/span><\/li>\n<li style=\"font-weight: 400\"><span style=\"font-weight: 400\">Ma\u017eina plauk\u0173 slinkim\u0105: Prisideda prie tankaus ir stipraus kailio augimo.<\/span><\/li>\n<li style=\"font-weight: 400\"><span style=\"font-weight: 400\">Reguliuoja med\u017eiag\u0173 apykait\u0105: Teigiamai veikia odos ir kaul\u0173 audini\u0173 apykait\u0105, ypa\u010d vyresnio am\u017eiaus gyv\u016bnams.<\/span><\/li>\n<li style=\"font-weight: 400\"><span style=\"font-weight: 400\">Apsauga nuo odos lig\u0173: Tinka gyv\u016bnams, linkusiems \u012f odos infekcijas, egzemas ir daugiafrakcines odos problemas.<\/span><\/li>\n<li style=\"font-weight: 400\"><span style=\"font-weight: 400\">Omega-3 ir Omega-6 riebal\u0173 r\u016bg\u0161tys: U\u017etikrina reikiam\u0105 neso\u010di\u0173j\u0173 riebal\u0173 r\u016bg\u0161\u010di\u0173 kiek\u012f, b\u016btinas sveikai odos funkcijai ir strukt\u016brai.<\/span><\/li>\n<\/ul>\n<p><span style=\"font-weight: 400\">\u0160is papildas yra puikus sprendimas \u0161unims ir kat\u0117ms, kuriems reikia papildomos odos ir kailio prie\u017ei\u016bros. Jo nat\u016bral\u016bs ingredientai padeda palaikyti sveik\u0105 od\u0105, blizgant\u012f kail\u012f ir ma\u017eina u\u017edegiminius procesus, u\u017etikrinant augintinio komfort\u0105 ir sveikat\u0105.<\/span><\/p>\n","protected":false},"excerpt":{"rendered":"<p>Nat\u016bralus ir biologi\u0161kai aktyvus pa\u0161aro papildas, skirtas \u0161unims ir kat\u0117ms, siekiant u\u017etikrinti sveik\u0105 od\u0105 ir spindint\u012f kail\u012f. Jis teigiamai veikia<\/p>\n","protected":false},"featured_media":11096,"template":"","meta":[],"product_brand":[],"product_cat":[101,102,113,124],"product_tag":[],"class_list":{"0":"post-11095","1":"product","2":"type-product","3":"status-publish","4":"has-post-thumbnail","6":"product_cat-sunims","7":"product_cat-katems","8":"product_cat-vitaminai-ir-papildai","9":"product_cat-vitaminai-ir-papildai-katems","10":"pa_prekinis-zenklas-vitaderm","12":"first","13":"instock","14":"taxable","15":"shipping-taxable","16":"purchasable","17":"product-type-simple"},"yoast_head":"<!-- This site is optimized with the Yoast SEO Premium plugin v27.1 (Yoast SEO v27.5) - https:\/\/yoast.com\/product\/yoast-seo-premium-wordpress\/ -->\n<title>VITADERM 200 ml papildas \u0161unims ir kat\u0117ms - anivet.lt<\/title>\n<meta name=\"description\" content=\"Nat\u016bralus ir biologi\u0161kai aktyvus pa\u0161aro papildas, skirtas \u0161unims ir kat\u0117ms, siekiant u\u017etikrinti sveik\u0105 od\u0105 ir spindint\u012f kail\u012f. Jis teigiamai veikia odos\" \/>\n<meta name=\"robots\" content=\"index, follow, max-snippet:-1, max-image-preview:large, max-video-preview:-1\" \/>\n<link rel=\"canonical\" href=\"https:\/\/anivet.lt\/elparduotuve\/produktas\/vitaderm-200-ml-papildas-sunims-ir-katems\/\" \/>\n<meta property=\"og:locale\" content=\"lt_LT\" \/>\n<meta property=\"og:type\" content=\"article\" \/>\n<meta property=\"og:title\" content=\"VITADERM 200 ml papildas \u0161unims ir kat\u0117ms\" \/>\n<meta property=\"og:description\" content=\"Nat\u016bralus ir biologi\u0161kai aktyvus pa\u0161aro papildas, skirtas \u0161unims ir kat\u0117ms, siekiant u\u017etikrinti sveik\u0105 od\u0105 ir spindint\u012f kail\u012f. Jis teigiamai veikia odos\" \/>\n<meta property=\"og:url\" content=\"https:\/\/anivet.lt\/elparduotuve\/produktas\/vitaderm-200-ml-papildas-sunims-ir-katems\/\" \/>\n<meta property=\"og:site_name\" content=\"anivet.lt\" \/>\n<meta property=\"article:modified_time\" content=\"2026-04-23T15:40:58+00:00\" \/>\n<meta property=\"og:image\" content=\"https:\/\/anivet.lt\/elparduotuve\/wp-content\/uploads\/2023\/08\/vitaderm.jpg\" \/>\n\t<meta property=\"og:image:width\" content=\"600\" \/>\n\t<meta property=\"og:image:height\" content=\"776\" \/>\n\t<meta property=\"og:image:type\" content=\"image\/jpeg\" \/>\n<meta name=\"twitter:card\" content=\"summary_large_image\" \/>\n<meta name=\"twitter:label1\" content=\"Est. reading time\" \/>\n\t<meta name=\"twitter:data1\" content=\"1 minut\u0117\" \/>\n<script type=\"application\/ld+json\" class=\"yoast-schema-graph\">{\"@context\":\"https:\\\/\\\/schema.org\",\"@graph\":[{\"@type\":\"WebPage\",\"@id\":\"https:\\\/\\\/anivet.lt\\\/elparduotuve\\\/produktas\\\/vitaderm-200-ml-papildas-sunims-ir-katems\\\/\",\"url\":\"https:\\\/\\\/anivet.lt\\\/elparduotuve\\\/produktas\\\/vitaderm-200-ml-papildas-sunims-ir-katems\\\/\",\"name\":\"VITADERM 200 ml papildas \u0161unims ir kat\u0117ms - anivet.lt\",\"isPartOf\":{\"@id\":\"https:\\\/\\\/anivet.lt\\\/elparduotuve\\\/#website\"},\"primaryImageOfPage\":{\"@id\":\"https:\\\/\\\/anivet.lt\\\/elparduotuve\\\/produktas\\\/vitaderm-200-ml-papildas-sunims-ir-katems\\\/#primaryimage\"},\"image\":{\"@id\":\"https:\\\/\\\/anivet.lt\\\/elparduotuve\\\/produktas\\\/vitaderm-200-ml-papildas-sunims-ir-katems\\\/#primaryimage\"},\"thumbnailUrl\":\"https:\\\/\\\/anivet.lt\\\/elparduotuve\\\/wp-content\\\/uploads\\\/2023\\\/08\\\/vitaderm.jpg\",\"datePublished\":\"2023-08-21T13:23:19+00:00\",\"dateModified\":\"2026-04-23T15:40:58+00:00\",\"description\":\"Nat\u016bralus ir biologi\u0161kai aktyvus pa\u0161aro papildas, skirtas \u0161unims ir kat\u0117ms, siekiant u\u017etikrinti sveik\u0105 od\u0105 ir spindint\u012f kail\u012f. Jis teigiamai veikia odos\",\"breadcrumb\":{\"@id\":\"https:\\\/\\\/anivet.lt\\\/elparduotuve\\\/produktas\\\/vitaderm-200-ml-papildas-sunims-ir-katems\\\/#breadcrumb\"},\"inLanguage\":\"lt-LT\",\"potentialAction\":[{\"@type\":\"ReadAction\",\"target\":[\"https:\\\/\\\/anivet.lt\\\/elparduotuve\\\/produktas\\\/vitaderm-200-ml-papildas-sunims-ir-katems\\\/\"]}]},{\"@type\":\"ImageObject\",\"inLanguage\":\"lt-LT\",\"@id\":\"https:\\\/\\\/anivet.lt\\\/elparduotuve\\\/produktas\\\/vitaderm-200-ml-papildas-sunims-ir-katems\\\/#primaryimage\",\"url\":\"https:\\\/\\\/anivet.lt\\\/elparduotuve\\\/wp-content\\\/uploads\\\/2023\\\/08\\\/vitaderm.jpg\",\"contentUrl\":\"https:\\\/\\\/anivet.lt\\\/elparduotuve\\\/wp-content\\\/uploads\\\/2023\\\/08\\\/vitaderm.jpg\",\"width\":600,\"height\":776,\"caption\":\"VITADERM 200 ml papildas \u0161unims ir kat\u0117ms\"},{\"@type\":\"BreadcrumbList\",\"@id\":\"https:\\\/\\\/anivet.lt\\\/elparduotuve\\\/produktas\\\/vitaderm-200-ml-papildas-sunims-ir-katems\\\/#breadcrumb\",\"itemListElement\":[{\"@type\":\"ListItem\",\"position\":1,\"name\":\"Home\",\"item\":\"https:\\\/\\\/anivet.lt\\\/elparduotuve\\\/\"},{\"@type\":\"ListItem\",\"position\":2,\"name\":\"Produktai\",\"item\":\"https:\\\/\\\/anivet.lt\\\/elparduotuve\\\/produktai\\\/\"},{\"@type\":\"ListItem\",\"position\":3,\"name\":\"VITADERM 200 ml papildas \u0161unims ir kat\u0117ms\"}]},{\"@type\":\"WebSite\",\"@id\":\"https:\\\/\\\/anivet.lt\\\/elparduotuve\\\/#website\",\"url\":\"https:\\\/\\\/anivet.lt\\\/elparduotuve\\\/\",\"name\":\"anivet.lt\",\"description\":\"Viskas J\u016bs\u0173 \u0161uns, kat\u0117s prie\u017ei\u016brai\",\"publisher\":{\"@id\":\"https:\\\/\\\/anivet.lt\\\/elparduotuve\\\/#organization\"},\"alternateName\":\"Viskas J\u016bs\u0173 \u0161uns, kat\u0117s prie\u017ei\u016brai\",\"potentialAction\":[{\"@type\":\"SearchAction\",\"target\":{\"@type\":\"EntryPoint\",\"urlTemplate\":\"https:\\\/\\\/anivet.lt\\\/elparduotuve\\\/?s={search_term_string}\"},\"query-input\":{\"@type\":\"PropertyValueSpecification\",\"valueRequired\":true,\"valueName\":\"search_term_string\"}}],\"inLanguage\":\"lt-LT\"},{\"@type\":\"Organization\",\"@id\":\"https:\\\/\\\/anivet.lt\\\/elparduotuve\\\/#organization\",\"name\":\"Viskas J\u016bs\u0173 \u0161uns, kat\u0117s prie\u017ei\u016brai\",\"url\":\"https:\\\/\\\/anivet.lt\\\/elparduotuve\\\/\",\"logo\":{\"@type\":\"ImageObject\",\"inLanguage\":\"lt-LT\",\"@id\":\"https:\\\/\\\/anivet.lt\\\/elparduotuve\\\/#\\\/schema\\\/logo\\\/image\\\/\",\"url\":\"https:\\\/\\\/anivet.lt\\\/elparduotuve\\\/wp-content\\\/uploads\\\/2023\\\/06\\\/logo2.jpg\",\"contentUrl\":\"https:\\\/\\\/anivet.lt\\\/elparduotuve\\\/wp-content\\\/uploads\\\/2023\\\/06\\\/logo2.jpg\",\"width\":655,\"height\":194,\"caption\":\"Viskas J\u016bs\u0173 \u0161uns, kat\u0117s prie\u017ei\u016brai\"},\"image\":{\"@id\":\"https:\\\/\\\/anivet.lt\\\/elparduotuve\\\/#\\\/schema\\\/logo\\\/image\\\/\"}}]}<\/script>\n<!-- \/ Yoast SEO Premium plugin. -->","yoast_head_json":{"title":"VITADERM 200 ml papildas \u0161unims ir kat\u0117ms - anivet.lt","description":"Nat\u016bralus ir biologi\u0161kai aktyvus pa\u0161aro papildas, skirtas \u0161unims ir kat\u0117ms, siekiant u\u017etikrinti sveik\u0105 od\u0105 ir spindint\u012f kail\u012f. Jis teigiamai veikia odos","robots":{"index":"index","follow":"follow","max-snippet":"max-snippet:-1","max-image-preview":"max-image-preview:large","max-video-preview":"max-video-preview:-1"},"canonical":"https:\/\/anivet.lt\/elparduotuve\/produktas\/vitaderm-200-ml-papildas-sunims-ir-katems\/","og_locale":"lt_LT","og_type":"article","og_title":"VITADERM 200 ml papildas \u0161unims ir kat\u0117ms","og_description":"Nat\u016bralus ir biologi\u0161kai aktyvus pa\u0161aro papildas, skirtas \u0161unims ir kat\u0117ms, siekiant u\u017etikrinti sveik\u0105 od\u0105 ir spindint\u012f kail\u012f. Jis teigiamai veikia odos","og_url":"https:\/\/anivet.lt\/elparduotuve\/produktas\/vitaderm-200-ml-papildas-sunims-ir-katems\/","og_site_name":"anivet.lt","article_modified_time":"2026-04-23T15:40:58+00:00","og_image":[{"width":600,"height":776,"url":"https:\/\/anivet.lt\/elparduotuve\/wp-content\/uploads\/2023\/08\/vitaderm.jpg","type":"image\/jpeg"}],"twitter_card":"summary_large_image","twitter_misc":{"Est. reading time":"1 minut\u0117"},"schema":{"@context":"https:\/\/schema.org","@graph":[{"@type":"WebPage","@id":"https:\/\/anivet.lt\/elparduotuve\/produktas\/vitaderm-200-ml-papildas-sunims-ir-katems\/","url":"https:\/\/anivet.lt\/elparduotuve\/produktas\/vitaderm-200-ml-papildas-sunims-ir-katems\/","name":"VITADERM 200 ml papildas \u0161unims ir kat\u0117ms - anivet.lt","isPartOf":{"@id":"https:\/\/anivet.lt\/elparduotuve\/#website"},"primaryImageOfPage":{"@id":"https:\/\/anivet.lt\/elparduotuve\/produktas\/vitaderm-200-ml-papildas-sunims-ir-katems\/#primaryimage"},"image":{"@id":"https:\/\/anivet.lt\/elparduotuve\/produktas\/vitaderm-200-ml-papildas-sunims-ir-katems\/#primaryimage"},"thumbnailUrl":"https:\/\/anivet.lt\/elparduotuve\/wp-content\/uploads\/2023\/08\/vitaderm.jpg","datePublished":"2023-08-21T13:23:19+00:00","dateModified":"2026-04-23T15:40:58+00:00","description":"Nat\u016bralus ir biologi\u0161kai aktyvus pa\u0161aro papildas, skirtas \u0161unims ir kat\u0117ms, siekiant u\u017etikrinti sveik\u0105 od\u0105 ir spindint\u012f kail\u012f. Jis teigiamai veikia odos","breadcrumb":{"@id":"https:\/\/anivet.lt\/elparduotuve\/produktas\/vitaderm-200-ml-papildas-sunims-ir-katems\/#breadcrumb"},"inLanguage":"lt-LT","potentialAction":[{"@type":"ReadAction","target":["https:\/\/anivet.lt\/elparduotuve\/produktas\/vitaderm-200-ml-papildas-sunims-ir-katems\/"]}]},{"@type":"ImageObject","inLanguage":"lt-LT","@id":"https:\/\/anivet.lt\/elparduotuve\/produktas\/vitaderm-200-ml-papildas-sunims-ir-katems\/#primaryimage","url":"https:\/\/anivet.lt\/elparduotuve\/wp-content\/uploads\/2023\/08\/vitaderm.jpg","contentUrl":"https:\/\/anivet.lt\/elparduotuve\/wp-content\/uploads\/2023\/08\/vitaderm.jpg","width":600,"height":776,"caption":"VITADERM 200 ml papildas \u0161unims ir kat\u0117ms"},{"@type":"BreadcrumbList","@id":"https:\/\/anivet.lt\/elparduotuve\/produktas\/vitaderm-200-ml-papildas-sunims-ir-katems\/#breadcrumb","itemListElement":[{"@type":"ListItem","position":1,"name":"Home","item":"https:\/\/anivet.lt\/elparduotuve\/"},{"@type":"ListItem","position":2,"name":"Produktai","item":"https:\/\/anivet.lt\/elparduotuve\/produktai\/"},{"@type":"ListItem","position":3,"name":"VITADERM 200 ml papildas \u0161unims ir kat\u0117ms"}]},{"@type":"WebSite","@id":"https:\/\/anivet.lt\/elparduotuve\/#website","url":"https:\/\/anivet.lt\/elparduotuve\/","name":"anivet.lt","description":"Viskas J\u016bs\u0173 \u0161uns, kat\u0117s prie\u017ei\u016brai","publisher":{"@id":"https:\/\/anivet.lt\/elparduotuve\/#organization"},"alternateName":"Viskas J\u016bs\u0173 \u0161uns, kat\u0117s prie\u017ei\u016brai","potentialAction":[{"@type":"SearchAction","target":{"@type":"EntryPoint","urlTemplate":"https:\/\/anivet.lt\/elparduotuve\/?s={search_term_string}"},"query-input":{"@type":"PropertyValueSpecification","valueRequired":true,"valueName":"search_term_string"}}],"inLanguage":"lt-LT"},{"@type":"Organization","@id":"https:\/\/anivet.lt\/elparduotuve\/#organization","name":"Viskas J\u016bs\u0173 \u0161uns, kat\u0117s prie\u017ei\u016brai","url":"https:\/\/anivet.lt\/elparduotuve\/","logo":{"@type":"ImageObject","inLanguage":"lt-LT","@id":"https:\/\/anivet.lt\/elparduotuve\/#\/schema\/logo\/image\/","url":"https:\/\/anivet.lt\/elparduotuve\/wp-content\/uploads\/2023\/06\/logo2.jpg","contentUrl":"https:\/\/anivet.lt\/elparduotuve\/wp-content\/uploads\/2023\/06\/logo2.jpg","width":655,"height":194,"caption":"Viskas J\u016bs\u0173 \u0161uns, kat\u0117s prie\u017ei\u016brai"},"image":{"@id":"https:\/\/anivet.lt\/elparduotuve\/#\/schema\/logo\/image\/"}}]}},"_links":{"self":[{"href":"https:\/\/anivet.lt\/elparduotuve\/wp-json\/wp\/v2\/product\/11095","targetHints":{"allow":["GET"]}}],"collection":[{"href":"https:\/\/anivet.lt\/elparduotuve\/wp-json\/wp\/v2\/product"}],"about":[{"href":"https:\/\/anivet.lt\/elparduotuve\/wp-json\/wp\/v2\/types\/product"}],"wp:featuredmedia":[{"embeddable":true,"href":"https:\/\/anivet.lt\/elparduotuve\/wp-json\/wp\/v2\/media\/11096"}],"wp:attachment":[{"href":"https:\/\/anivet.lt\/elparduotuve\/wp-json\/wp\/v2\/media?parent=11095"}],"wp:term":[{"taxonomy":"product_brand","embeddable":true,"href":"https:\/\/anivet.lt\/elparduotuve\/wp-json\/wp\/v2\/product_brand?post=11095"},{"taxonomy":"product_cat","embeddable":true,"href":"https:\/\/anivet.lt\/elparduotuve\/wp-json\/wp\/v2\/product_cat?post=11095"},{"taxonomy":"product_tag","embeddable":true,"href":"https:\/\/anivet.lt\/elparduotuve\/wp-json\/wp\/v2\/product_tag?post=11095"}],"curies":[{"name":"wp","href":"https:\/\/api.w.org\/{rel}","templated":true}]}}