{"id":11181,"date":"2023-08-23T08:25:25","date_gmt":"2023-08-23T08:25:25","guid":{"rendered":"https:\/\/anivet.lt\/elparduotuve\/?post_type=product&#038;p=11181"},"modified":"2025-06-26T10:02:52","modified_gmt":"2025-06-26T10:02:52","slug":"selected-mini-adult-lasisa-suaugusiems-sunims","status":"publish","type":"product","link":"https:\/\/anivet.lt\/elparduotuve\/produktas\/selected-mini-adult-lasisa-suaugusiems-sunims\/","title":{"rendered":"Nature&#8217;s Variety Selected Mini Adult (la\u0161i\u0161a) suaugusiems \u0161unims"},"content":{"rendered":"<ul>\n<li style=\"font-weight: 400;\" aria-level=\"1\"><span style=\"font-weight: 400;\">Auk\u0161tos kokyb\u0117s la\u0161i\u0161a: Norvegi\u0161ka la\u0161i\u0161a (30%) ir tun\u0173 baltymai (20%) suteikia lengvai vir\u0161kinamus baltymus raumen\u0173 palaikymui.<\/span><\/li>\n<li style=\"font-weight: 400;\" aria-level=\"1\"><span style=\"font-weight: 400;\">Be gr\u016bd\u0173: Puikiai tinka jautriems \u0161unims, kuriems reikalinga mityba be gr\u016bd\u0173.<\/span><\/li>\n<li style=\"font-weight: 400;\" aria-level=\"1\"><span style=\"font-weight: 400;\">Dar\u017eovi\u0173 ir vaisi\u0173 derinys: Sud\u0117tyje yra mork\u0173, brokoli\u0173 ir obuoli\u0173, kurie suteikia antioksidant\u0173 ir svarbi\u0173 vitamin\u0173.<\/span><\/li>\n<li style=\"font-weight: 400;\" aria-level=\"1\"><span style=\"font-weight: 400;\">Omega riebal\u0173 r\u016bg\u0161tys: Omega-3 ir Omega-6 r\u016bg\u0161tys palaiko sveik\u0105 od\u0105, blizgant\u012f kail\u012f ir bendr\u0105 imunin\u0117s sistemos stiprum\u0105.<\/span><\/li>\n<li style=\"font-weight: 400;\" aria-level=\"1\"><span style=\"font-weight: 400;\">Nat\u016bral\u016bs ingredientai: Cikorijos \u0161aknis ir rozmarinas skatina geresn\u012f vir\u0161kinim\u0105 ir nat\u016brali\u0105 organizmo apsaug\u0105.<\/span><\/li>\n<\/ul>\n<p><span style=\"font-weight: 400;\">\u0160is pa\u0161aras ne tik u\u017etikrina auk\u0161t\u0105 energijos lyg\u012f, bet ir padeda i\u0161laikyti j\u016bs\u0173 \u0161uns sveikat\u0105 bei blizgant\u012f kail\u012f. Idealus pasirinkimas ma\u017e\u0173 veisli\u0173 \u0161unims, kuriems reikalinga ypatinga mityba ir i\u0161skirtin\u0117 kokyb\u0117.<\/span><\/p>\n","protected":false},"excerpt":{"rendered":"<p><span style=\"font-weight: 400;\">Begr\u016bdis ir pilnai subalansuotas maistas, specialiai sukurtas ma\u017e\u0173 veisli\u0173 suaugusiems \u0161unims. Pagrindinis ingredientas \u2013 norvegi\u0161ka la\u0161i\u0161a, u\u017etikrinanti auk\u0161tos kokyb\u0117s baltymus ir sveik\u0105 mityb\u0105. Praturtintas dar\u017eov\u0117mis, vaisiais ir nat\u016braliais alternatyvi\u0173 angliavandeni\u0173 \u0161altiniais, \u0161is pa\u0161aras palaiko ger\u0105 \u0161uns savijaut\u0105.<\/span><\/p>\n","protected":false},"featured_media":11158,"template":"","meta":[],"product_brand":[],"product_cat":[101,103,104,335],"product_tag":[],"class_list":{"0":"post-11181","1":"product","2":"type-product","3":"status-publish","4":"has-post-thumbnail","6":"product_cat-sunims","7":"product_cat-sunu-maistas","8":"product_cat-sausas-maistas","9":"product_cat-natures-variety-sunu-maistas","10":"pa_prekinis-zenklas-natures-variety","12":"first","13":"outofstock","14":"taxable","15":"shipping-taxable","16":"purchasable","17":"product-type-simple"},"yoast_head":"<!-- This site is optimized with the Yoast SEO Premium plugin v27.1 (Yoast SEO v27.5) - https:\/\/yoast.com\/product\/yoast-seo-premium-wordpress\/ -->\n<title>Nature&#039;s Variety Selected Mini Adult (la\u0161i\u0161a) suaugusiems \u0161unims - anivet.lt<\/title>\n<meta name=\"description\" content=\"Begr\u016bdis ir pilnai subalansuotas maistas, specialiai sukurtas ma\u017e\u0173 veisli\u0173 suaugusiems \u0161unims. Pagrindinis ingredientas \u2013 norvegi\u0161ka la\u0161i\u0161a, u\u017etikrinanti auk\u0161tos kokyb\u0117s baltymus ir sveik\u0105 mityb\u0105. Praturtintas dar\u017eov\u0117mis, vaisiais ir nat\u016braliais alternatyvi\u0173 angliavandeni\u0173 \u0161altiniais, \u0161is pa\u0161aras palaiko ger\u0105 \u0161uns savijaut\u0105.\" \/>\n<meta name=\"robots\" content=\"index, follow, max-snippet:-1, max-image-preview:large, max-video-preview:-1\" \/>\n<link rel=\"canonical\" href=\"https:\/\/anivet.lt\/elparduotuve\/produktas\/selected-mini-adult-lasisa-suaugusiems-sunims\/\" \/>\n<meta property=\"og:locale\" content=\"lt_LT\" \/>\n<meta property=\"og:type\" content=\"article\" \/>\n<meta property=\"og:title\" content=\"Nature&#039;s Variety Selected Mini Adult (la\u0161i\u0161a) suaugusiems \u0161unims\" \/>\n<meta property=\"og:description\" content=\"Begr\u016bdis ir pilnai subalansuotas maistas, specialiai sukurtas ma\u017e\u0173 veisli\u0173 suaugusiems \u0161unims. Pagrindinis ingredientas \u2013 norvegi\u0161ka la\u0161i\u0161a, u\u017etikrinanti auk\u0161tos kokyb\u0117s baltymus ir sveik\u0105 mityb\u0105. Praturtintas dar\u017eov\u0117mis, vaisiais ir nat\u016braliais alternatyvi\u0173 angliavandeni\u0173 \u0161altiniais, \u0161is pa\u0161aras palaiko ger\u0105 \u0161uns savijaut\u0105.\" \/>\n<meta property=\"og:url\" content=\"https:\/\/anivet.lt\/elparduotuve\/produktas\/selected-mini-adult-lasisa-suaugusiems-sunims\/\" \/>\n<meta property=\"og:site_name\" content=\"anivet.lt\" \/>\n<meta property=\"article:modified_time\" content=\"2025-06-26T10:02:52+00:00\" \/>\n<meta property=\"og:image\" content=\"https:\/\/anivet.lt\/elparduotuve\/wp-content\/uploads\/2023\/08\/15kg-SELECTED-MINI-ADULT-lasisa.png\" \/>\n\t<meta property=\"og:image:width\" content=\"1108\" \/>\n\t<meta property=\"og:image:height\" content=\"1500\" \/>\n\t<meta property=\"og:image:type\" content=\"image\/png\" \/>\n<meta name=\"twitter:card\" content=\"summary_large_image\" \/>\n<meta name=\"twitter:label1\" content=\"Est. reading time\" \/>\n\t<meta name=\"twitter:data1\" content=\"1 minut\u0117\" \/>\n<script type=\"application\/ld+json\" class=\"yoast-schema-graph\">{\"@context\":\"https:\\\/\\\/schema.org\",\"@graph\":[{\"@type\":\"WebPage\",\"@id\":\"https:\\\/\\\/anivet.lt\\\/elparduotuve\\\/produktas\\\/selected-mini-adult-lasisa-suaugusiems-sunims\\\/\",\"url\":\"https:\\\/\\\/anivet.lt\\\/elparduotuve\\\/produktas\\\/selected-mini-adult-lasisa-suaugusiems-sunims\\\/\",\"name\":\"Nature's Variety Selected Mini Adult (la\u0161i\u0161a) suaugusiems \u0161unims - anivet.lt\",\"isPartOf\":{\"@id\":\"https:\\\/\\\/anivet.lt\\\/elparduotuve\\\/#website\"},\"primaryImageOfPage\":{\"@id\":\"https:\\\/\\\/anivet.lt\\\/elparduotuve\\\/produktas\\\/selected-mini-adult-lasisa-suaugusiems-sunims\\\/#primaryimage\"},\"image\":{\"@id\":\"https:\\\/\\\/anivet.lt\\\/elparduotuve\\\/produktas\\\/selected-mini-adult-lasisa-suaugusiems-sunims\\\/#primaryimage\"},\"thumbnailUrl\":\"https:\\\/\\\/anivet.lt\\\/elparduotuve\\\/wp-content\\\/uploads\\\/2023\\\/08\\\/15kg-SELECTED-MINI-ADULT-lasisa.png\",\"datePublished\":\"2023-08-23T08:25:25+00:00\",\"dateModified\":\"2025-06-26T10:02:52+00:00\",\"description\":\"Begr\u016bdis ir pilnai subalansuotas maistas, specialiai sukurtas ma\u017e\u0173 veisli\u0173 suaugusiems \u0161unims. Pagrindinis ingredientas \u2013 norvegi\u0161ka la\u0161i\u0161a, u\u017etikrinanti auk\u0161tos kokyb\u0117s baltymus ir sveik\u0105 mityb\u0105. Praturtintas dar\u017eov\u0117mis, vaisiais ir nat\u016braliais alternatyvi\u0173 angliavandeni\u0173 \u0161altiniais, \u0161is pa\u0161aras palaiko ger\u0105 \u0161uns savijaut\u0105.\",\"breadcrumb\":{\"@id\":\"https:\\\/\\\/anivet.lt\\\/elparduotuve\\\/produktas\\\/selected-mini-adult-lasisa-suaugusiems-sunims\\\/#breadcrumb\"},\"inLanguage\":\"lt-LT\",\"potentialAction\":[{\"@type\":\"ReadAction\",\"target\":[\"https:\\\/\\\/anivet.lt\\\/elparduotuve\\\/produktas\\\/selected-mini-adult-lasisa-suaugusiems-sunims\\\/\"]}]},{\"@type\":\"ImageObject\",\"inLanguage\":\"lt-LT\",\"@id\":\"https:\\\/\\\/anivet.lt\\\/elparduotuve\\\/produktas\\\/selected-mini-adult-lasisa-suaugusiems-sunims\\\/#primaryimage\",\"url\":\"https:\\\/\\\/anivet.lt\\\/elparduotuve\\\/wp-content\\\/uploads\\\/2023\\\/08\\\/15kg-SELECTED-MINI-ADULT-lasisa.png\",\"contentUrl\":\"https:\\\/\\\/anivet.lt\\\/elparduotuve\\\/wp-content\\\/uploads\\\/2023\\\/08\\\/15kg-SELECTED-MINI-ADULT-lasisa.png\",\"width\":1108,\"height\":1500,\"caption\":\"Nature's Variety Selected Mini Adult (la\u0161i\u0161a) suaugusiems \u0161unims\"},{\"@type\":\"BreadcrumbList\",\"@id\":\"https:\\\/\\\/anivet.lt\\\/elparduotuve\\\/produktas\\\/selected-mini-adult-lasisa-suaugusiems-sunims\\\/#breadcrumb\",\"itemListElement\":[{\"@type\":\"ListItem\",\"position\":1,\"name\":\"Home\",\"item\":\"https:\\\/\\\/anivet.lt\\\/elparduotuve\\\/\"},{\"@type\":\"ListItem\",\"position\":2,\"name\":\"Produktai\",\"item\":\"https:\\\/\\\/anivet.lt\\\/elparduotuve\\\/produktai\\\/\"},{\"@type\":\"ListItem\",\"position\":3,\"name\":\"Nature&#8217;s Variety Selected Mini Adult (la\u0161i\u0161a) suaugusiems \u0161unims\"}]},{\"@type\":\"WebSite\",\"@id\":\"https:\\\/\\\/anivet.lt\\\/elparduotuve\\\/#website\",\"url\":\"https:\\\/\\\/anivet.lt\\\/elparduotuve\\\/\",\"name\":\"anivet.lt\",\"description\":\"Viskas J\u016bs\u0173 \u0161uns, kat\u0117s prie\u017ei\u016brai\",\"publisher\":{\"@id\":\"https:\\\/\\\/anivet.lt\\\/elparduotuve\\\/#organization\"},\"alternateName\":\"Viskas J\u016bs\u0173 \u0161uns, kat\u0117s prie\u017ei\u016brai\",\"potentialAction\":[{\"@type\":\"SearchAction\",\"target\":{\"@type\":\"EntryPoint\",\"urlTemplate\":\"https:\\\/\\\/anivet.lt\\\/elparduotuve\\\/?s={search_term_string}\"},\"query-input\":{\"@type\":\"PropertyValueSpecification\",\"valueRequired\":true,\"valueName\":\"search_term_string\"}}],\"inLanguage\":\"lt-LT\"},{\"@type\":\"Organization\",\"@id\":\"https:\\\/\\\/anivet.lt\\\/elparduotuve\\\/#organization\",\"name\":\"Viskas J\u016bs\u0173 \u0161uns, kat\u0117s prie\u017ei\u016brai\",\"url\":\"https:\\\/\\\/anivet.lt\\\/elparduotuve\\\/\",\"logo\":{\"@type\":\"ImageObject\",\"inLanguage\":\"lt-LT\",\"@id\":\"https:\\\/\\\/anivet.lt\\\/elparduotuve\\\/#\\\/schema\\\/logo\\\/image\\\/\",\"url\":\"https:\\\/\\\/anivet.lt\\\/elparduotuve\\\/wp-content\\\/uploads\\\/2023\\\/06\\\/logo2.jpg\",\"contentUrl\":\"https:\\\/\\\/anivet.lt\\\/elparduotuve\\\/wp-content\\\/uploads\\\/2023\\\/06\\\/logo2.jpg\",\"width\":655,\"height\":194,\"caption\":\"Viskas J\u016bs\u0173 \u0161uns, kat\u0117s prie\u017ei\u016brai\"},\"image\":{\"@id\":\"https:\\\/\\\/anivet.lt\\\/elparduotuve\\\/#\\\/schema\\\/logo\\\/image\\\/\"}}]}<\/script>\n<!-- \/ Yoast SEO Premium plugin. -->","yoast_head_json":{"title":"Nature's Variety Selected Mini Adult (la\u0161i\u0161a) suaugusiems \u0161unims - anivet.lt","description":"Begr\u016bdis ir pilnai subalansuotas maistas, specialiai sukurtas ma\u017e\u0173 veisli\u0173 suaugusiems \u0161unims. Pagrindinis ingredientas \u2013 norvegi\u0161ka la\u0161i\u0161a, u\u017etikrinanti auk\u0161tos kokyb\u0117s baltymus ir sveik\u0105 mityb\u0105. Praturtintas dar\u017eov\u0117mis, vaisiais ir nat\u016braliais alternatyvi\u0173 angliavandeni\u0173 \u0161altiniais, \u0161is pa\u0161aras palaiko ger\u0105 \u0161uns savijaut\u0105.","robots":{"index":"index","follow":"follow","max-snippet":"max-snippet:-1","max-image-preview":"max-image-preview:large","max-video-preview":"max-video-preview:-1"},"canonical":"https:\/\/anivet.lt\/elparduotuve\/produktas\/selected-mini-adult-lasisa-suaugusiems-sunims\/","og_locale":"lt_LT","og_type":"article","og_title":"Nature's Variety Selected Mini Adult (la\u0161i\u0161a) suaugusiems \u0161unims","og_description":"Begr\u016bdis ir pilnai subalansuotas maistas, specialiai sukurtas ma\u017e\u0173 veisli\u0173 suaugusiems \u0161unims. Pagrindinis ingredientas \u2013 norvegi\u0161ka la\u0161i\u0161a, u\u017etikrinanti auk\u0161tos kokyb\u0117s baltymus ir sveik\u0105 mityb\u0105. Praturtintas dar\u017eov\u0117mis, vaisiais ir nat\u016braliais alternatyvi\u0173 angliavandeni\u0173 \u0161altiniais, \u0161is pa\u0161aras palaiko ger\u0105 \u0161uns savijaut\u0105.","og_url":"https:\/\/anivet.lt\/elparduotuve\/produktas\/selected-mini-adult-lasisa-suaugusiems-sunims\/","og_site_name":"anivet.lt","article_modified_time":"2025-06-26T10:02:52+00:00","og_image":[{"width":1108,"height":1500,"url":"https:\/\/anivet.lt\/elparduotuve\/wp-content\/uploads\/2023\/08\/15kg-SELECTED-MINI-ADULT-lasisa.png","type":"image\/png"}],"twitter_card":"summary_large_image","twitter_misc":{"Est. reading time":"1 minut\u0117"},"schema":{"@context":"https:\/\/schema.org","@graph":[{"@type":"WebPage","@id":"https:\/\/anivet.lt\/elparduotuve\/produktas\/selected-mini-adult-lasisa-suaugusiems-sunims\/","url":"https:\/\/anivet.lt\/elparduotuve\/produktas\/selected-mini-adult-lasisa-suaugusiems-sunims\/","name":"Nature's Variety Selected Mini Adult (la\u0161i\u0161a) suaugusiems \u0161unims - anivet.lt","isPartOf":{"@id":"https:\/\/anivet.lt\/elparduotuve\/#website"},"primaryImageOfPage":{"@id":"https:\/\/anivet.lt\/elparduotuve\/produktas\/selected-mini-adult-lasisa-suaugusiems-sunims\/#primaryimage"},"image":{"@id":"https:\/\/anivet.lt\/elparduotuve\/produktas\/selected-mini-adult-lasisa-suaugusiems-sunims\/#primaryimage"},"thumbnailUrl":"https:\/\/anivet.lt\/elparduotuve\/wp-content\/uploads\/2023\/08\/15kg-SELECTED-MINI-ADULT-lasisa.png","datePublished":"2023-08-23T08:25:25+00:00","dateModified":"2025-06-26T10:02:52+00:00","description":"Begr\u016bdis ir pilnai subalansuotas maistas, specialiai sukurtas ma\u017e\u0173 veisli\u0173 suaugusiems \u0161unims. Pagrindinis ingredientas \u2013 norvegi\u0161ka la\u0161i\u0161a, u\u017etikrinanti auk\u0161tos kokyb\u0117s baltymus ir sveik\u0105 mityb\u0105. Praturtintas dar\u017eov\u0117mis, vaisiais ir nat\u016braliais alternatyvi\u0173 angliavandeni\u0173 \u0161altiniais, \u0161is pa\u0161aras palaiko ger\u0105 \u0161uns savijaut\u0105.","breadcrumb":{"@id":"https:\/\/anivet.lt\/elparduotuve\/produktas\/selected-mini-adult-lasisa-suaugusiems-sunims\/#breadcrumb"},"inLanguage":"lt-LT","potentialAction":[{"@type":"ReadAction","target":["https:\/\/anivet.lt\/elparduotuve\/produktas\/selected-mini-adult-lasisa-suaugusiems-sunims\/"]}]},{"@type":"ImageObject","inLanguage":"lt-LT","@id":"https:\/\/anivet.lt\/elparduotuve\/produktas\/selected-mini-adult-lasisa-suaugusiems-sunims\/#primaryimage","url":"https:\/\/anivet.lt\/elparduotuve\/wp-content\/uploads\/2023\/08\/15kg-SELECTED-MINI-ADULT-lasisa.png","contentUrl":"https:\/\/anivet.lt\/elparduotuve\/wp-content\/uploads\/2023\/08\/15kg-SELECTED-MINI-ADULT-lasisa.png","width":1108,"height":1500,"caption":"Nature's Variety Selected Mini Adult (la\u0161i\u0161a) suaugusiems \u0161unims"},{"@type":"BreadcrumbList","@id":"https:\/\/anivet.lt\/elparduotuve\/produktas\/selected-mini-adult-lasisa-suaugusiems-sunims\/#breadcrumb","itemListElement":[{"@type":"ListItem","position":1,"name":"Home","item":"https:\/\/anivet.lt\/elparduotuve\/"},{"@type":"ListItem","position":2,"name":"Produktai","item":"https:\/\/anivet.lt\/elparduotuve\/produktai\/"},{"@type":"ListItem","position":3,"name":"Nature&#8217;s Variety Selected Mini Adult (la\u0161i\u0161a) suaugusiems \u0161unims"}]},{"@type":"WebSite","@id":"https:\/\/anivet.lt\/elparduotuve\/#website","url":"https:\/\/anivet.lt\/elparduotuve\/","name":"anivet.lt","description":"Viskas J\u016bs\u0173 \u0161uns, kat\u0117s prie\u017ei\u016brai","publisher":{"@id":"https:\/\/anivet.lt\/elparduotuve\/#organization"},"alternateName":"Viskas J\u016bs\u0173 \u0161uns, kat\u0117s prie\u017ei\u016brai","potentialAction":[{"@type":"SearchAction","target":{"@type":"EntryPoint","urlTemplate":"https:\/\/anivet.lt\/elparduotuve\/?s={search_term_string}"},"query-input":{"@type":"PropertyValueSpecification","valueRequired":true,"valueName":"search_term_string"}}],"inLanguage":"lt-LT"},{"@type":"Organization","@id":"https:\/\/anivet.lt\/elparduotuve\/#organization","name":"Viskas J\u016bs\u0173 \u0161uns, kat\u0117s prie\u017ei\u016brai","url":"https:\/\/anivet.lt\/elparduotuve\/","logo":{"@type":"ImageObject","inLanguage":"lt-LT","@id":"https:\/\/anivet.lt\/elparduotuve\/#\/schema\/logo\/image\/","url":"https:\/\/anivet.lt\/elparduotuve\/wp-content\/uploads\/2023\/06\/logo2.jpg","contentUrl":"https:\/\/anivet.lt\/elparduotuve\/wp-content\/uploads\/2023\/06\/logo2.jpg","width":655,"height":194,"caption":"Viskas J\u016bs\u0173 \u0161uns, kat\u0117s prie\u017ei\u016brai"},"image":{"@id":"https:\/\/anivet.lt\/elparduotuve\/#\/schema\/logo\/image\/"}}]}},"_links":{"self":[{"href":"https:\/\/anivet.lt\/elparduotuve\/wp-json\/wp\/v2\/product\/11181","targetHints":{"allow":["GET"]}}],"collection":[{"href":"https:\/\/anivet.lt\/elparduotuve\/wp-json\/wp\/v2\/product"}],"about":[{"href":"https:\/\/anivet.lt\/elparduotuve\/wp-json\/wp\/v2\/types\/product"}],"wp:featuredmedia":[{"embeddable":true,"href":"https:\/\/anivet.lt\/elparduotuve\/wp-json\/wp\/v2\/media\/11158"}],"wp:attachment":[{"href":"https:\/\/anivet.lt\/elparduotuve\/wp-json\/wp\/v2\/media?parent=11181"}],"wp:term":[{"taxonomy":"product_brand","embeddable":true,"href":"https:\/\/anivet.lt\/elparduotuve\/wp-json\/wp\/v2\/product_brand?post=11181"},{"taxonomy":"product_cat","embeddable":true,"href":"https:\/\/anivet.lt\/elparduotuve\/wp-json\/wp\/v2\/product_cat?post=11181"},{"taxonomy":"product_tag","embeddable":true,"href":"https:\/\/anivet.lt\/elparduotuve\/wp-json\/wp\/v2\/product_tag?post=11181"}],"curies":[{"name":"wp","href":"https:\/\/api.w.org\/{rel}","templated":true}]}}