{"id":11182,"date":"2023-08-23T07:58:06","date_gmt":"2023-08-23T07:58:06","guid":{"rendered":"https:\/\/anivet.lt\/elparduotuve\/?post_type=product&#038;p=11182"},"modified":"2025-11-03T20:04:54","modified_gmt":"2025-11-03T20:04:54","slug":"eukanuba-restricted-calorie-svorio-kontrolei-sausas-pasaras-sunims","status":"publish","type":"product","link":"https:\/\/anivet.lt\/elparduotuve\/produktas\/eukanuba-restricted-calorie-svorio-kontrolei-sausas-pasaras-sunims\/","title":{"rendered":"Eukanuba Restricted Calorie svorio kontrolei sausas pa\u0161aras \u0161unims 12kg"},"content":{"rendered":"<ul>\n<li style=\"font-weight: 400;\" aria-level=\"1\"><span style=\"font-weight: 400;\">L-karnitinas: Palengvina riebal\u0173 oksidacij\u0105 ir padeda reguliuoti svor\u012f.<\/span><\/li>\n<li style=\"font-weight: 400;\" aria-level=\"1\"><span style=\"font-weight: 400;\">Auk\u0161tos kokyb\u0117s baltymai ir ma\u017eai riebal\u0173: Ma\u017eina kalorij\u0173 kiek\u012f, i\u0161laikant liesus raumenis.<\/span><\/li>\n<li style=\"font-weight: 400;\" aria-level=\"1\"><span style=\"font-weight: 400;\">Angliavandeniai i\u0161 mie\u017ei\u0173 ir avi\u017e\u0173: Optimizuoja gliukoz\u0117s kiek\u012f kraujyje ir insulino atsak\u0105.<\/span><\/li>\n<li style=\"font-weight: 400;\" aria-level=\"1\"><span style=\"font-weight: 400;\">Gliukozaminas ir chondroitinas: Palaiko sveikus s\u0105narius ir kremzles.<\/span><\/li>\n<li style=\"font-weight: 400;\" aria-level=\"1\"><span style=\"font-weight: 400;\">Nat\u016bralios skaidulos: Gerina vir\u0161kinim\u0105 ir suteikia sotumo jausm\u0105.<\/span><\/li>\n<\/ul>\n<p><span style=\"font-weight: 400;\">\u0160is pa\u0161aras u\u017etikrina visapusi\u0161k\u0105 pagalb\u0105 antsvorio turintiems \u0161unims, padeda palaikyti optimal\u0173 svor\u012f ir bendr\u0105 sveikat\u0105. Idealiai tinka kaip ilgalaikio svorio kontrol\u0117s sprendimas, pri\u017ei\u016brint veterinarijos gydytojui.<\/span><\/p>\n","protected":false},"excerpt":{"rendered":"<p><span style=\"font-weight: 400;\">Specialiai sukurtas per dideliam k\u016bno svoriui ma\u017einti, \u0161is pa\u0161aras padeda kontroliuoti \u0161uns svor\u012f, u\u017etikrina subalansuot\u0105 mityb\u0105 ir palaiko s\u0105nari\u0173 sveikat\u0105. Tinka augintiniams, turintiems antsvorio ar metabolini\u0173 sutrikim\u0173.<\/span><\/p>\n","protected":false},"featured_media":14083,"template":"","meta":[],"product_brand":[],"product_cat":[101,107,322],"product_tag":[],"class_list":{"0":"post-11182","1":"product","2":"type-product","3":"status-publish","4":"has-post-thumbnail","6":"product_cat-sunims","7":"product_cat-veterinarine-dieta","8":"product_cat-eukanuba-sunu-maistas","9":"pa_prekinis-zenklas-eukanuba","11":"first","12":"instock","13":"taxable","14":"shipping-taxable","15":"purchasable","16":"product-type-simple"},"yoast_head":"<!-- This site is optimized with the Yoast SEO Premium plugin v27.1 (Yoast SEO v27.5) - https:\/\/yoast.com\/product\/yoast-seo-premium-wordpress\/ -->\n<title>Eukanuba Restricted Calorie svorio kontrolei sausas pa\u0161aras \u0161unims 12kg - anivet.lt<\/title>\n<meta name=\"description\" content=\"Specialiai sukurtas per dideliam k\u016bno svoriui ma\u017einti, \u0161is pa\u0161aras padeda kontroliuoti \u0161uns svor\u012f, u\u017etikrina subalansuot\u0105 mityb\u0105 ir palaiko s\u0105nari\u0173 sveikat\u0105. Tinka augintiniams, turintiems antsvorio ar metabolini\u0173 sutrikim\u0173.\" \/>\n<meta name=\"robots\" content=\"index, follow, max-snippet:-1, max-image-preview:large, max-video-preview:-1\" \/>\n<link rel=\"canonical\" href=\"https:\/\/anivet.lt\/elparduotuve\/produktas\/eukanuba-restricted-calorie-svorio-kontrolei-sausas-pasaras-sunims\/\" \/>\n<meta property=\"og:locale\" content=\"lt_LT\" \/>\n<meta property=\"og:type\" content=\"article\" \/>\n<meta property=\"og:title\" content=\"Eukanuba Restricted Calorie svorio kontrolei sausas pa\u0161aras \u0161unims 12kg\" \/>\n<meta property=\"og:description\" content=\"Specialiai sukurtas per dideliam k\u016bno svoriui ma\u017einti, \u0161is pa\u0161aras padeda kontroliuoti \u0161uns svor\u012f, u\u017etikrina subalansuot\u0105 mityb\u0105 ir palaiko s\u0105nari\u0173 sveikat\u0105. Tinka augintiniams, turintiems antsvorio ar metabolini\u0173 sutrikim\u0173.\" \/>\n<meta property=\"og:url\" content=\"https:\/\/anivet.lt\/elparduotuve\/produktas\/eukanuba-restricted-calorie-svorio-kontrolei-sausas-pasaras-sunims\/\" \/>\n<meta property=\"og:site_name\" content=\"anivet.lt\" \/>\n<meta property=\"article:modified_time\" content=\"2025-11-03T20:04:54+00:00\" \/>\n<meta property=\"og:image\" content=\"https:\/\/anivet.lt\/elparduotuve\/wp-content\/uploads\/2023\/08\/Restricted-Calorie12kg.png\" \/>\n\t<meta property=\"og:image:width\" content=\"400\" \/>\n\t<meta property=\"og:image:height\" content=\"400\" \/>\n\t<meta property=\"og:image:type\" content=\"image\/png\" \/>\n<meta name=\"twitter:card\" content=\"summary_large_image\" \/>\n<meta name=\"twitter:label1\" content=\"Est. reading time\" \/>\n\t<meta name=\"twitter:data1\" content=\"1 minut\u0117\" \/>\n<script type=\"application\/ld+json\" class=\"yoast-schema-graph\">{\"@context\":\"https:\\\/\\\/schema.org\",\"@graph\":[{\"@type\":\"WebPage\",\"@id\":\"https:\\\/\\\/anivet.lt\\\/elparduotuve\\\/produktas\\\/eukanuba-restricted-calorie-svorio-kontrolei-sausas-pasaras-sunims\\\/\",\"url\":\"https:\\\/\\\/anivet.lt\\\/elparduotuve\\\/produktas\\\/eukanuba-restricted-calorie-svorio-kontrolei-sausas-pasaras-sunims\\\/\",\"name\":\"Eukanuba Restricted Calorie svorio kontrolei sausas pa\u0161aras \u0161unims 12kg - anivet.lt\",\"isPartOf\":{\"@id\":\"https:\\\/\\\/anivet.lt\\\/elparduotuve\\\/#website\"},\"primaryImageOfPage\":{\"@id\":\"https:\\\/\\\/anivet.lt\\\/elparduotuve\\\/produktas\\\/eukanuba-restricted-calorie-svorio-kontrolei-sausas-pasaras-sunims\\\/#primaryimage\"},\"image\":{\"@id\":\"https:\\\/\\\/anivet.lt\\\/elparduotuve\\\/produktas\\\/eukanuba-restricted-calorie-svorio-kontrolei-sausas-pasaras-sunims\\\/#primaryimage\"},\"thumbnailUrl\":\"https:\\\/\\\/anivet.lt\\\/elparduotuve\\\/wp-content\\\/uploads\\\/2023\\\/08\\\/Restricted-Calorie12kg.png\",\"datePublished\":\"2023-08-23T07:58:06+00:00\",\"dateModified\":\"2025-11-03T20:04:54+00:00\",\"description\":\"Specialiai sukurtas per dideliam k\u016bno svoriui ma\u017einti, \u0161is pa\u0161aras padeda kontroliuoti \u0161uns svor\u012f, u\u017etikrina subalansuot\u0105 mityb\u0105 ir palaiko s\u0105nari\u0173 sveikat\u0105. Tinka augintiniams, turintiems antsvorio ar metabolini\u0173 sutrikim\u0173.\",\"breadcrumb\":{\"@id\":\"https:\\\/\\\/anivet.lt\\\/elparduotuve\\\/produktas\\\/eukanuba-restricted-calorie-svorio-kontrolei-sausas-pasaras-sunims\\\/#breadcrumb\"},\"inLanguage\":\"lt-LT\",\"potentialAction\":[{\"@type\":\"ReadAction\",\"target\":[\"https:\\\/\\\/anivet.lt\\\/elparduotuve\\\/produktas\\\/eukanuba-restricted-calorie-svorio-kontrolei-sausas-pasaras-sunims\\\/\"]}]},{\"@type\":\"ImageObject\",\"inLanguage\":\"lt-LT\",\"@id\":\"https:\\\/\\\/anivet.lt\\\/elparduotuve\\\/produktas\\\/eukanuba-restricted-calorie-svorio-kontrolei-sausas-pasaras-sunims\\\/#primaryimage\",\"url\":\"https:\\\/\\\/anivet.lt\\\/elparduotuve\\\/wp-content\\\/uploads\\\/2023\\\/08\\\/Restricted-Calorie12kg.png\",\"contentUrl\":\"https:\\\/\\\/anivet.lt\\\/elparduotuve\\\/wp-content\\\/uploads\\\/2023\\\/08\\\/Restricted-Calorie12kg.png\",\"width\":400,\"height\":400,\"caption\":\"Eukanuba Restricted Calorie svorio kontrolei sausas pa\u0161aras \u0161unims 12kg\"},{\"@type\":\"BreadcrumbList\",\"@id\":\"https:\\\/\\\/anivet.lt\\\/elparduotuve\\\/produktas\\\/eukanuba-restricted-calorie-svorio-kontrolei-sausas-pasaras-sunims\\\/#breadcrumb\",\"itemListElement\":[{\"@type\":\"ListItem\",\"position\":1,\"name\":\"Home\",\"item\":\"https:\\\/\\\/anivet.lt\\\/elparduotuve\\\/\"},{\"@type\":\"ListItem\",\"position\":2,\"name\":\"Produktai\",\"item\":\"https:\\\/\\\/anivet.lt\\\/elparduotuve\\\/produktai\\\/\"},{\"@type\":\"ListItem\",\"position\":3,\"name\":\"Eukanuba Restricted Calorie svorio kontrolei sausas pa\u0161aras \u0161unims 12kg\"}]},{\"@type\":\"WebSite\",\"@id\":\"https:\\\/\\\/anivet.lt\\\/elparduotuve\\\/#website\",\"url\":\"https:\\\/\\\/anivet.lt\\\/elparduotuve\\\/\",\"name\":\"anivet.lt\",\"description\":\"Viskas J\u016bs\u0173 \u0161uns, kat\u0117s prie\u017ei\u016brai\",\"publisher\":{\"@id\":\"https:\\\/\\\/anivet.lt\\\/elparduotuve\\\/#organization\"},\"alternateName\":\"Viskas J\u016bs\u0173 \u0161uns, kat\u0117s prie\u017ei\u016brai\",\"potentialAction\":[{\"@type\":\"SearchAction\",\"target\":{\"@type\":\"EntryPoint\",\"urlTemplate\":\"https:\\\/\\\/anivet.lt\\\/elparduotuve\\\/?s={search_term_string}\"},\"query-input\":{\"@type\":\"PropertyValueSpecification\",\"valueRequired\":true,\"valueName\":\"search_term_string\"}}],\"inLanguage\":\"lt-LT\"},{\"@type\":\"Organization\",\"@id\":\"https:\\\/\\\/anivet.lt\\\/elparduotuve\\\/#organization\",\"name\":\"Viskas J\u016bs\u0173 \u0161uns, kat\u0117s prie\u017ei\u016brai\",\"url\":\"https:\\\/\\\/anivet.lt\\\/elparduotuve\\\/\",\"logo\":{\"@type\":\"ImageObject\",\"inLanguage\":\"lt-LT\",\"@id\":\"https:\\\/\\\/anivet.lt\\\/elparduotuve\\\/#\\\/schema\\\/logo\\\/image\\\/\",\"url\":\"https:\\\/\\\/anivet.lt\\\/elparduotuve\\\/wp-content\\\/uploads\\\/2023\\\/06\\\/logo2.jpg\",\"contentUrl\":\"https:\\\/\\\/anivet.lt\\\/elparduotuve\\\/wp-content\\\/uploads\\\/2023\\\/06\\\/logo2.jpg\",\"width\":655,\"height\":194,\"caption\":\"Viskas J\u016bs\u0173 \u0161uns, kat\u0117s prie\u017ei\u016brai\"},\"image\":{\"@id\":\"https:\\\/\\\/anivet.lt\\\/elparduotuve\\\/#\\\/schema\\\/logo\\\/image\\\/\"}}]}<\/script>\n<!-- \/ Yoast SEO Premium plugin. -->","yoast_head_json":{"title":"Eukanuba Restricted Calorie svorio kontrolei sausas pa\u0161aras \u0161unims 12kg - anivet.lt","description":"Specialiai sukurtas per dideliam k\u016bno svoriui ma\u017einti, \u0161is pa\u0161aras padeda kontroliuoti \u0161uns svor\u012f, u\u017etikrina subalansuot\u0105 mityb\u0105 ir palaiko s\u0105nari\u0173 sveikat\u0105. Tinka augintiniams, turintiems antsvorio ar metabolini\u0173 sutrikim\u0173.","robots":{"index":"index","follow":"follow","max-snippet":"max-snippet:-1","max-image-preview":"max-image-preview:large","max-video-preview":"max-video-preview:-1"},"canonical":"https:\/\/anivet.lt\/elparduotuve\/produktas\/eukanuba-restricted-calorie-svorio-kontrolei-sausas-pasaras-sunims\/","og_locale":"lt_LT","og_type":"article","og_title":"Eukanuba Restricted Calorie svorio kontrolei sausas pa\u0161aras \u0161unims 12kg","og_description":"Specialiai sukurtas per dideliam k\u016bno svoriui ma\u017einti, \u0161is pa\u0161aras padeda kontroliuoti \u0161uns svor\u012f, u\u017etikrina subalansuot\u0105 mityb\u0105 ir palaiko s\u0105nari\u0173 sveikat\u0105. Tinka augintiniams, turintiems antsvorio ar metabolini\u0173 sutrikim\u0173.","og_url":"https:\/\/anivet.lt\/elparduotuve\/produktas\/eukanuba-restricted-calorie-svorio-kontrolei-sausas-pasaras-sunims\/","og_site_name":"anivet.lt","article_modified_time":"2025-11-03T20:04:54+00:00","og_image":[{"width":400,"height":400,"url":"https:\/\/anivet.lt\/elparduotuve\/wp-content\/uploads\/2023\/08\/Restricted-Calorie12kg.png","type":"image\/png"}],"twitter_card":"summary_large_image","twitter_misc":{"Est. reading time":"1 minut\u0117"},"schema":{"@context":"https:\/\/schema.org","@graph":[{"@type":"WebPage","@id":"https:\/\/anivet.lt\/elparduotuve\/produktas\/eukanuba-restricted-calorie-svorio-kontrolei-sausas-pasaras-sunims\/","url":"https:\/\/anivet.lt\/elparduotuve\/produktas\/eukanuba-restricted-calorie-svorio-kontrolei-sausas-pasaras-sunims\/","name":"Eukanuba Restricted Calorie svorio kontrolei sausas pa\u0161aras \u0161unims 12kg - anivet.lt","isPartOf":{"@id":"https:\/\/anivet.lt\/elparduotuve\/#website"},"primaryImageOfPage":{"@id":"https:\/\/anivet.lt\/elparduotuve\/produktas\/eukanuba-restricted-calorie-svorio-kontrolei-sausas-pasaras-sunims\/#primaryimage"},"image":{"@id":"https:\/\/anivet.lt\/elparduotuve\/produktas\/eukanuba-restricted-calorie-svorio-kontrolei-sausas-pasaras-sunims\/#primaryimage"},"thumbnailUrl":"https:\/\/anivet.lt\/elparduotuve\/wp-content\/uploads\/2023\/08\/Restricted-Calorie12kg.png","datePublished":"2023-08-23T07:58:06+00:00","dateModified":"2025-11-03T20:04:54+00:00","description":"Specialiai sukurtas per dideliam k\u016bno svoriui ma\u017einti, \u0161is pa\u0161aras padeda kontroliuoti \u0161uns svor\u012f, u\u017etikrina subalansuot\u0105 mityb\u0105 ir palaiko s\u0105nari\u0173 sveikat\u0105. Tinka augintiniams, turintiems antsvorio ar metabolini\u0173 sutrikim\u0173.","breadcrumb":{"@id":"https:\/\/anivet.lt\/elparduotuve\/produktas\/eukanuba-restricted-calorie-svorio-kontrolei-sausas-pasaras-sunims\/#breadcrumb"},"inLanguage":"lt-LT","potentialAction":[{"@type":"ReadAction","target":["https:\/\/anivet.lt\/elparduotuve\/produktas\/eukanuba-restricted-calorie-svorio-kontrolei-sausas-pasaras-sunims\/"]}]},{"@type":"ImageObject","inLanguage":"lt-LT","@id":"https:\/\/anivet.lt\/elparduotuve\/produktas\/eukanuba-restricted-calorie-svorio-kontrolei-sausas-pasaras-sunims\/#primaryimage","url":"https:\/\/anivet.lt\/elparduotuve\/wp-content\/uploads\/2023\/08\/Restricted-Calorie12kg.png","contentUrl":"https:\/\/anivet.lt\/elparduotuve\/wp-content\/uploads\/2023\/08\/Restricted-Calorie12kg.png","width":400,"height":400,"caption":"Eukanuba Restricted Calorie svorio kontrolei sausas pa\u0161aras \u0161unims 12kg"},{"@type":"BreadcrumbList","@id":"https:\/\/anivet.lt\/elparduotuve\/produktas\/eukanuba-restricted-calorie-svorio-kontrolei-sausas-pasaras-sunims\/#breadcrumb","itemListElement":[{"@type":"ListItem","position":1,"name":"Home","item":"https:\/\/anivet.lt\/elparduotuve\/"},{"@type":"ListItem","position":2,"name":"Produktai","item":"https:\/\/anivet.lt\/elparduotuve\/produktai\/"},{"@type":"ListItem","position":3,"name":"Eukanuba Restricted Calorie svorio kontrolei sausas pa\u0161aras \u0161unims 12kg"}]},{"@type":"WebSite","@id":"https:\/\/anivet.lt\/elparduotuve\/#website","url":"https:\/\/anivet.lt\/elparduotuve\/","name":"anivet.lt","description":"Viskas J\u016bs\u0173 \u0161uns, kat\u0117s prie\u017ei\u016brai","publisher":{"@id":"https:\/\/anivet.lt\/elparduotuve\/#organization"},"alternateName":"Viskas J\u016bs\u0173 \u0161uns, kat\u0117s prie\u017ei\u016brai","potentialAction":[{"@type":"SearchAction","target":{"@type":"EntryPoint","urlTemplate":"https:\/\/anivet.lt\/elparduotuve\/?s={search_term_string}"},"query-input":{"@type":"PropertyValueSpecification","valueRequired":true,"valueName":"search_term_string"}}],"inLanguage":"lt-LT"},{"@type":"Organization","@id":"https:\/\/anivet.lt\/elparduotuve\/#organization","name":"Viskas J\u016bs\u0173 \u0161uns, kat\u0117s prie\u017ei\u016brai","url":"https:\/\/anivet.lt\/elparduotuve\/","logo":{"@type":"ImageObject","inLanguage":"lt-LT","@id":"https:\/\/anivet.lt\/elparduotuve\/#\/schema\/logo\/image\/","url":"https:\/\/anivet.lt\/elparduotuve\/wp-content\/uploads\/2023\/06\/logo2.jpg","contentUrl":"https:\/\/anivet.lt\/elparduotuve\/wp-content\/uploads\/2023\/06\/logo2.jpg","width":655,"height":194,"caption":"Viskas J\u016bs\u0173 \u0161uns, kat\u0117s prie\u017ei\u016brai"},"image":{"@id":"https:\/\/anivet.lt\/elparduotuve\/#\/schema\/logo\/image\/"}}]}},"_links":{"self":[{"href":"https:\/\/anivet.lt\/elparduotuve\/wp-json\/wp\/v2\/product\/11182","targetHints":{"allow":["GET"]}}],"collection":[{"href":"https:\/\/anivet.lt\/elparduotuve\/wp-json\/wp\/v2\/product"}],"about":[{"href":"https:\/\/anivet.lt\/elparduotuve\/wp-json\/wp\/v2\/types\/product"}],"wp:featuredmedia":[{"embeddable":true,"href":"https:\/\/anivet.lt\/elparduotuve\/wp-json\/wp\/v2\/media\/14083"}],"wp:attachment":[{"href":"https:\/\/anivet.lt\/elparduotuve\/wp-json\/wp\/v2\/media?parent=11182"}],"wp:term":[{"taxonomy":"product_brand","embeddable":true,"href":"https:\/\/anivet.lt\/elparduotuve\/wp-json\/wp\/v2\/product_brand?post=11182"},{"taxonomy":"product_cat","embeddable":true,"href":"https:\/\/anivet.lt\/elparduotuve\/wp-json\/wp\/v2\/product_cat?post=11182"},{"taxonomy":"product_tag","embeddable":true,"href":"https:\/\/anivet.lt\/elparduotuve\/wp-json\/wp\/v2\/product_tag?post=11182"}],"curies":[{"name":"wp","href":"https:\/\/api.w.org\/{rel}","templated":true}]}}