{"id":11191,"date":"2023-08-23T08:10:30","date_gmt":"2023-08-23T08:10:30","guid":{"rendered":"https:\/\/anivet.lt\/elparduotuve\/?post_type=product&#038;p=11191"},"modified":"2025-05-27T13:16:59","modified_gmt":"2025-05-27T13:16:59","slug":"eukanuba-intestinal-dog-sausas-pasaras-sunims-turintiems-jautru-virskinima","status":"publish","type":"product","link":"https:\/\/anivet.lt\/elparduotuve\/produktas\/eukanuba-intestinal-dog-sausas-pasaras-sunims-turintiems-jautru-virskinima\/","title":{"rendered":"Eukanuba Intestinal dog sausas pa\u0161aras \u0161unims turintiems jautr\u0173 vir\u0161kinim\u0105"},"content":{"rendered":"<ul>\n<li style=\"font-weight: 400\"><span style=\"font-weight: 400\">MOS prebiotikai: Padeda suri\u0161ti ir pa\u0161alinti patogenines bakterijas, u\u017etikrinant sveik\u0105 \u017earnyno mikroflor\u0105.<\/span><\/li>\n<li style=\"font-weight: 400\"><span style=\"font-weight: 400\">Cukrini\u0173 runkeli\u0173 l\u0105steliena: Skatina trump\u0173j\u0173 grandini\u0173 riebal\u0173 r\u016bg\u0161ties (butirato) gamyb\u0105, svarbi\u0105 enterocit\u0173 energijai ir \u017earnyno veiklai.<\/span><\/li>\n<li style=\"font-weight: 400\"><span style=\"font-weight: 400\">Ma\u017eas riebal\u0173 kiekis: Suma\u017eina kasos apkrov\u0105, palengvina vir\u0161kinim\u0105 ir padeda kovoti su steator\u0117ja.<\/span><\/li>\n<li style=\"font-weight: 400\"><span style=\"font-weight: 400\">Optimalus Omega-6 ir Omega-3 santykis: Maistiniu po\u017ei\u016briu padeda ma\u017einti u\u017edegim\u0105 ir palaikyti l\u0105steli\u0173 sveikat\u0105.<\/span><\/li>\n<li style=\"font-weight: 400\"><span style=\"font-weight: 400\">Auk\u0161tos kokyb\u0117s sud\u0117tis: Su vi\u0161tiena, ry\u017eiais ir fruktooligosacharidais, kurie padeda palaikyti vir\u0161kinimo sistemos pusiausvyr\u0105.<\/span><\/li>\n<\/ul>\n<p><span style=\"font-weight: 400\">\u201eEukanuba Intestinal Dog\u201c yra puikus pasirinkimas \u0161unims, kuriems reikalinga ypatinga mityba d\u0117l jautrios vir\u0161kinimo sistemos ar vir\u0161kinimo sutrikim\u0173. Prie\u0161 naudojim\u0105 rekomenduojama pasitarti su veterinarijos gydytoju, kad b\u016bt\u0173 tinkamai \u012fvertinti j\u016bs\u0173 augintinio poreikiai.<\/span><\/p>\n","protected":false},"excerpt":{"rendered":"<p><span style=\"font-weight: 400\">Specializuotas sausas pa\u0161aras, skirtas \u0161unims, turintiems jautri\u0105 vir\u0161kinimo sistem\u0105. \u0160is pa\u0161aras padeda ma\u017einti \u016bmius \u017earnyno absorbcijos sutrikimus, gerina vir\u0161kinimo funkcij\u0105 ir palaiko optimali\u0105 \u0161uns sveikat\u0105.<\/span><\/p>\n","protected":false},"featured_media":11197,"template":"","meta":[],"product_brand":[],"product_cat":[101,107,322],"product_tag":[],"class_list":{"0":"post-11191","1":"product","2":"type-product","3":"status-publish","4":"has-post-thumbnail","6":"product_cat-sunims","7":"product_cat-veterinarine-dieta","8":"product_cat-eukanuba-sunu-maistas","9":"pa_prekinis-zenklas-eukanuba","11":"first","12":"instock","13":"taxable","14":"shipping-taxable","15":"purchasable","16":"product-type-variable"},"yoast_head":"<!-- This site is optimized with the Yoast SEO Premium plugin v27.1 (Yoast SEO v27.5) - https:\/\/yoast.com\/product\/yoast-seo-premium-wordpress\/ -->\n<title>Eukanuba Intestinal dog sausas pa\u0161aras \u0161unims turintiems jautr\u0173 vir\u0161kinim\u0105 - anivet.lt<\/title>\n<meta name=\"description\" content=\"Specializuotas sausas pa\u0161aras, skirtas \u0161unims, turintiems jautri\u0105 vir\u0161kinimo sistem\u0105. \u0160is pa\u0161aras padeda ma\u017einti \u016bmius \u017earnyno absorbcijos sutrikimus, gerina vir\u0161kinimo funkcij\u0105 ir palaiko optimali\u0105 \u0161uns sveikat\u0105.\" \/>\n<meta name=\"robots\" content=\"index, follow, max-snippet:-1, max-image-preview:large, max-video-preview:-1\" \/>\n<link rel=\"canonical\" href=\"https:\/\/anivet.lt\/elparduotuve\/produktas\/eukanuba-intestinal-dog-sausas-pasaras-sunims-turintiems-jautru-virskinima\/\" \/>\n<meta property=\"og:locale\" content=\"lt_LT\" \/>\n<meta property=\"og:type\" content=\"article\" \/>\n<meta property=\"og:title\" content=\"Eukanuba Intestinal dog sausas pa\u0161aras \u0161unims turintiems jautr\u0173 vir\u0161kinim\u0105\" \/>\n<meta property=\"og:description\" content=\"Specializuotas sausas pa\u0161aras, skirtas \u0161unims, turintiems jautri\u0105 vir\u0161kinimo sistem\u0105. \u0160is pa\u0161aras padeda ma\u017einti \u016bmius \u017earnyno absorbcijos sutrikimus, gerina vir\u0161kinimo funkcij\u0105 ir palaiko optimali\u0105 \u0161uns sveikat\u0105.\" \/>\n<meta property=\"og:url\" content=\"https:\/\/anivet.lt\/elparduotuve\/produktas\/eukanuba-intestinal-dog-sausas-pasaras-sunims-turintiems-jautru-virskinima\/\" \/>\n<meta property=\"og:site_name\" content=\"anivet.lt\" \/>\n<meta property=\"article:modified_time\" content=\"2025-05-27T13:16:59+00:00\" \/>\n<meta property=\"og:image\" content=\"https:\/\/anivet.lt\/elparduotuve\/wp-content\/uploads\/2023\/08\/intestinal.webp\" \/>\n\t<meta property=\"og:image:width\" content=\"1600\" \/>\n\t<meta property=\"og:image:height\" content=\"1600\" \/>\n\t<meta property=\"og:image:type\" content=\"image\/webp\" \/>\n<meta name=\"twitter:card\" content=\"summary_large_image\" \/>\n<meta name=\"twitter:label1\" content=\"Est. reading time\" \/>\n\t<meta name=\"twitter:data1\" content=\"1 minut\u0117\" \/>\n<script type=\"application\/ld+json\" class=\"yoast-schema-graph\">{\"@context\":\"https:\\\/\\\/schema.org\",\"@graph\":[{\"@type\":\"WebPage\",\"@id\":\"https:\\\/\\\/anivet.lt\\\/elparduotuve\\\/produktas\\\/eukanuba-intestinal-dog-sausas-pasaras-sunims-turintiems-jautru-virskinima\\\/\",\"url\":\"https:\\\/\\\/anivet.lt\\\/elparduotuve\\\/produktas\\\/eukanuba-intestinal-dog-sausas-pasaras-sunims-turintiems-jautru-virskinima\\\/\",\"name\":\"Eukanuba Intestinal dog sausas pa\u0161aras \u0161unims turintiems jautr\u0173 vir\u0161kinim\u0105 - anivet.lt\",\"isPartOf\":{\"@id\":\"https:\\\/\\\/anivet.lt\\\/elparduotuve\\\/#website\"},\"primaryImageOfPage\":{\"@id\":\"https:\\\/\\\/anivet.lt\\\/elparduotuve\\\/produktas\\\/eukanuba-intestinal-dog-sausas-pasaras-sunims-turintiems-jautru-virskinima\\\/#primaryimage\"},\"image\":{\"@id\":\"https:\\\/\\\/anivet.lt\\\/elparduotuve\\\/produktas\\\/eukanuba-intestinal-dog-sausas-pasaras-sunims-turintiems-jautru-virskinima\\\/#primaryimage\"},\"thumbnailUrl\":\"https:\\\/\\\/anivet.lt\\\/elparduotuve\\\/wp-content\\\/uploads\\\/2023\\\/08\\\/intestinal.webp\",\"datePublished\":\"2023-08-23T08:10:30+00:00\",\"dateModified\":\"2025-05-27T13:16:59+00:00\",\"description\":\"Specializuotas sausas pa\u0161aras, skirtas \u0161unims, turintiems jautri\u0105 vir\u0161kinimo sistem\u0105. \u0160is pa\u0161aras padeda ma\u017einti \u016bmius \u017earnyno absorbcijos sutrikimus, gerina vir\u0161kinimo funkcij\u0105 ir palaiko optimali\u0105 \u0161uns sveikat\u0105.\",\"breadcrumb\":{\"@id\":\"https:\\\/\\\/anivet.lt\\\/elparduotuve\\\/produktas\\\/eukanuba-intestinal-dog-sausas-pasaras-sunims-turintiems-jautru-virskinima\\\/#breadcrumb\"},\"inLanguage\":\"lt-LT\",\"potentialAction\":[{\"@type\":\"ReadAction\",\"target\":[\"https:\\\/\\\/anivet.lt\\\/elparduotuve\\\/produktas\\\/eukanuba-intestinal-dog-sausas-pasaras-sunims-turintiems-jautru-virskinima\\\/\"]}]},{\"@type\":\"ImageObject\",\"inLanguage\":\"lt-LT\",\"@id\":\"https:\\\/\\\/anivet.lt\\\/elparduotuve\\\/produktas\\\/eukanuba-intestinal-dog-sausas-pasaras-sunims-turintiems-jautru-virskinima\\\/#primaryimage\",\"url\":\"https:\\\/\\\/anivet.lt\\\/elparduotuve\\\/wp-content\\\/uploads\\\/2023\\\/08\\\/intestinal.webp\",\"contentUrl\":\"https:\\\/\\\/anivet.lt\\\/elparduotuve\\\/wp-content\\\/uploads\\\/2023\\\/08\\\/intestinal.webp\",\"width\":1600,\"height\":1600,\"caption\":\"Eukanuba Intestinal dog sausas pa\u0161aras \u0161unims turintiems jautr\u0173 vir\u0161kinim\u0105\"},{\"@type\":\"BreadcrumbList\",\"@id\":\"https:\\\/\\\/anivet.lt\\\/elparduotuve\\\/produktas\\\/eukanuba-intestinal-dog-sausas-pasaras-sunims-turintiems-jautru-virskinima\\\/#breadcrumb\",\"itemListElement\":[{\"@type\":\"ListItem\",\"position\":1,\"name\":\"Home\",\"item\":\"https:\\\/\\\/anivet.lt\\\/elparduotuve\\\/\"},{\"@type\":\"ListItem\",\"position\":2,\"name\":\"Produktai\",\"item\":\"https:\\\/\\\/anivet.lt\\\/elparduotuve\\\/produktai\\\/\"},{\"@type\":\"ListItem\",\"position\":3,\"name\":\"Eukanuba Intestinal dog sausas pa\u0161aras \u0161unims turintiems jautr\u0173 vir\u0161kinim\u0105\"}]},{\"@type\":\"WebSite\",\"@id\":\"https:\\\/\\\/anivet.lt\\\/elparduotuve\\\/#website\",\"url\":\"https:\\\/\\\/anivet.lt\\\/elparduotuve\\\/\",\"name\":\"anivet.lt\",\"description\":\"Viskas J\u016bs\u0173 \u0161uns, kat\u0117s prie\u017ei\u016brai\",\"publisher\":{\"@id\":\"https:\\\/\\\/anivet.lt\\\/elparduotuve\\\/#organization\"},\"alternateName\":\"Viskas J\u016bs\u0173 \u0161uns, kat\u0117s prie\u017ei\u016brai\",\"potentialAction\":[{\"@type\":\"SearchAction\",\"target\":{\"@type\":\"EntryPoint\",\"urlTemplate\":\"https:\\\/\\\/anivet.lt\\\/elparduotuve\\\/?s={search_term_string}\"},\"query-input\":{\"@type\":\"PropertyValueSpecification\",\"valueRequired\":true,\"valueName\":\"search_term_string\"}}],\"inLanguage\":\"lt-LT\"},{\"@type\":\"Organization\",\"@id\":\"https:\\\/\\\/anivet.lt\\\/elparduotuve\\\/#organization\",\"name\":\"Viskas J\u016bs\u0173 \u0161uns, kat\u0117s prie\u017ei\u016brai\",\"url\":\"https:\\\/\\\/anivet.lt\\\/elparduotuve\\\/\",\"logo\":{\"@type\":\"ImageObject\",\"inLanguage\":\"lt-LT\",\"@id\":\"https:\\\/\\\/anivet.lt\\\/elparduotuve\\\/#\\\/schema\\\/logo\\\/image\\\/\",\"url\":\"https:\\\/\\\/anivet.lt\\\/elparduotuve\\\/wp-content\\\/uploads\\\/2023\\\/06\\\/logo2.jpg\",\"contentUrl\":\"https:\\\/\\\/anivet.lt\\\/elparduotuve\\\/wp-content\\\/uploads\\\/2023\\\/06\\\/logo2.jpg\",\"width\":655,\"height\":194,\"caption\":\"Viskas J\u016bs\u0173 \u0161uns, kat\u0117s prie\u017ei\u016brai\"},\"image\":{\"@id\":\"https:\\\/\\\/anivet.lt\\\/elparduotuve\\\/#\\\/schema\\\/logo\\\/image\\\/\"}}]}<\/script>\n<!-- \/ Yoast SEO Premium plugin. -->","yoast_head_json":{"title":"Eukanuba Intestinal dog sausas pa\u0161aras \u0161unims turintiems jautr\u0173 vir\u0161kinim\u0105 - anivet.lt","description":"Specializuotas sausas pa\u0161aras, skirtas \u0161unims, turintiems jautri\u0105 vir\u0161kinimo sistem\u0105. \u0160is pa\u0161aras padeda ma\u017einti \u016bmius \u017earnyno absorbcijos sutrikimus, gerina vir\u0161kinimo funkcij\u0105 ir palaiko optimali\u0105 \u0161uns sveikat\u0105.","robots":{"index":"index","follow":"follow","max-snippet":"max-snippet:-1","max-image-preview":"max-image-preview:large","max-video-preview":"max-video-preview:-1"},"canonical":"https:\/\/anivet.lt\/elparduotuve\/produktas\/eukanuba-intestinal-dog-sausas-pasaras-sunims-turintiems-jautru-virskinima\/","og_locale":"lt_LT","og_type":"article","og_title":"Eukanuba Intestinal dog sausas pa\u0161aras \u0161unims turintiems jautr\u0173 vir\u0161kinim\u0105","og_description":"Specializuotas sausas pa\u0161aras, skirtas \u0161unims, turintiems jautri\u0105 vir\u0161kinimo sistem\u0105. \u0160is pa\u0161aras padeda ma\u017einti \u016bmius \u017earnyno absorbcijos sutrikimus, gerina vir\u0161kinimo funkcij\u0105 ir palaiko optimali\u0105 \u0161uns sveikat\u0105.","og_url":"https:\/\/anivet.lt\/elparduotuve\/produktas\/eukanuba-intestinal-dog-sausas-pasaras-sunims-turintiems-jautru-virskinima\/","og_site_name":"anivet.lt","article_modified_time":"2025-05-27T13:16:59+00:00","og_image":[{"width":1600,"height":1600,"url":"https:\/\/anivet.lt\/elparduotuve\/wp-content\/uploads\/2023\/08\/intestinal.webp","type":"image\/webp"}],"twitter_card":"summary_large_image","twitter_misc":{"Est. reading time":"1 minut\u0117"},"schema":{"@context":"https:\/\/schema.org","@graph":[{"@type":"WebPage","@id":"https:\/\/anivet.lt\/elparduotuve\/produktas\/eukanuba-intestinal-dog-sausas-pasaras-sunims-turintiems-jautru-virskinima\/","url":"https:\/\/anivet.lt\/elparduotuve\/produktas\/eukanuba-intestinal-dog-sausas-pasaras-sunims-turintiems-jautru-virskinima\/","name":"Eukanuba Intestinal dog sausas pa\u0161aras \u0161unims turintiems jautr\u0173 vir\u0161kinim\u0105 - anivet.lt","isPartOf":{"@id":"https:\/\/anivet.lt\/elparduotuve\/#website"},"primaryImageOfPage":{"@id":"https:\/\/anivet.lt\/elparduotuve\/produktas\/eukanuba-intestinal-dog-sausas-pasaras-sunims-turintiems-jautru-virskinima\/#primaryimage"},"image":{"@id":"https:\/\/anivet.lt\/elparduotuve\/produktas\/eukanuba-intestinal-dog-sausas-pasaras-sunims-turintiems-jautru-virskinima\/#primaryimage"},"thumbnailUrl":"https:\/\/anivet.lt\/elparduotuve\/wp-content\/uploads\/2023\/08\/intestinal.webp","datePublished":"2023-08-23T08:10:30+00:00","dateModified":"2025-05-27T13:16:59+00:00","description":"Specializuotas sausas pa\u0161aras, skirtas \u0161unims, turintiems jautri\u0105 vir\u0161kinimo sistem\u0105. \u0160is pa\u0161aras padeda ma\u017einti \u016bmius \u017earnyno absorbcijos sutrikimus, gerina vir\u0161kinimo funkcij\u0105 ir palaiko optimali\u0105 \u0161uns sveikat\u0105.","breadcrumb":{"@id":"https:\/\/anivet.lt\/elparduotuve\/produktas\/eukanuba-intestinal-dog-sausas-pasaras-sunims-turintiems-jautru-virskinima\/#breadcrumb"},"inLanguage":"lt-LT","potentialAction":[{"@type":"ReadAction","target":["https:\/\/anivet.lt\/elparduotuve\/produktas\/eukanuba-intestinal-dog-sausas-pasaras-sunims-turintiems-jautru-virskinima\/"]}]},{"@type":"ImageObject","inLanguage":"lt-LT","@id":"https:\/\/anivet.lt\/elparduotuve\/produktas\/eukanuba-intestinal-dog-sausas-pasaras-sunims-turintiems-jautru-virskinima\/#primaryimage","url":"https:\/\/anivet.lt\/elparduotuve\/wp-content\/uploads\/2023\/08\/intestinal.webp","contentUrl":"https:\/\/anivet.lt\/elparduotuve\/wp-content\/uploads\/2023\/08\/intestinal.webp","width":1600,"height":1600,"caption":"Eukanuba Intestinal dog sausas pa\u0161aras \u0161unims turintiems jautr\u0173 vir\u0161kinim\u0105"},{"@type":"BreadcrumbList","@id":"https:\/\/anivet.lt\/elparduotuve\/produktas\/eukanuba-intestinal-dog-sausas-pasaras-sunims-turintiems-jautru-virskinima\/#breadcrumb","itemListElement":[{"@type":"ListItem","position":1,"name":"Home","item":"https:\/\/anivet.lt\/elparduotuve\/"},{"@type":"ListItem","position":2,"name":"Produktai","item":"https:\/\/anivet.lt\/elparduotuve\/produktai\/"},{"@type":"ListItem","position":3,"name":"Eukanuba Intestinal dog sausas pa\u0161aras \u0161unims turintiems jautr\u0173 vir\u0161kinim\u0105"}]},{"@type":"WebSite","@id":"https:\/\/anivet.lt\/elparduotuve\/#website","url":"https:\/\/anivet.lt\/elparduotuve\/","name":"anivet.lt","description":"Viskas J\u016bs\u0173 \u0161uns, kat\u0117s prie\u017ei\u016brai","publisher":{"@id":"https:\/\/anivet.lt\/elparduotuve\/#organization"},"alternateName":"Viskas J\u016bs\u0173 \u0161uns, kat\u0117s prie\u017ei\u016brai","potentialAction":[{"@type":"SearchAction","target":{"@type":"EntryPoint","urlTemplate":"https:\/\/anivet.lt\/elparduotuve\/?s={search_term_string}"},"query-input":{"@type":"PropertyValueSpecification","valueRequired":true,"valueName":"search_term_string"}}],"inLanguage":"lt-LT"},{"@type":"Organization","@id":"https:\/\/anivet.lt\/elparduotuve\/#organization","name":"Viskas J\u016bs\u0173 \u0161uns, kat\u0117s prie\u017ei\u016brai","url":"https:\/\/anivet.lt\/elparduotuve\/","logo":{"@type":"ImageObject","inLanguage":"lt-LT","@id":"https:\/\/anivet.lt\/elparduotuve\/#\/schema\/logo\/image\/","url":"https:\/\/anivet.lt\/elparduotuve\/wp-content\/uploads\/2023\/06\/logo2.jpg","contentUrl":"https:\/\/anivet.lt\/elparduotuve\/wp-content\/uploads\/2023\/06\/logo2.jpg","width":655,"height":194,"caption":"Viskas J\u016bs\u0173 \u0161uns, kat\u0117s prie\u017ei\u016brai"},"image":{"@id":"https:\/\/anivet.lt\/elparduotuve\/#\/schema\/logo\/image\/"}}]}},"_links":{"self":[{"href":"https:\/\/anivet.lt\/elparduotuve\/wp-json\/wp\/v2\/product\/11191","targetHints":{"allow":["GET"]}}],"collection":[{"href":"https:\/\/anivet.lt\/elparduotuve\/wp-json\/wp\/v2\/product"}],"about":[{"href":"https:\/\/anivet.lt\/elparduotuve\/wp-json\/wp\/v2\/types\/product"}],"wp:featuredmedia":[{"embeddable":true,"href":"https:\/\/anivet.lt\/elparduotuve\/wp-json\/wp\/v2\/media\/11197"}],"wp:attachment":[{"href":"https:\/\/anivet.lt\/elparduotuve\/wp-json\/wp\/v2\/media?parent=11191"}],"wp:term":[{"taxonomy":"product_brand","embeddable":true,"href":"https:\/\/anivet.lt\/elparduotuve\/wp-json\/wp\/v2\/product_brand?post=11191"},{"taxonomy":"product_cat","embeddable":true,"href":"https:\/\/anivet.lt\/elparduotuve\/wp-json\/wp\/v2\/product_cat?post=11191"},{"taxonomy":"product_tag","embeddable":true,"href":"https:\/\/anivet.lt\/elparduotuve\/wp-json\/wp\/v2\/product_tag?post=11191"}],"curies":[{"name":"wp","href":"https:\/\/api.w.org\/{rel}","templated":true}]}}