{"id":11218,"date":"2023-08-23T09:20:43","date_gmt":"2023-08-23T09:20:43","guid":{"rendered":"https:\/\/anivet.lt\/elparduotuve\/?post_type=product&#038;p=11218"},"modified":"2025-12-29T18:06:34","modified_gmt":"2025-12-29T18:06:34","slug":"original-puppy-junior-lasisa","status":"publish","type":"product","link":"https:\/\/anivet.lt\/elparduotuve\/produktas\/original-puppy-junior-lasisa\/","title":{"rendered":"Nature&#8217;s Variety Original Puppy-Junior \u0161uniukams ir jauniems \u0161unims (la\u0161i\u0161a)"},"content":{"rendered":"<ul>\n<li style=\"font-weight: 400\"><span style=\"font-weight: 400\">Pagrindinis ingredientas \u2013 la\u0161i\u0161a: I\u0161kaulinta la\u0161i\u0161a (20%) ir d\u017eiovinti la\u0161i\u0161\u0173 baltymai (3%) \u2013 puikus Omega-3 riebal\u0173 r\u016bg\u0161\u010di\u0173 \u0161altinis.<\/span><\/li>\n<li style=\"font-weight: 400\"><span style=\"font-weight: 400\">Be gr\u016bd\u0173: Tinka \u0161uniukams su jautria vir\u0161kinimo sistema.<\/span><\/li>\n<li style=\"font-weight: 400\"><span style=\"font-weight: 400\">Papildytas vaisiais ir dar\u017eov\u0117mis: Sud\u0117tyje yra mork\u0173, obuoli\u0173 ir burok\u0117li\u0173 mink\u0161timo \u2013 nat\u016bral\u016bs vitamin\u0173 ir skaidul\u0173 \u0161altiniai.<\/span><\/li>\n<li style=\"font-weight: 400\"><span style=\"font-weight: 400\">Auk\u0161tas baltym\u0173 kiekis (33%): Padeda u\u017etikrinti sveik\u0105 raumen\u0173 vystym\u0105si ir energijos poreikius.<\/span><\/li>\n<li style=\"font-weight: 400\"><span style=\"font-weight: 400\">Vitaminai ir mineralai: Sustiprintas vitamin\u0173 A, E ir C kompleksas, taip pat cinkas, manganas ir gele\u017eis stiprina imunitet\u0105 ir palaiko bendr\u0105 sveikat\u0105.<\/span><\/li>\n<\/ul>\n<p><span style=\"font-weight: 400\">Idealus pasirinkimas \u0161uniukams, kuri\u0173 mitybai reikia ypatingo d\u0117mesio. Receptas, paremtas la\u0161i\u0161a ir alternatyviais angliavandeni\u0173 \u0161altiniais, palaiko sveik\u0105 augim\u0105 ir vystym\u0105si. Pa\u0161aro sud\u0117tis, praturtinta riebal\u0173 r\u016bg\u0161timis ir nat\u016braliais ingredientais, r\u016bpinasi j\u016bs\u0173 augintinio kailio, odos bei vir\u0161kinimo sistemos sveikata.<\/span><\/p>\n","protected":false},"excerpt":{"rendered":"<p><span style=\"font-weight: 400\">Subalansuotas, begr\u016bdis maistas, skirtas vis\u0173 veisli\u0173 \u0161uniukams nuo 2 iki 12 m\u0117nesi\u0173 am\u017eiaus. \u0160is pa\u0161aras u\u017etikrina tinkam\u0105 augim\u0105, apr\u016bpindamas \u0161uniukus reikiamomis maistin\u0117mis med\u017eiagomis.<\/span><\/p>\n","protected":false},"featured_media":11220,"template":"","meta":[],"product_brand":[],"product_cat":[101,103,104,335],"product_tag":[],"class_list":{"0":"post-11218","1":"product","2":"type-product","3":"status-publish","4":"has-post-thumbnail","6":"product_cat-sunims","7":"product_cat-sunu-maistas","8":"product_cat-sausas-maistas","9":"product_cat-natures-variety-sunu-maistas","10":"pa_prekinis-zenklas-natures-variety","12":"first","13":"outofstock","14":"taxable","15":"shipping-taxable","16":"purchasable","17":"product-type-variable"},"yoast_head":"<!-- This site is optimized with the Yoast SEO Premium plugin v27.1 (Yoast SEO v27.3) - https:\/\/yoast.com\/product\/yoast-seo-premium-wordpress\/ -->\n<title>Nature&#039;s Variety Original Puppy-Junior \u0161uniukams ir jauniems \u0161unims (la\u0161i\u0161a) - anivet.lt<\/title>\n<meta name=\"description\" content=\"Subalansuotas, begr\u016bdis maistas, skirtas vis\u0173 veisli\u0173 \u0161uniukams nuo 2 iki 12 m\u0117nesi\u0173 am\u017eiaus. \u0160is pa\u0161aras u\u017etikrina tinkam\u0105 augim\u0105, apr\u016bpindamas \u0161uniukus reikiamomis maistin\u0117mis med\u017eiagomis.\" \/>\n<meta name=\"robots\" content=\"index, follow, max-snippet:-1, max-image-preview:large, max-video-preview:-1\" \/>\n<link rel=\"canonical\" href=\"https:\/\/anivet.lt\/elparduotuve\/produktas\/original-puppy-junior-lasisa\/\" \/>\n<meta property=\"og:locale\" content=\"lt_LT\" \/>\n<meta property=\"og:type\" content=\"article\" \/>\n<meta property=\"og:title\" content=\"Nature&#039;s Variety Original Puppy-Junior \u0161uniukams ir jauniems \u0161unims (la\u0161i\u0161a)\" \/>\n<meta property=\"og:description\" content=\"Subalansuotas, begr\u016bdis maistas, skirtas vis\u0173 veisli\u0173 \u0161uniukams nuo 2 iki 12 m\u0117nesi\u0173 am\u017eiaus. \u0160is pa\u0161aras u\u017etikrina tinkam\u0105 augim\u0105, apr\u016bpindamas \u0161uniukus reikiamomis maistin\u0117mis med\u017eiagomis.\" \/>\n<meta property=\"og:url\" content=\"https:\/\/anivet.lt\/elparduotuve\/produktas\/original-puppy-junior-lasisa\/\" \/>\n<meta property=\"og:site_name\" content=\"anivet.lt\" \/>\n<meta property=\"article:modified_time\" content=\"2025-12-29T18:06:34+00:00\" \/>\n<meta property=\"og:image\" content=\"https:\/\/anivet.lt\/elparduotuve\/wp-content\/uploads\/2023\/08\/2kg-original-puppy-juniorlasisa.png\" \/>\n\t<meta property=\"og:image:width\" content=\"1031\" \/>\n\t<meta property=\"og:image:height\" content=\"1500\" \/>\n\t<meta property=\"og:image:type\" content=\"image\/png\" \/>\n<meta name=\"twitter:card\" content=\"summary_large_image\" \/>\n<meta name=\"twitter:label1\" content=\"Est. reading time\" \/>\n\t<meta name=\"twitter:data1\" content=\"1 minut\u0117\" \/>\n<script type=\"application\/ld+json\" class=\"yoast-schema-graph\">{\"@context\":\"https:\\\/\\\/schema.org\",\"@graph\":[{\"@type\":\"WebPage\",\"@id\":\"https:\\\/\\\/anivet.lt\\\/elparduotuve\\\/produktas\\\/original-puppy-junior-lasisa\\\/\",\"url\":\"https:\\\/\\\/anivet.lt\\\/elparduotuve\\\/produktas\\\/original-puppy-junior-lasisa\\\/\",\"name\":\"Nature's Variety Original Puppy-Junior \u0161uniukams ir jauniems \u0161unims (la\u0161i\u0161a) - anivet.lt\",\"isPartOf\":{\"@id\":\"https:\\\/\\\/anivet.lt\\\/elparduotuve\\\/#website\"},\"primaryImageOfPage\":{\"@id\":\"https:\\\/\\\/anivet.lt\\\/elparduotuve\\\/produktas\\\/original-puppy-junior-lasisa\\\/#primaryimage\"},\"image\":{\"@id\":\"https:\\\/\\\/anivet.lt\\\/elparduotuve\\\/produktas\\\/original-puppy-junior-lasisa\\\/#primaryimage\"},\"thumbnailUrl\":\"https:\\\/\\\/anivet.lt\\\/elparduotuve\\\/wp-content\\\/uploads\\\/2023\\\/08\\\/2kg-original-puppy-juniorlasisa.png\",\"datePublished\":\"2023-08-23T09:20:43+00:00\",\"dateModified\":\"2025-12-29T18:06:34+00:00\",\"description\":\"Subalansuotas, begr\u016bdis maistas, skirtas vis\u0173 veisli\u0173 \u0161uniukams nuo 2 iki 12 m\u0117nesi\u0173 am\u017eiaus. \u0160is pa\u0161aras u\u017etikrina tinkam\u0105 augim\u0105, apr\u016bpindamas \u0161uniukus reikiamomis maistin\u0117mis med\u017eiagomis.\",\"breadcrumb\":{\"@id\":\"https:\\\/\\\/anivet.lt\\\/elparduotuve\\\/produktas\\\/original-puppy-junior-lasisa\\\/#breadcrumb\"},\"inLanguage\":\"lt-LT\",\"potentialAction\":[{\"@type\":\"ReadAction\",\"target\":[\"https:\\\/\\\/anivet.lt\\\/elparduotuve\\\/produktas\\\/original-puppy-junior-lasisa\\\/\"]}]},{\"@type\":\"ImageObject\",\"inLanguage\":\"lt-LT\",\"@id\":\"https:\\\/\\\/anivet.lt\\\/elparduotuve\\\/produktas\\\/original-puppy-junior-lasisa\\\/#primaryimage\",\"url\":\"https:\\\/\\\/anivet.lt\\\/elparduotuve\\\/wp-content\\\/uploads\\\/2023\\\/08\\\/2kg-original-puppy-juniorlasisa.png\",\"contentUrl\":\"https:\\\/\\\/anivet.lt\\\/elparduotuve\\\/wp-content\\\/uploads\\\/2023\\\/08\\\/2kg-original-puppy-juniorlasisa.png\",\"width\":1031,\"height\":1500,\"caption\":\"Nature's Variety Original Puppy-Junior \u0161uniukams ir jauniems \u0161unims (la\u0161i\u0161a)\"},{\"@type\":\"BreadcrumbList\",\"@id\":\"https:\\\/\\\/anivet.lt\\\/elparduotuve\\\/produktas\\\/original-puppy-junior-lasisa\\\/#breadcrumb\",\"itemListElement\":[{\"@type\":\"ListItem\",\"position\":1,\"name\":\"Home\",\"item\":\"https:\\\/\\\/anivet.lt\\\/elparduotuve\\\/\"},{\"@type\":\"ListItem\",\"position\":2,\"name\":\"Produktai\",\"item\":\"https:\\\/\\\/anivet.lt\\\/elparduotuve\\\/produktai\\\/\"},{\"@type\":\"ListItem\",\"position\":3,\"name\":\"Nature&#8217;s Variety Original Puppy-Junior \u0161uniukams ir jauniems \u0161unims (la\u0161i\u0161a)\"}]},{\"@type\":\"WebSite\",\"@id\":\"https:\\\/\\\/anivet.lt\\\/elparduotuve\\\/#website\",\"url\":\"https:\\\/\\\/anivet.lt\\\/elparduotuve\\\/\",\"name\":\"anivet.lt\",\"description\":\"Viskas J\u016bs\u0173 \u0161uns, kat\u0117s prie\u017ei\u016brai\",\"publisher\":{\"@id\":\"https:\\\/\\\/anivet.lt\\\/elparduotuve\\\/#organization\"},\"alternateName\":\"Viskas J\u016bs\u0173 \u0161uns, kat\u0117s prie\u017ei\u016brai\",\"potentialAction\":[{\"@type\":\"SearchAction\",\"target\":{\"@type\":\"EntryPoint\",\"urlTemplate\":\"https:\\\/\\\/anivet.lt\\\/elparduotuve\\\/?s={search_term_string}\"},\"query-input\":{\"@type\":\"PropertyValueSpecification\",\"valueRequired\":true,\"valueName\":\"search_term_string\"}}],\"inLanguage\":\"lt-LT\"},{\"@type\":\"Organization\",\"@id\":\"https:\\\/\\\/anivet.lt\\\/elparduotuve\\\/#organization\",\"name\":\"Viskas J\u016bs\u0173 \u0161uns, kat\u0117s prie\u017ei\u016brai\",\"url\":\"https:\\\/\\\/anivet.lt\\\/elparduotuve\\\/\",\"logo\":{\"@type\":\"ImageObject\",\"inLanguage\":\"lt-LT\",\"@id\":\"https:\\\/\\\/anivet.lt\\\/elparduotuve\\\/#\\\/schema\\\/logo\\\/image\\\/\",\"url\":\"https:\\\/\\\/anivet.lt\\\/elparduotuve\\\/wp-content\\\/uploads\\\/2023\\\/06\\\/logo2.jpg\",\"contentUrl\":\"https:\\\/\\\/anivet.lt\\\/elparduotuve\\\/wp-content\\\/uploads\\\/2023\\\/06\\\/logo2.jpg\",\"width\":655,\"height\":194,\"caption\":\"Viskas J\u016bs\u0173 \u0161uns, kat\u0117s prie\u017ei\u016brai\"},\"image\":{\"@id\":\"https:\\\/\\\/anivet.lt\\\/elparduotuve\\\/#\\\/schema\\\/logo\\\/image\\\/\"}}]}<\/script>\n<!-- \/ Yoast SEO Premium plugin. -->","yoast_head_json":{"title":"Nature's Variety Original Puppy-Junior \u0161uniukams ir jauniems \u0161unims (la\u0161i\u0161a) - anivet.lt","description":"Subalansuotas, begr\u016bdis maistas, skirtas vis\u0173 veisli\u0173 \u0161uniukams nuo 2 iki 12 m\u0117nesi\u0173 am\u017eiaus. \u0160is pa\u0161aras u\u017etikrina tinkam\u0105 augim\u0105, apr\u016bpindamas \u0161uniukus reikiamomis maistin\u0117mis med\u017eiagomis.","robots":{"index":"index","follow":"follow","max-snippet":"max-snippet:-1","max-image-preview":"max-image-preview:large","max-video-preview":"max-video-preview:-1"},"canonical":"https:\/\/anivet.lt\/elparduotuve\/produktas\/original-puppy-junior-lasisa\/","og_locale":"lt_LT","og_type":"article","og_title":"Nature's Variety Original Puppy-Junior \u0161uniukams ir jauniems \u0161unims (la\u0161i\u0161a)","og_description":"Subalansuotas, begr\u016bdis maistas, skirtas vis\u0173 veisli\u0173 \u0161uniukams nuo 2 iki 12 m\u0117nesi\u0173 am\u017eiaus. \u0160is pa\u0161aras u\u017etikrina tinkam\u0105 augim\u0105, apr\u016bpindamas \u0161uniukus reikiamomis maistin\u0117mis med\u017eiagomis.","og_url":"https:\/\/anivet.lt\/elparduotuve\/produktas\/original-puppy-junior-lasisa\/","og_site_name":"anivet.lt","article_modified_time":"2025-12-29T18:06:34+00:00","og_image":[{"width":1031,"height":1500,"url":"https:\/\/anivet.lt\/elparduotuve\/wp-content\/uploads\/2023\/08\/2kg-original-puppy-juniorlasisa.png","type":"image\/png"}],"twitter_card":"summary_large_image","twitter_misc":{"Est. reading time":"1 minut\u0117"},"schema":{"@context":"https:\/\/schema.org","@graph":[{"@type":"WebPage","@id":"https:\/\/anivet.lt\/elparduotuve\/produktas\/original-puppy-junior-lasisa\/","url":"https:\/\/anivet.lt\/elparduotuve\/produktas\/original-puppy-junior-lasisa\/","name":"Nature's Variety Original Puppy-Junior \u0161uniukams ir jauniems \u0161unims (la\u0161i\u0161a) - anivet.lt","isPartOf":{"@id":"https:\/\/anivet.lt\/elparduotuve\/#website"},"primaryImageOfPage":{"@id":"https:\/\/anivet.lt\/elparduotuve\/produktas\/original-puppy-junior-lasisa\/#primaryimage"},"image":{"@id":"https:\/\/anivet.lt\/elparduotuve\/produktas\/original-puppy-junior-lasisa\/#primaryimage"},"thumbnailUrl":"https:\/\/anivet.lt\/elparduotuve\/wp-content\/uploads\/2023\/08\/2kg-original-puppy-juniorlasisa.png","datePublished":"2023-08-23T09:20:43+00:00","dateModified":"2025-12-29T18:06:34+00:00","description":"Subalansuotas, begr\u016bdis maistas, skirtas vis\u0173 veisli\u0173 \u0161uniukams nuo 2 iki 12 m\u0117nesi\u0173 am\u017eiaus. \u0160is pa\u0161aras u\u017etikrina tinkam\u0105 augim\u0105, apr\u016bpindamas \u0161uniukus reikiamomis maistin\u0117mis med\u017eiagomis.","breadcrumb":{"@id":"https:\/\/anivet.lt\/elparduotuve\/produktas\/original-puppy-junior-lasisa\/#breadcrumb"},"inLanguage":"lt-LT","potentialAction":[{"@type":"ReadAction","target":["https:\/\/anivet.lt\/elparduotuve\/produktas\/original-puppy-junior-lasisa\/"]}]},{"@type":"ImageObject","inLanguage":"lt-LT","@id":"https:\/\/anivet.lt\/elparduotuve\/produktas\/original-puppy-junior-lasisa\/#primaryimage","url":"https:\/\/anivet.lt\/elparduotuve\/wp-content\/uploads\/2023\/08\/2kg-original-puppy-juniorlasisa.png","contentUrl":"https:\/\/anivet.lt\/elparduotuve\/wp-content\/uploads\/2023\/08\/2kg-original-puppy-juniorlasisa.png","width":1031,"height":1500,"caption":"Nature's Variety Original Puppy-Junior \u0161uniukams ir jauniems \u0161unims (la\u0161i\u0161a)"},{"@type":"BreadcrumbList","@id":"https:\/\/anivet.lt\/elparduotuve\/produktas\/original-puppy-junior-lasisa\/#breadcrumb","itemListElement":[{"@type":"ListItem","position":1,"name":"Home","item":"https:\/\/anivet.lt\/elparduotuve\/"},{"@type":"ListItem","position":2,"name":"Produktai","item":"https:\/\/anivet.lt\/elparduotuve\/produktai\/"},{"@type":"ListItem","position":3,"name":"Nature&#8217;s Variety Original Puppy-Junior \u0161uniukams ir jauniems \u0161unims (la\u0161i\u0161a)"}]},{"@type":"WebSite","@id":"https:\/\/anivet.lt\/elparduotuve\/#website","url":"https:\/\/anivet.lt\/elparduotuve\/","name":"anivet.lt","description":"Viskas J\u016bs\u0173 \u0161uns, kat\u0117s prie\u017ei\u016brai","publisher":{"@id":"https:\/\/anivet.lt\/elparduotuve\/#organization"},"alternateName":"Viskas J\u016bs\u0173 \u0161uns, kat\u0117s prie\u017ei\u016brai","potentialAction":[{"@type":"SearchAction","target":{"@type":"EntryPoint","urlTemplate":"https:\/\/anivet.lt\/elparduotuve\/?s={search_term_string}"},"query-input":{"@type":"PropertyValueSpecification","valueRequired":true,"valueName":"search_term_string"}}],"inLanguage":"lt-LT"},{"@type":"Organization","@id":"https:\/\/anivet.lt\/elparduotuve\/#organization","name":"Viskas J\u016bs\u0173 \u0161uns, kat\u0117s prie\u017ei\u016brai","url":"https:\/\/anivet.lt\/elparduotuve\/","logo":{"@type":"ImageObject","inLanguage":"lt-LT","@id":"https:\/\/anivet.lt\/elparduotuve\/#\/schema\/logo\/image\/","url":"https:\/\/anivet.lt\/elparduotuve\/wp-content\/uploads\/2023\/06\/logo2.jpg","contentUrl":"https:\/\/anivet.lt\/elparduotuve\/wp-content\/uploads\/2023\/06\/logo2.jpg","width":655,"height":194,"caption":"Viskas J\u016bs\u0173 \u0161uns, kat\u0117s prie\u017ei\u016brai"},"image":{"@id":"https:\/\/anivet.lt\/elparduotuve\/#\/schema\/logo\/image\/"}}]}},"_links":{"self":[{"href":"https:\/\/anivet.lt\/elparduotuve\/wp-json\/wp\/v2\/product\/11218","targetHints":{"allow":["GET"]}}],"collection":[{"href":"https:\/\/anivet.lt\/elparduotuve\/wp-json\/wp\/v2\/product"}],"about":[{"href":"https:\/\/anivet.lt\/elparduotuve\/wp-json\/wp\/v2\/types\/product"}],"wp:featuredmedia":[{"embeddable":true,"href":"https:\/\/anivet.lt\/elparduotuve\/wp-json\/wp\/v2\/media\/11220"}],"wp:attachment":[{"href":"https:\/\/anivet.lt\/elparduotuve\/wp-json\/wp\/v2\/media?parent=11218"}],"wp:term":[{"taxonomy":"product_brand","embeddable":true,"href":"https:\/\/anivet.lt\/elparduotuve\/wp-json\/wp\/v2\/product_brand?post=11218"},{"taxonomy":"product_cat","embeddable":true,"href":"https:\/\/anivet.lt\/elparduotuve\/wp-json\/wp\/v2\/product_cat?post=11218"},{"taxonomy":"product_tag","embeddable":true,"href":"https:\/\/anivet.lt\/elparduotuve\/wp-json\/wp\/v2\/product_tag?post=11218"}],"curies":[{"name":"wp","href":"https:\/\/api.w.org\/{rel}","templated":true}]}}