{"id":11246,"date":"2023-08-23T10:22:13","date_gmt":"2023-08-23T10:22:13","guid":{"rendered":"https:\/\/anivet.lt\/elparduotuve\/?post_type=product&#038;p=11246"},"modified":"2026-02-23T11:34:05","modified_gmt":"2026-02-23T11:34:05","slug":"original-mini-adult-lasisa","status":"publish","type":"product","link":"https:\/\/anivet.lt\/elparduotuve\/produktas\/original-mini-adult-lasisa\/","title":{"rendered":"Nature&#8217;s Variety No Grain Mini Adult suaugusiems \u0161unims (la\u0161i\u0161a)"},"content":{"rendered":"<ul>\n<li style=\"font-weight: 400;\" aria-level=\"1\"><span style=\"font-weight: 400;\">Auk\u0161tos kokyb\u0117s baltymai: I\u0161kaulinta la\u0161i\u0161a (21%) ir d\u017eiovinti tun\u0173 baltymai (14%) suteikia b\u016btinas aminor\u016bg\u0161tis ir energij\u0105.<\/span><\/li>\n<li style=\"font-weight: 400;\" aria-level=\"1\"><span style=\"font-weight: 400;\">Be gr\u016bd\u0173: Tinka \u0161unims, jautriems gr\u016bdams ar glitimui.<\/span><\/li>\n<li style=\"font-weight: 400;\" aria-level=\"1\"><span style=\"font-weight: 400;\">Nat\u016bral\u016bs ingredientai: \u017dirniai, bulv\u0117s, avin\u017eirniai, morkos ir obuoliai praturtina pa\u0161ar\u0105 vitaminais ir skaidulomis.<\/span><\/li>\n<li style=\"font-weight: 400;\" aria-level=\"1\"><span style=\"font-weight: 400;\">Sveikas vir\u0161kinimas: \u017dirni\u0173 skaidulos ir d\u017eiovinta cikorijos \u0161aknis palaiko ger\u0105 vir\u0161kinim\u0105 ir \u017earnyno sveikat\u0105.<\/span><\/li>\n<li style=\"font-weight: 400;\" aria-level=\"1\"><span style=\"font-weight: 400;\">Sveika oda ir kailis: Omega-3 (1%) ir Omega-6 (2.8%) riebiosios r\u016bg\u0161tys padeda i\u0161laikyti sveik\u0105 od\u0105 bei kail\u012f.<\/span><\/li>\n<\/ul>\n<p><span style=\"font-weight: 400;\">\u0160is maistingas ir gardus pa\u0161aras yra idealus pasirinkimas ma\u017e\u0173 veisli\u0173 \u0161unims, u\u017etikrinant j\u0173 sveikat\u0105, energij\u0105 ir kasdien\u012f gerov\u0117s jausm\u0105.<\/span><\/p>\n","protected":false},"excerpt":{"rendered":"<p><span style=\"font-weight: 400;\">Visavertis ir pilnai subalansuotas ma\u017e\u0173 veisli\u0173 suaugusi\u0173 \u0161un\u0173 maistas su la\u0161i\u0161a. Begr\u016bd\u0117 formul\u0117, praturtinta vaisiais, dar\u017eov\u0117mis ir nat\u016braliais angliavandeni\u0173 \u0161altiniais, u\u017etikrina visapusi\u0161k\u0105 augintinio mityb\u0105.<\/span><\/p>\n","protected":false},"featured_media":16663,"template":"","meta":[],"product_brand":[],"product_cat":[101,103,104,335],"product_tag":[],"class_list":{"0":"post-11246","1":"product","2":"type-product","3":"status-publish","4":"has-post-thumbnail","6":"product_cat-sunims","7":"product_cat-sunu-maistas","8":"product_cat-sausas-maistas","9":"product_cat-natures-variety-sunu-maistas","10":"pa_prekinis-zenklas-natures-variety","12":"first","13":"instock","14":"taxable","15":"shipping-taxable","16":"purchasable","17":"product-type-variable"},"yoast_head":"<!-- This site is optimized with the Yoast SEO Premium plugin v27.1 (Yoast SEO v27.3) - https:\/\/yoast.com\/product\/yoast-seo-premium-wordpress\/ -->\n<title>Nature&#039;s Variety No Grain Mini Adult suaugusiems \u0161unims (la\u0161i\u0161a) - anivet.lt<\/title>\n<meta name=\"description\" content=\"Visavertis ir pilnai subalansuotas ma\u017e\u0173 veisli\u0173 suaugusi\u0173 \u0161un\u0173 maistas su la\u0161i\u0161a. Begr\u016bd\u0117 formul\u0117, praturtinta vaisiais, dar\u017eov\u0117mis ir nat\u016braliais angliavandeni\u0173 \u0161altiniais, u\u017etikrina visapusi\u0161k\u0105 augintinio mityb\u0105.\" \/>\n<meta name=\"robots\" content=\"index, follow, max-snippet:-1, max-image-preview:large, max-video-preview:-1\" \/>\n<link rel=\"canonical\" href=\"https:\/\/anivet.lt\/elparduotuve\/produktas\/original-mini-adult-lasisa\/\" \/>\n<meta property=\"og:locale\" content=\"lt_LT\" \/>\n<meta property=\"og:type\" content=\"article\" \/>\n<meta property=\"og:title\" content=\"Nature&#039;s Variety No Grain Mini Adult suaugusiems \u0161unims (la\u0161i\u0161a)\" \/>\n<meta property=\"og:description\" content=\"Visavertis ir pilnai subalansuotas ma\u017e\u0173 veisli\u0173 suaugusi\u0173 \u0161un\u0173 maistas su la\u0161i\u0161a. Begr\u016bd\u0117 formul\u0117, praturtinta vaisiais, dar\u017eov\u0117mis ir nat\u016braliais angliavandeni\u0173 \u0161altiniais, u\u017etikrina visapusi\u0161k\u0105 augintinio mityb\u0105.\" \/>\n<meta property=\"og:url\" content=\"https:\/\/anivet.lt\/elparduotuve\/produktas\/original-mini-adult-lasisa\/\" \/>\n<meta property=\"og:site_name\" content=\"anivet.lt\" \/>\n<meta property=\"article:modified_time\" content=\"2026-02-23T11:34:05+00:00\" \/>\n<meta property=\"og:image\" content=\"https:\/\/anivet.lt\/elparduotuve\/wp-content\/uploads\/2023\/08\/No-Grain-Mini-Adult-Salmon.jpg\" \/>\n\t<meta property=\"og:image:width\" content=\"1024\" \/>\n\t<meta property=\"og:image:height\" content=\"1024\" \/>\n\t<meta property=\"og:image:type\" content=\"image\/jpeg\" \/>\n<meta name=\"twitter:card\" content=\"summary_large_image\" \/>\n<meta name=\"twitter:label1\" content=\"Est. reading time\" \/>\n\t<meta name=\"twitter:data1\" content=\"1 minut\u0117\" \/>\n<script type=\"application\/ld+json\" class=\"yoast-schema-graph\">{\"@context\":\"https:\\\/\\\/schema.org\",\"@graph\":[{\"@type\":\"WebPage\",\"@id\":\"https:\\\/\\\/anivet.lt\\\/elparduotuve\\\/produktas\\\/original-mini-adult-lasisa\\\/\",\"url\":\"https:\\\/\\\/anivet.lt\\\/elparduotuve\\\/produktas\\\/original-mini-adult-lasisa\\\/\",\"name\":\"Nature's Variety No Grain Mini Adult suaugusiems \u0161unims (la\u0161i\u0161a) - anivet.lt\",\"isPartOf\":{\"@id\":\"https:\\\/\\\/anivet.lt\\\/elparduotuve\\\/#website\"},\"primaryImageOfPage\":{\"@id\":\"https:\\\/\\\/anivet.lt\\\/elparduotuve\\\/produktas\\\/original-mini-adult-lasisa\\\/#primaryimage\"},\"image\":{\"@id\":\"https:\\\/\\\/anivet.lt\\\/elparduotuve\\\/produktas\\\/original-mini-adult-lasisa\\\/#primaryimage\"},\"thumbnailUrl\":\"https:\\\/\\\/anivet.lt\\\/elparduotuve\\\/wp-content\\\/uploads\\\/2023\\\/08\\\/No-Grain-Mini-Adult-Salmon.jpg\",\"datePublished\":\"2023-08-23T10:22:13+00:00\",\"dateModified\":\"2026-02-23T11:34:05+00:00\",\"description\":\"Visavertis ir pilnai subalansuotas ma\u017e\u0173 veisli\u0173 suaugusi\u0173 \u0161un\u0173 maistas su la\u0161i\u0161a. Begr\u016bd\u0117 formul\u0117, praturtinta vaisiais, dar\u017eov\u0117mis ir nat\u016braliais angliavandeni\u0173 \u0161altiniais, u\u017etikrina visapusi\u0161k\u0105 augintinio mityb\u0105.\",\"breadcrumb\":{\"@id\":\"https:\\\/\\\/anivet.lt\\\/elparduotuve\\\/produktas\\\/original-mini-adult-lasisa\\\/#breadcrumb\"},\"inLanguage\":\"lt-LT\",\"potentialAction\":[{\"@type\":\"ReadAction\",\"target\":[\"https:\\\/\\\/anivet.lt\\\/elparduotuve\\\/produktas\\\/original-mini-adult-lasisa\\\/\"]}]},{\"@type\":\"ImageObject\",\"inLanguage\":\"lt-LT\",\"@id\":\"https:\\\/\\\/anivet.lt\\\/elparduotuve\\\/produktas\\\/original-mini-adult-lasisa\\\/#primaryimage\",\"url\":\"https:\\\/\\\/anivet.lt\\\/elparduotuve\\\/wp-content\\\/uploads\\\/2023\\\/08\\\/No-Grain-Mini-Adult-Salmon.jpg\",\"contentUrl\":\"https:\\\/\\\/anivet.lt\\\/elparduotuve\\\/wp-content\\\/uploads\\\/2023\\\/08\\\/No-Grain-Mini-Adult-Salmon.jpg\",\"width\":1024,\"height\":1024,\"caption\":\"Nature's Variety No Grain Mini Adult suaugusiems \u0161unims (la\u0161i\u0161a)\"},{\"@type\":\"BreadcrumbList\",\"@id\":\"https:\\\/\\\/anivet.lt\\\/elparduotuve\\\/produktas\\\/original-mini-adult-lasisa\\\/#breadcrumb\",\"itemListElement\":[{\"@type\":\"ListItem\",\"position\":1,\"name\":\"Home\",\"item\":\"https:\\\/\\\/anivet.lt\\\/elparduotuve\\\/\"},{\"@type\":\"ListItem\",\"position\":2,\"name\":\"Produktai\",\"item\":\"https:\\\/\\\/anivet.lt\\\/elparduotuve\\\/produktai\\\/\"},{\"@type\":\"ListItem\",\"position\":3,\"name\":\"Nature&#8217;s Variety No Grain Mini Adult suaugusiems \u0161unims (la\u0161i\u0161a)\"}]},{\"@type\":\"WebSite\",\"@id\":\"https:\\\/\\\/anivet.lt\\\/elparduotuve\\\/#website\",\"url\":\"https:\\\/\\\/anivet.lt\\\/elparduotuve\\\/\",\"name\":\"anivet.lt\",\"description\":\"Viskas J\u016bs\u0173 \u0161uns, kat\u0117s prie\u017ei\u016brai\",\"publisher\":{\"@id\":\"https:\\\/\\\/anivet.lt\\\/elparduotuve\\\/#organization\"},\"alternateName\":\"Viskas J\u016bs\u0173 \u0161uns, kat\u0117s prie\u017ei\u016brai\",\"potentialAction\":[{\"@type\":\"SearchAction\",\"target\":{\"@type\":\"EntryPoint\",\"urlTemplate\":\"https:\\\/\\\/anivet.lt\\\/elparduotuve\\\/?s={search_term_string}\"},\"query-input\":{\"@type\":\"PropertyValueSpecification\",\"valueRequired\":true,\"valueName\":\"search_term_string\"}}],\"inLanguage\":\"lt-LT\"},{\"@type\":\"Organization\",\"@id\":\"https:\\\/\\\/anivet.lt\\\/elparduotuve\\\/#organization\",\"name\":\"Viskas J\u016bs\u0173 \u0161uns, kat\u0117s prie\u017ei\u016brai\",\"url\":\"https:\\\/\\\/anivet.lt\\\/elparduotuve\\\/\",\"logo\":{\"@type\":\"ImageObject\",\"inLanguage\":\"lt-LT\",\"@id\":\"https:\\\/\\\/anivet.lt\\\/elparduotuve\\\/#\\\/schema\\\/logo\\\/image\\\/\",\"url\":\"https:\\\/\\\/anivet.lt\\\/elparduotuve\\\/wp-content\\\/uploads\\\/2023\\\/06\\\/logo2.jpg\",\"contentUrl\":\"https:\\\/\\\/anivet.lt\\\/elparduotuve\\\/wp-content\\\/uploads\\\/2023\\\/06\\\/logo2.jpg\",\"width\":655,\"height\":194,\"caption\":\"Viskas J\u016bs\u0173 \u0161uns, kat\u0117s prie\u017ei\u016brai\"},\"image\":{\"@id\":\"https:\\\/\\\/anivet.lt\\\/elparduotuve\\\/#\\\/schema\\\/logo\\\/image\\\/\"}}]}<\/script>\n<!-- \/ Yoast SEO Premium plugin. -->","yoast_head_json":{"title":"Nature's Variety No Grain Mini Adult suaugusiems \u0161unims (la\u0161i\u0161a) - anivet.lt","description":"Visavertis ir pilnai subalansuotas ma\u017e\u0173 veisli\u0173 suaugusi\u0173 \u0161un\u0173 maistas su la\u0161i\u0161a. Begr\u016bd\u0117 formul\u0117, praturtinta vaisiais, dar\u017eov\u0117mis ir nat\u016braliais angliavandeni\u0173 \u0161altiniais, u\u017etikrina visapusi\u0161k\u0105 augintinio mityb\u0105.","robots":{"index":"index","follow":"follow","max-snippet":"max-snippet:-1","max-image-preview":"max-image-preview:large","max-video-preview":"max-video-preview:-1"},"canonical":"https:\/\/anivet.lt\/elparduotuve\/produktas\/original-mini-adult-lasisa\/","og_locale":"lt_LT","og_type":"article","og_title":"Nature's Variety No Grain Mini Adult suaugusiems \u0161unims (la\u0161i\u0161a)","og_description":"Visavertis ir pilnai subalansuotas ma\u017e\u0173 veisli\u0173 suaugusi\u0173 \u0161un\u0173 maistas su la\u0161i\u0161a. Begr\u016bd\u0117 formul\u0117, praturtinta vaisiais, dar\u017eov\u0117mis ir nat\u016braliais angliavandeni\u0173 \u0161altiniais, u\u017etikrina visapusi\u0161k\u0105 augintinio mityb\u0105.","og_url":"https:\/\/anivet.lt\/elparduotuve\/produktas\/original-mini-adult-lasisa\/","og_site_name":"anivet.lt","article_modified_time":"2026-02-23T11:34:05+00:00","og_image":[{"width":1024,"height":1024,"url":"https:\/\/anivet.lt\/elparduotuve\/wp-content\/uploads\/2023\/08\/No-Grain-Mini-Adult-Salmon.jpg","type":"image\/jpeg"}],"twitter_card":"summary_large_image","twitter_misc":{"Est. reading time":"1 minut\u0117"},"schema":{"@context":"https:\/\/schema.org","@graph":[{"@type":"WebPage","@id":"https:\/\/anivet.lt\/elparduotuve\/produktas\/original-mini-adult-lasisa\/","url":"https:\/\/anivet.lt\/elparduotuve\/produktas\/original-mini-adult-lasisa\/","name":"Nature's Variety No Grain Mini Adult suaugusiems \u0161unims (la\u0161i\u0161a) - anivet.lt","isPartOf":{"@id":"https:\/\/anivet.lt\/elparduotuve\/#website"},"primaryImageOfPage":{"@id":"https:\/\/anivet.lt\/elparduotuve\/produktas\/original-mini-adult-lasisa\/#primaryimage"},"image":{"@id":"https:\/\/anivet.lt\/elparduotuve\/produktas\/original-mini-adult-lasisa\/#primaryimage"},"thumbnailUrl":"https:\/\/anivet.lt\/elparduotuve\/wp-content\/uploads\/2023\/08\/No-Grain-Mini-Adult-Salmon.jpg","datePublished":"2023-08-23T10:22:13+00:00","dateModified":"2026-02-23T11:34:05+00:00","description":"Visavertis ir pilnai subalansuotas ma\u017e\u0173 veisli\u0173 suaugusi\u0173 \u0161un\u0173 maistas su la\u0161i\u0161a. Begr\u016bd\u0117 formul\u0117, praturtinta vaisiais, dar\u017eov\u0117mis ir nat\u016braliais angliavandeni\u0173 \u0161altiniais, u\u017etikrina visapusi\u0161k\u0105 augintinio mityb\u0105.","breadcrumb":{"@id":"https:\/\/anivet.lt\/elparduotuve\/produktas\/original-mini-adult-lasisa\/#breadcrumb"},"inLanguage":"lt-LT","potentialAction":[{"@type":"ReadAction","target":["https:\/\/anivet.lt\/elparduotuve\/produktas\/original-mini-adult-lasisa\/"]}]},{"@type":"ImageObject","inLanguage":"lt-LT","@id":"https:\/\/anivet.lt\/elparduotuve\/produktas\/original-mini-adult-lasisa\/#primaryimage","url":"https:\/\/anivet.lt\/elparduotuve\/wp-content\/uploads\/2023\/08\/No-Grain-Mini-Adult-Salmon.jpg","contentUrl":"https:\/\/anivet.lt\/elparduotuve\/wp-content\/uploads\/2023\/08\/No-Grain-Mini-Adult-Salmon.jpg","width":1024,"height":1024,"caption":"Nature's Variety No Grain Mini Adult suaugusiems \u0161unims (la\u0161i\u0161a)"},{"@type":"BreadcrumbList","@id":"https:\/\/anivet.lt\/elparduotuve\/produktas\/original-mini-adult-lasisa\/#breadcrumb","itemListElement":[{"@type":"ListItem","position":1,"name":"Home","item":"https:\/\/anivet.lt\/elparduotuve\/"},{"@type":"ListItem","position":2,"name":"Produktai","item":"https:\/\/anivet.lt\/elparduotuve\/produktai\/"},{"@type":"ListItem","position":3,"name":"Nature&#8217;s Variety No Grain Mini Adult suaugusiems \u0161unims (la\u0161i\u0161a)"}]},{"@type":"WebSite","@id":"https:\/\/anivet.lt\/elparduotuve\/#website","url":"https:\/\/anivet.lt\/elparduotuve\/","name":"anivet.lt","description":"Viskas J\u016bs\u0173 \u0161uns, kat\u0117s prie\u017ei\u016brai","publisher":{"@id":"https:\/\/anivet.lt\/elparduotuve\/#organization"},"alternateName":"Viskas J\u016bs\u0173 \u0161uns, kat\u0117s prie\u017ei\u016brai","potentialAction":[{"@type":"SearchAction","target":{"@type":"EntryPoint","urlTemplate":"https:\/\/anivet.lt\/elparduotuve\/?s={search_term_string}"},"query-input":{"@type":"PropertyValueSpecification","valueRequired":true,"valueName":"search_term_string"}}],"inLanguage":"lt-LT"},{"@type":"Organization","@id":"https:\/\/anivet.lt\/elparduotuve\/#organization","name":"Viskas J\u016bs\u0173 \u0161uns, kat\u0117s prie\u017ei\u016brai","url":"https:\/\/anivet.lt\/elparduotuve\/","logo":{"@type":"ImageObject","inLanguage":"lt-LT","@id":"https:\/\/anivet.lt\/elparduotuve\/#\/schema\/logo\/image\/","url":"https:\/\/anivet.lt\/elparduotuve\/wp-content\/uploads\/2023\/06\/logo2.jpg","contentUrl":"https:\/\/anivet.lt\/elparduotuve\/wp-content\/uploads\/2023\/06\/logo2.jpg","width":655,"height":194,"caption":"Viskas J\u016bs\u0173 \u0161uns, kat\u0117s prie\u017ei\u016brai"},"image":{"@id":"https:\/\/anivet.lt\/elparduotuve\/#\/schema\/logo\/image\/"}}]}},"_links":{"self":[{"href":"https:\/\/anivet.lt\/elparduotuve\/wp-json\/wp\/v2\/product\/11246","targetHints":{"allow":["GET"]}}],"collection":[{"href":"https:\/\/anivet.lt\/elparduotuve\/wp-json\/wp\/v2\/product"}],"about":[{"href":"https:\/\/anivet.lt\/elparduotuve\/wp-json\/wp\/v2\/types\/product"}],"wp:featuredmedia":[{"embeddable":true,"href":"https:\/\/anivet.lt\/elparduotuve\/wp-json\/wp\/v2\/media\/16663"}],"wp:attachment":[{"href":"https:\/\/anivet.lt\/elparduotuve\/wp-json\/wp\/v2\/media?parent=11246"}],"wp:term":[{"taxonomy":"product_brand","embeddable":true,"href":"https:\/\/anivet.lt\/elparduotuve\/wp-json\/wp\/v2\/product_brand?post=11246"},{"taxonomy":"product_cat","embeddable":true,"href":"https:\/\/anivet.lt\/elparduotuve\/wp-json\/wp\/v2\/product_cat?post=11246"},{"taxonomy":"product_tag","embeddable":true,"href":"https:\/\/anivet.lt\/elparduotuve\/wp-json\/wp\/v2\/product_tag?post=11246"}],"curies":[{"name":"wp","href":"https:\/\/api.w.org\/{rel}","templated":true}]}}