{"id":11259,"date":"2023-08-23T10:43:50","date_gmt":"2023-08-23T10:43:50","guid":{"rendered":"https:\/\/anivet.lt\/elparduotuve\/?post_type=product&#038;p=11259"},"modified":"2025-05-27T13:17:22","modified_gmt":"2025-05-27T13:17:22","slug":"josera-marinesse-sausas-maistas-katems","status":"publish","type":"product","link":"https:\/\/anivet.lt\/elparduotuve\/produktas\/josera-marinesse-sausas-maistas-katems\/","title":{"rendered":"Josera Marinesse sausas maistas kat\u0117ms"},"content":{"rendered":"<p><span style=\"font-weight: 400\">\u0160is unikalios sud\u0117ties sausas maistas su daug gard\u017eios la\u0161i\u0161os yra idealus \u017euvies m\u0117g\u0117jams ir jautrioms kat\u0117ms. Be gr\u016bd\u0173 ir su gerai toleruojamais baltymais, \u201eJosera Marinesse\u201c u\u017etikrina lengv\u0105 vir\u0161kinim\u0105 ir subalansuot\u0105 mityb\u0105.<\/span><\/p>\n<ul>\n<li style=\"font-weight: 400\"><span style=\"font-weight: 400\">La\u0161i\u0161a kaip pagrindinis baltym\u0173 \u0161altinis: 30 % la\u0161i\u0161os u\u017etikrina auk\u0161tos kokyb\u0117s baltymus.<\/span><\/li>\n<li style=\"font-weight: 400\"><span style=\"font-weight: 400\">Be gr\u016bd\u0173: Tinka jautrioms kat\u0117ms ir netoleruojan\u010dioms kito maisto.<\/span><\/li>\n<li style=\"font-weight: 400\"><span style=\"font-weight: 400\">Gerai toleruojama formul\u0117: La\u0161i\u0161a, bulv\u0117s ir \u017eirniai palengvina vir\u0161kinim\u0105.<\/span><\/li>\n<li style=\"font-weight: 400\"><span style=\"font-weight: 400\">\u0160lapimo tak\u0173 apsauga: Palaiko optimal\u0173 6,0\u20136,5 pH, padeda i\u0161vengti akmen\u0173 susidarymo.<\/span><\/li>\n<li style=\"font-weight: 400\"><span style=\"font-weight: 400\">Hipoalergin\u0117 sud\u0117tis: Tinkama kat\u0117ms, linkusioms \u012f alergijas.<\/span><\/li>\n<\/ul>\n<p><span style=\"font-weight: 400\">\u201eJosera Marinesse\u201c yra puikus pasirinkimas kat\u0117ms, kurios m\u0117gsta \u017euv\u012f arba susiduria su maisto netoleravimo problemomis. Subalansuota sud\u0117tis, be gr\u016bd\u0173 ir su nat\u016braliais ingredientais, u\u017etikrina puik\u0173 vir\u0161kinim\u0105 ir visavert\u0119 mityb\u0105.\u00a0<\/span><\/p>\n","protected":false},"excerpt":{"rendered":"<p>\u0160is unikalios sud\u0117ties sausas maistas su daug gard\u017eios la\u0161i\u0161os yra idealus \u017euvies m\u0117g\u0117jams ir jautrioms kat\u0117ms. Be gr\u016bd\u0173 ir su<\/p>\n","protected":false},"featured_media":11264,"template":"","meta":[],"product_brand":[],"product_cat":[114,115,102,342],"product_tag":[],"class_list":{"0":"post-11259","1":"product","2":"type-product","3":"status-publish","4":"has-post-thumbnail","6":"product_cat-kaciu-maistas","7":"product_cat-sausas-maistas-ir-skanestai-katems","8":"product_cat-katems","9":"product_cat-josera-kaciu-maistas","10":"pa_prekinis-zenklas-josera","12":"first","13":"instock","14":"taxable","15":"shipping-taxable","16":"purchasable","17":"product-type-variable"},"yoast_head":"<!-- This site is optimized with the Yoast SEO Premium plugin v27.1 (Yoast SEO v27.5) - https:\/\/yoast.com\/product\/yoast-seo-premium-wordpress\/ -->\n<title>Josera Marinesse sausas maistas kat\u0117ms - anivet.lt<\/title>\n<meta name=\"description\" content=\"\u0160is unikalios sud\u0117ties sausas maistas su daug gard\u017eios la\u0161i\u0161os yra idealus \u017euvies m\u0117g\u0117jams ir jautrioms kat\u0117ms. Be gr\u016bd\u0173 ir su gerai toleruojamais\" \/>\n<meta name=\"robots\" content=\"index, follow, max-snippet:-1, max-image-preview:large, max-video-preview:-1\" \/>\n<link rel=\"canonical\" href=\"https:\/\/anivet.lt\/elparduotuve\/produktas\/josera-marinesse-sausas-maistas-katems\/\" \/>\n<meta property=\"og:locale\" content=\"lt_LT\" \/>\n<meta property=\"og:type\" content=\"article\" \/>\n<meta property=\"og:title\" content=\"Josera Marinesse sausas maistas kat\u0117ms\" \/>\n<meta property=\"og:description\" content=\"\u0160is unikalios sud\u0117ties sausas maistas su daug gard\u017eios la\u0161i\u0161os yra idealus \u017euvies m\u0117g\u0117jams ir jautrioms kat\u0117ms. Be gr\u016bd\u0173 ir su gerai toleruojamais\" \/>\n<meta property=\"og:url\" content=\"https:\/\/anivet.lt\/elparduotuve\/produktas\/josera-marinesse-sausas-maistas-katems\/\" \/>\n<meta property=\"og:site_name\" content=\"anivet.lt\" \/>\n<meta property=\"article:modified_time\" content=\"2025-05-27T13:17:22+00:00\" \/>\n<meta property=\"og:image\" content=\"https:\/\/anivet.lt\/elparduotuve\/wp-content\/uploads\/2023\/08\/01_JOSERA_Marinesse_2-4.25-10kg_LT.png\" \/>\n\t<meta property=\"og:image:width\" content=\"1200\" \/>\n\t<meta property=\"og:image:height\" content=\"1000\" \/>\n\t<meta property=\"og:image:type\" content=\"image\/png\" \/>\n<meta name=\"twitter:card\" content=\"summary_large_image\" \/>\n<meta name=\"twitter:label1\" content=\"Est. reading time\" \/>\n\t<meta name=\"twitter:data1\" content=\"1 minut\u0117\" \/>\n<script type=\"application\/ld+json\" class=\"yoast-schema-graph\">{\"@context\":\"https:\\\/\\\/schema.org\",\"@graph\":[{\"@type\":\"WebPage\",\"@id\":\"https:\\\/\\\/anivet.lt\\\/elparduotuve\\\/produktas\\\/josera-marinesse-sausas-maistas-katems\\\/\",\"url\":\"https:\\\/\\\/anivet.lt\\\/elparduotuve\\\/produktas\\\/josera-marinesse-sausas-maistas-katems\\\/\",\"name\":\"Josera Marinesse sausas maistas kat\u0117ms - anivet.lt\",\"isPartOf\":{\"@id\":\"https:\\\/\\\/anivet.lt\\\/elparduotuve\\\/#website\"},\"primaryImageOfPage\":{\"@id\":\"https:\\\/\\\/anivet.lt\\\/elparduotuve\\\/produktas\\\/josera-marinesse-sausas-maistas-katems\\\/#primaryimage\"},\"image\":{\"@id\":\"https:\\\/\\\/anivet.lt\\\/elparduotuve\\\/produktas\\\/josera-marinesse-sausas-maistas-katems\\\/#primaryimage\"},\"thumbnailUrl\":\"https:\\\/\\\/anivet.lt\\\/elparduotuve\\\/wp-content\\\/uploads\\\/2023\\\/08\\\/01_JOSERA_Marinesse_2-4.25-10kg_LT.png\",\"datePublished\":\"2023-08-23T10:43:50+00:00\",\"dateModified\":\"2025-05-27T13:17:22+00:00\",\"description\":\"\u0160is unikalios sud\u0117ties sausas maistas su daug gard\u017eios la\u0161i\u0161os yra idealus \u017euvies m\u0117g\u0117jams ir jautrioms kat\u0117ms. Be gr\u016bd\u0173 ir su gerai toleruojamais\",\"breadcrumb\":{\"@id\":\"https:\\\/\\\/anivet.lt\\\/elparduotuve\\\/produktas\\\/josera-marinesse-sausas-maistas-katems\\\/#breadcrumb\"},\"inLanguage\":\"lt-LT\",\"potentialAction\":[{\"@type\":\"ReadAction\",\"target\":[\"https:\\\/\\\/anivet.lt\\\/elparduotuve\\\/produktas\\\/josera-marinesse-sausas-maistas-katems\\\/\"]}]},{\"@type\":\"ImageObject\",\"inLanguage\":\"lt-LT\",\"@id\":\"https:\\\/\\\/anivet.lt\\\/elparduotuve\\\/produktas\\\/josera-marinesse-sausas-maistas-katems\\\/#primaryimage\",\"url\":\"https:\\\/\\\/anivet.lt\\\/elparduotuve\\\/wp-content\\\/uploads\\\/2023\\\/08\\\/01_JOSERA_Marinesse_2-4.25-10kg_LT.png\",\"contentUrl\":\"https:\\\/\\\/anivet.lt\\\/elparduotuve\\\/wp-content\\\/uploads\\\/2023\\\/08\\\/01_JOSERA_Marinesse_2-4.25-10kg_LT.png\",\"width\":1200,\"height\":1000,\"caption\":\"Josera Marinesse sausas maistas kat\u0117ms - 2kg.\"},{\"@type\":\"BreadcrumbList\",\"@id\":\"https:\\\/\\\/anivet.lt\\\/elparduotuve\\\/produktas\\\/josera-marinesse-sausas-maistas-katems\\\/#breadcrumb\",\"itemListElement\":[{\"@type\":\"ListItem\",\"position\":1,\"name\":\"Home\",\"item\":\"https:\\\/\\\/anivet.lt\\\/elparduotuve\\\/\"},{\"@type\":\"ListItem\",\"position\":2,\"name\":\"Produktai\",\"item\":\"https:\\\/\\\/anivet.lt\\\/elparduotuve\\\/produktai\\\/\"},{\"@type\":\"ListItem\",\"position\":3,\"name\":\"Josera Marinesse sausas maistas kat\u0117ms\"}]},{\"@type\":\"WebSite\",\"@id\":\"https:\\\/\\\/anivet.lt\\\/elparduotuve\\\/#website\",\"url\":\"https:\\\/\\\/anivet.lt\\\/elparduotuve\\\/\",\"name\":\"anivet.lt\",\"description\":\"Viskas J\u016bs\u0173 \u0161uns, kat\u0117s prie\u017ei\u016brai\",\"publisher\":{\"@id\":\"https:\\\/\\\/anivet.lt\\\/elparduotuve\\\/#organization\"},\"alternateName\":\"Viskas J\u016bs\u0173 \u0161uns, kat\u0117s prie\u017ei\u016brai\",\"potentialAction\":[{\"@type\":\"SearchAction\",\"target\":{\"@type\":\"EntryPoint\",\"urlTemplate\":\"https:\\\/\\\/anivet.lt\\\/elparduotuve\\\/?s={search_term_string}\"},\"query-input\":{\"@type\":\"PropertyValueSpecification\",\"valueRequired\":true,\"valueName\":\"search_term_string\"}}],\"inLanguage\":\"lt-LT\"},{\"@type\":\"Organization\",\"@id\":\"https:\\\/\\\/anivet.lt\\\/elparduotuve\\\/#organization\",\"name\":\"Viskas J\u016bs\u0173 \u0161uns, kat\u0117s prie\u017ei\u016brai\",\"url\":\"https:\\\/\\\/anivet.lt\\\/elparduotuve\\\/\",\"logo\":{\"@type\":\"ImageObject\",\"inLanguage\":\"lt-LT\",\"@id\":\"https:\\\/\\\/anivet.lt\\\/elparduotuve\\\/#\\\/schema\\\/logo\\\/image\\\/\",\"url\":\"https:\\\/\\\/anivet.lt\\\/elparduotuve\\\/wp-content\\\/uploads\\\/2023\\\/06\\\/logo2.jpg\",\"contentUrl\":\"https:\\\/\\\/anivet.lt\\\/elparduotuve\\\/wp-content\\\/uploads\\\/2023\\\/06\\\/logo2.jpg\",\"width\":655,\"height\":194,\"caption\":\"Viskas J\u016bs\u0173 \u0161uns, kat\u0117s prie\u017ei\u016brai\"},\"image\":{\"@id\":\"https:\\\/\\\/anivet.lt\\\/elparduotuve\\\/#\\\/schema\\\/logo\\\/image\\\/\"}}]}<\/script>\n<!-- \/ Yoast SEO Premium plugin. -->","yoast_head_json":{"title":"Josera Marinesse sausas maistas kat\u0117ms - anivet.lt","description":"\u0160is unikalios sud\u0117ties sausas maistas su daug gard\u017eios la\u0161i\u0161os yra idealus \u017euvies m\u0117g\u0117jams ir jautrioms kat\u0117ms. Be gr\u016bd\u0173 ir su gerai toleruojamais","robots":{"index":"index","follow":"follow","max-snippet":"max-snippet:-1","max-image-preview":"max-image-preview:large","max-video-preview":"max-video-preview:-1"},"canonical":"https:\/\/anivet.lt\/elparduotuve\/produktas\/josera-marinesse-sausas-maistas-katems\/","og_locale":"lt_LT","og_type":"article","og_title":"Josera Marinesse sausas maistas kat\u0117ms","og_description":"\u0160is unikalios sud\u0117ties sausas maistas su daug gard\u017eios la\u0161i\u0161os yra idealus \u017euvies m\u0117g\u0117jams ir jautrioms kat\u0117ms. Be gr\u016bd\u0173 ir su gerai toleruojamais","og_url":"https:\/\/anivet.lt\/elparduotuve\/produktas\/josera-marinesse-sausas-maistas-katems\/","og_site_name":"anivet.lt","article_modified_time":"2025-05-27T13:17:22+00:00","og_image":[{"width":1200,"height":1000,"url":"https:\/\/anivet.lt\/elparduotuve\/wp-content\/uploads\/2023\/08\/01_JOSERA_Marinesse_2-4.25-10kg_LT.png","type":"image\/png"}],"twitter_card":"summary_large_image","twitter_misc":{"Est. reading time":"1 minut\u0117"},"schema":{"@context":"https:\/\/schema.org","@graph":[{"@type":"WebPage","@id":"https:\/\/anivet.lt\/elparduotuve\/produktas\/josera-marinesse-sausas-maistas-katems\/","url":"https:\/\/anivet.lt\/elparduotuve\/produktas\/josera-marinesse-sausas-maistas-katems\/","name":"Josera Marinesse sausas maistas kat\u0117ms - anivet.lt","isPartOf":{"@id":"https:\/\/anivet.lt\/elparduotuve\/#website"},"primaryImageOfPage":{"@id":"https:\/\/anivet.lt\/elparduotuve\/produktas\/josera-marinesse-sausas-maistas-katems\/#primaryimage"},"image":{"@id":"https:\/\/anivet.lt\/elparduotuve\/produktas\/josera-marinesse-sausas-maistas-katems\/#primaryimage"},"thumbnailUrl":"https:\/\/anivet.lt\/elparduotuve\/wp-content\/uploads\/2023\/08\/01_JOSERA_Marinesse_2-4.25-10kg_LT.png","datePublished":"2023-08-23T10:43:50+00:00","dateModified":"2025-05-27T13:17:22+00:00","description":"\u0160is unikalios sud\u0117ties sausas maistas su daug gard\u017eios la\u0161i\u0161os yra idealus \u017euvies m\u0117g\u0117jams ir jautrioms kat\u0117ms. Be gr\u016bd\u0173 ir su gerai toleruojamais","breadcrumb":{"@id":"https:\/\/anivet.lt\/elparduotuve\/produktas\/josera-marinesse-sausas-maistas-katems\/#breadcrumb"},"inLanguage":"lt-LT","potentialAction":[{"@type":"ReadAction","target":["https:\/\/anivet.lt\/elparduotuve\/produktas\/josera-marinesse-sausas-maistas-katems\/"]}]},{"@type":"ImageObject","inLanguage":"lt-LT","@id":"https:\/\/anivet.lt\/elparduotuve\/produktas\/josera-marinesse-sausas-maistas-katems\/#primaryimage","url":"https:\/\/anivet.lt\/elparduotuve\/wp-content\/uploads\/2023\/08\/01_JOSERA_Marinesse_2-4.25-10kg_LT.png","contentUrl":"https:\/\/anivet.lt\/elparduotuve\/wp-content\/uploads\/2023\/08\/01_JOSERA_Marinesse_2-4.25-10kg_LT.png","width":1200,"height":1000,"caption":"Josera Marinesse sausas maistas kat\u0117ms - 2kg."},{"@type":"BreadcrumbList","@id":"https:\/\/anivet.lt\/elparduotuve\/produktas\/josera-marinesse-sausas-maistas-katems\/#breadcrumb","itemListElement":[{"@type":"ListItem","position":1,"name":"Home","item":"https:\/\/anivet.lt\/elparduotuve\/"},{"@type":"ListItem","position":2,"name":"Produktai","item":"https:\/\/anivet.lt\/elparduotuve\/produktai\/"},{"@type":"ListItem","position":3,"name":"Josera Marinesse sausas maistas kat\u0117ms"}]},{"@type":"WebSite","@id":"https:\/\/anivet.lt\/elparduotuve\/#website","url":"https:\/\/anivet.lt\/elparduotuve\/","name":"anivet.lt","description":"Viskas J\u016bs\u0173 \u0161uns, kat\u0117s prie\u017ei\u016brai","publisher":{"@id":"https:\/\/anivet.lt\/elparduotuve\/#organization"},"alternateName":"Viskas J\u016bs\u0173 \u0161uns, kat\u0117s prie\u017ei\u016brai","potentialAction":[{"@type":"SearchAction","target":{"@type":"EntryPoint","urlTemplate":"https:\/\/anivet.lt\/elparduotuve\/?s={search_term_string}"},"query-input":{"@type":"PropertyValueSpecification","valueRequired":true,"valueName":"search_term_string"}}],"inLanguage":"lt-LT"},{"@type":"Organization","@id":"https:\/\/anivet.lt\/elparduotuve\/#organization","name":"Viskas J\u016bs\u0173 \u0161uns, kat\u0117s prie\u017ei\u016brai","url":"https:\/\/anivet.lt\/elparduotuve\/","logo":{"@type":"ImageObject","inLanguage":"lt-LT","@id":"https:\/\/anivet.lt\/elparduotuve\/#\/schema\/logo\/image\/","url":"https:\/\/anivet.lt\/elparduotuve\/wp-content\/uploads\/2023\/06\/logo2.jpg","contentUrl":"https:\/\/anivet.lt\/elparduotuve\/wp-content\/uploads\/2023\/06\/logo2.jpg","width":655,"height":194,"caption":"Viskas J\u016bs\u0173 \u0161uns, kat\u0117s prie\u017ei\u016brai"},"image":{"@id":"https:\/\/anivet.lt\/elparduotuve\/#\/schema\/logo\/image\/"}}]}},"_links":{"self":[{"href":"https:\/\/anivet.lt\/elparduotuve\/wp-json\/wp\/v2\/product\/11259","targetHints":{"allow":["GET"]}}],"collection":[{"href":"https:\/\/anivet.lt\/elparduotuve\/wp-json\/wp\/v2\/product"}],"about":[{"href":"https:\/\/anivet.lt\/elparduotuve\/wp-json\/wp\/v2\/types\/product"}],"wp:featuredmedia":[{"embeddable":true,"href":"https:\/\/anivet.lt\/elparduotuve\/wp-json\/wp\/v2\/media\/11264"}],"wp:attachment":[{"href":"https:\/\/anivet.lt\/elparduotuve\/wp-json\/wp\/v2\/media?parent=11259"}],"wp:term":[{"taxonomy":"product_brand","embeddable":true,"href":"https:\/\/anivet.lt\/elparduotuve\/wp-json\/wp\/v2\/product_brand?post=11259"},{"taxonomy":"product_cat","embeddable":true,"href":"https:\/\/anivet.lt\/elparduotuve\/wp-json\/wp\/v2\/product_cat?post=11259"},{"taxonomy":"product_tag","embeddable":true,"href":"https:\/\/anivet.lt\/elparduotuve\/wp-json\/wp\/v2\/product_tag?post=11259"}],"curies":[{"name":"wp","href":"https:\/\/api.w.org\/{rel}","templated":true}]}}