{"id":11269,"date":"2023-08-23T11:06:19","date_gmt":"2023-08-23T11:06:19","guid":{"rendered":"https:\/\/anivet.lt\/elparduotuve\/?post_type=product&#038;p=11269"},"modified":"2025-06-26T09:51:11","modified_gmt":"2025-06-26T09:51:11","slug":"selected-medium-maxi-adult-norvegiska-lasisa","status":"publish","type":"product","link":"https:\/\/anivet.lt\/elparduotuve\/produktas\/selected-medium-maxi-adult-norvegiska-lasisa\/","title":{"rendered":"Nature&#8217;s Variety Selected Medium\/Maxi Adult suaugusiems \u0161unims (norvegi\u0161ka la\u0161i\u0161a)"},"content":{"rendered":"<ul>\n<li style=\"font-weight: 400;\" aria-level=\"1\"><span style=\"font-weight: 400;\">Auk\u0161tos kokyb\u0117s baltymai: Pagrindinis ingredientas \u2013 norvegi\u0161ka la\u0161i\u0161a (30%) ir tun\u0173 baltymai (13%), palaikantys raumen\u0173 mas\u0119 ir energij\u0105.<\/span><\/li>\n<li style=\"font-weight: 400;\" aria-level=\"1\"><span style=\"font-weight: 400;\">Be gr\u016bd\u0173: Tinka \u0161unims, kuriems reikalinga mityba be glitimo ar gr\u016bd\u0173, apsaugant nuo jautrumo maistui.<\/span><\/li>\n<li style=\"font-weight: 400;\" aria-level=\"1\"><span style=\"font-weight: 400;\">Praturtintas dar\u017eov\u0117mis ir vaisiais: Sud\u0117tyje esantys brokoliai, morkos ir obuoliai suteikia antioksidant\u0173 ir papildom\u0173 vitamin\u0173.<\/span><\/li>\n<li style=\"font-weight: 400;\" aria-level=\"1\"><span style=\"font-weight: 400;\">Omega-3 ir Omega-6 r\u016bg\u0161tys: Palaiko sveik\u0105 od\u0105 ir blizgant\u012f kail\u012f, kartu stiprinant imunin\u0119 sistem\u0105.<\/span><\/li>\n<li style=\"font-weight: 400;\" aria-level=\"1\"><span style=\"font-weight: 400;\">Nat\u016bral\u016bs ingredientai: Papildytas cikorijos \u0161aknimi ir rozmarinu, kurie skatina geresn\u012f vir\u0161kinim\u0105 ir nat\u016bral\u0173 imunitet\u0105.<\/span><\/li>\n<\/ul>\n<p><span style=\"font-weight: 400;\">Puikus pasirinkimas suaugusiems \u0161unims, kuriems reikalinga auk\u0161tos kokyb\u0117s mityba gerai sveikatai palaikyti. \u0160is maistas u\u017etikrins ne tik energij\u0105 ir puiki\u0105 savijaut\u0105, bet ir pad\u0117s i\u0161laikyti blizgant\u012f kail\u012f bei sveik\u0105 od\u0105.<\/span><\/p>\n","protected":false},"excerpt":{"rendered":"<p><span style=\"font-weight: 400;\">Begr\u016bdis ir pilnai subalansuotas maistas, skirtas suaugusiems \u0161unims. Pagrindinis ingredientas \u2013 i\u0161kaulinta norvegi\u0161ka la\u0161i\u0161a, u\u017etikrinanti auk\u0161tos kokyb\u0117s baltymus ir nepakei\u010diamas omega riebal\u0173 r\u016bg\u0161tis. Sud\u0117tyje derinamos nat\u016bralios dar\u017eov\u0117s, vaisiai ir supermaistas, kad j\u016bs\u0173 \u0161uo gaut\u0173 visk\u0105, ko reikia gerai savijautai.<\/span><\/p>\n","protected":false},"featured_media":11278,"template":"","meta":[],"product_brand":[],"product_cat":[101,103,104,335],"product_tag":[],"class_list":{"0":"post-11269","1":"product","2":"type-product","3":"status-publish","4":"has-post-thumbnail","6":"product_cat-sunims","7":"product_cat-sunu-maistas","8":"product_cat-sausas-maistas","9":"product_cat-natures-variety-sunu-maistas","10":"pa_prekinis-zenklas-natures-variety","12":"first","13":"outofstock","14":"taxable","15":"shipping-taxable","16":"purchasable","17":"product-type-simple"},"yoast_head":"<!-- This site is optimized with the Yoast SEO Premium plugin v27.1 (Yoast SEO v27.5) - https:\/\/yoast.com\/product\/yoast-seo-premium-wordpress\/ -->\n<title>Nature&#039;s Variety Selected Medium\/Maxi Adult suaugusiems \u0161unims (norvegi\u0161ka la\u0161i\u0161a) - anivet.lt<\/title>\n<meta name=\"description\" content=\"Begr\u016bdis ir pilnai subalansuotas maistas, skirtas suaugusiems \u0161unims. Pagrindinis ingredientas \u2013 i\u0161kaulinta norvegi\u0161ka la\u0161i\u0161a, u\u017etikrinanti auk\u0161tos kokyb\u0117s baltymus ir nepakei\u010diamas omega riebal\u0173 r\u016bg\u0161tis. Sud\u0117tyje derinamos nat\u016bralios dar\u017eov\u0117s, vaisiai ir supermaistas, kad j\u016bs\u0173 \u0161uo gaut\u0173 visk\u0105, ko reikia gerai savijautai.\" \/>\n<meta name=\"robots\" content=\"index, follow, max-snippet:-1, max-image-preview:large, max-video-preview:-1\" \/>\n<link rel=\"canonical\" href=\"https:\/\/anivet.lt\/elparduotuve\/produktas\/selected-medium-maxi-adult-norvegiska-lasisa\/\" \/>\n<meta property=\"og:locale\" content=\"lt_LT\" \/>\n<meta property=\"og:type\" content=\"article\" \/>\n<meta property=\"og:title\" content=\"Nature&#039;s Variety Selected Medium\/Maxi Adult suaugusiems \u0161unims (norvegi\u0161ka la\u0161i\u0161a)\" \/>\n<meta property=\"og:description\" content=\"Begr\u016bdis ir pilnai subalansuotas maistas, skirtas suaugusiems \u0161unims. Pagrindinis ingredientas \u2013 i\u0161kaulinta norvegi\u0161ka la\u0161i\u0161a, u\u017etikrinanti auk\u0161tos kokyb\u0117s baltymus ir nepakei\u010diamas omega riebal\u0173 r\u016bg\u0161tis. Sud\u0117tyje derinamos nat\u016bralios dar\u017eov\u0117s, vaisiai ir supermaistas, kad j\u016bs\u0173 \u0161uo gaut\u0173 visk\u0105, ko reikia gerai savijautai.\" \/>\n<meta property=\"og:url\" content=\"https:\/\/anivet.lt\/elparduotuve\/produktas\/selected-medium-maxi-adult-norvegiska-lasisa\/\" \/>\n<meta property=\"og:site_name\" content=\"anivet.lt\" \/>\n<meta property=\"article:modified_time\" content=\"2025-06-26T09:51:11+00:00\" \/>\n<meta property=\"og:image\" content=\"https:\/\/anivet.lt\/elparduotuve\/wp-content\/uploads\/2023\/08\/2kg-SELECTED-MEDIUM-MAXI-ADULT-norvegiska-lasisa.png\" \/>\n\t<meta property=\"og:image:width\" content=\"1500\" \/>\n\t<meta property=\"og:image:height\" content=\"1500\" \/>\n\t<meta property=\"og:image:type\" content=\"image\/png\" \/>\n<meta name=\"twitter:card\" content=\"summary_large_image\" \/>\n<meta name=\"twitter:label1\" content=\"Est. reading time\" \/>\n\t<meta name=\"twitter:data1\" content=\"1 minut\u0117\" \/>\n<script type=\"application\/ld+json\" class=\"yoast-schema-graph\">{\"@context\":\"https:\\\/\\\/schema.org\",\"@graph\":[{\"@type\":\"WebPage\",\"@id\":\"https:\\\/\\\/anivet.lt\\\/elparduotuve\\\/produktas\\\/selected-medium-maxi-adult-norvegiska-lasisa\\\/\",\"url\":\"https:\\\/\\\/anivet.lt\\\/elparduotuve\\\/produktas\\\/selected-medium-maxi-adult-norvegiska-lasisa\\\/\",\"name\":\"Nature's Variety Selected Medium\\\/Maxi Adult suaugusiems \u0161unims (norvegi\u0161ka la\u0161i\u0161a) - anivet.lt\",\"isPartOf\":{\"@id\":\"https:\\\/\\\/anivet.lt\\\/elparduotuve\\\/#website\"},\"primaryImageOfPage\":{\"@id\":\"https:\\\/\\\/anivet.lt\\\/elparduotuve\\\/produktas\\\/selected-medium-maxi-adult-norvegiska-lasisa\\\/#primaryimage\"},\"image\":{\"@id\":\"https:\\\/\\\/anivet.lt\\\/elparduotuve\\\/produktas\\\/selected-medium-maxi-adult-norvegiska-lasisa\\\/#primaryimage\"},\"thumbnailUrl\":\"https:\\\/\\\/anivet.lt\\\/elparduotuve\\\/wp-content\\\/uploads\\\/2023\\\/08\\\/2kg-SELECTED-MEDIUM-MAXI-ADULT-norvegiska-lasisa.png\",\"datePublished\":\"2023-08-23T11:06:19+00:00\",\"dateModified\":\"2025-06-26T09:51:11+00:00\",\"description\":\"Begr\u016bdis ir pilnai subalansuotas maistas, skirtas suaugusiems \u0161unims. Pagrindinis ingredientas \u2013 i\u0161kaulinta norvegi\u0161ka la\u0161i\u0161a, u\u017etikrinanti auk\u0161tos kokyb\u0117s baltymus ir nepakei\u010diamas omega riebal\u0173 r\u016bg\u0161tis. Sud\u0117tyje derinamos nat\u016bralios dar\u017eov\u0117s, vaisiai ir supermaistas, kad j\u016bs\u0173 \u0161uo gaut\u0173 visk\u0105, ko reikia gerai savijautai.\",\"breadcrumb\":{\"@id\":\"https:\\\/\\\/anivet.lt\\\/elparduotuve\\\/produktas\\\/selected-medium-maxi-adult-norvegiska-lasisa\\\/#breadcrumb\"},\"inLanguage\":\"lt-LT\",\"potentialAction\":[{\"@type\":\"ReadAction\",\"target\":[\"https:\\\/\\\/anivet.lt\\\/elparduotuve\\\/produktas\\\/selected-medium-maxi-adult-norvegiska-lasisa\\\/\"]}]},{\"@type\":\"ImageObject\",\"inLanguage\":\"lt-LT\",\"@id\":\"https:\\\/\\\/anivet.lt\\\/elparduotuve\\\/produktas\\\/selected-medium-maxi-adult-norvegiska-lasisa\\\/#primaryimage\",\"url\":\"https:\\\/\\\/anivet.lt\\\/elparduotuve\\\/wp-content\\\/uploads\\\/2023\\\/08\\\/2kg-SELECTED-MEDIUM-MAXI-ADULT-norvegiska-lasisa.png\",\"contentUrl\":\"https:\\\/\\\/anivet.lt\\\/elparduotuve\\\/wp-content\\\/uploads\\\/2023\\\/08\\\/2kg-SELECTED-MEDIUM-MAXI-ADULT-norvegiska-lasisa.png\",\"width\":1500,\"height\":1500,\"caption\":\"Nature's Variety Selected Medium\\\/Maxi Adult suaugusiems \u0161unims (norvegi\u0161ka la\u0161i\u0161a)\"},{\"@type\":\"BreadcrumbList\",\"@id\":\"https:\\\/\\\/anivet.lt\\\/elparduotuve\\\/produktas\\\/selected-medium-maxi-adult-norvegiska-lasisa\\\/#breadcrumb\",\"itemListElement\":[{\"@type\":\"ListItem\",\"position\":1,\"name\":\"Home\",\"item\":\"https:\\\/\\\/anivet.lt\\\/elparduotuve\\\/\"},{\"@type\":\"ListItem\",\"position\":2,\"name\":\"Produktai\",\"item\":\"https:\\\/\\\/anivet.lt\\\/elparduotuve\\\/produktai\\\/\"},{\"@type\":\"ListItem\",\"position\":3,\"name\":\"Nature&#8217;s Variety Selected Medium\\\/Maxi Adult suaugusiems \u0161unims (norvegi\u0161ka la\u0161i\u0161a)\"}]},{\"@type\":\"WebSite\",\"@id\":\"https:\\\/\\\/anivet.lt\\\/elparduotuve\\\/#website\",\"url\":\"https:\\\/\\\/anivet.lt\\\/elparduotuve\\\/\",\"name\":\"anivet.lt\",\"description\":\"Viskas J\u016bs\u0173 \u0161uns, kat\u0117s prie\u017ei\u016brai\",\"publisher\":{\"@id\":\"https:\\\/\\\/anivet.lt\\\/elparduotuve\\\/#organization\"},\"alternateName\":\"Viskas J\u016bs\u0173 \u0161uns, kat\u0117s prie\u017ei\u016brai\",\"potentialAction\":[{\"@type\":\"SearchAction\",\"target\":{\"@type\":\"EntryPoint\",\"urlTemplate\":\"https:\\\/\\\/anivet.lt\\\/elparduotuve\\\/?s={search_term_string}\"},\"query-input\":{\"@type\":\"PropertyValueSpecification\",\"valueRequired\":true,\"valueName\":\"search_term_string\"}}],\"inLanguage\":\"lt-LT\"},{\"@type\":\"Organization\",\"@id\":\"https:\\\/\\\/anivet.lt\\\/elparduotuve\\\/#organization\",\"name\":\"Viskas J\u016bs\u0173 \u0161uns, kat\u0117s prie\u017ei\u016brai\",\"url\":\"https:\\\/\\\/anivet.lt\\\/elparduotuve\\\/\",\"logo\":{\"@type\":\"ImageObject\",\"inLanguage\":\"lt-LT\",\"@id\":\"https:\\\/\\\/anivet.lt\\\/elparduotuve\\\/#\\\/schema\\\/logo\\\/image\\\/\",\"url\":\"https:\\\/\\\/anivet.lt\\\/elparduotuve\\\/wp-content\\\/uploads\\\/2023\\\/06\\\/logo2.jpg\",\"contentUrl\":\"https:\\\/\\\/anivet.lt\\\/elparduotuve\\\/wp-content\\\/uploads\\\/2023\\\/06\\\/logo2.jpg\",\"width\":655,\"height\":194,\"caption\":\"Viskas J\u016bs\u0173 \u0161uns, kat\u0117s prie\u017ei\u016brai\"},\"image\":{\"@id\":\"https:\\\/\\\/anivet.lt\\\/elparduotuve\\\/#\\\/schema\\\/logo\\\/image\\\/\"}}]}<\/script>\n<!-- \/ Yoast SEO Premium plugin. -->","yoast_head_json":{"title":"Nature's Variety Selected Medium\/Maxi Adult suaugusiems \u0161unims (norvegi\u0161ka la\u0161i\u0161a) - anivet.lt","description":"Begr\u016bdis ir pilnai subalansuotas maistas, skirtas suaugusiems \u0161unims. Pagrindinis ingredientas \u2013 i\u0161kaulinta norvegi\u0161ka la\u0161i\u0161a, u\u017etikrinanti auk\u0161tos kokyb\u0117s baltymus ir nepakei\u010diamas omega riebal\u0173 r\u016bg\u0161tis. Sud\u0117tyje derinamos nat\u016bralios dar\u017eov\u0117s, vaisiai ir supermaistas, kad j\u016bs\u0173 \u0161uo gaut\u0173 visk\u0105, ko reikia gerai savijautai.","robots":{"index":"index","follow":"follow","max-snippet":"max-snippet:-1","max-image-preview":"max-image-preview:large","max-video-preview":"max-video-preview:-1"},"canonical":"https:\/\/anivet.lt\/elparduotuve\/produktas\/selected-medium-maxi-adult-norvegiska-lasisa\/","og_locale":"lt_LT","og_type":"article","og_title":"Nature's Variety Selected Medium\/Maxi Adult suaugusiems \u0161unims (norvegi\u0161ka la\u0161i\u0161a)","og_description":"Begr\u016bdis ir pilnai subalansuotas maistas, skirtas suaugusiems \u0161unims. Pagrindinis ingredientas \u2013 i\u0161kaulinta norvegi\u0161ka la\u0161i\u0161a, u\u017etikrinanti auk\u0161tos kokyb\u0117s baltymus ir nepakei\u010diamas omega riebal\u0173 r\u016bg\u0161tis. Sud\u0117tyje derinamos nat\u016bralios dar\u017eov\u0117s, vaisiai ir supermaistas, kad j\u016bs\u0173 \u0161uo gaut\u0173 visk\u0105, ko reikia gerai savijautai.","og_url":"https:\/\/anivet.lt\/elparduotuve\/produktas\/selected-medium-maxi-adult-norvegiska-lasisa\/","og_site_name":"anivet.lt","article_modified_time":"2025-06-26T09:51:11+00:00","og_image":[{"width":1500,"height":1500,"url":"https:\/\/anivet.lt\/elparduotuve\/wp-content\/uploads\/2023\/08\/2kg-SELECTED-MEDIUM-MAXI-ADULT-norvegiska-lasisa.png","type":"image\/png"}],"twitter_card":"summary_large_image","twitter_misc":{"Est. reading time":"1 minut\u0117"},"schema":{"@context":"https:\/\/schema.org","@graph":[{"@type":"WebPage","@id":"https:\/\/anivet.lt\/elparduotuve\/produktas\/selected-medium-maxi-adult-norvegiska-lasisa\/","url":"https:\/\/anivet.lt\/elparduotuve\/produktas\/selected-medium-maxi-adult-norvegiska-lasisa\/","name":"Nature's Variety Selected Medium\/Maxi Adult suaugusiems \u0161unims (norvegi\u0161ka la\u0161i\u0161a) - anivet.lt","isPartOf":{"@id":"https:\/\/anivet.lt\/elparduotuve\/#website"},"primaryImageOfPage":{"@id":"https:\/\/anivet.lt\/elparduotuve\/produktas\/selected-medium-maxi-adult-norvegiska-lasisa\/#primaryimage"},"image":{"@id":"https:\/\/anivet.lt\/elparduotuve\/produktas\/selected-medium-maxi-adult-norvegiska-lasisa\/#primaryimage"},"thumbnailUrl":"https:\/\/anivet.lt\/elparduotuve\/wp-content\/uploads\/2023\/08\/2kg-SELECTED-MEDIUM-MAXI-ADULT-norvegiska-lasisa.png","datePublished":"2023-08-23T11:06:19+00:00","dateModified":"2025-06-26T09:51:11+00:00","description":"Begr\u016bdis ir pilnai subalansuotas maistas, skirtas suaugusiems \u0161unims. Pagrindinis ingredientas \u2013 i\u0161kaulinta norvegi\u0161ka la\u0161i\u0161a, u\u017etikrinanti auk\u0161tos kokyb\u0117s baltymus ir nepakei\u010diamas omega riebal\u0173 r\u016bg\u0161tis. Sud\u0117tyje derinamos nat\u016bralios dar\u017eov\u0117s, vaisiai ir supermaistas, kad j\u016bs\u0173 \u0161uo gaut\u0173 visk\u0105, ko reikia gerai savijautai.","breadcrumb":{"@id":"https:\/\/anivet.lt\/elparduotuve\/produktas\/selected-medium-maxi-adult-norvegiska-lasisa\/#breadcrumb"},"inLanguage":"lt-LT","potentialAction":[{"@type":"ReadAction","target":["https:\/\/anivet.lt\/elparduotuve\/produktas\/selected-medium-maxi-adult-norvegiska-lasisa\/"]}]},{"@type":"ImageObject","inLanguage":"lt-LT","@id":"https:\/\/anivet.lt\/elparduotuve\/produktas\/selected-medium-maxi-adult-norvegiska-lasisa\/#primaryimage","url":"https:\/\/anivet.lt\/elparduotuve\/wp-content\/uploads\/2023\/08\/2kg-SELECTED-MEDIUM-MAXI-ADULT-norvegiska-lasisa.png","contentUrl":"https:\/\/anivet.lt\/elparduotuve\/wp-content\/uploads\/2023\/08\/2kg-SELECTED-MEDIUM-MAXI-ADULT-norvegiska-lasisa.png","width":1500,"height":1500,"caption":"Nature's Variety Selected Medium\/Maxi Adult suaugusiems \u0161unims (norvegi\u0161ka la\u0161i\u0161a)"},{"@type":"BreadcrumbList","@id":"https:\/\/anivet.lt\/elparduotuve\/produktas\/selected-medium-maxi-adult-norvegiska-lasisa\/#breadcrumb","itemListElement":[{"@type":"ListItem","position":1,"name":"Home","item":"https:\/\/anivet.lt\/elparduotuve\/"},{"@type":"ListItem","position":2,"name":"Produktai","item":"https:\/\/anivet.lt\/elparduotuve\/produktai\/"},{"@type":"ListItem","position":3,"name":"Nature&#8217;s Variety Selected Medium\/Maxi Adult suaugusiems \u0161unims (norvegi\u0161ka la\u0161i\u0161a)"}]},{"@type":"WebSite","@id":"https:\/\/anivet.lt\/elparduotuve\/#website","url":"https:\/\/anivet.lt\/elparduotuve\/","name":"anivet.lt","description":"Viskas J\u016bs\u0173 \u0161uns, kat\u0117s prie\u017ei\u016brai","publisher":{"@id":"https:\/\/anivet.lt\/elparduotuve\/#organization"},"alternateName":"Viskas J\u016bs\u0173 \u0161uns, kat\u0117s prie\u017ei\u016brai","potentialAction":[{"@type":"SearchAction","target":{"@type":"EntryPoint","urlTemplate":"https:\/\/anivet.lt\/elparduotuve\/?s={search_term_string}"},"query-input":{"@type":"PropertyValueSpecification","valueRequired":true,"valueName":"search_term_string"}}],"inLanguage":"lt-LT"},{"@type":"Organization","@id":"https:\/\/anivet.lt\/elparduotuve\/#organization","name":"Viskas J\u016bs\u0173 \u0161uns, kat\u0117s prie\u017ei\u016brai","url":"https:\/\/anivet.lt\/elparduotuve\/","logo":{"@type":"ImageObject","inLanguage":"lt-LT","@id":"https:\/\/anivet.lt\/elparduotuve\/#\/schema\/logo\/image\/","url":"https:\/\/anivet.lt\/elparduotuve\/wp-content\/uploads\/2023\/06\/logo2.jpg","contentUrl":"https:\/\/anivet.lt\/elparduotuve\/wp-content\/uploads\/2023\/06\/logo2.jpg","width":655,"height":194,"caption":"Viskas J\u016bs\u0173 \u0161uns, kat\u0117s prie\u017ei\u016brai"},"image":{"@id":"https:\/\/anivet.lt\/elparduotuve\/#\/schema\/logo\/image\/"}}]}},"_links":{"self":[{"href":"https:\/\/anivet.lt\/elparduotuve\/wp-json\/wp\/v2\/product\/11269","targetHints":{"allow":["GET"]}}],"collection":[{"href":"https:\/\/anivet.lt\/elparduotuve\/wp-json\/wp\/v2\/product"}],"about":[{"href":"https:\/\/anivet.lt\/elparduotuve\/wp-json\/wp\/v2\/types\/product"}],"wp:featuredmedia":[{"embeddable":true,"href":"https:\/\/anivet.lt\/elparduotuve\/wp-json\/wp\/v2\/media\/11278"}],"wp:attachment":[{"href":"https:\/\/anivet.lt\/elparduotuve\/wp-json\/wp\/v2\/media?parent=11269"}],"wp:term":[{"taxonomy":"product_brand","embeddable":true,"href":"https:\/\/anivet.lt\/elparduotuve\/wp-json\/wp\/v2\/product_brand?post=11269"},{"taxonomy":"product_cat","embeddable":true,"href":"https:\/\/anivet.lt\/elparduotuve\/wp-json\/wp\/v2\/product_cat?post=11269"},{"taxonomy":"product_tag","embeddable":true,"href":"https:\/\/anivet.lt\/elparduotuve\/wp-json\/wp\/v2\/product_tag?post=11269"}],"curies":[{"name":"wp","href":"https:\/\/api.w.org\/{rel}","templated":true}]}}