{"id":11291,"date":"2023-08-23T11:15:17","date_gmt":"2023-08-23T11:15:17","guid":{"rendered":"https:\/\/anivet.lt\/elparduotuve\/?post_type=product&#038;p=11291"},"modified":"2025-05-27T13:17:33","modified_gmt":"2025-05-27T13:17:33","slug":"josera-leger-sausas-maistas-katems","status":"publish","type":"product","link":"https:\/\/anivet.lt\/elparduotuve\/produktas\/josera-leger-sausas-maistas-katems\/","title":{"rendered":"Josera Leger sausas maistas kat\u0117ms"},"content":{"rendered":"<ul>\n<li style=\"font-weight: 400\"><span style=\"font-weight: 400\">Ma\u017eesn\u0117 energin\u0117 vert\u0117: Tinka ma\u017eiau aktyvioms kat\u0117ms ir padeda i\u0161laikyti optimal\u0173 svor\u012f.<\/span><\/li>\n<li style=\"font-weight: 400\"><span style=\"font-weight: 400\">Daugiau skaidul\u0173: Suteikia sotumo jausm\u0105 ir padeda i\u0161vengti plauk\u0173 kamuoliuk\u0173 susidarymo.<\/span><\/li>\n<li style=\"font-weight: 400\"><span style=\"font-weight: 400\">Baltym\u0173 gausa: Skatina med\u017eiag\u0173 apykait\u0105 ir padeda i\u0161saugoti raumen\u0173 mas\u0119.<\/span><\/li>\n<li style=\"font-weight: 400\"><span style=\"font-weight: 400\">L-karnitinas: Palaiko riebal\u0173 metabolizm\u0105 ir energijos apykait\u0105.<\/span><\/li>\n<li style=\"font-weight: 400\"><span style=\"font-weight: 400\">Idealus pasirinkimas po sterilizacijos\/kastracijos: Pritaikytas hormonini\u0173 poky\u010di\u0173 poreikiams.<\/span><\/li>\n<\/ul>\n<p><span style=\"font-weight: 400\">Puikus pasirinkimas kat\u0117ms, kurioms reikia ma\u017eiau kalorij\u0173, ta\u010diau pakankamai maistini\u0173 med\u017eiag\u0173 j\u0173 kasdieniams poreikiams. \u0160is pa\u0161aras ne tik padeda palaikyti optimal\u0173 svor\u012f, bet ir r\u016bpinasi vir\u0161kinimo sistema bei kailio sveikata. Papildomos skaidulos ir L-karnitinas padeda reguliuoti riebal\u0173 apykait\u0105 ir suma\u017eina plauk\u0173 kamuoliuk\u0173 formavimosi tikimyb\u0119. Be to, auk\u0161tos kokyb\u0117s sudedamosios dalys u\u017etikrina lengv\u0105 vir\u0161kinim\u0105 ir ger\u0105 skon\u012f, kuris patiks net ir i\u0161rankiausioms kat\u0117ms.<\/span><\/p>\n","protected":false},"excerpt":{"rendered":"<p><span style=\"font-weight: 400\">Specialiai subalansuotas sausas pa\u0161aras, skirtas ma\u017eiau aktyvioms, sterilizuotoms ar kastruotoms kat\u0117ms, taip pat toms, kurios turi polink\u012f priaugti svorio. \u0160is pa\u0161aras padeda kontroliuoti svor\u012f ir ma\u017eina plauk\u0173 kamuoliuk\u0173 susidarymo rizik\u0105.<\/span><\/p>\n<p>&nbsp;<\/p>\n","protected":false},"featured_media":11296,"template":"","meta":[],"product_brand":[],"product_cat":[114,115,102,342],"product_tag":[],"class_list":{"0":"post-11291","1":"product","2":"type-product","3":"status-publish","4":"has-post-thumbnail","6":"product_cat-kaciu-maistas","7":"product_cat-sausas-maistas-ir-skanestai-katems","8":"product_cat-katems","9":"product_cat-josera-kaciu-maistas","10":"pa_prekinis-zenklas-josera","12":"first","13":"instock","14":"taxable","15":"shipping-taxable","16":"purchasable","17":"product-type-variable"},"yoast_head":"<!-- This site is optimized with the Yoast SEO Premium plugin v27.1 (Yoast SEO v27.5) - https:\/\/yoast.com\/product\/yoast-seo-premium-wordpress\/ -->\n<title>Josera Leger sausas maistas kat\u0117ms - anivet.lt<\/title>\n<meta name=\"description\" content=\"Specialiai subalansuotas sausas pa\u0161aras, skirtas ma\u017eiau aktyvioms, sterilizuotoms ar kastruotoms kat\u0117ms, taip pat toms, kurios turi polink\u012f priaugti svorio. \u0160is pa\u0161aras padeda kontroliuoti svor\u012f ir ma\u017eina plauk\u0173 kamuoliuk\u0173 susidarymo rizik\u0105.  &nbsp;\" \/>\n<meta name=\"robots\" content=\"index, follow, max-snippet:-1, max-image-preview:large, max-video-preview:-1\" \/>\n<link rel=\"canonical\" href=\"https:\/\/anivet.lt\/elparduotuve\/produktas\/josera-leger-sausas-maistas-katems\/\" \/>\n<meta property=\"og:locale\" content=\"lt_LT\" \/>\n<meta property=\"og:type\" content=\"article\" \/>\n<meta property=\"og:title\" content=\"Josera Leger sausas maistas kat\u0117ms\" \/>\n<meta property=\"og:description\" content=\"Specialiai subalansuotas sausas pa\u0161aras, skirtas ma\u017eiau aktyvioms, sterilizuotoms ar kastruotoms kat\u0117ms, taip pat toms, kurios turi polink\u012f priaugti svorio. \u0160is pa\u0161aras padeda kontroliuoti svor\u012f ir ma\u017eina plauk\u0173 kamuoliuk\u0173 susidarymo rizik\u0105.  &nbsp;\" \/>\n<meta property=\"og:url\" content=\"https:\/\/anivet.lt\/elparduotuve\/produktas\/josera-leger-sausas-maistas-katems\/\" \/>\n<meta property=\"og:site_name\" content=\"anivet.lt\" \/>\n<meta property=\"article:modified_time\" content=\"2025-05-27T13:17:33+00:00\" \/>\n<meta property=\"og:image\" content=\"https:\/\/anivet.lt\/elparduotuve\/wp-content\/uploads\/2023\/08\/01_JOSERA_Leger_2-4.25-10kg_LT.png\" \/>\n\t<meta property=\"og:image:width\" content=\"1200\" \/>\n\t<meta property=\"og:image:height\" content=\"1000\" \/>\n\t<meta property=\"og:image:type\" content=\"image\/png\" \/>\n<meta name=\"twitter:card\" content=\"summary_large_image\" \/>\n<meta name=\"twitter:label1\" content=\"Est. reading time\" \/>\n\t<meta name=\"twitter:data1\" content=\"1 minut\u0117\" \/>\n<script type=\"application\/ld+json\" class=\"yoast-schema-graph\">{\"@context\":\"https:\\\/\\\/schema.org\",\"@graph\":[{\"@type\":\"WebPage\",\"@id\":\"https:\\\/\\\/anivet.lt\\\/elparduotuve\\\/produktas\\\/josera-leger-sausas-maistas-katems\\\/\",\"url\":\"https:\\\/\\\/anivet.lt\\\/elparduotuve\\\/produktas\\\/josera-leger-sausas-maistas-katems\\\/\",\"name\":\"Josera Leger sausas maistas kat\u0117ms - anivet.lt\",\"isPartOf\":{\"@id\":\"https:\\\/\\\/anivet.lt\\\/elparduotuve\\\/#website\"},\"primaryImageOfPage\":{\"@id\":\"https:\\\/\\\/anivet.lt\\\/elparduotuve\\\/produktas\\\/josera-leger-sausas-maistas-katems\\\/#primaryimage\"},\"image\":{\"@id\":\"https:\\\/\\\/anivet.lt\\\/elparduotuve\\\/produktas\\\/josera-leger-sausas-maistas-katems\\\/#primaryimage\"},\"thumbnailUrl\":\"https:\\\/\\\/anivet.lt\\\/elparduotuve\\\/wp-content\\\/uploads\\\/2023\\\/08\\\/01_JOSERA_Leger_2-4.25-10kg_LT.png\",\"datePublished\":\"2023-08-23T11:15:17+00:00\",\"dateModified\":\"2025-05-27T13:17:33+00:00\",\"description\":\"Specialiai subalansuotas sausas pa\u0161aras, skirtas ma\u017eiau aktyvioms, sterilizuotoms ar kastruotoms kat\u0117ms, taip pat toms, kurios turi polink\u012f priaugti svorio. \u0160is pa\u0161aras padeda kontroliuoti svor\u012f ir ma\u017eina plauk\u0173 kamuoliuk\u0173 susidarymo rizik\u0105. &nbsp;\",\"breadcrumb\":{\"@id\":\"https:\\\/\\\/anivet.lt\\\/elparduotuve\\\/produktas\\\/josera-leger-sausas-maistas-katems\\\/#breadcrumb\"},\"inLanguage\":\"lt-LT\",\"potentialAction\":[{\"@type\":\"ReadAction\",\"target\":[\"https:\\\/\\\/anivet.lt\\\/elparduotuve\\\/produktas\\\/josera-leger-sausas-maistas-katems\\\/\"]}]},{\"@type\":\"ImageObject\",\"inLanguage\":\"lt-LT\",\"@id\":\"https:\\\/\\\/anivet.lt\\\/elparduotuve\\\/produktas\\\/josera-leger-sausas-maistas-katems\\\/#primaryimage\",\"url\":\"https:\\\/\\\/anivet.lt\\\/elparduotuve\\\/wp-content\\\/uploads\\\/2023\\\/08\\\/01_JOSERA_Leger_2-4.25-10kg_LT.png\",\"contentUrl\":\"https:\\\/\\\/anivet.lt\\\/elparduotuve\\\/wp-content\\\/uploads\\\/2023\\\/08\\\/01_JOSERA_Leger_2-4.25-10kg_LT.png\",\"width\":1200,\"height\":1000,\"caption\":\"Josera Leger sausas maistas kat\u0117ms - 2kg.\"},{\"@type\":\"BreadcrumbList\",\"@id\":\"https:\\\/\\\/anivet.lt\\\/elparduotuve\\\/produktas\\\/josera-leger-sausas-maistas-katems\\\/#breadcrumb\",\"itemListElement\":[{\"@type\":\"ListItem\",\"position\":1,\"name\":\"Home\",\"item\":\"https:\\\/\\\/anivet.lt\\\/elparduotuve\\\/\"},{\"@type\":\"ListItem\",\"position\":2,\"name\":\"Produktai\",\"item\":\"https:\\\/\\\/anivet.lt\\\/elparduotuve\\\/produktai\\\/\"},{\"@type\":\"ListItem\",\"position\":3,\"name\":\"Josera Leger sausas maistas kat\u0117ms\"}]},{\"@type\":\"WebSite\",\"@id\":\"https:\\\/\\\/anivet.lt\\\/elparduotuve\\\/#website\",\"url\":\"https:\\\/\\\/anivet.lt\\\/elparduotuve\\\/\",\"name\":\"anivet.lt\",\"description\":\"Viskas J\u016bs\u0173 \u0161uns, kat\u0117s prie\u017ei\u016brai\",\"publisher\":{\"@id\":\"https:\\\/\\\/anivet.lt\\\/elparduotuve\\\/#organization\"},\"alternateName\":\"Viskas J\u016bs\u0173 \u0161uns, kat\u0117s prie\u017ei\u016brai\",\"potentialAction\":[{\"@type\":\"SearchAction\",\"target\":{\"@type\":\"EntryPoint\",\"urlTemplate\":\"https:\\\/\\\/anivet.lt\\\/elparduotuve\\\/?s={search_term_string}\"},\"query-input\":{\"@type\":\"PropertyValueSpecification\",\"valueRequired\":true,\"valueName\":\"search_term_string\"}}],\"inLanguage\":\"lt-LT\"},{\"@type\":\"Organization\",\"@id\":\"https:\\\/\\\/anivet.lt\\\/elparduotuve\\\/#organization\",\"name\":\"Viskas J\u016bs\u0173 \u0161uns, kat\u0117s prie\u017ei\u016brai\",\"url\":\"https:\\\/\\\/anivet.lt\\\/elparduotuve\\\/\",\"logo\":{\"@type\":\"ImageObject\",\"inLanguage\":\"lt-LT\",\"@id\":\"https:\\\/\\\/anivet.lt\\\/elparduotuve\\\/#\\\/schema\\\/logo\\\/image\\\/\",\"url\":\"https:\\\/\\\/anivet.lt\\\/elparduotuve\\\/wp-content\\\/uploads\\\/2023\\\/06\\\/logo2.jpg\",\"contentUrl\":\"https:\\\/\\\/anivet.lt\\\/elparduotuve\\\/wp-content\\\/uploads\\\/2023\\\/06\\\/logo2.jpg\",\"width\":655,\"height\":194,\"caption\":\"Viskas J\u016bs\u0173 \u0161uns, kat\u0117s prie\u017ei\u016brai\"},\"image\":{\"@id\":\"https:\\\/\\\/anivet.lt\\\/elparduotuve\\\/#\\\/schema\\\/logo\\\/image\\\/\"}}]}<\/script>\n<!-- \/ Yoast SEO Premium plugin. -->","yoast_head_json":{"title":"Josera Leger sausas maistas kat\u0117ms - anivet.lt","description":"Specialiai subalansuotas sausas pa\u0161aras, skirtas ma\u017eiau aktyvioms, sterilizuotoms ar kastruotoms kat\u0117ms, taip pat toms, kurios turi polink\u012f priaugti svorio. \u0160is pa\u0161aras padeda kontroliuoti svor\u012f ir ma\u017eina plauk\u0173 kamuoliuk\u0173 susidarymo rizik\u0105.  &nbsp;","robots":{"index":"index","follow":"follow","max-snippet":"max-snippet:-1","max-image-preview":"max-image-preview:large","max-video-preview":"max-video-preview:-1"},"canonical":"https:\/\/anivet.lt\/elparduotuve\/produktas\/josera-leger-sausas-maistas-katems\/","og_locale":"lt_LT","og_type":"article","og_title":"Josera Leger sausas maistas kat\u0117ms","og_description":"Specialiai subalansuotas sausas pa\u0161aras, skirtas ma\u017eiau aktyvioms, sterilizuotoms ar kastruotoms kat\u0117ms, taip pat toms, kurios turi polink\u012f priaugti svorio. \u0160is pa\u0161aras padeda kontroliuoti svor\u012f ir ma\u017eina plauk\u0173 kamuoliuk\u0173 susidarymo rizik\u0105.  &nbsp;","og_url":"https:\/\/anivet.lt\/elparduotuve\/produktas\/josera-leger-sausas-maistas-katems\/","og_site_name":"anivet.lt","article_modified_time":"2025-05-27T13:17:33+00:00","og_image":[{"width":1200,"height":1000,"url":"https:\/\/anivet.lt\/elparduotuve\/wp-content\/uploads\/2023\/08\/01_JOSERA_Leger_2-4.25-10kg_LT.png","type":"image\/png"}],"twitter_card":"summary_large_image","twitter_misc":{"Est. reading time":"1 minut\u0117"},"schema":{"@context":"https:\/\/schema.org","@graph":[{"@type":"WebPage","@id":"https:\/\/anivet.lt\/elparduotuve\/produktas\/josera-leger-sausas-maistas-katems\/","url":"https:\/\/anivet.lt\/elparduotuve\/produktas\/josera-leger-sausas-maistas-katems\/","name":"Josera Leger sausas maistas kat\u0117ms - anivet.lt","isPartOf":{"@id":"https:\/\/anivet.lt\/elparduotuve\/#website"},"primaryImageOfPage":{"@id":"https:\/\/anivet.lt\/elparduotuve\/produktas\/josera-leger-sausas-maistas-katems\/#primaryimage"},"image":{"@id":"https:\/\/anivet.lt\/elparduotuve\/produktas\/josera-leger-sausas-maistas-katems\/#primaryimage"},"thumbnailUrl":"https:\/\/anivet.lt\/elparduotuve\/wp-content\/uploads\/2023\/08\/01_JOSERA_Leger_2-4.25-10kg_LT.png","datePublished":"2023-08-23T11:15:17+00:00","dateModified":"2025-05-27T13:17:33+00:00","description":"Specialiai subalansuotas sausas pa\u0161aras, skirtas ma\u017eiau aktyvioms, sterilizuotoms ar kastruotoms kat\u0117ms, taip pat toms, kurios turi polink\u012f priaugti svorio. \u0160is pa\u0161aras padeda kontroliuoti svor\u012f ir ma\u017eina plauk\u0173 kamuoliuk\u0173 susidarymo rizik\u0105. &nbsp;","breadcrumb":{"@id":"https:\/\/anivet.lt\/elparduotuve\/produktas\/josera-leger-sausas-maistas-katems\/#breadcrumb"},"inLanguage":"lt-LT","potentialAction":[{"@type":"ReadAction","target":["https:\/\/anivet.lt\/elparduotuve\/produktas\/josera-leger-sausas-maistas-katems\/"]}]},{"@type":"ImageObject","inLanguage":"lt-LT","@id":"https:\/\/anivet.lt\/elparduotuve\/produktas\/josera-leger-sausas-maistas-katems\/#primaryimage","url":"https:\/\/anivet.lt\/elparduotuve\/wp-content\/uploads\/2023\/08\/01_JOSERA_Leger_2-4.25-10kg_LT.png","contentUrl":"https:\/\/anivet.lt\/elparduotuve\/wp-content\/uploads\/2023\/08\/01_JOSERA_Leger_2-4.25-10kg_LT.png","width":1200,"height":1000,"caption":"Josera Leger sausas maistas kat\u0117ms - 2kg."},{"@type":"BreadcrumbList","@id":"https:\/\/anivet.lt\/elparduotuve\/produktas\/josera-leger-sausas-maistas-katems\/#breadcrumb","itemListElement":[{"@type":"ListItem","position":1,"name":"Home","item":"https:\/\/anivet.lt\/elparduotuve\/"},{"@type":"ListItem","position":2,"name":"Produktai","item":"https:\/\/anivet.lt\/elparduotuve\/produktai\/"},{"@type":"ListItem","position":3,"name":"Josera Leger sausas maistas kat\u0117ms"}]},{"@type":"WebSite","@id":"https:\/\/anivet.lt\/elparduotuve\/#website","url":"https:\/\/anivet.lt\/elparduotuve\/","name":"anivet.lt","description":"Viskas J\u016bs\u0173 \u0161uns, kat\u0117s prie\u017ei\u016brai","publisher":{"@id":"https:\/\/anivet.lt\/elparduotuve\/#organization"},"alternateName":"Viskas J\u016bs\u0173 \u0161uns, kat\u0117s prie\u017ei\u016brai","potentialAction":[{"@type":"SearchAction","target":{"@type":"EntryPoint","urlTemplate":"https:\/\/anivet.lt\/elparduotuve\/?s={search_term_string}"},"query-input":{"@type":"PropertyValueSpecification","valueRequired":true,"valueName":"search_term_string"}}],"inLanguage":"lt-LT"},{"@type":"Organization","@id":"https:\/\/anivet.lt\/elparduotuve\/#organization","name":"Viskas J\u016bs\u0173 \u0161uns, kat\u0117s prie\u017ei\u016brai","url":"https:\/\/anivet.lt\/elparduotuve\/","logo":{"@type":"ImageObject","inLanguage":"lt-LT","@id":"https:\/\/anivet.lt\/elparduotuve\/#\/schema\/logo\/image\/","url":"https:\/\/anivet.lt\/elparduotuve\/wp-content\/uploads\/2023\/06\/logo2.jpg","contentUrl":"https:\/\/anivet.lt\/elparduotuve\/wp-content\/uploads\/2023\/06\/logo2.jpg","width":655,"height":194,"caption":"Viskas J\u016bs\u0173 \u0161uns, kat\u0117s prie\u017ei\u016brai"},"image":{"@id":"https:\/\/anivet.lt\/elparduotuve\/#\/schema\/logo\/image\/"}}]}},"_links":{"self":[{"href":"https:\/\/anivet.lt\/elparduotuve\/wp-json\/wp\/v2\/product\/11291","targetHints":{"allow":["GET"]}}],"collection":[{"href":"https:\/\/anivet.lt\/elparduotuve\/wp-json\/wp\/v2\/product"}],"about":[{"href":"https:\/\/anivet.lt\/elparduotuve\/wp-json\/wp\/v2\/types\/product"}],"wp:featuredmedia":[{"embeddable":true,"href":"https:\/\/anivet.lt\/elparduotuve\/wp-json\/wp\/v2\/media\/11296"}],"wp:attachment":[{"href":"https:\/\/anivet.lt\/elparduotuve\/wp-json\/wp\/v2\/media?parent=11291"}],"wp:term":[{"taxonomy":"product_brand","embeddable":true,"href":"https:\/\/anivet.lt\/elparduotuve\/wp-json\/wp\/v2\/product_brand?post=11291"},{"taxonomy":"product_cat","embeddable":true,"href":"https:\/\/anivet.lt\/elparduotuve\/wp-json\/wp\/v2\/product_cat?post=11291"},{"taxonomy":"product_tag","embeddable":true,"href":"https:\/\/anivet.lt\/elparduotuve\/wp-json\/wp\/v2\/product_tag?post=11291"}],"curies":[{"name":"wp","href":"https:\/\/api.w.org\/{rel}","templated":true}]}}