{"id":11315,"date":"2023-08-23T12:19:08","date_gmt":"2023-08-23T12:19:08","guid":{"rendered":"https:\/\/anivet.lt\/elparduotuve\/?post_type=product&#038;p=11315"},"modified":"2025-05-27T13:17:39","modified_gmt":"2025-05-27T13:17:39","slug":"original-medium-maxi-adult-suaugusiems-sunims-kalakutiena","status":"publish","type":"product","link":"https:\/\/anivet.lt\/elparduotuve\/produktas\/original-medium-maxi-adult-suaugusiems-sunims-kalakutiena\/","title":{"rendered":"Nature&#8217;s Variety Original Medium\/Maxi Adult suaugusiems \u0161unims (kalakutiena)"},"content":{"rendered":"<ul>\n<li style=\"font-weight: 400\"><span style=\"font-weight: 400\">Be gr\u016bd\u0173: Tinka \u0161unims, jautriems glitimui ar gr\u016bdams.<\/span><\/li>\n<li style=\"font-weight: 400\"><span style=\"font-weight: 400\">Pagrindinis ingredientas \u2013 kalakutiena: Lengvai vir\u0161kinami baltymai padeda palaikyti raumen\u0173 tonus\u0105.<\/span><\/li>\n<li style=\"font-weight: 400\"><span style=\"font-weight: 400\">Praturtintas dar\u017eov\u0117mis ir vaisiais: \u017dirniai, bulv\u0117s, morkos ir obuoliai suteikia nat\u016brali\u0173 vitamin\u0173 ir skaidul\u0173.<\/span><\/li>\n<li style=\"font-weight: 400\"><span style=\"font-weight: 400\">Omega-3 ir Omega-6 riebiosios r\u016bg\u0161tys: Palaiko sveik\u0105 od\u0105 ir blizgant\u012f kail\u012f.<\/span><\/li>\n<li style=\"font-weight: 400\"><span style=\"font-weight: 400\">Subalansuota sud\u0117tis: U\u017etikrina, kad j\u016bs\u0173 \u0161uo gaut\u0173 visus reikalingus vitaminus ir mineralus.<\/span><\/li>\n<\/ul>\n<p><span style=\"font-weight: 400\">\u0160is pilnai subalansuotas pa\u0161aras puikiai tiks kasdieniam \u0161\u0117rimui, suteikdamas j\u016bs\u0173 \u0161uniui energijos ir palaikydamas ger\u0105 sveikatos b\u016bkl\u0119. Nat\u016bral\u016bs ingredientai u\u017etikrina puik\u0173 skon\u012f, kuris tikrai prad\u017eiugins j\u016bs\u0173 augintin\u012f.<\/span><\/p>\n","protected":false},"excerpt":{"rendered":"<p><span style=\"font-weight: 400\">Puikus pasirinkimas j\u016bs\u0173 suaugusiam \u0161uniui, jei ie\u0161kote pilnai subalansuoto ir begr\u016bd\u017eio pa\u0161aro. \u0160is maistas praturtintas auk\u0161tos kokyb\u0117s baltymais, dar\u017eov\u0117mis ir vaisiais, u\u017etikrina puiki\u0105 mityb\u0105 ir yra ypa\u010d tinkamas \u0161unims su jautria vir\u0161kinimo sistema.<\/span><\/p>\n","protected":false},"featured_media":11316,"template":"","meta":[],"product_brand":[],"product_cat":[101,103,104,335],"product_tag":[],"class_list":{"0":"post-11315","1":"product","2":"type-product","3":"status-publish","4":"has-post-thumbnail","6":"product_cat-sunims","7":"product_cat-sunu-maistas","8":"product_cat-sausas-maistas","9":"product_cat-natures-variety-sunu-maistas","10":"pa_prekinis-zenklas-natures-variety","12":"first","13":"outofstock","14":"taxable","15":"shipping-taxable","16":"purchasable","17":"product-type-variable"},"yoast_head":"<!-- This site is optimized with the Yoast SEO Premium plugin v27.1 (Yoast SEO v27.5) - https:\/\/yoast.com\/product\/yoast-seo-premium-wordpress\/ -->\n<title>Nature&#039;s Variety Original Medium\/Maxi Adult suaugusiems \u0161unims (kalakutiena) - anivet.lt<\/title>\n<meta name=\"description\" content=\"Puikus pasirinkimas j\u016bs\u0173 suaugusiam \u0161uniui, jei ie\u0161kote pilnai subalansuoto ir begr\u016bd\u017eio pa\u0161aro. \u0160is maistas praturtintas auk\u0161tos kokyb\u0117s baltymais, dar\u017eov\u0117mis ir vaisiais, u\u017etikrina puiki\u0105 mityb\u0105 ir yra ypa\u010d tinkamas \u0161unims su jautria vir\u0161kinimo sistema.\" \/>\n<meta name=\"robots\" content=\"index, follow, max-snippet:-1, max-image-preview:large, max-video-preview:-1\" \/>\n<link rel=\"canonical\" href=\"https:\/\/anivet.lt\/elparduotuve\/produktas\/original-medium-maxi-adult-suaugusiems-sunims-kalakutiena\/\" \/>\n<meta property=\"og:locale\" content=\"lt_LT\" \/>\n<meta property=\"og:type\" content=\"article\" \/>\n<meta property=\"og:title\" content=\"Nature&#039;s Variety Original Medium\/Maxi Adult suaugusiems \u0161unims (kalakutiena)\" \/>\n<meta property=\"og:description\" content=\"Puikus pasirinkimas j\u016bs\u0173 suaugusiam \u0161uniui, jei ie\u0161kote pilnai subalansuoto ir begr\u016bd\u017eio pa\u0161aro. \u0160is maistas praturtintas auk\u0161tos kokyb\u0117s baltymais, dar\u017eov\u0117mis ir vaisiais, u\u017etikrina puiki\u0105 mityb\u0105 ir yra ypa\u010d tinkamas \u0161unims su jautria vir\u0161kinimo sistema.\" \/>\n<meta property=\"og:url\" content=\"https:\/\/anivet.lt\/elparduotuve\/produktas\/original-medium-maxi-adult-suaugusiems-sunims-kalakutiena\/\" \/>\n<meta property=\"og:site_name\" content=\"anivet.lt\" \/>\n<meta property=\"article:modified_time\" content=\"2025-05-27T13:17:39+00:00\" \/>\n<meta property=\"og:image\" content=\"https:\/\/anivet.lt\/elparduotuve\/wp-content\/uploads\/2023\/08\/2kg-Original-Medium-Maxi-Adult-kalakutiena.png\" \/>\n\t<meta property=\"og:image:width\" content=\"1031\" \/>\n\t<meta property=\"og:image:height\" content=\"1500\" \/>\n\t<meta property=\"og:image:type\" content=\"image\/png\" \/>\n<meta name=\"twitter:card\" content=\"summary_large_image\" \/>\n<meta name=\"twitter:label1\" content=\"Est. reading time\" \/>\n\t<meta name=\"twitter:data1\" content=\"1 minut\u0117\" \/>\n<script type=\"application\/ld+json\" class=\"yoast-schema-graph\">{\"@context\":\"https:\\\/\\\/schema.org\",\"@graph\":[{\"@type\":\"WebPage\",\"@id\":\"https:\\\/\\\/anivet.lt\\\/elparduotuve\\\/produktas\\\/original-medium-maxi-adult-suaugusiems-sunims-kalakutiena\\\/\",\"url\":\"https:\\\/\\\/anivet.lt\\\/elparduotuve\\\/produktas\\\/original-medium-maxi-adult-suaugusiems-sunims-kalakutiena\\\/\",\"name\":\"Nature's Variety Original Medium\\\/Maxi Adult suaugusiems \u0161unims (kalakutiena) - anivet.lt\",\"isPartOf\":{\"@id\":\"https:\\\/\\\/anivet.lt\\\/elparduotuve\\\/#website\"},\"primaryImageOfPage\":{\"@id\":\"https:\\\/\\\/anivet.lt\\\/elparduotuve\\\/produktas\\\/original-medium-maxi-adult-suaugusiems-sunims-kalakutiena\\\/#primaryimage\"},\"image\":{\"@id\":\"https:\\\/\\\/anivet.lt\\\/elparduotuve\\\/produktas\\\/original-medium-maxi-adult-suaugusiems-sunims-kalakutiena\\\/#primaryimage\"},\"thumbnailUrl\":\"https:\\\/\\\/anivet.lt\\\/elparduotuve\\\/wp-content\\\/uploads\\\/2023\\\/08\\\/2kg-Original-Medium-Maxi-Adult-kalakutiena.png\",\"datePublished\":\"2023-08-23T12:19:08+00:00\",\"dateModified\":\"2025-05-27T13:17:39+00:00\",\"description\":\"Puikus pasirinkimas j\u016bs\u0173 suaugusiam \u0161uniui, jei ie\u0161kote pilnai subalansuoto ir begr\u016bd\u017eio pa\u0161aro. \u0160is maistas praturtintas auk\u0161tos kokyb\u0117s baltymais, dar\u017eov\u0117mis ir vaisiais, u\u017etikrina puiki\u0105 mityb\u0105 ir yra ypa\u010d tinkamas \u0161unims su jautria vir\u0161kinimo sistema.\",\"breadcrumb\":{\"@id\":\"https:\\\/\\\/anivet.lt\\\/elparduotuve\\\/produktas\\\/original-medium-maxi-adult-suaugusiems-sunims-kalakutiena\\\/#breadcrumb\"},\"inLanguage\":\"lt-LT\",\"potentialAction\":[{\"@type\":\"ReadAction\",\"target\":[\"https:\\\/\\\/anivet.lt\\\/elparduotuve\\\/produktas\\\/original-medium-maxi-adult-suaugusiems-sunims-kalakutiena\\\/\"]}]},{\"@type\":\"ImageObject\",\"inLanguage\":\"lt-LT\",\"@id\":\"https:\\\/\\\/anivet.lt\\\/elparduotuve\\\/produktas\\\/original-medium-maxi-adult-suaugusiems-sunims-kalakutiena\\\/#primaryimage\",\"url\":\"https:\\\/\\\/anivet.lt\\\/elparduotuve\\\/wp-content\\\/uploads\\\/2023\\\/08\\\/2kg-Original-Medium-Maxi-Adult-kalakutiena.png\",\"contentUrl\":\"https:\\\/\\\/anivet.lt\\\/elparduotuve\\\/wp-content\\\/uploads\\\/2023\\\/08\\\/2kg-Original-Medium-Maxi-Adult-kalakutiena.png\",\"width\":1031,\"height\":1500,\"caption\":\"Nature's Variety Original Medium\\\/Maxi Adult suaugusiems \u0161unims (kalakutiena)\"},{\"@type\":\"BreadcrumbList\",\"@id\":\"https:\\\/\\\/anivet.lt\\\/elparduotuve\\\/produktas\\\/original-medium-maxi-adult-suaugusiems-sunims-kalakutiena\\\/#breadcrumb\",\"itemListElement\":[{\"@type\":\"ListItem\",\"position\":1,\"name\":\"Home\",\"item\":\"https:\\\/\\\/anivet.lt\\\/elparduotuve\\\/\"},{\"@type\":\"ListItem\",\"position\":2,\"name\":\"Produktai\",\"item\":\"https:\\\/\\\/anivet.lt\\\/elparduotuve\\\/produktai\\\/\"},{\"@type\":\"ListItem\",\"position\":3,\"name\":\"Nature&#8217;s Variety Original Medium\\\/Maxi Adult suaugusiems \u0161unims (kalakutiena)\"}]},{\"@type\":\"WebSite\",\"@id\":\"https:\\\/\\\/anivet.lt\\\/elparduotuve\\\/#website\",\"url\":\"https:\\\/\\\/anivet.lt\\\/elparduotuve\\\/\",\"name\":\"anivet.lt\",\"description\":\"Viskas J\u016bs\u0173 \u0161uns, kat\u0117s prie\u017ei\u016brai\",\"publisher\":{\"@id\":\"https:\\\/\\\/anivet.lt\\\/elparduotuve\\\/#organization\"},\"alternateName\":\"Viskas J\u016bs\u0173 \u0161uns, kat\u0117s prie\u017ei\u016brai\",\"potentialAction\":[{\"@type\":\"SearchAction\",\"target\":{\"@type\":\"EntryPoint\",\"urlTemplate\":\"https:\\\/\\\/anivet.lt\\\/elparduotuve\\\/?s={search_term_string}\"},\"query-input\":{\"@type\":\"PropertyValueSpecification\",\"valueRequired\":true,\"valueName\":\"search_term_string\"}}],\"inLanguage\":\"lt-LT\"},{\"@type\":\"Organization\",\"@id\":\"https:\\\/\\\/anivet.lt\\\/elparduotuve\\\/#organization\",\"name\":\"Viskas J\u016bs\u0173 \u0161uns, kat\u0117s prie\u017ei\u016brai\",\"url\":\"https:\\\/\\\/anivet.lt\\\/elparduotuve\\\/\",\"logo\":{\"@type\":\"ImageObject\",\"inLanguage\":\"lt-LT\",\"@id\":\"https:\\\/\\\/anivet.lt\\\/elparduotuve\\\/#\\\/schema\\\/logo\\\/image\\\/\",\"url\":\"https:\\\/\\\/anivet.lt\\\/elparduotuve\\\/wp-content\\\/uploads\\\/2023\\\/06\\\/logo2.jpg\",\"contentUrl\":\"https:\\\/\\\/anivet.lt\\\/elparduotuve\\\/wp-content\\\/uploads\\\/2023\\\/06\\\/logo2.jpg\",\"width\":655,\"height\":194,\"caption\":\"Viskas J\u016bs\u0173 \u0161uns, kat\u0117s prie\u017ei\u016brai\"},\"image\":{\"@id\":\"https:\\\/\\\/anivet.lt\\\/elparduotuve\\\/#\\\/schema\\\/logo\\\/image\\\/\"}}]}<\/script>\n<!-- \/ Yoast SEO Premium plugin. -->","yoast_head_json":{"title":"Nature's Variety Original Medium\/Maxi Adult suaugusiems \u0161unims (kalakutiena) - anivet.lt","description":"Puikus pasirinkimas j\u016bs\u0173 suaugusiam \u0161uniui, jei ie\u0161kote pilnai subalansuoto ir begr\u016bd\u017eio pa\u0161aro. \u0160is maistas praturtintas auk\u0161tos kokyb\u0117s baltymais, dar\u017eov\u0117mis ir vaisiais, u\u017etikrina puiki\u0105 mityb\u0105 ir yra ypa\u010d tinkamas \u0161unims su jautria vir\u0161kinimo sistema.","robots":{"index":"index","follow":"follow","max-snippet":"max-snippet:-1","max-image-preview":"max-image-preview:large","max-video-preview":"max-video-preview:-1"},"canonical":"https:\/\/anivet.lt\/elparduotuve\/produktas\/original-medium-maxi-adult-suaugusiems-sunims-kalakutiena\/","og_locale":"lt_LT","og_type":"article","og_title":"Nature's Variety Original Medium\/Maxi Adult suaugusiems \u0161unims (kalakutiena)","og_description":"Puikus pasirinkimas j\u016bs\u0173 suaugusiam \u0161uniui, jei ie\u0161kote pilnai subalansuoto ir begr\u016bd\u017eio pa\u0161aro. \u0160is maistas praturtintas auk\u0161tos kokyb\u0117s baltymais, dar\u017eov\u0117mis ir vaisiais, u\u017etikrina puiki\u0105 mityb\u0105 ir yra ypa\u010d tinkamas \u0161unims su jautria vir\u0161kinimo sistema.","og_url":"https:\/\/anivet.lt\/elparduotuve\/produktas\/original-medium-maxi-adult-suaugusiems-sunims-kalakutiena\/","og_site_name":"anivet.lt","article_modified_time":"2025-05-27T13:17:39+00:00","og_image":[{"width":1031,"height":1500,"url":"https:\/\/anivet.lt\/elparduotuve\/wp-content\/uploads\/2023\/08\/2kg-Original-Medium-Maxi-Adult-kalakutiena.png","type":"image\/png"}],"twitter_card":"summary_large_image","twitter_misc":{"Est. reading time":"1 minut\u0117"},"schema":{"@context":"https:\/\/schema.org","@graph":[{"@type":"WebPage","@id":"https:\/\/anivet.lt\/elparduotuve\/produktas\/original-medium-maxi-adult-suaugusiems-sunims-kalakutiena\/","url":"https:\/\/anivet.lt\/elparduotuve\/produktas\/original-medium-maxi-adult-suaugusiems-sunims-kalakutiena\/","name":"Nature's Variety Original Medium\/Maxi Adult suaugusiems \u0161unims (kalakutiena) - anivet.lt","isPartOf":{"@id":"https:\/\/anivet.lt\/elparduotuve\/#website"},"primaryImageOfPage":{"@id":"https:\/\/anivet.lt\/elparduotuve\/produktas\/original-medium-maxi-adult-suaugusiems-sunims-kalakutiena\/#primaryimage"},"image":{"@id":"https:\/\/anivet.lt\/elparduotuve\/produktas\/original-medium-maxi-adult-suaugusiems-sunims-kalakutiena\/#primaryimage"},"thumbnailUrl":"https:\/\/anivet.lt\/elparduotuve\/wp-content\/uploads\/2023\/08\/2kg-Original-Medium-Maxi-Adult-kalakutiena.png","datePublished":"2023-08-23T12:19:08+00:00","dateModified":"2025-05-27T13:17:39+00:00","description":"Puikus pasirinkimas j\u016bs\u0173 suaugusiam \u0161uniui, jei ie\u0161kote pilnai subalansuoto ir begr\u016bd\u017eio pa\u0161aro. \u0160is maistas praturtintas auk\u0161tos kokyb\u0117s baltymais, dar\u017eov\u0117mis ir vaisiais, u\u017etikrina puiki\u0105 mityb\u0105 ir yra ypa\u010d tinkamas \u0161unims su jautria vir\u0161kinimo sistema.","breadcrumb":{"@id":"https:\/\/anivet.lt\/elparduotuve\/produktas\/original-medium-maxi-adult-suaugusiems-sunims-kalakutiena\/#breadcrumb"},"inLanguage":"lt-LT","potentialAction":[{"@type":"ReadAction","target":["https:\/\/anivet.lt\/elparduotuve\/produktas\/original-medium-maxi-adult-suaugusiems-sunims-kalakutiena\/"]}]},{"@type":"ImageObject","inLanguage":"lt-LT","@id":"https:\/\/anivet.lt\/elparduotuve\/produktas\/original-medium-maxi-adult-suaugusiems-sunims-kalakutiena\/#primaryimage","url":"https:\/\/anivet.lt\/elparduotuve\/wp-content\/uploads\/2023\/08\/2kg-Original-Medium-Maxi-Adult-kalakutiena.png","contentUrl":"https:\/\/anivet.lt\/elparduotuve\/wp-content\/uploads\/2023\/08\/2kg-Original-Medium-Maxi-Adult-kalakutiena.png","width":1031,"height":1500,"caption":"Nature's Variety Original Medium\/Maxi Adult suaugusiems \u0161unims (kalakutiena)"},{"@type":"BreadcrumbList","@id":"https:\/\/anivet.lt\/elparduotuve\/produktas\/original-medium-maxi-adult-suaugusiems-sunims-kalakutiena\/#breadcrumb","itemListElement":[{"@type":"ListItem","position":1,"name":"Home","item":"https:\/\/anivet.lt\/elparduotuve\/"},{"@type":"ListItem","position":2,"name":"Produktai","item":"https:\/\/anivet.lt\/elparduotuve\/produktai\/"},{"@type":"ListItem","position":3,"name":"Nature&#8217;s Variety Original Medium\/Maxi Adult suaugusiems \u0161unims (kalakutiena)"}]},{"@type":"WebSite","@id":"https:\/\/anivet.lt\/elparduotuve\/#website","url":"https:\/\/anivet.lt\/elparduotuve\/","name":"anivet.lt","description":"Viskas J\u016bs\u0173 \u0161uns, kat\u0117s prie\u017ei\u016brai","publisher":{"@id":"https:\/\/anivet.lt\/elparduotuve\/#organization"},"alternateName":"Viskas J\u016bs\u0173 \u0161uns, kat\u0117s prie\u017ei\u016brai","potentialAction":[{"@type":"SearchAction","target":{"@type":"EntryPoint","urlTemplate":"https:\/\/anivet.lt\/elparduotuve\/?s={search_term_string}"},"query-input":{"@type":"PropertyValueSpecification","valueRequired":true,"valueName":"search_term_string"}}],"inLanguage":"lt-LT"},{"@type":"Organization","@id":"https:\/\/anivet.lt\/elparduotuve\/#organization","name":"Viskas J\u016bs\u0173 \u0161uns, kat\u0117s prie\u017ei\u016brai","url":"https:\/\/anivet.lt\/elparduotuve\/","logo":{"@type":"ImageObject","inLanguage":"lt-LT","@id":"https:\/\/anivet.lt\/elparduotuve\/#\/schema\/logo\/image\/","url":"https:\/\/anivet.lt\/elparduotuve\/wp-content\/uploads\/2023\/06\/logo2.jpg","contentUrl":"https:\/\/anivet.lt\/elparduotuve\/wp-content\/uploads\/2023\/06\/logo2.jpg","width":655,"height":194,"caption":"Viskas J\u016bs\u0173 \u0161uns, kat\u0117s prie\u017ei\u016brai"},"image":{"@id":"https:\/\/anivet.lt\/elparduotuve\/#\/schema\/logo\/image\/"}}]}},"_links":{"self":[{"href":"https:\/\/anivet.lt\/elparduotuve\/wp-json\/wp\/v2\/product\/11315","targetHints":{"allow":["GET"]}}],"collection":[{"href":"https:\/\/anivet.lt\/elparduotuve\/wp-json\/wp\/v2\/product"}],"about":[{"href":"https:\/\/anivet.lt\/elparduotuve\/wp-json\/wp\/v2\/types\/product"}],"wp:featuredmedia":[{"embeddable":true,"href":"https:\/\/anivet.lt\/elparduotuve\/wp-json\/wp\/v2\/media\/11316"}],"wp:attachment":[{"href":"https:\/\/anivet.lt\/elparduotuve\/wp-json\/wp\/v2\/media?parent=11315"}],"wp:term":[{"taxonomy":"product_brand","embeddable":true,"href":"https:\/\/anivet.lt\/elparduotuve\/wp-json\/wp\/v2\/product_brand?post=11315"},{"taxonomy":"product_cat","embeddable":true,"href":"https:\/\/anivet.lt\/elparduotuve\/wp-json\/wp\/v2\/product_cat?post=11315"},{"taxonomy":"product_tag","embeddable":true,"href":"https:\/\/anivet.lt\/elparduotuve\/wp-json\/wp\/v2\/product_tag?post=11315"}],"curies":[{"name":"wp","href":"https:\/\/api.w.org\/{rel}","templated":true}]}}