{"id":11359,"date":"2023-08-23T18:21:42","date_gmt":"2023-08-23T18:21:42","guid":{"rendered":"https:\/\/anivet.lt\/elparduotuve\/?post_type=product&#038;p=11359"},"modified":"2026-03-20T15:04:27","modified_gmt":"2026-03-20T15:04:27","slug":"original-medium-maxi-adult-suaugusiems-sunims-lasisa","status":"publish","type":"product","link":"https:\/\/anivet.lt\/elparduotuve\/produktas\/original-medium-maxi-adult-suaugusiems-sunims-lasisa\/","title":{"rendered":"Nature&#8217;s Variety Original Medium\/Maxi Adult suaugusiems \u0161unims (la\u0161i\u0161a)"},"content":{"rendered":"<ul>\n<li><span lang=\"en-US\">Pagrindinis ingredientas \u2013 la\u0161i\u0161a: 21% i\u0161kaulintos la\u0161i\u0161os ir 14% dehidratuot\u0173 tuno baltym\u0173 suteikia kokybi\u0161k\u0105 gyv\u016bnin\u0117s kilm\u0117s baltym\u0173 \u0161altin\u012f.<\/span><\/li>\n<li>Nat\u016bral\u016bs ingredientai: Recept\u0105 papildo rudieji ry\u017eiai, avi\u017eos, \u017eirniai ir d\u017eiovintos dar\u017eov\u0117s, skirtos nat\u016braliam ir sveikam \u0161uns maitinimui.<\/li>\n<li>Omega-3 ir Omega-6 r\u016bg\u0161tys: Skatina sveik\u0105 kail\u012f, od\u0105 ir bendr\u0105 gyv\u016bno gyvybingum\u0105.<\/li>\n<li>Be dirbtini\u0173 pried\u0173: Naudojami tik nat\u016bral\u016bs ingredientai, nenaudojant dirbtini\u0173 da\u017eikli\u0173, kvapikli\u0173 ar konservant\u0173.<\/li>\n<li>Papildyta vitaminais ir mineralais: \u012etraukta daugyb\u0117 vitamin\u0173, \u012fskaitant A, D3, E, ir C, bei svarbiausi mikroelementai (gele\u017eis, cinkas, manganas), u\u017etikrinantys visapusi\u0161k\u0105 sveikat\u0105.<\/li>\n<\/ul>\n<p>\u0160is pa\u0161aras skirtas patenkinti kasdienius suaugusi\u0173 \u0161un\u0173 energijos ir maistini\u0173 med\u017eiag\u0173 poreikius. Auk\u0161tos kokyb\u0117s la\u0161i\u0161a ir nat\u016bral\u016bs ingredientai u\u017etikrina ger\u0105 vir\u0161kinim\u0105, gyvybingum\u0105 ir sveik\u0105 kailio spindes\u012f.<\/p>\n","protected":false},"excerpt":{"rendered":"<p><span style=\"font-weight: 400;\">Pilnai subalansuotas ir maistingas sausas pa\u0161aras, sukurtas suaugusi\u0173 \u0161un\u0173 gerovei u\u017etikrinti. Pagrindinis ingredientas \u2013 i\u0161kaulinta la\u0161i\u0161os m\u0117sa, papildyta auk\u0161tos kokyb\u0117s vaisiais, dar\u017eov\u0117mis ir pilno gr\u016bdo kruopomis, skirta optimaliai \u0161uns sveikatai palaikyti.<\/span><\/p>\n","protected":false},"featured_media":11361,"template":"","meta":[],"product_brand":[],"product_cat":[101,103,104,335],"product_tag":[],"class_list":{"0":"post-11359","1":"product","2":"type-product","3":"status-publish","4":"has-post-thumbnail","6":"product_cat-sunims","7":"product_cat-sunu-maistas","8":"product_cat-sausas-maistas","9":"product_cat-natures-variety-sunu-maistas","10":"pa_prekinis-zenklas-natures-variety","12":"first","13":"outofstock","14":"taxable","15":"shipping-taxable","16":"purchasable","17":"product-type-variable"},"yoast_head":"<!-- This site is optimized with the Yoast SEO Premium plugin v27.1 (Yoast SEO v27.5) - https:\/\/yoast.com\/product\/yoast-seo-premium-wordpress\/ -->\n<title>Nature&#039;s Variety Original Medium\/Maxi Adult suaugusiems \u0161unims (la\u0161i\u0161a) - anivet.lt<\/title>\n<meta name=\"description\" content=\"Pilnai subalansuotas ir maistingas sausas pa\u0161aras, sukurtas suaugusi\u0173 \u0161un\u0173 gerovei u\u017etikrinti. Pagrindinis ingredientas \u2013 i\u0161kaulinta la\u0161i\u0161os m\u0117sa, papildyta auk\u0161tos kokyb\u0117s vaisiais, dar\u017eov\u0117mis ir pilno gr\u016bdo kruopomis, skirta optimaliai \u0161uns sveikatai palaikyti.\" \/>\n<meta name=\"robots\" content=\"index, follow, max-snippet:-1, max-image-preview:large, max-video-preview:-1\" \/>\n<link rel=\"canonical\" href=\"https:\/\/anivet.lt\/elparduotuve\/produktas\/original-medium-maxi-adult-suaugusiems-sunims-lasisa\/\" \/>\n<meta property=\"og:locale\" content=\"lt_LT\" \/>\n<meta property=\"og:type\" content=\"article\" \/>\n<meta property=\"og:title\" content=\"Nature&#039;s Variety Original Medium\/Maxi Adult suaugusiems \u0161unims (la\u0161i\u0161a)\" \/>\n<meta property=\"og:description\" content=\"Pilnai subalansuotas ir maistingas sausas pa\u0161aras, sukurtas suaugusi\u0173 \u0161un\u0173 gerovei u\u017etikrinti. Pagrindinis ingredientas \u2013 i\u0161kaulinta la\u0161i\u0161os m\u0117sa, papildyta auk\u0161tos kokyb\u0117s vaisiais, dar\u017eov\u0117mis ir pilno gr\u016bdo kruopomis, skirta optimaliai \u0161uns sveikatai palaikyti.\" \/>\n<meta property=\"og:url\" content=\"https:\/\/anivet.lt\/elparduotuve\/produktas\/original-medium-maxi-adult-suaugusiems-sunims-lasisa\/\" \/>\n<meta property=\"og:site_name\" content=\"anivet.lt\" \/>\n<meta property=\"article:modified_time\" content=\"2026-03-20T15:04:27+00:00\" \/>\n<meta property=\"og:image\" content=\"https:\/\/anivet.lt\/elparduotuve\/wp-content\/uploads\/2023\/08\/2kg-Original-MedMax-Adult-lasisa.png\" \/>\n\t<meta property=\"og:image:width\" content=\"1031\" \/>\n\t<meta property=\"og:image:height\" content=\"1500\" \/>\n\t<meta property=\"og:image:type\" content=\"image\/png\" \/>\n<meta name=\"twitter:card\" content=\"summary_large_image\" \/>\n<meta name=\"twitter:label1\" content=\"Est. reading time\" \/>\n\t<meta name=\"twitter:data1\" content=\"1 minut\u0117\" \/>\n<script type=\"application\/ld+json\" class=\"yoast-schema-graph\">{\"@context\":\"https:\\\/\\\/schema.org\",\"@graph\":[{\"@type\":\"WebPage\",\"@id\":\"https:\\\/\\\/anivet.lt\\\/elparduotuve\\\/produktas\\\/original-medium-maxi-adult-suaugusiems-sunims-lasisa\\\/\",\"url\":\"https:\\\/\\\/anivet.lt\\\/elparduotuve\\\/produktas\\\/original-medium-maxi-adult-suaugusiems-sunims-lasisa\\\/\",\"name\":\"Nature's Variety Original Medium\\\/Maxi Adult suaugusiems \u0161unims (la\u0161i\u0161a) - anivet.lt\",\"isPartOf\":{\"@id\":\"https:\\\/\\\/anivet.lt\\\/elparduotuve\\\/#website\"},\"primaryImageOfPage\":{\"@id\":\"https:\\\/\\\/anivet.lt\\\/elparduotuve\\\/produktas\\\/original-medium-maxi-adult-suaugusiems-sunims-lasisa\\\/#primaryimage\"},\"image\":{\"@id\":\"https:\\\/\\\/anivet.lt\\\/elparduotuve\\\/produktas\\\/original-medium-maxi-adult-suaugusiems-sunims-lasisa\\\/#primaryimage\"},\"thumbnailUrl\":\"https:\\\/\\\/anivet.lt\\\/elparduotuve\\\/wp-content\\\/uploads\\\/2023\\\/08\\\/2kg-Original-MedMax-Adult-lasisa.png\",\"datePublished\":\"2023-08-23T18:21:42+00:00\",\"dateModified\":\"2026-03-20T15:04:27+00:00\",\"description\":\"Pilnai subalansuotas ir maistingas sausas pa\u0161aras, sukurtas suaugusi\u0173 \u0161un\u0173 gerovei u\u017etikrinti. Pagrindinis ingredientas \u2013 i\u0161kaulinta la\u0161i\u0161os m\u0117sa, papildyta auk\u0161tos kokyb\u0117s vaisiais, dar\u017eov\u0117mis ir pilno gr\u016bdo kruopomis, skirta optimaliai \u0161uns sveikatai palaikyti.\",\"breadcrumb\":{\"@id\":\"https:\\\/\\\/anivet.lt\\\/elparduotuve\\\/produktas\\\/original-medium-maxi-adult-suaugusiems-sunims-lasisa\\\/#breadcrumb\"},\"inLanguage\":\"lt-LT\",\"potentialAction\":[{\"@type\":\"ReadAction\",\"target\":[\"https:\\\/\\\/anivet.lt\\\/elparduotuve\\\/produktas\\\/original-medium-maxi-adult-suaugusiems-sunims-lasisa\\\/\"]}]},{\"@type\":\"ImageObject\",\"inLanguage\":\"lt-LT\",\"@id\":\"https:\\\/\\\/anivet.lt\\\/elparduotuve\\\/produktas\\\/original-medium-maxi-adult-suaugusiems-sunims-lasisa\\\/#primaryimage\",\"url\":\"https:\\\/\\\/anivet.lt\\\/elparduotuve\\\/wp-content\\\/uploads\\\/2023\\\/08\\\/2kg-Original-MedMax-Adult-lasisa.png\",\"contentUrl\":\"https:\\\/\\\/anivet.lt\\\/elparduotuve\\\/wp-content\\\/uploads\\\/2023\\\/08\\\/2kg-Original-MedMax-Adult-lasisa.png\",\"width\":1031,\"height\":1500,\"caption\":\"Nature's Variety Original Medium\\\/Maxi Adult suaugusiems \u0161unims (la\u0161i\u0161a)\"},{\"@type\":\"BreadcrumbList\",\"@id\":\"https:\\\/\\\/anivet.lt\\\/elparduotuve\\\/produktas\\\/original-medium-maxi-adult-suaugusiems-sunims-lasisa\\\/#breadcrumb\",\"itemListElement\":[{\"@type\":\"ListItem\",\"position\":1,\"name\":\"Home\",\"item\":\"https:\\\/\\\/anivet.lt\\\/elparduotuve\\\/\"},{\"@type\":\"ListItem\",\"position\":2,\"name\":\"Produktai\",\"item\":\"https:\\\/\\\/anivet.lt\\\/elparduotuve\\\/produktai\\\/\"},{\"@type\":\"ListItem\",\"position\":3,\"name\":\"Nature&#8217;s Variety Original Medium\\\/Maxi Adult suaugusiems \u0161unims (la\u0161i\u0161a)\"}]},{\"@type\":\"WebSite\",\"@id\":\"https:\\\/\\\/anivet.lt\\\/elparduotuve\\\/#website\",\"url\":\"https:\\\/\\\/anivet.lt\\\/elparduotuve\\\/\",\"name\":\"anivet.lt\",\"description\":\"Viskas J\u016bs\u0173 \u0161uns, kat\u0117s prie\u017ei\u016brai\",\"publisher\":{\"@id\":\"https:\\\/\\\/anivet.lt\\\/elparduotuve\\\/#organization\"},\"alternateName\":\"Viskas J\u016bs\u0173 \u0161uns, kat\u0117s prie\u017ei\u016brai\",\"potentialAction\":[{\"@type\":\"SearchAction\",\"target\":{\"@type\":\"EntryPoint\",\"urlTemplate\":\"https:\\\/\\\/anivet.lt\\\/elparduotuve\\\/?s={search_term_string}\"},\"query-input\":{\"@type\":\"PropertyValueSpecification\",\"valueRequired\":true,\"valueName\":\"search_term_string\"}}],\"inLanguage\":\"lt-LT\"},{\"@type\":\"Organization\",\"@id\":\"https:\\\/\\\/anivet.lt\\\/elparduotuve\\\/#organization\",\"name\":\"Viskas J\u016bs\u0173 \u0161uns, kat\u0117s prie\u017ei\u016brai\",\"url\":\"https:\\\/\\\/anivet.lt\\\/elparduotuve\\\/\",\"logo\":{\"@type\":\"ImageObject\",\"inLanguage\":\"lt-LT\",\"@id\":\"https:\\\/\\\/anivet.lt\\\/elparduotuve\\\/#\\\/schema\\\/logo\\\/image\\\/\",\"url\":\"https:\\\/\\\/anivet.lt\\\/elparduotuve\\\/wp-content\\\/uploads\\\/2023\\\/06\\\/logo2.jpg\",\"contentUrl\":\"https:\\\/\\\/anivet.lt\\\/elparduotuve\\\/wp-content\\\/uploads\\\/2023\\\/06\\\/logo2.jpg\",\"width\":655,\"height\":194,\"caption\":\"Viskas J\u016bs\u0173 \u0161uns, kat\u0117s prie\u017ei\u016brai\"},\"image\":{\"@id\":\"https:\\\/\\\/anivet.lt\\\/elparduotuve\\\/#\\\/schema\\\/logo\\\/image\\\/\"}}]}<\/script>\n<!-- \/ Yoast SEO Premium plugin. -->","yoast_head_json":{"title":"Nature's Variety Original Medium\/Maxi Adult suaugusiems \u0161unims (la\u0161i\u0161a) - anivet.lt","description":"Pilnai subalansuotas ir maistingas sausas pa\u0161aras, sukurtas suaugusi\u0173 \u0161un\u0173 gerovei u\u017etikrinti. Pagrindinis ingredientas \u2013 i\u0161kaulinta la\u0161i\u0161os m\u0117sa, papildyta auk\u0161tos kokyb\u0117s vaisiais, dar\u017eov\u0117mis ir pilno gr\u016bdo kruopomis, skirta optimaliai \u0161uns sveikatai palaikyti.","robots":{"index":"index","follow":"follow","max-snippet":"max-snippet:-1","max-image-preview":"max-image-preview:large","max-video-preview":"max-video-preview:-1"},"canonical":"https:\/\/anivet.lt\/elparduotuve\/produktas\/original-medium-maxi-adult-suaugusiems-sunims-lasisa\/","og_locale":"lt_LT","og_type":"article","og_title":"Nature's Variety Original Medium\/Maxi Adult suaugusiems \u0161unims (la\u0161i\u0161a)","og_description":"Pilnai subalansuotas ir maistingas sausas pa\u0161aras, sukurtas suaugusi\u0173 \u0161un\u0173 gerovei u\u017etikrinti. Pagrindinis ingredientas \u2013 i\u0161kaulinta la\u0161i\u0161os m\u0117sa, papildyta auk\u0161tos kokyb\u0117s vaisiais, dar\u017eov\u0117mis ir pilno gr\u016bdo kruopomis, skirta optimaliai \u0161uns sveikatai palaikyti.","og_url":"https:\/\/anivet.lt\/elparduotuve\/produktas\/original-medium-maxi-adult-suaugusiems-sunims-lasisa\/","og_site_name":"anivet.lt","article_modified_time":"2026-03-20T15:04:27+00:00","og_image":[{"width":1031,"height":1500,"url":"https:\/\/anivet.lt\/elparduotuve\/wp-content\/uploads\/2023\/08\/2kg-Original-MedMax-Adult-lasisa.png","type":"image\/png"}],"twitter_card":"summary_large_image","twitter_misc":{"Est. reading time":"1 minut\u0117"},"schema":{"@context":"https:\/\/schema.org","@graph":[{"@type":"WebPage","@id":"https:\/\/anivet.lt\/elparduotuve\/produktas\/original-medium-maxi-adult-suaugusiems-sunims-lasisa\/","url":"https:\/\/anivet.lt\/elparduotuve\/produktas\/original-medium-maxi-adult-suaugusiems-sunims-lasisa\/","name":"Nature's Variety Original Medium\/Maxi Adult suaugusiems \u0161unims (la\u0161i\u0161a) - anivet.lt","isPartOf":{"@id":"https:\/\/anivet.lt\/elparduotuve\/#website"},"primaryImageOfPage":{"@id":"https:\/\/anivet.lt\/elparduotuve\/produktas\/original-medium-maxi-adult-suaugusiems-sunims-lasisa\/#primaryimage"},"image":{"@id":"https:\/\/anivet.lt\/elparduotuve\/produktas\/original-medium-maxi-adult-suaugusiems-sunims-lasisa\/#primaryimage"},"thumbnailUrl":"https:\/\/anivet.lt\/elparduotuve\/wp-content\/uploads\/2023\/08\/2kg-Original-MedMax-Adult-lasisa.png","datePublished":"2023-08-23T18:21:42+00:00","dateModified":"2026-03-20T15:04:27+00:00","description":"Pilnai subalansuotas ir maistingas sausas pa\u0161aras, sukurtas suaugusi\u0173 \u0161un\u0173 gerovei u\u017etikrinti. Pagrindinis ingredientas \u2013 i\u0161kaulinta la\u0161i\u0161os m\u0117sa, papildyta auk\u0161tos kokyb\u0117s vaisiais, dar\u017eov\u0117mis ir pilno gr\u016bdo kruopomis, skirta optimaliai \u0161uns sveikatai palaikyti.","breadcrumb":{"@id":"https:\/\/anivet.lt\/elparduotuve\/produktas\/original-medium-maxi-adult-suaugusiems-sunims-lasisa\/#breadcrumb"},"inLanguage":"lt-LT","potentialAction":[{"@type":"ReadAction","target":["https:\/\/anivet.lt\/elparduotuve\/produktas\/original-medium-maxi-adult-suaugusiems-sunims-lasisa\/"]}]},{"@type":"ImageObject","inLanguage":"lt-LT","@id":"https:\/\/anivet.lt\/elparduotuve\/produktas\/original-medium-maxi-adult-suaugusiems-sunims-lasisa\/#primaryimage","url":"https:\/\/anivet.lt\/elparduotuve\/wp-content\/uploads\/2023\/08\/2kg-Original-MedMax-Adult-lasisa.png","contentUrl":"https:\/\/anivet.lt\/elparduotuve\/wp-content\/uploads\/2023\/08\/2kg-Original-MedMax-Adult-lasisa.png","width":1031,"height":1500,"caption":"Nature's Variety Original Medium\/Maxi Adult suaugusiems \u0161unims (la\u0161i\u0161a)"},{"@type":"BreadcrumbList","@id":"https:\/\/anivet.lt\/elparduotuve\/produktas\/original-medium-maxi-adult-suaugusiems-sunims-lasisa\/#breadcrumb","itemListElement":[{"@type":"ListItem","position":1,"name":"Home","item":"https:\/\/anivet.lt\/elparduotuve\/"},{"@type":"ListItem","position":2,"name":"Produktai","item":"https:\/\/anivet.lt\/elparduotuve\/produktai\/"},{"@type":"ListItem","position":3,"name":"Nature&#8217;s Variety Original Medium\/Maxi Adult suaugusiems \u0161unims (la\u0161i\u0161a)"}]},{"@type":"WebSite","@id":"https:\/\/anivet.lt\/elparduotuve\/#website","url":"https:\/\/anivet.lt\/elparduotuve\/","name":"anivet.lt","description":"Viskas J\u016bs\u0173 \u0161uns, kat\u0117s prie\u017ei\u016brai","publisher":{"@id":"https:\/\/anivet.lt\/elparduotuve\/#organization"},"alternateName":"Viskas J\u016bs\u0173 \u0161uns, kat\u0117s prie\u017ei\u016brai","potentialAction":[{"@type":"SearchAction","target":{"@type":"EntryPoint","urlTemplate":"https:\/\/anivet.lt\/elparduotuve\/?s={search_term_string}"},"query-input":{"@type":"PropertyValueSpecification","valueRequired":true,"valueName":"search_term_string"}}],"inLanguage":"lt-LT"},{"@type":"Organization","@id":"https:\/\/anivet.lt\/elparduotuve\/#organization","name":"Viskas J\u016bs\u0173 \u0161uns, kat\u0117s prie\u017ei\u016brai","url":"https:\/\/anivet.lt\/elparduotuve\/","logo":{"@type":"ImageObject","inLanguage":"lt-LT","@id":"https:\/\/anivet.lt\/elparduotuve\/#\/schema\/logo\/image\/","url":"https:\/\/anivet.lt\/elparduotuve\/wp-content\/uploads\/2023\/06\/logo2.jpg","contentUrl":"https:\/\/anivet.lt\/elparduotuve\/wp-content\/uploads\/2023\/06\/logo2.jpg","width":655,"height":194,"caption":"Viskas J\u016bs\u0173 \u0161uns, kat\u0117s prie\u017ei\u016brai"},"image":{"@id":"https:\/\/anivet.lt\/elparduotuve\/#\/schema\/logo\/image\/"}}]}},"_links":{"self":[{"href":"https:\/\/anivet.lt\/elparduotuve\/wp-json\/wp\/v2\/product\/11359","targetHints":{"allow":["GET"]}}],"collection":[{"href":"https:\/\/anivet.lt\/elparduotuve\/wp-json\/wp\/v2\/product"}],"about":[{"href":"https:\/\/anivet.lt\/elparduotuve\/wp-json\/wp\/v2\/types\/product"}],"wp:featuredmedia":[{"embeddable":true,"href":"https:\/\/anivet.lt\/elparduotuve\/wp-json\/wp\/v2\/media\/11361"}],"wp:attachment":[{"href":"https:\/\/anivet.lt\/elparduotuve\/wp-json\/wp\/v2\/media?parent=11359"}],"wp:term":[{"taxonomy":"product_brand","embeddable":true,"href":"https:\/\/anivet.lt\/elparduotuve\/wp-json\/wp\/v2\/product_brand?post=11359"},{"taxonomy":"product_cat","embeddable":true,"href":"https:\/\/anivet.lt\/elparduotuve\/wp-json\/wp\/v2\/product_cat?post=11359"},{"taxonomy":"product_tag","embeddable":true,"href":"https:\/\/anivet.lt\/elparduotuve\/wp-json\/wp\/v2\/product_tag?post=11359"}],"curies":[{"name":"wp","href":"https:\/\/api.w.org\/{rel}","templated":true}]}}