{"id":11402,"date":"2023-08-23T19:16:22","date_gmt":"2023-08-23T19:16:22","guid":{"rendered":"https:\/\/anivet.lt\/elparduotuve\/?post_type=product&#038;p=11402"},"modified":"2026-03-13T15:23:52","modified_gmt":"2026-03-13T15:23:52","slug":"josera-mother-and-puppy-sausas-maistas-sunims","status":"publish","type":"product","link":"https:\/\/anivet.lt\/elparduotuve\/produktas\/josera-mother-and-puppy-sausas-maistas-sunims\/","title":{"rendered":"Josera Mother and Puppy sausas maistas \u0161unims"},"content":{"rendered":"<ul>\n<li style=\"font-weight: 400;\"><span style=\"font-weight: 400;\">Skirtas \u0161uningoms ir \u017eindan\u010dioms kal\u0117m: Suteikia reikaling\u0173 maistini\u0173 med\u017eiag\u0173 ir energijos.<\/span><\/li>\n<li style=\"font-weight: 400;\"><span style=\"font-weight: 400;\">Papildytas taurinu ir antioksidantais: Palaiko vaisingum\u0105 ir stiprina reprodukcin\u0117s sistemos sveikat\u0105.<\/span><\/li>\n<li style=\"font-weight: 400;\"><span style=\"font-weight: 400;\">Kokybi\u0161kos riebal\u0173 r\u016bg\u0161tys i\u0161 la\u0161i\u0161\u0173: Skatina \u0161uniuk\u0173 smegen\u0173 vystym\u0105si.<\/span><\/li>\n<li style=\"font-weight: 400;\"><span style=\"font-weight: 400;\">Tinka \u0161uniuk\u0173 per\u0117jimui prie kieto pa\u0161aro: Sudr\u0117kintos granul\u0117s yra lengviau \u012fsisavinamos.<\/span><\/li>\n<li style=\"font-weight: 400;\"><span style=\"font-weight: 400;\">Vir\u0161kinimo palaikymas: Sud\u0117tyje yra nat\u016bralaus inulino i\u0161 cikorij\u0173 \u0161akn\u0173.<\/span><\/li>\n<\/ul>\n<p><span style=\"font-weight: 400;\">\u201eJosera Mother and Puppy\u201d yra patikimas pasirinkimas tiek kal\u0117ms, tiek \u0161uniukams, u\u017etikrinantis visavert\u0119 mityb\u0105 ir lengv\u0105 per\u0117jim\u0105 nuo motinos pieno prie sauso maisto. Auk\u0161\u010diausios kokyb\u0117s ingredientai padeda palaikyti \u0161uniuk\u0173 vystym\u0105si bei mam\u0173 ger\u0105 sveikat\u0105.<\/span><\/p>\n","protected":false},"excerpt":{"rendered":"<p><span style=\"font-weight: 400;\">Subalansuotas pa\u0161aras, sukurtas specialiai \u0161uningoms ir \u017eindan\u010dioms kal\u0117ms bei j\u0173 \u0161uniukams iki 8 savai\u010di\u0173 am\u017eiaus. Jis u\u017etikrina optimal\u0173 energijos, baltym\u0173 ir maistini\u0173 med\u017eiag\u0173 kiek\u012f motinai ir besivystantiems \u0161uniukams. Granul\u0117s gali b\u016bti dr\u0117kinamos, kad \u0161uniukai lengviau priprast\u0173 prie kieto maisto.<\/span><\/p>\n","protected":false},"featured_media":19746,"template":"","meta":[],"product_brand":[],"product_cat":[101,103,104,334],"product_tag":[],"class_list":{"0":"post-11402","1":"product","2":"type-product","3":"status-publish","4":"has-post-thumbnail","6":"product_cat-sunims","7":"product_cat-sunu-maistas","8":"product_cat-sausas-maistas","9":"product_cat-josera-sunu-maistas","10":"pa_prekinis-zenklas-josera","12":"first","13":"instock","14":"taxable","15":"shipping-taxable","16":"purchasable","17":"product-type-simple"},"yoast_head":"<!-- This site is optimized with the Yoast SEO Premium plugin v27.1 (Yoast SEO v27.5) - https:\/\/yoast.com\/product\/yoast-seo-premium-wordpress\/ -->\n<title>Josera Mother and Puppy sausas maistas \u0161unims - anivet.lt<\/title>\n<meta name=\"description\" content=\"Subalansuotas pa\u0161aras, sukurtas specialiai \u0161uningoms ir \u017eindan\u010dioms kal\u0117ms bei j\u0173 \u0161uniukams iki 8 savai\u010di\u0173 am\u017eiaus. Jis u\u017etikrina optimal\u0173 energijos, baltym\u0173 ir maistini\u0173 med\u017eiag\u0173 kiek\u012f motinai ir besivystantiems \u0161uniukams. Granul\u0117s gali b\u016bti dr\u0117kinamos, kad \u0161uniukai lengviau priprast\u0173 prie kieto maisto.\" \/>\n<meta name=\"robots\" content=\"index, follow, max-snippet:-1, max-image-preview:large, max-video-preview:-1\" \/>\n<link rel=\"canonical\" href=\"https:\/\/anivet.lt\/elparduotuve\/produktas\/josera-mother-and-puppy-sausas-maistas-sunims\/\" \/>\n<meta property=\"og:locale\" content=\"lt_LT\" \/>\n<meta property=\"og:type\" content=\"article\" \/>\n<meta property=\"og:title\" content=\"Josera Mother and Puppy sausas maistas \u0161unims\" \/>\n<meta property=\"og:description\" content=\"Subalansuotas pa\u0161aras, sukurtas specialiai \u0161uningoms ir \u017eindan\u010dioms kal\u0117ms bei j\u0173 \u0161uniukams iki 8 savai\u010di\u0173 am\u017eiaus. Jis u\u017etikrina optimal\u0173 energijos, baltym\u0173 ir maistini\u0173 med\u017eiag\u0173 kiek\u012f motinai ir besivystantiems \u0161uniukams. Granul\u0117s gali b\u016bti dr\u0117kinamos, kad \u0161uniukai lengviau priprast\u0173 prie kieto maisto.\" \/>\n<meta property=\"og:url\" content=\"https:\/\/anivet.lt\/elparduotuve\/produktas\/josera-mother-and-puppy-sausas-maistas-sunims\/\" \/>\n<meta property=\"og:site_name\" content=\"anivet.lt\" \/>\n<meta property=\"article:modified_time\" content=\"2026-03-13T15:23:52+00:00\" \/>\n<meta property=\"og:image\" content=\"https:\/\/anivet.lt\/elparduotuve\/wp-content\/uploads\/2023\/08\/Josera-Mother-and-Puppy-sausas-maistas-sunims.jpg\" \/>\n\t<meta property=\"og:image:width\" content=\"600\" \/>\n\t<meta property=\"og:image:height\" content=\"600\" \/>\n\t<meta property=\"og:image:type\" content=\"image\/jpeg\" \/>\n<meta name=\"twitter:card\" content=\"summary_large_image\" \/>\n<meta name=\"twitter:label1\" content=\"Est. reading time\" \/>\n\t<meta name=\"twitter:data1\" content=\"1 minut\u0117\" \/>\n<script type=\"application\/ld+json\" class=\"yoast-schema-graph\">{\"@context\":\"https:\\\/\\\/schema.org\",\"@graph\":[{\"@type\":\"WebPage\",\"@id\":\"https:\\\/\\\/anivet.lt\\\/elparduotuve\\\/produktas\\\/josera-mother-and-puppy-sausas-maistas-sunims\\\/\",\"url\":\"https:\\\/\\\/anivet.lt\\\/elparduotuve\\\/produktas\\\/josera-mother-and-puppy-sausas-maistas-sunims\\\/\",\"name\":\"Josera Mother and Puppy sausas maistas \u0161unims - anivet.lt\",\"isPartOf\":{\"@id\":\"https:\\\/\\\/anivet.lt\\\/elparduotuve\\\/#website\"},\"primaryImageOfPage\":{\"@id\":\"https:\\\/\\\/anivet.lt\\\/elparduotuve\\\/produktas\\\/josera-mother-and-puppy-sausas-maistas-sunims\\\/#primaryimage\"},\"image\":{\"@id\":\"https:\\\/\\\/anivet.lt\\\/elparduotuve\\\/produktas\\\/josera-mother-and-puppy-sausas-maistas-sunims\\\/#primaryimage\"},\"thumbnailUrl\":\"https:\\\/\\\/anivet.lt\\\/elparduotuve\\\/wp-content\\\/uploads\\\/2023\\\/08\\\/Josera-Mother-and-Puppy-sausas-maistas-sunims.jpg\",\"datePublished\":\"2023-08-23T19:16:22+00:00\",\"dateModified\":\"2026-03-13T15:23:52+00:00\",\"description\":\"Subalansuotas pa\u0161aras, sukurtas specialiai \u0161uningoms ir \u017eindan\u010dioms kal\u0117ms bei j\u0173 \u0161uniukams iki 8 savai\u010di\u0173 am\u017eiaus. Jis u\u017etikrina optimal\u0173 energijos, baltym\u0173 ir maistini\u0173 med\u017eiag\u0173 kiek\u012f motinai ir besivystantiems \u0161uniukams. Granul\u0117s gali b\u016bti dr\u0117kinamos, kad \u0161uniukai lengviau priprast\u0173 prie kieto maisto.\",\"breadcrumb\":{\"@id\":\"https:\\\/\\\/anivet.lt\\\/elparduotuve\\\/produktas\\\/josera-mother-and-puppy-sausas-maistas-sunims\\\/#breadcrumb\"},\"inLanguage\":\"lt-LT\",\"potentialAction\":[{\"@type\":\"ReadAction\",\"target\":[\"https:\\\/\\\/anivet.lt\\\/elparduotuve\\\/produktas\\\/josera-mother-and-puppy-sausas-maistas-sunims\\\/\"]}]},{\"@type\":\"ImageObject\",\"inLanguage\":\"lt-LT\",\"@id\":\"https:\\\/\\\/anivet.lt\\\/elparduotuve\\\/produktas\\\/josera-mother-and-puppy-sausas-maistas-sunims\\\/#primaryimage\",\"url\":\"https:\\\/\\\/anivet.lt\\\/elparduotuve\\\/wp-content\\\/uploads\\\/2023\\\/08\\\/Josera-Mother-and-Puppy-sausas-maistas-sunims.jpg\",\"contentUrl\":\"https:\\\/\\\/anivet.lt\\\/elparduotuve\\\/wp-content\\\/uploads\\\/2023\\\/08\\\/Josera-Mother-and-Puppy-sausas-maistas-sunims.jpg\",\"width\":600,\"height\":600,\"caption\":\"Josera Family Plus sausas maistas \u0161unims\"},{\"@type\":\"BreadcrumbList\",\"@id\":\"https:\\\/\\\/anivet.lt\\\/elparduotuve\\\/produktas\\\/josera-mother-and-puppy-sausas-maistas-sunims\\\/#breadcrumb\",\"itemListElement\":[{\"@type\":\"ListItem\",\"position\":1,\"name\":\"Home\",\"item\":\"https:\\\/\\\/anivet.lt\\\/elparduotuve\\\/\"},{\"@type\":\"ListItem\",\"position\":2,\"name\":\"Produktai\",\"item\":\"https:\\\/\\\/anivet.lt\\\/elparduotuve\\\/produktai\\\/\"},{\"@type\":\"ListItem\",\"position\":3,\"name\":\"Josera Mother and Puppy sausas maistas \u0161unims\"}]},{\"@type\":\"WebSite\",\"@id\":\"https:\\\/\\\/anivet.lt\\\/elparduotuve\\\/#website\",\"url\":\"https:\\\/\\\/anivet.lt\\\/elparduotuve\\\/\",\"name\":\"anivet.lt\",\"description\":\"Viskas J\u016bs\u0173 \u0161uns, kat\u0117s prie\u017ei\u016brai\",\"publisher\":{\"@id\":\"https:\\\/\\\/anivet.lt\\\/elparduotuve\\\/#organization\"},\"alternateName\":\"Viskas J\u016bs\u0173 \u0161uns, kat\u0117s prie\u017ei\u016brai\",\"potentialAction\":[{\"@type\":\"SearchAction\",\"target\":{\"@type\":\"EntryPoint\",\"urlTemplate\":\"https:\\\/\\\/anivet.lt\\\/elparduotuve\\\/?s={search_term_string}\"},\"query-input\":{\"@type\":\"PropertyValueSpecification\",\"valueRequired\":true,\"valueName\":\"search_term_string\"}}],\"inLanguage\":\"lt-LT\"},{\"@type\":\"Organization\",\"@id\":\"https:\\\/\\\/anivet.lt\\\/elparduotuve\\\/#organization\",\"name\":\"Viskas J\u016bs\u0173 \u0161uns, kat\u0117s prie\u017ei\u016brai\",\"url\":\"https:\\\/\\\/anivet.lt\\\/elparduotuve\\\/\",\"logo\":{\"@type\":\"ImageObject\",\"inLanguage\":\"lt-LT\",\"@id\":\"https:\\\/\\\/anivet.lt\\\/elparduotuve\\\/#\\\/schema\\\/logo\\\/image\\\/\",\"url\":\"https:\\\/\\\/anivet.lt\\\/elparduotuve\\\/wp-content\\\/uploads\\\/2023\\\/06\\\/logo2.jpg\",\"contentUrl\":\"https:\\\/\\\/anivet.lt\\\/elparduotuve\\\/wp-content\\\/uploads\\\/2023\\\/06\\\/logo2.jpg\",\"width\":655,\"height\":194,\"caption\":\"Viskas J\u016bs\u0173 \u0161uns, kat\u0117s prie\u017ei\u016brai\"},\"image\":{\"@id\":\"https:\\\/\\\/anivet.lt\\\/elparduotuve\\\/#\\\/schema\\\/logo\\\/image\\\/\"}}]}<\/script>\n<!-- \/ Yoast SEO Premium plugin. -->","yoast_head_json":{"title":"Josera Mother and Puppy sausas maistas \u0161unims - anivet.lt","description":"Subalansuotas pa\u0161aras, sukurtas specialiai \u0161uningoms ir \u017eindan\u010dioms kal\u0117ms bei j\u0173 \u0161uniukams iki 8 savai\u010di\u0173 am\u017eiaus. Jis u\u017etikrina optimal\u0173 energijos, baltym\u0173 ir maistini\u0173 med\u017eiag\u0173 kiek\u012f motinai ir besivystantiems \u0161uniukams. Granul\u0117s gali b\u016bti dr\u0117kinamos, kad \u0161uniukai lengviau priprast\u0173 prie kieto maisto.","robots":{"index":"index","follow":"follow","max-snippet":"max-snippet:-1","max-image-preview":"max-image-preview:large","max-video-preview":"max-video-preview:-1"},"canonical":"https:\/\/anivet.lt\/elparduotuve\/produktas\/josera-mother-and-puppy-sausas-maistas-sunims\/","og_locale":"lt_LT","og_type":"article","og_title":"Josera Mother and Puppy sausas maistas \u0161unims","og_description":"Subalansuotas pa\u0161aras, sukurtas specialiai \u0161uningoms ir \u017eindan\u010dioms kal\u0117ms bei j\u0173 \u0161uniukams iki 8 savai\u010di\u0173 am\u017eiaus. Jis u\u017etikrina optimal\u0173 energijos, baltym\u0173 ir maistini\u0173 med\u017eiag\u0173 kiek\u012f motinai ir besivystantiems \u0161uniukams. Granul\u0117s gali b\u016bti dr\u0117kinamos, kad \u0161uniukai lengviau priprast\u0173 prie kieto maisto.","og_url":"https:\/\/anivet.lt\/elparduotuve\/produktas\/josera-mother-and-puppy-sausas-maistas-sunims\/","og_site_name":"anivet.lt","article_modified_time":"2026-03-13T15:23:52+00:00","og_image":[{"width":600,"height":600,"url":"https:\/\/anivet.lt\/elparduotuve\/wp-content\/uploads\/2023\/08\/Josera-Mother-and-Puppy-sausas-maistas-sunims.jpg","type":"image\/jpeg"}],"twitter_card":"summary_large_image","twitter_misc":{"Est. reading time":"1 minut\u0117"},"schema":{"@context":"https:\/\/schema.org","@graph":[{"@type":"WebPage","@id":"https:\/\/anivet.lt\/elparduotuve\/produktas\/josera-mother-and-puppy-sausas-maistas-sunims\/","url":"https:\/\/anivet.lt\/elparduotuve\/produktas\/josera-mother-and-puppy-sausas-maistas-sunims\/","name":"Josera Mother and Puppy sausas maistas \u0161unims - anivet.lt","isPartOf":{"@id":"https:\/\/anivet.lt\/elparduotuve\/#website"},"primaryImageOfPage":{"@id":"https:\/\/anivet.lt\/elparduotuve\/produktas\/josera-mother-and-puppy-sausas-maistas-sunims\/#primaryimage"},"image":{"@id":"https:\/\/anivet.lt\/elparduotuve\/produktas\/josera-mother-and-puppy-sausas-maistas-sunims\/#primaryimage"},"thumbnailUrl":"https:\/\/anivet.lt\/elparduotuve\/wp-content\/uploads\/2023\/08\/Josera-Mother-and-Puppy-sausas-maistas-sunims.jpg","datePublished":"2023-08-23T19:16:22+00:00","dateModified":"2026-03-13T15:23:52+00:00","description":"Subalansuotas pa\u0161aras, sukurtas specialiai \u0161uningoms ir \u017eindan\u010dioms kal\u0117ms bei j\u0173 \u0161uniukams iki 8 savai\u010di\u0173 am\u017eiaus. Jis u\u017etikrina optimal\u0173 energijos, baltym\u0173 ir maistini\u0173 med\u017eiag\u0173 kiek\u012f motinai ir besivystantiems \u0161uniukams. Granul\u0117s gali b\u016bti dr\u0117kinamos, kad \u0161uniukai lengviau priprast\u0173 prie kieto maisto.","breadcrumb":{"@id":"https:\/\/anivet.lt\/elparduotuve\/produktas\/josera-mother-and-puppy-sausas-maistas-sunims\/#breadcrumb"},"inLanguage":"lt-LT","potentialAction":[{"@type":"ReadAction","target":["https:\/\/anivet.lt\/elparduotuve\/produktas\/josera-mother-and-puppy-sausas-maistas-sunims\/"]}]},{"@type":"ImageObject","inLanguage":"lt-LT","@id":"https:\/\/anivet.lt\/elparduotuve\/produktas\/josera-mother-and-puppy-sausas-maistas-sunims\/#primaryimage","url":"https:\/\/anivet.lt\/elparduotuve\/wp-content\/uploads\/2023\/08\/Josera-Mother-and-Puppy-sausas-maistas-sunims.jpg","contentUrl":"https:\/\/anivet.lt\/elparduotuve\/wp-content\/uploads\/2023\/08\/Josera-Mother-and-Puppy-sausas-maistas-sunims.jpg","width":600,"height":600,"caption":"Josera Family Plus sausas maistas \u0161unims"},{"@type":"BreadcrumbList","@id":"https:\/\/anivet.lt\/elparduotuve\/produktas\/josera-mother-and-puppy-sausas-maistas-sunims\/#breadcrumb","itemListElement":[{"@type":"ListItem","position":1,"name":"Home","item":"https:\/\/anivet.lt\/elparduotuve\/"},{"@type":"ListItem","position":2,"name":"Produktai","item":"https:\/\/anivet.lt\/elparduotuve\/produktai\/"},{"@type":"ListItem","position":3,"name":"Josera Mother and Puppy sausas maistas \u0161unims"}]},{"@type":"WebSite","@id":"https:\/\/anivet.lt\/elparduotuve\/#website","url":"https:\/\/anivet.lt\/elparduotuve\/","name":"anivet.lt","description":"Viskas J\u016bs\u0173 \u0161uns, kat\u0117s prie\u017ei\u016brai","publisher":{"@id":"https:\/\/anivet.lt\/elparduotuve\/#organization"},"alternateName":"Viskas J\u016bs\u0173 \u0161uns, kat\u0117s prie\u017ei\u016brai","potentialAction":[{"@type":"SearchAction","target":{"@type":"EntryPoint","urlTemplate":"https:\/\/anivet.lt\/elparduotuve\/?s={search_term_string}"},"query-input":{"@type":"PropertyValueSpecification","valueRequired":true,"valueName":"search_term_string"}}],"inLanguage":"lt-LT"},{"@type":"Organization","@id":"https:\/\/anivet.lt\/elparduotuve\/#organization","name":"Viskas J\u016bs\u0173 \u0161uns, kat\u0117s prie\u017ei\u016brai","url":"https:\/\/anivet.lt\/elparduotuve\/","logo":{"@type":"ImageObject","inLanguage":"lt-LT","@id":"https:\/\/anivet.lt\/elparduotuve\/#\/schema\/logo\/image\/","url":"https:\/\/anivet.lt\/elparduotuve\/wp-content\/uploads\/2023\/06\/logo2.jpg","contentUrl":"https:\/\/anivet.lt\/elparduotuve\/wp-content\/uploads\/2023\/06\/logo2.jpg","width":655,"height":194,"caption":"Viskas J\u016bs\u0173 \u0161uns, kat\u0117s prie\u017ei\u016brai"},"image":{"@id":"https:\/\/anivet.lt\/elparduotuve\/#\/schema\/logo\/image\/"}}]}},"_links":{"self":[{"href":"https:\/\/anivet.lt\/elparduotuve\/wp-json\/wp\/v2\/product\/11402","targetHints":{"allow":["GET"]}}],"collection":[{"href":"https:\/\/anivet.lt\/elparduotuve\/wp-json\/wp\/v2\/product"}],"about":[{"href":"https:\/\/anivet.lt\/elparduotuve\/wp-json\/wp\/v2\/types\/product"}],"wp:featuredmedia":[{"embeddable":true,"href":"https:\/\/anivet.lt\/elparduotuve\/wp-json\/wp\/v2\/media\/19746"}],"wp:attachment":[{"href":"https:\/\/anivet.lt\/elparduotuve\/wp-json\/wp\/v2\/media?parent=11402"}],"wp:term":[{"taxonomy":"product_brand","embeddable":true,"href":"https:\/\/anivet.lt\/elparduotuve\/wp-json\/wp\/v2\/product_brand?post=11402"},{"taxonomy":"product_cat","embeddable":true,"href":"https:\/\/anivet.lt\/elparduotuve\/wp-json\/wp\/v2\/product_cat?post=11402"},{"taxonomy":"product_tag","embeddable":true,"href":"https:\/\/anivet.lt\/elparduotuve\/wp-json\/wp\/v2\/product_tag?post=11402"}],"curies":[{"name":"wp","href":"https:\/\/api.w.org\/{rel}","templated":true}]}}