{"id":11425,"date":"2023-08-23T19:56:56","date_gmt":"2023-08-23T19:56:56","guid":{"rendered":"https:\/\/anivet.lt\/elparduotuve\/?post_type=product&#038;p=11425"},"modified":"2026-03-18T14:48:05","modified_gmt":"2026-03-18T14:48:05","slug":"josera-festival-sausas-maistas-sunims","status":"publish","type":"product","link":"https:\/\/anivet.lt\/elparduotuve\/produktas\/josera-festival-sausas-maistas-sunims\/","title":{"rendered":"Josera Festival sausas maistas \u0161unims"},"content":{"rendered":"<ul>\n<li style=\"font-weight: 400;\"><span style=\"font-weight: 400;\">Dviguba nauda: Galima patiekti saus\u0105 arba dr\u0117gn\u0105, u\u017epylus vandeniu.<\/span><\/li>\n<li style=\"font-weight: 400;\"><span style=\"font-weight: 400;\">Skonio stiprinimas: Gard\u016bs pada\u017eo milteliai pavergs net i\u0161rankiausius \u0161unis.<\/span><\/li>\n<li style=\"font-weight: 400;\"><span style=\"font-weight: 400;\">Sveika oda ir kailis: Sud\u0117tyje esan\u010dios vertingos riebal\u0173 r\u016bg\u0161tys palaiko sveik\u0105 od\u0105 ir blizgant\u012f kail\u012f.<\/span><\/li>\n<li style=\"font-weight: 400;\"><span style=\"font-weight: 400;\">Energija aktyviems \u0161unims: U\u017etikrina reikaling\u0105 energijos lyg\u012f aktyviems ir med\u017eiokliniams \u0161unims.<\/span><\/li>\n<li style=\"font-weight: 400;\"><span style=\"font-weight: 400;\">Kaulams ir s\u0105nariams: Palaiko kaul\u0173 ir s\u0105nari\u0173 formavim\u0105si bei sveikat\u0105.<\/span><\/li>\n<\/ul>\n<p><span style=\"font-weight: 400;\">\u0160is sausas maistas yra idealus pasirinkimas \u0161unims, kurie m\u0117gsta skonio \u012fvairov\u0119. Galimyb\u0117 keisti pa\u0161aro tekst\u016br\u0105 suteikia papildomo malonumo valgant, o sud\u0117tis praturtinta nat\u016braliais ingredientais, kurie palaiko J\u016bs\u0173 \u0161uns sveikat\u0105 ir energij\u0105.<\/span><\/p>\n","protected":false},"excerpt":{"rendered":"<p><span style=\"font-weight: 400;\">Unikalus pa\u0161aras sukurtas patenkinti net i\u0161rankiausi\u0173 \u0161un\u0173 skon\u012f. J\u012f galima patiekti saus\u0105 arba u\u017epylus vandeniu \u2013 tada granul\u0117s virsta ypatingu pada\u017eu. Su la\u0161i\u0161a, kuri yra gardus \u0161io pa\u0161aro akcentas, \u201eJosera Festival\u201c yra puikus pasirinkimas aktyviems ir med\u017eiokliniams \u0161unims.<\/span><\/p>\n","protected":false},"featured_media":19744,"template":"","meta":[],"product_brand":[],"product_cat":[101,103,104,334],"product_tag":[],"class_list":{"0":"post-11425","1":"product","2":"type-product","3":"status-publish","4":"has-post-thumbnail","6":"product_cat-sunims","7":"product_cat-sunu-maistas","8":"product_cat-sausas-maistas","9":"product_cat-josera-sunu-maistas","10":"pa_prekinis-zenklas-josera","12":"first","13":"instock","14":"taxable","15":"shipping-taxable","16":"purchasable","17":"product-type-variable"},"yoast_head":"<!-- This site is optimized with the Yoast SEO Premium plugin v27.1 (Yoast SEO v27.3) - https:\/\/yoast.com\/product\/yoast-seo-premium-wordpress\/ -->\n<title>Josera Festival sausas maistas \u0161unims - anivet.lt<\/title>\n<meta name=\"description\" content=\"Unikalus pa\u0161aras sukurtas patenkinti net i\u0161rankiausi\u0173 \u0161un\u0173 skon\u012f. J\u012f galima patiekti saus\u0105 arba u\u017epylus vandeniu \u2013 tada granul\u0117s virsta ypatingu pada\u017eu. Su la\u0161i\u0161a, kuri yra gardus \u0161io pa\u0161aro akcentas, \u201eJosera Festival\u201c yra puikus pasirinkimas aktyviems ir med\u017eiokliniams \u0161unims.\" \/>\n<meta name=\"robots\" content=\"index, follow, max-snippet:-1, max-image-preview:large, max-video-preview:-1\" \/>\n<link rel=\"canonical\" href=\"https:\/\/anivet.lt\/elparduotuve\/produktas\/josera-festival-sausas-maistas-sunims\/\" \/>\n<meta property=\"og:locale\" content=\"lt_LT\" \/>\n<meta property=\"og:type\" content=\"article\" \/>\n<meta property=\"og:title\" content=\"Josera Festival sausas maistas \u0161unims\" \/>\n<meta property=\"og:description\" content=\"Unikalus pa\u0161aras sukurtas patenkinti net i\u0161rankiausi\u0173 \u0161un\u0173 skon\u012f. J\u012f galima patiekti saus\u0105 arba u\u017epylus vandeniu \u2013 tada granul\u0117s virsta ypatingu pada\u017eu. Su la\u0161i\u0161a, kuri yra gardus \u0161io pa\u0161aro akcentas, \u201eJosera Festival\u201c yra puikus pasirinkimas aktyviems ir med\u017eiokliniams \u0161unims.\" \/>\n<meta property=\"og:url\" content=\"https:\/\/anivet.lt\/elparduotuve\/produktas\/josera-festival-sausas-maistas-sunims\/\" \/>\n<meta property=\"og:site_name\" content=\"anivet.lt\" \/>\n<meta property=\"article:modified_time\" content=\"2026-03-18T14:48:05+00:00\" \/>\n<meta property=\"og:image\" content=\"https:\/\/anivet.lt\/elparduotuve\/wp-content\/uploads\/2023\/08\/Josera-Festival-sausas-maistas-sunims.jpg\" \/>\n\t<meta property=\"og:image:width\" content=\"600\" \/>\n\t<meta property=\"og:image:height\" content=\"600\" \/>\n\t<meta property=\"og:image:type\" content=\"image\/jpeg\" \/>\n<meta name=\"twitter:card\" content=\"summary_large_image\" \/>\n<meta name=\"twitter:label1\" content=\"Est. reading time\" \/>\n\t<meta name=\"twitter:data1\" content=\"1 minut\u0117\" \/>\n<script type=\"application\/ld+json\" class=\"yoast-schema-graph\">{\"@context\":\"https:\\\/\\\/schema.org\",\"@graph\":[{\"@type\":\"WebPage\",\"@id\":\"https:\\\/\\\/anivet.lt\\\/elparduotuve\\\/produktas\\\/josera-festival-sausas-maistas-sunims\\\/\",\"url\":\"https:\\\/\\\/anivet.lt\\\/elparduotuve\\\/produktas\\\/josera-festival-sausas-maistas-sunims\\\/\",\"name\":\"Josera Festival sausas maistas \u0161unims - anivet.lt\",\"isPartOf\":{\"@id\":\"https:\\\/\\\/anivet.lt\\\/elparduotuve\\\/#website\"},\"primaryImageOfPage\":{\"@id\":\"https:\\\/\\\/anivet.lt\\\/elparduotuve\\\/produktas\\\/josera-festival-sausas-maistas-sunims\\\/#primaryimage\"},\"image\":{\"@id\":\"https:\\\/\\\/anivet.lt\\\/elparduotuve\\\/produktas\\\/josera-festival-sausas-maistas-sunims\\\/#primaryimage\"},\"thumbnailUrl\":\"https:\\\/\\\/anivet.lt\\\/elparduotuve\\\/wp-content\\\/uploads\\\/2023\\\/08\\\/Josera-Festival-sausas-maistas-sunims.jpg\",\"datePublished\":\"2023-08-23T19:56:56+00:00\",\"dateModified\":\"2026-03-18T14:48:05+00:00\",\"description\":\"Unikalus pa\u0161aras sukurtas patenkinti net i\u0161rankiausi\u0173 \u0161un\u0173 skon\u012f. J\u012f galima patiekti saus\u0105 arba u\u017epylus vandeniu \u2013 tada granul\u0117s virsta ypatingu pada\u017eu. Su la\u0161i\u0161a, kuri yra gardus \u0161io pa\u0161aro akcentas, \u201eJosera Festival\u201c yra puikus pasirinkimas aktyviems ir med\u017eiokliniams \u0161unims.\",\"breadcrumb\":{\"@id\":\"https:\\\/\\\/anivet.lt\\\/elparduotuve\\\/produktas\\\/josera-festival-sausas-maistas-sunims\\\/#breadcrumb\"},\"inLanguage\":\"lt-LT\",\"potentialAction\":[{\"@type\":\"ReadAction\",\"target\":[\"https:\\\/\\\/anivet.lt\\\/elparduotuve\\\/produktas\\\/josera-festival-sausas-maistas-sunims\\\/\"]}]},{\"@type\":\"ImageObject\",\"inLanguage\":\"lt-LT\",\"@id\":\"https:\\\/\\\/anivet.lt\\\/elparduotuve\\\/produktas\\\/josera-festival-sausas-maistas-sunims\\\/#primaryimage\",\"url\":\"https:\\\/\\\/anivet.lt\\\/elparduotuve\\\/wp-content\\\/uploads\\\/2023\\\/08\\\/Josera-Festival-sausas-maistas-sunims.jpg\",\"contentUrl\":\"https:\\\/\\\/anivet.lt\\\/elparduotuve\\\/wp-content\\\/uploads\\\/2023\\\/08\\\/Josera-Festival-sausas-maistas-sunims.jpg\",\"width\":600,\"height\":600,\"caption\":\"Josera Festival sausas maistas \u0161unims\"},{\"@type\":\"BreadcrumbList\",\"@id\":\"https:\\\/\\\/anivet.lt\\\/elparduotuve\\\/produktas\\\/josera-festival-sausas-maistas-sunims\\\/#breadcrumb\",\"itemListElement\":[{\"@type\":\"ListItem\",\"position\":1,\"name\":\"Home\",\"item\":\"https:\\\/\\\/anivet.lt\\\/elparduotuve\\\/\"},{\"@type\":\"ListItem\",\"position\":2,\"name\":\"Produktai\",\"item\":\"https:\\\/\\\/anivet.lt\\\/elparduotuve\\\/produktai\\\/\"},{\"@type\":\"ListItem\",\"position\":3,\"name\":\"Josera Festival sausas maistas \u0161unims\"}]},{\"@type\":\"WebSite\",\"@id\":\"https:\\\/\\\/anivet.lt\\\/elparduotuve\\\/#website\",\"url\":\"https:\\\/\\\/anivet.lt\\\/elparduotuve\\\/\",\"name\":\"anivet.lt\",\"description\":\"Viskas J\u016bs\u0173 \u0161uns, kat\u0117s prie\u017ei\u016brai\",\"publisher\":{\"@id\":\"https:\\\/\\\/anivet.lt\\\/elparduotuve\\\/#organization\"},\"alternateName\":\"Viskas J\u016bs\u0173 \u0161uns, kat\u0117s prie\u017ei\u016brai\",\"potentialAction\":[{\"@type\":\"SearchAction\",\"target\":{\"@type\":\"EntryPoint\",\"urlTemplate\":\"https:\\\/\\\/anivet.lt\\\/elparduotuve\\\/?s={search_term_string}\"},\"query-input\":{\"@type\":\"PropertyValueSpecification\",\"valueRequired\":true,\"valueName\":\"search_term_string\"}}],\"inLanguage\":\"lt-LT\"},{\"@type\":\"Organization\",\"@id\":\"https:\\\/\\\/anivet.lt\\\/elparduotuve\\\/#organization\",\"name\":\"Viskas J\u016bs\u0173 \u0161uns, kat\u0117s prie\u017ei\u016brai\",\"url\":\"https:\\\/\\\/anivet.lt\\\/elparduotuve\\\/\",\"logo\":{\"@type\":\"ImageObject\",\"inLanguage\":\"lt-LT\",\"@id\":\"https:\\\/\\\/anivet.lt\\\/elparduotuve\\\/#\\\/schema\\\/logo\\\/image\\\/\",\"url\":\"https:\\\/\\\/anivet.lt\\\/elparduotuve\\\/wp-content\\\/uploads\\\/2023\\\/06\\\/logo2.jpg\",\"contentUrl\":\"https:\\\/\\\/anivet.lt\\\/elparduotuve\\\/wp-content\\\/uploads\\\/2023\\\/06\\\/logo2.jpg\",\"width\":655,\"height\":194,\"caption\":\"Viskas J\u016bs\u0173 \u0161uns, kat\u0117s prie\u017ei\u016brai\"},\"image\":{\"@id\":\"https:\\\/\\\/anivet.lt\\\/elparduotuve\\\/#\\\/schema\\\/logo\\\/image\\\/\"}}]}<\/script>\n<!-- \/ Yoast SEO Premium plugin. -->","yoast_head_json":{"title":"Josera Festival sausas maistas \u0161unims - anivet.lt","description":"Unikalus pa\u0161aras sukurtas patenkinti net i\u0161rankiausi\u0173 \u0161un\u0173 skon\u012f. J\u012f galima patiekti saus\u0105 arba u\u017epylus vandeniu \u2013 tada granul\u0117s virsta ypatingu pada\u017eu. Su la\u0161i\u0161a, kuri yra gardus \u0161io pa\u0161aro akcentas, \u201eJosera Festival\u201c yra puikus pasirinkimas aktyviems ir med\u017eiokliniams \u0161unims.","robots":{"index":"index","follow":"follow","max-snippet":"max-snippet:-1","max-image-preview":"max-image-preview:large","max-video-preview":"max-video-preview:-1"},"canonical":"https:\/\/anivet.lt\/elparduotuve\/produktas\/josera-festival-sausas-maistas-sunims\/","og_locale":"lt_LT","og_type":"article","og_title":"Josera Festival sausas maistas \u0161unims","og_description":"Unikalus pa\u0161aras sukurtas patenkinti net i\u0161rankiausi\u0173 \u0161un\u0173 skon\u012f. J\u012f galima patiekti saus\u0105 arba u\u017epylus vandeniu \u2013 tada granul\u0117s virsta ypatingu pada\u017eu. Su la\u0161i\u0161a, kuri yra gardus \u0161io pa\u0161aro akcentas, \u201eJosera Festival\u201c yra puikus pasirinkimas aktyviems ir med\u017eiokliniams \u0161unims.","og_url":"https:\/\/anivet.lt\/elparduotuve\/produktas\/josera-festival-sausas-maistas-sunims\/","og_site_name":"anivet.lt","article_modified_time":"2026-03-18T14:48:05+00:00","og_image":[{"width":600,"height":600,"url":"https:\/\/anivet.lt\/elparduotuve\/wp-content\/uploads\/2023\/08\/Josera-Festival-sausas-maistas-sunims.jpg","type":"image\/jpeg"}],"twitter_card":"summary_large_image","twitter_misc":{"Est. reading time":"1 minut\u0117"},"schema":{"@context":"https:\/\/schema.org","@graph":[{"@type":"WebPage","@id":"https:\/\/anivet.lt\/elparduotuve\/produktas\/josera-festival-sausas-maistas-sunims\/","url":"https:\/\/anivet.lt\/elparduotuve\/produktas\/josera-festival-sausas-maistas-sunims\/","name":"Josera Festival sausas maistas \u0161unims - anivet.lt","isPartOf":{"@id":"https:\/\/anivet.lt\/elparduotuve\/#website"},"primaryImageOfPage":{"@id":"https:\/\/anivet.lt\/elparduotuve\/produktas\/josera-festival-sausas-maistas-sunims\/#primaryimage"},"image":{"@id":"https:\/\/anivet.lt\/elparduotuve\/produktas\/josera-festival-sausas-maistas-sunims\/#primaryimage"},"thumbnailUrl":"https:\/\/anivet.lt\/elparduotuve\/wp-content\/uploads\/2023\/08\/Josera-Festival-sausas-maistas-sunims.jpg","datePublished":"2023-08-23T19:56:56+00:00","dateModified":"2026-03-18T14:48:05+00:00","description":"Unikalus pa\u0161aras sukurtas patenkinti net i\u0161rankiausi\u0173 \u0161un\u0173 skon\u012f. J\u012f galima patiekti saus\u0105 arba u\u017epylus vandeniu \u2013 tada granul\u0117s virsta ypatingu pada\u017eu. Su la\u0161i\u0161a, kuri yra gardus \u0161io pa\u0161aro akcentas, \u201eJosera Festival\u201c yra puikus pasirinkimas aktyviems ir med\u017eiokliniams \u0161unims.","breadcrumb":{"@id":"https:\/\/anivet.lt\/elparduotuve\/produktas\/josera-festival-sausas-maistas-sunims\/#breadcrumb"},"inLanguage":"lt-LT","potentialAction":[{"@type":"ReadAction","target":["https:\/\/anivet.lt\/elparduotuve\/produktas\/josera-festival-sausas-maistas-sunims\/"]}]},{"@type":"ImageObject","inLanguage":"lt-LT","@id":"https:\/\/anivet.lt\/elparduotuve\/produktas\/josera-festival-sausas-maistas-sunims\/#primaryimage","url":"https:\/\/anivet.lt\/elparduotuve\/wp-content\/uploads\/2023\/08\/Josera-Festival-sausas-maistas-sunims.jpg","contentUrl":"https:\/\/anivet.lt\/elparduotuve\/wp-content\/uploads\/2023\/08\/Josera-Festival-sausas-maistas-sunims.jpg","width":600,"height":600,"caption":"Josera Festival sausas maistas \u0161unims"},{"@type":"BreadcrumbList","@id":"https:\/\/anivet.lt\/elparduotuve\/produktas\/josera-festival-sausas-maistas-sunims\/#breadcrumb","itemListElement":[{"@type":"ListItem","position":1,"name":"Home","item":"https:\/\/anivet.lt\/elparduotuve\/"},{"@type":"ListItem","position":2,"name":"Produktai","item":"https:\/\/anivet.lt\/elparduotuve\/produktai\/"},{"@type":"ListItem","position":3,"name":"Josera Festival sausas maistas \u0161unims"}]},{"@type":"WebSite","@id":"https:\/\/anivet.lt\/elparduotuve\/#website","url":"https:\/\/anivet.lt\/elparduotuve\/","name":"anivet.lt","description":"Viskas J\u016bs\u0173 \u0161uns, kat\u0117s prie\u017ei\u016brai","publisher":{"@id":"https:\/\/anivet.lt\/elparduotuve\/#organization"},"alternateName":"Viskas J\u016bs\u0173 \u0161uns, kat\u0117s prie\u017ei\u016brai","potentialAction":[{"@type":"SearchAction","target":{"@type":"EntryPoint","urlTemplate":"https:\/\/anivet.lt\/elparduotuve\/?s={search_term_string}"},"query-input":{"@type":"PropertyValueSpecification","valueRequired":true,"valueName":"search_term_string"}}],"inLanguage":"lt-LT"},{"@type":"Organization","@id":"https:\/\/anivet.lt\/elparduotuve\/#organization","name":"Viskas J\u016bs\u0173 \u0161uns, kat\u0117s prie\u017ei\u016brai","url":"https:\/\/anivet.lt\/elparduotuve\/","logo":{"@type":"ImageObject","inLanguage":"lt-LT","@id":"https:\/\/anivet.lt\/elparduotuve\/#\/schema\/logo\/image\/","url":"https:\/\/anivet.lt\/elparduotuve\/wp-content\/uploads\/2023\/06\/logo2.jpg","contentUrl":"https:\/\/anivet.lt\/elparduotuve\/wp-content\/uploads\/2023\/06\/logo2.jpg","width":655,"height":194,"caption":"Viskas J\u016bs\u0173 \u0161uns, kat\u0117s prie\u017ei\u016brai"},"image":{"@id":"https:\/\/anivet.lt\/elparduotuve\/#\/schema\/logo\/image\/"}}]}},"_links":{"self":[{"href":"https:\/\/anivet.lt\/elparduotuve\/wp-json\/wp\/v2\/product\/11425","targetHints":{"allow":["GET"]}}],"collection":[{"href":"https:\/\/anivet.lt\/elparduotuve\/wp-json\/wp\/v2\/product"}],"about":[{"href":"https:\/\/anivet.lt\/elparduotuve\/wp-json\/wp\/v2\/types\/product"}],"wp:featuredmedia":[{"embeddable":true,"href":"https:\/\/anivet.lt\/elparduotuve\/wp-json\/wp\/v2\/media\/19744"}],"wp:attachment":[{"href":"https:\/\/anivet.lt\/elparduotuve\/wp-json\/wp\/v2\/media?parent=11425"}],"wp:term":[{"taxonomy":"product_brand","embeddable":true,"href":"https:\/\/anivet.lt\/elparduotuve\/wp-json\/wp\/v2\/product_brand?post=11425"},{"taxonomy":"product_cat","embeddable":true,"href":"https:\/\/anivet.lt\/elparduotuve\/wp-json\/wp\/v2\/product_cat?post=11425"},{"taxonomy":"product_tag","embeddable":true,"href":"https:\/\/anivet.lt\/elparduotuve\/wp-json\/wp\/v2\/product_tag?post=11425"}],"curies":[{"name":"wp","href":"https:\/\/api.w.org\/{rel}","templated":true}]}}