{"id":11454,"date":"2023-08-24T06:56:27","date_gmt":"2023-08-24T06:56:27","guid":{"rendered":"https:\/\/anivet.lt\/elparduotuve\/?post_type=product&#038;p=11454"},"modified":"2025-08-05T20:09:16","modified_gmt":"2025-08-05T20:09:16","slug":"josera-meat-lovers-konservai-sunims-su-jautiena","status":"publish","type":"product","link":"https:\/\/anivet.lt\/elparduotuve\/produktas\/josera-meat-lovers-konservai-sunims-su-jautiena\/","title":{"rendered":"Josera Meat Lovers konservai \u0161unims su jautiena"},"content":{"rendered":"<ul>\n<li style=\"font-weight: 400;\"><span style=\"font-weight: 400;\">Itin daug m\u0117sos (68%): Gryna jautiena su nat\u016braliu sultiniu.<\/span><\/li>\n<li style=\"font-weight: 400;\"><span style=\"font-weight: 400;\">Monoprotein\u0173 sud\u0117tis: Tinka jautriems \u0161unims, kuriems reikalingas vieno baltymo \u0161altinis.<\/span><\/li>\n<li style=\"font-weight: 400;\"><span style=\"font-weight: 400;\">Be gr\u016bd\u0173 ir gliuteno: Puikiai tinka \u0161unims su maisto netoleravimu.<\/span><\/li>\n<li style=\"font-weight: 400;\"><span style=\"font-weight: 400;\">Nat\u016brali sud\u0117tis: N\u0117ra cukraus, kv\u0117pikli\u0173, da\u017eikli\u0173 ir konservant\u0173.<\/span><\/li>\n<li style=\"font-weight: 400;\"><span style=\"font-weight: 400;\">Klimatui neutrali gamyba: Aplinkai draugi\u0161kas produktas.<\/span><\/li>\n<\/ul>\n<p><span style=\"font-weight: 400;\">\u0160is \u0117dalas yra puikus pasirinkimas \u0161unims, kurie vertina tikr\u0105 m\u0117sos skon\u012f ir kokyb\u0119. \u201eJosera Meat Lovers\u201c ne tik apr\u016bpina augintin\u012f visomis reikalingomis maistin\u0117mis med\u017eiagomis, bet ir yra atsakingai gaminamas, u\u017etikrinant nat\u016brali\u0105 sud\u0117t\u012f be nereikaling\u0173 pried\u0173.<\/span><\/p>\n","protected":false},"excerpt":{"rendered":"<p><span style=\"font-weight: 400;\">Gardus ir kokybi\u0161kas \u0161lapias maistas, skirtas suaugusiems \u0161unims, vertinantiems tikr\u0105 jautienos skon\u012f. Pagamintas i\u0161 itin daug m\u0117sos, \u0161is \u0117dalas u\u017etikrina, kad j\u016bs\u0173 augintinis gaut\u0173 tai, kas geriausia.<\/span><\/p>\n","protected":false},"featured_media":11457,"template":"","meta":[],"product_brand":[],"product_cat":[101,103,105,334],"product_tag":[],"class_list":{"0":"post-11454","1":"product","2":"type-product","3":"status-publish","4":"has-post-thumbnail","6":"product_cat-sunims","7":"product_cat-sunu-maistas","8":"product_cat-konservai","9":"product_cat-josera-sunu-maistas","10":"pa_prekinis-zenklas-josera","12":"first","13":"instock","14":"taxable","15":"shipping-taxable","16":"purchasable","17":"product-type-variable"},"yoast_head":"<!-- This site is optimized with the Yoast SEO Premium plugin v27.1 (Yoast SEO v27.3) - https:\/\/yoast.com\/product\/yoast-seo-premium-wordpress\/ -->\n<title>Josera Meat Lovers konservai \u0161unims su jautiena - anivet.lt<\/title>\n<meta name=\"description\" content=\"Gardus ir kokybi\u0161kas \u0161lapias maistas, skirtas suaugusiems \u0161unims, vertinantiems tikr\u0105 jautienos skon\u012f. Pagamintas i\u0161 itin daug m\u0117sos, \u0161is \u0117dalas u\u017etikrina, kad j\u016bs\u0173 augintinis gaut\u0173 tai, kas geriausia.\" \/>\n<meta name=\"robots\" content=\"index, follow, max-snippet:-1, max-image-preview:large, max-video-preview:-1\" \/>\n<link rel=\"canonical\" href=\"https:\/\/anivet.lt\/elparduotuve\/produktas\/josera-meat-lovers-konservai-sunims-su-jautiena\/\" \/>\n<meta property=\"og:locale\" content=\"lt_LT\" \/>\n<meta property=\"og:type\" content=\"article\" \/>\n<meta property=\"og:title\" content=\"Josera Meat Lovers konservai \u0161unims su jautiena\" \/>\n<meta property=\"og:description\" content=\"Gardus ir kokybi\u0161kas \u0161lapias maistas, skirtas suaugusiems \u0161unims, vertinantiems tikr\u0105 jautienos skon\u012f. Pagamintas i\u0161 itin daug m\u0117sos, \u0161is \u0117dalas u\u017etikrina, kad j\u016bs\u0173 augintinis gaut\u0173 tai, kas geriausia.\" \/>\n<meta property=\"og:url\" content=\"https:\/\/anivet.lt\/elparduotuve\/produktas\/josera-meat-lovers-konservai-sunims-su-jautiena\/\" \/>\n<meta property=\"og:site_name\" content=\"anivet.lt\" \/>\n<meta property=\"article:modified_time\" content=\"2025-08-05T20:09:16+00:00\" \/>\n<meta property=\"og:image\" content=\"https:\/\/anivet.lt\/elparduotuve\/wp-content\/uploads\/2023\/08\/meatlovers_purebeef.png\" \/>\n\t<meta property=\"og:image:width\" content=\"934\" \/>\n\t<meta property=\"og:image:height\" content=\"1200\" \/>\n\t<meta property=\"og:image:type\" content=\"image\/png\" \/>\n<meta name=\"twitter:card\" content=\"summary_large_image\" \/>\n<meta name=\"twitter:label1\" content=\"Est. reading time\" \/>\n\t<meta name=\"twitter:data1\" content=\"1 minut\u0117\" \/>\n<script type=\"application\/ld+json\" class=\"yoast-schema-graph\">{\"@context\":\"https:\\\/\\\/schema.org\",\"@graph\":[{\"@type\":\"WebPage\",\"@id\":\"https:\\\/\\\/anivet.lt\\\/elparduotuve\\\/produktas\\\/josera-meat-lovers-konservai-sunims-su-jautiena\\\/\",\"url\":\"https:\\\/\\\/anivet.lt\\\/elparduotuve\\\/produktas\\\/josera-meat-lovers-konservai-sunims-su-jautiena\\\/\",\"name\":\"Josera Meat Lovers konservai \u0161unims su jautiena - anivet.lt\",\"isPartOf\":{\"@id\":\"https:\\\/\\\/anivet.lt\\\/elparduotuve\\\/#website\"},\"primaryImageOfPage\":{\"@id\":\"https:\\\/\\\/anivet.lt\\\/elparduotuve\\\/produktas\\\/josera-meat-lovers-konservai-sunims-su-jautiena\\\/#primaryimage\"},\"image\":{\"@id\":\"https:\\\/\\\/anivet.lt\\\/elparduotuve\\\/produktas\\\/josera-meat-lovers-konservai-sunims-su-jautiena\\\/#primaryimage\"},\"thumbnailUrl\":\"https:\\\/\\\/anivet.lt\\\/elparduotuve\\\/wp-content\\\/uploads\\\/2023\\\/08\\\/meatlovers_purebeef.png\",\"datePublished\":\"2023-08-24T06:56:27+00:00\",\"dateModified\":\"2025-08-05T20:09:16+00:00\",\"description\":\"Gardus ir kokybi\u0161kas \u0161lapias maistas, skirtas suaugusiems \u0161unims, vertinantiems tikr\u0105 jautienos skon\u012f. Pagamintas i\u0161 itin daug m\u0117sos, \u0161is \u0117dalas u\u017etikrina, kad j\u016bs\u0173 augintinis gaut\u0173 tai, kas geriausia.\",\"breadcrumb\":{\"@id\":\"https:\\\/\\\/anivet.lt\\\/elparduotuve\\\/produktas\\\/josera-meat-lovers-konservai-sunims-su-jautiena\\\/#breadcrumb\"},\"inLanguage\":\"lt-LT\",\"potentialAction\":[{\"@type\":\"ReadAction\",\"target\":[\"https:\\\/\\\/anivet.lt\\\/elparduotuve\\\/produktas\\\/josera-meat-lovers-konservai-sunims-su-jautiena\\\/\"]}]},{\"@type\":\"ImageObject\",\"inLanguage\":\"lt-LT\",\"@id\":\"https:\\\/\\\/anivet.lt\\\/elparduotuve\\\/produktas\\\/josera-meat-lovers-konservai-sunims-su-jautiena\\\/#primaryimage\",\"url\":\"https:\\\/\\\/anivet.lt\\\/elparduotuve\\\/wp-content\\\/uploads\\\/2023\\\/08\\\/meatlovers_purebeef.png\",\"contentUrl\":\"https:\\\/\\\/anivet.lt\\\/elparduotuve\\\/wp-content\\\/uploads\\\/2023\\\/08\\\/meatlovers_purebeef.png\",\"width\":934,\"height\":1200,\"caption\":\"Josera Meat Lovers konservai \u0161unims su jautiena - 400g.\"},{\"@type\":\"BreadcrumbList\",\"@id\":\"https:\\\/\\\/anivet.lt\\\/elparduotuve\\\/produktas\\\/josera-meat-lovers-konservai-sunims-su-jautiena\\\/#breadcrumb\",\"itemListElement\":[{\"@type\":\"ListItem\",\"position\":1,\"name\":\"Home\",\"item\":\"https:\\\/\\\/anivet.lt\\\/elparduotuve\\\/\"},{\"@type\":\"ListItem\",\"position\":2,\"name\":\"Produktai\",\"item\":\"https:\\\/\\\/anivet.lt\\\/elparduotuve\\\/produktai\\\/\"},{\"@type\":\"ListItem\",\"position\":3,\"name\":\"Josera Meat Lovers konservai \u0161unims su jautiena\"}]},{\"@type\":\"WebSite\",\"@id\":\"https:\\\/\\\/anivet.lt\\\/elparduotuve\\\/#website\",\"url\":\"https:\\\/\\\/anivet.lt\\\/elparduotuve\\\/\",\"name\":\"anivet.lt\",\"description\":\"Viskas J\u016bs\u0173 \u0161uns, kat\u0117s prie\u017ei\u016brai\",\"publisher\":{\"@id\":\"https:\\\/\\\/anivet.lt\\\/elparduotuve\\\/#organization\"},\"alternateName\":\"Viskas J\u016bs\u0173 \u0161uns, kat\u0117s prie\u017ei\u016brai\",\"potentialAction\":[{\"@type\":\"SearchAction\",\"target\":{\"@type\":\"EntryPoint\",\"urlTemplate\":\"https:\\\/\\\/anivet.lt\\\/elparduotuve\\\/?s={search_term_string}\"},\"query-input\":{\"@type\":\"PropertyValueSpecification\",\"valueRequired\":true,\"valueName\":\"search_term_string\"}}],\"inLanguage\":\"lt-LT\"},{\"@type\":\"Organization\",\"@id\":\"https:\\\/\\\/anivet.lt\\\/elparduotuve\\\/#organization\",\"name\":\"Viskas J\u016bs\u0173 \u0161uns, kat\u0117s prie\u017ei\u016brai\",\"url\":\"https:\\\/\\\/anivet.lt\\\/elparduotuve\\\/\",\"logo\":{\"@type\":\"ImageObject\",\"inLanguage\":\"lt-LT\",\"@id\":\"https:\\\/\\\/anivet.lt\\\/elparduotuve\\\/#\\\/schema\\\/logo\\\/image\\\/\",\"url\":\"https:\\\/\\\/anivet.lt\\\/elparduotuve\\\/wp-content\\\/uploads\\\/2023\\\/06\\\/logo2.jpg\",\"contentUrl\":\"https:\\\/\\\/anivet.lt\\\/elparduotuve\\\/wp-content\\\/uploads\\\/2023\\\/06\\\/logo2.jpg\",\"width\":655,\"height\":194,\"caption\":\"Viskas J\u016bs\u0173 \u0161uns, kat\u0117s prie\u017ei\u016brai\"},\"image\":{\"@id\":\"https:\\\/\\\/anivet.lt\\\/elparduotuve\\\/#\\\/schema\\\/logo\\\/image\\\/\"}}]}<\/script>\n<!-- \/ Yoast SEO Premium plugin. -->","yoast_head_json":{"title":"Josera Meat Lovers konservai \u0161unims su jautiena - anivet.lt","description":"Gardus ir kokybi\u0161kas \u0161lapias maistas, skirtas suaugusiems \u0161unims, vertinantiems tikr\u0105 jautienos skon\u012f. Pagamintas i\u0161 itin daug m\u0117sos, \u0161is \u0117dalas u\u017etikrina, kad j\u016bs\u0173 augintinis gaut\u0173 tai, kas geriausia.","robots":{"index":"index","follow":"follow","max-snippet":"max-snippet:-1","max-image-preview":"max-image-preview:large","max-video-preview":"max-video-preview:-1"},"canonical":"https:\/\/anivet.lt\/elparduotuve\/produktas\/josera-meat-lovers-konservai-sunims-su-jautiena\/","og_locale":"lt_LT","og_type":"article","og_title":"Josera Meat Lovers konservai \u0161unims su jautiena","og_description":"Gardus ir kokybi\u0161kas \u0161lapias maistas, skirtas suaugusiems \u0161unims, vertinantiems tikr\u0105 jautienos skon\u012f. Pagamintas i\u0161 itin daug m\u0117sos, \u0161is \u0117dalas u\u017etikrina, kad j\u016bs\u0173 augintinis gaut\u0173 tai, kas geriausia.","og_url":"https:\/\/anivet.lt\/elparduotuve\/produktas\/josera-meat-lovers-konservai-sunims-su-jautiena\/","og_site_name":"anivet.lt","article_modified_time":"2025-08-05T20:09:16+00:00","og_image":[{"width":934,"height":1200,"url":"https:\/\/anivet.lt\/elparduotuve\/wp-content\/uploads\/2023\/08\/meatlovers_purebeef.png","type":"image\/png"}],"twitter_card":"summary_large_image","twitter_misc":{"Est. reading time":"1 minut\u0117"},"schema":{"@context":"https:\/\/schema.org","@graph":[{"@type":"WebPage","@id":"https:\/\/anivet.lt\/elparduotuve\/produktas\/josera-meat-lovers-konservai-sunims-su-jautiena\/","url":"https:\/\/anivet.lt\/elparduotuve\/produktas\/josera-meat-lovers-konservai-sunims-su-jautiena\/","name":"Josera Meat Lovers konservai \u0161unims su jautiena - anivet.lt","isPartOf":{"@id":"https:\/\/anivet.lt\/elparduotuve\/#website"},"primaryImageOfPage":{"@id":"https:\/\/anivet.lt\/elparduotuve\/produktas\/josera-meat-lovers-konservai-sunims-su-jautiena\/#primaryimage"},"image":{"@id":"https:\/\/anivet.lt\/elparduotuve\/produktas\/josera-meat-lovers-konservai-sunims-su-jautiena\/#primaryimage"},"thumbnailUrl":"https:\/\/anivet.lt\/elparduotuve\/wp-content\/uploads\/2023\/08\/meatlovers_purebeef.png","datePublished":"2023-08-24T06:56:27+00:00","dateModified":"2025-08-05T20:09:16+00:00","description":"Gardus ir kokybi\u0161kas \u0161lapias maistas, skirtas suaugusiems \u0161unims, vertinantiems tikr\u0105 jautienos skon\u012f. Pagamintas i\u0161 itin daug m\u0117sos, \u0161is \u0117dalas u\u017etikrina, kad j\u016bs\u0173 augintinis gaut\u0173 tai, kas geriausia.","breadcrumb":{"@id":"https:\/\/anivet.lt\/elparduotuve\/produktas\/josera-meat-lovers-konservai-sunims-su-jautiena\/#breadcrumb"},"inLanguage":"lt-LT","potentialAction":[{"@type":"ReadAction","target":["https:\/\/anivet.lt\/elparduotuve\/produktas\/josera-meat-lovers-konservai-sunims-su-jautiena\/"]}]},{"@type":"ImageObject","inLanguage":"lt-LT","@id":"https:\/\/anivet.lt\/elparduotuve\/produktas\/josera-meat-lovers-konservai-sunims-su-jautiena\/#primaryimage","url":"https:\/\/anivet.lt\/elparduotuve\/wp-content\/uploads\/2023\/08\/meatlovers_purebeef.png","contentUrl":"https:\/\/anivet.lt\/elparduotuve\/wp-content\/uploads\/2023\/08\/meatlovers_purebeef.png","width":934,"height":1200,"caption":"Josera Meat Lovers konservai \u0161unims su jautiena - 400g."},{"@type":"BreadcrumbList","@id":"https:\/\/anivet.lt\/elparduotuve\/produktas\/josera-meat-lovers-konservai-sunims-su-jautiena\/#breadcrumb","itemListElement":[{"@type":"ListItem","position":1,"name":"Home","item":"https:\/\/anivet.lt\/elparduotuve\/"},{"@type":"ListItem","position":2,"name":"Produktai","item":"https:\/\/anivet.lt\/elparduotuve\/produktai\/"},{"@type":"ListItem","position":3,"name":"Josera Meat Lovers konservai \u0161unims su jautiena"}]},{"@type":"WebSite","@id":"https:\/\/anivet.lt\/elparduotuve\/#website","url":"https:\/\/anivet.lt\/elparduotuve\/","name":"anivet.lt","description":"Viskas J\u016bs\u0173 \u0161uns, kat\u0117s prie\u017ei\u016brai","publisher":{"@id":"https:\/\/anivet.lt\/elparduotuve\/#organization"},"alternateName":"Viskas J\u016bs\u0173 \u0161uns, kat\u0117s prie\u017ei\u016brai","potentialAction":[{"@type":"SearchAction","target":{"@type":"EntryPoint","urlTemplate":"https:\/\/anivet.lt\/elparduotuve\/?s={search_term_string}"},"query-input":{"@type":"PropertyValueSpecification","valueRequired":true,"valueName":"search_term_string"}}],"inLanguage":"lt-LT"},{"@type":"Organization","@id":"https:\/\/anivet.lt\/elparduotuve\/#organization","name":"Viskas J\u016bs\u0173 \u0161uns, kat\u0117s prie\u017ei\u016brai","url":"https:\/\/anivet.lt\/elparduotuve\/","logo":{"@type":"ImageObject","inLanguage":"lt-LT","@id":"https:\/\/anivet.lt\/elparduotuve\/#\/schema\/logo\/image\/","url":"https:\/\/anivet.lt\/elparduotuve\/wp-content\/uploads\/2023\/06\/logo2.jpg","contentUrl":"https:\/\/anivet.lt\/elparduotuve\/wp-content\/uploads\/2023\/06\/logo2.jpg","width":655,"height":194,"caption":"Viskas J\u016bs\u0173 \u0161uns, kat\u0117s prie\u017ei\u016brai"},"image":{"@id":"https:\/\/anivet.lt\/elparduotuve\/#\/schema\/logo\/image\/"}}]}},"_links":{"self":[{"href":"https:\/\/anivet.lt\/elparduotuve\/wp-json\/wp\/v2\/product\/11454","targetHints":{"allow":["GET"]}}],"collection":[{"href":"https:\/\/anivet.lt\/elparduotuve\/wp-json\/wp\/v2\/product"}],"about":[{"href":"https:\/\/anivet.lt\/elparduotuve\/wp-json\/wp\/v2\/types\/product"}],"wp:featuredmedia":[{"embeddable":true,"href":"https:\/\/anivet.lt\/elparduotuve\/wp-json\/wp\/v2\/media\/11457"}],"wp:attachment":[{"href":"https:\/\/anivet.lt\/elparduotuve\/wp-json\/wp\/v2\/media?parent=11454"}],"wp:term":[{"taxonomy":"product_brand","embeddable":true,"href":"https:\/\/anivet.lt\/elparduotuve\/wp-json\/wp\/v2\/product_brand?post=11454"},{"taxonomy":"product_cat","embeddable":true,"href":"https:\/\/anivet.lt\/elparduotuve\/wp-json\/wp\/v2\/product_cat?post=11454"},{"taxonomy":"product_tag","embeddable":true,"href":"https:\/\/anivet.lt\/elparduotuve\/wp-json\/wp\/v2\/product_tag?post=11454"}],"curies":[{"name":"wp","href":"https:\/\/api.w.org\/{rel}","templated":true}]}}