{"id":11490,"date":"2023-08-24T10:52:36","date_gmt":"2023-08-24T10:52:36","guid":{"rendered":"https:\/\/anivet.lt\/elparduotuve\/?post_type=product&#038;p=11490"},"modified":"2025-05-27T13:18:43","modified_gmt":"2025-05-27T13:18:43","slug":"original-med-max-dog-konservai-300g-kalakutiena","status":"publish","type":"product","link":"https:\/\/anivet.lt\/elparduotuve\/produktas\/original-med-max-dog-konservai-300g-kalakutiena\/","title":{"rendered":"Nature&#8217;s Variety Original Med\/Max Dog konservai 300g (kalakutiena)"},"content":{"rendered":"<ul>\n<li style=\"font-weight: 400\"><span style=\"font-weight: 400\">Be gr\u016bd\u0173: Puikiai tinka \u0161unims, jautriems gr\u016bdiniams produktams arba turintiems alergij\u0173.<\/span><\/li>\n<li style=\"font-weight: 400\"><span style=\"font-weight: 400\">Virta garuose: I\u0161laiko daugiau nat\u016brali\u0173 maistini\u0173 med\u017eiag\u0173 ir skoni\u0173.<\/span><\/li>\n<li style=\"font-weight: 400\"><span style=\"font-weight: 400\">Nat\u016bral\u016bs ingredientai: 66% kalakutienos, 28.9% kalakutienos sultinio ir dar\u017eov\u0117s (pomidorai, morkos) garantuoja sveik\u0105 ir subalansuot\u0105 maist\u0105.<\/span><\/li>\n<li style=\"font-weight: 400\"><span style=\"font-weight: 400\">Be dirbtini\u0173 pried\u0173: Nenaudojami jokie da\u017eikliai, kvapiosios med\u017eiagos ar konservantai.<\/span><\/li>\n<li style=\"font-weight: 400\"><span style=\"font-weight: 400\">Papildytas vitaminais ir mineralais: Vitaminai D3, E, bei svarb\u016bs mikroelementai u\u017etikrina ger\u0105 sveikat\u0105 ir bendr\u0105 gyv\u016bno gerov\u0119.<\/span><\/li>\n<\/ul>\n<p><span style=\"font-weight: 400\">\u0160is konservuotas pa\u0161aras pasi\u017eymi nat\u016bralia sud\u0117timi, praturtinta maistin\u0117mis med\u017eiagomis, kurios skatina sveik\u0105 od\u0105, kail\u012f ir bendr\u0105 \u0161uns gyvybingum\u0105. Puikiai tinka jautriems ar alergi\u0161kiems \u0161unims, u\u017etikrinant j\u0173 gerov\u0119 ir kasdien\u012f malonum\u0105 valgant.<\/span><\/p>\n","protected":false},"excerpt":{"rendered":"<p><span style=\"font-weight: 400\">Visavertis konservuotas \u0117dalas suaugusiems vidutini\u0173 ir dideli\u0173 veisli\u0173 \u0161unims. \u0160is produktas yra gaminamas tik i\u0161 nat\u016brali\u0173 ingredient\u0173, u\u017etikrinant auk\u0161\u010diausi\u0105 kokyb\u0119 ir puik\u0173 skon\u012f.<\/span><\/p>\n","protected":false},"featured_media":11491,"template":"","meta":[],"product_brand":[],"product_cat":[101,103,105,335],"product_tag":[],"class_list":{"0":"post-11490","1":"product","2":"type-product","3":"status-publish","4":"has-post-thumbnail","6":"product_cat-sunims","7":"product_cat-sunu-maistas","8":"product_cat-konservai","9":"product_cat-natures-variety-sunu-maistas","10":"pa_prekinis-zenklas-natures-variety","12":"first","13":"instock","14":"taxable","15":"shipping-taxable","16":"purchasable","17":"product-type-variable"},"yoast_head":"<!-- This site is optimized with the Yoast SEO Premium plugin v27.1 (Yoast SEO v27.3) - https:\/\/yoast.com\/product\/yoast-seo-premium-wordpress\/ -->\n<title>Nature&#039;s Variety Original Med\/Max Dog konservai 300g (kalakutiena) - anivet.lt<\/title>\n<meta name=\"description\" content=\"Visavertis konservuotas \u0117dalas suaugusiems vidutini\u0173 ir dideli\u0173 veisli\u0173 \u0161unims. \u0160is produktas yra gaminamas tik i\u0161 nat\u016brali\u0173 ingredient\u0173, u\u017etikrinant auk\u0161\u010diausi\u0105 kokyb\u0119 ir puik\u0173 skon\u012f.\" \/>\n<meta name=\"robots\" content=\"index, follow, max-snippet:-1, max-image-preview:large, max-video-preview:-1\" \/>\n<link rel=\"canonical\" href=\"https:\/\/anivet.lt\/elparduotuve\/produktas\/original-med-max-dog-konservai-300g-kalakutiena\/\" \/>\n<meta property=\"og:locale\" content=\"lt_LT\" \/>\n<meta property=\"og:type\" content=\"article\" \/>\n<meta property=\"og:title\" content=\"Nature&#039;s Variety Original Med\/Max Dog konservai 300g (kalakutiena)\" \/>\n<meta property=\"og:description\" content=\"Visavertis konservuotas \u0117dalas suaugusiems vidutini\u0173 ir dideli\u0173 veisli\u0173 \u0161unims. \u0160is produktas yra gaminamas tik i\u0161 nat\u016brali\u0173 ingredient\u0173, u\u017etikrinant auk\u0161\u010diausi\u0105 kokyb\u0119 ir puik\u0173 skon\u012f.\" \/>\n<meta property=\"og:url\" content=\"https:\/\/anivet.lt\/elparduotuve\/produktas\/original-med-max-dog-konservai-300g-kalakutiena\/\" \/>\n<meta property=\"og:site_name\" content=\"anivet.lt\" \/>\n<meta property=\"article:modified_time\" content=\"2025-05-27T13:18:43+00:00\" \/>\n<meta property=\"og:image\" content=\"https:\/\/anivet.lt\/elparduotuve\/wp-content\/uploads\/2023\/08\/300g-kalakutiena.png\" \/>\n\t<meta property=\"og:image:width\" content=\"1200\" \/>\n\t<meta property=\"og:image:height\" content=\"1500\" \/>\n\t<meta property=\"og:image:type\" content=\"image\/png\" \/>\n<meta name=\"twitter:card\" content=\"summary_large_image\" \/>\n<meta name=\"twitter:label1\" content=\"Est. reading time\" \/>\n\t<meta name=\"twitter:data1\" content=\"1 minut\u0117\" \/>\n<script type=\"application\/ld+json\" class=\"yoast-schema-graph\">{\"@context\":\"https:\\\/\\\/schema.org\",\"@graph\":[{\"@type\":\"WebPage\",\"@id\":\"https:\\\/\\\/anivet.lt\\\/elparduotuve\\\/produktas\\\/original-med-max-dog-konservai-300g-kalakutiena\\\/\",\"url\":\"https:\\\/\\\/anivet.lt\\\/elparduotuve\\\/produktas\\\/original-med-max-dog-konservai-300g-kalakutiena\\\/\",\"name\":\"Nature's Variety Original Med\\\/Max Dog konservai 300g (kalakutiena) - anivet.lt\",\"isPartOf\":{\"@id\":\"https:\\\/\\\/anivet.lt\\\/elparduotuve\\\/#website\"},\"primaryImageOfPage\":{\"@id\":\"https:\\\/\\\/anivet.lt\\\/elparduotuve\\\/produktas\\\/original-med-max-dog-konservai-300g-kalakutiena\\\/#primaryimage\"},\"image\":{\"@id\":\"https:\\\/\\\/anivet.lt\\\/elparduotuve\\\/produktas\\\/original-med-max-dog-konservai-300g-kalakutiena\\\/#primaryimage\"},\"thumbnailUrl\":\"https:\\\/\\\/anivet.lt\\\/elparduotuve\\\/wp-content\\\/uploads\\\/2023\\\/08\\\/300g-kalakutiena.png\",\"datePublished\":\"2023-08-24T10:52:36+00:00\",\"dateModified\":\"2025-05-27T13:18:43+00:00\",\"description\":\"Visavertis konservuotas \u0117dalas suaugusiems vidutini\u0173 ir dideli\u0173 veisli\u0173 \u0161unims. \u0160is produktas yra gaminamas tik i\u0161 nat\u016brali\u0173 ingredient\u0173, u\u017etikrinant auk\u0161\u010diausi\u0105 kokyb\u0119 ir puik\u0173 skon\u012f.\",\"breadcrumb\":{\"@id\":\"https:\\\/\\\/anivet.lt\\\/elparduotuve\\\/produktas\\\/original-med-max-dog-konservai-300g-kalakutiena\\\/#breadcrumb\"},\"inLanguage\":\"lt-LT\",\"potentialAction\":[{\"@type\":\"ReadAction\",\"target\":[\"https:\\\/\\\/anivet.lt\\\/elparduotuve\\\/produktas\\\/original-med-max-dog-konservai-300g-kalakutiena\\\/\"]}]},{\"@type\":\"ImageObject\",\"inLanguage\":\"lt-LT\",\"@id\":\"https:\\\/\\\/anivet.lt\\\/elparduotuve\\\/produktas\\\/original-med-max-dog-konservai-300g-kalakutiena\\\/#primaryimage\",\"url\":\"https:\\\/\\\/anivet.lt\\\/elparduotuve\\\/wp-content\\\/uploads\\\/2023\\\/08\\\/300g-kalakutiena.png\",\"contentUrl\":\"https:\\\/\\\/anivet.lt\\\/elparduotuve\\\/wp-content\\\/uploads\\\/2023\\\/08\\\/300g-kalakutiena.png\",\"width\":1200,\"height\":1500,\"caption\":\"Nature's Variety Original Med\\\/Max Dog konservai 300g (kalakutiena)\"},{\"@type\":\"BreadcrumbList\",\"@id\":\"https:\\\/\\\/anivet.lt\\\/elparduotuve\\\/produktas\\\/original-med-max-dog-konservai-300g-kalakutiena\\\/#breadcrumb\",\"itemListElement\":[{\"@type\":\"ListItem\",\"position\":1,\"name\":\"Home\",\"item\":\"https:\\\/\\\/anivet.lt\\\/elparduotuve\\\/\"},{\"@type\":\"ListItem\",\"position\":2,\"name\":\"Produktai\",\"item\":\"https:\\\/\\\/anivet.lt\\\/elparduotuve\\\/produktai\\\/\"},{\"@type\":\"ListItem\",\"position\":3,\"name\":\"Nature&#8217;s Variety Original Med\\\/Max Dog konservai 300g (kalakutiena)\"}]},{\"@type\":\"WebSite\",\"@id\":\"https:\\\/\\\/anivet.lt\\\/elparduotuve\\\/#website\",\"url\":\"https:\\\/\\\/anivet.lt\\\/elparduotuve\\\/\",\"name\":\"anivet.lt\",\"description\":\"Viskas J\u016bs\u0173 \u0161uns, kat\u0117s prie\u017ei\u016brai\",\"publisher\":{\"@id\":\"https:\\\/\\\/anivet.lt\\\/elparduotuve\\\/#organization\"},\"alternateName\":\"Viskas J\u016bs\u0173 \u0161uns, kat\u0117s prie\u017ei\u016brai\",\"potentialAction\":[{\"@type\":\"SearchAction\",\"target\":{\"@type\":\"EntryPoint\",\"urlTemplate\":\"https:\\\/\\\/anivet.lt\\\/elparduotuve\\\/?s={search_term_string}\"},\"query-input\":{\"@type\":\"PropertyValueSpecification\",\"valueRequired\":true,\"valueName\":\"search_term_string\"}}],\"inLanguage\":\"lt-LT\"},{\"@type\":\"Organization\",\"@id\":\"https:\\\/\\\/anivet.lt\\\/elparduotuve\\\/#organization\",\"name\":\"Viskas J\u016bs\u0173 \u0161uns, kat\u0117s prie\u017ei\u016brai\",\"url\":\"https:\\\/\\\/anivet.lt\\\/elparduotuve\\\/\",\"logo\":{\"@type\":\"ImageObject\",\"inLanguage\":\"lt-LT\",\"@id\":\"https:\\\/\\\/anivet.lt\\\/elparduotuve\\\/#\\\/schema\\\/logo\\\/image\\\/\",\"url\":\"https:\\\/\\\/anivet.lt\\\/elparduotuve\\\/wp-content\\\/uploads\\\/2023\\\/06\\\/logo2.jpg\",\"contentUrl\":\"https:\\\/\\\/anivet.lt\\\/elparduotuve\\\/wp-content\\\/uploads\\\/2023\\\/06\\\/logo2.jpg\",\"width\":655,\"height\":194,\"caption\":\"Viskas J\u016bs\u0173 \u0161uns, kat\u0117s prie\u017ei\u016brai\"},\"image\":{\"@id\":\"https:\\\/\\\/anivet.lt\\\/elparduotuve\\\/#\\\/schema\\\/logo\\\/image\\\/\"}}]}<\/script>\n<!-- \/ Yoast SEO Premium plugin. -->","yoast_head_json":{"title":"Nature's Variety Original Med\/Max Dog konservai 300g (kalakutiena) - anivet.lt","description":"Visavertis konservuotas \u0117dalas suaugusiems vidutini\u0173 ir dideli\u0173 veisli\u0173 \u0161unims. \u0160is produktas yra gaminamas tik i\u0161 nat\u016brali\u0173 ingredient\u0173, u\u017etikrinant auk\u0161\u010diausi\u0105 kokyb\u0119 ir puik\u0173 skon\u012f.","robots":{"index":"index","follow":"follow","max-snippet":"max-snippet:-1","max-image-preview":"max-image-preview:large","max-video-preview":"max-video-preview:-1"},"canonical":"https:\/\/anivet.lt\/elparduotuve\/produktas\/original-med-max-dog-konservai-300g-kalakutiena\/","og_locale":"lt_LT","og_type":"article","og_title":"Nature's Variety Original Med\/Max Dog konservai 300g (kalakutiena)","og_description":"Visavertis konservuotas \u0117dalas suaugusiems vidutini\u0173 ir dideli\u0173 veisli\u0173 \u0161unims. \u0160is produktas yra gaminamas tik i\u0161 nat\u016brali\u0173 ingredient\u0173, u\u017etikrinant auk\u0161\u010diausi\u0105 kokyb\u0119 ir puik\u0173 skon\u012f.","og_url":"https:\/\/anivet.lt\/elparduotuve\/produktas\/original-med-max-dog-konservai-300g-kalakutiena\/","og_site_name":"anivet.lt","article_modified_time":"2025-05-27T13:18:43+00:00","og_image":[{"width":1200,"height":1500,"url":"https:\/\/anivet.lt\/elparduotuve\/wp-content\/uploads\/2023\/08\/300g-kalakutiena.png","type":"image\/png"}],"twitter_card":"summary_large_image","twitter_misc":{"Est. reading time":"1 minut\u0117"},"schema":{"@context":"https:\/\/schema.org","@graph":[{"@type":"WebPage","@id":"https:\/\/anivet.lt\/elparduotuve\/produktas\/original-med-max-dog-konservai-300g-kalakutiena\/","url":"https:\/\/anivet.lt\/elparduotuve\/produktas\/original-med-max-dog-konservai-300g-kalakutiena\/","name":"Nature's Variety Original Med\/Max Dog konservai 300g (kalakutiena) - anivet.lt","isPartOf":{"@id":"https:\/\/anivet.lt\/elparduotuve\/#website"},"primaryImageOfPage":{"@id":"https:\/\/anivet.lt\/elparduotuve\/produktas\/original-med-max-dog-konservai-300g-kalakutiena\/#primaryimage"},"image":{"@id":"https:\/\/anivet.lt\/elparduotuve\/produktas\/original-med-max-dog-konservai-300g-kalakutiena\/#primaryimage"},"thumbnailUrl":"https:\/\/anivet.lt\/elparduotuve\/wp-content\/uploads\/2023\/08\/300g-kalakutiena.png","datePublished":"2023-08-24T10:52:36+00:00","dateModified":"2025-05-27T13:18:43+00:00","description":"Visavertis konservuotas \u0117dalas suaugusiems vidutini\u0173 ir dideli\u0173 veisli\u0173 \u0161unims. \u0160is produktas yra gaminamas tik i\u0161 nat\u016brali\u0173 ingredient\u0173, u\u017etikrinant auk\u0161\u010diausi\u0105 kokyb\u0119 ir puik\u0173 skon\u012f.","breadcrumb":{"@id":"https:\/\/anivet.lt\/elparduotuve\/produktas\/original-med-max-dog-konservai-300g-kalakutiena\/#breadcrumb"},"inLanguage":"lt-LT","potentialAction":[{"@type":"ReadAction","target":["https:\/\/anivet.lt\/elparduotuve\/produktas\/original-med-max-dog-konservai-300g-kalakutiena\/"]}]},{"@type":"ImageObject","inLanguage":"lt-LT","@id":"https:\/\/anivet.lt\/elparduotuve\/produktas\/original-med-max-dog-konservai-300g-kalakutiena\/#primaryimage","url":"https:\/\/anivet.lt\/elparduotuve\/wp-content\/uploads\/2023\/08\/300g-kalakutiena.png","contentUrl":"https:\/\/anivet.lt\/elparduotuve\/wp-content\/uploads\/2023\/08\/300g-kalakutiena.png","width":1200,"height":1500,"caption":"Nature's Variety Original Med\/Max Dog konservai 300g (kalakutiena)"},{"@type":"BreadcrumbList","@id":"https:\/\/anivet.lt\/elparduotuve\/produktas\/original-med-max-dog-konservai-300g-kalakutiena\/#breadcrumb","itemListElement":[{"@type":"ListItem","position":1,"name":"Home","item":"https:\/\/anivet.lt\/elparduotuve\/"},{"@type":"ListItem","position":2,"name":"Produktai","item":"https:\/\/anivet.lt\/elparduotuve\/produktai\/"},{"@type":"ListItem","position":3,"name":"Nature&#8217;s Variety Original Med\/Max Dog konservai 300g (kalakutiena)"}]},{"@type":"WebSite","@id":"https:\/\/anivet.lt\/elparduotuve\/#website","url":"https:\/\/anivet.lt\/elparduotuve\/","name":"anivet.lt","description":"Viskas J\u016bs\u0173 \u0161uns, kat\u0117s prie\u017ei\u016brai","publisher":{"@id":"https:\/\/anivet.lt\/elparduotuve\/#organization"},"alternateName":"Viskas J\u016bs\u0173 \u0161uns, kat\u0117s prie\u017ei\u016brai","potentialAction":[{"@type":"SearchAction","target":{"@type":"EntryPoint","urlTemplate":"https:\/\/anivet.lt\/elparduotuve\/?s={search_term_string}"},"query-input":{"@type":"PropertyValueSpecification","valueRequired":true,"valueName":"search_term_string"}}],"inLanguage":"lt-LT"},{"@type":"Organization","@id":"https:\/\/anivet.lt\/elparduotuve\/#organization","name":"Viskas J\u016bs\u0173 \u0161uns, kat\u0117s prie\u017ei\u016brai","url":"https:\/\/anivet.lt\/elparduotuve\/","logo":{"@type":"ImageObject","inLanguage":"lt-LT","@id":"https:\/\/anivet.lt\/elparduotuve\/#\/schema\/logo\/image\/","url":"https:\/\/anivet.lt\/elparduotuve\/wp-content\/uploads\/2023\/06\/logo2.jpg","contentUrl":"https:\/\/anivet.lt\/elparduotuve\/wp-content\/uploads\/2023\/06\/logo2.jpg","width":655,"height":194,"caption":"Viskas J\u016bs\u0173 \u0161uns, kat\u0117s prie\u017ei\u016brai"},"image":{"@id":"https:\/\/anivet.lt\/elparduotuve\/#\/schema\/logo\/image\/"}}]}},"_links":{"self":[{"href":"https:\/\/anivet.lt\/elparduotuve\/wp-json\/wp\/v2\/product\/11490","targetHints":{"allow":["GET"]}}],"collection":[{"href":"https:\/\/anivet.lt\/elparduotuve\/wp-json\/wp\/v2\/product"}],"about":[{"href":"https:\/\/anivet.lt\/elparduotuve\/wp-json\/wp\/v2\/types\/product"}],"wp:featuredmedia":[{"embeddable":true,"href":"https:\/\/anivet.lt\/elparduotuve\/wp-json\/wp\/v2\/media\/11491"}],"wp:attachment":[{"href":"https:\/\/anivet.lt\/elparduotuve\/wp-json\/wp\/v2\/media?parent=11490"}],"wp:term":[{"taxonomy":"product_brand","embeddable":true,"href":"https:\/\/anivet.lt\/elparduotuve\/wp-json\/wp\/v2\/product_brand?post=11490"},{"taxonomy":"product_cat","embeddable":true,"href":"https:\/\/anivet.lt\/elparduotuve\/wp-json\/wp\/v2\/product_cat?post=11490"},{"taxonomy":"product_tag","embeddable":true,"href":"https:\/\/anivet.lt\/elparduotuve\/wp-json\/wp\/v2\/product_tag?post=11490"}],"curies":[{"name":"wp","href":"https:\/\/api.w.org\/{rel}","templated":true}]}}