{"id":11498,"date":"2023-08-24T20:06:49","date_gmt":"2023-08-24T20:06:49","guid":{"rendered":"https:\/\/anivet.lt\/elparduotuve\/?post_type=product&#038;p=11498"},"modified":"2026-04-25T08:12:46","modified_gmt":"2026-04-25T08:12:46","slug":"original-sterilized-cat-sterilizuotoms-suaugusioms-katems-lasisa","status":"publish","type":"product","link":"https:\/\/anivet.lt\/elparduotuve\/produktas\/original-sterilized-cat-sterilizuotoms-suaugusioms-katems-lasisa\/","title":{"rendered":"Nature&#8217;s Variety Original Sterilized Cat sterilizuotoms suaugusioms kat\u0117ms (la\u0161i\u0161a)"},"content":{"rendered":"<ul>\n<li style=\"font-weight: 400;\"><span style=\"font-weight: 400;\">Auk\u0161tos kokyb\u0117s baltymai: 20% i\u0161kaulintos la\u0161i\u0161os ir 12% d\u017eiovint\u0173 la\u0161i\u0161\u0173 baltym\u0173, u\u017etikrinantys kokybi\u0161k\u0105 ir lengvai vir\u0161kinam\u0105 maitinim\u0105.<\/span><\/li>\n<li style=\"font-weight: 400;\"><span style=\"font-weight: 400;\">Praturtintas nat\u016braliais ingredientais: Recept\u0105 papildo rudieji ry\u017eiai, d\u017eiovinti \u017eirniai, morkos ir obuoliai \u2013 sveikam ir subalansuotam racionui.<\/span><\/li>\n<li style=\"font-weight: 400;\"><span style=\"font-weight: 400;\">Omega-3 ir Omega-6 r\u016bg\u0161tys: Padeda palaikyti sveik\u0105 kail\u012f ir od\u0105.<\/span><\/li>\n<li style=\"font-weight: 400;\"><span style=\"font-weight: 400;\">Taurinas ir vitaminai: Taurinas palaiko \u0161irdies ir reg\u0117jimo funkcijas, o vitaminai A, E, ir C prisideda prie imunin\u0117s sistemos stiprinimo.<\/span><\/li>\n<li style=\"font-weight: 400;\"><span style=\"font-weight: 400;\">Specialiai sterilizuotoms kat\u0117ms: Formul\u0117 su suma\u017eintu riebal\u0173 kiekiu ir prid\u0117tu amonio chloridu padeda palaikyti optimali\u0105 svorio kontrol\u0119 ir \u0161lapimo tak\u0173 sveikat\u0105.<\/span><\/li>\n<\/ul>\n<p><span style=\"font-weight: 400;\">\u0160is pa\u0161aras ne tik atitinka sterilizuot\u0173 ka\u010di\u0173 mitybos poreikius, bet ir u\u017etikrina visapusi\u0161k\u0105 sveikat\u0105. Naudojami nat\u016bral\u016bs ingredientai, auk\u0161tos kokyb\u0117s baltymai ir specialiai parinktos maistin\u0117s med\u017eiagos skatina sveik\u0105 kail\u012f, energingum\u0105 ir ger\u0105 vir\u0161kinim\u0105. <\/span><\/p>\n","protected":false},"excerpt":{"rendered":"<p><span style=\"font-weight: 400;\">Pilnai subalansuotas maistas, specialiai sukurtas sterilizuotoms suaugusioms kat\u0117ms. Pagrindinis ingredientas \u2013 i\u0161kaulinta la\u0161i\u0161a, papildyta kruop\u0161\u010diai atrinktais vaisiais ir dar\u017eov\u0117mis, siekiant u\u017etikrinti optimal\u0173 kat\u0117s sveikatos palaikym\u0105 ir puiki\u0105 savijaut\u0105.<\/span><\/p>\n","protected":false},"featured_media":11499,"template":"","meta":[],"product_brand":[],"product_cat":[114,115,102,344],"product_tag":[],"class_list":{"0":"post-11498","1":"product","2":"type-product","3":"status-publish","4":"has-post-thumbnail","6":"product_cat-kaciu-maistas","7":"product_cat-sausas-maistas-ir-skanestai-katems","8":"product_cat-katems","9":"product_cat-natures-variety-kaciu-maistas","10":"pa_prekinis-zenklas-natures-variety","12":"first","13":"instock","14":"taxable","15":"shipping-taxable","16":"purchasable","17":"product-type-variable"},"yoast_head":"<!-- This site is optimized with the Yoast SEO Premium plugin v27.1 (Yoast SEO v27.5) - https:\/\/yoast.com\/product\/yoast-seo-premium-wordpress\/ -->\n<title>Nature&#039;s Variety Original Sterilized Cat sterilizuotoms suaugusioms kat\u0117ms (la\u0161i\u0161a) - anivet.lt<\/title>\n<meta name=\"description\" content=\"Pilnai subalansuotas maistas, specialiai sukurtas sterilizuotoms suaugusioms kat\u0117ms. Pagrindinis ingredientas \u2013 i\u0161kaulinta la\u0161i\u0161a, papildyta kruop\u0161\u010diai atrinktais vaisiais ir dar\u017eov\u0117mis, siekiant u\u017etikrinti optimal\u0173 kat\u0117s sveikatos palaikym\u0105 ir puiki\u0105 savijaut\u0105.\" \/>\n<meta name=\"robots\" content=\"index, follow, max-snippet:-1, max-image-preview:large, max-video-preview:-1\" \/>\n<link rel=\"canonical\" href=\"https:\/\/anivet.lt\/elparduotuve\/produktas\/original-sterilized-cat-sterilizuotoms-suaugusioms-katems-lasisa\/\" \/>\n<meta property=\"og:locale\" content=\"lt_LT\" \/>\n<meta property=\"og:type\" content=\"article\" \/>\n<meta property=\"og:title\" content=\"Nature&#039;s Variety Original Sterilized Cat sterilizuotoms suaugusioms kat\u0117ms (la\u0161i\u0161a)\" \/>\n<meta property=\"og:description\" content=\"Pilnai subalansuotas maistas, specialiai sukurtas sterilizuotoms suaugusioms kat\u0117ms. Pagrindinis ingredientas \u2013 i\u0161kaulinta la\u0161i\u0161a, papildyta kruop\u0161\u010diai atrinktais vaisiais ir dar\u017eov\u0117mis, siekiant u\u017etikrinti optimal\u0173 kat\u0117s sveikatos palaikym\u0105 ir puiki\u0105 savijaut\u0105.\" \/>\n<meta property=\"og:url\" content=\"https:\/\/anivet.lt\/elparduotuve\/produktas\/original-sterilized-cat-sterilizuotoms-suaugusioms-katems-lasisa\/\" \/>\n<meta property=\"og:site_name\" content=\"anivet.lt\" \/>\n<meta property=\"article:modified_time\" content=\"2026-04-25T08:12:46+00:00\" \/>\n<meta property=\"og:image\" content=\"https:\/\/anivet.lt\/elparduotuve\/wp-content\/uploads\/2023\/08\/Original-Sterilized-Cat-lasisa-125-kg.png\" \/>\n\t<meta property=\"og:image:width\" content=\"1500\" \/>\n\t<meta property=\"og:image:height\" content=\"1500\" \/>\n\t<meta property=\"og:image:type\" content=\"image\/png\" \/>\n<meta name=\"twitter:card\" content=\"summary_large_image\" \/>\n<meta name=\"twitter:label1\" content=\"Est. reading time\" \/>\n\t<meta name=\"twitter:data1\" content=\"1 minut\u0117\" \/>\n<script type=\"application\/ld+json\" class=\"yoast-schema-graph\">{\"@context\":\"https:\\\/\\\/schema.org\",\"@graph\":[{\"@type\":\"WebPage\",\"@id\":\"https:\\\/\\\/anivet.lt\\\/elparduotuve\\\/produktas\\\/original-sterilized-cat-sterilizuotoms-suaugusioms-katems-lasisa\\\/\",\"url\":\"https:\\\/\\\/anivet.lt\\\/elparduotuve\\\/produktas\\\/original-sterilized-cat-sterilizuotoms-suaugusioms-katems-lasisa\\\/\",\"name\":\"Nature's Variety Original Sterilized Cat sterilizuotoms suaugusioms kat\u0117ms (la\u0161i\u0161a) - anivet.lt\",\"isPartOf\":{\"@id\":\"https:\\\/\\\/anivet.lt\\\/elparduotuve\\\/#website\"},\"primaryImageOfPage\":{\"@id\":\"https:\\\/\\\/anivet.lt\\\/elparduotuve\\\/produktas\\\/original-sterilized-cat-sterilizuotoms-suaugusioms-katems-lasisa\\\/#primaryimage\"},\"image\":{\"@id\":\"https:\\\/\\\/anivet.lt\\\/elparduotuve\\\/produktas\\\/original-sterilized-cat-sterilizuotoms-suaugusioms-katems-lasisa\\\/#primaryimage\"},\"thumbnailUrl\":\"https:\\\/\\\/anivet.lt\\\/elparduotuve\\\/wp-content\\\/uploads\\\/2023\\\/08\\\/Original-Sterilized-Cat-lasisa-125-kg.png\",\"datePublished\":\"2023-08-24T20:06:49+00:00\",\"dateModified\":\"2026-04-25T08:12:46+00:00\",\"description\":\"Pilnai subalansuotas maistas, specialiai sukurtas sterilizuotoms suaugusioms kat\u0117ms. Pagrindinis ingredientas \u2013 i\u0161kaulinta la\u0161i\u0161a, papildyta kruop\u0161\u010diai atrinktais vaisiais ir dar\u017eov\u0117mis, siekiant u\u017etikrinti optimal\u0173 kat\u0117s sveikatos palaikym\u0105 ir puiki\u0105 savijaut\u0105.\",\"breadcrumb\":{\"@id\":\"https:\\\/\\\/anivet.lt\\\/elparduotuve\\\/produktas\\\/original-sterilized-cat-sterilizuotoms-suaugusioms-katems-lasisa\\\/#breadcrumb\"},\"inLanguage\":\"lt-LT\",\"potentialAction\":[{\"@type\":\"ReadAction\",\"target\":[\"https:\\\/\\\/anivet.lt\\\/elparduotuve\\\/produktas\\\/original-sterilized-cat-sterilizuotoms-suaugusioms-katems-lasisa\\\/\"]}]},{\"@type\":\"ImageObject\",\"inLanguage\":\"lt-LT\",\"@id\":\"https:\\\/\\\/anivet.lt\\\/elparduotuve\\\/produktas\\\/original-sterilized-cat-sterilizuotoms-suaugusioms-katems-lasisa\\\/#primaryimage\",\"url\":\"https:\\\/\\\/anivet.lt\\\/elparduotuve\\\/wp-content\\\/uploads\\\/2023\\\/08\\\/Original-Sterilized-Cat-lasisa-125-kg.png\",\"contentUrl\":\"https:\\\/\\\/anivet.lt\\\/elparduotuve\\\/wp-content\\\/uploads\\\/2023\\\/08\\\/Original-Sterilized-Cat-lasisa-125-kg.png\",\"width\":1500,\"height\":1500,\"caption\":\"Nature's Variety Original Sterilized Cat sterilizuotoms suaugusioms kat\u0117ms (la\u0161i\u0161a)\"},{\"@type\":\"BreadcrumbList\",\"@id\":\"https:\\\/\\\/anivet.lt\\\/elparduotuve\\\/produktas\\\/original-sterilized-cat-sterilizuotoms-suaugusioms-katems-lasisa\\\/#breadcrumb\",\"itemListElement\":[{\"@type\":\"ListItem\",\"position\":1,\"name\":\"Home\",\"item\":\"https:\\\/\\\/anivet.lt\\\/elparduotuve\\\/\"},{\"@type\":\"ListItem\",\"position\":2,\"name\":\"Produktai\",\"item\":\"https:\\\/\\\/anivet.lt\\\/elparduotuve\\\/produktai\\\/\"},{\"@type\":\"ListItem\",\"position\":3,\"name\":\"Nature&#8217;s Variety Original Sterilized Cat sterilizuotoms suaugusioms kat\u0117ms (la\u0161i\u0161a)\"}]},{\"@type\":\"WebSite\",\"@id\":\"https:\\\/\\\/anivet.lt\\\/elparduotuve\\\/#website\",\"url\":\"https:\\\/\\\/anivet.lt\\\/elparduotuve\\\/\",\"name\":\"anivet.lt\",\"description\":\"Viskas J\u016bs\u0173 \u0161uns, kat\u0117s prie\u017ei\u016brai\",\"publisher\":{\"@id\":\"https:\\\/\\\/anivet.lt\\\/elparduotuve\\\/#organization\"},\"alternateName\":\"Viskas J\u016bs\u0173 \u0161uns, kat\u0117s prie\u017ei\u016brai\",\"potentialAction\":[{\"@type\":\"SearchAction\",\"target\":{\"@type\":\"EntryPoint\",\"urlTemplate\":\"https:\\\/\\\/anivet.lt\\\/elparduotuve\\\/?s={search_term_string}\"},\"query-input\":{\"@type\":\"PropertyValueSpecification\",\"valueRequired\":true,\"valueName\":\"search_term_string\"}}],\"inLanguage\":\"lt-LT\"},{\"@type\":\"Organization\",\"@id\":\"https:\\\/\\\/anivet.lt\\\/elparduotuve\\\/#organization\",\"name\":\"Viskas J\u016bs\u0173 \u0161uns, kat\u0117s prie\u017ei\u016brai\",\"url\":\"https:\\\/\\\/anivet.lt\\\/elparduotuve\\\/\",\"logo\":{\"@type\":\"ImageObject\",\"inLanguage\":\"lt-LT\",\"@id\":\"https:\\\/\\\/anivet.lt\\\/elparduotuve\\\/#\\\/schema\\\/logo\\\/image\\\/\",\"url\":\"https:\\\/\\\/anivet.lt\\\/elparduotuve\\\/wp-content\\\/uploads\\\/2023\\\/06\\\/logo2.jpg\",\"contentUrl\":\"https:\\\/\\\/anivet.lt\\\/elparduotuve\\\/wp-content\\\/uploads\\\/2023\\\/06\\\/logo2.jpg\",\"width\":655,\"height\":194,\"caption\":\"Viskas J\u016bs\u0173 \u0161uns, kat\u0117s prie\u017ei\u016brai\"},\"image\":{\"@id\":\"https:\\\/\\\/anivet.lt\\\/elparduotuve\\\/#\\\/schema\\\/logo\\\/image\\\/\"}}]}<\/script>\n<!-- \/ Yoast SEO Premium plugin. -->","yoast_head_json":{"title":"Nature's Variety Original Sterilized Cat sterilizuotoms suaugusioms kat\u0117ms (la\u0161i\u0161a) - anivet.lt","description":"Pilnai subalansuotas maistas, specialiai sukurtas sterilizuotoms suaugusioms kat\u0117ms. Pagrindinis ingredientas \u2013 i\u0161kaulinta la\u0161i\u0161a, papildyta kruop\u0161\u010diai atrinktais vaisiais ir dar\u017eov\u0117mis, siekiant u\u017etikrinti optimal\u0173 kat\u0117s sveikatos palaikym\u0105 ir puiki\u0105 savijaut\u0105.","robots":{"index":"index","follow":"follow","max-snippet":"max-snippet:-1","max-image-preview":"max-image-preview:large","max-video-preview":"max-video-preview:-1"},"canonical":"https:\/\/anivet.lt\/elparduotuve\/produktas\/original-sterilized-cat-sterilizuotoms-suaugusioms-katems-lasisa\/","og_locale":"lt_LT","og_type":"article","og_title":"Nature's Variety Original Sterilized Cat sterilizuotoms suaugusioms kat\u0117ms (la\u0161i\u0161a)","og_description":"Pilnai subalansuotas maistas, specialiai sukurtas sterilizuotoms suaugusioms kat\u0117ms. Pagrindinis ingredientas \u2013 i\u0161kaulinta la\u0161i\u0161a, papildyta kruop\u0161\u010diai atrinktais vaisiais ir dar\u017eov\u0117mis, siekiant u\u017etikrinti optimal\u0173 kat\u0117s sveikatos palaikym\u0105 ir puiki\u0105 savijaut\u0105.","og_url":"https:\/\/anivet.lt\/elparduotuve\/produktas\/original-sterilized-cat-sterilizuotoms-suaugusioms-katems-lasisa\/","og_site_name":"anivet.lt","article_modified_time":"2026-04-25T08:12:46+00:00","og_image":[{"width":1500,"height":1500,"url":"https:\/\/anivet.lt\/elparduotuve\/wp-content\/uploads\/2023\/08\/Original-Sterilized-Cat-lasisa-125-kg.png","type":"image\/png"}],"twitter_card":"summary_large_image","twitter_misc":{"Est. reading time":"1 minut\u0117"},"schema":{"@context":"https:\/\/schema.org","@graph":[{"@type":"WebPage","@id":"https:\/\/anivet.lt\/elparduotuve\/produktas\/original-sterilized-cat-sterilizuotoms-suaugusioms-katems-lasisa\/","url":"https:\/\/anivet.lt\/elparduotuve\/produktas\/original-sterilized-cat-sterilizuotoms-suaugusioms-katems-lasisa\/","name":"Nature's Variety Original Sterilized Cat sterilizuotoms suaugusioms kat\u0117ms (la\u0161i\u0161a) - anivet.lt","isPartOf":{"@id":"https:\/\/anivet.lt\/elparduotuve\/#website"},"primaryImageOfPage":{"@id":"https:\/\/anivet.lt\/elparduotuve\/produktas\/original-sterilized-cat-sterilizuotoms-suaugusioms-katems-lasisa\/#primaryimage"},"image":{"@id":"https:\/\/anivet.lt\/elparduotuve\/produktas\/original-sterilized-cat-sterilizuotoms-suaugusioms-katems-lasisa\/#primaryimage"},"thumbnailUrl":"https:\/\/anivet.lt\/elparduotuve\/wp-content\/uploads\/2023\/08\/Original-Sterilized-Cat-lasisa-125-kg.png","datePublished":"2023-08-24T20:06:49+00:00","dateModified":"2026-04-25T08:12:46+00:00","description":"Pilnai subalansuotas maistas, specialiai sukurtas sterilizuotoms suaugusioms kat\u0117ms. Pagrindinis ingredientas \u2013 i\u0161kaulinta la\u0161i\u0161a, papildyta kruop\u0161\u010diai atrinktais vaisiais ir dar\u017eov\u0117mis, siekiant u\u017etikrinti optimal\u0173 kat\u0117s sveikatos palaikym\u0105 ir puiki\u0105 savijaut\u0105.","breadcrumb":{"@id":"https:\/\/anivet.lt\/elparduotuve\/produktas\/original-sterilized-cat-sterilizuotoms-suaugusioms-katems-lasisa\/#breadcrumb"},"inLanguage":"lt-LT","potentialAction":[{"@type":"ReadAction","target":["https:\/\/anivet.lt\/elparduotuve\/produktas\/original-sterilized-cat-sterilizuotoms-suaugusioms-katems-lasisa\/"]}]},{"@type":"ImageObject","inLanguage":"lt-LT","@id":"https:\/\/anivet.lt\/elparduotuve\/produktas\/original-sterilized-cat-sterilizuotoms-suaugusioms-katems-lasisa\/#primaryimage","url":"https:\/\/anivet.lt\/elparduotuve\/wp-content\/uploads\/2023\/08\/Original-Sterilized-Cat-lasisa-125-kg.png","contentUrl":"https:\/\/anivet.lt\/elparduotuve\/wp-content\/uploads\/2023\/08\/Original-Sterilized-Cat-lasisa-125-kg.png","width":1500,"height":1500,"caption":"Nature's Variety Original Sterilized Cat sterilizuotoms suaugusioms kat\u0117ms (la\u0161i\u0161a)"},{"@type":"BreadcrumbList","@id":"https:\/\/anivet.lt\/elparduotuve\/produktas\/original-sterilized-cat-sterilizuotoms-suaugusioms-katems-lasisa\/#breadcrumb","itemListElement":[{"@type":"ListItem","position":1,"name":"Home","item":"https:\/\/anivet.lt\/elparduotuve\/"},{"@type":"ListItem","position":2,"name":"Produktai","item":"https:\/\/anivet.lt\/elparduotuve\/produktai\/"},{"@type":"ListItem","position":3,"name":"Nature&#8217;s Variety Original Sterilized Cat sterilizuotoms suaugusioms kat\u0117ms (la\u0161i\u0161a)"}]},{"@type":"WebSite","@id":"https:\/\/anivet.lt\/elparduotuve\/#website","url":"https:\/\/anivet.lt\/elparduotuve\/","name":"anivet.lt","description":"Viskas J\u016bs\u0173 \u0161uns, kat\u0117s prie\u017ei\u016brai","publisher":{"@id":"https:\/\/anivet.lt\/elparduotuve\/#organization"},"alternateName":"Viskas J\u016bs\u0173 \u0161uns, kat\u0117s prie\u017ei\u016brai","potentialAction":[{"@type":"SearchAction","target":{"@type":"EntryPoint","urlTemplate":"https:\/\/anivet.lt\/elparduotuve\/?s={search_term_string}"},"query-input":{"@type":"PropertyValueSpecification","valueRequired":true,"valueName":"search_term_string"}}],"inLanguage":"lt-LT"},{"@type":"Organization","@id":"https:\/\/anivet.lt\/elparduotuve\/#organization","name":"Viskas J\u016bs\u0173 \u0161uns, kat\u0117s prie\u017ei\u016brai","url":"https:\/\/anivet.lt\/elparduotuve\/","logo":{"@type":"ImageObject","inLanguage":"lt-LT","@id":"https:\/\/anivet.lt\/elparduotuve\/#\/schema\/logo\/image\/","url":"https:\/\/anivet.lt\/elparduotuve\/wp-content\/uploads\/2023\/06\/logo2.jpg","contentUrl":"https:\/\/anivet.lt\/elparduotuve\/wp-content\/uploads\/2023\/06\/logo2.jpg","width":655,"height":194,"caption":"Viskas J\u016bs\u0173 \u0161uns, kat\u0117s prie\u017ei\u016brai"},"image":{"@id":"https:\/\/anivet.lt\/elparduotuve\/#\/schema\/logo\/image\/"}}]}},"_links":{"self":[{"href":"https:\/\/anivet.lt\/elparduotuve\/wp-json\/wp\/v2\/product\/11498","targetHints":{"allow":["GET"]}}],"collection":[{"href":"https:\/\/anivet.lt\/elparduotuve\/wp-json\/wp\/v2\/product"}],"about":[{"href":"https:\/\/anivet.lt\/elparduotuve\/wp-json\/wp\/v2\/types\/product"}],"wp:featuredmedia":[{"embeddable":true,"href":"https:\/\/anivet.lt\/elparduotuve\/wp-json\/wp\/v2\/media\/11499"}],"wp:attachment":[{"href":"https:\/\/anivet.lt\/elparduotuve\/wp-json\/wp\/v2\/media?parent=11498"}],"wp:term":[{"taxonomy":"product_brand","embeddable":true,"href":"https:\/\/anivet.lt\/elparduotuve\/wp-json\/wp\/v2\/product_brand?post=11498"},{"taxonomy":"product_cat","embeddable":true,"href":"https:\/\/anivet.lt\/elparduotuve\/wp-json\/wp\/v2\/product_cat?post=11498"},{"taxonomy":"product_tag","embeddable":true,"href":"https:\/\/anivet.lt\/elparduotuve\/wp-json\/wp\/v2\/product_tag?post=11498"}],"curies":[{"name":"wp","href":"https:\/\/api.w.org\/{rel}","templated":true}]}}