{"id":11512,"date":"2023-08-28T08:25:37","date_gmt":"2023-08-28T08:25:37","guid":{"rendered":"https:\/\/anivet.lt\/elparduotuve\/?post_type=product&#038;p=11512"},"modified":"2026-03-02T14:52:20","modified_gmt":"2026-03-02T14:52:20","slug":"selected-sterilized-cat-sterilizuotoms-suaugusioms-katems-norvegiska-lasisa","status":"publish","type":"product","link":"https:\/\/anivet.lt\/elparduotuve\/produktas\/selected-sterilized-cat-sterilizuotoms-suaugusioms-katems-norvegiska-lasisa\/","title":{"rendered":"Nature&#8217;s Variety No Grain Sterilized Cat sterilizuotoms suaugusioms kat\u0117ms (norvegi\u0161ka la\u0161i\u0161a)"},"content":{"rendered":"<ul>\n<li style=\"font-weight: 400;\" aria-level=\"1\"><span style=\"font-weight: 400;\">Begr\u016bd\u0117 formul\u0117: Idealiai tinka jautrioms ar gr\u016bdams netoleruojan\u010dioms kat\u0117ms.<\/span><\/li>\n<li style=\"font-weight: 400;\" aria-level=\"1\"><span style=\"font-weight: 400;\">Auk\u0161tos kokyb\u0117s baltymai: 30% i\u0161kaulintos norvegi\u0161kos la\u0161i\u0161os ir 13% d\u017eiovint\u0173 tun\u0173 baltym\u0173.<\/span><\/li>\n<li style=\"font-weight: 400;\" aria-level=\"1\"><span style=\"font-weight: 400;\">Sveikas kailis ir oda: Omega-3 ir Omega-6 riebal\u0173 r\u016bg\u0161tys gerina kailio \u017evilges\u012f ir odos b\u016bkl\u0119.<\/span><\/li>\n<li style=\"font-weight: 400;\" aria-level=\"1\"><span style=\"font-weight: 400;\">Nat\u016bral\u016bs angliavandeni\u0173 \u0161altiniai: Sald\u017eiosios bulv\u0117s, \u017eirniai ir avin\u017eirniai palaiko energij\u0105 ir sveik\u0105 vir\u0161kinim\u0105.<\/span><\/li>\n<li style=\"font-weight: 400;\" aria-level=\"1\"><span style=\"font-weight: 400;\">Sveiki inkstai ir \u0161lapimo takai: Amonio chloridas padeda reguliuoti \u0161lapimo pH ir ma\u017eina akmen\u0173 susidarymo rizik\u0105.<\/span><\/li>\n<\/ul>\n<p><span style=\"font-weight: 400;\">\u0160is pa\u0161aras ne tik u\u017etikrina sveik\u0105 mityb\u0105 sterilizuotoms kat\u0117ms, bet ir suteikia skan\u0173 valgymo malonum\u0105 d\u0117l auk\u0161tos kokyb\u0117s norvegi\u0161kos la\u0161i\u0161os. \u0160is pa\u0161aras padeda palaikyti optimali\u0105 sveikat\u0105, ideal\u0173 svor\u012f bei puiki\u0105 kailio ir odos b\u016bkl\u0119, tod\u0117l tai puikus pasirinkimas kasdieninei sterilizuot\u0173 ka\u010di\u0173 prie\u017ei\u016brai.<\/span><\/p>\n","protected":false},"excerpt":{"rendered":"<p><span style=\"font-weight: 400;\">Pilnai subalansuotas, begr\u016bdis pa\u0161aras, sukurtas sterilizuotoms suaugusioms kat\u0117ms. Pagrindinis ingredientas \u2013 auk\u0161tos kokyb\u0117s norvegi\u0161ka la\u0161i\u0161a, kuri kartu su vaisiais, dar\u017eov\u0117mis ir supermaistu u\u017etikrina optimal\u0173 maistini\u0173 med\u017eiag\u0173 kiek\u012f. \u0160is pa\u0161aras palaiko tinkam\u0105 k\u016bno svor\u012f, gerina kailio ir odos b\u016bkl\u0119 bei prisideda prie bendros kat\u0117s sveikatos.<\/span><\/p>\n","protected":false},"featured_media":16668,"template":"","meta":[],"product_brand":[],"product_cat":[114,115,102,344],"product_tag":[],"class_list":{"0":"post-11512","1":"product","2":"type-product","3":"status-publish","4":"has-post-thumbnail","6":"product_cat-kaciu-maistas","7":"product_cat-sausas-maistas-ir-skanestai-katems","8":"product_cat-katems","9":"product_cat-natures-variety-kaciu-maistas","10":"pa_prekinis-zenklas-natures-variety","12":"first","13":"instock","14":"taxable","15":"shipping-taxable","16":"purchasable","17":"product-type-variable"},"yoast_head":"<!-- This site is optimized with the Yoast SEO Premium plugin v27.1 (Yoast SEO v27.5) - https:\/\/yoast.com\/product\/yoast-seo-premium-wordpress\/ -->\n<title>Nature&#039;s Variety No Grain Sterilized Cat sterilizuotoms suaugusioms kat\u0117ms (norvegi\u0161ka la\u0161i\u0161a) - anivet.lt<\/title>\n<meta name=\"description\" content=\"Pilnai subalansuotas, begr\u016bdis pa\u0161aras, sukurtas sterilizuotoms suaugusioms kat\u0117ms. Pagrindinis ingredientas \u2013 auk\u0161tos kokyb\u0117s norvegi\u0161ka la\u0161i\u0161a, kuri kartu su vaisiais, dar\u017eov\u0117mis ir supermaistu u\u017etikrina optimal\u0173 maistini\u0173 med\u017eiag\u0173 kiek\u012f. \u0160is pa\u0161aras palaiko tinkam\u0105 k\u016bno svor\u012f, gerina kailio ir odos b\u016bkl\u0119 bei prisideda prie bendros kat\u0117s sveikatos.\" \/>\n<meta name=\"robots\" content=\"index, follow, max-snippet:-1, max-image-preview:large, max-video-preview:-1\" \/>\n<link rel=\"canonical\" href=\"https:\/\/anivet.lt\/elparduotuve\/produktas\/selected-sterilized-cat-sterilizuotoms-suaugusioms-katems-norvegiska-lasisa\/\" \/>\n<meta property=\"og:locale\" content=\"lt_LT\" \/>\n<meta property=\"og:type\" content=\"article\" \/>\n<meta property=\"og:title\" content=\"Nature&#039;s Variety No Grain Sterilized Cat sterilizuotoms suaugusioms kat\u0117ms (norvegi\u0161ka la\u0161i\u0161a)\" \/>\n<meta property=\"og:description\" content=\"Pilnai subalansuotas, begr\u016bdis pa\u0161aras, sukurtas sterilizuotoms suaugusioms kat\u0117ms. Pagrindinis ingredientas \u2013 auk\u0161tos kokyb\u0117s norvegi\u0161ka la\u0161i\u0161a, kuri kartu su vaisiais, dar\u017eov\u0117mis ir supermaistu u\u017etikrina optimal\u0173 maistini\u0173 med\u017eiag\u0173 kiek\u012f. \u0160is pa\u0161aras palaiko tinkam\u0105 k\u016bno svor\u012f, gerina kailio ir odos b\u016bkl\u0119 bei prisideda prie bendros kat\u0117s sveikatos.\" \/>\n<meta property=\"og:url\" content=\"https:\/\/anivet.lt\/elparduotuve\/produktas\/selected-sterilized-cat-sterilizuotoms-suaugusioms-katems-norvegiska-lasisa\/\" \/>\n<meta property=\"og:site_name\" content=\"anivet.lt\" \/>\n<meta property=\"article:modified_time\" content=\"2026-03-02T14:52:20+00:00\" \/>\n<meta property=\"og:image\" content=\"https:\/\/anivet.lt\/elparduotuve\/wp-content\/uploads\/2023\/08\/No-Grain-Sterilized-salmon.jpg\" \/>\n\t<meta property=\"og:image:width\" content=\"1024\" \/>\n\t<meta property=\"og:image:height\" content=\"1024\" \/>\n\t<meta property=\"og:image:type\" content=\"image\/jpeg\" \/>\n<meta name=\"twitter:card\" content=\"summary_large_image\" \/>\n<meta name=\"twitter:label1\" content=\"Est. reading time\" \/>\n\t<meta name=\"twitter:data1\" content=\"1 minut\u0117\" \/>\n<script type=\"application\/ld+json\" class=\"yoast-schema-graph\">{\"@context\":\"https:\\\/\\\/schema.org\",\"@graph\":[{\"@type\":\"WebPage\",\"@id\":\"https:\\\/\\\/anivet.lt\\\/elparduotuve\\\/produktas\\\/selected-sterilized-cat-sterilizuotoms-suaugusioms-katems-norvegiska-lasisa\\\/\",\"url\":\"https:\\\/\\\/anivet.lt\\\/elparduotuve\\\/produktas\\\/selected-sterilized-cat-sterilizuotoms-suaugusioms-katems-norvegiska-lasisa\\\/\",\"name\":\"Nature's Variety No Grain Sterilized Cat sterilizuotoms suaugusioms kat\u0117ms (norvegi\u0161ka la\u0161i\u0161a) - anivet.lt\",\"isPartOf\":{\"@id\":\"https:\\\/\\\/anivet.lt\\\/elparduotuve\\\/#website\"},\"primaryImageOfPage\":{\"@id\":\"https:\\\/\\\/anivet.lt\\\/elparduotuve\\\/produktas\\\/selected-sterilized-cat-sterilizuotoms-suaugusioms-katems-norvegiska-lasisa\\\/#primaryimage\"},\"image\":{\"@id\":\"https:\\\/\\\/anivet.lt\\\/elparduotuve\\\/produktas\\\/selected-sterilized-cat-sterilizuotoms-suaugusioms-katems-norvegiska-lasisa\\\/#primaryimage\"},\"thumbnailUrl\":\"https:\\\/\\\/anivet.lt\\\/elparduotuve\\\/wp-content\\\/uploads\\\/2023\\\/08\\\/No-Grain-Sterilized-salmon.jpg\",\"datePublished\":\"2023-08-28T08:25:37+00:00\",\"dateModified\":\"2026-03-02T14:52:20+00:00\",\"description\":\"Pilnai subalansuotas, begr\u016bdis pa\u0161aras, sukurtas sterilizuotoms suaugusioms kat\u0117ms. Pagrindinis ingredientas \u2013 auk\u0161tos kokyb\u0117s norvegi\u0161ka la\u0161i\u0161a, kuri kartu su vaisiais, dar\u017eov\u0117mis ir supermaistu u\u017etikrina optimal\u0173 maistini\u0173 med\u017eiag\u0173 kiek\u012f. \u0160is pa\u0161aras palaiko tinkam\u0105 k\u016bno svor\u012f, gerina kailio ir odos b\u016bkl\u0119 bei prisideda prie bendros kat\u0117s sveikatos.\",\"breadcrumb\":{\"@id\":\"https:\\\/\\\/anivet.lt\\\/elparduotuve\\\/produktas\\\/selected-sterilized-cat-sterilizuotoms-suaugusioms-katems-norvegiska-lasisa\\\/#breadcrumb\"},\"inLanguage\":\"lt-LT\",\"potentialAction\":[{\"@type\":\"ReadAction\",\"target\":[\"https:\\\/\\\/anivet.lt\\\/elparduotuve\\\/produktas\\\/selected-sterilized-cat-sterilizuotoms-suaugusioms-katems-norvegiska-lasisa\\\/\"]}]},{\"@type\":\"ImageObject\",\"inLanguage\":\"lt-LT\",\"@id\":\"https:\\\/\\\/anivet.lt\\\/elparduotuve\\\/produktas\\\/selected-sterilized-cat-sterilizuotoms-suaugusioms-katems-norvegiska-lasisa\\\/#primaryimage\",\"url\":\"https:\\\/\\\/anivet.lt\\\/elparduotuve\\\/wp-content\\\/uploads\\\/2023\\\/08\\\/No-Grain-Sterilized-salmon.jpg\",\"contentUrl\":\"https:\\\/\\\/anivet.lt\\\/elparduotuve\\\/wp-content\\\/uploads\\\/2023\\\/08\\\/No-Grain-Sterilized-salmon.jpg\",\"width\":1024,\"height\":1024,\"caption\":\"Nature's Variety No Grain Sterilized Cat sterilizuotoms suaugusioms kat\u0117ms (norvegi\u0161ka la\u0161i\u0161a)\"},{\"@type\":\"BreadcrumbList\",\"@id\":\"https:\\\/\\\/anivet.lt\\\/elparduotuve\\\/produktas\\\/selected-sterilized-cat-sterilizuotoms-suaugusioms-katems-norvegiska-lasisa\\\/#breadcrumb\",\"itemListElement\":[{\"@type\":\"ListItem\",\"position\":1,\"name\":\"Home\",\"item\":\"https:\\\/\\\/anivet.lt\\\/elparduotuve\\\/\"},{\"@type\":\"ListItem\",\"position\":2,\"name\":\"Produktai\",\"item\":\"https:\\\/\\\/anivet.lt\\\/elparduotuve\\\/produktai\\\/\"},{\"@type\":\"ListItem\",\"position\":3,\"name\":\"Nature&#8217;s Variety No Grain Sterilized Cat sterilizuotoms suaugusioms kat\u0117ms (norvegi\u0161ka la\u0161i\u0161a)\"}]},{\"@type\":\"WebSite\",\"@id\":\"https:\\\/\\\/anivet.lt\\\/elparduotuve\\\/#website\",\"url\":\"https:\\\/\\\/anivet.lt\\\/elparduotuve\\\/\",\"name\":\"anivet.lt\",\"description\":\"Viskas J\u016bs\u0173 \u0161uns, kat\u0117s prie\u017ei\u016brai\",\"publisher\":{\"@id\":\"https:\\\/\\\/anivet.lt\\\/elparduotuve\\\/#organization\"},\"alternateName\":\"Viskas J\u016bs\u0173 \u0161uns, kat\u0117s prie\u017ei\u016brai\",\"potentialAction\":[{\"@type\":\"SearchAction\",\"target\":{\"@type\":\"EntryPoint\",\"urlTemplate\":\"https:\\\/\\\/anivet.lt\\\/elparduotuve\\\/?s={search_term_string}\"},\"query-input\":{\"@type\":\"PropertyValueSpecification\",\"valueRequired\":true,\"valueName\":\"search_term_string\"}}],\"inLanguage\":\"lt-LT\"},{\"@type\":\"Organization\",\"@id\":\"https:\\\/\\\/anivet.lt\\\/elparduotuve\\\/#organization\",\"name\":\"Viskas J\u016bs\u0173 \u0161uns, kat\u0117s prie\u017ei\u016brai\",\"url\":\"https:\\\/\\\/anivet.lt\\\/elparduotuve\\\/\",\"logo\":{\"@type\":\"ImageObject\",\"inLanguage\":\"lt-LT\",\"@id\":\"https:\\\/\\\/anivet.lt\\\/elparduotuve\\\/#\\\/schema\\\/logo\\\/image\\\/\",\"url\":\"https:\\\/\\\/anivet.lt\\\/elparduotuve\\\/wp-content\\\/uploads\\\/2023\\\/06\\\/logo2.jpg\",\"contentUrl\":\"https:\\\/\\\/anivet.lt\\\/elparduotuve\\\/wp-content\\\/uploads\\\/2023\\\/06\\\/logo2.jpg\",\"width\":655,\"height\":194,\"caption\":\"Viskas J\u016bs\u0173 \u0161uns, kat\u0117s prie\u017ei\u016brai\"},\"image\":{\"@id\":\"https:\\\/\\\/anivet.lt\\\/elparduotuve\\\/#\\\/schema\\\/logo\\\/image\\\/\"}}]}<\/script>\n<!-- \/ Yoast SEO Premium plugin. -->","yoast_head_json":{"title":"Nature's Variety No Grain Sterilized Cat sterilizuotoms suaugusioms kat\u0117ms (norvegi\u0161ka la\u0161i\u0161a) - anivet.lt","description":"Pilnai subalansuotas, begr\u016bdis pa\u0161aras, sukurtas sterilizuotoms suaugusioms kat\u0117ms. Pagrindinis ingredientas \u2013 auk\u0161tos kokyb\u0117s norvegi\u0161ka la\u0161i\u0161a, kuri kartu su vaisiais, dar\u017eov\u0117mis ir supermaistu u\u017etikrina optimal\u0173 maistini\u0173 med\u017eiag\u0173 kiek\u012f. \u0160is pa\u0161aras palaiko tinkam\u0105 k\u016bno svor\u012f, gerina kailio ir odos b\u016bkl\u0119 bei prisideda prie bendros kat\u0117s sveikatos.","robots":{"index":"index","follow":"follow","max-snippet":"max-snippet:-1","max-image-preview":"max-image-preview:large","max-video-preview":"max-video-preview:-1"},"canonical":"https:\/\/anivet.lt\/elparduotuve\/produktas\/selected-sterilized-cat-sterilizuotoms-suaugusioms-katems-norvegiska-lasisa\/","og_locale":"lt_LT","og_type":"article","og_title":"Nature's Variety No Grain Sterilized Cat sterilizuotoms suaugusioms kat\u0117ms (norvegi\u0161ka la\u0161i\u0161a)","og_description":"Pilnai subalansuotas, begr\u016bdis pa\u0161aras, sukurtas sterilizuotoms suaugusioms kat\u0117ms. Pagrindinis ingredientas \u2013 auk\u0161tos kokyb\u0117s norvegi\u0161ka la\u0161i\u0161a, kuri kartu su vaisiais, dar\u017eov\u0117mis ir supermaistu u\u017etikrina optimal\u0173 maistini\u0173 med\u017eiag\u0173 kiek\u012f. \u0160is pa\u0161aras palaiko tinkam\u0105 k\u016bno svor\u012f, gerina kailio ir odos b\u016bkl\u0119 bei prisideda prie bendros kat\u0117s sveikatos.","og_url":"https:\/\/anivet.lt\/elparduotuve\/produktas\/selected-sterilized-cat-sterilizuotoms-suaugusioms-katems-norvegiska-lasisa\/","og_site_name":"anivet.lt","article_modified_time":"2026-03-02T14:52:20+00:00","og_image":[{"width":1024,"height":1024,"url":"https:\/\/anivet.lt\/elparduotuve\/wp-content\/uploads\/2023\/08\/No-Grain-Sterilized-salmon.jpg","type":"image\/jpeg"}],"twitter_card":"summary_large_image","twitter_misc":{"Est. reading time":"1 minut\u0117"},"schema":{"@context":"https:\/\/schema.org","@graph":[{"@type":"WebPage","@id":"https:\/\/anivet.lt\/elparduotuve\/produktas\/selected-sterilized-cat-sterilizuotoms-suaugusioms-katems-norvegiska-lasisa\/","url":"https:\/\/anivet.lt\/elparduotuve\/produktas\/selected-sterilized-cat-sterilizuotoms-suaugusioms-katems-norvegiska-lasisa\/","name":"Nature's Variety No Grain Sterilized Cat sterilizuotoms suaugusioms kat\u0117ms (norvegi\u0161ka la\u0161i\u0161a) - anivet.lt","isPartOf":{"@id":"https:\/\/anivet.lt\/elparduotuve\/#website"},"primaryImageOfPage":{"@id":"https:\/\/anivet.lt\/elparduotuve\/produktas\/selected-sterilized-cat-sterilizuotoms-suaugusioms-katems-norvegiska-lasisa\/#primaryimage"},"image":{"@id":"https:\/\/anivet.lt\/elparduotuve\/produktas\/selected-sterilized-cat-sterilizuotoms-suaugusioms-katems-norvegiska-lasisa\/#primaryimage"},"thumbnailUrl":"https:\/\/anivet.lt\/elparduotuve\/wp-content\/uploads\/2023\/08\/No-Grain-Sterilized-salmon.jpg","datePublished":"2023-08-28T08:25:37+00:00","dateModified":"2026-03-02T14:52:20+00:00","description":"Pilnai subalansuotas, begr\u016bdis pa\u0161aras, sukurtas sterilizuotoms suaugusioms kat\u0117ms. Pagrindinis ingredientas \u2013 auk\u0161tos kokyb\u0117s norvegi\u0161ka la\u0161i\u0161a, kuri kartu su vaisiais, dar\u017eov\u0117mis ir supermaistu u\u017etikrina optimal\u0173 maistini\u0173 med\u017eiag\u0173 kiek\u012f. \u0160is pa\u0161aras palaiko tinkam\u0105 k\u016bno svor\u012f, gerina kailio ir odos b\u016bkl\u0119 bei prisideda prie bendros kat\u0117s sveikatos.","breadcrumb":{"@id":"https:\/\/anivet.lt\/elparduotuve\/produktas\/selected-sterilized-cat-sterilizuotoms-suaugusioms-katems-norvegiska-lasisa\/#breadcrumb"},"inLanguage":"lt-LT","potentialAction":[{"@type":"ReadAction","target":["https:\/\/anivet.lt\/elparduotuve\/produktas\/selected-sterilized-cat-sterilizuotoms-suaugusioms-katems-norvegiska-lasisa\/"]}]},{"@type":"ImageObject","inLanguage":"lt-LT","@id":"https:\/\/anivet.lt\/elparduotuve\/produktas\/selected-sterilized-cat-sterilizuotoms-suaugusioms-katems-norvegiska-lasisa\/#primaryimage","url":"https:\/\/anivet.lt\/elparduotuve\/wp-content\/uploads\/2023\/08\/No-Grain-Sterilized-salmon.jpg","contentUrl":"https:\/\/anivet.lt\/elparduotuve\/wp-content\/uploads\/2023\/08\/No-Grain-Sterilized-salmon.jpg","width":1024,"height":1024,"caption":"Nature's Variety No Grain Sterilized Cat sterilizuotoms suaugusioms kat\u0117ms (norvegi\u0161ka la\u0161i\u0161a)"},{"@type":"BreadcrumbList","@id":"https:\/\/anivet.lt\/elparduotuve\/produktas\/selected-sterilized-cat-sterilizuotoms-suaugusioms-katems-norvegiska-lasisa\/#breadcrumb","itemListElement":[{"@type":"ListItem","position":1,"name":"Home","item":"https:\/\/anivet.lt\/elparduotuve\/"},{"@type":"ListItem","position":2,"name":"Produktai","item":"https:\/\/anivet.lt\/elparduotuve\/produktai\/"},{"@type":"ListItem","position":3,"name":"Nature&#8217;s Variety No Grain Sterilized Cat sterilizuotoms suaugusioms kat\u0117ms (norvegi\u0161ka la\u0161i\u0161a)"}]},{"@type":"WebSite","@id":"https:\/\/anivet.lt\/elparduotuve\/#website","url":"https:\/\/anivet.lt\/elparduotuve\/","name":"anivet.lt","description":"Viskas J\u016bs\u0173 \u0161uns, kat\u0117s prie\u017ei\u016brai","publisher":{"@id":"https:\/\/anivet.lt\/elparduotuve\/#organization"},"alternateName":"Viskas J\u016bs\u0173 \u0161uns, kat\u0117s prie\u017ei\u016brai","potentialAction":[{"@type":"SearchAction","target":{"@type":"EntryPoint","urlTemplate":"https:\/\/anivet.lt\/elparduotuve\/?s={search_term_string}"},"query-input":{"@type":"PropertyValueSpecification","valueRequired":true,"valueName":"search_term_string"}}],"inLanguage":"lt-LT"},{"@type":"Organization","@id":"https:\/\/anivet.lt\/elparduotuve\/#organization","name":"Viskas J\u016bs\u0173 \u0161uns, kat\u0117s prie\u017ei\u016brai","url":"https:\/\/anivet.lt\/elparduotuve\/","logo":{"@type":"ImageObject","inLanguage":"lt-LT","@id":"https:\/\/anivet.lt\/elparduotuve\/#\/schema\/logo\/image\/","url":"https:\/\/anivet.lt\/elparduotuve\/wp-content\/uploads\/2023\/06\/logo2.jpg","contentUrl":"https:\/\/anivet.lt\/elparduotuve\/wp-content\/uploads\/2023\/06\/logo2.jpg","width":655,"height":194,"caption":"Viskas J\u016bs\u0173 \u0161uns, kat\u0117s prie\u017ei\u016brai"},"image":{"@id":"https:\/\/anivet.lt\/elparduotuve\/#\/schema\/logo\/image\/"}}]}},"_links":{"self":[{"href":"https:\/\/anivet.lt\/elparduotuve\/wp-json\/wp\/v2\/product\/11512","targetHints":{"allow":["GET"]}}],"collection":[{"href":"https:\/\/anivet.lt\/elparduotuve\/wp-json\/wp\/v2\/product"}],"about":[{"href":"https:\/\/anivet.lt\/elparduotuve\/wp-json\/wp\/v2\/types\/product"}],"wp:featuredmedia":[{"embeddable":true,"href":"https:\/\/anivet.lt\/elparduotuve\/wp-json\/wp\/v2\/media\/16668"}],"wp:attachment":[{"href":"https:\/\/anivet.lt\/elparduotuve\/wp-json\/wp\/v2\/media?parent=11512"}],"wp:term":[{"taxonomy":"product_brand","embeddable":true,"href":"https:\/\/anivet.lt\/elparduotuve\/wp-json\/wp\/v2\/product_brand?post=11512"},{"taxonomy":"product_cat","embeddable":true,"href":"https:\/\/anivet.lt\/elparduotuve\/wp-json\/wp\/v2\/product_cat?post=11512"},{"taxonomy":"product_tag","embeddable":true,"href":"https:\/\/anivet.lt\/elparduotuve\/wp-json\/wp\/v2\/product_tag?post=11512"}],"curies":[{"name":"wp","href":"https:\/\/api.w.org\/{rel}","templated":true}]}}