{"id":11518,"date":"2023-08-28T08:57:07","date_gmt":"2023-08-28T08:57:07","guid":{"rendered":"https:\/\/anivet.lt\/elparduotuve\/?post_type=product&#038;p=11518"},"modified":"2025-07-08T21:09:07","modified_gmt":"2025-07-08T21:09:07","slug":"wet-original-cat-konservai-70g-kalakutiena","status":"publish","type":"product","link":"https:\/\/anivet.lt\/elparduotuve\/produktas\/wet-original-cat-konservai-70g-kalakutiena\/","title":{"rendered":"Nature&#8217;s Variety Wet Original Cat konservai 70g (kalakutiena)"},"content":{"rendered":"<ul>\n<li style=\"font-weight: 400;\" aria-level=\"1\"><span style=\"font-weight: 400;\">70% kalakutienos: Pagrindinis ingredientas \u2013 auk\u0161tos kokyb\u0117s kalakutiena, kuri suteikia reikaling\u0173 baltym\u0173 ir energijos.<\/span><\/li>\n<li style=\"font-weight: 400;\" aria-level=\"1\"><span style=\"font-weight: 400;\">Nat\u016bral\u016bs ingredientai: Sud\u0117tyje n\u0117ra dirbtini\u0173 da\u017eikli\u0173, kvapi\u0173j\u0173 med\u017eiag\u0173 ar konservant\u0173, tod\u0117l konservai yra saug\u016bs ir nat\u016bral\u016bs.<\/span><\/li>\n<li style=\"font-weight: 400;\" aria-level=\"1\"><span style=\"font-weight: 400;\">Virta garuose: Maistas paruo\u0161tas garuose, kad i\u0161laikyt\u0173 visas naudingas maistines med\u017eiagas ir skon\u012f.<\/span><\/li>\n<li style=\"font-weight: 400;\" aria-level=\"1\"><span style=\"font-weight: 400;\">Taurinas ir vitaminai: Palaiko \u0161irdies, reg\u0117jimo ir bendr\u0105 sveikat\u0105, taip pat odos ir kailio b\u016bkl\u0119.<\/span><\/li>\n<li style=\"font-weight: 400;\" aria-level=\"1\"><span style=\"font-weight: 400;\">Be gr\u016bd\u0173: Tinka kat\u0117ms, kurios netoleruoja gr\u016bd\u0173 arba glitimo.<\/span><\/li>\n<\/ul>\n<p><span style=\"font-weight: 400;\">\u201eWet Original Cat\u201c konservai su kalakutiena yra puikus pasirinkimas j\u016bs\u0173 katei, u\u017etikrinantis sveik\u0105 ir subalansuot\u0105 mityb\u0105. Su \u0161iuo maistu j\u016bs\u0173 kat\u0117 gaus reikiamus baltymus, vitaminus ir mineralus, kad i\u0161likt\u0173 aktyvi ir sveika.<\/span><\/p>\n","protected":false},"excerpt":{"rendered":"<p><span style=\"font-weight: 400;\">Konservai kat\u0117ms su kalakutiena \u2013 maistingas ir subalansuotas pasirinkimas j\u016bs\u0173 katei. \u0160ie konservai yra be gr\u016bd\u0173, pagaminti i\u0161 nat\u016brali\u0173 ingredient\u0173, u\u017etikrinant, kad j\u016bs\u0173 kat\u0117 gaut\u0173 tik auk\u0161\u010diausios kokyb\u0117s maist\u0105.<\/span><\/p>\n","protected":false},"featured_media":11519,"template":"","meta":[],"product_brand":[],"product_cat":[114,102,116,344],"product_tag":[],"class_list":{"0":"post-11518","1":"product","2":"type-product","3":"status-publish","4":"has-post-thumbnail","6":"product_cat-kaciu-maistas","7":"product_cat-katems","8":"product_cat-konservai-katems","9":"product_cat-natures-variety-kaciu-maistas","10":"pa_prekinis-zenklas-natures-variety","12":"first","13":"instock","14":"taxable","15":"shipping-taxable","16":"purchasable","17":"product-type-variable"},"yoast_head":"<!-- This site is optimized with the Yoast SEO Premium plugin v27.1 (Yoast SEO v27.5) - https:\/\/yoast.com\/product\/yoast-seo-premium-wordpress\/ -->\n<title>Nature&#039;s Variety Wet Original Cat konservai 70g (kalakutiena) - anivet.lt<\/title>\n<meta name=\"description\" content=\"Konservai kat\u0117ms su kalakutiena \u2013 maistingas ir subalansuotas pasirinkimas j\u016bs\u0173 katei. \u0160ie konservai yra be gr\u016bd\u0173, pagaminti i\u0161 nat\u016brali\u0173 ingredient\u0173, u\u017etikrinant, kad j\u016bs\u0173 kat\u0117 gaut\u0173 tik auk\u0161\u010diausios kokyb\u0117s maist\u0105.\" \/>\n<meta name=\"robots\" content=\"index, follow, max-snippet:-1, max-image-preview:large, max-video-preview:-1\" \/>\n<link rel=\"canonical\" href=\"https:\/\/anivet.lt\/elparduotuve\/produktas\/wet-original-cat-konservai-70g-kalakutiena\/\" \/>\n<meta property=\"og:locale\" content=\"lt_LT\" \/>\n<meta property=\"og:type\" content=\"article\" \/>\n<meta property=\"og:title\" content=\"Nature&#039;s Variety Wet Original Cat konservai 70g (kalakutiena)\" \/>\n<meta property=\"og:description\" content=\"Konservai kat\u0117ms su kalakutiena \u2013 maistingas ir subalansuotas pasirinkimas j\u016bs\u0173 katei. \u0160ie konservai yra be gr\u016bd\u0173, pagaminti i\u0161 nat\u016brali\u0173 ingredient\u0173, u\u017etikrinant, kad j\u016bs\u0173 kat\u0117 gaut\u0173 tik auk\u0161\u010diausios kokyb\u0117s maist\u0105.\" \/>\n<meta property=\"og:url\" content=\"https:\/\/anivet.lt\/elparduotuve\/produktas\/wet-original-cat-konservai-70g-kalakutiena\/\" \/>\n<meta property=\"og:site_name\" content=\"anivet.lt\" \/>\n<meta property=\"article:modified_time\" content=\"2025-07-08T21:09:07+00:00\" \/>\n<meta property=\"og:image\" content=\"https:\/\/anivet.lt\/elparduotuve\/wp-content\/uploads\/2023\/08\/2565477973.png\" \/>\n\t<meta property=\"og:image:width\" content=\"1500\" \/>\n\t<meta property=\"og:image:height\" content=\"1500\" \/>\n\t<meta property=\"og:image:type\" content=\"image\/png\" \/>\n<meta name=\"twitter:card\" content=\"summary_large_image\" \/>\n<meta name=\"twitter:label1\" content=\"Est. reading time\" \/>\n\t<meta name=\"twitter:data1\" content=\"1 minut\u0117\" \/>\n<script type=\"application\/ld+json\" class=\"yoast-schema-graph\">{\"@context\":\"https:\\\/\\\/schema.org\",\"@graph\":[{\"@type\":\"WebPage\",\"@id\":\"https:\\\/\\\/anivet.lt\\\/elparduotuve\\\/produktas\\\/wet-original-cat-konservai-70g-kalakutiena\\\/\",\"url\":\"https:\\\/\\\/anivet.lt\\\/elparduotuve\\\/produktas\\\/wet-original-cat-konservai-70g-kalakutiena\\\/\",\"name\":\"Nature's Variety Wet Original Cat konservai 70g (kalakutiena) - anivet.lt\",\"isPartOf\":{\"@id\":\"https:\\\/\\\/anivet.lt\\\/elparduotuve\\\/#website\"},\"primaryImageOfPage\":{\"@id\":\"https:\\\/\\\/anivet.lt\\\/elparduotuve\\\/produktas\\\/wet-original-cat-konservai-70g-kalakutiena\\\/#primaryimage\"},\"image\":{\"@id\":\"https:\\\/\\\/anivet.lt\\\/elparduotuve\\\/produktas\\\/wet-original-cat-konservai-70g-kalakutiena\\\/#primaryimage\"},\"thumbnailUrl\":\"https:\\\/\\\/anivet.lt\\\/elparduotuve\\\/wp-content\\\/uploads\\\/2023\\\/08\\\/2565477973.png\",\"datePublished\":\"2023-08-28T08:57:07+00:00\",\"dateModified\":\"2025-07-08T21:09:07+00:00\",\"description\":\"Konservai kat\u0117ms su kalakutiena \u2013 maistingas ir subalansuotas pasirinkimas j\u016bs\u0173 katei. \u0160ie konservai yra be gr\u016bd\u0173, pagaminti i\u0161 nat\u016brali\u0173 ingredient\u0173, u\u017etikrinant, kad j\u016bs\u0173 kat\u0117 gaut\u0173 tik auk\u0161\u010diausios kokyb\u0117s maist\u0105.\",\"breadcrumb\":{\"@id\":\"https:\\\/\\\/anivet.lt\\\/elparduotuve\\\/produktas\\\/wet-original-cat-konservai-70g-kalakutiena\\\/#breadcrumb\"},\"inLanguage\":\"lt-LT\",\"potentialAction\":[{\"@type\":\"ReadAction\",\"target\":[\"https:\\\/\\\/anivet.lt\\\/elparduotuve\\\/produktas\\\/wet-original-cat-konservai-70g-kalakutiena\\\/\"]}]},{\"@type\":\"ImageObject\",\"inLanguage\":\"lt-LT\",\"@id\":\"https:\\\/\\\/anivet.lt\\\/elparduotuve\\\/produktas\\\/wet-original-cat-konservai-70g-kalakutiena\\\/#primaryimage\",\"url\":\"https:\\\/\\\/anivet.lt\\\/elparduotuve\\\/wp-content\\\/uploads\\\/2023\\\/08\\\/2565477973.png\",\"contentUrl\":\"https:\\\/\\\/anivet.lt\\\/elparduotuve\\\/wp-content\\\/uploads\\\/2023\\\/08\\\/2565477973.png\",\"width\":1500,\"height\":1500,\"caption\":\"Nature's Variety Wet Original Cat konservai 70g (kalakutiena)\"},{\"@type\":\"BreadcrumbList\",\"@id\":\"https:\\\/\\\/anivet.lt\\\/elparduotuve\\\/produktas\\\/wet-original-cat-konservai-70g-kalakutiena\\\/#breadcrumb\",\"itemListElement\":[{\"@type\":\"ListItem\",\"position\":1,\"name\":\"Home\",\"item\":\"https:\\\/\\\/anivet.lt\\\/elparduotuve\\\/\"},{\"@type\":\"ListItem\",\"position\":2,\"name\":\"Produktai\",\"item\":\"https:\\\/\\\/anivet.lt\\\/elparduotuve\\\/produktai\\\/\"},{\"@type\":\"ListItem\",\"position\":3,\"name\":\"Nature&#8217;s Variety Wet Original Cat konservai 70g (kalakutiena)\"}]},{\"@type\":\"WebSite\",\"@id\":\"https:\\\/\\\/anivet.lt\\\/elparduotuve\\\/#website\",\"url\":\"https:\\\/\\\/anivet.lt\\\/elparduotuve\\\/\",\"name\":\"anivet.lt\",\"description\":\"Viskas J\u016bs\u0173 \u0161uns, kat\u0117s prie\u017ei\u016brai\",\"publisher\":{\"@id\":\"https:\\\/\\\/anivet.lt\\\/elparduotuve\\\/#organization\"},\"alternateName\":\"Viskas J\u016bs\u0173 \u0161uns, kat\u0117s prie\u017ei\u016brai\",\"potentialAction\":[{\"@type\":\"SearchAction\",\"target\":{\"@type\":\"EntryPoint\",\"urlTemplate\":\"https:\\\/\\\/anivet.lt\\\/elparduotuve\\\/?s={search_term_string}\"},\"query-input\":{\"@type\":\"PropertyValueSpecification\",\"valueRequired\":true,\"valueName\":\"search_term_string\"}}],\"inLanguage\":\"lt-LT\"},{\"@type\":\"Organization\",\"@id\":\"https:\\\/\\\/anivet.lt\\\/elparduotuve\\\/#organization\",\"name\":\"Viskas J\u016bs\u0173 \u0161uns, kat\u0117s prie\u017ei\u016brai\",\"url\":\"https:\\\/\\\/anivet.lt\\\/elparduotuve\\\/\",\"logo\":{\"@type\":\"ImageObject\",\"inLanguage\":\"lt-LT\",\"@id\":\"https:\\\/\\\/anivet.lt\\\/elparduotuve\\\/#\\\/schema\\\/logo\\\/image\\\/\",\"url\":\"https:\\\/\\\/anivet.lt\\\/elparduotuve\\\/wp-content\\\/uploads\\\/2023\\\/06\\\/logo2.jpg\",\"contentUrl\":\"https:\\\/\\\/anivet.lt\\\/elparduotuve\\\/wp-content\\\/uploads\\\/2023\\\/06\\\/logo2.jpg\",\"width\":655,\"height\":194,\"caption\":\"Viskas J\u016bs\u0173 \u0161uns, kat\u0117s prie\u017ei\u016brai\"},\"image\":{\"@id\":\"https:\\\/\\\/anivet.lt\\\/elparduotuve\\\/#\\\/schema\\\/logo\\\/image\\\/\"}}]}<\/script>\n<!-- \/ Yoast SEO Premium plugin. -->","yoast_head_json":{"title":"Nature's Variety Wet Original Cat konservai 70g (kalakutiena) - anivet.lt","description":"Konservai kat\u0117ms su kalakutiena \u2013 maistingas ir subalansuotas pasirinkimas j\u016bs\u0173 katei. \u0160ie konservai yra be gr\u016bd\u0173, pagaminti i\u0161 nat\u016brali\u0173 ingredient\u0173, u\u017etikrinant, kad j\u016bs\u0173 kat\u0117 gaut\u0173 tik auk\u0161\u010diausios kokyb\u0117s maist\u0105.","robots":{"index":"index","follow":"follow","max-snippet":"max-snippet:-1","max-image-preview":"max-image-preview:large","max-video-preview":"max-video-preview:-1"},"canonical":"https:\/\/anivet.lt\/elparduotuve\/produktas\/wet-original-cat-konservai-70g-kalakutiena\/","og_locale":"lt_LT","og_type":"article","og_title":"Nature's Variety Wet Original Cat konservai 70g (kalakutiena)","og_description":"Konservai kat\u0117ms su kalakutiena \u2013 maistingas ir subalansuotas pasirinkimas j\u016bs\u0173 katei. \u0160ie konservai yra be gr\u016bd\u0173, pagaminti i\u0161 nat\u016brali\u0173 ingredient\u0173, u\u017etikrinant, kad j\u016bs\u0173 kat\u0117 gaut\u0173 tik auk\u0161\u010diausios kokyb\u0117s maist\u0105.","og_url":"https:\/\/anivet.lt\/elparduotuve\/produktas\/wet-original-cat-konservai-70g-kalakutiena\/","og_site_name":"anivet.lt","article_modified_time":"2025-07-08T21:09:07+00:00","og_image":[{"width":1500,"height":1500,"url":"https:\/\/anivet.lt\/elparduotuve\/wp-content\/uploads\/2023\/08\/2565477973.png","type":"image\/png"}],"twitter_card":"summary_large_image","twitter_misc":{"Est. reading time":"1 minut\u0117"},"schema":{"@context":"https:\/\/schema.org","@graph":[{"@type":"WebPage","@id":"https:\/\/anivet.lt\/elparduotuve\/produktas\/wet-original-cat-konservai-70g-kalakutiena\/","url":"https:\/\/anivet.lt\/elparduotuve\/produktas\/wet-original-cat-konservai-70g-kalakutiena\/","name":"Nature's Variety Wet Original Cat konservai 70g (kalakutiena) - anivet.lt","isPartOf":{"@id":"https:\/\/anivet.lt\/elparduotuve\/#website"},"primaryImageOfPage":{"@id":"https:\/\/anivet.lt\/elparduotuve\/produktas\/wet-original-cat-konservai-70g-kalakutiena\/#primaryimage"},"image":{"@id":"https:\/\/anivet.lt\/elparduotuve\/produktas\/wet-original-cat-konservai-70g-kalakutiena\/#primaryimage"},"thumbnailUrl":"https:\/\/anivet.lt\/elparduotuve\/wp-content\/uploads\/2023\/08\/2565477973.png","datePublished":"2023-08-28T08:57:07+00:00","dateModified":"2025-07-08T21:09:07+00:00","description":"Konservai kat\u0117ms su kalakutiena \u2013 maistingas ir subalansuotas pasirinkimas j\u016bs\u0173 katei. \u0160ie konservai yra be gr\u016bd\u0173, pagaminti i\u0161 nat\u016brali\u0173 ingredient\u0173, u\u017etikrinant, kad j\u016bs\u0173 kat\u0117 gaut\u0173 tik auk\u0161\u010diausios kokyb\u0117s maist\u0105.","breadcrumb":{"@id":"https:\/\/anivet.lt\/elparduotuve\/produktas\/wet-original-cat-konservai-70g-kalakutiena\/#breadcrumb"},"inLanguage":"lt-LT","potentialAction":[{"@type":"ReadAction","target":["https:\/\/anivet.lt\/elparduotuve\/produktas\/wet-original-cat-konservai-70g-kalakutiena\/"]}]},{"@type":"ImageObject","inLanguage":"lt-LT","@id":"https:\/\/anivet.lt\/elparduotuve\/produktas\/wet-original-cat-konservai-70g-kalakutiena\/#primaryimage","url":"https:\/\/anivet.lt\/elparduotuve\/wp-content\/uploads\/2023\/08\/2565477973.png","contentUrl":"https:\/\/anivet.lt\/elparduotuve\/wp-content\/uploads\/2023\/08\/2565477973.png","width":1500,"height":1500,"caption":"Nature's Variety Wet Original Cat konservai 70g (kalakutiena)"},{"@type":"BreadcrumbList","@id":"https:\/\/anivet.lt\/elparduotuve\/produktas\/wet-original-cat-konservai-70g-kalakutiena\/#breadcrumb","itemListElement":[{"@type":"ListItem","position":1,"name":"Home","item":"https:\/\/anivet.lt\/elparduotuve\/"},{"@type":"ListItem","position":2,"name":"Produktai","item":"https:\/\/anivet.lt\/elparduotuve\/produktai\/"},{"@type":"ListItem","position":3,"name":"Nature&#8217;s Variety Wet Original Cat konservai 70g (kalakutiena)"}]},{"@type":"WebSite","@id":"https:\/\/anivet.lt\/elparduotuve\/#website","url":"https:\/\/anivet.lt\/elparduotuve\/","name":"anivet.lt","description":"Viskas J\u016bs\u0173 \u0161uns, kat\u0117s prie\u017ei\u016brai","publisher":{"@id":"https:\/\/anivet.lt\/elparduotuve\/#organization"},"alternateName":"Viskas J\u016bs\u0173 \u0161uns, kat\u0117s prie\u017ei\u016brai","potentialAction":[{"@type":"SearchAction","target":{"@type":"EntryPoint","urlTemplate":"https:\/\/anivet.lt\/elparduotuve\/?s={search_term_string}"},"query-input":{"@type":"PropertyValueSpecification","valueRequired":true,"valueName":"search_term_string"}}],"inLanguage":"lt-LT"},{"@type":"Organization","@id":"https:\/\/anivet.lt\/elparduotuve\/#organization","name":"Viskas J\u016bs\u0173 \u0161uns, kat\u0117s prie\u017ei\u016brai","url":"https:\/\/anivet.lt\/elparduotuve\/","logo":{"@type":"ImageObject","inLanguage":"lt-LT","@id":"https:\/\/anivet.lt\/elparduotuve\/#\/schema\/logo\/image\/","url":"https:\/\/anivet.lt\/elparduotuve\/wp-content\/uploads\/2023\/06\/logo2.jpg","contentUrl":"https:\/\/anivet.lt\/elparduotuve\/wp-content\/uploads\/2023\/06\/logo2.jpg","width":655,"height":194,"caption":"Viskas J\u016bs\u0173 \u0161uns, kat\u0117s prie\u017ei\u016brai"},"image":{"@id":"https:\/\/anivet.lt\/elparduotuve\/#\/schema\/logo\/image\/"}}]}},"_links":{"self":[{"href":"https:\/\/anivet.lt\/elparduotuve\/wp-json\/wp\/v2\/product\/11518","targetHints":{"allow":["GET"]}}],"collection":[{"href":"https:\/\/anivet.lt\/elparduotuve\/wp-json\/wp\/v2\/product"}],"about":[{"href":"https:\/\/anivet.lt\/elparduotuve\/wp-json\/wp\/v2\/types\/product"}],"wp:featuredmedia":[{"embeddable":true,"href":"https:\/\/anivet.lt\/elparduotuve\/wp-json\/wp\/v2\/media\/11519"}],"wp:attachment":[{"href":"https:\/\/anivet.lt\/elparduotuve\/wp-json\/wp\/v2\/media?parent=11518"}],"wp:term":[{"taxonomy":"product_brand","embeddable":true,"href":"https:\/\/anivet.lt\/elparduotuve\/wp-json\/wp\/v2\/product_brand?post=11518"},{"taxonomy":"product_cat","embeddable":true,"href":"https:\/\/anivet.lt\/elparduotuve\/wp-json\/wp\/v2\/product_cat?post=11518"},{"taxonomy":"product_tag","embeddable":true,"href":"https:\/\/anivet.lt\/elparduotuve\/wp-json\/wp\/v2\/product_tag?post=11518"}],"curies":[{"name":"wp","href":"https:\/\/api.w.org\/{rel}","templated":true}]}}