{"id":11526,"date":"2023-09-08T09:50:45","date_gmt":"2023-09-08T09:50:45","guid":{"rendered":"https:\/\/anivet.lt\/elparduotuve\/?post_type=product&#038;p=11526"},"modified":"2025-05-27T13:18:52","modified_gmt":"2025-05-27T13:18:52","slug":"belocat-tofu-kaciu-kraikas-su-aktyvinta-anglimi-6l-25kg","status":"publish","type":"product","link":"https:\/\/anivet.lt\/elparduotuve\/produktas\/belocat-tofu-kaciu-kraikas-su-aktyvinta-anglimi-6l-25kg\/","title":{"rendered":"Belocat &#8222;TOFU&#8221; Ka\u010di\u0173 kraikas su aktyvinta anglimi 6L \/2,5kg"},"content":{"rendered":"<ul>\n<li style=\"font-weight: 400\"><span style=\"font-weight: 400\">Greitas dr\u0117gm\u0117s sug\u0117rimas ir efektyvus kvap\u0173 neutralizavimas.<\/span><\/li>\n<li style=\"font-weight: 400\"><span style=\"font-weight: 400\">Lengva prie\u017ei\u016bra: Kraikas su\u0161oka \u012f kietus grumstelius, kuriuos lengvai pa\u0161alinsite.<\/span><\/li>\n<li style=\"font-weight: 400\"><span style=\"font-weight: 400\">Tirpus vandenyje: Saugiai nuleid\u017eiamas \u012f tualet\u0105.<\/span><\/li>\n<li style=\"font-weight: 400\"><span style=\"font-weight: 400\">Nat\u016bralus ir saugus: Sud\u0117tyje n\u0117ra sintetini\u0173 pried\u0173 ir da\u017eikli\u0173.<\/span><\/li>\n<li style=\"font-weight: 400\"><span style=\"font-weight: 400\">Aktyvinta anglis: Dar efektyvesn\u0117 kvap\u0173 kontrol\u0117.<\/span><\/li>\n<li style=\"font-weight: 400\"><span style=\"font-weight: 400\">Ekologi\u0161kas sprendimas: Pagamintas i\u0161 \u017eirni\u0173 l\u0105stelienos, tvarus ir draugi\u0161kas aplinkai.<\/span><\/li>\n<li style=\"font-weight: 400\"><span style=\"font-weight: 400\">Tinka jautrioms kat\u0117ms: Nesukelia alergijos, nedulka.<\/span><\/li>\n<\/ul>\n<p><span style=\"font-weight: 400\">\u0160is kraikas su aktyvinta anglimi \u2013 tai ne tik patogus sprendimas j\u016bs\u0173 kat\u0117s tualeto higienai, bet ir ekologi\u0161kas pasirinkimas. Kraiko sud\u0117tyje n\u0117ra sintetini\u0173 med\u017eiag\u0173, tod\u0117l jis nekenksmingas augintinio sveikatai. Aktyvinta anglis u\u017etikrina ilgalaik\u012f kvap\u0173 neutralizavim\u0105, o tirpus vandenyje kraikas leid\u017eia lengvai ir tvariai tvarkytis su grumsteliais.\u00a0<\/span><\/p>\n","protected":false},"excerpt":{"rendered":"<p><span style=\"font-weight: 400\">Auk\u0161tos kokyb\u0117s, nat\u016bralios sud\u0117ties ka\u010di\u0173 kraikas, kuris greitai sugeria dr\u0117gm\u0119 ir neutralizuoja nemalonius kvapus. \u0160is kraikas idealiai tinka vis\u0173 veisli\u0173 ir am\u017eiaus kat\u0117ms, yra saugus ir patogus naudoti. Kraikas yra biologi\u0161kai suyrantis ir ekologi\u0161kas \u2013 draugi\u0161kas tiek j\u016bs\u0173 augintinei, tiek aplinkai.<\/span><\/p>\n","protected":false},"featured_media":11527,"template":"","meta":[],"product_brand":[],"product_cat":[102,119,228],"product_tag":[],"class_list":{"0":"post-11526","1":"product","2":"type-product","3":"status-publish","4":"has-post-thumbnail","6":"product_cat-katems","7":"product_cat-prieziuros-priemones-katems","8":"product_cat-kraikas","9":"pa_prekinis-zenklas-belocat","11":"first","12":"instock","13":"taxable","14":"shipping-taxable","15":"purchasable","16":"product-type-simple"},"yoast_head":"<!-- This site is optimized with the Yoast SEO Premium plugin v27.1 (Yoast SEO v27.5) - https:\/\/yoast.com\/product\/yoast-seo-premium-wordpress\/ -->\n<title>Belocat &quot;TOFU&quot; Ka\u010di\u0173 kraikas su aktyvinta anglimi 6L \/2,5kg - anivet.lt<\/title>\n<meta name=\"description\" content=\"Auk\u0161tos kokyb\u0117s, nat\u016bralios sud\u0117ties ka\u010di\u0173 kraikas, kuris greitai sugeria dr\u0117gm\u0119 ir neutralizuoja nemalonius kvapus. \u0160is kraikas idealiai tinka vis\u0173 veisli\u0173 ir am\u017eiaus kat\u0117ms, yra saugus ir patogus naudoti. Kraikas yra biologi\u0161kai suyrantis ir ekologi\u0161kas \u2013 draugi\u0161kas tiek j\u016bs\u0173 augintinei, tiek aplinkai.\" \/>\n<meta name=\"robots\" content=\"index, follow, max-snippet:-1, max-image-preview:large, max-video-preview:-1\" \/>\n<link rel=\"canonical\" href=\"https:\/\/anivet.lt\/elparduotuve\/produktas\/belocat-tofu-kaciu-kraikas-su-aktyvinta-anglimi-6l-25kg\/\" \/>\n<meta property=\"og:locale\" content=\"lt_LT\" \/>\n<meta property=\"og:type\" content=\"article\" \/>\n<meta property=\"og:title\" content=\"Belocat &quot;TOFU&quot; Ka\u010di\u0173 kraikas su aktyvinta anglimi 6L \/2,5kg\" \/>\n<meta property=\"og:description\" content=\"Auk\u0161tos kokyb\u0117s, nat\u016bralios sud\u0117ties ka\u010di\u0173 kraikas, kuris greitai sugeria dr\u0117gm\u0119 ir neutralizuoja nemalonius kvapus. \u0160is kraikas idealiai tinka vis\u0173 veisli\u0173 ir am\u017eiaus kat\u0117ms, yra saugus ir patogus naudoti. Kraikas yra biologi\u0161kai suyrantis ir ekologi\u0161kas \u2013 draugi\u0161kas tiek j\u016bs\u0173 augintinei, tiek aplinkai.\" \/>\n<meta property=\"og:url\" content=\"https:\/\/anivet.lt\/elparduotuve\/produktas\/belocat-tofu-kaciu-kraikas-su-aktyvinta-anglimi-6l-25kg\/\" \/>\n<meta property=\"og:site_name\" content=\"anivet.lt\" \/>\n<meta property=\"article:modified_time\" content=\"2025-05-27T13:18:52+00:00\" \/>\n<meta property=\"og:image\" content=\"https:\/\/anivet.lt\/elparduotuve\/wp-content\/uploads\/2023\/09\/belocat-tofu-aktyviosios-anglies-kvapo-kraikas-katems.jpg\" \/>\n\t<meta property=\"og:image:width\" content=\"551\" \/>\n\t<meta property=\"og:image:height\" content=\"589\" \/>\n\t<meta property=\"og:image:type\" content=\"image\/jpeg\" \/>\n<meta name=\"twitter:card\" content=\"summary_large_image\" \/>\n<meta name=\"twitter:label1\" content=\"Est. reading time\" \/>\n\t<meta name=\"twitter:data1\" content=\"1 minut\u0117\" \/>\n<script type=\"application\/ld+json\" class=\"yoast-schema-graph\">{\"@context\":\"https:\\\/\\\/schema.org\",\"@graph\":[{\"@type\":\"WebPage\",\"@id\":\"https:\\\/\\\/anivet.lt\\\/elparduotuve\\\/produktas\\\/belocat-tofu-kaciu-kraikas-su-aktyvinta-anglimi-6l-25kg\\\/\",\"url\":\"https:\\\/\\\/anivet.lt\\\/elparduotuve\\\/produktas\\\/belocat-tofu-kaciu-kraikas-su-aktyvinta-anglimi-6l-25kg\\\/\",\"name\":\"Belocat \\\"TOFU\\\" Ka\u010di\u0173 kraikas su aktyvinta anglimi 6L \\\/2,5kg - anivet.lt\",\"isPartOf\":{\"@id\":\"https:\\\/\\\/anivet.lt\\\/elparduotuve\\\/#website\"},\"primaryImageOfPage\":{\"@id\":\"https:\\\/\\\/anivet.lt\\\/elparduotuve\\\/produktas\\\/belocat-tofu-kaciu-kraikas-su-aktyvinta-anglimi-6l-25kg\\\/#primaryimage\"},\"image\":{\"@id\":\"https:\\\/\\\/anivet.lt\\\/elparduotuve\\\/produktas\\\/belocat-tofu-kaciu-kraikas-su-aktyvinta-anglimi-6l-25kg\\\/#primaryimage\"},\"thumbnailUrl\":\"https:\\\/\\\/anivet.lt\\\/elparduotuve\\\/wp-content\\\/uploads\\\/2023\\\/09\\\/belocat-tofu-aktyviosios-anglies-kvapo-kraikas-katems.jpg\",\"datePublished\":\"2023-09-08T09:50:45+00:00\",\"dateModified\":\"2025-05-27T13:18:52+00:00\",\"description\":\"Auk\u0161tos kokyb\u0117s, nat\u016bralios sud\u0117ties ka\u010di\u0173 kraikas, kuris greitai sugeria dr\u0117gm\u0119 ir neutralizuoja nemalonius kvapus. \u0160is kraikas idealiai tinka vis\u0173 veisli\u0173 ir am\u017eiaus kat\u0117ms, yra saugus ir patogus naudoti. Kraikas yra biologi\u0161kai suyrantis ir ekologi\u0161kas \u2013 draugi\u0161kas tiek j\u016bs\u0173 augintinei, tiek aplinkai.\",\"breadcrumb\":{\"@id\":\"https:\\\/\\\/anivet.lt\\\/elparduotuve\\\/produktas\\\/belocat-tofu-kaciu-kraikas-su-aktyvinta-anglimi-6l-25kg\\\/#breadcrumb\"},\"inLanguage\":\"lt-LT\",\"potentialAction\":[{\"@type\":\"ReadAction\",\"target\":[\"https:\\\/\\\/anivet.lt\\\/elparduotuve\\\/produktas\\\/belocat-tofu-kaciu-kraikas-su-aktyvinta-anglimi-6l-25kg\\\/\"]}]},{\"@type\":\"ImageObject\",\"inLanguage\":\"lt-LT\",\"@id\":\"https:\\\/\\\/anivet.lt\\\/elparduotuve\\\/produktas\\\/belocat-tofu-kaciu-kraikas-su-aktyvinta-anglimi-6l-25kg\\\/#primaryimage\",\"url\":\"https:\\\/\\\/anivet.lt\\\/elparduotuve\\\/wp-content\\\/uploads\\\/2023\\\/09\\\/belocat-tofu-aktyviosios-anglies-kvapo-kraikas-katems.jpg\",\"contentUrl\":\"https:\\\/\\\/anivet.lt\\\/elparduotuve\\\/wp-content\\\/uploads\\\/2023\\\/09\\\/belocat-tofu-aktyviosios-anglies-kvapo-kraikas-katems.jpg\",\"width\":551,\"height\":589,\"caption\":\"Belocat \\\"TOFU\\\" Ka\u010di\u0173 kraikas su aktyvinta anglimi 6L \\\/2,5kg\"},{\"@type\":\"BreadcrumbList\",\"@id\":\"https:\\\/\\\/anivet.lt\\\/elparduotuve\\\/produktas\\\/belocat-tofu-kaciu-kraikas-su-aktyvinta-anglimi-6l-25kg\\\/#breadcrumb\",\"itemListElement\":[{\"@type\":\"ListItem\",\"position\":1,\"name\":\"Home\",\"item\":\"https:\\\/\\\/anivet.lt\\\/elparduotuve\\\/\"},{\"@type\":\"ListItem\",\"position\":2,\"name\":\"Produktai\",\"item\":\"https:\\\/\\\/anivet.lt\\\/elparduotuve\\\/produktai\\\/\"},{\"@type\":\"ListItem\",\"position\":3,\"name\":\"Belocat &#8222;TOFU&#8221; Ka\u010di\u0173 kraikas su aktyvinta anglimi 6L \\\/2,5kg\"}]},{\"@type\":\"WebSite\",\"@id\":\"https:\\\/\\\/anivet.lt\\\/elparduotuve\\\/#website\",\"url\":\"https:\\\/\\\/anivet.lt\\\/elparduotuve\\\/\",\"name\":\"anivet.lt\",\"description\":\"Viskas J\u016bs\u0173 \u0161uns, kat\u0117s prie\u017ei\u016brai\",\"publisher\":{\"@id\":\"https:\\\/\\\/anivet.lt\\\/elparduotuve\\\/#organization\"},\"alternateName\":\"Viskas J\u016bs\u0173 \u0161uns, kat\u0117s prie\u017ei\u016brai\",\"potentialAction\":[{\"@type\":\"SearchAction\",\"target\":{\"@type\":\"EntryPoint\",\"urlTemplate\":\"https:\\\/\\\/anivet.lt\\\/elparduotuve\\\/?s={search_term_string}\"},\"query-input\":{\"@type\":\"PropertyValueSpecification\",\"valueRequired\":true,\"valueName\":\"search_term_string\"}}],\"inLanguage\":\"lt-LT\"},{\"@type\":\"Organization\",\"@id\":\"https:\\\/\\\/anivet.lt\\\/elparduotuve\\\/#organization\",\"name\":\"Viskas J\u016bs\u0173 \u0161uns, kat\u0117s prie\u017ei\u016brai\",\"url\":\"https:\\\/\\\/anivet.lt\\\/elparduotuve\\\/\",\"logo\":{\"@type\":\"ImageObject\",\"inLanguage\":\"lt-LT\",\"@id\":\"https:\\\/\\\/anivet.lt\\\/elparduotuve\\\/#\\\/schema\\\/logo\\\/image\\\/\",\"url\":\"https:\\\/\\\/anivet.lt\\\/elparduotuve\\\/wp-content\\\/uploads\\\/2023\\\/06\\\/logo2.jpg\",\"contentUrl\":\"https:\\\/\\\/anivet.lt\\\/elparduotuve\\\/wp-content\\\/uploads\\\/2023\\\/06\\\/logo2.jpg\",\"width\":655,\"height\":194,\"caption\":\"Viskas J\u016bs\u0173 \u0161uns, kat\u0117s prie\u017ei\u016brai\"},\"image\":{\"@id\":\"https:\\\/\\\/anivet.lt\\\/elparduotuve\\\/#\\\/schema\\\/logo\\\/image\\\/\"}}]}<\/script>\n<!-- \/ Yoast SEO Premium plugin. -->","yoast_head_json":{"title":"Belocat \"TOFU\" Ka\u010di\u0173 kraikas su aktyvinta anglimi 6L \/2,5kg - anivet.lt","description":"Auk\u0161tos kokyb\u0117s, nat\u016bralios sud\u0117ties ka\u010di\u0173 kraikas, kuris greitai sugeria dr\u0117gm\u0119 ir neutralizuoja nemalonius kvapus. \u0160is kraikas idealiai tinka vis\u0173 veisli\u0173 ir am\u017eiaus kat\u0117ms, yra saugus ir patogus naudoti. Kraikas yra biologi\u0161kai suyrantis ir ekologi\u0161kas \u2013 draugi\u0161kas tiek j\u016bs\u0173 augintinei, tiek aplinkai.","robots":{"index":"index","follow":"follow","max-snippet":"max-snippet:-1","max-image-preview":"max-image-preview:large","max-video-preview":"max-video-preview:-1"},"canonical":"https:\/\/anivet.lt\/elparduotuve\/produktas\/belocat-tofu-kaciu-kraikas-su-aktyvinta-anglimi-6l-25kg\/","og_locale":"lt_LT","og_type":"article","og_title":"Belocat \"TOFU\" Ka\u010di\u0173 kraikas su aktyvinta anglimi 6L \/2,5kg","og_description":"Auk\u0161tos kokyb\u0117s, nat\u016bralios sud\u0117ties ka\u010di\u0173 kraikas, kuris greitai sugeria dr\u0117gm\u0119 ir neutralizuoja nemalonius kvapus. \u0160is kraikas idealiai tinka vis\u0173 veisli\u0173 ir am\u017eiaus kat\u0117ms, yra saugus ir patogus naudoti. Kraikas yra biologi\u0161kai suyrantis ir ekologi\u0161kas \u2013 draugi\u0161kas tiek j\u016bs\u0173 augintinei, tiek aplinkai.","og_url":"https:\/\/anivet.lt\/elparduotuve\/produktas\/belocat-tofu-kaciu-kraikas-su-aktyvinta-anglimi-6l-25kg\/","og_site_name":"anivet.lt","article_modified_time":"2025-05-27T13:18:52+00:00","og_image":[{"width":551,"height":589,"url":"https:\/\/anivet.lt\/elparduotuve\/wp-content\/uploads\/2023\/09\/belocat-tofu-aktyviosios-anglies-kvapo-kraikas-katems.jpg","type":"image\/jpeg"}],"twitter_card":"summary_large_image","twitter_misc":{"Est. reading time":"1 minut\u0117"},"schema":{"@context":"https:\/\/schema.org","@graph":[{"@type":"WebPage","@id":"https:\/\/anivet.lt\/elparduotuve\/produktas\/belocat-tofu-kaciu-kraikas-su-aktyvinta-anglimi-6l-25kg\/","url":"https:\/\/anivet.lt\/elparduotuve\/produktas\/belocat-tofu-kaciu-kraikas-su-aktyvinta-anglimi-6l-25kg\/","name":"Belocat \"TOFU\" Ka\u010di\u0173 kraikas su aktyvinta anglimi 6L \/2,5kg - anivet.lt","isPartOf":{"@id":"https:\/\/anivet.lt\/elparduotuve\/#website"},"primaryImageOfPage":{"@id":"https:\/\/anivet.lt\/elparduotuve\/produktas\/belocat-tofu-kaciu-kraikas-su-aktyvinta-anglimi-6l-25kg\/#primaryimage"},"image":{"@id":"https:\/\/anivet.lt\/elparduotuve\/produktas\/belocat-tofu-kaciu-kraikas-su-aktyvinta-anglimi-6l-25kg\/#primaryimage"},"thumbnailUrl":"https:\/\/anivet.lt\/elparduotuve\/wp-content\/uploads\/2023\/09\/belocat-tofu-aktyviosios-anglies-kvapo-kraikas-katems.jpg","datePublished":"2023-09-08T09:50:45+00:00","dateModified":"2025-05-27T13:18:52+00:00","description":"Auk\u0161tos kokyb\u0117s, nat\u016bralios sud\u0117ties ka\u010di\u0173 kraikas, kuris greitai sugeria dr\u0117gm\u0119 ir neutralizuoja nemalonius kvapus. \u0160is kraikas idealiai tinka vis\u0173 veisli\u0173 ir am\u017eiaus kat\u0117ms, yra saugus ir patogus naudoti. Kraikas yra biologi\u0161kai suyrantis ir ekologi\u0161kas \u2013 draugi\u0161kas tiek j\u016bs\u0173 augintinei, tiek aplinkai.","breadcrumb":{"@id":"https:\/\/anivet.lt\/elparduotuve\/produktas\/belocat-tofu-kaciu-kraikas-su-aktyvinta-anglimi-6l-25kg\/#breadcrumb"},"inLanguage":"lt-LT","potentialAction":[{"@type":"ReadAction","target":["https:\/\/anivet.lt\/elparduotuve\/produktas\/belocat-tofu-kaciu-kraikas-su-aktyvinta-anglimi-6l-25kg\/"]}]},{"@type":"ImageObject","inLanguage":"lt-LT","@id":"https:\/\/anivet.lt\/elparduotuve\/produktas\/belocat-tofu-kaciu-kraikas-su-aktyvinta-anglimi-6l-25kg\/#primaryimage","url":"https:\/\/anivet.lt\/elparduotuve\/wp-content\/uploads\/2023\/09\/belocat-tofu-aktyviosios-anglies-kvapo-kraikas-katems.jpg","contentUrl":"https:\/\/anivet.lt\/elparduotuve\/wp-content\/uploads\/2023\/09\/belocat-tofu-aktyviosios-anglies-kvapo-kraikas-katems.jpg","width":551,"height":589,"caption":"Belocat \"TOFU\" Ka\u010di\u0173 kraikas su aktyvinta anglimi 6L \/2,5kg"},{"@type":"BreadcrumbList","@id":"https:\/\/anivet.lt\/elparduotuve\/produktas\/belocat-tofu-kaciu-kraikas-su-aktyvinta-anglimi-6l-25kg\/#breadcrumb","itemListElement":[{"@type":"ListItem","position":1,"name":"Home","item":"https:\/\/anivet.lt\/elparduotuve\/"},{"@type":"ListItem","position":2,"name":"Produktai","item":"https:\/\/anivet.lt\/elparduotuve\/produktai\/"},{"@type":"ListItem","position":3,"name":"Belocat &#8222;TOFU&#8221; Ka\u010di\u0173 kraikas su aktyvinta anglimi 6L \/2,5kg"}]},{"@type":"WebSite","@id":"https:\/\/anivet.lt\/elparduotuve\/#website","url":"https:\/\/anivet.lt\/elparduotuve\/","name":"anivet.lt","description":"Viskas J\u016bs\u0173 \u0161uns, kat\u0117s prie\u017ei\u016brai","publisher":{"@id":"https:\/\/anivet.lt\/elparduotuve\/#organization"},"alternateName":"Viskas J\u016bs\u0173 \u0161uns, kat\u0117s prie\u017ei\u016brai","potentialAction":[{"@type":"SearchAction","target":{"@type":"EntryPoint","urlTemplate":"https:\/\/anivet.lt\/elparduotuve\/?s={search_term_string}"},"query-input":{"@type":"PropertyValueSpecification","valueRequired":true,"valueName":"search_term_string"}}],"inLanguage":"lt-LT"},{"@type":"Organization","@id":"https:\/\/anivet.lt\/elparduotuve\/#organization","name":"Viskas J\u016bs\u0173 \u0161uns, kat\u0117s prie\u017ei\u016brai","url":"https:\/\/anivet.lt\/elparduotuve\/","logo":{"@type":"ImageObject","inLanguage":"lt-LT","@id":"https:\/\/anivet.lt\/elparduotuve\/#\/schema\/logo\/image\/","url":"https:\/\/anivet.lt\/elparduotuve\/wp-content\/uploads\/2023\/06\/logo2.jpg","contentUrl":"https:\/\/anivet.lt\/elparduotuve\/wp-content\/uploads\/2023\/06\/logo2.jpg","width":655,"height":194,"caption":"Viskas J\u016bs\u0173 \u0161uns, kat\u0117s prie\u017ei\u016brai"},"image":{"@id":"https:\/\/anivet.lt\/elparduotuve\/#\/schema\/logo\/image\/"}}]}},"_links":{"self":[{"href":"https:\/\/anivet.lt\/elparduotuve\/wp-json\/wp\/v2\/product\/11526","targetHints":{"allow":["GET"]}}],"collection":[{"href":"https:\/\/anivet.lt\/elparduotuve\/wp-json\/wp\/v2\/product"}],"about":[{"href":"https:\/\/anivet.lt\/elparduotuve\/wp-json\/wp\/v2\/types\/product"}],"wp:featuredmedia":[{"embeddable":true,"href":"https:\/\/anivet.lt\/elparduotuve\/wp-json\/wp\/v2\/media\/11527"}],"wp:attachment":[{"href":"https:\/\/anivet.lt\/elparduotuve\/wp-json\/wp\/v2\/media?parent=11526"}],"wp:term":[{"taxonomy":"product_brand","embeddable":true,"href":"https:\/\/anivet.lt\/elparduotuve\/wp-json\/wp\/v2\/product_brand?post=11526"},{"taxonomy":"product_cat","embeddable":true,"href":"https:\/\/anivet.lt\/elparduotuve\/wp-json\/wp\/v2\/product_cat?post=11526"},{"taxonomy":"product_tag","embeddable":true,"href":"https:\/\/anivet.lt\/elparduotuve\/wp-json\/wp\/v2\/product_tag?post=11526"}],"curies":[{"name":"wp","href":"https:\/\/api.w.org\/{rel}","templated":true}]}}