{"id":11531,"date":"2023-09-08T10:30:36","date_gmt":"2023-09-08T10:30:36","guid":{"rendered":"https:\/\/anivet.lt\/elparduotuve\/?post_type=product&#038;p=11531"},"modified":"2026-04-23T07:38:48","modified_gmt":"2026-04-23T07:38:48","slug":"belocat-tofu-kaciu-kraikas-persiku-kvapo-6l-25kg","status":"publish","type":"product","link":"https:\/\/anivet.lt\/elparduotuve\/produktas\/belocat-tofu-kaciu-kraikas-persiku-kvapo-6l-25kg\/","title":{"rendered":"Belocat \u201eTOFU\u201d Ka\u010di\u0173 kraikas persik\u0173 kvapo 6L \/2,5kg"},"content":{"rendered":"<ul>\n<li style=\"font-weight: 400;\"><span style=\"font-weight: 400;\">Nat\u016bralus ir saugus: Pagamintas i\u0161 \u017eirni\u0173 l\u0105stelienos, be sintetini\u0173 pried\u0173 ir da\u017eikli\u0173.<\/span><\/li>\n<li style=\"font-weight: 400;\"><span style=\"font-weight: 400;\">Ekologi\u0161kas: Tvarus ir draugi\u0161kas aplinkai.<\/span><\/li>\n<li style=\"font-weight: 400;\"><span style=\"font-weight: 400;\">Lengvai pa\u0161alinamas: Kraikas su\u0161oka \u012f kietus grumstelius, kuriuos lengva pa\u0161alinti.<\/span><\/li>\n<li style=\"font-weight: 400;\"><span style=\"font-weight: 400;\">Tirpus vandenyje: Saugiai nuleid\u017eiamas \u012f tualet\u0105.<\/span><\/li>\n<li style=\"font-weight: 400;\"><span style=\"font-weight: 400;\">Nedulkantis: Tinka jautrioms kat\u0117ms ir nesukelia alergij\u0173.<\/span><\/li>\n<li style=\"font-weight: 400;\"><span style=\"font-weight: 400;\">Malonus persik\u0173 kvapas: U\u017etikrina gaivi\u0105 ir maloni\u0105 aplink\u0105.<\/span><\/li>\n<\/ul>\n<p><span style=\"font-weight: 400;\">\u0160is ka\u010di\u0173 kraikas yra puikus pasirinkimas tiems, kurie ie\u0161ko saugaus ir ekologi\u0161ko sprendimo savo katei. Nat\u016brali sud\u0117tis ir nedulkanti tekst\u016bra u\u017etikrina j\u016bs\u0173 augintinio sveikat\u0105 bei komfort\u0105. Su\u0161okantys grumsteliai ir persik\u0173 aromatas palengvina kraiko valym\u0105 ir padeda palaikyti \u0161var\u0105 bei gaiv\u0105 namuose.<\/span><\/p>\n","protected":false},"excerpt":{"rendered":"<p><span style=\"font-weight: 400;\">Ekologi\u0161kas ir tvarus sprendimas j\u016bs\u0173 augintiniui. \u0160is persik\u0173 kvapo tofu kraikas pagamintas i\u0161 nat\u016brali\u0173 augalini\u0173 ingredient\u0173, yra draugi\u0161kas aplinkai, greitai sugeria dr\u0117gm\u0119 ir neutralizuoja nemalonius kvapus.<\/span><\/p>\n","protected":false},"featured_media":11532,"template":"","meta":[],"product_brand":[],"product_cat":[102,119,228],"product_tag":[],"class_list":{"0":"post-11531","1":"product","2":"type-product","3":"status-publish","4":"has-post-thumbnail","6":"product_cat-katems","7":"product_cat-prieziuros-priemones-katems","8":"product_cat-kraikas","9":"pa_prekinis-zenklas-belocat","11":"first","12":"instock","13":"sale","14":"taxable","15":"shipping-taxable","16":"purchasable","17":"product-type-simple"},"yoast_head":"<!-- This site is optimized with the Yoast SEO Premium plugin v27.1 (Yoast SEO v27.5) - https:\/\/yoast.com\/product\/yoast-seo-premium-wordpress\/ -->\n<title>Belocat \u201eTOFU\u201d Ka\u010di\u0173 kraikas persik\u0173 kvapo 6L \/2,5kg - anivet.lt<\/title>\n<meta name=\"description\" content=\"Ekologi\u0161kas ir tvarus sprendimas j\u016bs\u0173 augintiniui. \u0160is persik\u0173 kvapo tofu kraikas pagamintas i\u0161 nat\u016brali\u0173 augalini\u0173 ingredient\u0173, yra draugi\u0161kas aplinkai, greitai sugeria dr\u0117gm\u0119 ir neutralizuoja nemalonius kvapus.\" \/>\n<meta name=\"robots\" content=\"index, follow, max-snippet:-1, max-image-preview:large, max-video-preview:-1\" \/>\n<link rel=\"canonical\" href=\"https:\/\/anivet.lt\/elparduotuve\/produktas\/belocat-tofu-kaciu-kraikas-persiku-kvapo-6l-25kg\/\" \/>\n<meta property=\"og:locale\" content=\"lt_LT\" \/>\n<meta property=\"og:type\" content=\"article\" \/>\n<meta property=\"og:title\" content=\"Belocat \u201eTOFU\u201d Ka\u010di\u0173 kraikas persik\u0173 kvapo 6L \/2,5kg\" \/>\n<meta property=\"og:description\" content=\"Ekologi\u0161kas ir tvarus sprendimas j\u016bs\u0173 augintiniui. \u0160is persik\u0173 kvapo tofu kraikas pagamintas i\u0161 nat\u016brali\u0173 augalini\u0173 ingredient\u0173, yra draugi\u0161kas aplinkai, greitai sugeria dr\u0117gm\u0119 ir neutralizuoja nemalonius kvapus.\" \/>\n<meta property=\"og:url\" content=\"https:\/\/anivet.lt\/elparduotuve\/produktas\/belocat-tofu-kaciu-kraikas-persiku-kvapo-6l-25kg\/\" \/>\n<meta property=\"og:site_name\" content=\"anivet.lt\" \/>\n<meta property=\"article:modified_time\" content=\"2026-04-23T07:38:48+00:00\" \/>\n<meta property=\"og:image\" content=\"https:\/\/anivet.lt\/elparduotuve\/wp-content\/uploads\/2023\/09\/belocat-tofu-persiku-kvapo-kraikas-katems.jpg\" \/>\n\t<meta property=\"og:image:width\" content=\"483\" \/>\n\t<meta property=\"og:image:height\" content=\"597\" \/>\n\t<meta property=\"og:image:type\" content=\"image\/jpeg\" \/>\n<meta name=\"twitter:card\" content=\"summary_large_image\" \/>\n<meta name=\"twitter:label1\" content=\"Est. reading time\" \/>\n\t<meta name=\"twitter:data1\" content=\"1 minut\u0117\" \/>\n<script type=\"application\/ld+json\" class=\"yoast-schema-graph\">{\"@context\":\"https:\\\/\\\/schema.org\",\"@graph\":[{\"@type\":\"WebPage\",\"@id\":\"https:\\\/\\\/anivet.lt\\\/elparduotuve\\\/produktas\\\/belocat-tofu-kaciu-kraikas-persiku-kvapo-6l-25kg\\\/\",\"url\":\"https:\\\/\\\/anivet.lt\\\/elparduotuve\\\/produktas\\\/belocat-tofu-kaciu-kraikas-persiku-kvapo-6l-25kg\\\/\",\"name\":\"Belocat \u201eTOFU\u201d Ka\u010di\u0173 kraikas persik\u0173 kvapo 6L \\\/2,5kg - anivet.lt\",\"isPartOf\":{\"@id\":\"https:\\\/\\\/anivet.lt\\\/elparduotuve\\\/#website\"},\"primaryImageOfPage\":{\"@id\":\"https:\\\/\\\/anivet.lt\\\/elparduotuve\\\/produktas\\\/belocat-tofu-kaciu-kraikas-persiku-kvapo-6l-25kg\\\/#primaryimage\"},\"image\":{\"@id\":\"https:\\\/\\\/anivet.lt\\\/elparduotuve\\\/produktas\\\/belocat-tofu-kaciu-kraikas-persiku-kvapo-6l-25kg\\\/#primaryimage\"},\"thumbnailUrl\":\"https:\\\/\\\/anivet.lt\\\/elparduotuve\\\/wp-content\\\/uploads\\\/2023\\\/09\\\/belocat-tofu-persiku-kvapo-kraikas-katems.jpg\",\"datePublished\":\"2023-09-08T10:30:36+00:00\",\"dateModified\":\"2026-04-23T07:38:48+00:00\",\"description\":\"Ekologi\u0161kas ir tvarus sprendimas j\u016bs\u0173 augintiniui. \u0160is persik\u0173 kvapo tofu kraikas pagamintas i\u0161 nat\u016brali\u0173 augalini\u0173 ingredient\u0173, yra draugi\u0161kas aplinkai, greitai sugeria dr\u0117gm\u0119 ir neutralizuoja nemalonius kvapus.\",\"breadcrumb\":{\"@id\":\"https:\\\/\\\/anivet.lt\\\/elparduotuve\\\/produktas\\\/belocat-tofu-kaciu-kraikas-persiku-kvapo-6l-25kg\\\/#breadcrumb\"},\"inLanguage\":\"lt-LT\",\"potentialAction\":[{\"@type\":\"ReadAction\",\"target\":[\"https:\\\/\\\/anivet.lt\\\/elparduotuve\\\/produktas\\\/belocat-tofu-kaciu-kraikas-persiku-kvapo-6l-25kg\\\/\"]}]},{\"@type\":\"ImageObject\",\"inLanguage\":\"lt-LT\",\"@id\":\"https:\\\/\\\/anivet.lt\\\/elparduotuve\\\/produktas\\\/belocat-tofu-kaciu-kraikas-persiku-kvapo-6l-25kg\\\/#primaryimage\",\"url\":\"https:\\\/\\\/anivet.lt\\\/elparduotuve\\\/wp-content\\\/uploads\\\/2023\\\/09\\\/belocat-tofu-persiku-kvapo-kraikas-katems.jpg\",\"contentUrl\":\"https:\\\/\\\/anivet.lt\\\/elparduotuve\\\/wp-content\\\/uploads\\\/2023\\\/09\\\/belocat-tofu-persiku-kvapo-kraikas-katems.jpg\",\"width\":483,\"height\":597,\"caption\":\"Belocat \u201eTOFU\u201d Ka\u010di\u0173 kraikas persik\u0173 kvapo 6L \\\/2,5kg\"},{\"@type\":\"BreadcrumbList\",\"@id\":\"https:\\\/\\\/anivet.lt\\\/elparduotuve\\\/produktas\\\/belocat-tofu-kaciu-kraikas-persiku-kvapo-6l-25kg\\\/#breadcrumb\",\"itemListElement\":[{\"@type\":\"ListItem\",\"position\":1,\"name\":\"Home\",\"item\":\"https:\\\/\\\/anivet.lt\\\/elparduotuve\\\/\"},{\"@type\":\"ListItem\",\"position\":2,\"name\":\"Produktai\",\"item\":\"https:\\\/\\\/anivet.lt\\\/elparduotuve\\\/produktai\\\/\"},{\"@type\":\"ListItem\",\"position\":3,\"name\":\"Belocat \u201eTOFU\u201d Ka\u010di\u0173 kraikas persik\u0173 kvapo 6L \\\/2,5kg\"}]},{\"@type\":\"WebSite\",\"@id\":\"https:\\\/\\\/anivet.lt\\\/elparduotuve\\\/#website\",\"url\":\"https:\\\/\\\/anivet.lt\\\/elparduotuve\\\/\",\"name\":\"anivet.lt\",\"description\":\"Viskas J\u016bs\u0173 \u0161uns, kat\u0117s prie\u017ei\u016brai\",\"publisher\":{\"@id\":\"https:\\\/\\\/anivet.lt\\\/elparduotuve\\\/#organization\"},\"alternateName\":\"Viskas J\u016bs\u0173 \u0161uns, kat\u0117s prie\u017ei\u016brai\",\"potentialAction\":[{\"@type\":\"SearchAction\",\"target\":{\"@type\":\"EntryPoint\",\"urlTemplate\":\"https:\\\/\\\/anivet.lt\\\/elparduotuve\\\/?s={search_term_string}\"},\"query-input\":{\"@type\":\"PropertyValueSpecification\",\"valueRequired\":true,\"valueName\":\"search_term_string\"}}],\"inLanguage\":\"lt-LT\"},{\"@type\":\"Organization\",\"@id\":\"https:\\\/\\\/anivet.lt\\\/elparduotuve\\\/#organization\",\"name\":\"Viskas J\u016bs\u0173 \u0161uns, kat\u0117s prie\u017ei\u016brai\",\"url\":\"https:\\\/\\\/anivet.lt\\\/elparduotuve\\\/\",\"logo\":{\"@type\":\"ImageObject\",\"inLanguage\":\"lt-LT\",\"@id\":\"https:\\\/\\\/anivet.lt\\\/elparduotuve\\\/#\\\/schema\\\/logo\\\/image\\\/\",\"url\":\"https:\\\/\\\/anivet.lt\\\/elparduotuve\\\/wp-content\\\/uploads\\\/2023\\\/06\\\/logo2.jpg\",\"contentUrl\":\"https:\\\/\\\/anivet.lt\\\/elparduotuve\\\/wp-content\\\/uploads\\\/2023\\\/06\\\/logo2.jpg\",\"width\":655,\"height\":194,\"caption\":\"Viskas J\u016bs\u0173 \u0161uns, kat\u0117s prie\u017ei\u016brai\"},\"image\":{\"@id\":\"https:\\\/\\\/anivet.lt\\\/elparduotuve\\\/#\\\/schema\\\/logo\\\/image\\\/\"}}]}<\/script>\n<!-- \/ Yoast SEO Premium plugin. -->","yoast_head_json":{"title":"Belocat \u201eTOFU\u201d Ka\u010di\u0173 kraikas persik\u0173 kvapo 6L \/2,5kg - anivet.lt","description":"Ekologi\u0161kas ir tvarus sprendimas j\u016bs\u0173 augintiniui. \u0160is persik\u0173 kvapo tofu kraikas pagamintas i\u0161 nat\u016brali\u0173 augalini\u0173 ingredient\u0173, yra draugi\u0161kas aplinkai, greitai sugeria dr\u0117gm\u0119 ir neutralizuoja nemalonius kvapus.","robots":{"index":"index","follow":"follow","max-snippet":"max-snippet:-1","max-image-preview":"max-image-preview:large","max-video-preview":"max-video-preview:-1"},"canonical":"https:\/\/anivet.lt\/elparduotuve\/produktas\/belocat-tofu-kaciu-kraikas-persiku-kvapo-6l-25kg\/","og_locale":"lt_LT","og_type":"article","og_title":"Belocat \u201eTOFU\u201d Ka\u010di\u0173 kraikas persik\u0173 kvapo 6L \/2,5kg","og_description":"Ekologi\u0161kas ir tvarus sprendimas j\u016bs\u0173 augintiniui. \u0160is persik\u0173 kvapo tofu kraikas pagamintas i\u0161 nat\u016brali\u0173 augalini\u0173 ingredient\u0173, yra draugi\u0161kas aplinkai, greitai sugeria dr\u0117gm\u0119 ir neutralizuoja nemalonius kvapus.","og_url":"https:\/\/anivet.lt\/elparduotuve\/produktas\/belocat-tofu-kaciu-kraikas-persiku-kvapo-6l-25kg\/","og_site_name":"anivet.lt","article_modified_time":"2026-04-23T07:38:48+00:00","og_image":[{"width":483,"height":597,"url":"https:\/\/anivet.lt\/elparduotuve\/wp-content\/uploads\/2023\/09\/belocat-tofu-persiku-kvapo-kraikas-katems.jpg","type":"image\/jpeg"}],"twitter_card":"summary_large_image","twitter_misc":{"Est. reading time":"1 minut\u0117"},"schema":{"@context":"https:\/\/schema.org","@graph":[{"@type":"WebPage","@id":"https:\/\/anivet.lt\/elparduotuve\/produktas\/belocat-tofu-kaciu-kraikas-persiku-kvapo-6l-25kg\/","url":"https:\/\/anivet.lt\/elparduotuve\/produktas\/belocat-tofu-kaciu-kraikas-persiku-kvapo-6l-25kg\/","name":"Belocat \u201eTOFU\u201d Ka\u010di\u0173 kraikas persik\u0173 kvapo 6L \/2,5kg - anivet.lt","isPartOf":{"@id":"https:\/\/anivet.lt\/elparduotuve\/#website"},"primaryImageOfPage":{"@id":"https:\/\/anivet.lt\/elparduotuve\/produktas\/belocat-tofu-kaciu-kraikas-persiku-kvapo-6l-25kg\/#primaryimage"},"image":{"@id":"https:\/\/anivet.lt\/elparduotuve\/produktas\/belocat-tofu-kaciu-kraikas-persiku-kvapo-6l-25kg\/#primaryimage"},"thumbnailUrl":"https:\/\/anivet.lt\/elparduotuve\/wp-content\/uploads\/2023\/09\/belocat-tofu-persiku-kvapo-kraikas-katems.jpg","datePublished":"2023-09-08T10:30:36+00:00","dateModified":"2026-04-23T07:38:48+00:00","description":"Ekologi\u0161kas ir tvarus sprendimas j\u016bs\u0173 augintiniui. \u0160is persik\u0173 kvapo tofu kraikas pagamintas i\u0161 nat\u016brali\u0173 augalini\u0173 ingredient\u0173, yra draugi\u0161kas aplinkai, greitai sugeria dr\u0117gm\u0119 ir neutralizuoja nemalonius kvapus.","breadcrumb":{"@id":"https:\/\/anivet.lt\/elparduotuve\/produktas\/belocat-tofu-kaciu-kraikas-persiku-kvapo-6l-25kg\/#breadcrumb"},"inLanguage":"lt-LT","potentialAction":[{"@type":"ReadAction","target":["https:\/\/anivet.lt\/elparduotuve\/produktas\/belocat-tofu-kaciu-kraikas-persiku-kvapo-6l-25kg\/"]}]},{"@type":"ImageObject","inLanguage":"lt-LT","@id":"https:\/\/anivet.lt\/elparduotuve\/produktas\/belocat-tofu-kaciu-kraikas-persiku-kvapo-6l-25kg\/#primaryimage","url":"https:\/\/anivet.lt\/elparduotuve\/wp-content\/uploads\/2023\/09\/belocat-tofu-persiku-kvapo-kraikas-katems.jpg","contentUrl":"https:\/\/anivet.lt\/elparduotuve\/wp-content\/uploads\/2023\/09\/belocat-tofu-persiku-kvapo-kraikas-katems.jpg","width":483,"height":597,"caption":"Belocat \u201eTOFU\u201d Ka\u010di\u0173 kraikas persik\u0173 kvapo 6L \/2,5kg"},{"@type":"BreadcrumbList","@id":"https:\/\/anivet.lt\/elparduotuve\/produktas\/belocat-tofu-kaciu-kraikas-persiku-kvapo-6l-25kg\/#breadcrumb","itemListElement":[{"@type":"ListItem","position":1,"name":"Home","item":"https:\/\/anivet.lt\/elparduotuve\/"},{"@type":"ListItem","position":2,"name":"Produktai","item":"https:\/\/anivet.lt\/elparduotuve\/produktai\/"},{"@type":"ListItem","position":3,"name":"Belocat \u201eTOFU\u201d Ka\u010di\u0173 kraikas persik\u0173 kvapo 6L \/2,5kg"}]},{"@type":"WebSite","@id":"https:\/\/anivet.lt\/elparduotuve\/#website","url":"https:\/\/anivet.lt\/elparduotuve\/","name":"anivet.lt","description":"Viskas J\u016bs\u0173 \u0161uns, kat\u0117s prie\u017ei\u016brai","publisher":{"@id":"https:\/\/anivet.lt\/elparduotuve\/#organization"},"alternateName":"Viskas J\u016bs\u0173 \u0161uns, kat\u0117s prie\u017ei\u016brai","potentialAction":[{"@type":"SearchAction","target":{"@type":"EntryPoint","urlTemplate":"https:\/\/anivet.lt\/elparduotuve\/?s={search_term_string}"},"query-input":{"@type":"PropertyValueSpecification","valueRequired":true,"valueName":"search_term_string"}}],"inLanguage":"lt-LT"},{"@type":"Organization","@id":"https:\/\/anivet.lt\/elparduotuve\/#organization","name":"Viskas J\u016bs\u0173 \u0161uns, kat\u0117s prie\u017ei\u016brai","url":"https:\/\/anivet.lt\/elparduotuve\/","logo":{"@type":"ImageObject","inLanguage":"lt-LT","@id":"https:\/\/anivet.lt\/elparduotuve\/#\/schema\/logo\/image\/","url":"https:\/\/anivet.lt\/elparduotuve\/wp-content\/uploads\/2023\/06\/logo2.jpg","contentUrl":"https:\/\/anivet.lt\/elparduotuve\/wp-content\/uploads\/2023\/06\/logo2.jpg","width":655,"height":194,"caption":"Viskas J\u016bs\u0173 \u0161uns, kat\u0117s prie\u017ei\u016brai"},"image":{"@id":"https:\/\/anivet.lt\/elparduotuve\/#\/schema\/logo\/image\/"}}]}},"_links":{"self":[{"href":"https:\/\/anivet.lt\/elparduotuve\/wp-json\/wp\/v2\/product\/11531","targetHints":{"allow":["GET"]}}],"collection":[{"href":"https:\/\/anivet.lt\/elparduotuve\/wp-json\/wp\/v2\/product"}],"about":[{"href":"https:\/\/anivet.lt\/elparduotuve\/wp-json\/wp\/v2\/types\/product"}],"wp:featuredmedia":[{"embeddable":true,"href":"https:\/\/anivet.lt\/elparduotuve\/wp-json\/wp\/v2\/media\/11532"}],"wp:attachment":[{"href":"https:\/\/anivet.lt\/elparduotuve\/wp-json\/wp\/v2\/media?parent=11531"}],"wp:term":[{"taxonomy":"product_brand","embeddable":true,"href":"https:\/\/anivet.lt\/elparduotuve\/wp-json\/wp\/v2\/product_brand?post=11531"},{"taxonomy":"product_cat","embeddable":true,"href":"https:\/\/anivet.lt\/elparduotuve\/wp-json\/wp\/v2\/product_cat?post=11531"},{"taxonomy":"product_tag","embeddable":true,"href":"https:\/\/anivet.lt\/elparduotuve\/wp-json\/wp\/v2\/product_tag?post=11531"}],"curies":[{"name":"wp","href":"https:\/\/api.w.org\/{rel}","templated":true}]}}