{"id":11537,"date":"2023-09-08T10:39:09","date_gmt":"2023-09-08T10:39:09","guid":{"rendered":"https:\/\/anivet.lt\/elparduotuve\/?post_type=product&#038;p=11537"},"modified":"2026-04-23T07:37:13","modified_gmt":"2026-04-23T07:37:13","slug":"belocat-tofu-kaciu-kraikas-zaliosios-arbatos-kvapo-6l-25kg","status":"publish","type":"product","link":"https:\/\/anivet.lt\/elparduotuve\/produktas\/belocat-tofu-kaciu-kraikas-zaliosios-arbatos-kvapo-6l-25kg\/","title":{"rendered":"Belocat \u201eTOFU\u201d Ka\u010di\u0173 kraikas \u017ealiosios arbatos kvapo 6L \/2,5kg"},"content":{"rendered":"<p><span style=\"font-weight: 400;\">Nat\u016bralus augalinis kraikas, pagamintas i\u0161 \u017eirni\u0173 l\u0105stelienos, idealiai tinka vis\u0173 veisli\u0173 ir am\u017eiaus kat\u0117ms. \u0160is tvarus ir ekologi\u0161kas produktas greitai sugeria dr\u0117gm\u0119, neutralizuoja kvapus ir yra lengvai valomas.<\/span><\/p>\n<ul>\n<li style=\"font-weight: 400;\"><span style=\"font-weight: 400;\">Nat\u016brali sud\u0117tis: Pagamintas i\u0161 100 % \u017eirni\u0173 l\u0105stelienos, be sintetini\u0173 pried\u0173 ar da\u017eikli\u0173.<\/span><\/li>\n<li style=\"font-weight: 400;\"><span style=\"font-weight: 400;\">Tvarumas: Biologi\u0161kai skaidus, galima kompostuoti arba saugiai nuleisti \u012f tualet\u0105.<\/span><\/li>\n<li style=\"font-weight: 400;\"><span style=\"font-weight: 400;\">Kvap\u0173 neutralizavimas: Efektyviai pa\u0161alina nemalonius kvapus.<\/span><\/li>\n<li style=\"font-weight: 400;\"><span style=\"font-weight: 400;\">Patogumas: Greitai su\u0161oka \u012f tvirtus grumstelius, kuriuos lengva pa\u0161alinti.<\/span><\/li>\n<li style=\"font-weight: 400;\"><span style=\"font-weight: 400;\">Saugu: Nedulka, nesukelia alergijos, tinka jautrioms kat\u0117ms.<\/span><\/li>\n<li style=\"font-weight: 400;\"><span style=\"font-weight: 400;\">Malonus \u017ealiosios arbatos kvapas: Suteikia gaivos ir \u0161varos poj\u016bt\u012f.<\/span><\/li>\n<\/ul>\n<p><span style=\"font-weight: 400;\">\u201eBelocat TOFU\u201c kraikas yra ne tik prakti\u0161kas, bet ir draugi\u0161kas aplinkai pasirinkimas. Jo nat\u016brali sud\u0117tis u\u017etikrina saugum\u0105 tiek j\u016bs\u0173 augintiniui, tiek aplinkai, o lengvas naudojimas ir puikus kvap\u0173 neutralizavimas palengvina kasdien\u0119 prie\u017ei\u016br\u0105. Tvarus sprendimas, atitinkantis j\u016bs\u0173 kat\u0117s poreikius ir \u0161iuolaikinio gyvenimo b\u016bdo reikalavimus.<\/span><\/p>\n","protected":false},"excerpt":{"rendered":"<p>Nat\u016bralus augalinis kraikas, pagamintas i\u0161 \u017eirni\u0173 l\u0105stelienos, idealiai tinka vis\u0173 veisli\u0173 ir am\u017eiaus kat\u0117ms. \u0160is tvarus ir ekologi\u0161kas produktas greitai<\/p>\n","protected":false},"featured_media":11538,"template":"","meta":[],"product_brand":[],"product_cat":[102,119,228],"product_tag":[],"class_list":{"0":"post-11537","1":"product","2":"type-product","3":"status-publish","4":"has-post-thumbnail","6":"product_cat-katems","7":"product_cat-prieziuros-priemones-katems","8":"product_cat-kraikas","9":"pa_prekinis-zenklas-belocat","11":"first","12":"instock","13":"sale","14":"taxable","15":"shipping-taxable","16":"purchasable","17":"product-type-simple"},"yoast_head":"<!-- This site is optimized with the Yoast SEO Premium plugin v27.1 (Yoast SEO v27.5) - https:\/\/yoast.com\/product\/yoast-seo-premium-wordpress\/ -->\n<title>Belocat \u201eTOFU\u201d Ka\u010di\u0173 kraikas \u017ealiosios arbatos kvapo 6L \/2,5kg - anivet.lt<\/title>\n<meta name=\"description\" content=\"Nat\u016bralus augalinis kraikas, pagamintas i\u0161 \u017eirni\u0173 l\u0105stelienos, idealiai tinka vis\u0173 veisli\u0173 ir am\u017eiaus kat\u0117ms. \u0160is tvarus ir ekologi\u0161kas produktas greitai\" \/>\n<meta name=\"robots\" content=\"index, follow, max-snippet:-1, max-image-preview:large, max-video-preview:-1\" \/>\n<link rel=\"canonical\" href=\"https:\/\/anivet.lt\/elparduotuve\/produktas\/belocat-tofu-kaciu-kraikas-zaliosios-arbatos-kvapo-6l-25kg\/\" \/>\n<meta property=\"og:locale\" content=\"lt_LT\" \/>\n<meta property=\"og:type\" content=\"article\" \/>\n<meta property=\"og:title\" content=\"Belocat \u201eTOFU\u201d Ka\u010di\u0173 kraikas \u017ealiosios arbatos kvapo 6L \/2,5kg\" \/>\n<meta property=\"og:description\" content=\"Nat\u016bralus augalinis kraikas, pagamintas i\u0161 \u017eirni\u0173 l\u0105stelienos, idealiai tinka vis\u0173 veisli\u0173 ir am\u017eiaus kat\u0117ms. \u0160is tvarus ir ekologi\u0161kas produktas greitai\" \/>\n<meta property=\"og:url\" content=\"https:\/\/anivet.lt\/elparduotuve\/produktas\/belocat-tofu-kaciu-kraikas-zaliosios-arbatos-kvapo-6l-25kg\/\" \/>\n<meta property=\"og:site_name\" content=\"anivet.lt\" \/>\n<meta property=\"article:modified_time\" content=\"2026-04-23T07:37:13+00:00\" \/>\n<meta property=\"og:image\" content=\"https:\/\/anivet.lt\/elparduotuve\/wp-content\/uploads\/2023\/09\/belocat-tofu-zaliosios-arbatos-kvapo-kraikas-katems.jpg\" \/>\n\t<meta property=\"og:image:width\" content=\"507\" \/>\n\t<meta property=\"og:image:height\" content=\"588\" \/>\n\t<meta property=\"og:image:type\" content=\"image\/jpeg\" \/>\n<meta name=\"twitter:card\" content=\"summary_large_image\" \/>\n<meta name=\"twitter:label1\" content=\"Est. reading time\" \/>\n\t<meta name=\"twitter:data1\" content=\"1 minut\u0117\" \/>\n<script type=\"application\/ld+json\" class=\"yoast-schema-graph\">{\"@context\":\"https:\\\/\\\/schema.org\",\"@graph\":[{\"@type\":\"WebPage\",\"@id\":\"https:\\\/\\\/anivet.lt\\\/elparduotuve\\\/produktas\\\/belocat-tofu-kaciu-kraikas-zaliosios-arbatos-kvapo-6l-25kg\\\/\",\"url\":\"https:\\\/\\\/anivet.lt\\\/elparduotuve\\\/produktas\\\/belocat-tofu-kaciu-kraikas-zaliosios-arbatos-kvapo-6l-25kg\\\/\",\"name\":\"Belocat \u201eTOFU\u201d Ka\u010di\u0173 kraikas \u017ealiosios arbatos kvapo 6L \\\/2,5kg - anivet.lt\",\"isPartOf\":{\"@id\":\"https:\\\/\\\/anivet.lt\\\/elparduotuve\\\/#website\"},\"primaryImageOfPage\":{\"@id\":\"https:\\\/\\\/anivet.lt\\\/elparduotuve\\\/produktas\\\/belocat-tofu-kaciu-kraikas-zaliosios-arbatos-kvapo-6l-25kg\\\/#primaryimage\"},\"image\":{\"@id\":\"https:\\\/\\\/anivet.lt\\\/elparduotuve\\\/produktas\\\/belocat-tofu-kaciu-kraikas-zaliosios-arbatos-kvapo-6l-25kg\\\/#primaryimage\"},\"thumbnailUrl\":\"https:\\\/\\\/anivet.lt\\\/elparduotuve\\\/wp-content\\\/uploads\\\/2023\\\/09\\\/belocat-tofu-zaliosios-arbatos-kvapo-kraikas-katems.jpg\",\"datePublished\":\"2023-09-08T10:39:09+00:00\",\"dateModified\":\"2026-04-23T07:37:13+00:00\",\"description\":\"Nat\u016bralus augalinis kraikas, pagamintas i\u0161 \u017eirni\u0173 l\u0105stelienos, idealiai tinka vis\u0173 veisli\u0173 ir am\u017eiaus kat\u0117ms. \u0160is tvarus ir ekologi\u0161kas produktas greitai\",\"breadcrumb\":{\"@id\":\"https:\\\/\\\/anivet.lt\\\/elparduotuve\\\/produktas\\\/belocat-tofu-kaciu-kraikas-zaliosios-arbatos-kvapo-6l-25kg\\\/#breadcrumb\"},\"inLanguage\":\"lt-LT\",\"potentialAction\":[{\"@type\":\"ReadAction\",\"target\":[\"https:\\\/\\\/anivet.lt\\\/elparduotuve\\\/produktas\\\/belocat-tofu-kaciu-kraikas-zaliosios-arbatos-kvapo-6l-25kg\\\/\"]}]},{\"@type\":\"ImageObject\",\"inLanguage\":\"lt-LT\",\"@id\":\"https:\\\/\\\/anivet.lt\\\/elparduotuve\\\/produktas\\\/belocat-tofu-kaciu-kraikas-zaliosios-arbatos-kvapo-6l-25kg\\\/#primaryimage\",\"url\":\"https:\\\/\\\/anivet.lt\\\/elparduotuve\\\/wp-content\\\/uploads\\\/2023\\\/09\\\/belocat-tofu-zaliosios-arbatos-kvapo-kraikas-katems.jpg\",\"contentUrl\":\"https:\\\/\\\/anivet.lt\\\/elparduotuve\\\/wp-content\\\/uploads\\\/2023\\\/09\\\/belocat-tofu-zaliosios-arbatos-kvapo-kraikas-katems.jpg\",\"width\":507,\"height\":588,\"caption\":\"Belocat \u201eTOFU\u201d Ka\u010di\u0173 kraikas \u017ealiosios arbatos kvapo 6L \\\/2,5kg\"},{\"@type\":\"BreadcrumbList\",\"@id\":\"https:\\\/\\\/anivet.lt\\\/elparduotuve\\\/produktas\\\/belocat-tofu-kaciu-kraikas-zaliosios-arbatos-kvapo-6l-25kg\\\/#breadcrumb\",\"itemListElement\":[{\"@type\":\"ListItem\",\"position\":1,\"name\":\"Home\",\"item\":\"https:\\\/\\\/anivet.lt\\\/elparduotuve\\\/\"},{\"@type\":\"ListItem\",\"position\":2,\"name\":\"Produktai\",\"item\":\"https:\\\/\\\/anivet.lt\\\/elparduotuve\\\/produktai\\\/\"},{\"@type\":\"ListItem\",\"position\":3,\"name\":\"Belocat \u201eTOFU\u201d Ka\u010di\u0173 kraikas \u017ealiosios arbatos kvapo 6L \\\/2,5kg\"}]},{\"@type\":\"WebSite\",\"@id\":\"https:\\\/\\\/anivet.lt\\\/elparduotuve\\\/#website\",\"url\":\"https:\\\/\\\/anivet.lt\\\/elparduotuve\\\/\",\"name\":\"anivet.lt\",\"description\":\"Viskas J\u016bs\u0173 \u0161uns, kat\u0117s prie\u017ei\u016brai\",\"publisher\":{\"@id\":\"https:\\\/\\\/anivet.lt\\\/elparduotuve\\\/#organization\"},\"alternateName\":\"Viskas J\u016bs\u0173 \u0161uns, kat\u0117s prie\u017ei\u016brai\",\"potentialAction\":[{\"@type\":\"SearchAction\",\"target\":{\"@type\":\"EntryPoint\",\"urlTemplate\":\"https:\\\/\\\/anivet.lt\\\/elparduotuve\\\/?s={search_term_string}\"},\"query-input\":{\"@type\":\"PropertyValueSpecification\",\"valueRequired\":true,\"valueName\":\"search_term_string\"}}],\"inLanguage\":\"lt-LT\"},{\"@type\":\"Organization\",\"@id\":\"https:\\\/\\\/anivet.lt\\\/elparduotuve\\\/#organization\",\"name\":\"Viskas J\u016bs\u0173 \u0161uns, kat\u0117s prie\u017ei\u016brai\",\"url\":\"https:\\\/\\\/anivet.lt\\\/elparduotuve\\\/\",\"logo\":{\"@type\":\"ImageObject\",\"inLanguage\":\"lt-LT\",\"@id\":\"https:\\\/\\\/anivet.lt\\\/elparduotuve\\\/#\\\/schema\\\/logo\\\/image\\\/\",\"url\":\"https:\\\/\\\/anivet.lt\\\/elparduotuve\\\/wp-content\\\/uploads\\\/2023\\\/06\\\/logo2.jpg\",\"contentUrl\":\"https:\\\/\\\/anivet.lt\\\/elparduotuve\\\/wp-content\\\/uploads\\\/2023\\\/06\\\/logo2.jpg\",\"width\":655,\"height\":194,\"caption\":\"Viskas J\u016bs\u0173 \u0161uns, kat\u0117s prie\u017ei\u016brai\"},\"image\":{\"@id\":\"https:\\\/\\\/anivet.lt\\\/elparduotuve\\\/#\\\/schema\\\/logo\\\/image\\\/\"}}]}<\/script>\n<!-- \/ Yoast SEO Premium plugin. -->","yoast_head_json":{"title":"Belocat \u201eTOFU\u201d Ka\u010di\u0173 kraikas \u017ealiosios arbatos kvapo 6L \/2,5kg - anivet.lt","description":"Nat\u016bralus augalinis kraikas, pagamintas i\u0161 \u017eirni\u0173 l\u0105stelienos, idealiai tinka vis\u0173 veisli\u0173 ir am\u017eiaus kat\u0117ms. \u0160is tvarus ir ekologi\u0161kas produktas greitai","robots":{"index":"index","follow":"follow","max-snippet":"max-snippet:-1","max-image-preview":"max-image-preview:large","max-video-preview":"max-video-preview:-1"},"canonical":"https:\/\/anivet.lt\/elparduotuve\/produktas\/belocat-tofu-kaciu-kraikas-zaliosios-arbatos-kvapo-6l-25kg\/","og_locale":"lt_LT","og_type":"article","og_title":"Belocat \u201eTOFU\u201d Ka\u010di\u0173 kraikas \u017ealiosios arbatos kvapo 6L \/2,5kg","og_description":"Nat\u016bralus augalinis kraikas, pagamintas i\u0161 \u017eirni\u0173 l\u0105stelienos, idealiai tinka vis\u0173 veisli\u0173 ir am\u017eiaus kat\u0117ms. \u0160is tvarus ir ekologi\u0161kas produktas greitai","og_url":"https:\/\/anivet.lt\/elparduotuve\/produktas\/belocat-tofu-kaciu-kraikas-zaliosios-arbatos-kvapo-6l-25kg\/","og_site_name":"anivet.lt","article_modified_time":"2026-04-23T07:37:13+00:00","og_image":[{"width":507,"height":588,"url":"https:\/\/anivet.lt\/elparduotuve\/wp-content\/uploads\/2023\/09\/belocat-tofu-zaliosios-arbatos-kvapo-kraikas-katems.jpg","type":"image\/jpeg"}],"twitter_card":"summary_large_image","twitter_misc":{"Est. reading time":"1 minut\u0117"},"schema":{"@context":"https:\/\/schema.org","@graph":[{"@type":"WebPage","@id":"https:\/\/anivet.lt\/elparduotuve\/produktas\/belocat-tofu-kaciu-kraikas-zaliosios-arbatos-kvapo-6l-25kg\/","url":"https:\/\/anivet.lt\/elparduotuve\/produktas\/belocat-tofu-kaciu-kraikas-zaliosios-arbatos-kvapo-6l-25kg\/","name":"Belocat \u201eTOFU\u201d Ka\u010di\u0173 kraikas \u017ealiosios arbatos kvapo 6L \/2,5kg - anivet.lt","isPartOf":{"@id":"https:\/\/anivet.lt\/elparduotuve\/#website"},"primaryImageOfPage":{"@id":"https:\/\/anivet.lt\/elparduotuve\/produktas\/belocat-tofu-kaciu-kraikas-zaliosios-arbatos-kvapo-6l-25kg\/#primaryimage"},"image":{"@id":"https:\/\/anivet.lt\/elparduotuve\/produktas\/belocat-tofu-kaciu-kraikas-zaliosios-arbatos-kvapo-6l-25kg\/#primaryimage"},"thumbnailUrl":"https:\/\/anivet.lt\/elparduotuve\/wp-content\/uploads\/2023\/09\/belocat-tofu-zaliosios-arbatos-kvapo-kraikas-katems.jpg","datePublished":"2023-09-08T10:39:09+00:00","dateModified":"2026-04-23T07:37:13+00:00","description":"Nat\u016bralus augalinis kraikas, pagamintas i\u0161 \u017eirni\u0173 l\u0105stelienos, idealiai tinka vis\u0173 veisli\u0173 ir am\u017eiaus kat\u0117ms. \u0160is tvarus ir ekologi\u0161kas produktas greitai","breadcrumb":{"@id":"https:\/\/anivet.lt\/elparduotuve\/produktas\/belocat-tofu-kaciu-kraikas-zaliosios-arbatos-kvapo-6l-25kg\/#breadcrumb"},"inLanguage":"lt-LT","potentialAction":[{"@type":"ReadAction","target":["https:\/\/anivet.lt\/elparduotuve\/produktas\/belocat-tofu-kaciu-kraikas-zaliosios-arbatos-kvapo-6l-25kg\/"]}]},{"@type":"ImageObject","inLanguage":"lt-LT","@id":"https:\/\/anivet.lt\/elparduotuve\/produktas\/belocat-tofu-kaciu-kraikas-zaliosios-arbatos-kvapo-6l-25kg\/#primaryimage","url":"https:\/\/anivet.lt\/elparduotuve\/wp-content\/uploads\/2023\/09\/belocat-tofu-zaliosios-arbatos-kvapo-kraikas-katems.jpg","contentUrl":"https:\/\/anivet.lt\/elparduotuve\/wp-content\/uploads\/2023\/09\/belocat-tofu-zaliosios-arbatos-kvapo-kraikas-katems.jpg","width":507,"height":588,"caption":"Belocat \u201eTOFU\u201d Ka\u010di\u0173 kraikas \u017ealiosios arbatos kvapo 6L \/2,5kg"},{"@type":"BreadcrumbList","@id":"https:\/\/anivet.lt\/elparduotuve\/produktas\/belocat-tofu-kaciu-kraikas-zaliosios-arbatos-kvapo-6l-25kg\/#breadcrumb","itemListElement":[{"@type":"ListItem","position":1,"name":"Home","item":"https:\/\/anivet.lt\/elparduotuve\/"},{"@type":"ListItem","position":2,"name":"Produktai","item":"https:\/\/anivet.lt\/elparduotuve\/produktai\/"},{"@type":"ListItem","position":3,"name":"Belocat \u201eTOFU\u201d Ka\u010di\u0173 kraikas \u017ealiosios arbatos kvapo 6L \/2,5kg"}]},{"@type":"WebSite","@id":"https:\/\/anivet.lt\/elparduotuve\/#website","url":"https:\/\/anivet.lt\/elparduotuve\/","name":"anivet.lt","description":"Viskas J\u016bs\u0173 \u0161uns, kat\u0117s prie\u017ei\u016brai","publisher":{"@id":"https:\/\/anivet.lt\/elparduotuve\/#organization"},"alternateName":"Viskas J\u016bs\u0173 \u0161uns, kat\u0117s prie\u017ei\u016brai","potentialAction":[{"@type":"SearchAction","target":{"@type":"EntryPoint","urlTemplate":"https:\/\/anivet.lt\/elparduotuve\/?s={search_term_string}"},"query-input":{"@type":"PropertyValueSpecification","valueRequired":true,"valueName":"search_term_string"}}],"inLanguage":"lt-LT"},{"@type":"Organization","@id":"https:\/\/anivet.lt\/elparduotuve\/#organization","name":"Viskas J\u016bs\u0173 \u0161uns, kat\u0117s prie\u017ei\u016brai","url":"https:\/\/anivet.lt\/elparduotuve\/","logo":{"@type":"ImageObject","inLanguage":"lt-LT","@id":"https:\/\/anivet.lt\/elparduotuve\/#\/schema\/logo\/image\/","url":"https:\/\/anivet.lt\/elparduotuve\/wp-content\/uploads\/2023\/06\/logo2.jpg","contentUrl":"https:\/\/anivet.lt\/elparduotuve\/wp-content\/uploads\/2023\/06\/logo2.jpg","width":655,"height":194,"caption":"Viskas J\u016bs\u0173 \u0161uns, kat\u0117s prie\u017ei\u016brai"},"image":{"@id":"https:\/\/anivet.lt\/elparduotuve\/#\/schema\/logo\/image\/"}}]}},"_links":{"self":[{"href":"https:\/\/anivet.lt\/elparduotuve\/wp-json\/wp\/v2\/product\/11537","targetHints":{"allow":["GET"]}}],"collection":[{"href":"https:\/\/anivet.lt\/elparduotuve\/wp-json\/wp\/v2\/product"}],"about":[{"href":"https:\/\/anivet.lt\/elparduotuve\/wp-json\/wp\/v2\/types\/product"}],"wp:featuredmedia":[{"embeddable":true,"href":"https:\/\/anivet.lt\/elparduotuve\/wp-json\/wp\/v2\/media\/11538"}],"wp:attachment":[{"href":"https:\/\/anivet.lt\/elparduotuve\/wp-json\/wp\/v2\/media?parent=11537"}],"wp:term":[{"taxonomy":"product_brand","embeddable":true,"href":"https:\/\/anivet.lt\/elparduotuve\/wp-json\/wp\/v2\/product_brand?post=11537"},{"taxonomy":"product_cat","embeddable":true,"href":"https:\/\/anivet.lt\/elparduotuve\/wp-json\/wp\/v2\/product_cat?post=11537"},{"taxonomy":"product_tag","embeddable":true,"href":"https:\/\/anivet.lt\/elparduotuve\/wp-json\/wp\/v2\/product_tag?post=11537"}],"curies":[{"name":"wp","href":"https:\/\/api.w.org\/{rel}","templated":true}]}}