{"id":11555,"date":"2023-09-15T11:19:14","date_gmt":"2023-09-15T11:19:14","guid":{"rendered":"https:\/\/anivet.lt\/elparduotuve\/?post_type=product&#038;p=11555"},"modified":"2026-05-14T09:03:17","modified_gmt":"2026-05-14T09:03:17","slug":"fpd-pasaras-augantiems-kaciukams-vaikingoms-ir-zindancioms-visu-veisliu-katems","status":"publish","type":"product","link":"https:\/\/anivet.lt\/elparduotuve\/produktas\/fpd-pasaras-augantiems-kaciukams-vaikingoms-ir-zindancioms-visu-veisliu-katems\/","title":{"rendered":"SPECIFIC\u2122 FPD pa\u0161aras augantiems ka\u010diukams, vaikingoms ir \u017eindan\u010dioms vis\u0173 veisli\u0173 kat\u0117ms"},"content":{"rendered":"<ul>\n<li style=\"font-weight: 400;\"><span style=\"font-weight: 400;\">Subalansuotas augimui ir energijai: Padidintas energijos, baltym\u0173, vitamin\u0173 ir mineral\u0173 kiekis atitinka augan\u010di\u0173 ka\u010diuk\u0173 bei vaiking\u0173 ar \u017eindan\u010di\u0173 ka\u010di\u0173 poreikius.<\/span><\/li>\n<li style=\"font-weight: 400;\"><span style=\"font-weight: 400;\">Omega-3 riebal\u0173 r\u016bg\u0161tys: DHA ir EPA skatina smegen\u0173, reg\u0117jimo, odos, kailio ir s\u0105nari\u0173 vystym\u0105si.<\/span><\/li>\n<li style=\"font-weight: 400;\"><span style=\"font-weight: 400;\">Lengvai vir\u0161kinamos sudedamosios dalys: Auk\u0161tos kokyb\u0117s ingredientai u\u017etikrina optimal\u0173 maistini\u0173 med\u017eiag\u0173 \u012fsisavinim\u0105 ir suma\u017eina i\u0161mat\u0173 kiek\u012f.<\/span><\/li>\n<li style=\"font-weight: 400;\"><span style=\"font-weight: 400;\">Sveikas vir\u0161kinimas: Gyslo\u010dio s\u0117kl\u0173 luobel\u0117s ir runkeli\u0173 i\u0161spaudos palaiko sveik\u0105 vir\u0161kinimo trakto veikl\u0105.<\/span><\/li>\n<li style=\"font-weight: 400;\"><span style=\"font-weight: 400;\">Kvapo kontrol\u0117: Jukos ekstraktas ma\u017eina nemalon\u0173 kvap\u0105, susidarant\u012f d\u0117l vir\u0161kinimo proces\u0173.<\/span><\/li>\n<\/ul>\n<p><span style=\"font-weight: 400;\">\u201eSPECIFIC\u2122 FPD Kitten\u201c tinka ka\u010diukams nuo atjunkymo (5\u20136 savait\u0117s) iki 8\u201312 m\u0117nesi\u0173 am\u017eiaus, taip pat vaikingoms ir \u017eindan\u010dioms kat\u0117ms, kurioms reikalingas padidintas energijos kiekis. Tai idealus pasirinkimas siekiant u\u017etikrinti tinkam\u0105 augim\u0105, sveikat\u0105 ir energij\u0105 \u012fvairiais gyvenimo etapais. Prireikus, pasitarkite su veterinaru d\u0117l ilgalaikio \u0161\u0117rimo plano.<\/span><\/p>\n<h3><b>Nerekomenduojama:<\/b><\/h3>\n<ul>\n<li style=\"font-weight: 400;\"><span style=\"font-weight: 400;\">Kat\u0117ms su suma\u017e\u0117jusiu energijos poreikiu.<\/span><\/li>\n<\/ul>\n","protected":false},"excerpt":{"rendered":"<p><span style=\"font-weight: 400;\">Visavertis sausas pa\u0161aras, specialiai sukurtas augantiems ka\u010diukams, vaikingoms ir \u017eindan\u010dioms vis\u0173 veisli\u0173 kat\u0117ms. Jis taip pat tinka kat\u0117ms sveikimo laikotarpiu ar esant padid\u0117jusiam energijos poreikiui, u\u017etikrinant optimal\u0173 mitybos balans\u0105 ir puiki\u0105 sveikat\u0105.<\/span><\/p>\n","protected":false},"featured_media":11556,"template":"","meta":[],"product_brand":[],"product_cat":[114,115,102,326],"product_tag":[],"class_list":{"0":"post-11555","1":"product","2":"type-product","3":"status-publish","4":"has-post-thumbnail","6":"product_cat-kaciu-maistas","7":"product_cat-sausas-maistas-ir-skanestai-katems","8":"product_cat-katems","9":"product_cat-specific-kaciu-maistas","10":"pa_prekinis-zenklas-specific","12":"first","13":"instock","14":"sale","15":"taxable","16":"shipping-taxable","17":"purchasable","18":"product-type-variable"},"yoast_head":"<!-- This site is optimized with the Yoast SEO Premium plugin v27.1 (Yoast SEO v27.5) - https:\/\/yoast.com\/product\/yoast-seo-premium-wordpress\/ -->\n<title>SPECIFIC\u2122 FPD pa\u0161aras augantiems ka\u010diukams, vaikingoms ir \u017eindan\u010dioms vis\u0173 veisli\u0173 kat\u0117ms - anivet.lt<\/title>\n<meta name=\"description\" content=\"Visavertis sausas pa\u0161aras, specialiai sukurtas augantiems ka\u010diukams, vaikingoms ir \u017eindan\u010dioms vis\u0173 veisli\u0173 kat\u0117ms. Jis taip pat tinka kat\u0117ms sveikimo laikotarpiu ar esant padid\u0117jusiam energijos poreikiui, u\u017etikrinant optimal\u0173 mitybos balans\u0105 ir puiki\u0105 sveikat\u0105.\" \/>\n<meta name=\"robots\" content=\"index, follow, max-snippet:-1, max-image-preview:large, max-video-preview:-1\" \/>\n<link rel=\"canonical\" href=\"https:\/\/anivet.lt\/elparduotuve\/produktas\/fpd-pasaras-augantiems-kaciukams-vaikingoms-ir-zindancioms-visu-veisliu-katems\/\" \/>\n<meta property=\"og:locale\" content=\"lt_LT\" \/>\n<meta property=\"og:type\" content=\"article\" \/>\n<meta property=\"og:title\" content=\"SPECIFIC\u2122 FPD pa\u0161aras augantiems ka\u010diukams, vaikingoms ir \u017eindan\u010dioms vis\u0173 veisli\u0173 kat\u0117ms\" \/>\n<meta property=\"og:description\" content=\"Visavertis sausas pa\u0161aras, specialiai sukurtas augantiems ka\u010diukams, vaikingoms ir \u017eindan\u010dioms vis\u0173 veisli\u0173 kat\u0117ms. Jis taip pat tinka kat\u0117ms sveikimo laikotarpiu ar esant padid\u0117jusiam energijos poreikiui, u\u017etikrinant optimal\u0173 mitybos balans\u0105 ir puiki\u0105 sveikat\u0105.\" \/>\n<meta property=\"og:url\" content=\"https:\/\/anivet.lt\/elparduotuve\/produktas\/fpd-pasaras-augantiems-kaciukams-vaikingoms-ir-zindancioms-visu-veisliu-katems\/\" \/>\n<meta property=\"og:site_name\" content=\"anivet.lt\" \/>\n<meta property=\"article:modified_time\" content=\"2026-05-14T09:03:17+00:00\" \/>\n<meta property=\"og:image\" content=\"https:\/\/anivet.lt\/elparduotuve\/wp-content\/uploads\/2023\/09\/FPD.png\" \/>\n\t<meta property=\"og:image:width\" content=\"1970\" \/>\n\t<meta property=\"og:image:height\" content=\"2000\" \/>\n\t<meta property=\"og:image:type\" content=\"image\/png\" \/>\n<meta name=\"twitter:card\" content=\"summary_large_image\" \/>\n<meta name=\"twitter:label1\" content=\"Est. reading time\" \/>\n\t<meta name=\"twitter:data1\" content=\"1 minut\u0117\" \/>\n<script type=\"application\/ld+json\" class=\"yoast-schema-graph\">{\"@context\":\"https:\\\/\\\/schema.org\",\"@graph\":[{\"@type\":\"WebPage\",\"@id\":\"https:\\\/\\\/anivet.lt\\\/elparduotuve\\\/produktas\\\/fpd-pasaras-augantiems-kaciukams-vaikingoms-ir-zindancioms-visu-veisliu-katems\\\/\",\"url\":\"https:\\\/\\\/anivet.lt\\\/elparduotuve\\\/produktas\\\/fpd-pasaras-augantiems-kaciukams-vaikingoms-ir-zindancioms-visu-veisliu-katems\\\/\",\"name\":\"SPECIFIC\u2122 FPD pa\u0161aras augantiems ka\u010diukams, vaikingoms ir \u017eindan\u010dioms vis\u0173 veisli\u0173 kat\u0117ms - anivet.lt\",\"isPartOf\":{\"@id\":\"https:\\\/\\\/anivet.lt\\\/elparduotuve\\\/#website\"},\"primaryImageOfPage\":{\"@id\":\"https:\\\/\\\/anivet.lt\\\/elparduotuve\\\/produktas\\\/fpd-pasaras-augantiems-kaciukams-vaikingoms-ir-zindancioms-visu-veisliu-katems\\\/#primaryimage\"},\"image\":{\"@id\":\"https:\\\/\\\/anivet.lt\\\/elparduotuve\\\/produktas\\\/fpd-pasaras-augantiems-kaciukams-vaikingoms-ir-zindancioms-visu-veisliu-katems\\\/#primaryimage\"},\"thumbnailUrl\":\"https:\\\/\\\/anivet.lt\\\/elparduotuve\\\/wp-content\\\/uploads\\\/2023\\\/09\\\/FPD.png\",\"datePublished\":\"2023-09-15T11:19:14+00:00\",\"dateModified\":\"2026-05-14T09:03:17+00:00\",\"description\":\"Visavertis sausas pa\u0161aras, specialiai sukurtas augantiems ka\u010diukams, vaikingoms ir \u017eindan\u010dioms vis\u0173 veisli\u0173 kat\u0117ms. Jis taip pat tinka kat\u0117ms sveikimo laikotarpiu ar esant padid\u0117jusiam energijos poreikiui, u\u017etikrinant optimal\u0173 mitybos balans\u0105 ir puiki\u0105 sveikat\u0105.\",\"breadcrumb\":{\"@id\":\"https:\\\/\\\/anivet.lt\\\/elparduotuve\\\/produktas\\\/fpd-pasaras-augantiems-kaciukams-vaikingoms-ir-zindancioms-visu-veisliu-katems\\\/#breadcrumb\"},\"inLanguage\":\"lt-LT\",\"potentialAction\":[{\"@type\":\"ReadAction\",\"target\":[\"https:\\\/\\\/anivet.lt\\\/elparduotuve\\\/produktas\\\/fpd-pasaras-augantiems-kaciukams-vaikingoms-ir-zindancioms-visu-veisliu-katems\\\/\"]}]},{\"@type\":\"ImageObject\",\"inLanguage\":\"lt-LT\",\"@id\":\"https:\\\/\\\/anivet.lt\\\/elparduotuve\\\/produktas\\\/fpd-pasaras-augantiems-kaciukams-vaikingoms-ir-zindancioms-visu-veisliu-katems\\\/#primaryimage\",\"url\":\"https:\\\/\\\/anivet.lt\\\/elparduotuve\\\/wp-content\\\/uploads\\\/2023\\\/09\\\/FPD.png\",\"contentUrl\":\"https:\\\/\\\/anivet.lt\\\/elparduotuve\\\/wp-content\\\/uploads\\\/2023\\\/09\\\/FPD.png\",\"width\":1970,\"height\":2000,\"caption\":\"SPECIFIC\u2122 FPD pa\u0161aras augantiems ka\u010diukams, vaikingoms ir \u017eindan\u010dioms vis\u0173 veisli\u0173 kat\u0117ms\"},{\"@type\":\"BreadcrumbList\",\"@id\":\"https:\\\/\\\/anivet.lt\\\/elparduotuve\\\/produktas\\\/fpd-pasaras-augantiems-kaciukams-vaikingoms-ir-zindancioms-visu-veisliu-katems\\\/#breadcrumb\",\"itemListElement\":[{\"@type\":\"ListItem\",\"position\":1,\"name\":\"Home\",\"item\":\"https:\\\/\\\/anivet.lt\\\/elparduotuve\\\/\"},{\"@type\":\"ListItem\",\"position\":2,\"name\":\"Produktai\",\"item\":\"https:\\\/\\\/anivet.lt\\\/elparduotuve\\\/produktai\\\/\"},{\"@type\":\"ListItem\",\"position\":3,\"name\":\"SPECIFIC\u2122 FPD pa\u0161aras augantiems ka\u010diukams, vaikingoms ir \u017eindan\u010dioms vis\u0173 veisli\u0173 kat\u0117ms\"}]},{\"@type\":\"WebSite\",\"@id\":\"https:\\\/\\\/anivet.lt\\\/elparduotuve\\\/#website\",\"url\":\"https:\\\/\\\/anivet.lt\\\/elparduotuve\\\/\",\"name\":\"anivet.lt\",\"description\":\"Viskas J\u016bs\u0173 \u0161uns, kat\u0117s prie\u017ei\u016brai\",\"publisher\":{\"@id\":\"https:\\\/\\\/anivet.lt\\\/elparduotuve\\\/#organization\"},\"alternateName\":\"Viskas J\u016bs\u0173 \u0161uns, kat\u0117s prie\u017ei\u016brai\",\"potentialAction\":[{\"@type\":\"SearchAction\",\"target\":{\"@type\":\"EntryPoint\",\"urlTemplate\":\"https:\\\/\\\/anivet.lt\\\/elparduotuve\\\/?s={search_term_string}\"},\"query-input\":{\"@type\":\"PropertyValueSpecification\",\"valueRequired\":true,\"valueName\":\"search_term_string\"}}],\"inLanguage\":\"lt-LT\"},{\"@type\":\"Organization\",\"@id\":\"https:\\\/\\\/anivet.lt\\\/elparduotuve\\\/#organization\",\"name\":\"Viskas J\u016bs\u0173 \u0161uns, kat\u0117s prie\u017ei\u016brai\",\"url\":\"https:\\\/\\\/anivet.lt\\\/elparduotuve\\\/\",\"logo\":{\"@type\":\"ImageObject\",\"inLanguage\":\"lt-LT\",\"@id\":\"https:\\\/\\\/anivet.lt\\\/elparduotuve\\\/#\\\/schema\\\/logo\\\/image\\\/\",\"url\":\"https:\\\/\\\/anivet.lt\\\/elparduotuve\\\/wp-content\\\/uploads\\\/2023\\\/06\\\/logo2.jpg\",\"contentUrl\":\"https:\\\/\\\/anivet.lt\\\/elparduotuve\\\/wp-content\\\/uploads\\\/2023\\\/06\\\/logo2.jpg\",\"width\":655,\"height\":194,\"caption\":\"Viskas J\u016bs\u0173 \u0161uns, kat\u0117s prie\u017ei\u016brai\"},\"image\":{\"@id\":\"https:\\\/\\\/anivet.lt\\\/elparduotuve\\\/#\\\/schema\\\/logo\\\/image\\\/\"}}]}<\/script>\n<!-- \/ Yoast SEO Premium plugin. -->","yoast_head_json":{"title":"SPECIFIC\u2122 FPD pa\u0161aras augantiems ka\u010diukams, vaikingoms ir \u017eindan\u010dioms vis\u0173 veisli\u0173 kat\u0117ms - anivet.lt","description":"Visavertis sausas pa\u0161aras, specialiai sukurtas augantiems ka\u010diukams, vaikingoms ir \u017eindan\u010dioms vis\u0173 veisli\u0173 kat\u0117ms. Jis taip pat tinka kat\u0117ms sveikimo laikotarpiu ar esant padid\u0117jusiam energijos poreikiui, u\u017etikrinant optimal\u0173 mitybos balans\u0105 ir puiki\u0105 sveikat\u0105.","robots":{"index":"index","follow":"follow","max-snippet":"max-snippet:-1","max-image-preview":"max-image-preview:large","max-video-preview":"max-video-preview:-1"},"canonical":"https:\/\/anivet.lt\/elparduotuve\/produktas\/fpd-pasaras-augantiems-kaciukams-vaikingoms-ir-zindancioms-visu-veisliu-katems\/","og_locale":"lt_LT","og_type":"article","og_title":"SPECIFIC\u2122 FPD pa\u0161aras augantiems ka\u010diukams, vaikingoms ir \u017eindan\u010dioms vis\u0173 veisli\u0173 kat\u0117ms","og_description":"Visavertis sausas pa\u0161aras, specialiai sukurtas augantiems ka\u010diukams, vaikingoms ir \u017eindan\u010dioms vis\u0173 veisli\u0173 kat\u0117ms. Jis taip pat tinka kat\u0117ms sveikimo laikotarpiu ar esant padid\u0117jusiam energijos poreikiui, u\u017etikrinant optimal\u0173 mitybos balans\u0105 ir puiki\u0105 sveikat\u0105.","og_url":"https:\/\/anivet.lt\/elparduotuve\/produktas\/fpd-pasaras-augantiems-kaciukams-vaikingoms-ir-zindancioms-visu-veisliu-katems\/","og_site_name":"anivet.lt","article_modified_time":"2026-05-14T09:03:17+00:00","og_image":[{"width":1970,"height":2000,"url":"https:\/\/anivet.lt\/elparduotuve\/wp-content\/uploads\/2023\/09\/FPD.png","type":"image\/png"}],"twitter_card":"summary_large_image","twitter_misc":{"Est. reading time":"1 minut\u0117"},"schema":{"@context":"https:\/\/schema.org","@graph":[{"@type":"WebPage","@id":"https:\/\/anivet.lt\/elparduotuve\/produktas\/fpd-pasaras-augantiems-kaciukams-vaikingoms-ir-zindancioms-visu-veisliu-katems\/","url":"https:\/\/anivet.lt\/elparduotuve\/produktas\/fpd-pasaras-augantiems-kaciukams-vaikingoms-ir-zindancioms-visu-veisliu-katems\/","name":"SPECIFIC\u2122 FPD pa\u0161aras augantiems ka\u010diukams, vaikingoms ir \u017eindan\u010dioms vis\u0173 veisli\u0173 kat\u0117ms - anivet.lt","isPartOf":{"@id":"https:\/\/anivet.lt\/elparduotuve\/#website"},"primaryImageOfPage":{"@id":"https:\/\/anivet.lt\/elparduotuve\/produktas\/fpd-pasaras-augantiems-kaciukams-vaikingoms-ir-zindancioms-visu-veisliu-katems\/#primaryimage"},"image":{"@id":"https:\/\/anivet.lt\/elparduotuve\/produktas\/fpd-pasaras-augantiems-kaciukams-vaikingoms-ir-zindancioms-visu-veisliu-katems\/#primaryimage"},"thumbnailUrl":"https:\/\/anivet.lt\/elparduotuve\/wp-content\/uploads\/2023\/09\/FPD.png","datePublished":"2023-09-15T11:19:14+00:00","dateModified":"2026-05-14T09:03:17+00:00","description":"Visavertis sausas pa\u0161aras, specialiai sukurtas augantiems ka\u010diukams, vaikingoms ir \u017eindan\u010dioms vis\u0173 veisli\u0173 kat\u0117ms. Jis taip pat tinka kat\u0117ms sveikimo laikotarpiu ar esant padid\u0117jusiam energijos poreikiui, u\u017etikrinant optimal\u0173 mitybos balans\u0105 ir puiki\u0105 sveikat\u0105.","breadcrumb":{"@id":"https:\/\/anivet.lt\/elparduotuve\/produktas\/fpd-pasaras-augantiems-kaciukams-vaikingoms-ir-zindancioms-visu-veisliu-katems\/#breadcrumb"},"inLanguage":"lt-LT","potentialAction":[{"@type":"ReadAction","target":["https:\/\/anivet.lt\/elparduotuve\/produktas\/fpd-pasaras-augantiems-kaciukams-vaikingoms-ir-zindancioms-visu-veisliu-katems\/"]}]},{"@type":"ImageObject","inLanguage":"lt-LT","@id":"https:\/\/anivet.lt\/elparduotuve\/produktas\/fpd-pasaras-augantiems-kaciukams-vaikingoms-ir-zindancioms-visu-veisliu-katems\/#primaryimage","url":"https:\/\/anivet.lt\/elparduotuve\/wp-content\/uploads\/2023\/09\/FPD.png","contentUrl":"https:\/\/anivet.lt\/elparduotuve\/wp-content\/uploads\/2023\/09\/FPD.png","width":1970,"height":2000,"caption":"SPECIFIC\u2122 FPD pa\u0161aras augantiems ka\u010diukams, vaikingoms ir \u017eindan\u010dioms vis\u0173 veisli\u0173 kat\u0117ms"},{"@type":"BreadcrumbList","@id":"https:\/\/anivet.lt\/elparduotuve\/produktas\/fpd-pasaras-augantiems-kaciukams-vaikingoms-ir-zindancioms-visu-veisliu-katems\/#breadcrumb","itemListElement":[{"@type":"ListItem","position":1,"name":"Home","item":"https:\/\/anivet.lt\/elparduotuve\/"},{"@type":"ListItem","position":2,"name":"Produktai","item":"https:\/\/anivet.lt\/elparduotuve\/produktai\/"},{"@type":"ListItem","position":3,"name":"SPECIFIC\u2122 FPD pa\u0161aras augantiems ka\u010diukams, vaikingoms ir \u017eindan\u010dioms vis\u0173 veisli\u0173 kat\u0117ms"}]},{"@type":"WebSite","@id":"https:\/\/anivet.lt\/elparduotuve\/#website","url":"https:\/\/anivet.lt\/elparduotuve\/","name":"anivet.lt","description":"Viskas J\u016bs\u0173 \u0161uns, kat\u0117s prie\u017ei\u016brai","publisher":{"@id":"https:\/\/anivet.lt\/elparduotuve\/#organization"},"alternateName":"Viskas J\u016bs\u0173 \u0161uns, kat\u0117s prie\u017ei\u016brai","potentialAction":[{"@type":"SearchAction","target":{"@type":"EntryPoint","urlTemplate":"https:\/\/anivet.lt\/elparduotuve\/?s={search_term_string}"},"query-input":{"@type":"PropertyValueSpecification","valueRequired":true,"valueName":"search_term_string"}}],"inLanguage":"lt-LT"},{"@type":"Organization","@id":"https:\/\/anivet.lt\/elparduotuve\/#organization","name":"Viskas J\u016bs\u0173 \u0161uns, kat\u0117s prie\u017ei\u016brai","url":"https:\/\/anivet.lt\/elparduotuve\/","logo":{"@type":"ImageObject","inLanguage":"lt-LT","@id":"https:\/\/anivet.lt\/elparduotuve\/#\/schema\/logo\/image\/","url":"https:\/\/anivet.lt\/elparduotuve\/wp-content\/uploads\/2023\/06\/logo2.jpg","contentUrl":"https:\/\/anivet.lt\/elparduotuve\/wp-content\/uploads\/2023\/06\/logo2.jpg","width":655,"height":194,"caption":"Viskas J\u016bs\u0173 \u0161uns, kat\u0117s prie\u017ei\u016brai"},"image":{"@id":"https:\/\/anivet.lt\/elparduotuve\/#\/schema\/logo\/image\/"}}]}},"_links":{"self":[{"href":"https:\/\/anivet.lt\/elparduotuve\/wp-json\/wp\/v2\/product\/11555","targetHints":{"allow":["GET"]}}],"collection":[{"href":"https:\/\/anivet.lt\/elparduotuve\/wp-json\/wp\/v2\/product"}],"about":[{"href":"https:\/\/anivet.lt\/elparduotuve\/wp-json\/wp\/v2\/types\/product"}],"wp:featuredmedia":[{"embeddable":true,"href":"https:\/\/anivet.lt\/elparduotuve\/wp-json\/wp\/v2\/media\/11556"}],"wp:attachment":[{"href":"https:\/\/anivet.lt\/elparduotuve\/wp-json\/wp\/v2\/media?parent=11555"}],"wp:term":[{"taxonomy":"product_brand","embeddable":true,"href":"https:\/\/anivet.lt\/elparduotuve\/wp-json\/wp\/v2\/product_brand?post=11555"},{"taxonomy":"product_cat","embeddable":true,"href":"https:\/\/anivet.lt\/elparduotuve\/wp-json\/wp\/v2\/product_cat?post=11555"},{"taxonomy":"product_tag","embeddable":true,"href":"https:\/\/anivet.lt\/elparduotuve\/wp-json\/wp\/v2\/product_tag?post=11555"}],"curies":[{"name":"wp","href":"https:\/\/api.w.org\/{rel}","templated":true}]}}