{"id":11566,"date":"2023-09-15T12:36:18","date_gmt":"2023-09-15T12:36:18","guid":{"rendered":"https:\/\/anivet.lt\/elparduotuve\/?post_type=product&#038;p=11566"},"modified":"2026-05-11T18:43:57","modified_gmt":"2026-05-11T18:43:57","slug":"fnd-pasaras-augantiems-jauniems-sterilizuotiems-kaciukams","status":"publish","type":"product","link":"https:\/\/anivet.lt\/elparduotuve\/produktas\/fnd-pasaras-augantiems-jauniems-sterilizuotiems-kaciukams\/","title":{"rendered":"SPECIFIC\u2122 FND pa\u0161aras augantiems, jauniems, sterilizuotiems ka\u010diukams"},"content":{"rendered":"<ul>\n<li style=\"font-weight: 400;\"><span style=\"font-weight: 400;\">Subalansuotas augimui: Padidintas energijos, baltym\u0173, vitamin\u0173 ir mineral\u0173 kiekis atitinka augan\u010di\u0173 ka\u010diuk\u0173 poreikius.<\/span><\/li>\n<li style=\"font-weight: 400;\"><span style=\"font-weight: 400;\">\u0160lapimo tak\u0173 apsauga: Kontroliuojamas magnio, fosforo kiekis ir \u0161iek tiek suma\u017eintas \u0161lapimo pH ma\u017eina struvit\u0173 ir oksalat\u0173 kristal\u0173 susidarymo rizik\u0105.<\/span><\/li>\n<li style=\"font-weight: 400;\"><span style=\"font-weight: 400;\">Omega-3 riebal\u0173 r\u016bg\u0161tys: DHA ir EPA skatina smegen\u0173, reg\u0117jimo organ\u0173, odos, kailio ir s\u0105nari\u0173 vystym\u0105si.<\/span><\/li>\n<li style=\"font-weight: 400;\"><span style=\"font-weight: 400;\">Svorio kontrol\u0117: Vidutin\u0117 energetin\u0117 vert\u0117 padeda i\u0161vengti antsvorio po sterilizacijos.<\/span><\/li>\n<li style=\"font-weight: 400;\"><span style=\"font-weight: 400;\">Sveikas vir\u0161kinimas: Gyslo\u010dio s\u0117kl\u0173 luobel\u0117s, runkeli\u0173 i\u0161spaudos ir padidintas skaidul\u0173 kiekis palaiko sveik\u0105 vir\u0161kinimo sistem\u0105 bei ma\u017eina plauk\u0173 kamuoliuk\u0173 formavimosi tikimyb\u0119.<\/span><\/li>\n<\/ul>\n<p><span style=\"font-weight: 400;\">\u201eSPECIFIC\u2122 FND\u201c pa\u0161aras yra puikus pasirinkimas sterilizuotiems ka\u010diukams, u\u017etikrinantis j\u0173 optimal\u0173 augim\u0105, energij\u0105 ir sveikat\u0105. Ka\u010diukui sulaukus 12 m\u0117nesi\u0173 am\u017eiaus, rekomenduojama pereiti prie \u201eSPECIFIC\u2122 FXD\/FXW\/FXW-P Adult\u201c pa\u0161aro.<\/span><\/p>\n","protected":false},"excerpt":{"rendered":"<p><span style=\"font-weight: 400;\">Visavertis pa\u0161aras, sukurtas specialiai sterilizuotiems ka\u010diukams iki 12 m\u0117nesi\u0173 am\u017eiaus. \u0160is pa\u0161aras padeda u\u017etikrinti tinkam\u0105 augim\u0105, sveik\u0105 vystym\u0105si ir i\u0161vengti su sterilizacija susijusi\u0173 sveikatos problem\u0173.<\/span><\/p>\n","protected":false},"featured_media":11567,"template":"","meta":[],"product_brand":[],"product_cat":[114,115,102,326],"product_tag":[],"class_list":{"0":"post-11566","1":"product","2":"type-product","3":"status-publish","4":"has-post-thumbnail","6":"product_cat-kaciu-maistas","7":"product_cat-sausas-maistas-ir-skanestai-katems","8":"product_cat-katems","9":"product_cat-specific-kaciu-maistas","10":"pa_prekinis-zenklas-specific","12":"first","13":"instock","14":"sale","15":"taxable","16":"shipping-taxable","17":"purchasable","18":"product-type-variable"},"yoast_head":"<!-- This site is optimized with the Yoast SEO Premium plugin v27.1 (Yoast SEO v27.5) - https:\/\/yoast.com\/product\/yoast-seo-premium-wordpress\/ -->\n<title>SPECIFIC\u2122 FND pa\u0161aras augantiems, jauniems, sterilizuotiems ka\u010diukams - anivet.lt<\/title>\n<meta name=\"description\" content=\"Visavertis pa\u0161aras, sukurtas specialiai sterilizuotiems ka\u010diukams iki 12 m\u0117nesi\u0173 am\u017eiaus. \u0160is pa\u0161aras padeda u\u017etikrinti tinkam\u0105 augim\u0105, sveik\u0105 vystym\u0105si ir i\u0161vengti su sterilizacija susijusi\u0173 sveikatos problem\u0173.\" \/>\n<meta name=\"robots\" content=\"index, follow, max-snippet:-1, max-image-preview:large, max-video-preview:-1\" \/>\n<link rel=\"canonical\" href=\"https:\/\/anivet.lt\/elparduotuve\/produktas\/fnd-pasaras-augantiems-jauniems-sterilizuotiems-kaciukams\/\" \/>\n<meta property=\"og:locale\" content=\"lt_LT\" \/>\n<meta property=\"og:type\" content=\"article\" \/>\n<meta property=\"og:title\" content=\"SPECIFIC\u2122 FND pa\u0161aras augantiems, jauniems, sterilizuotiems ka\u010diukams\" \/>\n<meta property=\"og:description\" content=\"Visavertis pa\u0161aras, sukurtas specialiai sterilizuotiems ka\u010diukams iki 12 m\u0117nesi\u0173 am\u017eiaus. \u0160is pa\u0161aras padeda u\u017etikrinti tinkam\u0105 augim\u0105, sveik\u0105 vystym\u0105si ir i\u0161vengti su sterilizacija susijusi\u0173 sveikatos problem\u0173.\" \/>\n<meta property=\"og:url\" content=\"https:\/\/anivet.lt\/elparduotuve\/produktas\/fnd-pasaras-augantiems-jauniems-sterilizuotiems-kaciukams\/\" \/>\n<meta property=\"og:site_name\" content=\"anivet.lt\" \/>\n<meta property=\"article:modified_time\" content=\"2026-05-11T18:43:57+00:00\" \/>\n<meta property=\"og:image\" content=\"https:\/\/anivet.lt\/elparduotuve\/wp-content\/uploads\/2023\/09\/FND.png\" \/>\n\t<meta property=\"og:image:width\" content=\"1970\" \/>\n\t<meta property=\"og:image:height\" content=\"2000\" \/>\n\t<meta property=\"og:image:type\" content=\"image\/png\" \/>\n<meta name=\"twitter:card\" content=\"summary_large_image\" \/>\n<meta name=\"twitter:label1\" content=\"Est. reading time\" \/>\n\t<meta name=\"twitter:data1\" content=\"1 minut\u0117\" \/>\n<script type=\"application\/ld+json\" class=\"yoast-schema-graph\">{\"@context\":\"https:\\\/\\\/schema.org\",\"@graph\":[{\"@type\":\"WebPage\",\"@id\":\"https:\\\/\\\/anivet.lt\\\/elparduotuve\\\/produktas\\\/fnd-pasaras-augantiems-jauniems-sterilizuotiems-kaciukams\\\/\",\"url\":\"https:\\\/\\\/anivet.lt\\\/elparduotuve\\\/produktas\\\/fnd-pasaras-augantiems-jauniems-sterilizuotiems-kaciukams\\\/\",\"name\":\"SPECIFIC\u2122 FND pa\u0161aras augantiems, jauniems, sterilizuotiems ka\u010diukams - anivet.lt\",\"isPartOf\":{\"@id\":\"https:\\\/\\\/anivet.lt\\\/elparduotuve\\\/#website\"},\"primaryImageOfPage\":{\"@id\":\"https:\\\/\\\/anivet.lt\\\/elparduotuve\\\/produktas\\\/fnd-pasaras-augantiems-jauniems-sterilizuotiems-kaciukams\\\/#primaryimage\"},\"image\":{\"@id\":\"https:\\\/\\\/anivet.lt\\\/elparduotuve\\\/produktas\\\/fnd-pasaras-augantiems-jauniems-sterilizuotiems-kaciukams\\\/#primaryimage\"},\"thumbnailUrl\":\"https:\\\/\\\/anivet.lt\\\/elparduotuve\\\/wp-content\\\/uploads\\\/2023\\\/09\\\/FND.png\",\"datePublished\":\"2023-09-15T12:36:18+00:00\",\"dateModified\":\"2026-05-11T18:43:57+00:00\",\"description\":\"Visavertis pa\u0161aras, sukurtas specialiai sterilizuotiems ka\u010diukams iki 12 m\u0117nesi\u0173 am\u017eiaus. \u0160is pa\u0161aras padeda u\u017etikrinti tinkam\u0105 augim\u0105, sveik\u0105 vystym\u0105si ir i\u0161vengti su sterilizacija susijusi\u0173 sveikatos problem\u0173.\",\"breadcrumb\":{\"@id\":\"https:\\\/\\\/anivet.lt\\\/elparduotuve\\\/produktas\\\/fnd-pasaras-augantiems-jauniems-sterilizuotiems-kaciukams\\\/#breadcrumb\"},\"inLanguage\":\"lt-LT\",\"potentialAction\":[{\"@type\":\"ReadAction\",\"target\":[\"https:\\\/\\\/anivet.lt\\\/elparduotuve\\\/produktas\\\/fnd-pasaras-augantiems-jauniems-sterilizuotiems-kaciukams\\\/\"]}]},{\"@type\":\"ImageObject\",\"inLanguage\":\"lt-LT\",\"@id\":\"https:\\\/\\\/anivet.lt\\\/elparduotuve\\\/produktas\\\/fnd-pasaras-augantiems-jauniems-sterilizuotiems-kaciukams\\\/#primaryimage\",\"url\":\"https:\\\/\\\/anivet.lt\\\/elparduotuve\\\/wp-content\\\/uploads\\\/2023\\\/09\\\/FND.png\",\"contentUrl\":\"https:\\\/\\\/anivet.lt\\\/elparduotuve\\\/wp-content\\\/uploads\\\/2023\\\/09\\\/FND.png\",\"width\":1970,\"height\":2000,\"caption\":\"SPECIFIC\u2122 FND pa\u0161aras augantiems, jauniems, sterilizuotiems ka\u010diukams\"},{\"@type\":\"BreadcrumbList\",\"@id\":\"https:\\\/\\\/anivet.lt\\\/elparduotuve\\\/produktas\\\/fnd-pasaras-augantiems-jauniems-sterilizuotiems-kaciukams\\\/#breadcrumb\",\"itemListElement\":[{\"@type\":\"ListItem\",\"position\":1,\"name\":\"Home\",\"item\":\"https:\\\/\\\/anivet.lt\\\/elparduotuve\\\/\"},{\"@type\":\"ListItem\",\"position\":2,\"name\":\"Produktai\",\"item\":\"https:\\\/\\\/anivet.lt\\\/elparduotuve\\\/produktai\\\/\"},{\"@type\":\"ListItem\",\"position\":3,\"name\":\"SPECIFIC\u2122 FND pa\u0161aras augantiems, jauniems, sterilizuotiems ka\u010diukams\"}]},{\"@type\":\"WebSite\",\"@id\":\"https:\\\/\\\/anivet.lt\\\/elparduotuve\\\/#website\",\"url\":\"https:\\\/\\\/anivet.lt\\\/elparduotuve\\\/\",\"name\":\"anivet.lt\",\"description\":\"Viskas J\u016bs\u0173 \u0161uns, kat\u0117s prie\u017ei\u016brai\",\"publisher\":{\"@id\":\"https:\\\/\\\/anivet.lt\\\/elparduotuve\\\/#organization\"},\"alternateName\":\"Viskas J\u016bs\u0173 \u0161uns, kat\u0117s prie\u017ei\u016brai\",\"potentialAction\":[{\"@type\":\"SearchAction\",\"target\":{\"@type\":\"EntryPoint\",\"urlTemplate\":\"https:\\\/\\\/anivet.lt\\\/elparduotuve\\\/?s={search_term_string}\"},\"query-input\":{\"@type\":\"PropertyValueSpecification\",\"valueRequired\":true,\"valueName\":\"search_term_string\"}}],\"inLanguage\":\"lt-LT\"},{\"@type\":\"Organization\",\"@id\":\"https:\\\/\\\/anivet.lt\\\/elparduotuve\\\/#organization\",\"name\":\"Viskas J\u016bs\u0173 \u0161uns, kat\u0117s prie\u017ei\u016brai\",\"url\":\"https:\\\/\\\/anivet.lt\\\/elparduotuve\\\/\",\"logo\":{\"@type\":\"ImageObject\",\"inLanguage\":\"lt-LT\",\"@id\":\"https:\\\/\\\/anivet.lt\\\/elparduotuve\\\/#\\\/schema\\\/logo\\\/image\\\/\",\"url\":\"https:\\\/\\\/anivet.lt\\\/elparduotuve\\\/wp-content\\\/uploads\\\/2023\\\/06\\\/logo2.jpg\",\"contentUrl\":\"https:\\\/\\\/anivet.lt\\\/elparduotuve\\\/wp-content\\\/uploads\\\/2023\\\/06\\\/logo2.jpg\",\"width\":655,\"height\":194,\"caption\":\"Viskas J\u016bs\u0173 \u0161uns, kat\u0117s prie\u017ei\u016brai\"},\"image\":{\"@id\":\"https:\\\/\\\/anivet.lt\\\/elparduotuve\\\/#\\\/schema\\\/logo\\\/image\\\/\"}}]}<\/script>\n<!-- \/ Yoast SEO Premium plugin. -->","yoast_head_json":{"title":"SPECIFIC\u2122 FND pa\u0161aras augantiems, jauniems, sterilizuotiems ka\u010diukams - anivet.lt","description":"Visavertis pa\u0161aras, sukurtas specialiai sterilizuotiems ka\u010diukams iki 12 m\u0117nesi\u0173 am\u017eiaus. \u0160is pa\u0161aras padeda u\u017etikrinti tinkam\u0105 augim\u0105, sveik\u0105 vystym\u0105si ir i\u0161vengti su sterilizacija susijusi\u0173 sveikatos problem\u0173.","robots":{"index":"index","follow":"follow","max-snippet":"max-snippet:-1","max-image-preview":"max-image-preview:large","max-video-preview":"max-video-preview:-1"},"canonical":"https:\/\/anivet.lt\/elparduotuve\/produktas\/fnd-pasaras-augantiems-jauniems-sterilizuotiems-kaciukams\/","og_locale":"lt_LT","og_type":"article","og_title":"SPECIFIC\u2122 FND pa\u0161aras augantiems, jauniems, sterilizuotiems ka\u010diukams","og_description":"Visavertis pa\u0161aras, sukurtas specialiai sterilizuotiems ka\u010diukams iki 12 m\u0117nesi\u0173 am\u017eiaus. \u0160is pa\u0161aras padeda u\u017etikrinti tinkam\u0105 augim\u0105, sveik\u0105 vystym\u0105si ir i\u0161vengti su sterilizacija susijusi\u0173 sveikatos problem\u0173.","og_url":"https:\/\/anivet.lt\/elparduotuve\/produktas\/fnd-pasaras-augantiems-jauniems-sterilizuotiems-kaciukams\/","og_site_name":"anivet.lt","article_modified_time":"2026-05-11T18:43:57+00:00","og_image":[{"width":1970,"height":2000,"url":"https:\/\/anivet.lt\/elparduotuve\/wp-content\/uploads\/2023\/09\/FND.png","type":"image\/png"}],"twitter_card":"summary_large_image","twitter_misc":{"Est. reading time":"1 minut\u0117"},"schema":{"@context":"https:\/\/schema.org","@graph":[{"@type":"WebPage","@id":"https:\/\/anivet.lt\/elparduotuve\/produktas\/fnd-pasaras-augantiems-jauniems-sterilizuotiems-kaciukams\/","url":"https:\/\/anivet.lt\/elparduotuve\/produktas\/fnd-pasaras-augantiems-jauniems-sterilizuotiems-kaciukams\/","name":"SPECIFIC\u2122 FND pa\u0161aras augantiems, jauniems, sterilizuotiems ka\u010diukams - anivet.lt","isPartOf":{"@id":"https:\/\/anivet.lt\/elparduotuve\/#website"},"primaryImageOfPage":{"@id":"https:\/\/anivet.lt\/elparduotuve\/produktas\/fnd-pasaras-augantiems-jauniems-sterilizuotiems-kaciukams\/#primaryimage"},"image":{"@id":"https:\/\/anivet.lt\/elparduotuve\/produktas\/fnd-pasaras-augantiems-jauniems-sterilizuotiems-kaciukams\/#primaryimage"},"thumbnailUrl":"https:\/\/anivet.lt\/elparduotuve\/wp-content\/uploads\/2023\/09\/FND.png","datePublished":"2023-09-15T12:36:18+00:00","dateModified":"2026-05-11T18:43:57+00:00","description":"Visavertis pa\u0161aras, sukurtas specialiai sterilizuotiems ka\u010diukams iki 12 m\u0117nesi\u0173 am\u017eiaus. \u0160is pa\u0161aras padeda u\u017etikrinti tinkam\u0105 augim\u0105, sveik\u0105 vystym\u0105si ir i\u0161vengti su sterilizacija susijusi\u0173 sveikatos problem\u0173.","breadcrumb":{"@id":"https:\/\/anivet.lt\/elparduotuve\/produktas\/fnd-pasaras-augantiems-jauniems-sterilizuotiems-kaciukams\/#breadcrumb"},"inLanguage":"lt-LT","potentialAction":[{"@type":"ReadAction","target":["https:\/\/anivet.lt\/elparduotuve\/produktas\/fnd-pasaras-augantiems-jauniems-sterilizuotiems-kaciukams\/"]}]},{"@type":"ImageObject","inLanguage":"lt-LT","@id":"https:\/\/anivet.lt\/elparduotuve\/produktas\/fnd-pasaras-augantiems-jauniems-sterilizuotiems-kaciukams\/#primaryimage","url":"https:\/\/anivet.lt\/elparduotuve\/wp-content\/uploads\/2023\/09\/FND.png","contentUrl":"https:\/\/anivet.lt\/elparduotuve\/wp-content\/uploads\/2023\/09\/FND.png","width":1970,"height":2000,"caption":"SPECIFIC\u2122 FND pa\u0161aras augantiems, jauniems, sterilizuotiems ka\u010diukams"},{"@type":"BreadcrumbList","@id":"https:\/\/anivet.lt\/elparduotuve\/produktas\/fnd-pasaras-augantiems-jauniems-sterilizuotiems-kaciukams\/#breadcrumb","itemListElement":[{"@type":"ListItem","position":1,"name":"Home","item":"https:\/\/anivet.lt\/elparduotuve\/"},{"@type":"ListItem","position":2,"name":"Produktai","item":"https:\/\/anivet.lt\/elparduotuve\/produktai\/"},{"@type":"ListItem","position":3,"name":"SPECIFIC\u2122 FND pa\u0161aras augantiems, jauniems, sterilizuotiems ka\u010diukams"}]},{"@type":"WebSite","@id":"https:\/\/anivet.lt\/elparduotuve\/#website","url":"https:\/\/anivet.lt\/elparduotuve\/","name":"anivet.lt","description":"Viskas J\u016bs\u0173 \u0161uns, kat\u0117s prie\u017ei\u016brai","publisher":{"@id":"https:\/\/anivet.lt\/elparduotuve\/#organization"},"alternateName":"Viskas J\u016bs\u0173 \u0161uns, kat\u0117s prie\u017ei\u016brai","potentialAction":[{"@type":"SearchAction","target":{"@type":"EntryPoint","urlTemplate":"https:\/\/anivet.lt\/elparduotuve\/?s={search_term_string}"},"query-input":{"@type":"PropertyValueSpecification","valueRequired":true,"valueName":"search_term_string"}}],"inLanguage":"lt-LT"},{"@type":"Organization","@id":"https:\/\/anivet.lt\/elparduotuve\/#organization","name":"Viskas J\u016bs\u0173 \u0161uns, kat\u0117s prie\u017ei\u016brai","url":"https:\/\/anivet.lt\/elparduotuve\/","logo":{"@type":"ImageObject","inLanguage":"lt-LT","@id":"https:\/\/anivet.lt\/elparduotuve\/#\/schema\/logo\/image\/","url":"https:\/\/anivet.lt\/elparduotuve\/wp-content\/uploads\/2023\/06\/logo2.jpg","contentUrl":"https:\/\/anivet.lt\/elparduotuve\/wp-content\/uploads\/2023\/06\/logo2.jpg","width":655,"height":194,"caption":"Viskas J\u016bs\u0173 \u0161uns, kat\u0117s prie\u017ei\u016brai"},"image":{"@id":"https:\/\/anivet.lt\/elparduotuve\/#\/schema\/logo\/image\/"}}]}},"_links":{"self":[{"href":"https:\/\/anivet.lt\/elparduotuve\/wp-json\/wp\/v2\/product\/11566","targetHints":{"allow":["GET"]}}],"collection":[{"href":"https:\/\/anivet.lt\/elparduotuve\/wp-json\/wp\/v2\/product"}],"about":[{"href":"https:\/\/anivet.lt\/elparduotuve\/wp-json\/wp\/v2\/types\/product"}],"wp:featuredmedia":[{"embeddable":true,"href":"https:\/\/anivet.lt\/elparduotuve\/wp-json\/wp\/v2\/media\/11567"}],"wp:attachment":[{"href":"https:\/\/anivet.lt\/elparduotuve\/wp-json\/wp\/v2\/media?parent=11566"}],"wp:term":[{"taxonomy":"product_brand","embeddable":true,"href":"https:\/\/anivet.lt\/elparduotuve\/wp-json\/wp\/v2\/product_brand?post=11566"},{"taxonomy":"product_cat","embeddable":true,"href":"https:\/\/anivet.lt\/elparduotuve\/wp-json\/wp\/v2\/product_cat?post=11566"},{"taxonomy":"product_tag","embeddable":true,"href":"https:\/\/anivet.lt\/elparduotuve\/wp-json\/wp\/v2\/product_tag?post=11566"}],"curies":[{"name":"wp","href":"https:\/\/api.w.org\/{rel}","templated":true}]}}