{"id":11574,"date":"2023-09-15T14:22:56","date_gmt":"2023-09-15T14:22:56","guid":{"rendered":"https:\/\/anivet.lt\/elparduotuve\/?post_type=product&#038;p=11574"},"modified":"2026-04-16T10:39:17","modified_gmt":"2026-04-16T10:39:17","slug":"fxd-kasdienis-pasaras-sveikoms-suaugusioms-katems","status":"publish","type":"product","link":"https:\/\/anivet.lt\/elparduotuve\/produktas\/fxd-kasdienis-pasaras-sveikoms-suaugusioms-katems\/","title":{"rendered":"SPECIFIC\u2122 FXD kasdienis pa\u0161aras sveikoms, suaugusioms kat\u0117ms"},"content":{"rendered":"<ul>\n<li style=\"font-weight: 400;\"><span style=\"font-weight: 400;\">Svorio kontrol\u0117: Vidutinis energijos kiekis padeda palaikyti ideal\u0173 k\u016bno svor\u012f ir tinka \u0161erti po svorio metimo programos.<\/span><\/li>\n<li style=\"font-weight: 400;\"><span style=\"font-weight: 400;\">\u0160lapimo tak\u0173 sveikata: Ma\u017eas magnio ir fosforo kiekis bei 6,0\u20136,3 \u0161lapimo pH apsaugo nuo struvit\u0173 kristal\u0173 ir akmen\u0173 susidarymo.<\/span><\/li>\n<li style=\"font-weight: 400;\"><span style=\"font-weight: 400;\">Sveikas kailis ir oda: Omega-3 riebal\u0173 r\u016bg\u0161tys (EPA ir DHA) u\u017etikrina odos ir kailio sveikat\u0105 bei palaiko s\u0105nari\u0173 b\u016bkl\u0119.<\/span><\/li>\n<li style=\"font-weight: 400;\"><span style=\"font-weight: 400;\">Plauk\u0173 kamuoliuk\u0173 prevencija: Padidintas skaidul\u0173 kiekis skatina nuryt\u0173 plauk\u0173 pa\u0161alinim\u0105 ir suma\u017eina plauk\u0173 kamuoliuk\u0173 susidarymo tikimyb\u0119.<\/span><\/li>\n<li style=\"font-weight: 400;\"><span style=\"font-weight: 400;\">Sveikas vir\u0161kinimas: Gyslo\u010dio s\u0117kl\u0173 luobel\u0117s ir runkeli\u0173 i\u0161spaudos palaiko vir\u0161kinimo trakto b\u016bkl\u0119, o jukos ekstraktas suma\u017eina nemalon\u0173 kvap\u0105.<\/span><\/li>\n<\/ul>\n<p><span style=\"font-weight: 400;\">\u201eSPECIFIC\u2122 FXD Adult\u201c pa\u0161aras puikiai atitinka suaugusi\u0173 ka\u010di\u0173 mitybos poreikius ir u\u017etikrina j\u0173 ger\u0105 savijaut\u0105 kasdien. Vyresn\u0117ms nei 8 met\u0173 am\u017eiaus kat\u0117ms rekomenduojama pereiti prie \u201eSPECIFIC\u2122 FGD\/FGW Senior\u201c pa\u0161aro, kad b\u016bt\u0173 u\u017etikrinta tinkama mityba senjorams.<\/span><\/p>\n<h3><b>Nerekomenduojama:<\/b><\/h3>\n<ul>\n<li style=\"font-weight: 400;\"><span style=\"font-weight: 400;\">Jeigu kartu vartojami \u0161lapim\u0105 r\u016bg\u0161tinantys vaistai.<\/span><\/li>\n<li style=\"font-weight: 400;\"><span style=\"font-weight: 400;\">Jaunesniems nei 6 m\u0117nesi\u0173 am\u017eiaus ka\u010diukams, vaikingoms arba \u017eindan\u010dioms kat\u0117ms.<\/span><\/li>\n<li style=\"font-weight: 400;\"><span style=\"font-weight: 400;\">Metabolin\u0117s arba inkst\u0173 acidoz\u0117s metu.<\/span><\/li>\n<\/ul>\n","protected":false},"excerpt":{"rendered":"<p><span style=\"font-weight: 400;\">Visavertis kasdienis pa\u0161aras, skirtas sveikoms, suaugusioms kat\u0117ms iki 8 met\u0173. \u0160is pa\u0161aras padeda palaikyti optimali\u0105 kat\u0117s sveikat\u0105, reguliuoti svor\u012f ir apsaugoti nuo \u0161lapimo tak\u0173 problem\u0173.<\/span><\/p>\n","protected":false},"featured_media":11575,"template":"","meta":[],"product_brand":[],"product_cat":[114,115,102,326],"product_tag":[],"class_list":{"0":"post-11574","1":"product","2":"type-product","3":"status-publish","4":"has-post-thumbnail","6":"product_cat-kaciu-maistas","7":"product_cat-sausas-maistas-ir-skanestai-katems","8":"product_cat-katems","9":"product_cat-specific-kaciu-maistas","10":"pa_prekinis-zenklas-specific","12":"first","13":"instock","14":"sale","15":"taxable","16":"shipping-taxable","17":"purchasable","18":"product-type-variable"},"yoast_head":"<!-- This site is optimized with the Yoast SEO Premium plugin v27.1 (Yoast SEO v27.5) - https:\/\/yoast.com\/product\/yoast-seo-premium-wordpress\/ -->\n<title>SPECIFIC\u2122 FXD kasdienis pa\u0161aras sveikoms, suaugusioms kat\u0117ms - anivet.lt<\/title>\n<meta name=\"description\" content=\"Visavertis kasdienis pa\u0161aras, skirtas sveikoms, suaugusioms kat\u0117ms iki 8 met\u0173. \u0160is pa\u0161aras padeda palaikyti optimali\u0105 kat\u0117s sveikat\u0105, reguliuoti svor\u012f ir apsaugoti nuo \u0161lapimo tak\u0173 problem\u0173.\" \/>\n<meta name=\"robots\" content=\"index, follow, max-snippet:-1, max-image-preview:large, max-video-preview:-1\" \/>\n<link rel=\"canonical\" href=\"https:\/\/anivet.lt\/elparduotuve\/produktas\/fxd-kasdienis-pasaras-sveikoms-suaugusioms-katems\/\" \/>\n<meta property=\"og:locale\" content=\"lt_LT\" \/>\n<meta property=\"og:type\" content=\"article\" \/>\n<meta property=\"og:title\" content=\"SPECIFIC\u2122 FXD kasdienis pa\u0161aras sveikoms, suaugusioms kat\u0117ms\" \/>\n<meta property=\"og:description\" content=\"Visavertis kasdienis pa\u0161aras, skirtas sveikoms, suaugusioms kat\u0117ms iki 8 met\u0173. \u0160is pa\u0161aras padeda palaikyti optimali\u0105 kat\u0117s sveikat\u0105, reguliuoti svor\u012f ir apsaugoti nuo \u0161lapimo tak\u0173 problem\u0173.\" \/>\n<meta property=\"og:url\" content=\"https:\/\/anivet.lt\/elparduotuve\/produktas\/fxd-kasdienis-pasaras-sveikoms-suaugusioms-katems\/\" \/>\n<meta property=\"og:site_name\" content=\"anivet.lt\" \/>\n<meta property=\"article:modified_time\" content=\"2026-04-16T10:39:17+00:00\" \/>\n<meta property=\"og:image\" content=\"https:\/\/anivet.lt\/elparduotuve\/wp-content\/uploads\/2023\/09\/FXD.png\" \/>\n\t<meta property=\"og:image:width\" content=\"1970\" \/>\n\t<meta property=\"og:image:height\" content=\"2000\" \/>\n\t<meta property=\"og:image:type\" content=\"image\/png\" \/>\n<meta name=\"twitter:card\" content=\"summary_large_image\" \/>\n<meta name=\"twitter:label1\" content=\"Est. reading time\" \/>\n\t<meta name=\"twitter:data1\" content=\"1 minut\u0117\" \/>\n<script type=\"application\/ld+json\" class=\"yoast-schema-graph\">{\"@context\":\"https:\\\/\\\/schema.org\",\"@graph\":[{\"@type\":\"WebPage\",\"@id\":\"https:\\\/\\\/anivet.lt\\\/elparduotuve\\\/produktas\\\/fxd-kasdienis-pasaras-sveikoms-suaugusioms-katems\\\/\",\"url\":\"https:\\\/\\\/anivet.lt\\\/elparduotuve\\\/produktas\\\/fxd-kasdienis-pasaras-sveikoms-suaugusioms-katems\\\/\",\"name\":\"SPECIFIC\u2122 FXD kasdienis pa\u0161aras sveikoms, suaugusioms kat\u0117ms - anivet.lt\",\"isPartOf\":{\"@id\":\"https:\\\/\\\/anivet.lt\\\/elparduotuve\\\/#website\"},\"primaryImageOfPage\":{\"@id\":\"https:\\\/\\\/anivet.lt\\\/elparduotuve\\\/produktas\\\/fxd-kasdienis-pasaras-sveikoms-suaugusioms-katems\\\/#primaryimage\"},\"image\":{\"@id\":\"https:\\\/\\\/anivet.lt\\\/elparduotuve\\\/produktas\\\/fxd-kasdienis-pasaras-sveikoms-suaugusioms-katems\\\/#primaryimage\"},\"thumbnailUrl\":\"https:\\\/\\\/anivet.lt\\\/elparduotuve\\\/wp-content\\\/uploads\\\/2023\\\/09\\\/FXD.png\",\"datePublished\":\"2023-09-15T14:22:56+00:00\",\"dateModified\":\"2026-04-16T10:39:17+00:00\",\"description\":\"Visavertis kasdienis pa\u0161aras, skirtas sveikoms, suaugusioms kat\u0117ms iki 8 met\u0173. \u0160is pa\u0161aras padeda palaikyti optimali\u0105 kat\u0117s sveikat\u0105, reguliuoti svor\u012f ir apsaugoti nuo \u0161lapimo tak\u0173 problem\u0173.\",\"breadcrumb\":{\"@id\":\"https:\\\/\\\/anivet.lt\\\/elparduotuve\\\/produktas\\\/fxd-kasdienis-pasaras-sveikoms-suaugusioms-katems\\\/#breadcrumb\"},\"inLanguage\":\"lt-LT\",\"potentialAction\":[{\"@type\":\"ReadAction\",\"target\":[\"https:\\\/\\\/anivet.lt\\\/elparduotuve\\\/produktas\\\/fxd-kasdienis-pasaras-sveikoms-suaugusioms-katems\\\/\"]}]},{\"@type\":\"ImageObject\",\"inLanguage\":\"lt-LT\",\"@id\":\"https:\\\/\\\/anivet.lt\\\/elparduotuve\\\/produktas\\\/fxd-kasdienis-pasaras-sveikoms-suaugusioms-katems\\\/#primaryimage\",\"url\":\"https:\\\/\\\/anivet.lt\\\/elparduotuve\\\/wp-content\\\/uploads\\\/2023\\\/09\\\/FXD.png\",\"contentUrl\":\"https:\\\/\\\/anivet.lt\\\/elparduotuve\\\/wp-content\\\/uploads\\\/2023\\\/09\\\/FXD.png\",\"width\":1970,\"height\":2000,\"caption\":\"SPECIFIC\u2122 FXD kasdienis pa\u0161aras sveikoms, suaugusioms kat\u0117ms\"},{\"@type\":\"BreadcrumbList\",\"@id\":\"https:\\\/\\\/anivet.lt\\\/elparduotuve\\\/produktas\\\/fxd-kasdienis-pasaras-sveikoms-suaugusioms-katems\\\/#breadcrumb\",\"itemListElement\":[{\"@type\":\"ListItem\",\"position\":1,\"name\":\"Home\",\"item\":\"https:\\\/\\\/anivet.lt\\\/elparduotuve\\\/\"},{\"@type\":\"ListItem\",\"position\":2,\"name\":\"Produktai\",\"item\":\"https:\\\/\\\/anivet.lt\\\/elparduotuve\\\/produktai\\\/\"},{\"@type\":\"ListItem\",\"position\":3,\"name\":\"SPECIFIC\u2122 FXD kasdienis pa\u0161aras sveikoms, suaugusioms kat\u0117ms\"}]},{\"@type\":\"WebSite\",\"@id\":\"https:\\\/\\\/anivet.lt\\\/elparduotuve\\\/#website\",\"url\":\"https:\\\/\\\/anivet.lt\\\/elparduotuve\\\/\",\"name\":\"anivet.lt\",\"description\":\"Viskas J\u016bs\u0173 \u0161uns, kat\u0117s prie\u017ei\u016brai\",\"publisher\":{\"@id\":\"https:\\\/\\\/anivet.lt\\\/elparduotuve\\\/#organization\"},\"alternateName\":\"Viskas J\u016bs\u0173 \u0161uns, kat\u0117s prie\u017ei\u016brai\",\"potentialAction\":[{\"@type\":\"SearchAction\",\"target\":{\"@type\":\"EntryPoint\",\"urlTemplate\":\"https:\\\/\\\/anivet.lt\\\/elparduotuve\\\/?s={search_term_string}\"},\"query-input\":{\"@type\":\"PropertyValueSpecification\",\"valueRequired\":true,\"valueName\":\"search_term_string\"}}],\"inLanguage\":\"lt-LT\"},{\"@type\":\"Organization\",\"@id\":\"https:\\\/\\\/anivet.lt\\\/elparduotuve\\\/#organization\",\"name\":\"Viskas J\u016bs\u0173 \u0161uns, kat\u0117s prie\u017ei\u016brai\",\"url\":\"https:\\\/\\\/anivet.lt\\\/elparduotuve\\\/\",\"logo\":{\"@type\":\"ImageObject\",\"inLanguage\":\"lt-LT\",\"@id\":\"https:\\\/\\\/anivet.lt\\\/elparduotuve\\\/#\\\/schema\\\/logo\\\/image\\\/\",\"url\":\"https:\\\/\\\/anivet.lt\\\/elparduotuve\\\/wp-content\\\/uploads\\\/2023\\\/06\\\/logo2.jpg\",\"contentUrl\":\"https:\\\/\\\/anivet.lt\\\/elparduotuve\\\/wp-content\\\/uploads\\\/2023\\\/06\\\/logo2.jpg\",\"width\":655,\"height\":194,\"caption\":\"Viskas J\u016bs\u0173 \u0161uns, kat\u0117s prie\u017ei\u016brai\"},\"image\":{\"@id\":\"https:\\\/\\\/anivet.lt\\\/elparduotuve\\\/#\\\/schema\\\/logo\\\/image\\\/\"}}]}<\/script>\n<!-- \/ Yoast SEO Premium plugin. -->","yoast_head_json":{"title":"SPECIFIC\u2122 FXD kasdienis pa\u0161aras sveikoms, suaugusioms kat\u0117ms - anivet.lt","description":"Visavertis kasdienis pa\u0161aras, skirtas sveikoms, suaugusioms kat\u0117ms iki 8 met\u0173. \u0160is pa\u0161aras padeda palaikyti optimali\u0105 kat\u0117s sveikat\u0105, reguliuoti svor\u012f ir apsaugoti nuo \u0161lapimo tak\u0173 problem\u0173.","robots":{"index":"index","follow":"follow","max-snippet":"max-snippet:-1","max-image-preview":"max-image-preview:large","max-video-preview":"max-video-preview:-1"},"canonical":"https:\/\/anivet.lt\/elparduotuve\/produktas\/fxd-kasdienis-pasaras-sveikoms-suaugusioms-katems\/","og_locale":"lt_LT","og_type":"article","og_title":"SPECIFIC\u2122 FXD kasdienis pa\u0161aras sveikoms, suaugusioms kat\u0117ms","og_description":"Visavertis kasdienis pa\u0161aras, skirtas sveikoms, suaugusioms kat\u0117ms iki 8 met\u0173. \u0160is pa\u0161aras padeda palaikyti optimali\u0105 kat\u0117s sveikat\u0105, reguliuoti svor\u012f ir apsaugoti nuo \u0161lapimo tak\u0173 problem\u0173.","og_url":"https:\/\/anivet.lt\/elparduotuve\/produktas\/fxd-kasdienis-pasaras-sveikoms-suaugusioms-katems\/","og_site_name":"anivet.lt","article_modified_time":"2026-04-16T10:39:17+00:00","og_image":[{"width":1970,"height":2000,"url":"https:\/\/anivet.lt\/elparduotuve\/wp-content\/uploads\/2023\/09\/FXD.png","type":"image\/png"}],"twitter_card":"summary_large_image","twitter_misc":{"Est. reading time":"1 minut\u0117"},"schema":{"@context":"https:\/\/schema.org","@graph":[{"@type":"WebPage","@id":"https:\/\/anivet.lt\/elparduotuve\/produktas\/fxd-kasdienis-pasaras-sveikoms-suaugusioms-katems\/","url":"https:\/\/anivet.lt\/elparduotuve\/produktas\/fxd-kasdienis-pasaras-sveikoms-suaugusioms-katems\/","name":"SPECIFIC\u2122 FXD kasdienis pa\u0161aras sveikoms, suaugusioms kat\u0117ms - anivet.lt","isPartOf":{"@id":"https:\/\/anivet.lt\/elparduotuve\/#website"},"primaryImageOfPage":{"@id":"https:\/\/anivet.lt\/elparduotuve\/produktas\/fxd-kasdienis-pasaras-sveikoms-suaugusioms-katems\/#primaryimage"},"image":{"@id":"https:\/\/anivet.lt\/elparduotuve\/produktas\/fxd-kasdienis-pasaras-sveikoms-suaugusioms-katems\/#primaryimage"},"thumbnailUrl":"https:\/\/anivet.lt\/elparduotuve\/wp-content\/uploads\/2023\/09\/FXD.png","datePublished":"2023-09-15T14:22:56+00:00","dateModified":"2026-04-16T10:39:17+00:00","description":"Visavertis kasdienis pa\u0161aras, skirtas sveikoms, suaugusioms kat\u0117ms iki 8 met\u0173. \u0160is pa\u0161aras padeda palaikyti optimali\u0105 kat\u0117s sveikat\u0105, reguliuoti svor\u012f ir apsaugoti nuo \u0161lapimo tak\u0173 problem\u0173.","breadcrumb":{"@id":"https:\/\/anivet.lt\/elparduotuve\/produktas\/fxd-kasdienis-pasaras-sveikoms-suaugusioms-katems\/#breadcrumb"},"inLanguage":"lt-LT","potentialAction":[{"@type":"ReadAction","target":["https:\/\/anivet.lt\/elparduotuve\/produktas\/fxd-kasdienis-pasaras-sveikoms-suaugusioms-katems\/"]}]},{"@type":"ImageObject","inLanguage":"lt-LT","@id":"https:\/\/anivet.lt\/elparduotuve\/produktas\/fxd-kasdienis-pasaras-sveikoms-suaugusioms-katems\/#primaryimage","url":"https:\/\/anivet.lt\/elparduotuve\/wp-content\/uploads\/2023\/09\/FXD.png","contentUrl":"https:\/\/anivet.lt\/elparduotuve\/wp-content\/uploads\/2023\/09\/FXD.png","width":1970,"height":2000,"caption":"SPECIFIC\u2122 FXD kasdienis pa\u0161aras sveikoms, suaugusioms kat\u0117ms"},{"@type":"BreadcrumbList","@id":"https:\/\/anivet.lt\/elparduotuve\/produktas\/fxd-kasdienis-pasaras-sveikoms-suaugusioms-katems\/#breadcrumb","itemListElement":[{"@type":"ListItem","position":1,"name":"Home","item":"https:\/\/anivet.lt\/elparduotuve\/"},{"@type":"ListItem","position":2,"name":"Produktai","item":"https:\/\/anivet.lt\/elparduotuve\/produktai\/"},{"@type":"ListItem","position":3,"name":"SPECIFIC\u2122 FXD kasdienis pa\u0161aras sveikoms, suaugusioms kat\u0117ms"}]},{"@type":"WebSite","@id":"https:\/\/anivet.lt\/elparduotuve\/#website","url":"https:\/\/anivet.lt\/elparduotuve\/","name":"anivet.lt","description":"Viskas J\u016bs\u0173 \u0161uns, kat\u0117s prie\u017ei\u016brai","publisher":{"@id":"https:\/\/anivet.lt\/elparduotuve\/#organization"},"alternateName":"Viskas J\u016bs\u0173 \u0161uns, kat\u0117s prie\u017ei\u016brai","potentialAction":[{"@type":"SearchAction","target":{"@type":"EntryPoint","urlTemplate":"https:\/\/anivet.lt\/elparduotuve\/?s={search_term_string}"},"query-input":{"@type":"PropertyValueSpecification","valueRequired":true,"valueName":"search_term_string"}}],"inLanguage":"lt-LT"},{"@type":"Organization","@id":"https:\/\/anivet.lt\/elparduotuve\/#organization","name":"Viskas J\u016bs\u0173 \u0161uns, kat\u0117s prie\u017ei\u016brai","url":"https:\/\/anivet.lt\/elparduotuve\/","logo":{"@type":"ImageObject","inLanguage":"lt-LT","@id":"https:\/\/anivet.lt\/elparduotuve\/#\/schema\/logo\/image\/","url":"https:\/\/anivet.lt\/elparduotuve\/wp-content\/uploads\/2023\/06\/logo2.jpg","contentUrl":"https:\/\/anivet.lt\/elparduotuve\/wp-content\/uploads\/2023\/06\/logo2.jpg","width":655,"height":194,"caption":"Viskas J\u016bs\u0173 \u0161uns, kat\u0117s prie\u017ei\u016brai"},"image":{"@id":"https:\/\/anivet.lt\/elparduotuve\/#\/schema\/logo\/image\/"}}]}},"_links":{"self":[{"href":"https:\/\/anivet.lt\/elparduotuve\/wp-json\/wp\/v2\/product\/11574","targetHints":{"allow":["GET"]}}],"collection":[{"href":"https:\/\/anivet.lt\/elparduotuve\/wp-json\/wp\/v2\/product"}],"about":[{"href":"https:\/\/anivet.lt\/elparduotuve\/wp-json\/wp\/v2\/types\/product"}],"wp:featuredmedia":[{"embeddable":true,"href":"https:\/\/anivet.lt\/elparduotuve\/wp-json\/wp\/v2\/media\/11575"}],"wp:attachment":[{"href":"https:\/\/anivet.lt\/elparduotuve\/wp-json\/wp\/v2\/media?parent=11574"}],"wp:term":[{"taxonomy":"product_brand","embeddable":true,"href":"https:\/\/anivet.lt\/elparduotuve\/wp-json\/wp\/v2\/product_brand?post=11574"},{"taxonomy":"product_cat","embeddable":true,"href":"https:\/\/anivet.lt\/elparduotuve\/wp-json\/wp\/v2\/product_cat?post=11574"},{"taxonomy":"product_tag","embeddable":true,"href":"https:\/\/anivet.lt\/elparduotuve\/wp-json\/wp\/v2\/product_tag?post=11574"}],"curies":[{"name":"wp","href":"https:\/\/api.w.org\/{rel}","templated":true}]}}