{"id":11594,"date":"2023-09-16T08:08:39","date_gmt":"2023-09-16T08:08:39","guid":{"rendered":"https:\/\/anivet.lt\/elparduotuve\/?post_type=product&#038;p=11594"},"modified":"2026-04-16T10:38:41","modified_gmt":"2026-04-16T10:38:41","slug":"fcd-pasaras-katems-struvitiniu-akmenu-profilaktikai","status":"publish","type":"product","link":"https:\/\/anivet.lt\/elparduotuve\/produktas\/fcd-pasaras-katems-struvitiniu-akmenu-profilaktikai\/","title":{"rendered":"SPECIFIC\u2122 FCD pa\u0161aras kat\u0117ms struvitini\u0173 akmen\u0173 profilaktikai"},"content":{"rendered":"<ul>\n<li style=\"font-weight: 400;\"><span style=\"font-weight: 400;\">\u0160lapimo pH reguliavimas: Ma\u017eesnis nei 6,4 pH padeda tirpdyti esamus struvitus ir apsaugo nuo nauj\u0173 kristal\u0173 susidarymo.<\/span><\/li>\n<li style=\"font-weight: 400;\"><span style=\"font-weight: 400;\">Kontroliuojamas mineral\u0173 kiekis: Suma\u017eintas magnio ir fosforo kiekis suma\u017eina struvit\u0173 ir kalcio oksalat\u0173 formavimosi rizik\u0105.<\/span><\/li>\n<li style=\"font-weight: 400;\"><span style=\"font-weight: 400;\">Omega-3 riebal\u0173 r\u016bg\u0161tys: EPA ir DHA palaiko sveik\u0105 od\u0105, kail\u012f ir s\u0105nari\u0173 b\u016bkl\u0119.<\/span><\/li>\n<li style=\"font-weight: 400;\"><span style=\"font-weight: 400;\">Chondroitinas: Suteikia nat\u016brali\u0105 apsaug\u0105 \u0161lapimo p\u016bsl\u0117s sienelei, stiprindamas gleivin\u0117s sluoksn\u012f.<\/span><\/li>\n<li style=\"font-weight: 400;\"><span style=\"font-weight: 400;\">Lengvai vir\u0161kinamas: Auk\u0161tos kokyb\u0117s ingredientai u\u017etikrina maistini\u0173 med\u017eiag\u0173 \u012fsisavinim\u0105 ir suma\u017eina i\u0161mat\u0173 kiek\u012f.<\/span><\/li>\n<\/ul>\n<p><span style=\"font-weight: 400;\">\u201eSPECIFIC\u2122 FCD Crystal Management\u201c pa\u0161aras yra puikus pasirinkimas kasdieniam \u0161\u0117rimui suaugusioms kat\u0117ms, siekiant u\u017etikrinti sveik\u0105 \u0161lapimo tak\u0173 veikl\u0105. Jis tinka kat\u0117ms su didesniais energijos poreikiais ir suteikia visas b\u016btinas maistines med\u017eiagas sveikam ir aktyviam gyvenimui. Rekomenduojama naudoti pasitarus su veterinarijos gydytoju.<\/span><\/p>\n<h3><b>Nerekomenduojama:<\/b><\/h3>\n<ul>\n<li style=\"font-weight: 400;\"><span style=\"font-weight: 400;\">Jeigu kartu vartojami \u0161lapim\u0105 r\u016bg\u0161tinantys vaistai.<\/span><\/li>\n<li style=\"font-weight: 400;\"><span style=\"font-weight: 400;\">Jaunesniems nei 6 m\u0117nesi\u0173 am\u017eiaus ka\u010diukams, vaikingoms arba \u017eindan\u010dioms kat\u0117ms.<\/span><\/li>\n<li style=\"font-weight: 400;\"><span style=\"font-weight: 400;\">Metabolin\u0117s arba inkst\u0173 acidoz\u0117s metu.<\/span><\/li>\n<\/ul>\n","protected":false},"excerpt":{"rendered":"<p><span style=\"font-weight: 400;\">Visavertis sausas pa\u0161aras, sukurtas specialiai kat\u0117ms iki 8 met\u0173 am\u017eiaus. \u0160is pa\u0161aras padeda suma\u017einti \u0161lapimo tak\u0173 lig\u0173, toki\u0173 kaip idiopatinis cistitas ir \u0161lapl\u0117s u\u017esikim\u0161imas, rizik\u0105, taip pat efektyviai tirpdo struvitinius kristalus ir ma\u017eina j\u0173 susidarym\u0105.<\/span><\/p>\n","protected":false},"featured_media":11595,"template":"","meta":[],"product_brand":[],"product_cat":[114,102,118,326],"product_tag":[],"class_list":{"0":"post-11594","1":"product","2":"type-product","3":"status-publish","4":"has-post-thumbnail","6":"product_cat-kaciu-maistas","7":"product_cat-katems","8":"product_cat-veterinarinis-maistas-katems","9":"product_cat-specific-kaciu-maistas","10":"pa_prekinis-zenklas-specific","12":"first","13":"instock","14":"sale","15":"taxable","16":"shipping-taxable","17":"purchasable","18":"product-type-variable"},"yoast_head":"<!-- This site is optimized with the Yoast SEO Premium plugin v27.1 (Yoast SEO v27.5) - https:\/\/yoast.com\/product\/yoast-seo-premium-wordpress\/ -->\n<title>SPECIFIC\u2122 FCD pa\u0161aras kat\u0117ms struvitini\u0173 akmen\u0173 profilaktikai - anivet.lt<\/title>\n<meta name=\"description\" content=\"Visavertis sausas pa\u0161aras, sukurtas specialiai kat\u0117ms iki 8 met\u0173 am\u017eiaus. \u0160is pa\u0161aras padeda suma\u017einti \u0161lapimo tak\u0173 lig\u0173, toki\u0173 kaip idiopatinis cistitas ir \u0161lapl\u0117s u\u017esikim\u0161imas, rizik\u0105, taip pat efektyviai tirpdo struvitinius kristalus ir ma\u017eina j\u0173 susidarym\u0105.\" \/>\n<meta name=\"robots\" content=\"index, follow, max-snippet:-1, max-image-preview:large, max-video-preview:-1\" \/>\n<link rel=\"canonical\" href=\"https:\/\/anivet.lt\/elparduotuve\/produktas\/fcd-pasaras-katems-struvitiniu-akmenu-profilaktikai\/\" \/>\n<meta property=\"og:locale\" content=\"lt_LT\" \/>\n<meta property=\"og:type\" content=\"article\" \/>\n<meta property=\"og:title\" content=\"SPECIFIC\u2122 FCD pa\u0161aras kat\u0117ms struvitini\u0173 akmen\u0173 profilaktikai\" \/>\n<meta property=\"og:description\" content=\"Visavertis sausas pa\u0161aras, sukurtas specialiai kat\u0117ms iki 8 met\u0173 am\u017eiaus. \u0160is pa\u0161aras padeda suma\u017einti \u0161lapimo tak\u0173 lig\u0173, toki\u0173 kaip idiopatinis cistitas ir \u0161lapl\u0117s u\u017esikim\u0161imas, rizik\u0105, taip pat efektyviai tirpdo struvitinius kristalus ir ma\u017eina j\u0173 susidarym\u0105.\" \/>\n<meta property=\"og:url\" content=\"https:\/\/anivet.lt\/elparduotuve\/produktas\/fcd-pasaras-katems-struvitiniu-akmenu-profilaktikai\/\" \/>\n<meta property=\"og:site_name\" content=\"anivet.lt\" \/>\n<meta property=\"article:modified_time\" content=\"2026-04-16T10:38:41+00:00\" \/>\n<meta property=\"og:image\" content=\"https:\/\/anivet.lt\/elparduotuve\/wp-content\/uploads\/2023\/09\/FCD.png\" \/>\n\t<meta property=\"og:image:width\" content=\"1970\" \/>\n\t<meta property=\"og:image:height\" content=\"2000\" \/>\n\t<meta property=\"og:image:type\" content=\"image\/png\" \/>\n<meta name=\"twitter:card\" content=\"summary_large_image\" \/>\n<meta name=\"twitter:label1\" content=\"Est. reading time\" \/>\n\t<meta name=\"twitter:data1\" content=\"1 minut\u0117\" \/>\n<script type=\"application\/ld+json\" class=\"yoast-schema-graph\">{\"@context\":\"https:\\\/\\\/schema.org\",\"@graph\":[{\"@type\":\"WebPage\",\"@id\":\"https:\\\/\\\/anivet.lt\\\/elparduotuve\\\/produktas\\\/fcd-pasaras-katems-struvitiniu-akmenu-profilaktikai\\\/\",\"url\":\"https:\\\/\\\/anivet.lt\\\/elparduotuve\\\/produktas\\\/fcd-pasaras-katems-struvitiniu-akmenu-profilaktikai\\\/\",\"name\":\"SPECIFIC\u2122 FCD pa\u0161aras kat\u0117ms struvitini\u0173 akmen\u0173 profilaktikai - anivet.lt\",\"isPartOf\":{\"@id\":\"https:\\\/\\\/anivet.lt\\\/elparduotuve\\\/#website\"},\"primaryImageOfPage\":{\"@id\":\"https:\\\/\\\/anivet.lt\\\/elparduotuve\\\/produktas\\\/fcd-pasaras-katems-struvitiniu-akmenu-profilaktikai\\\/#primaryimage\"},\"image\":{\"@id\":\"https:\\\/\\\/anivet.lt\\\/elparduotuve\\\/produktas\\\/fcd-pasaras-katems-struvitiniu-akmenu-profilaktikai\\\/#primaryimage\"},\"thumbnailUrl\":\"https:\\\/\\\/anivet.lt\\\/elparduotuve\\\/wp-content\\\/uploads\\\/2023\\\/09\\\/FCD.png\",\"datePublished\":\"2023-09-16T08:08:39+00:00\",\"dateModified\":\"2026-04-16T10:38:41+00:00\",\"description\":\"Visavertis sausas pa\u0161aras, sukurtas specialiai kat\u0117ms iki 8 met\u0173 am\u017eiaus. \u0160is pa\u0161aras padeda suma\u017einti \u0161lapimo tak\u0173 lig\u0173, toki\u0173 kaip idiopatinis cistitas ir \u0161lapl\u0117s u\u017esikim\u0161imas, rizik\u0105, taip pat efektyviai tirpdo struvitinius kristalus ir ma\u017eina j\u0173 susidarym\u0105.\",\"breadcrumb\":{\"@id\":\"https:\\\/\\\/anivet.lt\\\/elparduotuve\\\/produktas\\\/fcd-pasaras-katems-struvitiniu-akmenu-profilaktikai\\\/#breadcrumb\"},\"inLanguage\":\"lt-LT\",\"potentialAction\":[{\"@type\":\"ReadAction\",\"target\":[\"https:\\\/\\\/anivet.lt\\\/elparduotuve\\\/produktas\\\/fcd-pasaras-katems-struvitiniu-akmenu-profilaktikai\\\/\"]}]},{\"@type\":\"ImageObject\",\"inLanguage\":\"lt-LT\",\"@id\":\"https:\\\/\\\/anivet.lt\\\/elparduotuve\\\/produktas\\\/fcd-pasaras-katems-struvitiniu-akmenu-profilaktikai\\\/#primaryimage\",\"url\":\"https:\\\/\\\/anivet.lt\\\/elparduotuve\\\/wp-content\\\/uploads\\\/2023\\\/09\\\/FCD.png\",\"contentUrl\":\"https:\\\/\\\/anivet.lt\\\/elparduotuve\\\/wp-content\\\/uploads\\\/2023\\\/09\\\/FCD.png\",\"width\":1970,\"height\":2000,\"caption\":\"SPECIFIC\u2122 FCD pa\u0161aras kat\u0117ms struvitini\u0173 akmen\u0173 profilaktikai\"},{\"@type\":\"BreadcrumbList\",\"@id\":\"https:\\\/\\\/anivet.lt\\\/elparduotuve\\\/produktas\\\/fcd-pasaras-katems-struvitiniu-akmenu-profilaktikai\\\/#breadcrumb\",\"itemListElement\":[{\"@type\":\"ListItem\",\"position\":1,\"name\":\"Home\",\"item\":\"https:\\\/\\\/anivet.lt\\\/elparduotuve\\\/\"},{\"@type\":\"ListItem\",\"position\":2,\"name\":\"Produktai\",\"item\":\"https:\\\/\\\/anivet.lt\\\/elparduotuve\\\/produktai\\\/\"},{\"@type\":\"ListItem\",\"position\":3,\"name\":\"SPECIFIC\u2122 FCD pa\u0161aras kat\u0117ms struvitini\u0173 akmen\u0173 profilaktikai\"}]},{\"@type\":\"WebSite\",\"@id\":\"https:\\\/\\\/anivet.lt\\\/elparduotuve\\\/#website\",\"url\":\"https:\\\/\\\/anivet.lt\\\/elparduotuve\\\/\",\"name\":\"anivet.lt\",\"description\":\"Viskas J\u016bs\u0173 \u0161uns, kat\u0117s prie\u017ei\u016brai\",\"publisher\":{\"@id\":\"https:\\\/\\\/anivet.lt\\\/elparduotuve\\\/#organization\"},\"alternateName\":\"Viskas J\u016bs\u0173 \u0161uns, kat\u0117s prie\u017ei\u016brai\",\"potentialAction\":[{\"@type\":\"SearchAction\",\"target\":{\"@type\":\"EntryPoint\",\"urlTemplate\":\"https:\\\/\\\/anivet.lt\\\/elparduotuve\\\/?s={search_term_string}\"},\"query-input\":{\"@type\":\"PropertyValueSpecification\",\"valueRequired\":true,\"valueName\":\"search_term_string\"}}],\"inLanguage\":\"lt-LT\"},{\"@type\":\"Organization\",\"@id\":\"https:\\\/\\\/anivet.lt\\\/elparduotuve\\\/#organization\",\"name\":\"Viskas J\u016bs\u0173 \u0161uns, kat\u0117s prie\u017ei\u016brai\",\"url\":\"https:\\\/\\\/anivet.lt\\\/elparduotuve\\\/\",\"logo\":{\"@type\":\"ImageObject\",\"inLanguage\":\"lt-LT\",\"@id\":\"https:\\\/\\\/anivet.lt\\\/elparduotuve\\\/#\\\/schema\\\/logo\\\/image\\\/\",\"url\":\"https:\\\/\\\/anivet.lt\\\/elparduotuve\\\/wp-content\\\/uploads\\\/2023\\\/06\\\/logo2.jpg\",\"contentUrl\":\"https:\\\/\\\/anivet.lt\\\/elparduotuve\\\/wp-content\\\/uploads\\\/2023\\\/06\\\/logo2.jpg\",\"width\":655,\"height\":194,\"caption\":\"Viskas J\u016bs\u0173 \u0161uns, kat\u0117s prie\u017ei\u016brai\"},\"image\":{\"@id\":\"https:\\\/\\\/anivet.lt\\\/elparduotuve\\\/#\\\/schema\\\/logo\\\/image\\\/\"}}]}<\/script>\n<!-- \/ Yoast SEO Premium plugin. -->","yoast_head_json":{"title":"SPECIFIC\u2122 FCD pa\u0161aras kat\u0117ms struvitini\u0173 akmen\u0173 profilaktikai - anivet.lt","description":"Visavertis sausas pa\u0161aras, sukurtas specialiai kat\u0117ms iki 8 met\u0173 am\u017eiaus. \u0160is pa\u0161aras padeda suma\u017einti \u0161lapimo tak\u0173 lig\u0173, toki\u0173 kaip idiopatinis cistitas ir \u0161lapl\u0117s u\u017esikim\u0161imas, rizik\u0105, taip pat efektyviai tirpdo struvitinius kristalus ir ma\u017eina j\u0173 susidarym\u0105.","robots":{"index":"index","follow":"follow","max-snippet":"max-snippet:-1","max-image-preview":"max-image-preview:large","max-video-preview":"max-video-preview:-1"},"canonical":"https:\/\/anivet.lt\/elparduotuve\/produktas\/fcd-pasaras-katems-struvitiniu-akmenu-profilaktikai\/","og_locale":"lt_LT","og_type":"article","og_title":"SPECIFIC\u2122 FCD pa\u0161aras kat\u0117ms struvitini\u0173 akmen\u0173 profilaktikai","og_description":"Visavertis sausas pa\u0161aras, sukurtas specialiai kat\u0117ms iki 8 met\u0173 am\u017eiaus. \u0160is pa\u0161aras padeda suma\u017einti \u0161lapimo tak\u0173 lig\u0173, toki\u0173 kaip idiopatinis cistitas ir \u0161lapl\u0117s u\u017esikim\u0161imas, rizik\u0105, taip pat efektyviai tirpdo struvitinius kristalus ir ma\u017eina j\u0173 susidarym\u0105.","og_url":"https:\/\/anivet.lt\/elparduotuve\/produktas\/fcd-pasaras-katems-struvitiniu-akmenu-profilaktikai\/","og_site_name":"anivet.lt","article_modified_time":"2026-04-16T10:38:41+00:00","og_image":[{"width":1970,"height":2000,"url":"https:\/\/anivet.lt\/elparduotuve\/wp-content\/uploads\/2023\/09\/FCD.png","type":"image\/png"}],"twitter_card":"summary_large_image","twitter_misc":{"Est. reading time":"1 minut\u0117"},"schema":{"@context":"https:\/\/schema.org","@graph":[{"@type":"WebPage","@id":"https:\/\/anivet.lt\/elparduotuve\/produktas\/fcd-pasaras-katems-struvitiniu-akmenu-profilaktikai\/","url":"https:\/\/anivet.lt\/elparduotuve\/produktas\/fcd-pasaras-katems-struvitiniu-akmenu-profilaktikai\/","name":"SPECIFIC\u2122 FCD pa\u0161aras kat\u0117ms struvitini\u0173 akmen\u0173 profilaktikai - anivet.lt","isPartOf":{"@id":"https:\/\/anivet.lt\/elparduotuve\/#website"},"primaryImageOfPage":{"@id":"https:\/\/anivet.lt\/elparduotuve\/produktas\/fcd-pasaras-katems-struvitiniu-akmenu-profilaktikai\/#primaryimage"},"image":{"@id":"https:\/\/anivet.lt\/elparduotuve\/produktas\/fcd-pasaras-katems-struvitiniu-akmenu-profilaktikai\/#primaryimage"},"thumbnailUrl":"https:\/\/anivet.lt\/elparduotuve\/wp-content\/uploads\/2023\/09\/FCD.png","datePublished":"2023-09-16T08:08:39+00:00","dateModified":"2026-04-16T10:38:41+00:00","description":"Visavertis sausas pa\u0161aras, sukurtas specialiai kat\u0117ms iki 8 met\u0173 am\u017eiaus. \u0160is pa\u0161aras padeda suma\u017einti \u0161lapimo tak\u0173 lig\u0173, toki\u0173 kaip idiopatinis cistitas ir \u0161lapl\u0117s u\u017esikim\u0161imas, rizik\u0105, taip pat efektyviai tirpdo struvitinius kristalus ir ma\u017eina j\u0173 susidarym\u0105.","breadcrumb":{"@id":"https:\/\/anivet.lt\/elparduotuve\/produktas\/fcd-pasaras-katems-struvitiniu-akmenu-profilaktikai\/#breadcrumb"},"inLanguage":"lt-LT","potentialAction":[{"@type":"ReadAction","target":["https:\/\/anivet.lt\/elparduotuve\/produktas\/fcd-pasaras-katems-struvitiniu-akmenu-profilaktikai\/"]}]},{"@type":"ImageObject","inLanguage":"lt-LT","@id":"https:\/\/anivet.lt\/elparduotuve\/produktas\/fcd-pasaras-katems-struvitiniu-akmenu-profilaktikai\/#primaryimage","url":"https:\/\/anivet.lt\/elparduotuve\/wp-content\/uploads\/2023\/09\/FCD.png","contentUrl":"https:\/\/anivet.lt\/elparduotuve\/wp-content\/uploads\/2023\/09\/FCD.png","width":1970,"height":2000,"caption":"SPECIFIC\u2122 FCD pa\u0161aras kat\u0117ms struvitini\u0173 akmen\u0173 profilaktikai"},{"@type":"BreadcrumbList","@id":"https:\/\/anivet.lt\/elparduotuve\/produktas\/fcd-pasaras-katems-struvitiniu-akmenu-profilaktikai\/#breadcrumb","itemListElement":[{"@type":"ListItem","position":1,"name":"Home","item":"https:\/\/anivet.lt\/elparduotuve\/"},{"@type":"ListItem","position":2,"name":"Produktai","item":"https:\/\/anivet.lt\/elparduotuve\/produktai\/"},{"@type":"ListItem","position":3,"name":"SPECIFIC\u2122 FCD pa\u0161aras kat\u0117ms struvitini\u0173 akmen\u0173 profilaktikai"}]},{"@type":"WebSite","@id":"https:\/\/anivet.lt\/elparduotuve\/#website","url":"https:\/\/anivet.lt\/elparduotuve\/","name":"anivet.lt","description":"Viskas J\u016bs\u0173 \u0161uns, kat\u0117s prie\u017ei\u016brai","publisher":{"@id":"https:\/\/anivet.lt\/elparduotuve\/#organization"},"alternateName":"Viskas J\u016bs\u0173 \u0161uns, kat\u0117s prie\u017ei\u016brai","potentialAction":[{"@type":"SearchAction","target":{"@type":"EntryPoint","urlTemplate":"https:\/\/anivet.lt\/elparduotuve\/?s={search_term_string}"},"query-input":{"@type":"PropertyValueSpecification","valueRequired":true,"valueName":"search_term_string"}}],"inLanguage":"lt-LT"},{"@type":"Organization","@id":"https:\/\/anivet.lt\/elparduotuve\/#organization","name":"Viskas J\u016bs\u0173 \u0161uns, kat\u0117s prie\u017ei\u016brai","url":"https:\/\/anivet.lt\/elparduotuve\/","logo":{"@type":"ImageObject","inLanguage":"lt-LT","@id":"https:\/\/anivet.lt\/elparduotuve\/#\/schema\/logo\/image\/","url":"https:\/\/anivet.lt\/elparduotuve\/wp-content\/uploads\/2023\/06\/logo2.jpg","contentUrl":"https:\/\/anivet.lt\/elparduotuve\/wp-content\/uploads\/2023\/06\/logo2.jpg","width":655,"height":194,"caption":"Viskas J\u016bs\u0173 \u0161uns, kat\u0117s prie\u017ei\u016brai"},"image":{"@id":"https:\/\/anivet.lt\/elparduotuve\/#\/schema\/logo\/image\/"}}]}},"_links":{"self":[{"href":"https:\/\/anivet.lt\/elparduotuve\/wp-json\/wp\/v2\/product\/11594","targetHints":{"allow":["GET"]}}],"collection":[{"href":"https:\/\/anivet.lt\/elparduotuve\/wp-json\/wp\/v2\/product"}],"about":[{"href":"https:\/\/anivet.lt\/elparduotuve\/wp-json\/wp\/v2\/types\/product"}],"wp:featuredmedia":[{"embeddable":true,"href":"https:\/\/anivet.lt\/elparduotuve\/wp-json\/wp\/v2\/media\/11595"}],"wp:attachment":[{"href":"https:\/\/anivet.lt\/elparduotuve\/wp-json\/wp\/v2\/media?parent=11594"}],"wp:term":[{"taxonomy":"product_brand","embeddable":true,"href":"https:\/\/anivet.lt\/elparduotuve\/wp-json\/wp\/v2\/product_brand?post=11594"},{"taxonomy":"product_cat","embeddable":true,"href":"https:\/\/anivet.lt\/elparduotuve\/wp-json\/wp\/v2\/product_cat?post=11594"},{"taxonomy":"product_tag","embeddable":true,"href":"https:\/\/anivet.lt\/elparduotuve\/wp-json\/wp\/v2\/product_tag?post=11594"}],"curies":[{"name":"wp","href":"https:\/\/api.w.org\/{rel}","templated":true}]}}