{"id":11601,"date":"2023-09-16T09:45:07","date_gmt":"2023-09-16T09:45:07","guid":{"rendered":"https:\/\/anivet.lt\/elparduotuve\/?post_type=product&#038;p=11601"},"modified":"2026-04-16T10:38:18","modified_gmt":"2026-04-16T10:38:18","slug":"11601","status":"publish","type":"product","link":"https:\/\/anivet.lt\/elparduotuve\/produktas\/11601\/","title":{"rendered":"SPECIFIC\u2122 FCD-L pa\u0161aras kat\u0117ms struvitini\u0173 akmen\u0173 profilaktikai ir svorio kontrolei"},"content":{"rendered":"<ul>\n<li style=\"font-weight: 400;\"><span style=\"font-weight: 400;\">Kristal\u0173 tirpinimas ir prevencija: Speciali formul\u0117 ma\u017eina \u0161lapimo SPR (santykinio pertekliaus rodiklio) vertes, tirpdo susiformavusius struvit\u0173 kristalus ir apsaugo nuo nauj\u0173 struvit\u0173 bei kalcio oksalat\u0173 formavimosi.<\/span><\/li>\n<li style=\"font-weight: 400;\"><span style=\"font-weight: 400;\">Reguliuojamas \u0161lapimo pH: Palaiko \u0161lapimo pH ma\u017eesn\u012f nei 6,4, u\u017etikrindamas kristal\u0173 tirpim\u0105 ir nauj\u0173 atsiradimo prevencij\u0105.<\/span><\/li>\n<li style=\"font-weight: 400;\"><span style=\"font-weight: 400;\">Suma\u017eintas magnio ir fosforo kiekis: Ma\u017eina struvit\u0173 akmen\u0173 susidarymo rizik\u0105, i\u0161laikant optimal\u0173 mineral\u0173 balans\u0105.<\/span><\/li>\n<li style=\"font-weight: 400;\"><span style=\"font-weight: 400;\">Auk\u0161tos kokyb\u0117s sudedamosios dalys: Lengvai vir\u0161kinami ingredientai u\u017etikrina ger\u0105 maistini\u0173 med\u017eiag\u0173 \u012fsisavinim\u0105 ir suma\u017eina i\u0161mat\u0173 kiek\u012f.<\/span><\/li>\n<li style=\"font-weight: 400;\"><span style=\"font-weight: 400;\">EPA ir DHA omega-3 r\u016bg\u0161tys: Palaiko sveik\u0105 odos, kailio ir s\u0105nari\u0173 b\u016bkl\u0119, suteikiant papildom\u0105 naud\u0105 bendrai savijautai.<\/span><\/li>\n<\/ul>\n<p><span style=\"font-weight: 400;\">\u0160is pa\u0161aras yra puikus pasirinkimas kat\u0117ms, turin\u010dioms \u0161lapimo tak\u0173 problem\u0173, u\u017etikrinantis j\u0173 komfort\u0105 bei ilgalaik\u0119 sveikat\u0105. D\u0117l vidutin\u0117s energin\u0117s vert\u0117s pa\u0161aras taip pat tinkamas ma\u017eai judan\u010dioms kat\u0117ms, padedant i\u0161vengti antsvorio.<\/span><\/p>\n<h3><b>Nerekomenduojama:<\/b><\/h3>\n<ul>\n<li style=\"font-weight: 400;\"><span style=\"font-weight: 400;\">Jeigu kartu vartojami \u0161lapim\u0105 r\u016bg\u0161tinantys vaistai.<\/span><\/li>\n<li style=\"font-weight: 400;\"><span style=\"font-weight: 400;\">Jaunesniems nei 6 m\u0117nesi\u0173 am\u017eiaus ka\u010diukams, vaikingoms arba \u017eindan\u010dios kat\u0117ms.<\/span><\/li>\n<li style=\"font-weight: 400;\"><span style=\"font-weight: 400;\">Metabolin\u0117s arba inkst\u0173 acidoz\u0117s metu.<\/span><\/li>\n<\/ul>\n","protected":false},"excerpt":{"rendered":"<p><span style=\"font-weight: 400;\">Specializuotas kasdienis pa\u0161aras kat\u0117ms, skirtas ma\u017einti \u0161lapimo tak\u0173 lig\u0173 rizik\u0105 ir palaikyti optimali\u0105 sveikat\u0105. \u0160is subalansuotas maistas idealiai tinka kat\u0117ms, linkusioms \u012f antsvor\u012f, bei sergan\u010dioms struvit\u0173 akmenlige.<\/span><\/p>\n","protected":false},"featured_media":11602,"template":"","meta":[],"product_brand":[],"product_cat":[114,102,118,326],"product_tag":[],"class_list":{"0":"post-11601","1":"product","2":"type-product","3":"status-publish","4":"has-post-thumbnail","6":"product_cat-kaciu-maistas","7":"product_cat-katems","8":"product_cat-veterinarinis-maistas-katems","9":"product_cat-specific-kaciu-maistas","10":"pa_prekinis-zenklas-specific","12":"first","13":"instock","14":"sale","15":"taxable","16":"shipping-taxable","17":"purchasable","18":"product-type-variable"},"yoast_head":"<!-- This site is optimized with the Yoast SEO Premium plugin v27.1 (Yoast SEO v27.5) - https:\/\/yoast.com\/product\/yoast-seo-premium-wordpress\/ -->\n<title>SPECIFIC\u2122 FCD-L pa\u0161aras kat\u0117ms struvitini\u0173 akmen\u0173 profilaktikai ir svorio kontrolei - anivet.lt<\/title>\n<meta name=\"description\" content=\"Specializuotas kasdienis pa\u0161aras kat\u0117ms, skirtas ma\u017einti \u0161lapimo tak\u0173 lig\u0173 rizik\u0105 ir palaikyti optimali\u0105 sveikat\u0105. \u0160is subalansuotas maistas idealiai tinka kat\u0117ms, linkusioms \u012f antsvor\u012f, bei sergan\u010dioms struvit\u0173 akmenlige.\" \/>\n<meta name=\"robots\" content=\"index, follow, max-snippet:-1, max-image-preview:large, max-video-preview:-1\" \/>\n<link rel=\"canonical\" href=\"https:\/\/anivet.lt\/elparduotuve\/produktas\/11601\/\" \/>\n<meta property=\"og:locale\" content=\"lt_LT\" \/>\n<meta property=\"og:type\" content=\"article\" \/>\n<meta property=\"og:title\" content=\"SPECIFIC\u2122 FCD-L pa\u0161aras kat\u0117ms struvitini\u0173 akmen\u0173 profilaktikai ir svorio kontrolei\" \/>\n<meta property=\"og:description\" content=\"Specializuotas kasdienis pa\u0161aras kat\u0117ms, skirtas ma\u017einti \u0161lapimo tak\u0173 lig\u0173 rizik\u0105 ir palaikyti optimali\u0105 sveikat\u0105. \u0160is subalansuotas maistas idealiai tinka kat\u0117ms, linkusioms \u012f antsvor\u012f, bei sergan\u010dioms struvit\u0173 akmenlige.\" \/>\n<meta property=\"og:url\" content=\"https:\/\/anivet.lt\/elparduotuve\/produktas\/11601\/\" \/>\n<meta property=\"og:site_name\" content=\"anivet.lt\" \/>\n<meta property=\"article:modified_time\" content=\"2026-04-16T10:38:18+00:00\" \/>\n<meta property=\"og:image\" content=\"https:\/\/anivet.lt\/elparduotuve\/wp-content\/uploads\/2023\/09\/FCD-L.png\" \/>\n\t<meta property=\"og:image:width\" content=\"1970\" \/>\n\t<meta property=\"og:image:height\" content=\"2000\" \/>\n\t<meta property=\"og:image:type\" content=\"image\/png\" \/>\n<meta name=\"twitter:card\" content=\"summary_large_image\" \/>\n<meta name=\"twitter:label1\" content=\"Est. reading time\" \/>\n\t<meta name=\"twitter:data1\" content=\"1 minut\u0117\" \/>\n<script type=\"application\/ld+json\" class=\"yoast-schema-graph\">{\"@context\":\"https:\\\/\\\/schema.org\",\"@graph\":[{\"@type\":\"WebPage\",\"@id\":\"https:\\\/\\\/anivet.lt\\\/elparduotuve\\\/produktas\\\/11601\\\/\",\"url\":\"https:\\\/\\\/anivet.lt\\\/elparduotuve\\\/produktas\\\/11601\\\/\",\"name\":\"SPECIFIC\u2122 FCD-L pa\u0161aras kat\u0117ms struvitini\u0173 akmen\u0173 profilaktikai ir svorio kontrolei - anivet.lt\",\"isPartOf\":{\"@id\":\"https:\\\/\\\/anivet.lt\\\/elparduotuve\\\/#website\"},\"primaryImageOfPage\":{\"@id\":\"https:\\\/\\\/anivet.lt\\\/elparduotuve\\\/produktas\\\/11601\\\/#primaryimage\"},\"image\":{\"@id\":\"https:\\\/\\\/anivet.lt\\\/elparduotuve\\\/produktas\\\/11601\\\/#primaryimage\"},\"thumbnailUrl\":\"https:\\\/\\\/anivet.lt\\\/elparduotuve\\\/wp-content\\\/uploads\\\/2023\\\/09\\\/FCD-L.png\",\"datePublished\":\"2023-09-16T09:45:07+00:00\",\"dateModified\":\"2026-04-16T10:38:18+00:00\",\"description\":\"Specializuotas kasdienis pa\u0161aras kat\u0117ms, skirtas ma\u017einti \u0161lapimo tak\u0173 lig\u0173 rizik\u0105 ir palaikyti optimali\u0105 sveikat\u0105. \u0160is subalansuotas maistas idealiai tinka kat\u0117ms, linkusioms \u012f antsvor\u012f, bei sergan\u010dioms struvit\u0173 akmenlige.\",\"breadcrumb\":{\"@id\":\"https:\\\/\\\/anivet.lt\\\/elparduotuve\\\/produktas\\\/11601\\\/#breadcrumb\"},\"inLanguage\":\"lt-LT\",\"potentialAction\":[{\"@type\":\"ReadAction\",\"target\":[\"https:\\\/\\\/anivet.lt\\\/elparduotuve\\\/produktas\\\/11601\\\/\"]}]},{\"@type\":\"ImageObject\",\"inLanguage\":\"lt-LT\",\"@id\":\"https:\\\/\\\/anivet.lt\\\/elparduotuve\\\/produktas\\\/11601\\\/#primaryimage\",\"url\":\"https:\\\/\\\/anivet.lt\\\/elparduotuve\\\/wp-content\\\/uploads\\\/2023\\\/09\\\/FCD-L.png\",\"contentUrl\":\"https:\\\/\\\/anivet.lt\\\/elparduotuve\\\/wp-content\\\/uploads\\\/2023\\\/09\\\/FCD-L.png\",\"width\":1970,\"height\":2000,\"caption\":\"SPECIFIC\u2122 FCD-L pa\u0161aras kat\u0117ms struvitini\u0173 akmen\u0173 profilaktikai ir svorio kontrolei\"},{\"@type\":\"BreadcrumbList\",\"@id\":\"https:\\\/\\\/anivet.lt\\\/elparduotuve\\\/produktas\\\/11601\\\/#breadcrumb\",\"itemListElement\":[{\"@type\":\"ListItem\",\"position\":1,\"name\":\"Home\",\"item\":\"https:\\\/\\\/anivet.lt\\\/elparduotuve\\\/\"},{\"@type\":\"ListItem\",\"position\":2,\"name\":\"Produktai\",\"item\":\"https:\\\/\\\/anivet.lt\\\/elparduotuve\\\/produktai\\\/\"},{\"@type\":\"ListItem\",\"position\":3,\"name\":\"SPECIFIC\u2122 FCD-L pa\u0161aras kat\u0117ms struvitini\u0173 akmen\u0173 profilaktikai ir svorio kontrolei\"}]},{\"@type\":\"WebSite\",\"@id\":\"https:\\\/\\\/anivet.lt\\\/elparduotuve\\\/#website\",\"url\":\"https:\\\/\\\/anivet.lt\\\/elparduotuve\\\/\",\"name\":\"anivet.lt\",\"description\":\"Viskas J\u016bs\u0173 \u0161uns, kat\u0117s prie\u017ei\u016brai\",\"publisher\":{\"@id\":\"https:\\\/\\\/anivet.lt\\\/elparduotuve\\\/#organization\"},\"alternateName\":\"Viskas J\u016bs\u0173 \u0161uns, kat\u0117s prie\u017ei\u016brai\",\"potentialAction\":[{\"@type\":\"SearchAction\",\"target\":{\"@type\":\"EntryPoint\",\"urlTemplate\":\"https:\\\/\\\/anivet.lt\\\/elparduotuve\\\/?s={search_term_string}\"},\"query-input\":{\"@type\":\"PropertyValueSpecification\",\"valueRequired\":true,\"valueName\":\"search_term_string\"}}],\"inLanguage\":\"lt-LT\"},{\"@type\":\"Organization\",\"@id\":\"https:\\\/\\\/anivet.lt\\\/elparduotuve\\\/#organization\",\"name\":\"Viskas J\u016bs\u0173 \u0161uns, kat\u0117s prie\u017ei\u016brai\",\"url\":\"https:\\\/\\\/anivet.lt\\\/elparduotuve\\\/\",\"logo\":{\"@type\":\"ImageObject\",\"inLanguage\":\"lt-LT\",\"@id\":\"https:\\\/\\\/anivet.lt\\\/elparduotuve\\\/#\\\/schema\\\/logo\\\/image\\\/\",\"url\":\"https:\\\/\\\/anivet.lt\\\/elparduotuve\\\/wp-content\\\/uploads\\\/2023\\\/06\\\/logo2.jpg\",\"contentUrl\":\"https:\\\/\\\/anivet.lt\\\/elparduotuve\\\/wp-content\\\/uploads\\\/2023\\\/06\\\/logo2.jpg\",\"width\":655,\"height\":194,\"caption\":\"Viskas J\u016bs\u0173 \u0161uns, kat\u0117s prie\u017ei\u016brai\"},\"image\":{\"@id\":\"https:\\\/\\\/anivet.lt\\\/elparduotuve\\\/#\\\/schema\\\/logo\\\/image\\\/\"}}]}<\/script>\n<!-- \/ Yoast SEO Premium plugin. -->","yoast_head_json":{"title":"SPECIFIC\u2122 FCD-L pa\u0161aras kat\u0117ms struvitini\u0173 akmen\u0173 profilaktikai ir svorio kontrolei - anivet.lt","description":"Specializuotas kasdienis pa\u0161aras kat\u0117ms, skirtas ma\u017einti \u0161lapimo tak\u0173 lig\u0173 rizik\u0105 ir palaikyti optimali\u0105 sveikat\u0105. \u0160is subalansuotas maistas idealiai tinka kat\u0117ms, linkusioms \u012f antsvor\u012f, bei sergan\u010dioms struvit\u0173 akmenlige.","robots":{"index":"index","follow":"follow","max-snippet":"max-snippet:-1","max-image-preview":"max-image-preview:large","max-video-preview":"max-video-preview:-1"},"canonical":"https:\/\/anivet.lt\/elparduotuve\/produktas\/11601\/","og_locale":"lt_LT","og_type":"article","og_title":"SPECIFIC\u2122 FCD-L pa\u0161aras kat\u0117ms struvitini\u0173 akmen\u0173 profilaktikai ir svorio kontrolei","og_description":"Specializuotas kasdienis pa\u0161aras kat\u0117ms, skirtas ma\u017einti \u0161lapimo tak\u0173 lig\u0173 rizik\u0105 ir palaikyti optimali\u0105 sveikat\u0105. \u0160is subalansuotas maistas idealiai tinka kat\u0117ms, linkusioms \u012f antsvor\u012f, bei sergan\u010dioms struvit\u0173 akmenlige.","og_url":"https:\/\/anivet.lt\/elparduotuve\/produktas\/11601\/","og_site_name":"anivet.lt","article_modified_time":"2026-04-16T10:38:18+00:00","og_image":[{"width":1970,"height":2000,"url":"https:\/\/anivet.lt\/elparduotuve\/wp-content\/uploads\/2023\/09\/FCD-L.png","type":"image\/png"}],"twitter_card":"summary_large_image","twitter_misc":{"Est. reading time":"1 minut\u0117"},"schema":{"@context":"https:\/\/schema.org","@graph":[{"@type":"WebPage","@id":"https:\/\/anivet.lt\/elparduotuve\/produktas\/11601\/","url":"https:\/\/anivet.lt\/elparduotuve\/produktas\/11601\/","name":"SPECIFIC\u2122 FCD-L pa\u0161aras kat\u0117ms struvitini\u0173 akmen\u0173 profilaktikai ir svorio kontrolei - anivet.lt","isPartOf":{"@id":"https:\/\/anivet.lt\/elparduotuve\/#website"},"primaryImageOfPage":{"@id":"https:\/\/anivet.lt\/elparduotuve\/produktas\/11601\/#primaryimage"},"image":{"@id":"https:\/\/anivet.lt\/elparduotuve\/produktas\/11601\/#primaryimage"},"thumbnailUrl":"https:\/\/anivet.lt\/elparduotuve\/wp-content\/uploads\/2023\/09\/FCD-L.png","datePublished":"2023-09-16T09:45:07+00:00","dateModified":"2026-04-16T10:38:18+00:00","description":"Specializuotas kasdienis pa\u0161aras kat\u0117ms, skirtas ma\u017einti \u0161lapimo tak\u0173 lig\u0173 rizik\u0105 ir palaikyti optimali\u0105 sveikat\u0105. \u0160is subalansuotas maistas idealiai tinka kat\u0117ms, linkusioms \u012f antsvor\u012f, bei sergan\u010dioms struvit\u0173 akmenlige.","breadcrumb":{"@id":"https:\/\/anivet.lt\/elparduotuve\/produktas\/11601\/#breadcrumb"},"inLanguage":"lt-LT","potentialAction":[{"@type":"ReadAction","target":["https:\/\/anivet.lt\/elparduotuve\/produktas\/11601\/"]}]},{"@type":"ImageObject","inLanguage":"lt-LT","@id":"https:\/\/anivet.lt\/elparduotuve\/produktas\/11601\/#primaryimage","url":"https:\/\/anivet.lt\/elparduotuve\/wp-content\/uploads\/2023\/09\/FCD-L.png","contentUrl":"https:\/\/anivet.lt\/elparduotuve\/wp-content\/uploads\/2023\/09\/FCD-L.png","width":1970,"height":2000,"caption":"SPECIFIC\u2122 FCD-L pa\u0161aras kat\u0117ms struvitini\u0173 akmen\u0173 profilaktikai ir svorio kontrolei"},{"@type":"BreadcrumbList","@id":"https:\/\/anivet.lt\/elparduotuve\/produktas\/11601\/#breadcrumb","itemListElement":[{"@type":"ListItem","position":1,"name":"Home","item":"https:\/\/anivet.lt\/elparduotuve\/"},{"@type":"ListItem","position":2,"name":"Produktai","item":"https:\/\/anivet.lt\/elparduotuve\/produktai\/"},{"@type":"ListItem","position":3,"name":"SPECIFIC\u2122 FCD-L pa\u0161aras kat\u0117ms struvitini\u0173 akmen\u0173 profilaktikai ir svorio kontrolei"}]},{"@type":"WebSite","@id":"https:\/\/anivet.lt\/elparduotuve\/#website","url":"https:\/\/anivet.lt\/elparduotuve\/","name":"anivet.lt","description":"Viskas J\u016bs\u0173 \u0161uns, kat\u0117s prie\u017ei\u016brai","publisher":{"@id":"https:\/\/anivet.lt\/elparduotuve\/#organization"},"alternateName":"Viskas J\u016bs\u0173 \u0161uns, kat\u0117s prie\u017ei\u016brai","potentialAction":[{"@type":"SearchAction","target":{"@type":"EntryPoint","urlTemplate":"https:\/\/anivet.lt\/elparduotuve\/?s={search_term_string}"},"query-input":{"@type":"PropertyValueSpecification","valueRequired":true,"valueName":"search_term_string"}}],"inLanguage":"lt-LT"},{"@type":"Organization","@id":"https:\/\/anivet.lt\/elparduotuve\/#organization","name":"Viskas J\u016bs\u0173 \u0161uns, kat\u0117s prie\u017ei\u016brai","url":"https:\/\/anivet.lt\/elparduotuve\/","logo":{"@type":"ImageObject","inLanguage":"lt-LT","@id":"https:\/\/anivet.lt\/elparduotuve\/#\/schema\/logo\/image\/","url":"https:\/\/anivet.lt\/elparduotuve\/wp-content\/uploads\/2023\/06\/logo2.jpg","contentUrl":"https:\/\/anivet.lt\/elparduotuve\/wp-content\/uploads\/2023\/06\/logo2.jpg","width":655,"height":194,"caption":"Viskas J\u016bs\u0173 \u0161uns, kat\u0117s prie\u017ei\u016brai"},"image":{"@id":"https:\/\/anivet.lt\/elparduotuve\/#\/schema\/logo\/image\/"}}]}},"_links":{"self":[{"href":"https:\/\/anivet.lt\/elparduotuve\/wp-json\/wp\/v2\/product\/11601","targetHints":{"allow":["GET"]}}],"collection":[{"href":"https:\/\/anivet.lt\/elparduotuve\/wp-json\/wp\/v2\/product"}],"about":[{"href":"https:\/\/anivet.lt\/elparduotuve\/wp-json\/wp\/v2\/types\/product"}],"wp:featuredmedia":[{"embeddable":true,"href":"https:\/\/anivet.lt\/elparduotuve\/wp-json\/wp\/v2\/media\/11602"}],"wp:attachment":[{"href":"https:\/\/anivet.lt\/elparduotuve\/wp-json\/wp\/v2\/media?parent=11601"}],"wp:term":[{"taxonomy":"product_brand","embeddable":true,"href":"https:\/\/anivet.lt\/elparduotuve\/wp-json\/wp\/v2\/product_brand?post=11601"},{"taxonomy":"product_cat","embeddable":true,"href":"https:\/\/anivet.lt\/elparduotuve\/wp-json\/wp\/v2\/product_cat?post=11601"},{"taxonomy":"product_tag","embeddable":true,"href":"https:\/\/anivet.lt\/elparduotuve\/wp-json\/wp\/v2\/product_tag?post=11601"}],"curies":[{"name":"wp","href":"https:\/\/api.w.org\/{rel}","templated":true}]}}