{"id":11608,"date":"2023-09-16T10:09:06","date_gmt":"2023-09-16T10:09:06","guid":{"rendered":"https:\/\/anivet.lt\/elparduotuve\/?post_type=product&#038;p=11608"},"modified":"2026-04-16T10:38:03","modified_gmt":"2026-04-16T10:38:03","slug":"fkd-pasaras-katems-su-inkstu-ar-kepenu-sutrikimais","status":"publish","type":"product","link":"https:\/\/anivet.lt\/elparduotuve\/produktas\/fkd-pasaras-katems-su-inkstu-ar-kepenu-sutrikimais\/","title":{"rendered":"SPECIFIC\u2122 FKD pa\u0161aras kat\u0117ms su inkst\u0173 ar kepen\u0173 sutrikimais"},"content":{"rendered":"<ul>\n<li style=\"font-weight: 400;\"><span style=\"font-weight: 400;\">Inkst\u0173 funkcijos palaikymas: Ribotas fosforo kiekis padeda l\u0117tinti inkst\u0173 nepakankamumo progresavim\u0105, o didelis omega-3 riebal\u0173 r\u016bg\u0161\u010di\u0173 kiekis (EPA ir DHA) gerina inkst\u0173 veikl\u0105.<\/span><\/li>\n<li style=\"font-weight: 400;\"><span style=\"font-weight: 400;\">Kepen\u0173 apsauga: Suma\u017eintas vario kiekis apsaugo nuo jo kaupimosi, b\u016bdingo kepen\u0173 ligomis sergan\u010dioms kat\u0117ms.<\/span><\/li>\n<li style=\"font-weight: 400;\"><span style=\"font-weight: 400;\">\u0160irdies palaikymas: Suma\u017eintas natrio kiekis ma\u017eina hipertenzij\u0105 ir edem\u0105, o taurinas ir L-karnitinas stiprina \u0161irdies raumen\u012f.<\/span><\/li>\n<li style=\"font-weight: 400;\"><span style=\"font-weight: 400;\">\u0160lapimo tak\u0173 sveikata: \u0160arminis \u0161lapimo pH ir kalio citratas ma\u017eina kalcio oksalat\u0173, cistin\u0173 ir urat\u0173 kristal\u0173 susidarymo rizik\u0105.<\/span><\/li>\n<li style=\"font-weight: 400;\"><span style=\"font-weight: 400;\">Pagerintas apetitas: Skoninga formul\u0117 padidina tikimyb\u0119, kad net apetito stokojan\u010dios kat\u0117s gaus reikiamas maistines med\u017eiagas.<\/span><\/li>\n<\/ul>\n<p><span style=\"font-weight: 400;\">\u201eSPECIFIC\u2122 FKD Kidney Support\u201c pa\u0161aras u\u017etikrina subalansuot\u0105 mityb\u0105, kuri palaiko j\u016bs\u0173 kat\u0117s sveikat\u0105 ir padeda valdyti lig\u0173 simptomus. Jis yra lengvai vir\u0161kinamas ir specialiai pritaikytas kat\u0117ms, turin\u010dioms jautri\u0105 inkst\u0173, kepen\u0173 ar \u0161irdies funkcij\u0105. Prie\u0161 naudojim\u0105 rekomenduojama pasitarti su veterinarijos gydytoju.<\/span><\/p>\n<h3><b>Nerekomenduojama:<\/b><\/h3>\n<ul>\n<li style=\"font-weight: 400;\"><span style=\"font-weight: 400;\">Ka\u010diukams augimo laikotarpiu.<\/span><\/li>\n<li style=\"font-weight: 400;\"><span style=\"font-weight: 400;\">N\u0117\u0161tumo ar laktacijos metu.<\/span><\/li>\n<li style=\"font-weight: 400;\"><span style=\"font-weight: 400;\">Sergantiems struvit\u0173 akmenlige.<\/span><\/li>\n<li style=\"font-weight: 400;\"><span style=\"font-weight: 400;\">Pacientams su cholestaze. Jiems tinkamesnis \u0117dalas su ma\u017eesniu riebal\u0173 kiekiu (toks kaip SPECIFIC\u2122 FRD\/FRW Weight Reduction arba SPECIFIC\u2122 FXD Adult).<\/span><\/li>\n<\/ul>\n","protected":false},"excerpt":{"rendered":"<p><span style=\"font-weight: 400;\">Visavertis sausas pa\u0161aras, skirtas kat\u0117ms, sergan\u010dioms l\u0117tiniu inkst\u0173 nepakankamumu, kepen\u0173 nepakankamumu (i\u0161skyrus cholestaz\u0119), \u0161irdies nepakankamumu, hipertenzija arba ken\u010dian\u010dioms nuo urat\u0173, oksalat\u0173 ar cistin\u0173 akmenlig\u0117s. \u0160is pa\u0161aras padeda valdyti lig\u0173 simptomus ir palaikyti kat\u0117s bendr\u0105 sveikat\u0105.<\/span><\/p>\n","protected":false},"featured_media":11609,"template":"","meta":[],"product_brand":[],"product_cat":[114,102,118,326],"product_tag":[],"class_list":{"0":"post-11608","1":"product","2":"type-product","3":"status-publish","4":"has-post-thumbnail","6":"product_cat-kaciu-maistas","7":"product_cat-katems","8":"product_cat-veterinarinis-maistas-katems","9":"product_cat-specific-kaciu-maistas","10":"pa_prekinis-zenklas-specific","12":"first","13":"instock","14":"sale","15":"taxable","16":"shipping-taxable","17":"purchasable","18":"product-type-variable"},"yoast_head":"<!-- This site is optimized with the Yoast SEO Premium plugin v27.1 (Yoast SEO v27.5) - https:\/\/yoast.com\/product\/yoast-seo-premium-wordpress\/ -->\n<title>SPECIFIC\u2122 FKD pa\u0161aras kat\u0117ms su inkst\u0173 ar kepen\u0173 sutrikimais - anivet.lt<\/title>\n<meta name=\"description\" content=\"Visavertis sausas pa\u0161aras, skirtas kat\u0117ms, sergan\u010dioms l\u0117tiniu inkst\u0173 nepakankamumu, kepen\u0173 nepakankamumu (i\u0161skyrus cholestaz\u0119), \u0161irdies nepakankamumu, hipertenzija arba ken\u010dian\u010dioms nuo urat\u0173, oksalat\u0173 ar cistin\u0173 akmenlig\u0117s. \u0160is pa\u0161aras padeda valdyti lig\u0173 simptomus ir palaikyti kat\u0117s bendr\u0105 sveikat\u0105.\" \/>\n<meta name=\"robots\" content=\"index, follow, max-snippet:-1, max-image-preview:large, max-video-preview:-1\" \/>\n<link rel=\"canonical\" href=\"https:\/\/anivet.lt\/elparduotuve\/produktas\/fkd-pasaras-katems-su-inkstu-ar-kepenu-sutrikimais\/\" \/>\n<meta property=\"og:locale\" content=\"lt_LT\" \/>\n<meta property=\"og:type\" content=\"article\" \/>\n<meta property=\"og:title\" content=\"SPECIFIC\u2122 FKD pa\u0161aras kat\u0117ms su inkst\u0173 ar kepen\u0173 sutrikimais\" \/>\n<meta property=\"og:description\" content=\"Visavertis sausas pa\u0161aras, skirtas kat\u0117ms, sergan\u010dioms l\u0117tiniu inkst\u0173 nepakankamumu, kepen\u0173 nepakankamumu (i\u0161skyrus cholestaz\u0119), \u0161irdies nepakankamumu, hipertenzija arba ken\u010dian\u010dioms nuo urat\u0173, oksalat\u0173 ar cistin\u0173 akmenlig\u0117s. \u0160is pa\u0161aras padeda valdyti lig\u0173 simptomus ir palaikyti kat\u0117s bendr\u0105 sveikat\u0105.\" \/>\n<meta property=\"og:url\" content=\"https:\/\/anivet.lt\/elparduotuve\/produktas\/fkd-pasaras-katems-su-inkstu-ar-kepenu-sutrikimais\/\" \/>\n<meta property=\"og:site_name\" content=\"anivet.lt\" \/>\n<meta property=\"article:modified_time\" content=\"2026-04-16T10:38:03+00:00\" \/>\n<meta property=\"og:image\" content=\"https:\/\/anivet.lt\/elparduotuve\/wp-content\/uploads\/2023\/09\/FKD.png\" \/>\n\t<meta property=\"og:image:width\" content=\"1970\" \/>\n\t<meta property=\"og:image:height\" content=\"2000\" \/>\n\t<meta property=\"og:image:type\" content=\"image\/png\" \/>\n<meta name=\"twitter:card\" content=\"summary_large_image\" \/>\n<meta name=\"twitter:label1\" content=\"Est. reading time\" \/>\n\t<meta name=\"twitter:data1\" content=\"2 minut\u0117s\" \/>\n<script type=\"application\/ld+json\" class=\"yoast-schema-graph\">{\"@context\":\"https:\\\/\\\/schema.org\",\"@graph\":[{\"@type\":\"WebPage\",\"@id\":\"https:\\\/\\\/anivet.lt\\\/elparduotuve\\\/produktas\\\/fkd-pasaras-katems-su-inkstu-ar-kepenu-sutrikimais\\\/\",\"url\":\"https:\\\/\\\/anivet.lt\\\/elparduotuve\\\/produktas\\\/fkd-pasaras-katems-su-inkstu-ar-kepenu-sutrikimais\\\/\",\"name\":\"SPECIFIC\u2122 FKD pa\u0161aras kat\u0117ms su inkst\u0173 ar kepen\u0173 sutrikimais - anivet.lt\",\"isPartOf\":{\"@id\":\"https:\\\/\\\/anivet.lt\\\/elparduotuve\\\/#website\"},\"primaryImageOfPage\":{\"@id\":\"https:\\\/\\\/anivet.lt\\\/elparduotuve\\\/produktas\\\/fkd-pasaras-katems-su-inkstu-ar-kepenu-sutrikimais\\\/#primaryimage\"},\"image\":{\"@id\":\"https:\\\/\\\/anivet.lt\\\/elparduotuve\\\/produktas\\\/fkd-pasaras-katems-su-inkstu-ar-kepenu-sutrikimais\\\/#primaryimage\"},\"thumbnailUrl\":\"https:\\\/\\\/anivet.lt\\\/elparduotuve\\\/wp-content\\\/uploads\\\/2023\\\/09\\\/FKD.png\",\"datePublished\":\"2023-09-16T10:09:06+00:00\",\"dateModified\":\"2026-04-16T10:38:03+00:00\",\"description\":\"Visavertis sausas pa\u0161aras, skirtas kat\u0117ms, sergan\u010dioms l\u0117tiniu inkst\u0173 nepakankamumu, kepen\u0173 nepakankamumu (i\u0161skyrus cholestaz\u0119), \u0161irdies nepakankamumu, hipertenzija arba ken\u010dian\u010dioms nuo urat\u0173, oksalat\u0173 ar cistin\u0173 akmenlig\u0117s. \u0160is pa\u0161aras padeda valdyti lig\u0173 simptomus ir palaikyti kat\u0117s bendr\u0105 sveikat\u0105.\",\"breadcrumb\":{\"@id\":\"https:\\\/\\\/anivet.lt\\\/elparduotuve\\\/produktas\\\/fkd-pasaras-katems-su-inkstu-ar-kepenu-sutrikimais\\\/#breadcrumb\"},\"inLanguage\":\"lt-LT\",\"potentialAction\":[{\"@type\":\"ReadAction\",\"target\":[\"https:\\\/\\\/anivet.lt\\\/elparduotuve\\\/produktas\\\/fkd-pasaras-katems-su-inkstu-ar-kepenu-sutrikimais\\\/\"]}]},{\"@type\":\"ImageObject\",\"inLanguage\":\"lt-LT\",\"@id\":\"https:\\\/\\\/anivet.lt\\\/elparduotuve\\\/produktas\\\/fkd-pasaras-katems-su-inkstu-ar-kepenu-sutrikimais\\\/#primaryimage\",\"url\":\"https:\\\/\\\/anivet.lt\\\/elparduotuve\\\/wp-content\\\/uploads\\\/2023\\\/09\\\/FKD.png\",\"contentUrl\":\"https:\\\/\\\/anivet.lt\\\/elparduotuve\\\/wp-content\\\/uploads\\\/2023\\\/09\\\/FKD.png\",\"width\":1970,\"height\":2000,\"caption\":\"SPECIFIC\u2122 FKD pa\u0161aras kat\u0117ms su inkst\u0173 ar kepen\u0173 sutrikimais\"},{\"@type\":\"BreadcrumbList\",\"@id\":\"https:\\\/\\\/anivet.lt\\\/elparduotuve\\\/produktas\\\/fkd-pasaras-katems-su-inkstu-ar-kepenu-sutrikimais\\\/#breadcrumb\",\"itemListElement\":[{\"@type\":\"ListItem\",\"position\":1,\"name\":\"Home\",\"item\":\"https:\\\/\\\/anivet.lt\\\/elparduotuve\\\/\"},{\"@type\":\"ListItem\",\"position\":2,\"name\":\"Produktai\",\"item\":\"https:\\\/\\\/anivet.lt\\\/elparduotuve\\\/produktai\\\/\"},{\"@type\":\"ListItem\",\"position\":3,\"name\":\"SPECIFIC\u2122 FKD pa\u0161aras kat\u0117ms su inkst\u0173 ar kepen\u0173 sutrikimais\"}]},{\"@type\":\"WebSite\",\"@id\":\"https:\\\/\\\/anivet.lt\\\/elparduotuve\\\/#website\",\"url\":\"https:\\\/\\\/anivet.lt\\\/elparduotuve\\\/\",\"name\":\"anivet.lt\",\"description\":\"Viskas J\u016bs\u0173 \u0161uns, kat\u0117s prie\u017ei\u016brai\",\"publisher\":{\"@id\":\"https:\\\/\\\/anivet.lt\\\/elparduotuve\\\/#organization\"},\"alternateName\":\"Viskas J\u016bs\u0173 \u0161uns, kat\u0117s prie\u017ei\u016brai\",\"potentialAction\":[{\"@type\":\"SearchAction\",\"target\":{\"@type\":\"EntryPoint\",\"urlTemplate\":\"https:\\\/\\\/anivet.lt\\\/elparduotuve\\\/?s={search_term_string}\"},\"query-input\":{\"@type\":\"PropertyValueSpecification\",\"valueRequired\":true,\"valueName\":\"search_term_string\"}}],\"inLanguage\":\"lt-LT\"},{\"@type\":\"Organization\",\"@id\":\"https:\\\/\\\/anivet.lt\\\/elparduotuve\\\/#organization\",\"name\":\"Viskas J\u016bs\u0173 \u0161uns, kat\u0117s prie\u017ei\u016brai\",\"url\":\"https:\\\/\\\/anivet.lt\\\/elparduotuve\\\/\",\"logo\":{\"@type\":\"ImageObject\",\"inLanguage\":\"lt-LT\",\"@id\":\"https:\\\/\\\/anivet.lt\\\/elparduotuve\\\/#\\\/schema\\\/logo\\\/image\\\/\",\"url\":\"https:\\\/\\\/anivet.lt\\\/elparduotuve\\\/wp-content\\\/uploads\\\/2023\\\/06\\\/logo2.jpg\",\"contentUrl\":\"https:\\\/\\\/anivet.lt\\\/elparduotuve\\\/wp-content\\\/uploads\\\/2023\\\/06\\\/logo2.jpg\",\"width\":655,\"height\":194,\"caption\":\"Viskas J\u016bs\u0173 \u0161uns, kat\u0117s prie\u017ei\u016brai\"},\"image\":{\"@id\":\"https:\\\/\\\/anivet.lt\\\/elparduotuve\\\/#\\\/schema\\\/logo\\\/image\\\/\"}}]}<\/script>\n<!-- \/ Yoast SEO Premium plugin. -->","yoast_head_json":{"title":"SPECIFIC\u2122 FKD pa\u0161aras kat\u0117ms su inkst\u0173 ar kepen\u0173 sutrikimais - anivet.lt","description":"Visavertis sausas pa\u0161aras, skirtas kat\u0117ms, sergan\u010dioms l\u0117tiniu inkst\u0173 nepakankamumu, kepen\u0173 nepakankamumu (i\u0161skyrus cholestaz\u0119), \u0161irdies nepakankamumu, hipertenzija arba ken\u010dian\u010dioms nuo urat\u0173, oksalat\u0173 ar cistin\u0173 akmenlig\u0117s. \u0160is pa\u0161aras padeda valdyti lig\u0173 simptomus ir palaikyti kat\u0117s bendr\u0105 sveikat\u0105.","robots":{"index":"index","follow":"follow","max-snippet":"max-snippet:-1","max-image-preview":"max-image-preview:large","max-video-preview":"max-video-preview:-1"},"canonical":"https:\/\/anivet.lt\/elparduotuve\/produktas\/fkd-pasaras-katems-su-inkstu-ar-kepenu-sutrikimais\/","og_locale":"lt_LT","og_type":"article","og_title":"SPECIFIC\u2122 FKD pa\u0161aras kat\u0117ms su inkst\u0173 ar kepen\u0173 sutrikimais","og_description":"Visavertis sausas pa\u0161aras, skirtas kat\u0117ms, sergan\u010dioms l\u0117tiniu inkst\u0173 nepakankamumu, kepen\u0173 nepakankamumu (i\u0161skyrus cholestaz\u0119), \u0161irdies nepakankamumu, hipertenzija arba ken\u010dian\u010dioms nuo urat\u0173, oksalat\u0173 ar cistin\u0173 akmenlig\u0117s. \u0160is pa\u0161aras padeda valdyti lig\u0173 simptomus ir palaikyti kat\u0117s bendr\u0105 sveikat\u0105.","og_url":"https:\/\/anivet.lt\/elparduotuve\/produktas\/fkd-pasaras-katems-su-inkstu-ar-kepenu-sutrikimais\/","og_site_name":"anivet.lt","article_modified_time":"2026-04-16T10:38:03+00:00","og_image":[{"width":1970,"height":2000,"url":"https:\/\/anivet.lt\/elparduotuve\/wp-content\/uploads\/2023\/09\/FKD.png","type":"image\/png"}],"twitter_card":"summary_large_image","twitter_misc":{"Est. reading time":"2 minut\u0117s"},"schema":{"@context":"https:\/\/schema.org","@graph":[{"@type":"WebPage","@id":"https:\/\/anivet.lt\/elparduotuve\/produktas\/fkd-pasaras-katems-su-inkstu-ar-kepenu-sutrikimais\/","url":"https:\/\/anivet.lt\/elparduotuve\/produktas\/fkd-pasaras-katems-su-inkstu-ar-kepenu-sutrikimais\/","name":"SPECIFIC\u2122 FKD pa\u0161aras kat\u0117ms su inkst\u0173 ar kepen\u0173 sutrikimais - anivet.lt","isPartOf":{"@id":"https:\/\/anivet.lt\/elparduotuve\/#website"},"primaryImageOfPage":{"@id":"https:\/\/anivet.lt\/elparduotuve\/produktas\/fkd-pasaras-katems-su-inkstu-ar-kepenu-sutrikimais\/#primaryimage"},"image":{"@id":"https:\/\/anivet.lt\/elparduotuve\/produktas\/fkd-pasaras-katems-su-inkstu-ar-kepenu-sutrikimais\/#primaryimage"},"thumbnailUrl":"https:\/\/anivet.lt\/elparduotuve\/wp-content\/uploads\/2023\/09\/FKD.png","datePublished":"2023-09-16T10:09:06+00:00","dateModified":"2026-04-16T10:38:03+00:00","description":"Visavertis sausas pa\u0161aras, skirtas kat\u0117ms, sergan\u010dioms l\u0117tiniu inkst\u0173 nepakankamumu, kepen\u0173 nepakankamumu (i\u0161skyrus cholestaz\u0119), \u0161irdies nepakankamumu, hipertenzija arba ken\u010dian\u010dioms nuo urat\u0173, oksalat\u0173 ar cistin\u0173 akmenlig\u0117s. \u0160is pa\u0161aras padeda valdyti lig\u0173 simptomus ir palaikyti kat\u0117s bendr\u0105 sveikat\u0105.","breadcrumb":{"@id":"https:\/\/anivet.lt\/elparduotuve\/produktas\/fkd-pasaras-katems-su-inkstu-ar-kepenu-sutrikimais\/#breadcrumb"},"inLanguage":"lt-LT","potentialAction":[{"@type":"ReadAction","target":["https:\/\/anivet.lt\/elparduotuve\/produktas\/fkd-pasaras-katems-su-inkstu-ar-kepenu-sutrikimais\/"]}]},{"@type":"ImageObject","inLanguage":"lt-LT","@id":"https:\/\/anivet.lt\/elparduotuve\/produktas\/fkd-pasaras-katems-su-inkstu-ar-kepenu-sutrikimais\/#primaryimage","url":"https:\/\/anivet.lt\/elparduotuve\/wp-content\/uploads\/2023\/09\/FKD.png","contentUrl":"https:\/\/anivet.lt\/elparduotuve\/wp-content\/uploads\/2023\/09\/FKD.png","width":1970,"height":2000,"caption":"SPECIFIC\u2122 FKD pa\u0161aras kat\u0117ms su inkst\u0173 ar kepen\u0173 sutrikimais"},{"@type":"BreadcrumbList","@id":"https:\/\/anivet.lt\/elparduotuve\/produktas\/fkd-pasaras-katems-su-inkstu-ar-kepenu-sutrikimais\/#breadcrumb","itemListElement":[{"@type":"ListItem","position":1,"name":"Home","item":"https:\/\/anivet.lt\/elparduotuve\/"},{"@type":"ListItem","position":2,"name":"Produktai","item":"https:\/\/anivet.lt\/elparduotuve\/produktai\/"},{"@type":"ListItem","position":3,"name":"SPECIFIC\u2122 FKD pa\u0161aras kat\u0117ms su inkst\u0173 ar kepen\u0173 sutrikimais"}]},{"@type":"WebSite","@id":"https:\/\/anivet.lt\/elparduotuve\/#website","url":"https:\/\/anivet.lt\/elparduotuve\/","name":"anivet.lt","description":"Viskas J\u016bs\u0173 \u0161uns, kat\u0117s prie\u017ei\u016brai","publisher":{"@id":"https:\/\/anivet.lt\/elparduotuve\/#organization"},"alternateName":"Viskas J\u016bs\u0173 \u0161uns, kat\u0117s prie\u017ei\u016brai","potentialAction":[{"@type":"SearchAction","target":{"@type":"EntryPoint","urlTemplate":"https:\/\/anivet.lt\/elparduotuve\/?s={search_term_string}"},"query-input":{"@type":"PropertyValueSpecification","valueRequired":true,"valueName":"search_term_string"}}],"inLanguage":"lt-LT"},{"@type":"Organization","@id":"https:\/\/anivet.lt\/elparduotuve\/#organization","name":"Viskas J\u016bs\u0173 \u0161uns, kat\u0117s prie\u017ei\u016brai","url":"https:\/\/anivet.lt\/elparduotuve\/","logo":{"@type":"ImageObject","inLanguage":"lt-LT","@id":"https:\/\/anivet.lt\/elparduotuve\/#\/schema\/logo\/image\/","url":"https:\/\/anivet.lt\/elparduotuve\/wp-content\/uploads\/2023\/06\/logo2.jpg","contentUrl":"https:\/\/anivet.lt\/elparduotuve\/wp-content\/uploads\/2023\/06\/logo2.jpg","width":655,"height":194,"caption":"Viskas J\u016bs\u0173 \u0161uns, kat\u0117s prie\u017ei\u016brai"},"image":{"@id":"https:\/\/anivet.lt\/elparduotuve\/#\/schema\/logo\/image\/"}}]}},"_links":{"self":[{"href":"https:\/\/anivet.lt\/elparduotuve\/wp-json\/wp\/v2\/product\/11608","targetHints":{"allow":["GET"]}}],"collection":[{"href":"https:\/\/anivet.lt\/elparduotuve\/wp-json\/wp\/v2\/product"}],"about":[{"href":"https:\/\/anivet.lt\/elparduotuve\/wp-json\/wp\/v2\/types\/product"}],"wp:featuredmedia":[{"embeddable":true,"href":"https:\/\/anivet.lt\/elparduotuve\/wp-json\/wp\/v2\/media\/11609"}],"wp:attachment":[{"href":"https:\/\/anivet.lt\/elparduotuve\/wp-json\/wp\/v2\/media?parent=11608"}],"wp:term":[{"taxonomy":"product_brand","embeddable":true,"href":"https:\/\/anivet.lt\/elparduotuve\/wp-json\/wp\/v2\/product_brand?post=11608"},{"taxonomy":"product_cat","embeddable":true,"href":"https:\/\/anivet.lt\/elparduotuve\/wp-json\/wp\/v2\/product_cat?post=11608"},{"taxonomy":"product_tag","embeddable":true,"href":"https:\/\/anivet.lt\/elparduotuve\/wp-json\/wp\/v2\/product_tag?post=11608"}],"curies":[{"name":"wp","href":"https:\/\/api.w.org\/{rel}","templated":true}]}}