{"id":11613,"date":"2023-09-16T10:25:36","date_gmt":"2023-09-16T10:25:36","guid":{"rendered":"https:\/\/anivet.lt\/elparduotuve\/?post_type=product&#038;p=11613"},"modified":"2026-05-14T09:02:30","modified_gmt":"2026-05-14T09:02:30","slug":"fdd-hy-pasaras-katems-turincioms-alergija-maistui","status":"publish","type":"product","link":"https:\/\/anivet.lt\/elparduotuve\/produktas\/fdd-hy-pasaras-katems-turincioms-alergija-maistui\/","title":{"rendered":"SPECIFIC\u2122 FDD-HY Food Allergen Management pa\u0161aras kat\u0117ms, turin\u010dioms alergij\u0105 maistui"},"content":{"rendered":"<ul>\n<li style=\"font-weight: 400;\"><span style=\"font-weight: 400;\">Hidrolizuoti baltymai: La\u0161i\u0161os baltymai yra itin gerai vir\u0161kinami ir ma\u017eai alergizuojantys, tod\u0117l suma\u017eina alergini\u0173 reakcij\u0173 rizik\u0105.<\/span><\/li>\n<li style=\"font-weight: 400;\"><span style=\"font-weight: 400;\">Lengvai vir\u0161kinami ry\u017eiai: Ideali sudedamoji dalis kat\u0117ms, jautrioms glitimui ar turin\u010dioms vir\u0161kinimo sutrikim\u0173.<\/span><\/li>\n<li style=\"font-weight: 400;\"><span style=\"font-weight: 400;\">Pagerinta odos ir kailio b\u016bkl\u0117: Papildytas didesniu vitamino A, E, B grup\u0117s, cinko ir seleno kiekiu, kurie stiprina odos sveikat\u0105 ir kailio blizges\u012f.<\/span><\/li>\n<li style=\"font-weight: 400;\"><span style=\"font-weight: 400;\">Vir\u0161kinimo sistemos palaikymas: Sud\u0117tyje yra tirpi\u0173 skaidul\u0173 (gyslo\u010dio s\u0117kl\u0173 luobel\u0117s), kurios reguliuoja vir\u0161kinamojo trakto veikl\u0105 ir padeda ma\u017einti viduriavim\u0105 bei malabsorbcijos simptomus.<\/span><\/li>\n<li style=\"font-weight: 400;\"><span style=\"font-weight: 400;\">Palaiko \u0161lapimo tak\u0173 sveikat\u0105: Ma\u017eesnis nei 6,4 \u0161lapimo pH stiprina \u0161lapimo sistemos b\u016bkl\u0119.<\/span><\/li>\n<\/ul>\n<p><span style=\"font-weight: 400;\">\u201eSPECIFIC\u2122 FDD-HY Food Allergen Management\u201c \u2013 subalansuotas, lengvai vir\u0161kinamas pa\u0161aras, tinkamas kasdieniam \u0161\u0117rimui. Idealiai tinka kat\u0117ms, turin\u010dioms dermatologini\u0173 ar vir\u0161kinimo sistemos sutrikim\u0173, siekiant palaikyti j\u0173 sveikat\u0105 ir u\u017etikrinti puiki\u0105 savijaut\u0105. Prie\u0161 pradedant naudoti, rekomenduojama pasitarti su veterinarijos gydytoju.<\/span><\/p>\n","protected":false},"excerpt":{"rendered":"<p><span style=\"font-weight: 400;\">Visavertis hipoalerginis pa\u0161aras, skirtas kat\u0117ms, turin\u010dioms maisto alergij\u0105 ar netoleravim\u0105, kuris sukelia dermatologines arba vir\u0161kinimo sistemos problemas. Puikiai tinka tiek ka\u010diukams, tiek suaugusioms kat\u0117ms, taip pat maisto eliminavimo testams atlikti.<\/span><\/p>\n","protected":false},"featured_media":11614,"template":"","meta":[],"product_brand":[],"product_cat":[114,102,118,326],"product_tag":[],"class_list":{"0":"post-11613","1":"product","2":"type-product","3":"status-publish","4":"has-post-thumbnail","6":"product_cat-kaciu-maistas","7":"product_cat-katems","8":"product_cat-veterinarinis-maistas-katems","9":"product_cat-specific-kaciu-maistas","10":"pa_prekinis-zenklas-specific","12":"first","13":"instock","14":"sale","15":"taxable","16":"shipping-taxable","17":"purchasable","18":"product-type-variable"},"yoast_head":"<!-- This site is optimized with the Yoast SEO Premium plugin v27.1 (Yoast SEO v27.5) - https:\/\/yoast.com\/product\/yoast-seo-premium-wordpress\/ -->\n<title>SPECIFIC\u2122 FDD-HY Food Allergen Management pa\u0161aras kat\u0117ms, turin\u010dioms alergij\u0105 maistui - anivet.lt<\/title>\n<meta name=\"description\" content=\"Visavertis hipoalerginis pa\u0161aras, skirtas kat\u0117ms, turin\u010dioms maisto alergij\u0105 ar netoleravim\u0105, kuris sukelia dermatologines arba vir\u0161kinimo sistemos problemas. Puikiai tinka tiek ka\u010diukams, tiek suaugusioms kat\u0117ms, taip pat maisto eliminavimo testams atlikti.\" \/>\n<meta name=\"robots\" content=\"index, follow, max-snippet:-1, max-image-preview:large, max-video-preview:-1\" \/>\n<link rel=\"canonical\" href=\"https:\/\/anivet.lt\/elparduotuve\/produktas\/fdd-hy-pasaras-katems-turincioms-alergija-maistui\/\" \/>\n<meta property=\"og:locale\" content=\"lt_LT\" \/>\n<meta property=\"og:type\" content=\"article\" \/>\n<meta property=\"og:title\" content=\"SPECIFIC\u2122 FDD-HY Food Allergen Management pa\u0161aras kat\u0117ms, turin\u010dioms alergij\u0105 maistui\" \/>\n<meta property=\"og:description\" content=\"Visavertis hipoalerginis pa\u0161aras, skirtas kat\u0117ms, turin\u010dioms maisto alergij\u0105 ar netoleravim\u0105, kuris sukelia dermatologines arba vir\u0161kinimo sistemos problemas. Puikiai tinka tiek ka\u010diukams, tiek suaugusioms kat\u0117ms, taip pat maisto eliminavimo testams atlikti.\" \/>\n<meta property=\"og:url\" content=\"https:\/\/anivet.lt\/elparduotuve\/produktas\/fdd-hy-pasaras-katems-turincioms-alergija-maistui\/\" \/>\n<meta property=\"og:site_name\" content=\"anivet.lt\" \/>\n<meta property=\"article:modified_time\" content=\"2026-05-14T09:02:30+00:00\" \/>\n<meta property=\"og:image\" content=\"https:\/\/anivet.lt\/elparduotuve\/wp-content\/uploads\/2023\/09\/FDD-HY.png\" \/>\n\t<meta property=\"og:image:width\" content=\"1970\" \/>\n\t<meta property=\"og:image:height\" content=\"2000\" \/>\n\t<meta property=\"og:image:type\" content=\"image\/png\" \/>\n<meta name=\"twitter:card\" content=\"summary_large_image\" \/>\n<meta name=\"twitter:label1\" content=\"Est. reading time\" \/>\n\t<meta name=\"twitter:data1\" content=\"1 minut\u0117\" \/>\n<script type=\"application\/ld+json\" class=\"yoast-schema-graph\">{\"@context\":\"https:\\\/\\\/schema.org\",\"@graph\":[{\"@type\":\"WebPage\",\"@id\":\"https:\\\/\\\/anivet.lt\\\/elparduotuve\\\/produktas\\\/fdd-hy-pasaras-katems-turincioms-alergija-maistui\\\/\",\"url\":\"https:\\\/\\\/anivet.lt\\\/elparduotuve\\\/produktas\\\/fdd-hy-pasaras-katems-turincioms-alergija-maistui\\\/\",\"name\":\"SPECIFIC\u2122 FDD-HY Food Allergen Management pa\u0161aras kat\u0117ms, turin\u010dioms alergij\u0105 maistui - anivet.lt\",\"isPartOf\":{\"@id\":\"https:\\\/\\\/anivet.lt\\\/elparduotuve\\\/#website\"},\"primaryImageOfPage\":{\"@id\":\"https:\\\/\\\/anivet.lt\\\/elparduotuve\\\/produktas\\\/fdd-hy-pasaras-katems-turincioms-alergija-maistui\\\/#primaryimage\"},\"image\":{\"@id\":\"https:\\\/\\\/anivet.lt\\\/elparduotuve\\\/produktas\\\/fdd-hy-pasaras-katems-turincioms-alergija-maistui\\\/#primaryimage\"},\"thumbnailUrl\":\"https:\\\/\\\/anivet.lt\\\/elparduotuve\\\/wp-content\\\/uploads\\\/2023\\\/09\\\/FDD-HY.png\",\"datePublished\":\"2023-09-16T10:25:36+00:00\",\"dateModified\":\"2026-05-14T09:02:30+00:00\",\"description\":\"Visavertis hipoalerginis pa\u0161aras, skirtas kat\u0117ms, turin\u010dioms maisto alergij\u0105 ar netoleravim\u0105, kuris sukelia dermatologines arba vir\u0161kinimo sistemos problemas. Puikiai tinka tiek ka\u010diukams, tiek suaugusioms kat\u0117ms, taip pat maisto eliminavimo testams atlikti.\",\"breadcrumb\":{\"@id\":\"https:\\\/\\\/anivet.lt\\\/elparduotuve\\\/produktas\\\/fdd-hy-pasaras-katems-turincioms-alergija-maistui\\\/#breadcrumb\"},\"inLanguage\":\"lt-LT\",\"potentialAction\":[{\"@type\":\"ReadAction\",\"target\":[\"https:\\\/\\\/anivet.lt\\\/elparduotuve\\\/produktas\\\/fdd-hy-pasaras-katems-turincioms-alergija-maistui\\\/\"]}]},{\"@type\":\"ImageObject\",\"inLanguage\":\"lt-LT\",\"@id\":\"https:\\\/\\\/anivet.lt\\\/elparduotuve\\\/produktas\\\/fdd-hy-pasaras-katems-turincioms-alergija-maistui\\\/#primaryimage\",\"url\":\"https:\\\/\\\/anivet.lt\\\/elparduotuve\\\/wp-content\\\/uploads\\\/2023\\\/09\\\/FDD-HY.png\",\"contentUrl\":\"https:\\\/\\\/anivet.lt\\\/elparduotuve\\\/wp-content\\\/uploads\\\/2023\\\/09\\\/FDD-HY.png\",\"width\":1970,\"height\":2000,\"caption\":\"SPECIFIC\u2122 FDD-HY Food Allergen Management pa\u0161aras kat\u0117ms, turin\u010dioms alergij\u0105 maistui\"},{\"@type\":\"BreadcrumbList\",\"@id\":\"https:\\\/\\\/anivet.lt\\\/elparduotuve\\\/produktas\\\/fdd-hy-pasaras-katems-turincioms-alergija-maistui\\\/#breadcrumb\",\"itemListElement\":[{\"@type\":\"ListItem\",\"position\":1,\"name\":\"Home\",\"item\":\"https:\\\/\\\/anivet.lt\\\/elparduotuve\\\/\"},{\"@type\":\"ListItem\",\"position\":2,\"name\":\"Produktai\",\"item\":\"https:\\\/\\\/anivet.lt\\\/elparduotuve\\\/produktai\\\/\"},{\"@type\":\"ListItem\",\"position\":3,\"name\":\"SPECIFIC\u2122 FDD-HY Food Allergen Management pa\u0161aras kat\u0117ms, turin\u010dioms alergij\u0105 maistui\"}]},{\"@type\":\"WebSite\",\"@id\":\"https:\\\/\\\/anivet.lt\\\/elparduotuve\\\/#website\",\"url\":\"https:\\\/\\\/anivet.lt\\\/elparduotuve\\\/\",\"name\":\"anivet.lt\",\"description\":\"Viskas J\u016bs\u0173 \u0161uns, kat\u0117s prie\u017ei\u016brai\",\"publisher\":{\"@id\":\"https:\\\/\\\/anivet.lt\\\/elparduotuve\\\/#organization\"},\"alternateName\":\"Viskas J\u016bs\u0173 \u0161uns, kat\u0117s prie\u017ei\u016brai\",\"potentialAction\":[{\"@type\":\"SearchAction\",\"target\":{\"@type\":\"EntryPoint\",\"urlTemplate\":\"https:\\\/\\\/anivet.lt\\\/elparduotuve\\\/?s={search_term_string}\"},\"query-input\":{\"@type\":\"PropertyValueSpecification\",\"valueRequired\":true,\"valueName\":\"search_term_string\"}}],\"inLanguage\":\"lt-LT\"},{\"@type\":\"Organization\",\"@id\":\"https:\\\/\\\/anivet.lt\\\/elparduotuve\\\/#organization\",\"name\":\"Viskas J\u016bs\u0173 \u0161uns, kat\u0117s prie\u017ei\u016brai\",\"url\":\"https:\\\/\\\/anivet.lt\\\/elparduotuve\\\/\",\"logo\":{\"@type\":\"ImageObject\",\"inLanguage\":\"lt-LT\",\"@id\":\"https:\\\/\\\/anivet.lt\\\/elparduotuve\\\/#\\\/schema\\\/logo\\\/image\\\/\",\"url\":\"https:\\\/\\\/anivet.lt\\\/elparduotuve\\\/wp-content\\\/uploads\\\/2023\\\/06\\\/logo2.jpg\",\"contentUrl\":\"https:\\\/\\\/anivet.lt\\\/elparduotuve\\\/wp-content\\\/uploads\\\/2023\\\/06\\\/logo2.jpg\",\"width\":655,\"height\":194,\"caption\":\"Viskas J\u016bs\u0173 \u0161uns, kat\u0117s prie\u017ei\u016brai\"},\"image\":{\"@id\":\"https:\\\/\\\/anivet.lt\\\/elparduotuve\\\/#\\\/schema\\\/logo\\\/image\\\/\"}}]}<\/script>\n<!-- \/ Yoast SEO Premium plugin. -->","yoast_head_json":{"title":"SPECIFIC\u2122 FDD-HY Food Allergen Management pa\u0161aras kat\u0117ms, turin\u010dioms alergij\u0105 maistui - anivet.lt","description":"Visavertis hipoalerginis pa\u0161aras, skirtas kat\u0117ms, turin\u010dioms maisto alergij\u0105 ar netoleravim\u0105, kuris sukelia dermatologines arba vir\u0161kinimo sistemos problemas. Puikiai tinka tiek ka\u010diukams, tiek suaugusioms kat\u0117ms, taip pat maisto eliminavimo testams atlikti.","robots":{"index":"index","follow":"follow","max-snippet":"max-snippet:-1","max-image-preview":"max-image-preview:large","max-video-preview":"max-video-preview:-1"},"canonical":"https:\/\/anivet.lt\/elparduotuve\/produktas\/fdd-hy-pasaras-katems-turincioms-alergija-maistui\/","og_locale":"lt_LT","og_type":"article","og_title":"SPECIFIC\u2122 FDD-HY Food Allergen Management pa\u0161aras kat\u0117ms, turin\u010dioms alergij\u0105 maistui","og_description":"Visavertis hipoalerginis pa\u0161aras, skirtas kat\u0117ms, turin\u010dioms maisto alergij\u0105 ar netoleravim\u0105, kuris sukelia dermatologines arba vir\u0161kinimo sistemos problemas. Puikiai tinka tiek ka\u010diukams, tiek suaugusioms kat\u0117ms, taip pat maisto eliminavimo testams atlikti.","og_url":"https:\/\/anivet.lt\/elparduotuve\/produktas\/fdd-hy-pasaras-katems-turincioms-alergija-maistui\/","og_site_name":"anivet.lt","article_modified_time":"2026-05-14T09:02:30+00:00","og_image":[{"width":1970,"height":2000,"url":"https:\/\/anivet.lt\/elparduotuve\/wp-content\/uploads\/2023\/09\/FDD-HY.png","type":"image\/png"}],"twitter_card":"summary_large_image","twitter_misc":{"Est. reading time":"1 minut\u0117"},"schema":{"@context":"https:\/\/schema.org","@graph":[{"@type":"WebPage","@id":"https:\/\/anivet.lt\/elparduotuve\/produktas\/fdd-hy-pasaras-katems-turincioms-alergija-maistui\/","url":"https:\/\/anivet.lt\/elparduotuve\/produktas\/fdd-hy-pasaras-katems-turincioms-alergija-maistui\/","name":"SPECIFIC\u2122 FDD-HY Food Allergen Management pa\u0161aras kat\u0117ms, turin\u010dioms alergij\u0105 maistui - anivet.lt","isPartOf":{"@id":"https:\/\/anivet.lt\/elparduotuve\/#website"},"primaryImageOfPage":{"@id":"https:\/\/anivet.lt\/elparduotuve\/produktas\/fdd-hy-pasaras-katems-turincioms-alergija-maistui\/#primaryimage"},"image":{"@id":"https:\/\/anivet.lt\/elparduotuve\/produktas\/fdd-hy-pasaras-katems-turincioms-alergija-maistui\/#primaryimage"},"thumbnailUrl":"https:\/\/anivet.lt\/elparduotuve\/wp-content\/uploads\/2023\/09\/FDD-HY.png","datePublished":"2023-09-16T10:25:36+00:00","dateModified":"2026-05-14T09:02:30+00:00","description":"Visavertis hipoalerginis pa\u0161aras, skirtas kat\u0117ms, turin\u010dioms maisto alergij\u0105 ar netoleravim\u0105, kuris sukelia dermatologines arba vir\u0161kinimo sistemos problemas. Puikiai tinka tiek ka\u010diukams, tiek suaugusioms kat\u0117ms, taip pat maisto eliminavimo testams atlikti.","breadcrumb":{"@id":"https:\/\/anivet.lt\/elparduotuve\/produktas\/fdd-hy-pasaras-katems-turincioms-alergija-maistui\/#breadcrumb"},"inLanguage":"lt-LT","potentialAction":[{"@type":"ReadAction","target":["https:\/\/anivet.lt\/elparduotuve\/produktas\/fdd-hy-pasaras-katems-turincioms-alergija-maistui\/"]}]},{"@type":"ImageObject","inLanguage":"lt-LT","@id":"https:\/\/anivet.lt\/elparduotuve\/produktas\/fdd-hy-pasaras-katems-turincioms-alergija-maistui\/#primaryimage","url":"https:\/\/anivet.lt\/elparduotuve\/wp-content\/uploads\/2023\/09\/FDD-HY.png","contentUrl":"https:\/\/anivet.lt\/elparduotuve\/wp-content\/uploads\/2023\/09\/FDD-HY.png","width":1970,"height":2000,"caption":"SPECIFIC\u2122 FDD-HY Food Allergen Management pa\u0161aras kat\u0117ms, turin\u010dioms alergij\u0105 maistui"},{"@type":"BreadcrumbList","@id":"https:\/\/anivet.lt\/elparduotuve\/produktas\/fdd-hy-pasaras-katems-turincioms-alergija-maistui\/#breadcrumb","itemListElement":[{"@type":"ListItem","position":1,"name":"Home","item":"https:\/\/anivet.lt\/elparduotuve\/"},{"@type":"ListItem","position":2,"name":"Produktai","item":"https:\/\/anivet.lt\/elparduotuve\/produktai\/"},{"@type":"ListItem","position":3,"name":"SPECIFIC\u2122 FDD-HY Food Allergen Management pa\u0161aras kat\u0117ms, turin\u010dioms alergij\u0105 maistui"}]},{"@type":"WebSite","@id":"https:\/\/anivet.lt\/elparduotuve\/#website","url":"https:\/\/anivet.lt\/elparduotuve\/","name":"anivet.lt","description":"Viskas J\u016bs\u0173 \u0161uns, kat\u0117s prie\u017ei\u016brai","publisher":{"@id":"https:\/\/anivet.lt\/elparduotuve\/#organization"},"alternateName":"Viskas J\u016bs\u0173 \u0161uns, kat\u0117s prie\u017ei\u016brai","potentialAction":[{"@type":"SearchAction","target":{"@type":"EntryPoint","urlTemplate":"https:\/\/anivet.lt\/elparduotuve\/?s={search_term_string}"},"query-input":{"@type":"PropertyValueSpecification","valueRequired":true,"valueName":"search_term_string"}}],"inLanguage":"lt-LT"},{"@type":"Organization","@id":"https:\/\/anivet.lt\/elparduotuve\/#organization","name":"Viskas J\u016bs\u0173 \u0161uns, kat\u0117s prie\u017ei\u016brai","url":"https:\/\/anivet.lt\/elparduotuve\/","logo":{"@type":"ImageObject","inLanguage":"lt-LT","@id":"https:\/\/anivet.lt\/elparduotuve\/#\/schema\/logo\/image\/","url":"https:\/\/anivet.lt\/elparduotuve\/wp-content\/uploads\/2023\/06\/logo2.jpg","contentUrl":"https:\/\/anivet.lt\/elparduotuve\/wp-content\/uploads\/2023\/06\/logo2.jpg","width":655,"height":194,"caption":"Viskas J\u016bs\u0173 \u0161uns, kat\u0117s prie\u017ei\u016brai"},"image":{"@id":"https:\/\/anivet.lt\/elparduotuve\/#\/schema\/logo\/image\/"}}]}},"_links":{"self":[{"href":"https:\/\/anivet.lt\/elparduotuve\/wp-json\/wp\/v2\/product\/11613","targetHints":{"allow":["GET"]}}],"collection":[{"href":"https:\/\/anivet.lt\/elparduotuve\/wp-json\/wp\/v2\/product"}],"about":[{"href":"https:\/\/anivet.lt\/elparduotuve\/wp-json\/wp\/v2\/types\/product"}],"wp:featuredmedia":[{"embeddable":true,"href":"https:\/\/anivet.lt\/elparduotuve\/wp-json\/wp\/v2\/media\/11614"}],"wp:attachment":[{"href":"https:\/\/anivet.lt\/elparduotuve\/wp-json\/wp\/v2\/media?parent=11613"}],"wp:term":[{"taxonomy":"product_brand","embeddable":true,"href":"https:\/\/anivet.lt\/elparduotuve\/wp-json\/wp\/v2\/product_brand?post=11613"},{"taxonomy":"product_cat","embeddable":true,"href":"https:\/\/anivet.lt\/elparduotuve\/wp-json\/wp\/v2\/product_cat?post=11613"},{"taxonomy":"product_tag","embeddable":true,"href":"https:\/\/anivet.lt\/elparduotuve\/wp-json\/wp\/v2\/product_tag?post=11613"}],"curies":[{"name":"wp","href":"https:\/\/api.w.org\/{rel}","templated":true}]}}