{"id":11619,"date":"2023-09-16T12:38:23","date_gmt":"2023-09-16T12:38:23","guid":{"rendered":"https:\/\/anivet.lt\/elparduotuve\/?post_type=product&#038;p=11619"},"modified":"2026-05-14T09:02:23","modified_gmt":"2026-05-14T09:02:23","slug":"specific-fod-pasaras-alergiskoms-katems","status":"publish","type":"product","link":"https:\/\/anivet.lt\/elparduotuve\/produktas\/specific-fod-pasaras-alergiskoms-katems\/","title":{"rendered":"SPECIFIC\u2122 FOD pa\u0161aras alergi\u0161koms kat\u0117ms"},"content":{"rendered":"<ul>\n<li style=\"font-weight: 400;\" aria-level=\"1\"><span style=\"font-weight: 400;\">Didelis omega-3 ir omega-6 riebal\u0173 r\u016bg\u0161\u010di\u0173 kiekis: EPA ir DHA i\u0161 \u017euv\u0173 tauk\u0173 bei GLA i\u0161 agurkl\u0117s aliejaus gerina odos b\u016bkl\u0119, ma\u017eina u\u017edegim\u0105 ir palaiko kailio blizges\u012f.<\/span><\/li>\n<li style=\"font-weight: 400;\" aria-level=\"1\"><span style=\"font-weight: 400;\">Praturtintas vitaminais ir mineralais: Vitaminai A, E, B grup\u0117s, cinkas ir selenas skatina odos regeneracij\u0105 ir stiprina kail\u012f.<\/span><\/li>\n<li style=\"font-weight: 400;\" aria-level=\"1\"><span style=\"font-weight: 400;\">Auk\u0161tos kokyb\u0117s baltymai: U\u017etikrina b\u016btin\u0173 aminor\u016bg\u0161\u010di\u0173 tiekim\u0105, reikaling\u0105 sveikos odos strukt\u016brai palaikyti.<\/span><\/li>\n<li style=\"font-weight: 400;\" aria-level=\"1\"><span style=\"font-weight: 400;\">\u0160lapimo tak\u0173 sveikata: \u0160arminis \u0161lapimo pH padeda i\u0161vengti mineral\u0173 kristal\u0173 susidarymo.<\/span><\/li>\n<li style=\"font-weight: 400;\" aria-level=\"1\"><span style=\"font-weight: 400;\">Speciali pakuot\u0117: Azoto u\u017epildymas u\u017etikrina i\u0161skirtinai didel\u012f riebal\u0173 r\u016bg\u0161\u010di\u0173 stabilum\u0105 ir efektyvum\u0105.<\/span><\/li>\n<\/ul>\n<p><span style=\"font-weight: 400;\">\u0160is pa\u0161aras ne tik gerina kat\u0117s odos ir kailio b\u016bkl\u0119, bet ir veikia kaip prevencin\u0117 priemon\u0117 nuo b\u016bsim\u0173 problem\u0173. Poveikis tampa pastebimas per 6\u20138 savaites, o pilnas rezultatas gali b\u016bti pasiektas per 12 savai\u010di\u0173. Idealus pasirinkimas ilgalaikei j\u016bs\u0173 augintinio sveikatos prie\u017ei\u016brai.<\/span><\/p>\n","protected":false},"excerpt":{"rendered":"<p><span style=\"font-weight: 400;\">Kasdienis \u0117dalas sukurtas kat\u0117ms, ken\u010dian\u010dioms nuo atopinio dermatito, blus\u0173 sukelt\u0173 alergij\u0173 ar kit\u0173 odos bei kailio b\u016bkl\u0117s sutrikim\u0173. Puikiai tinka ir sveikoms kat\u0117ms, siekiant palaikyti sveik\u0105 od\u0105 bei blizgant\u012f kail\u012f.<\/span><\/p>\n","protected":false},"featured_media":11620,"template":"","meta":[],"product_brand":[],"product_cat":[114,102,118,326],"product_tag":[],"class_list":{"0":"post-11619","1":"product","2":"type-product","3":"status-publish","4":"has-post-thumbnail","6":"product_cat-kaciu-maistas","7":"product_cat-katems","8":"product_cat-veterinarinis-maistas-katems","9":"product_cat-specific-kaciu-maistas","10":"pa_prekinis-zenklas-specific","12":"first","13":"instock","14":"sale","15":"taxable","16":"shipping-taxable","17":"purchasable","18":"product-type-variable"},"yoast_head":"<!-- This site is optimized with the Yoast SEO Premium plugin v27.1 (Yoast SEO v27.5) - https:\/\/yoast.com\/product\/yoast-seo-premium-wordpress\/ -->\n<title>SPECIFIC\u2122 FOD pa\u0161aras alergi\u0161koms kat\u0117ms - anivet.lt<\/title>\n<meta name=\"description\" content=\"Kasdienis \u0117dalas sukurtas kat\u0117ms, ken\u010dian\u010dioms nuo atopinio dermatito, blus\u0173 sukelt\u0173 alergij\u0173 ar kit\u0173 odos bei kailio b\u016bkl\u0117s sutrikim\u0173. Puikiai tinka ir sveikoms kat\u0117ms, siekiant palaikyti sveik\u0105 od\u0105 bei blizgant\u012f kail\u012f.\" \/>\n<meta name=\"robots\" content=\"index, follow, max-snippet:-1, max-image-preview:large, max-video-preview:-1\" \/>\n<link rel=\"canonical\" href=\"https:\/\/anivet.lt\/elparduotuve\/produktas\/specific-fod-pasaras-alergiskoms-katems\/\" \/>\n<meta property=\"og:locale\" content=\"lt_LT\" \/>\n<meta property=\"og:type\" content=\"article\" \/>\n<meta property=\"og:title\" content=\"SPECIFIC\u2122 FOD pa\u0161aras alergi\u0161koms kat\u0117ms\" \/>\n<meta property=\"og:description\" content=\"Kasdienis \u0117dalas sukurtas kat\u0117ms, ken\u010dian\u010dioms nuo atopinio dermatito, blus\u0173 sukelt\u0173 alergij\u0173 ar kit\u0173 odos bei kailio b\u016bkl\u0117s sutrikim\u0173. Puikiai tinka ir sveikoms kat\u0117ms, siekiant palaikyti sveik\u0105 od\u0105 bei blizgant\u012f kail\u012f.\" \/>\n<meta property=\"og:url\" content=\"https:\/\/anivet.lt\/elparduotuve\/produktas\/specific-fod-pasaras-alergiskoms-katems\/\" \/>\n<meta property=\"og:site_name\" content=\"anivet.lt\" \/>\n<meta property=\"article:modified_time\" content=\"2026-05-14T09:02:23+00:00\" \/>\n<meta property=\"og:image\" content=\"https:\/\/anivet.lt\/elparduotuve\/wp-content\/uploads\/2023\/09\/FOD.png\" \/>\n\t<meta property=\"og:image:width\" content=\"1970\" \/>\n\t<meta property=\"og:image:height\" content=\"2000\" \/>\n\t<meta property=\"og:image:type\" content=\"image\/png\" \/>\n<meta name=\"twitter:card\" content=\"summary_large_image\" \/>\n<meta name=\"twitter:label1\" content=\"Est. reading time\" \/>\n\t<meta name=\"twitter:data1\" content=\"1 minut\u0117\" \/>\n<script type=\"application\/ld+json\" class=\"yoast-schema-graph\">{\"@context\":\"https:\\\/\\\/schema.org\",\"@graph\":[{\"@type\":\"WebPage\",\"@id\":\"https:\\\/\\\/anivet.lt\\\/elparduotuve\\\/produktas\\\/specific-fod-pasaras-alergiskoms-katems\\\/\",\"url\":\"https:\\\/\\\/anivet.lt\\\/elparduotuve\\\/produktas\\\/specific-fod-pasaras-alergiskoms-katems\\\/\",\"name\":\"SPECIFIC\u2122 FOD pa\u0161aras alergi\u0161koms kat\u0117ms - anivet.lt\",\"isPartOf\":{\"@id\":\"https:\\\/\\\/anivet.lt\\\/elparduotuve\\\/#website\"},\"primaryImageOfPage\":{\"@id\":\"https:\\\/\\\/anivet.lt\\\/elparduotuve\\\/produktas\\\/specific-fod-pasaras-alergiskoms-katems\\\/#primaryimage\"},\"image\":{\"@id\":\"https:\\\/\\\/anivet.lt\\\/elparduotuve\\\/produktas\\\/specific-fod-pasaras-alergiskoms-katems\\\/#primaryimage\"},\"thumbnailUrl\":\"https:\\\/\\\/anivet.lt\\\/elparduotuve\\\/wp-content\\\/uploads\\\/2023\\\/09\\\/FOD.png\",\"datePublished\":\"2023-09-16T12:38:23+00:00\",\"dateModified\":\"2026-05-14T09:02:23+00:00\",\"description\":\"Kasdienis \u0117dalas sukurtas kat\u0117ms, ken\u010dian\u010dioms nuo atopinio dermatito, blus\u0173 sukelt\u0173 alergij\u0173 ar kit\u0173 odos bei kailio b\u016bkl\u0117s sutrikim\u0173. Puikiai tinka ir sveikoms kat\u0117ms, siekiant palaikyti sveik\u0105 od\u0105 bei blizgant\u012f kail\u012f.\",\"breadcrumb\":{\"@id\":\"https:\\\/\\\/anivet.lt\\\/elparduotuve\\\/produktas\\\/specific-fod-pasaras-alergiskoms-katems\\\/#breadcrumb\"},\"inLanguage\":\"lt-LT\",\"potentialAction\":[{\"@type\":\"ReadAction\",\"target\":[\"https:\\\/\\\/anivet.lt\\\/elparduotuve\\\/produktas\\\/specific-fod-pasaras-alergiskoms-katems\\\/\"]}]},{\"@type\":\"ImageObject\",\"inLanguage\":\"lt-LT\",\"@id\":\"https:\\\/\\\/anivet.lt\\\/elparduotuve\\\/produktas\\\/specific-fod-pasaras-alergiskoms-katems\\\/#primaryimage\",\"url\":\"https:\\\/\\\/anivet.lt\\\/elparduotuve\\\/wp-content\\\/uploads\\\/2023\\\/09\\\/FOD.png\",\"contentUrl\":\"https:\\\/\\\/anivet.lt\\\/elparduotuve\\\/wp-content\\\/uploads\\\/2023\\\/09\\\/FOD.png\",\"width\":1970,\"height\":2000,\"caption\":\"SPECIFIC\u2122 FOD pa\u0161aras alergi\u0161koms kat\u0117ms\"},{\"@type\":\"BreadcrumbList\",\"@id\":\"https:\\\/\\\/anivet.lt\\\/elparduotuve\\\/produktas\\\/specific-fod-pasaras-alergiskoms-katems\\\/#breadcrumb\",\"itemListElement\":[{\"@type\":\"ListItem\",\"position\":1,\"name\":\"Home\",\"item\":\"https:\\\/\\\/anivet.lt\\\/elparduotuve\\\/\"},{\"@type\":\"ListItem\",\"position\":2,\"name\":\"Produktai\",\"item\":\"https:\\\/\\\/anivet.lt\\\/elparduotuve\\\/produktai\\\/\"},{\"@type\":\"ListItem\",\"position\":3,\"name\":\"SPECIFIC\u2122 FOD pa\u0161aras alergi\u0161koms kat\u0117ms\"}]},{\"@type\":\"WebSite\",\"@id\":\"https:\\\/\\\/anivet.lt\\\/elparduotuve\\\/#website\",\"url\":\"https:\\\/\\\/anivet.lt\\\/elparduotuve\\\/\",\"name\":\"anivet.lt\",\"description\":\"Viskas J\u016bs\u0173 \u0161uns, kat\u0117s prie\u017ei\u016brai\",\"publisher\":{\"@id\":\"https:\\\/\\\/anivet.lt\\\/elparduotuve\\\/#organization\"},\"alternateName\":\"Viskas J\u016bs\u0173 \u0161uns, kat\u0117s prie\u017ei\u016brai\",\"potentialAction\":[{\"@type\":\"SearchAction\",\"target\":{\"@type\":\"EntryPoint\",\"urlTemplate\":\"https:\\\/\\\/anivet.lt\\\/elparduotuve\\\/?s={search_term_string}\"},\"query-input\":{\"@type\":\"PropertyValueSpecification\",\"valueRequired\":true,\"valueName\":\"search_term_string\"}}],\"inLanguage\":\"lt-LT\"},{\"@type\":\"Organization\",\"@id\":\"https:\\\/\\\/anivet.lt\\\/elparduotuve\\\/#organization\",\"name\":\"Viskas J\u016bs\u0173 \u0161uns, kat\u0117s prie\u017ei\u016brai\",\"url\":\"https:\\\/\\\/anivet.lt\\\/elparduotuve\\\/\",\"logo\":{\"@type\":\"ImageObject\",\"inLanguage\":\"lt-LT\",\"@id\":\"https:\\\/\\\/anivet.lt\\\/elparduotuve\\\/#\\\/schema\\\/logo\\\/image\\\/\",\"url\":\"https:\\\/\\\/anivet.lt\\\/elparduotuve\\\/wp-content\\\/uploads\\\/2023\\\/06\\\/logo2.jpg\",\"contentUrl\":\"https:\\\/\\\/anivet.lt\\\/elparduotuve\\\/wp-content\\\/uploads\\\/2023\\\/06\\\/logo2.jpg\",\"width\":655,\"height\":194,\"caption\":\"Viskas J\u016bs\u0173 \u0161uns, kat\u0117s prie\u017ei\u016brai\"},\"image\":{\"@id\":\"https:\\\/\\\/anivet.lt\\\/elparduotuve\\\/#\\\/schema\\\/logo\\\/image\\\/\"}}]}<\/script>\n<!-- \/ Yoast SEO Premium plugin. -->","yoast_head_json":{"title":"SPECIFIC\u2122 FOD pa\u0161aras alergi\u0161koms kat\u0117ms - anivet.lt","description":"Kasdienis \u0117dalas sukurtas kat\u0117ms, ken\u010dian\u010dioms nuo atopinio dermatito, blus\u0173 sukelt\u0173 alergij\u0173 ar kit\u0173 odos bei kailio b\u016bkl\u0117s sutrikim\u0173. Puikiai tinka ir sveikoms kat\u0117ms, siekiant palaikyti sveik\u0105 od\u0105 bei blizgant\u012f kail\u012f.","robots":{"index":"index","follow":"follow","max-snippet":"max-snippet:-1","max-image-preview":"max-image-preview:large","max-video-preview":"max-video-preview:-1"},"canonical":"https:\/\/anivet.lt\/elparduotuve\/produktas\/specific-fod-pasaras-alergiskoms-katems\/","og_locale":"lt_LT","og_type":"article","og_title":"SPECIFIC\u2122 FOD pa\u0161aras alergi\u0161koms kat\u0117ms","og_description":"Kasdienis \u0117dalas sukurtas kat\u0117ms, ken\u010dian\u010dioms nuo atopinio dermatito, blus\u0173 sukelt\u0173 alergij\u0173 ar kit\u0173 odos bei kailio b\u016bkl\u0117s sutrikim\u0173. Puikiai tinka ir sveikoms kat\u0117ms, siekiant palaikyti sveik\u0105 od\u0105 bei blizgant\u012f kail\u012f.","og_url":"https:\/\/anivet.lt\/elparduotuve\/produktas\/specific-fod-pasaras-alergiskoms-katems\/","og_site_name":"anivet.lt","article_modified_time":"2026-05-14T09:02:23+00:00","og_image":[{"width":1970,"height":2000,"url":"https:\/\/anivet.lt\/elparduotuve\/wp-content\/uploads\/2023\/09\/FOD.png","type":"image\/png"}],"twitter_card":"summary_large_image","twitter_misc":{"Est. reading time":"1 minut\u0117"},"schema":{"@context":"https:\/\/schema.org","@graph":[{"@type":"WebPage","@id":"https:\/\/anivet.lt\/elparduotuve\/produktas\/specific-fod-pasaras-alergiskoms-katems\/","url":"https:\/\/anivet.lt\/elparduotuve\/produktas\/specific-fod-pasaras-alergiskoms-katems\/","name":"SPECIFIC\u2122 FOD pa\u0161aras alergi\u0161koms kat\u0117ms - anivet.lt","isPartOf":{"@id":"https:\/\/anivet.lt\/elparduotuve\/#website"},"primaryImageOfPage":{"@id":"https:\/\/anivet.lt\/elparduotuve\/produktas\/specific-fod-pasaras-alergiskoms-katems\/#primaryimage"},"image":{"@id":"https:\/\/anivet.lt\/elparduotuve\/produktas\/specific-fod-pasaras-alergiskoms-katems\/#primaryimage"},"thumbnailUrl":"https:\/\/anivet.lt\/elparduotuve\/wp-content\/uploads\/2023\/09\/FOD.png","datePublished":"2023-09-16T12:38:23+00:00","dateModified":"2026-05-14T09:02:23+00:00","description":"Kasdienis \u0117dalas sukurtas kat\u0117ms, ken\u010dian\u010dioms nuo atopinio dermatito, blus\u0173 sukelt\u0173 alergij\u0173 ar kit\u0173 odos bei kailio b\u016bkl\u0117s sutrikim\u0173. Puikiai tinka ir sveikoms kat\u0117ms, siekiant palaikyti sveik\u0105 od\u0105 bei blizgant\u012f kail\u012f.","breadcrumb":{"@id":"https:\/\/anivet.lt\/elparduotuve\/produktas\/specific-fod-pasaras-alergiskoms-katems\/#breadcrumb"},"inLanguage":"lt-LT","potentialAction":[{"@type":"ReadAction","target":["https:\/\/anivet.lt\/elparduotuve\/produktas\/specific-fod-pasaras-alergiskoms-katems\/"]}]},{"@type":"ImageObject","inLanguage":"lt-LT","@id":"https:\/\/anivet.lt\/elparduotuve\/produktas\/specific-fod-pasaras-alergiskoms-katems\/#primaryimage","url":"https:\/\/anivet.lt\/elparduotuve\/wp-content\/uploads\/2023\/09\/FOD.png","contentUrl":"https:\/\/anivet.lt\/elparduotuve\/wp-content\/uploads\/2023\/09\/FOD.png","width":1970,"height":2000,"caption":"SPECIFIC\u2122 FOD pa\u0161aras alergi\u0161koms kat\u0117ms"},{"@type":"BreadcrumbList","@id":"https:\/\/anivet.lt\/elparduotuve\/produktas\/specific-fod-pasaras-alergiskoms-katems\/#breadcrumb","itemListElement":[{"@type":"ListItem","position":1,"name":"Home","item":"https:\/\/anivet.lt\/elparduotuve\/"},{"@type":"ListItem","position":2,"name":"Produktai","item":"https:\/\/anivet.lt\/elparduotuve\/produktai\/"},{"@type":"ListItem","position":3,"name":"SPECIFIC\u2122 FOD pa\u0161aras alergi\u0161koms kat\u0117ms"}]},{"@type":"WebSite","@id":"https:\/\/anivet.lt\/elparduotuve\/#website","url":"https:\/\/anivet.lt\/elparduotuve\/","name":"anivet.lt","description":"Viskas J\u016bs\u0173 \u0161uns, kat\u0117s prie\u017ei\u016brai","publisher":{"@id":"https:\/\/anivet.lt\/elparduotuve\/#organization"},"alternateName":"Viskas J\u016bs\u0173 \u0161uns, kat\u0117s prie\u017ei\u016brai","potentialAction":[{"@type":"SearchAction","target":{"@type":"EntryPoint","urlTemplate":"https:\/\/anivet.lt\/elparduotuve\/?s={search_term_string}"},"query-input":{"@type":"PropertyValueSpecification","valueRequired":true,"valueName":"search_term_string"}}],"inLanguage":"lt-LT"},{"@type":"Organization","@id":"https:\/\/anivet.lt\/elparduotuve\/#organization","name":"Viskas J\u016bs\u0173 \u0161uns, kat\u0117s prie\u017ei\u016brai","url":"https:\/\/anivet.lt\/elparduotuve\/","logo":{"@type":"ImageObject","inLanguage":"lt-LT","@id":"https:\/\/anivet.lt\/elparduotuve\/#\/schema\/logo\/image\/","url":"https:\/\/anivet.lt\/elparduotuve\/wp-content\/uploads\/2023\/06\/logo2.jpg","contentUrl":"https:\/\/anivet.lt\/elparduotuve\/wp-content\/uploads\/2023\/06\/logo2.jpg","width":655,"height":194,"caption":"Viskas J\u016bs\u0173 \u0161uns, kat\u0117s prie\u017ei\u016brai"},"image":{"@id":"https:\/\/anivet.lt\/elparduotuve\/#\/schema\/logo\/image\/"}}]}},"_links":{"self":[{"href":"https:\/\/anivet.lt\/elparduotuve\/wp-json\/wp\/v2\/product\/11619","targetHints":{"allow":["GET"]}}],"collection":[{"href":"https:\/\/anivet.lt\/elparduotuve\/wp-json\/wp\/v2\/product"}],"about":[{"href":"https:\/\/anivet.lt\/elparduotuve\/wp-json\/wp\/v2\/types\/product"}],"wp:featuredmedia":[{"embeddable":true,"href":"https:\/\/anivet.lt\/elparduotuve\/wp-json\/wp\/v2\/media\/11620"}],"wp:attachment":[{"href":"https:\/\/anivet.lt\/elparduotuve\/wp-json\/wp\/v2\/media?parent=11619"}],"wp:term":[{"taxonomy":"product_brand","embeddable":true,"href":"https:\/\/anivet.lt\/elparduotuve\/wp-json\/wp\/v2\/product_brand?post=11619"},{"taxonomy":"product_cat","embeddable":true,"href":"https:\/\/anivet.lt\/elparduotuve\/wp-json\/wp\/v2\/product_cat?post=11619"},{"taxonomy":"product_tag","embeddable":true,"href":"https:\/\/anivet.lt\/elparduotuve\/wp-json\/wp\/v2\/product_tag?post=11619"}],"curies":[{"name":"wp","href":"https:\/\/api.w.org\/{rel}","templated":true}]}}