{"id":11627,"date":"2023-09-16T14:01:07","date_gmt":"2023-09-16T14:01:07","guid":{"rendered":"https:\/\/anivet.lt\/elparduotuve\/?post_type=product&#038;p=11627"},"modified":"2026-04-16T10:36:31","modified_gmt":"2026-04-16T10:36:31","slug":"specific-fod-hy-hidrolizuotas-pasaras-alergiskoms-katems","status":"publish","type":"product","link":"https:\/\/anivet.lt\/elparduotuve\/produktas\/specific-fod-hy-hidrolizuotas-pasaras-alergiskoms-katems\/","title":{"rendered":"SPECIFIC\u2122 FOD-HY hidrolizuotas pa\u0161aras alergi\u0161koms kat\u0117ms"},"content":{"rendered":"<ul>\n<li style=\"font-weight: 400;\" aria-level=\"1\"><span style=\"font-weight: 400;\">Hidrolizuoti baltymai: La\u0161i\u0161os baltymai, suskaidyti \u012f ma\u017eas molekules, ma\u017eina alergines reakcijas ir lengvai vir\u0161kinami.<\/span><\/li>\n<li style=\"font-weight: 400;\" aria-level=\"1\"><span style=\"font-weight: 400;\">Auk\u0161tas omega-3 ir omega-6 riebal\u0173 r\u016bg\u0161\u010di\u0173 kiekis: EPA, DHA ir GLA r\u016bg\u0161tys gerina kailio ir odos b\u016bkl\u0119, ma\u017eina u\u017edegimus ir reguliuoja imunin\u012f atsak\u0105.<\/span><\/li>\n<li style=\"font-weight: 400;\" aria-level=\"1\"><span style=\"font-weight: 400;\">Praturtintas vitaminais ir mineralais: Vitaminai A, E, B grup\u0117s, cinkas ir selenas palaiko sveik\u0105 od\u0105 ir blizgant\u012f kail\u012f.<\/span><\/li>\n<li style=\"font-weight: 400;\" aria-level=\"1\"><span style=\"font-weight: 400;\">Lengvai vir\u0161kinamos sud\u0117tin\u0117s dalys: Ma\u017eas skaidul\u0173 ir padidintas elektrolit\u0173 kiekis naudingas gyv\u016bnams, turintiems vir\u0161kinamojo trakto problem\u0173.<\/span><\/li>\n<li style=\"font-weight: 400;\" aria-level=\"1\"><span style=\"font-weight: 400;\">\u0160lapimo tak\u0173 sveikata: \u0160arminis \u0161lapimo pH padeda i\u0161vengti akmen\u0173 susidarymo ir palaiko bendr\u0105 \u0161lapimo tak\u0173 b\u016bkl\u0119.<\/span><\/li>\n<\/ul>\n<p><span style=\"font-weight: 400;\">\u0160is \u0117dalas u\u017etikrina subalansuot\u0105 mityb\u0105 ir tinka tiek suaugusioms kat\u0117ms, tiek ka\u010diukams. Jis ne tik padeda suma\u017einti alergijos simptomus, bet ir palaiko bendr\u0105 augintinio sveikat\u0105 bei gerov\u0119.<\/span><\/p>\n","protected":false},"excerpt":{"rendered":"<p><span style=\"font-weight: 400;\">Subalansuotas kasdienis \u0117dalas sukurtas specialiai alergi\u0161koms kat\u0117ms, kurias vargina atopinis dermatitas, alergijos \u0117dalui, blus\u0173 sukeltos alergijos arba \u0161i\u0173 b\u016bkli\u0173 kombinacijos. Tinka ir vir\u0161kinimo sutrikim\u0173 turintiems gyv\u016bnams.<\/span><\/p>\n","protected":false},"featured_media":11628,"template":"","meta":[],"product_brand":[],"product_cat":[114,102,118,326],"product_tag":[],"class_list":{"0":"post-11627","1":"product","2":"type-product","3":"status-publish","4":"has-post-thumbnail","6":"product_cat-kaciu-maistas","7":"product_cat-katems","8":"product_cat-veterinarinis-maistas-katems","9":"product_cat-specific-kaciu-maistas","10":"pa_prekinis-zenklas-specific","12":"first","13":"instock","14":"sale","15":"taxable","16":"shipping-taxable","17":"purchasable","18":"product-type-variable"},"yoast_head":"<!-- This site is optimized with the Yoast SEO Premium plugin v27.1 (Yoast SEO v27.5) - https:\/\/yoast.com\/product\/yoast-seo-premium-wordpress\/ -->\n<title>SPECIFIC\u2122 FOD-HY hidrolizuotas pa\u0161aras alergi\u0161koms kat\u0117ms - anivet.lt<\/title>\n<meta name=\"description\" content=\"Subalansuotas kasdienis \u0117dalas sukurtas specialiai alergi\u0161koms kat\u0117ms, kurias vargina atopinis dermatitas, alergijos \u0117dalui, blus\u0173 sukeltos alergijos arba \u0161i\u0173 b\u016bkli\u0173 kombinacijos. Tinka ir vir\u0161kinimo sutrikim\u0173 turintiems gyv\u016bnams.\" \/>\n<meta name=\"robots\" content=\"index, follow, max-snippet:-1, max-image-preview:large, max-video-preview:-1\" \/>\n<link rel=\"canonical\" href=\"https:\/\/anivet.lt\/elparduotuve\/produktas\/specific-fod-hy-hidrolizuotas-pasaras-alergiskoms-katems\/\" \/>\n<meta property=\"og:locale\" content=\"lt_LT\" \/>\n<meta property=\"og:type\" content=\"article\" \/>\n<meta property=\"og:title\" content=\"SPECIFIC\u2122 FOD-HY hidrolizuotas pa\u0161aras alergi\u0161koms kat\u0117ms\" \/>\n<meta property=\"og:description\" content=\"Subalansuotas kasdienis \u0117dalas sukurtas specialiai alergi\u0161koms kat\u0117ms, kurias vargina atopinis dermatitas, alergijos \u0117dalui, blus\u0173 sukeltos alergijos arba \u0161i\u0173 b\u016bkli\u0173 kombinacijos. Tinka ir vir\u0161kinimo sutrikim\u0173 turintiems gyv\u016bnams.\" \/>\n<meta property=\"og:url\" content=\"https:\/\/anivet.lt\/elparduotuve\/produktas\/specific-fod-hy-hidrolizuotas-pasaras-alergiskoms-katems\/\" \/>\n<meta property=\"og:site_name\" content=\"anivet.lt\" \/>\n<meta property=\"article:modified_time\" content=\"2026-04-16T10:36:31+00:00\" \/>\n<meta property=\"og:image\" content=\"https:\/\/anivet.lt\/elparduotuve\/wp-content\/uploads\/2023\/09\/FOD-HY.png\" \/>\n\t<meta property=\"og:image:width\" content=\"1970\" \/>\n\t<meta property=\"og:image:height\" content=\"2000\" \/>\n\t<meta property=\"og:image:type\" content=\"image\/png\" \/>\n<meta name=\"twitter:card\" content=\"summary_large_image\" \/>\n<meta name=\"twitter:label1\" content=\"Est. reading time\" \/>\n\t<meta name=\"twitter:data1\" content=\"1 minut\u0117\" \/>\n<script type=\"application\/ld+json\" class=\"yoast-schema-graph\">{\"@context\":\"https:\\\/\\\/schema.org\",\"@graph\":[{\"@type\":\"WebPage\",\"@id\":\"https:\\\/\\\/anivet.lt\\\/elparduotuve\\\/produktas\\\/specific-fod-hy-hidrolizuotas-pasaras-alergiskoms-katems\\\/\",\"url\":\"https:\\\/\\\/anivet.lt\\\/elparduotuve\\\/produktas\\\/specific-fod-hy-hidrolizuotas-pasaras-alergiskoms-katems\\\/\",\"name\":\"SPECIFIC\u2122 FOD-HY hidrolizuotas pa\u0161aras alergi\u0161koms kat\u0117ms - anivet.lt\",\"isPartOf\":{\"@id\":\"https:\\\/\\\/anivet.lt\\\/elparduotuve\\\/#website\"},\"primaryImageOfPage\":{\"@id\":\"https:\\\/\\\/anivet.lt\\\/elparduotuve\\\/produktas\\\/specific-fod-hy-hidrolizuotas-pasaras-alergiskoms-katems\\\/#primaryimage\"},\"image\":{\"@id\":\"https:\\\/\\\/anivet.lt\\\/elparduotuve\\\/produktas\\\/specific-fod-hy-hidrolizuotas-pasaras-alergiskoms-katems\\\/#primaryimage\"},\"thumbnailUrl\":\"https:\\\/\\\/anivet.lt\\\/elparduotuve\\\/wp-content\\\/uploads\\\/2023\\\/09\\\/FOD-HY.png\",\"datePublished\":\"2023-09-16T14:01:07+00:00\",\"dateModified\":\"2026-04-16T10:36:31+00:00\",\"description\":\"Subalansuotas kasdienis \u0117dalas sukurtas specialiai alergi\u0161koms kat\u0117ms, kurias vargina atopinis dermatitas, alergijos \u0117dalui, blus\u0173 sukeltos alergijos arba \u0161i\u0173 b\u016bkli\u0173 kombinacijos. Tinka ir vir\u0161kinimo sutrikim\u0173 turintiems gyv\u016bnams.\",\"breadcrumb\":{\"@id\":\"https:\\\/\\\/anivet.lt\\\/elparduotuve\\\/produktas\\\/specific-fod-hy-hidrolizuotas-pasaras-alergiskoms-katems\\\/#breadcrumb\"},\"inLanguage\":\"lt-LT\",\"potentialAction\":[{\"@type\":\"ReadAction\",\"target\":[\"https:\\\/\\\/anivet.lt\\\/elparduotuve\\\/produktas\\\/specific-fod-hy-hidrolizuotas-pasaras-alergiskoms-katems\\\/\"]}]},{\"@type\":\"ImageObject\",\"inLanguage\":\"lt-LT\",\"@id\":\"https:\\\/\\\/anivet.lt\\\/elparduotuve\\\/produktas\\\/specific-fod-hy-hidrolizuotas-pasaras-alergiskoms-katems\\\/#primaryimage\",\"url\":\"https:\\\/\\\/anivet.lt\\\/elparduotuve\\\/wp-content\\\/uploads\\\/2023\\\/09\\\/FOD-HY.png\",\"contentUrl\":\"https:\\\/\\\/anivet.lt\\\/elparduotuve\\\/wp-content\\\/uploads\\\/2023\\\/09\\\/FOD-HY.png\",\"width\":1970,\"height\":2000,\"caption\":\"SPECIFIC\u2122 FOD-HY hidrolizuotas pa\u0161aras alergi\u0161koms kat\u0117ms\"},{\"@type\":\"BreadcrumbList\",\"@id\":\"https:\\\/\\\/anivet.lt\\\/elparduotuve\\\/produktas\\\/specific-fod-hy-hidrolizuotas-pasaras-alergiskoms-katems\\\/#breadcrumb\",\"itemListElement\":[{\"@type\":\"ListItem\",\"position\":1,\"name\":\"Home\",\"item\":\"https:\\\/\\\/anivet.lt\\\/elparduotuve\\\/\"},{\"@type\":\"ListItem\",\"position\":2,\"name\":\"Produktai\",\"item\":\"https:\\\/\\\/anivet.lt\\\/elparduotuve\\\/produktai\\\/\"},{\"@type\":\"ListItem\",\"position\":3,\"name\":\"SPECIFIC\u2122 FOD-HY hidrolizuotas pa\u0161aras alergi\u0161koms kat\u0117ms\"}]},{\"@type\":\"WebSite\",\"@id\":\"https:\\\/\\\/anivet.lt\\\/elparduotuve\\\/#website\",\"url\":\"https:\\\/\\\/anivet.lt\\\/elparduotuve\\\/\",\"name\":\"anivet.lt\",\"description\":\"Viskas J\u016bs\u0173 \u0161uns, kat\u0117s prie\u017ei\u016brai\",\"publisher\":{\"@id\":\"https:\\\/\\\/anivet.lt\\\/elparduotuve\\\/#organization\"},\"alternateName\":\"Viskas J\u016bs\u0173 \u0161uns, kat\u0117s prie\u017ei\u016brai\",\"potentialAction\":[{\"@type\":\"SearchAction\",\"target\":{\"@type\":\"EntryPoint\",\"urlTemplate\":\"https:\\\/\\\/anivet.lt\\\/elparduotuve\\\/?s={search_term_string}\"},\"query-input\":{\"@type\":\"PropertyValueSpecification\",\"valueRequired\":true,\"valueName\":\"search_term_string\"}}],\"inLanguage\":\"lt-LT\"},{\"@type\":\"Organization\",\"@id\":\"https:\\\/\\\/anivet.lt\\\/elparduotuve\\\/#organization\",\"name\":\"Viskas J\u016bs\u0173 \u0161uns, kat\u0117s prie\u017ei\u016brai\",\"url\":\"https:\\\/\\\/anivet.lt\\\/elparduotuve\\\/\",\"logo\":{\"@type\":\"ImageObject\",\"inLanguage\":\"lt-LT\",\"@id\":\"https:\\\/\\\/anivet.lt\\\/elparduotuve\\\/#\\\/schema\\\/logo\\\/image\\\/\",\"url\":\"https:\\\/\\\/anivet.lt\\\/elparduotuve\\\/wp-content\\\/uploads\\\/2023\\\/06\\\/logo2.jpg\",\"contentUrl\":\"https:\\\/\\\/anivet.lt\\\/elparduotuve\\\/wp-content\\\/uploads\\\/2023\\\/06\\\/logo2.jpg\",\"width\":655,\"height\":194,\"caption\":\"Viskas J\u016bs\u0173 \u0161uns, kat\u0117s prie\u017ei\u016brai\"},\"image\":{\"@id\":\"https:\\\/\\\/anivet.lt\\\/elparduotuve\\\/#\\\/schema\\\/logo\\\/image\\\/\"}}]}<\/script>\n<!-- \/ Yoast SEO Premium plugin. -->","yoast_head_json":{"title":"SPECIFIC\u2122 FOD-HY hidrolizuotas pa\u0161aras alergi\u0161koms kat\u0117ms - anivet.lt","description":"Subalansuotas kasdienis \u0117dalas sukurtas specialiai alergi\u0161koms kat\u0117ms, kurias vargina atopinis dermatitas, alergijos \u0117dalui, blus\u0173 sukeltos alergijos arba \u0161i\u0173 b\u016bkli\u0173 kombinacijos. Tinka ir vir\u0161kinimo sutrikim\u0173 turintiems gyv\u016bnams.","robots":{"index":"index","follow":"follow","max-snippet":"max-snippet:-1","max-image-preview":"max-image-preview:large","max-video-preview":"max-video-preview:-1"},"canonical":"https:\/\/anivet.lt\/elparduotuve\/produktas\/specific-fod-hy-hidrolizuotas-pasaras-alergiskoms-katems\/","og_locale":"lt_LT","og_type":"article","og_title":"SPECIFIC\u2122 FOD-HY hidrolizuotas pa\u0161aras alergi\u0161koms kat\u0117ms","og_description":"Subalansuotas kasdienis \u0117dalas sukurtas specialiai alergi\u0161koms kat\u0117ms, kurias vargina atopinis dermatitas, alergijos \u0117dalui, blus\u0173 sukeltos alergijos arba \u0161i\u0173 b\u016bkli\u0173 kombinacijos. Tinka ir vir\u0161kinimo sutrikim\u0173 turintiems gyv\u016bnams.","og_url":"https:\/\/anivet.lt\/elparduotuve\/produktas\/specific-fod-hy-hidrolizuotas-pasaras-alergiskoms-katems\/","og_site_name":"anivet.lt","article_modified_time":"2026-04-16T10:36:31+00:00","og_image":[{"width":1970,"height":2000,"url":"https:\/\/anivet.lt\/elparduotuve\/wp-content\/uploads\/2023\/09\/FOD-HY.png","type":"image\/png"}],"twitter_card":"summary_large_image","twitter_misc":{"Est. reading time":"1 minut\u0117"},"schema":{"@context":"https:\/\/schema.org","@graph":[{"@type":"WebPage","@id":"https:\/\/anivet.lt\/elparduotuve\/produktas\/specific-fod-hy-hidrolizuotas-pasaras-alergiskoms-katems\/","url":"https:\/\/anivet.lt\/elparduotuve\/produktas\/specific-fod-hy-hidrolizuotas-pasaras-alergiskoms-katems\/","name":"SPECIFIC\u2122 FOD-HY hidrolizuotas pa\u0161aras alergi\u0161koms kat\u0117ms - anivet.lt","isPartOf":{"@id":"https:\/\/anivet.lt\/elparduotuve\/#website"},"primaryImageOfPage":{"@id":"https:\/\/anivet.lt\/elparduotuve\/produktas\/specific-fod-hy-hidrolizuotas-pasaras-alergiskoms-katems\/#primaryimage"},"image":{"@id":"https:\/\/anivet.lt\/elparduotuve\/produktas\/specific-fod-hy-hidrolizuotas-pasaras-alergiskoms-katems\/#primaryimage"},"thumbnailUrl":"https:\/\/anivet.lt\/elparduotuve\/wp-content\/uploads\/2023\/09\/FOD-HY.png","datePublished":"2023-09-16T14:01:07+00:00","dateModified":"2026-04-16T10:36:31+00:00","description":"Subalansuotas kasdienis \u0117dalas sukurtas specialiai alergi\u0161koms kat\u0117ms, kurias vargina atopinis dermatitas, alergijos \u0117dalui, blus\u0173 sukeltos alergijos arba \u0161i\u0173 b\u016bkli\u0173 kombinacijos. Tinka ir vir\u0161kinimo sutrikim\u0173 turintiems gyv\u016bnams.","breadcrumb":{"@id":"https:\/\/anivet.lt\/elparduotuve\/produktas\/specific-fod-hy-hidrolizuotas-pasaras-alergiskoms-katems\/#breadcrumb"},"inLanguage":"lt-LT","potentialAction":[{"@type":"ReadAction","target":["https:\/\/anivet.lt\/elparduotuve\/produktas\/specific-fod-hy-hidrolizuotas-pasaras-alergiskoms-katems\/"]}]},{"@type":"ImageObject","inLanguage":"lt-LT","@id":"https:\/\/anivet.lt\/elparduotuve\/produktas\/specific-fod-hy-hidrolizuotas-pasaras-alergiskoms-katems\/#primaryimage","url":"https:\/\/anivet.lt\/elparduotuve\/wp-content\/uploads\/2023\/09\/FOD-HY.png","contentUrl":"https:\/\/anivet.lt\/elparduotuve\/wp-content\/uploads\/2023\/09\/FOD-HY.png","width":1970,"height":2000,"caption":"SPECIFIC\u2122 FOD-HY hidrolizuotas pa\u0161aras alergi\u0161koms kat\u0117ms"},{"@type":"BreadcrumbList","@id":"https:\/\/anivet.lt\/elparduotuve\/produktas\/specific-fod-hy-hidrolizuotas-pasaras-alergiskoms-katems\/#breadcrumb","itemListElement":[{"@type":"ListItem","position":1,"name":"Home","item":"https:\/\/anivet.lt\/elparduotuve\/"},{"@type":"ListItem","position":2,"name":"Produktai","item":"https:\/\/anivet.lt\/elparduotuve\/produktai\/"},{"@type":"ListItem","position":3,"name":"SPECIFIC\u2122 FOD-HY hidrolizuotas pa\u0161aras alergi\u0161koms kat\u0117ms"}]},{"@type":"WebSite","@id":"https:\/\/anivet.lt\/elparduotuve\/#website","url":"https:\/\/anivet.lt\/elparduotuve\/","name":"anivet.lt","description":"Viskas J\u016bs\u0173 \u0161uns, kat\u0117s prie\u017ei\u016brai","publisher":{"@id":"https:\/\/anivet.lt\/elparduotuve\/#organization"},"alternateName":"Viskas J\u016bs\u0173 \u0161uns, kat\u0117s prie\u017ei\u016brai","potentialAction":[{"@type":"SearchAction","target":{"@type":"EntryPoint","urlTemplate":"https:\/\/anivet.lt\/elparduotuve\/?s={search_term_string}"},"query-input":{"@type":"PropertyValueSpecification","valueRequired":true,"valueName":"search_term_string"}}],"inLanguage":"lt-LT"},{"@type":"Organization","@id":"https:\/\/anivet.lt\/elparduotuve\/#organization","name":"Viskas J\u016bs\u0173 \u0161uns, kat\u0117s prie\u017ei\u016brai","url":"https:\/\/anivet.lt\/elparduotuve\/","logo":{"@type":"ImageObject","inLanguage":"lt-LT","@id":"https:\/\/anivet.lt\/elparduotuve\/#\/schema\/logo\/image\/","url":"https:\/\/anivet.lt\/elparduotuve\/wp-content\/uploads\/2023\/06\/logo2.jpg","contentUrl":"https:\/\/anivet.lt\/elparduotuve\/wp-content\/uploads\/2023\/06\/logo2.jpg","width":655,"height":194,"caption":"Viskas J\u016bs\u0173 \u0161uns, kat\u0117s prie\u017ei\u016brai"},"image":{"@id":"https:\/\/anivet.lt\/elparduotuve\/#\/schema\/logo\/image\/"}}]}},"_links":{"self":[{"href":"https:\/\/anivet.lt\/elparduotuve\/wp-json\/wp\/v2\/product\/11627","targetHints":{"allow":["GET"]}}],"collection":[{"href":"https:\/\/anivet.lt\/elparduotuve\/wp-json\/wp\/v2\/product"}],"about":[{"href":"https:\/\/anivet.lt\/elparduotuve\/wp-json\/wp\/v2\/types\/product"}],"wp:featuredmedia":[{"embeddable":true,"href":"https:\/\/anivet.lt\/elparduotuve\/wp-json\/wp\/v2\/media\/11628"}],"wp:attachment":[{"href":"https:\/\/anivet.lt\/elparduotuve\/wp-json\/wp\/v2\/media?parent=11627"}],"wp:term":[{"taxonomy":"product_brand","embeddable":true,"href":"https:\/\/anivet.lt\/elparduotuve\/wp-json\/wp\/v2\/product_brand?post=11627"},{"taxonomy":"product_cat","embeddable":true,"href":"https:\/\/anivet.lt\/elparduotuve\/wp-json\/wp\/v2\/product_cat?post=11627"},{"taxonomy":"product_tag","embeddable":true,"href":"https:\/\/anivet.lt\/elparduotuve\/wp-json\/wp\/v2\/product_tag?post=11627"}],"curies":[{"name":"wp","href":"https:\/\/api.w.org\/{rel}","templated":true}]}}