{"id":11652,"date":"2023-09-16T17:08:25","date_gmt":"2023-09-16T17:08:25","guid":{"rendered":"https:\/\/anivet.lt\/elparduotuve\/?post_type=product&#038;p=11652"},"modified":"2025-07-27T09:19:34","modified_gmt":"2025-07-27T09:19:34","slug":"specific-cxd-s-xs-adult-small-breed-1kg","status":"publish","type":"product","link":"https:\/\/anivet.lt\/elparduotuve\/produktas\/specific-cxd-s-xs-adult-small-breed-1kg\/","title":{"rendered":"SPECIFIC\u2122 CXD-S-XS suaugusiems ma\u017e\u0173j\u0173 veisli\u0173 \u0161unims"},"content":{"rendered":"<ul>\n<li>\n<ul>\n<li style=\"font-weight: 400;\"><span style=\"font-weight: 400;\">Subalansuota mityba: Vidutinio energijos kiekio formul\u0117, padedanti i\u0161laikyti ideal\u0173 k\u016bno svor\u012f.<\/span><\/li>\n<li style=\"font-weight: 400;\"><span style=\"font-weight: 400;\">Sveikai odai ir kailiui: Omega-3 riebal\u0173 r\u016bg\u0161tys (EPA ir DHA) prisideda prie sveikos odos ir blizgaus kailio.<\/span><\/li>\n<li style=\"font-weight: 400;\"><span style=\"font-weight: 400;\">Vir\u0161kinimo gerinimas: Auk\u0161tos kokyb\u0117s sudedamosios dalys ir runkeli\u0173 i\u0161spaudos u\u017etikrina ger\u0105 \u017earnyno mikroflor\u0105 ir ma\u017eina i\u0161mat\u0173 kiek\u012f.<\/span><\/li>\n<li style=\"font-weight: 400;\"><span style=\"font-weight: 400;\">Lengvai vir\u0161kinamas: Auk\u0161tos kokyb\u0117s ingredientai u\u017etikrina puik\u0173 maistini\u0173 med\u017eiag\u0173 \u012fsisavinim\u0105.<\/span><\/li>\n<\/ul>\n<p><span style=\"font-weight: 400;\">\u201eSPECIFIC\u2122 CXD-S-XS\u201d yra idealus pasirinkimas ma\u017e\u0173j\u0173 veisli\u0173 \u0161unims, u\u017etikrinantis optimal\u0173 mitybos balans\u0105, ger\u0105 vir\u0161kinim\u0105 ir sveik\u0105 kail\u012f. Su \u0161iuo pa\u0161aru j\u016bs\u0173 augintinis jausis energingas ir laimingas kasdien.<\/span><\/li>\n<\/ul>\n","protected":false},"excerpt":{"rendered":"<p><span style=\"font-weight: 400;\">Visavertis ir subalansuotas kasdieninis \u0117dalas, skirtas ma\u017e\u0173j\u0173 veisli\u0173 \u0161unims (iki 10 kg) nuo 1 iki 8 met\u0173 am\u017eiaus. \u0160is pa\u0161aras sukurtas atsi\u017evelgiant \u012f ma\u017e\u0173j\u0173 \u0161un\u0173 specifinius poreikius, siekiant palaikyti j\u0173 optimali\u0105 sveikat\u0105 ir ger\u0105 fizin\u0119 form\u0105.<\/span><\/p>\n","protected":false},"featured_media":11664,"template":"","meta":[],"product_brand":[],"product_cat":[101,103,104,321],"product_tag":[],"class_list":{"0":"post-11652","1":"product","2":"type-product","3":"status-publish","4":"has-post-thumbnail","6":"product_cat-sunims","7":"product_cat-sunu-maistas","8":"product_cat-sausas-maistas","9":"product_cat-specific-sunu-maistas","10":"pa_prekinis-zenklas-specific","12":"first","13":"outofstock","14":"taxable","15":"shipping-taxable","16":"purchasable","17":"product-type-simple"},"yoast_head":"<!-- This site is optimized with the Yoast SEO Premium plugin v27.1 (Yoast SEO v27.5) - https:\/\/yoast.com\/product\/yoast-seo-premium-wordpress\/ -->\n<title>SPECIFIC\u2122 CXD-S-XS suaugusiems ma\u017e\u0173j\u0173 veisli\u0173 \u0161unims - anivet.lt<\/title>\n<meta name=\"description\" content=\"Visavertis ir subalansuotas kasdieninis \u0117dalas, skirtas ma\u017e\u0173j\u0173 veisli\u0173 \u0161unims (iki 10 kg) nuo 1 iki 8 met\u0173 am\u017eiaus. \u0160is pa\u0161aras sukurtas atsi\u017evelgiant \u012f ma\u017e\u0173j\u0173 \u0161un\u0173 specifinius poreikius, siekiant palaikyti j\u0173 optimali\u0105 sveikat\u0105 ir ger\u0105 fizin\u0119 form\u0105.\" \/>\n<meta name=\"robots\" content=\"index, follow, max-snippet:-1, max-image-preview:large, max-video-preview:-1\" \/>\n<link rel=\"canonical\" href=\"https:\/\/anivet.lt\/elparduotuve\/produktas\/specific-cxd-s-xs-adult-small-breed-1kg\/\" \/>\n<meta property=\"og:locale\" content=\"lt_LT\" \/>\n<meta property=\"og:type\" content=\"article\" \/>\n<meta property=\"og:title\" content=\"SPECIFIC\u2122 CXD-S-XS suaugusiems ma\u017e\u0173j\u0173 veisli\u0173 \u0161unims\" \/>\n<meta property=\"og:description\" content=\"Visavertis ir subalansuotas kasdieninis \u0117dalas, skirtas ma\u017e\u0173j\u0173 veisli\u0173 \u0161unims (iki 10 kg) nuo 1 iki 8 met\u0173 am\u017eiaus. \u0160is pa\u0161aras sukurtas atsi\u017evelgiant \u012f ma\u017e\u0173j\u0173 \u0161un\u0173 specifinius poreikius, siekiant palaikyti j\u0173 optimali\u0105 sveikat\u0105 ir ger\u0105 fizin\u0119 form\u0105.\" \/>\n<meta property=\"og:url\" content=\"https:\/\/anivet.lt\/elparduotuve\/produktas\/specific-cxd-s-xs-adult-small-breed-1kg\/\" \/>\n<meta property=\"og:site_name\" content=\"anivet.lt\" \/>\n<meta property=\"article:modified_time\" content=\"2025-07-27T09:19:34+00:00\" \/>\n<meta property=\"og:image\" content=\"https:\/\/anivet.lt\/elparduotuve\/wp-content\/uploads\/2023\/09\/cxd-s-xs.jpg\" \/>\n\t<meta property=\"og:image:width\" content=\"2048\" \/>\n\t<meta property=\"og:image:height\" content=\"1943\" \/>\n\t<meta property=\"og:image:type\" content=\"image\/jpeg\" \/>\n<meta name=\"twitter:card\" content=\"summary_large_image\" \/>\n<meta name=\"twitter:label1\" content=\"Est. reading time\" \/>\n\t<meta name=\"twitter:data1\" content=\"1 minut\u0117\" \/>\n<script type=\"application\/ld+json\" class=\"yoast-schema-graph\">{\"@context\":\"https:\\\/\\\/schema.org\",\"@graph\":[{\"@type\":\"WebPage\",\"@id\":\"https:\\\/\\\/anivet.lt\\\/elparduotuve\\\/produktas\\\/specific-cxd-s-xs-adult-small-breed-1kg\\\/\",\"url\":\"https:\\\/\\\/anivet.lt\\\/elparduotuve\\\/produktas\\\/specific-cxd-s-xs-adult-small-breed-1kg\\\/\",\"name\":\"SPECIFIC\u2122 CXD-S-XS suaugusiems ma\u017e\u0173j\u0173 veisli\u0173 \u0161unims - anivet.lt\",\"isPartOf\":{\"@id\":\"https:\\\/\\\/anivet.lt\\\/elparduotuve\\\/#website\"},\"primaryImageOfPage\":{\"@id\":\"https:\\\/\\\/anivet.lt\\\/elparduotuve\\\/produktas\\\/specific-cxd-s-xs-adult-small-breed-1kg\\\/#primaryimage\"},\"image\":{\"@id\":\"https:\\\/\\\/anivet.lt\\\/elparduotuve\\\/produktas\\\/specific-cxd-s-xs-adult-small-breed-1kg\\\/#primaryimage\"},\"thumbnailUrl\":\"https:\\\/\\\/anivet.lt\\\/elparduotuve\\\/wp-content\\\/uploads\\\/2023\\\/09\\\/cxd-s-xs.jpg\",\"datePublished\":\"2023-09-16T17:08:25+00:00\",\"dateModified\":\"2025-07-27T09:19:34+00:00\",\"description\":\"Visavertis ir subalansuotas kasdieninis \u0117dalas, skirtas ma\u017e\u0173j\u0173 veisli\u0173 \u0161unims (iki 10 kg) nuo 1 iki 8 met\u0173 am\u017eiaus. \u0160is pa\u0161aras sukurtas atsi\u017evelgiant \u012f ma\u017e\u0173j\u0173 \u0161un\u0173 specifinius poreikius, siekiant palaikyti j\u0173 optimali\u0105 sveikat\u0105 ir ger\u0105 fizin\u0119 form\u0105.\",\"breadcrumb\":{\"@id\":\"https:\\\/\\\/anivet.lt\\\/elparduotuve\\\/produktas\\\/specific-cxd-s-xs-adult-small-breed-1kg\\\/#breadcrumb\"},\"inLanguage\":\"lt-LT\",\"potentialAction\":[{\"@type\":\"ReadAction\",\"target\":[\"https:\\\/\\\/anivet.lt\\\/elparduotuve\\\/produktas\\\/specific-cxd-s-xs-adult-small-breed-1kg\\\/\"]}]},{\"@type\":\"ImageObject\",\"inLanguage\":\"lt-LT\",\"@id\":\"https:\\\/\\\/anivet.lt\\\/elparduotuve\\\/produktas\\\/specific-cxd-s-xs-adult-small-breed-1kg\\\/#primaryimage\",\"url\":\"https:\\\/\\\/anivet.lt\\\/elparduotuve\\\/wp-content\\\/uploads\\\/2023\\\/09\\\/cxd-s-xs.jpg\",\"contentUrl\":\"https:\\\/\\\/anivet.lt\\\/elparduotuve\\\/wp-content\\\/uploads\\\/2023\\\/09\\\/cxd-s-xs.jpg\",\"width\":2048,\"height\":1943,\"caption\":\"SPECIFIC\u2122 CXD-S-XS suaugusiems ma\u017e\u0173j\u0173 veisli\u0173 \u0161unims\"},{\"@type\":\"BreadcrumbList\",\"@id\":\"https:\\\/\\\/anivet.lt\\\/elparduotuve\\\/produktas\\\/specific-cxd-s-xs-adult-small-breed-1kg\\\/#breadcrumb\",\"itemListElement\":[{\"@type\":\"ListItem\",\"position\":1,\"name\":\"Home\",\"item\":\"https:\\\/\\\/anivet.lt\\\/elparduotuve\\\/\"},{\"@type\":\"ListItem\",\"position\":2,\"name\":\"Produktai\",\"item\":\"https:\\\/\\\/anivet.lt\\\/elparduotuve\\\/produktai\\\/\"},{\"@type\":\"ListItem\",\"position\":3,\"name\":\"SPECIFIC\u2122 CXD-S-XS suaugusiems ma\u017e\u0173j\u0173 veisli\u0173 \u0161unims\"}]},{\"@type\":\"WebSite\",\"@id\":\"https:\\\/\\\/anivet.lt\\\/elparduotuve\\\/#website\",\"url\":\"https:\\\/\\\/anivet.lt\\\/elparduotuve\\\/\",\"name\":\"anivet.lt\",\"description\":\"Viskas J\u016bs\u0173 \u0161uns, kat\u0117s prie\u017ei\u016brai\",\"publisher\":{\"@id\":\"https:\\\/\\\/anivet.lt\\\/elparduotuve\\\/#organization\"},\"alternateName\":\"Viskas J\u016bs\u0173 \u0161uns, kat\u0117s prie\u017ei\u016brai\",\"potentialAction\":[{\"@type\":\"SearchAction\",\"target\":{\"@type\":\"EntryPoint\",\"urlTemplate\":\"https:\\\/\\\/anivet.lt\\\/elparduotuve\\\/?s={search_term_string}\"},\"query-input\":{\"@type\":\"PropertyValueSpecification\",\"valueRequired\":true,\"valueName\":\"search_term_string\"}}],\"inLanguage\":\"lt-LT\"},{\"@type\":\"Organization\",\"@id\":\"https:\\\/\\\/anivet.lt\\\/elparduotuve\\\/#organization\",\"name\":\"Viskas J\u016bs\u0173 \u0161uns, kat\u0117s prie\u017ei\u016brai\",\"url\":\"https:\\\/\\\/anivet.lt\\\/elparduotuve\\\/\",\"logo\":{\"@type\":\"ImageObject\",\"inLanguage\":\"lt-LT\",\"@id\":\"https:\\\/\\\/anivet.lt\\\/elparduotuve\\\/#\\\/schema\\\/logo\\\/image\\\/\",\"url\":\"https:\\\/\\\/anivet.lt\\\/elparduotuve\\\/wp-content\\\/uploads\\\/2023\\\/06\\\/logo2.jpg\",\"contentUrl\":\"https:\\\/\\\/anivet.lt\\\/elparduotuve\\\/wp-content\\\/uploads\\\/2023\\\/06\\\/logo2.jpg\",\"width\":655,\"height\":194,\"caption\":\"Viskas J\u016bs\u0173 \u0161uns, kat\u0117s prie\u017ei\u016brai\"},\"image\":{\"@id\":\"https:\\\/\\\/anivet.lt\\\/elparduotuve\\\/#\\\/schema\\\/logo\\\/image\\\/\"}}]}<\/script>\n<!-- \/ Yoast SEO Premium plugin. -->","yoast_head_json":{"title":"SPECIFIC\u2122 CXD-S-XS suaugusiems ma\u017e\u0173j\u0173 veisli\u0173 \u0161unims - anivet.lt","description":"Visavertis ir subalansuotas kasdieninis \u0117dalas, skirtas ma\u017e\u0173j\u0173 veisli\u0173 \u0161unims (iki 10 kg) nuo 1 iki 8 met\u0173 am\u017eiaus. \u0160is pa\u0161aras sukurtas atsi\u017evelgiant \u012f ma\u017e\u0173j\u0173 \u0161un\u0173 specifinius poreikius, siekiant palaikyti j\u0173 optimali\u0105 sveikat\u0105 ir ger\u0105 fizin\u0119 form\u0105.","robots":{"index":"index","follow":"follow","max-snippet":"max-snippet:-1","max-image-preview":"max-image-preview:large","max-video-preview":"max-video-preview:-1"},"canonical":"https:\/\/anivet.lt\/elparduotuve\/produktas\/specific-cxd-s-xs-adult-small-breed-1kg\/","og_locale":"lt_LT","og_type":"article","og_title":"SPECIFIC\u2122 CXD-S-XS suaugusiems ma\u017e\u0173j\u0173 veisli\u0173 \u0161unims","og_description":"Visavertis ir subalansuotas kasdieninis \u0117dalas, skirtas ma\u017e\u0173j\u0173 veisli\u0173 \u0161unims (iki 10 kg) nuo 1 iki 8 met\u0173 am\u017eiaus. \u0160is pa\u0161aras sukurtas atsi\u017evelgiant \u012f ma\u017e\u0173j\u0173 \u0161un\u0173 specifinius poreikius, siekiant palaikyti j\u0173 optimali\u0105 sveikat\u0105 ir ger\u0105 fizin\u0119 form\u0105.","og_url":"https:\/\/anivet.lt\/elparduotuve\/produktas\/specific-cxd-s-xs-adult-small-breed-1kg\/","og_site_name":"anivet.lt","article_modified_time":"2025-07-27T09:19:34+00:00","og_image":[{"width":2048,"height":1943,"url":"https:\/\/anivet.lt\/elparduotuve\/wp-content\/uploads\/2023\/09\/cxd-s-xs.jpg","type":"image\/jpeg"}],"twitter_card":"summary_large_image","twitter_misc":{"Est. reading time":"1 minut\u0117"},"schema":{"@context":"https:\/\/schema.org","@graph":[{"@type":"WebPage","@id":"https:\/\/anivet.lt\/elparduotuve\/produktas\/specific-cxd-s-xs-adult-small-breed-1kg\/","url":"https:\/\/anivet.lt\/elparduotuve\/produktas\/specific-cxd-s-xs-adult-small-breed-1kg\/","name":"SPECIFIC\u2122 CXD-S-XS suaugusiems ma\u017e\u0173j\u0173 veisli\u0173 \u0161unims - anivet.lt","isPartOf":{"@id":"https:\/\/anivet.lt\/elparduotuve\/#website"},"primaryImageOfPage":{"@id":"https:\/\/anivet.lt\/elparduotuve\/produktas\/specific-cxd-s-xs-adult-small-breed-1kg\/#primaryimage"},"image":{"@id":"https:\/\/anivet.lt\/elparduotuve\/produktas\/specific-cxd-s-xs-adult-small-breed-1kg\/#primaryimage"},"thumbnailUrl":"https:\/\/anivet.lt\/elparduotuve\/wp-content\/uploads\/2023\/09\/cxd-s-xs.jpg","datePublished":"2023-09-16T17:08:25+00:00","dateModified":"2025-07-27T09:19:34+00:00","description":"Visavertis ir subalansuotas kasdieninis \u0117dalas, skirtas ma\u017e\u0173j\u0173 veisli\u0173 \u0161unims (iki 10 kg) nuo 1 iki 8 met\u0173 am\u017eiaus. \u0160is pa\u0161aras sukurtas atsi\u017evelgiant \u012f ma\u017e\u0173j\u0173 \u0161un\u0173 specifinius poreikius, siekiant palaikyti j\u0173 optimali\u0105 sveikat\u0105 ir ger\u0105 fizin\u0119 form\u0105.","breadcrumb":{"@id":"https:\/\/anivet.lt\/elparduotuve\/produktas\/specific-cxd-s-xs-adult-small-breed-1kg\/#breadcrumb"},"inLanguage":"lt-LT","potentialAction":[{"@type":"ReadAction","target":["https:\/\/anivet.lt\/elparduotuve\/produktas\/specific-cxd-s-xs-adult-small-breed-1kg\/"]}]},{"@type":"ImageObject","inLanguage":"lt-LT","@id":"https:\/\/anivet.lt\/elparduotuve\/produktas\/specific-cxd-s-xs-adult-small-breed-1kg\/#primaryimage","url":"https:\/\/anivet.lt\/elparduotuve\/wp-content\/uploads\/2023\/09\/cxd-s-xs.jpg","contentUrl":"https:\/\/anivet.lt\/elparduotuve\/wp-content\/uploads\/2023\/09\/cxd-s-xs.jpg","width":2048,"height":1943,"caption":"SPECIFIC\u2122 CXD-S-XS suaugusiems ma\u017e\u0173j\u0173 veisli\u0173 \u0161unims"},{"@type":"BreadcrumbList","@id":"https:\/\/anivet.lt\/elparduotuve\/produktas\/specific-cxd-s-xs-adult-small-breed-1kg\/#breadcrumb","itemListElement":[{"@type":"ListItem","position":1,"name":"Home","item":"https:\/\/anivet.lt\/elparduotuve\/"},{"@type":"ListItem","position":2,"name":"Produktai","item":"https:\/\/anivet.lt\/elparduotuve\/produktai\/"},{"@type":"ListItem","position":3,"name":"SPECIFIC\u2122 CXD-S-XS suaugusiems ma\u017e\u0173j\u0173 veisli\u0173 \u0161unims"}]},{"@type":"WebSite","@id":"https:\/\/anivet.lt\/elparduotuve\/#website","url":"https:\/\/anivet.lt\/elparduotuve\/","name":"anivet.lt","description":"Viskas J\u016bs\u0173 \u0161uns, kat\u0117s prie\u017ei\u016brai","publisher":{"@id":"https:\/\/anivet.lt\/elparduotuve\/#organization"},"alternateName":"Viskas J\u016bs\u0173 \u0161uns, kat\u0117s prie\u017ei\u016brai","potentialAction":[{"@type":"SearchAction","target":{"@type":"EntryPoint","urlTemplate":"https:\/\/anivet.lt\/elparduotuve\/?s={search_term_string}"},"query-input":{"@type":"PropertyValueSpecification","valueRequired":true,"valueName":"search_term_string"}}],"inLanguage":"lt-LT"},{"@type":"Organization","@id":"https:\/\/anivet.lt\/elparduotuve\/#organization","name":"Viskas J\u016bs\u0173 \u0161uns, kat\u0117s prie\u017ei\u016brai","url":"https:\/\/anivet.lt\/elparduotuve\/","logo":{"@type":"ImageObject","inLanguage":"lt-LT","@id":"https:\/\/anivet.lt\/elparduotuve\/#\/schema\/logo\/image\/","url":"https:\/\/anivet.lt\/elparduotuve\/wp-content\/uploads\/2023\/06\/logo2.jpg","contentUrl":"https:\/\/anivet.lt\/elparduotuve\/wp-content\/uploads\/2023\/06\/logo2.jpg","width":655,"height":194,"caption":"Viskas J\u016bs\u0173 \u0161uns, kat\u0117s prie\u017ei\u016brai"},"image":{"@id":"https:\/\/anivet.lt\/elparduotuve\/#\/schema\/logo\/image\/"}}]}},"_links":{"self":[{"href":"https:\/\/anivet.lt\/elparduotuve\/wp-json\/wp\/v2\/product\/11652","targetHints":{"allow":["GET"]}}],"collection":[{"href":"https:\/\/anivet.lt\/elparduotuve\/wp-json\/wp\/v2\/product"}],"about":[{"href":"https:\/\/anivet.lt\/elparduotuve\/wp-json\/wp\/v2\/types\/product"}],"wp:featuredmedia":[{"embeddable":true,"href":"https:\/\/anivet.lt\/elparduotuve\/wp-json\/wp\/v2\/media\/11664"}],"wp:attachment":[{"href":"https:\/\/anivet.lt\/elparduotuve\/wp-json\/wp\/v2\/media?parent=11652"}],"wp:term":[{"taxonomy":"product_brand","embeddable":true,"href":"https:\/\/anivet.lt\/elparduotuve\/wp-json\/wp\/v2\/product_brand?post=11652"},{"taxonomy":"product_cat","embeddable":true,"href":"https:\/\/anivet.lt\/elparduotuve\/wp-json\/wp\/v2\/product_cat?post=11652"},{"taxonomy":"product_tag","embeddable":true,"href":"https:\/\/anivet.lt\/elparduotuve\/wp-json\/wp\/v2\/product_tag?post=11652"}],"curies":[{"name":"wp","href":"https:\/\/api.w.org\/{rel}","templated":true}]}}