{"id":11680,"date":"2023-09-18T08:41:37","date_gmt":"2023-09-18T08:41:37","guid":{"rendered":"https:\/\/anivet.lt\/elparduotuve\/?post_type=product&#038;p=11680"},"modified":"2026-05-11T18:35:28","modified_gmt":"2026-05-11T18:35:28","slug":"specific-cgd-m-senior-medium-breed","status":"publish","type":"product","link":"https:\/\/anivet.lt\/elparduotuve\/produktas\/specific-cgd-m-senior-medium-breed\/","title":{"rendered":"SPECIFIC\u2122 CGD-M pa\u0161aras senyviems vidutinio dyd\u017eio veisli\u0173 \u0161unims"},"content":{"rendered":"<ul>\n<li style=\"font-weight: 400;\" aria-level=\"1\"><span style=\"font-weight: 400;\">Suma\u017eintas baltym\u0173, fosforo ir natrio kiekis: Ma\u017eina inkst\u0173 apkrov\u0105 ir padeda i\u0161vengti inkst\u0173 nepakankamumo progresavimo.<\/span><\/li>\n<li style=\"font-weight: 400;\" aria-level=\"1\"><span style=\"font-weight: 400;\">Omega-3 riebal\u0173 r\u016bg\u0161tys (EPA ir DHA): Palaiko sveik\u0105 od\u0105, kail\u012f, s\u0105nari\u0173 kremzles ir judrum\u0105.<\/span><\/li>\n<li style=\"font-weight: 400;\" aria-level=\"1\"><span style=\"font-weight: 400;\">Padidintas skaidul\u0173 kiekis: Suma\u017eina nutukimo rizik\u0105 ma\u017eesni\u0173 energijos poreiki\u0173 \u0161unims, reguliuoja vir\u0161kinim\u0105 ir ma\u017eina viduri\u0173 u\u017ekiet\u0117jim\u0105.<\/span><\/li>\n<li style=\"font-weight: 400;\" aria-level=\"1\"><span style=\"font-weight: 400;\">Taurinas ir L-karnitinas: Palaiko \u0161irdies funkcij\u0105, skatina riebal\u0173 oksidacij\u0105 ir padeda i\u0161laikyti ideal\u0173 k\u016bno svor\u012f.<\/span><\/li>\n<li style=\"font-weight: 400;\" aria-level=\"1\"><span style=\"font-weight: 400;\">Runkeli\u0173 i\u0161spaudos ir MOS: Palaiko sveik\u0105 \u017earnyno mikrofloros balans\u0105 ir ma\u017eina patogenini\u0173 bakterij\u0173 poveik\u012f vir\u0161kinimo traktui.<\/span><\/li>\n<\/ul>\n<p><span style=\"font-weight: 400;\">Puikus pasirinkimas senyviems \u0161unims, siekiant u\u017etikrinti j\u0173 sveikat\u0105, energij\u0105 ir gyvenimo kokyb\u0119. Sud\u0117tis pritaikyta specialiems senyv\u0173 \u0161un\u0173 poreikiams, padedanti palaikyti j\u0173 ger\u0105 savijaut\u0105 kasdien.<\/span><\/p>\n<h3><b>Nerekomenduojama:<\/b><\/h3>\n<ul>\n<li style=\"font-weight: 400;\" aria-level=\"1\"><span style=\"font-weight: 400;\">\u0160uniukams augimo laikotarpiu.<\/span><\/li>\n<li style=\"font-weight: 400;\" aria-level=\"1\"><span style=\"font-weight: 400;\">\u0160uningoms arba \u017eindan\u010dioms kal\u0117ms.<\/span><\/li>\n<\/ul>\n","protected":false},"excerpt":{"rendered":"<p><span style=\"font-weight: 400;\">Visavertis ir subalansuotas pa\u0161aras, skirtas vidutinio dyd\u017eio veisli\u0173 senyviems \u0161unims nuo 7 met\u0173 am\u017eiaus. \u0160is pa\u0161aras padeda sul\u0117tinti senatvini\u0173 lig\u0173 progresavim\u0105, palaiko sveik\u0105 organizmo b\u016bkl\u0119 ir suma\u017eina senyviems \u0161unims b\u016bding\u0173 problem\u0173 rizik\u0105.<\/span><\/p>\n","protected":false},"featured_media":11681,"template":"","meta":[],"product_brand":[],"product_cat":[101,103,104,321],"product_tag":[],"class_list":{"0":"post-11680","1":"product","2":"type-product","3":"status-publish","4":"has-post-thumbnail","6":"product_cat-sunims","7":"product_cat-sunu-maistas","8":"product_cat-sausas-maistas","9":"product_cat-specific-sunu-maistas","10":"pa_prekinis-zenklas-specific","12":"first","13":"instock","14":"sale","15":"taxable","16":"shipping-taxable","17":"purchasable","18":"product-type-variable"},"yoast_head":"<!-- This site is optimized with the Yoast SEO Premium plugin v27.1 (Yoast SEO v27.5) - https:\/\/yoast.com\/product\/yoast-seo-premium-wordpress\/ -->\n<title>SPECIFIC\u2122 CGD-M pa\u0161aras senyviems vidutinio dyd\u017eio veisli\u0173 \u0161unims - anivet.lt<\/title>\n<meta name=\"description\" content=\"Visavertis ir subalansuotas pa\u0161aras, skirtas vidutinio dyd\u017eio veisli\u0173 senyviems \u0161unims nuo 7 met\u0173 am\u017eiaus. \u0160is pa\u0161aras padeda sul\u0117tinti senatvini\u0173 lig\u0173 progresavim\u0105, palaiko sveik\u0105 organizmo b\u016bkl\u0119 ir suma\u017eina senyviems \u0161unims b\u016bding\u0173 problem\u0173 rizik\u0105.\" \/>\n<meta name=\"robots\" content=\"index, follow, max-snippet:-1, max-image-preview:large, max-video-preview:-1\" \/>\n<link rel=\"canonical\" href=\"https:\/\/anivet.lt\/elparduotuve\/produktas\/specific-cgd-m-senior-medium-breed\/\" \/>\n<meta property=\"og:locale\" content=\"lt_LT\" \/>\n<meta property=\"og:type\" content=\"article\" \/>\n<meta property=\"og:title\" content=\"SPECIFIC\u2122 CGD-M pa\u0161aras senyviems vidutinio dyd\u017eio veisli\u0173 \u0161unims\" \/>\n<meta property=\"og:description\" content=\"Visavertis ir subalansuotas pa\u0161aras, skirtas vidutinio dyd\u017eio veisli\u0173 senyviems \u0161unims nuo 7 met\u0173 am\u017eiaus. \u0160is pa\u0161aras padeda sul\u0117tinti senatvini\u0173 lig\u0173 progresavim\u0105, palaiko sveik\u0105 organizmo b\u016bkl\u0119 ir suma\u017eina senyviems \u0161unims b\u016bding\u0173 problem\u0173 rizik\u0105.\" \/>\n<meta property=\"og:url\" content=\"https:\/\/anivet.lt\/elparduotuve\/produktas\/specific-cgd-m-senior-medium-breed\/\" \/>\n<meta property=\"og:site_name\" content=\"anivet.lt\" \/>\n<meta property=\"article:modified_time\" content=\"2026-05-11T18:35:28+00:00\" \/>\n<meta property=\"og:image\" content=\"https:\/\/anivet.lt\/elparduotuve\/wp-content\/uploads\/2023\/09\/MunpAniDXZBPlMwMOx0lbAlMeTtDXTKpR6r9MPRx.png\" \/>\n\t<meta property=\"og:image:width\" content=\"1822\" \/>\n\t<meta property=\"og:image:height\" content=\"2000\" \/>\n\t<meta property=\"og:image:type\" content=\"image\/png\" \/>\n<meta name=\"twitter:card\" content=\"summary_large_image\" \/>\n<meta name=\"twitter:label1\" content=\"Est. reading time\" \/>\n\t<meta name=\"twitter:data1\" content=\"1 minut\u0117\" \/>\n<script type=\"application\/ld+json\" class=\"yoast-schema-graph\">{\"@context\":\"https:\\\/\\\/schema.org\",\"@graph\":[{\"@type\":\"WebPage\",\"@id\":\"https:\\\/\\\/anivet.lt\\\/elparduotuve\\\/produktas\\\/specific-cgd-m-senior-medium-breed\\\/\",\"url\":\"https:\\\/\\\/anivet.lt\\\/elparduotuve\\\/produktas\\\/specific-cgd-m-senior-medium-breed\\\/\",\"name\":\"SPECIFIC\u2122 CGD-M pa\u0161aras senyviems vidutinio dyd\u017eio veisli\u0173 \u0161unims - anivet.lt\",\"isPartOf\":{\"@id\":\"https:\\\/\\\/anivet.lt\\\/elparduotuve\\\/#website\"},\"primaryImageOfPage\":{\"@id\":\"https:\\\/\\\/anivet.lt\\\/elparduotuve\\\/produktas\\\/specific-cgd-m-senior-medium-breed\\\/#primaryimage\"},\"image\":{\"@id\":\"https:\\\/\\\/anivet.lt\\\/elparduotuve\\\/produktas\\\/specific-cgd-m-senior-medium-breed\\\/#primaryimage\"},\"thumbnailUrl\":\"https:\\\/\\\/anivet.lt\\\/elparduotuve\\\/wp-content\\\/uploads\\\/2023\\\/09\\\/MunpAniDXZBPlMwMOx0lbAlMeTtDXTKpR6r9MPRx.png\",\"datePublished\":\"2023-09-18T08:41:37+00:00\",\"dateModified\":\"2026-05-11T18:35:28+00:00\",\"description\":\"Visavertis ir subalansuotas pa\u0161aras, skirtas vidutinio dyd\u017eio veisli\u0173 senyviems \u0161unims nuo 7 met\u0173 am\u017eiaus. \u0160is pa\u0161aras padeda sul\u0117tinti senatvini\u0173 lig\u0173 progresavim\u0105, palaiko sveik\u0105 organizmo b\u016bkl\u0119 ir suma\u017eina senyviems \u0161unims b\u016bding\u0173 problem\u0173 rizik\u0105.\",\"breadcrumb\":{\"@id\":\"https:\\\/\\\/anivet.lt\\\/elparduotuve\\\/produktas\\\/specific-cgd-m-senior-medium-breed\\\/#breadcrumb\"},\"inLanguage\":\"lt-LT\",\"potentialAction\":[{\"@type\":\"ReadAction\",\"target\":[\"https:\\\/\\\/anivet.lt\\\/elparduotuve\\\/produktas\\\/specific-cgd-m-senior-medium-breed\\\/\"]}]},{\"@type\":\"ImageObject\",\"inLanguage\":\"lt-LT\",\"@id\":\"https:\\\/\\\/anivet.lt\\\/elparduotuve\\\/produktas\\\/specific-cgd-m-senior-medium-breed\\\/#primaryimage\",\"url\":\"https:\\\/\\\/anivet.lt\\\/elparduotuve\\\/wp-content\\\/uploads\\\/2023\\\/09\\\/MunpAniDXZBPlMwMOx0lbAlMeTtDXTKpR6r9MPRx.png\",\"contentUrl\":\"https:\\\/\\\/anivet.lt\\\/elparduotuve\\\/wp-content\\\/uploads\\\/2023\\\/09\\\/MunpAniDXZBPlMwMOx0lbAlMeTtDXTKpR6r9MPRx.png\",\"width\":1822,\"height\":2000,\"caption\":\"SPECIFIC\u2122 CGD-M pa\u0161aras senyviems vidutinio dyd\u017eio veisli\u0173 \u0161unims\"},{\"@type\":\"BreadcrumbList\",\"@id\":\"https:\\\/\\\/anivet.lt\\\/elparduotuve\\\/produktas\\\/specific-cgd-m-senior-medium-breed\\\/#breadcrumb\",\"itemListElement\":[{\"@type\":\"ListItem\",\"position\":1,\"name\":\"Home\",\"item\":\"https:\\\/\\\/anivet.lt\\\/elparduotuve\\\/\"},{\"@type\":\"ListItem\",\"position\":2,\"name\":\"Produktai\",\"item\":\"https:\\\/\\\/anivet.lt\\\/elparduotuve\\\/produktai\\\/\"},{\"@type\":\"ListItem\",\"position\":3,\"name\":\"SPECIFIC\u2122 CGD-M pa\u0161aras senyviems vidutinio dyd\u017eio veisli\u0173 \u0161unims\"}]},{\"@type\":\"WebSite\",\"@id\":\"https:\\\/\\\/anivet.lt\\\/elparduotuve\\\/#website\",\"url\":\"https:\\\/\\\/anivet.lt\\\/elparduotuve\\\/\",\"name\":\"anivet.lt\",\"description\":\"Viskas J\u016bs\u0173 \u0161uns, kat\u0117s prie\u017ei\u016brai\",\"publisher\":{\"@id\":\"https:\\\/\\\/anivet.lt\\\/elparduotuve\\\/#organization\"},\"alternateName\":\"Viskas J\u016bs\u0173 \u0161uns, kat\u0117s prie\u017ei\u016brai\",\"potentialAction\":[{\"@type\":\"SearchAction\",\"target\":{\"@type\":\"EntryPoint\",\"urlTemplate\":\"https:\\\/\\\/anivet.lt\\\/elparduotuve\\\/?s={search_term_string}\"},\"query-input\":{\"@type\":\"PropertyValueSpecification\",\"valueRequired\":true,\"valueName\":\"search_term_string\"}}],\"inLanguage\":\"lt-LT\"},{\"@type\":\"Organization\",\"@id\":\"https:\\\/\\\/anivet.lt\\\/elparduotuve\\\/#organization\",\"name\":\"Viskas J\u016bs\u0173 \u0161uns, kat\u0117s prie\u017ei\u016brai\",\"url\":\"https:\\\/\\\/anivet.lt\\\/elparduotuve\\\/\",\"logo\":{\"@type\":\"ImageObject\",\"inLanguage\":\"lt-LT\",\"@id\":\"https:\\\/\\\/anivet.lt\\\/elparduotuve\\\/#\\\/schema\\\/logo\\\/image\\\/\",\"url\":\"https:\\\/\\\/anivet.lt\\\/elparduotuve\\\/wp-content\\\/uploads\\\/2023\\\/06\\\/logo2.jpg\",\"contentUrl\":\"https:\\\/\\\/anivet.lt\\\/elparduotuve\\\/wp-content\\\/uploads\\\/2023\\\/06\\\/logo2.jpg\",\"width\":655,\"height\":194,\"caption\":\"Viskas J\u016bs\u0173 \u0161uns, kat\u0117s prie\u017ei\u016brai\"},\"image\":{\"@id\":\"https:\\\/\\\/anivet.lt\\\/elparduotuve\\\/#\\\/schema\\\/logo\\\/image\\\/\"}}]}<\/script>\n<!-- \/ Yoast SEO Premium plugin. -->","yoast_head_json":{"title":"SPECIFIC\u2122 CGD-M pa\u0161aras senyviems vidutinio dyd\u017eio veisli\u0173 \u0161unims - anivet.lt","description":"Visavertis ir subalansuotas pa\u0161aras, skirtas vidutinio dyd\u017eio veisli\u0173 senyviems \u0161unims nuo 7 met\u0173 am\u017eiaus. \u0160is pa\u0161aras padeda sul\u0117tinti senatvini\u0173 lig\u0173 progresavim\u0105, palaiko sveik\u0105 organizmo b\u016bkl\u0119 ir suma\u017eina senyviems \u0161unims b\u016bding\u0173 problem\u0173 rizik\u0105.","robots":{"index":"index","follow":"follow","max-snippet":"max-snippet:-1","max-image-preview":"max-image-preview:large","max-video-preview":"max-video-preview:-1"},"canonical":"https:\/\/anivet.lt\/elparduotuve\/produktas\/specific-cgd-m-senior-medium-breed\/","og_locale":"lt_LT","og_type":"article","og_title":"SPECIFIC\u2122 CGD-M pa\u0161aras senyviems vidutinio dyd\u017eio veisli\u0173 \u0161unims","og_description":"Visavertis ir subalansuotas pa\u0161aras, skirtas vidutinio dyd\u017eio veisli\u0173 senyviems \u0161unims nuo 7 met\u0173 am\u017eiaus. \u0160is pa\u0161aras padeda sul\u0117tinti senatvini\u0173 lig\u0173 progresavim\u0105, palaiko sveik\u0105 organizmo b\u016bkl\u0119 ir suma\u017eina senyviems \u0161unims b\u016bding\u0173 problem\u0173 rizik\u0105.","og_url":"https:\/\/anivet.lt\/elparduotuve\/produktas\/specific-cgd-m-senior-medium-breed\/","og_site_name":"anivet.lt","article_modified_time":"2026-05-11T18:35:28+00:00","og_image":[{"width":1822,"height":2000,"url":"https:\/\/anivet.lt\/elparduotuve\/wp-content\/uploads\/2023\/09\/MunpAniDXZBPlMwMOx0lbAlMeTtDXTKpR6r9MPRx.png","type":"image\/png"}],"twitter_card":"summary_large_image","twitter_misc":{"Est. reading time":"1 minut\u0117"},"schema":{"@context":"https:\/\/schema.org","@graph":[{"@type":"WebPage","@id":"https:\/\/anivet.lt\/elparduotuve\/produktas\/specific-cgd-m-senior-medium-breed\/","url":"https:\/\/anivet.lt\/elparduotuve\/produktas\/specific-cgd-m-senior-medium-breed\/","name":"SPECIFIC\u2122 CGD-M pa\u0161aras senyviems vidutinio dyd\u017eio veisli\u0173 \u0161unims - anivet.lt","isPartOf":{"@id":"https:\/\/anivet.lt\/elparduotuve\/#website"},"primaryImageOfPage":{"@id":"https:\/\/anivet.lt\/elparduotuve\/produktas\/specific-cgd-m-senior-medium-breed\/#primaryimage"},"image":{"@id":"https:\/\/anivet.lt\/elparduotuve\/produktas\/specific-cgd-m-senior-medium-breed\/#primaryimage"},"thumbnailUrl":"https:\/\/anivet.lt\/elparduotuve\/wp-content\/uploads\/2023\/09\/MunpAniDXZBPlMwMOx0lbAlMeTtDXTKpR6r9MPRx.png","datePublished":"2023-09-18T08:41:37+00:00","dateModified":"2026-05-11T18:35:28+00:00","description":"Visavertis ir subalansuotas pa\u0161aras, skirtas vidutinio dyd\u017eio veisli\u0173 senyviems \u0161unims nuo 7 met\u0173 am\u017eiaus. \u0160is pa\u0161aras padeda sul\u0117tinti senatvini\u0173 lig\u0173 progresavim\u0105, palaiko sveik\u0105 organizmo b\u016bkl\u0119 ir suma\u017eina senyviems \u0161unims b\u016bding\u0173 problem\u0173 rizik\u0105.","breadcrumb":{"@id":"https:\/\/anivet.lt\/elparduotuve\/produktas\/specific-cgd-m-senior-medium-breed\/#breadcrumb"},"inLanguage":"lt-LT","potentialAction":[{"@type":"ReadAction","target":["https:\/\/anivet.lt\/elparduotuve\/produktas\/specific-cgd-m-senior-medium-breed\/"]}]},{"@type":"ImageObject","inLanguage":"lt-LT","@id":"https:\/\/anivet.lt\/elparduotuve\/produktas\/specific-cgd-m-senior-medium-breed\/#primaryimage","url":"https:\/\/anivet.lt\/elparduotuve\/wp-content\/uploads\/2023\/09\/MunpAniDXZBPlMwMOx0lbAlMeTtDXTKpR6r9MPRx.png","contentUrl":"https:\/\/anivet.lt\/elparduotuve\/wp-content\/uploads\/2023\/09\/MunpAniDXZBPlMwMOx0lbAlMeTtDXTKpR6r9MPRx.png","width":1822,"height":2000,"caption":"SPECIFIC\u2122 CGD-M pa\u0161aras senyviems vidutinio dyd\u017eio veisli\u0173 \u0161unims"},{"@type":"BreadcrumbList","@id":"https:\/\/anivet.lt\/elparduotuve\/produktas\/specific-cgd-m-senior-medium-breed\/#breadcrumb","itemListElement":[{"@type":"ListItem","position":1,"name":"Home","item":"https:\/\/anivet.lt\/elparduotuve\/"},{"@type":"ListItem","position":2,"name":"Produktai","item":"https:\/\/anivet.lt\/elparduotuve\/produktai\/"},{"@type":"ListItem","position":3,"name":"SPECIFIC\u2122 CGD-M pa\u0161aras senyviems vidutinio dyd\u017eio veisli\u0173 \u0161unims"}]},{"@type":"WebSite","@id":"https:\/\/anivet.lt\/elparduotuve\/#website","url":"https:\/\/anivet.lt\/elparduotuve\/","name":"anivet.lt","description":"Viskas J\u016bs\u0173 \u0161uns, kat\u0117s prie\u017ei\u016brai","publisher":{"@id":"https:\/\/anivet.lt\/elparduotuve\/#organization"},"alternateName":"Viskas J\u016bs\u0173 \u0161uns, kat\u0117s prie\u017ei\u016brai","potentialAction":[{"@type":"SearchAction","target":{"@type":"EntryPoint","urlTemplate":"https:\/\/anivet.lt\/elparduotuve\/?s={search_term_string}"},"query-input":{"@type":"PropertyValueSpecification","valueRequired":true,"valueName":"search_term_string"}}],"inLanguage":"lt-LT"},{"@type":"Organization","@id":"https:\/\/anivet.lt\/elparduotuve\/#organization","name":"Viskas J\u016bs\u0173 \u0161uns, kat\u0117s prie\u017ei\u016brai","url":"https:\/\/anivet.lt\/elparduotuve\/","logo":{"@type":"ImageObject","inLanguage":"lt-LT","@id":"https:\/\/anivet.lt\/elparduotuve\/#\/schema\/logo\/image\/","url":"https:\/\/anivet.lt\/elparduotuve\/wp-content\/uploads\/2023\/06\/logo2.jpg","contentUrl":"https:\/\/anivet.lt\/elparduotuve\/wp-content\/uploads\/2023\/06\/logo2.jpg","width":655,"height":194,"caption":"Viskas J\u016bs\u0173 \u0161uns, kat\u0117s prie\u017ei\u016brai"},"image":{"@id":"https:\/\/anivet.lt\/elparduotuve\/#\/schema\/logo\/image\/"}}]}},"_links":{"self":[{"href":"https:\/\/anivet.lt\/elparduotuve\/wp-json\/wp\/v2\/product\/11680","targetHints":{"allow":["GET"]}}],"collection":[{"href":"https:\/\/anivet.lt\/elparduotuve\/wp-json\/wp\/v2\/product"}],"about":[{"href":"https:\/\/anivet.lt\/elparduotuve\/wp-json\/wp\/v2\/types\/product"}],"wp:featuredmedia":[{"embeddable":true,"href":"https:\/\/anivet.lt\/elparduotuve\/wp-json\/wp\/v2\/media\/11681"}],"wp:attachment":[{"href":"https:\/\/anivet.lt\/elparduotuve\/wp-json\/wp\/v2\/media?parent=11680"}],"wp:term":[{"taxonomy":"product_brand","embeddable":true,"href":"https:\/\/anivet.lt\/elparduotuve\/wp-json\/wp\/v2\/product_brand?post=11680"},{"taxonomy":"product_cat","embeddable":true,"href":"https:\/\/anivet.lt\/elparduotuve\/wp-json\/wp\/v2\/product_cat?post=11680"},{"taxonomy":"product_tag","embeddable":true,"href":"https:\/\/anivet.lt\/elparduotuve\/wp-json\/wp\/v2\/product_tag?post=11680"}],"curies":[{"name":"wp","href":"https:\/\/api.w.org\/{rel}","templated":true}]}}