{"id":11685,"date":"2023-09-18T09:16:25","date_gmt":"2023-09-18T09:16:25","guid":{"rendered":"https:\/\/anivet.lt\/elparduotuve\/?post_type=product&#038;p=11685"},"modified":"2026-04-16T10:15:27","modified_gmt":"2026-04-16T10:15:27","slug":"specific-senior-large-giant-breed","status":"publish","type":"product","link":"https:\/\/anivet.lt\/elparduotuve\/produktas\/specific-senior-large-giant-breed\/","title":{"rendered":"SPECIFIC\u2122 CGD-XL pa\u0161aras senyviems did\u017ei\u0173j\u0173 ir giganti\u0161k\u0173 veisli\u0173 \u0161unims"},"content":{"rendered":"<ul>\n<li>\n<ul>\n<li style=\"font-weight: 400;\"><span style=\"font-weight: 400;\">Palaiko inkst\u0173 sveikat\u0105: Suma\u017eintas baltym\u0173, fosforo ir natrio kiekis ma\u017eina inkst\u0173 apkrov\u0105.<\/span><\/li>\n<li style=\"font-weight: 400;\"><span style=\"font-weight: 400;\">Gerina s\u0105nari\u0173 funkcij\u0105: Omega-3 riebal\u0173 r\u016bg\u0161tys EPA ir DHA padeda palaikyti s\u0105nari\u0173 judrum\u0105 ir kremzli\u0173 sveikat\u0105.<\/span><\/li>\n<li style=\"font-weight: 400;\"><span style=\"font-weight: 400;\">Padeda i\u0161vengti nutukimo: Suma\u017einta energin\u0117 vert\u0117 ir padidintas skaidul\u0173 kiekis tinka ma\u017eesn\u0117s energijos poreikio \u0161unims.<\/span><\/li>\n<li style=\"font-weight: 400;\"><span style=\"font-weight: 400;\">Skatina sveik\u0105 \u0161irdies veikl\u0105: Taurinas ir L-karnitinas stiprina \u0161irdies raumen\u012f.<\/span><\/li>\n<li style=\"font-weight: 400;\"><span style=\"font-weight: 400;\">Palaiko vir\u0161kinimo sistem\u0105: MOS ir gyslo\u010dio s\u0117kl\u0173 luobel\u0117s u\u017etikrina sveik\u0105 \u017earnyno mikroflor\u0105 ir reguliuoja vir\u0161kinim\u0105.<\/span><\/li>\n<\/ul>\n<p><span style=\"font-weight: 400;\">Specialiai pritaikytas senyviems dideli\u0173 veisli\u0173 \u0161unims, suteikiant visas reikalingas med\u017eiagas, kad b\u016bt\u0173 palaikomas j\u0173 aktyvumas, sveikata ir gerov\u0117. \u0160is pa\u0161aras u\u017etikrina inkst\u0173, s\u0105nari\u0173, \u0161irdies ir vir\u0161kinamojo trakto funkcij\u0173 palaikym\u0105, kartu padedamas i\u0161vengti nutukimo bei ilginant \u0161uns gyvenimo kokyb\u0119.<\/span><\/p>\n<p><b>Nerekomenduojama:<\/b><\/p>\n<ul>\n<li style=\"font-weight: 400;\"><span style=\"font-weight: 400;\">\u0160uniukams.<\/span><\/li>\n<li style=\"font-weight: 400;\"><span style=\"font-weight: 400;\">\u0160uningoms arba \u017eindan\u010dioms kal\u0117ms.<\/span><\/li>\n<\/ul>\n<\/li>\n<\/ul>\n","protected":false},"excerpt":{"rendered":"<p><span style=\"font-weight: 400;\">Visavertis sausas pa\u0161aras, skirtas senyviems did\u017ei\u0173j\u0173 (nuo 6 met\u0173) ir giganti\u0161k\u0173 (nuo 5 met\u0173) veisli\u0173 \u0161unims. \u0160is pa\u0161aras padeda sul\u0117tinti sen\u0117jimo proces\u0105 ir suma\u017einti su am\u017eiumi susijusi\u0173 lig\u0173 rizik\u0105, u\u017etikrindamas tinkam\u0105 mityb\u0105 ir ger\u0105 sveikat\u0105.<\/span><\/p>\n","protected":false},"featured_media":11686,"template":"","meta":[],"product_brand":[],"product_cat":[101,103,104,321],"product_tag":[],"class_list":{"0":"post-11685","1":"product","2":"type-product","3":"status-publish","4":"has-post-thumbnail","6":"product_cat-sunims","7":"product_cat-sunu-maistas","8":"product_cat-sausas-maistas","9":"product_cat-specific-sunu-maistas","10":"pa_prekinis-zenklas-specific","12":"first","13":"instock","14":"sale","15":"taxable","16":"shipping-taxable","17":"purchasable","18":"product-type-variable"},"yoast_head":"<!-- This site is optimized with the Yoast SEO Premium plugin v27.1 (Yoast SEO v27.5) - https:\/\/yoast.com\/product\/yoast-seo-premium-wordpress\/ -->\n<title>SPECIFIC\u2122 CGD-XL pa\u0161aras senyviems did\u017ei\u0173j\u0173 ir giganti\u0161k\u0173 veisli\u0173 \u0161unims - anivet.lt<\/title>\n<meta name=\"description\" content=\"Visavertis sausas pa\u0161aras, skirtas senyviems did\u017ei\u0173j\u0173 (nuo 6 met\u0173) ir giganti\u0161k\u0173 (nuo 5 met\u0173) veisli\u0173 \u0161unims. \u0160is pa\u0161aras padeda sul\u0117tinti sen\u0117jimo proces\u0105 ir suma\u017einti su am\u017eiumi susijusi\u0173 lig\u0173 rizik\u0105, u\u017etikrindamas tinkam\u0105 mityb\u0105 ir ger\u0105 sveikat\u0105.\" \/>\n<meta name=\"robots\" content=\"index, follow, max-snippet:-1, max-image-preview:large, max-video-preview:-1\" \/>\n<link rel=\"canonical\" href=\"https:\/\/anivet.lt\/elparduotuve\/produktas\/specific-senior-large-giant-breed\/\" \/>\n<meta property=\"og:locale\" content=\"lt_LT\" \/>\n<meta property=\"og:type\" content=\"article\" \/>\n<meta property=\"og:title\" content=\"SPECIFIC\u2122 CGD-XL pa\u0161aras senyviems did\u017ei\u0173j\u0173 ir giganti\u0161k\u0173 veisli\u0173 \u0161unims\" \/>\n<meta property=\"og:description\" content=\"Visavertis sausas pa\u0161aras, skirtas senyviems did\u017ei\u0173j\u0173 (nuo 6 met\u0173) ir giganti\u0161k\u0173 (nuo 5 met\u0173) veisli\u0173 \u0161unims. \u0160is pa\u0161aras padeda sul\u0117tinti sen\u0117jimo proces\u0105 ir suma\u017einti su am\u017eiumi susijusi\u0173 lig\u0173 rizik\u0105, u\u017etikrindamas tinkam\u0105 mityb\u0105 ir ger\u0105 sveikat\u0105.\" \/>\n<meta property=\"og:url\" content=\"https:\/\/anivet.lt\/elparduotuve\/produktas\/specific-senior-large-giant-breed\/\" \/>\n<meta property=\"og:site_name\" content=\"anivet.lt\" \/>\n<meta property=\"article:modified_time\" content=\"2026-04-16T10:15:27+00:00\" \/>\n<meta property=\"og:image\" content=\"https:\/\/anivet.lt\/elparduotuve\/wp-content\/uploads\/2023\/09\/c8Y1ieM6wePR1L95SjLBlJcVzGr3DcHD30hhnDzz.png\" \/>\n\t<meta property=\"og:image:width\" content=\"2000\" \/>\n\t<meta property=\"og:image:height\" content=\"1967\" \/>\n\t<meta property=\"og:image:type\" content=\"image\/png\" \/>\n<meta name=\"twitter:card\" content=\"summary_large_image\" \/>\n<meta name=\"twitter:label1\" content=\"Est. reading time\" \/>\n\t<meta name=\"twitter:data1\" content=\"1 minut\u0117\" \/>\n<script type=\"application\/ld+json\" class=\"yoast-schema-graph\">{\"@context\":\"https:\\\/\\\/schema.org\",\"@graph\":[{\"@type\":\"WebPage\",\"@id\":\"https:\\\/\\\/anivet.lt\\\/elparduotuve\\\/produktas\\\/specific-senior-large-giant-breed\\\/\",\"url\":\"https:\\\/\\\/anivet.lt\\\/elparduotuve\\\/produktas\\\/specific-senior-large-giant-breed\\\/\",\"name\":\"SPECIFIC\u2122 CGD-XL pa\u0161aras senyviems did\u017ei\u0173j\u0173 ir giganti\u0161k\u0173 veisli\u0173 \u0161unims - anivet.lt\",\"isPartOf\":{\"@id\":\"https:\\\/\\\/anivet.lt\\\/elparduotuve\\\/#website\"},\"primaryImageOfPage\":{\"@id\":\"https:\\\/\\\/anivet.lt\\\/elparduotuve\\\/produktas\\\/specific-senior-large-giant-breed\\\/#primaryimage\"},\"image\":{\"@id\":\"https:\\\/\\\/anivet.lt\\\/elparduotuve\\\/produktas\\\/specific-senior-large-giant-breed\\\/#primaryimage\"},\"thumbnailUrl\":\"https:\\\/\\\/anivet.lt\\\/elparduotuve\\\/wp-content\\\/uploads\\\/2023\\\/09\\\/c8Y1ieM6wePR1L95SjLBlJcVzGr3DcHD30hhnDzz.png\",\"datePublished\":\"2023-09-18T09:16:25+00:00\",\"dateModified\":\"2026-04-16T10:15:27+00:00\",\"description\":\"Visavertis sausas pa\u0161aras, skirtas senyviems did\u017ei\u0173j\u0173 (nuo 6 met\u0173) ir giganti\u0161k\u0173 (nuo 5 met\u0173) veisli\u0173 \u0161unims. \u0160is pa\u0161aras padeda sul\u0117tinti sen\u0117jimo proces\u0105 ir suma\u017einti su am\u017eiumi susijusi\u0173 lig\u0173 rizik\u0105, u\u017etikrindamas tinkam\u0105 mityb\u0105 ir ger\u0105 sveikat\u0105.\",\"breadcrumb\":{\"@id\":\"https:\\\/\\\/anivet.lt\\\/elparduotuve\\\/produktas\\\/specific-senior-large-giant-breed\\\/#breadcrumb\"},\"inLanguage\":\"lt-LT\",\"potentialAction\":[{\"@type\":\"ReadAction\",\"target\":[\"https:\\\/\\\/anivet.lt\\\/elparduotuve\\\/produktas\\\/specific-senior-large-giant-breed\\\/\"]}]},{\"@type\":\"ImageObject\",\"inLanguage\":\"lt-LT\",\"@id\":\"https:\\\/\\\/anivet.lt\\\/elparduotuve\\\/produktas\\\/specific-senior-large-giant-breed\\\/#primaryimage\",\"url\":\"https:\\\/\\\/anivet.lt\\\/elparduotuve\\\/wp-content\\\/uploads\\\/2023\\\/09\\\/c8Y1ieM6wePR1L95SjLBlJcVzGr3DcHD30hhnDzz.png\",\"contentUrl\":\"https:\\\/\\\/anivet.lt\\\/elparduotuve\\\/wp-content\\\/uploads\\\/2023\\\/09\\\/c8Y1ieM6wePR1L95SjLBlJcVzGr3DcHD30hhnDzz.png\",\"width\":2000,\"height\":1967,\"caption\":\"SPECIFIC\u2122 CGD-XL pa\u0161aras senyviems did\u017ei\u0173j\u0173 ir giganti\u0161k\u0173 veisli\u0173 \u0161unims\"},{\"@type\":\"BreadcrumbList\",\"@id\":\"https:\\\/\\\/anivet.lt\\\/elparduotuve\\\/produktas\\\/specific-senior-large-giant-breed\\\/#breadcrumb\",\"itemListElement\":[{\"@type\":\"ListItem\",\"position\":1,\"name\":\"Home\",\"item\":\"https:\\\/\\\/anivet.lt\\\/elparduotuve\\\/\"},{\"@type\":\"ListItem\",\"position\":2,\"name\":\"Produktai\",\"item\":\"https:\\\/\\\/anivet.lt\\\/elparduotuve\\\/produktai\\\/\"},{\"@type\":\"ListItem\",\"position\":3,\"name\":\"SPECIFIC\u2122 CGD-XL pa\u0161aras senyviems did\u017ei\u0173j\u0173 ir giganti\u0161k\u0173 veisli\u0173 \u0161unims\"}]},{\"@type\":\"WebSite\",\"@id\":\"https:\\\/\\\/anivet.lt\\\/elparduotuve\\\/#website\",\"url\":\"https:\\\/\\\/anivet.lt\\\/elparduotuve\\\/\",\"name\":\"anivet.lt\",\"description\":\"Viskas J\u016bs\u0173 \u0161uns, kat\u0117s prie\u017ei\u016brai\",\"publisher\":{\"@id\":\"https:\\\/\\\/anivet.lt\\\/elparduotuve\\\/#organization\"},\"alternateName\":\"Viskas J\u016bs\u0173 \u0161uns, kat\u0117s prie\u017ei\u016brai\",\"potentialAction\":[{\"@type\":\"SearchAction\",\"target\":{\"@type\":\"EntryPoint\",\"urlTemplate\":\"https:\\\/\\\/anivet.lt\\\/elparduotuve\\\/?s={search_term_string}\"},\"query-input\":{\"@type\":\"PropertyValueSpecification\",\"valueRequired\":true,\"valueName\":\"search_term_string\"}}],\"inLanguage\":\"lt-LT\"},{\"@type\":\"Organization\",\"@id\":\"https:\\\/\\\/anivet.lt\\\/elparduotuve\\\/#organization\",\"name\":\"Viskas J\u016bs\u0173 \u0161uns, kat\u0117s prie\u017ei\u016brai\",\"url\":\"https:\\\/\\\/anivet.lt\\\/elparduotuve\\\/\",\"logo\":{\"@type\":\"ImageObject\",\"inLanguage\":\"lt-LT\",\"@id\":\"https:\\\/\\\/anivet.lt\\\/elparduotuve\\\/#\\\/schema\\\/logo\\\/image\\\/\",\"url\":\"https:\\\/\\\/anivet.lt\\\/elparduotuve\\\/wp-content\\\/uploads\\\/2023\\\/06\\\/logo2.jpg\",\"contentUrl\":\"https:\\\/\\\/anivet.lt\\\/elparduotuve\\\/wp-content\\\/uploads\\\/2023\\\/06\\\/logo2.jpg\",\"width\":655,\"height\":194,\"caption\":\"Viskas J\u016bs\u0173 \u0161uns, kat\u0117s prie\u017ei\u016brai\"},\"image\":{\"@id\":\"https:\\\/\\\/anivet.lt\\\/elparduotuve\\\/#\\\/schema\\\/logo\\\/image\\\/\"}}]}<\/script>\n<!-- \/ Yoast SEO Premium plugin. -->","yoast_head_json":{"title":"SPECIFIC\u2122 CGD-XL pa\u0161aras senyviems did\u017ei\u0173j\u0173 ir giganti\u0161k\u0173 veisli\u0173 \u0161unims - anivet.lt","description":"Visavertis sausas pa\u0161aras, skirtas senyviems did\u017ei\u0173j\u0173 (nuo 6 met\u0173) ir giganti\u0161k\u0173 (nuo 5 met\u0173) veisli\u0173 \u0161unims. \u0160is pa\u0161aras padeda sul\u0117tinti sen\u0117jimo proces\u0105 ir suma\u017einti su am\u017eiumi susijusi\u0173 lig\u0173 rizik\u0105, u\u017etikrindamas tinkam\u0105 mityb\u0105 ir ger\u0105 sveikat\u0105.","robots":{"index":"index","follow":"follow","max-snippet":"max-snippet:-1","max-image-preview":"max-image-preview:large","max-video-preview":"max-video-preview:-1"},"canonical":"https:\/\/anivet.lt\/elparduotuve\/produktas\/specific-senior-large-giant-breed\/","og_locale":"lt_LT","og_type":"article","og_title":"SPECIFIC\u2122 CGD-XL pa\u0161aras senyviems did\u017ei\u0173j\u0173 ir giganti\u0161k\u0173 veisli\u0173 \u0161unims","og_description":"Visavertis sausas pa\u0161aras, skirtas senyviems did\u017ei\u0173j\u0173 (nuo 6 met\u0173) ir giganti\u0161k\u0173 (nuo 5 met\u0173) veisli\u0173 \u0161unims. \u0160is pa\u0161aras padeda sul\u0117tinti sen\u0117jimo proces\u0105 ir suma\u017einti su am\u017eiumi susijusi\u0173 lig\u0173 rizik\u0105, u\u017etikrindamas tinkam\u0105 mityb\u0105 ir ger\u0105 sveikat\u0105.","og_url":"https:\/\/anivet.lt\/elparduotuve\/produktas\/specific-senior-large-giant-breed\/","og_site_name":"anivet.lt","article_modified_time":"2026-04-16T10:15:27+00:00","og_image":[{"width":2000,"height":1967,"url":"https:\/\/anivet.lt\/elparduotuve\/wp-content\/uploads\/2023\/09\/c8Y1ieM6wePR1L95SjLBlJcVzGr3DcHD30hhnDzz.png","type":"image\/png"}],"twitter_card":"summary_large_image","twitter_misc":{"Est. reading time":"1 minut\u0117"},"schema":{"@context":"https:\/\/schema.org","@graph":[{"@type":"WebPage","@id":"https:\/\/anivet.lt\/elparduotuve\/produktas\/specific-senior-large-giant-breed\/","url":"https:\/\/anivet.lt\/elparduotuve\/produktas\/specific-senior-large-giant-breed\/","name":"SPECIFIC\u2122 CGD-XL pa\u0161aras senyviems did\u017ei\u0173j\u0173 ir giganti\u0161k\u0173 veisli\u0173 \u0161unims - anivet.lt","isPartOf":{"@id":"https:\/\/anivet.lt\/elparduotuve\/#website"},"primaryImageOfPage":{"@id":"https:\/\/anivet.lt\/elparduotuve\/produktas\/specific-senior-large-giant-breed\/#primaryimage"},"image":{"@id":"https:\/\/anivet.lt\/elparduotuve\/produktas\/specific-senior-large-giant-breed\/#primaryimage"},"thumbnailUrl":"https:\/\/anivet.lt\/elparduotuve\/wp-content\/uploads\/2023\/09\/c8Y1ieM6wePR1L95SjLBlJcVzGr3DcHD30hhnDzz.png","datePublished":"2023-09-18T09:16:25+00:00","dateModified":"2026-04-16T10:15:27+00:00","description":"Visavertis sausas pa\u0161aras, skirtas senyviems did\u017ei\u0173j\u0173 (nuo 6 met\u0173) ir giganti\u0161k\u0173 (nuo 5 met\u0173) veisli\u0173 \u0161unims. \u0160is pa\u0161aras padeda sul\u0117tinti sen\u0117jimo proces\u0105 ir suma\u017einti su am\u017eiumi susijusi\u0173 lig\u0173 rizik\u0105, u\u017etikrindamas tinkam\u0105 mityb\u0105 ir ger\u0105 sveikat\u0105.","breadcrumb":{"@id":"https:\/\/anivet.lt\/elparduotuve\/produktas\/specific-senior-large-giant-breed\/#breadcrumb"},"inLanguage":"lt-LT","potentialAction":[{"@type":"ReadAction","target":["https:\/\/anivet.lt\/elparduotuve\/produktas\/specific-senior-large-giant-breed\/"]}]},{"@type":"ImageObject","inLanguage":"lt-LT","@id":"https:\/\/anivet.lt\/elparduotuve\/produktas\/specific-senior-large-giant-breed\/#primaryimage","url":"https:\/\/anivet.lt\/elparduotuve\/wp-content\/uploads\/2023\/09\/c8Y1ieM6wePR1L95SjLBlJcVzGr3DcHD30hhnDzz.png","contentUrl":"https:\/\/anivet.lt\/elparduotuve\/wp-content\/uploads\/2023\/09\/c8Y1ieM6wePR1L95SjLBlJcVzGr3DcHD30hhnDzz.png","width":2000,"height":1967,"caption":"SPECIFIC\u2122 CGD-XL pa\u0161aras senyviems did\u017ei\u0173j\u0173 ir giganti\u0161k\u0173 veisli\u0173 \u0161unims"},{"@type":"BreadcrumbList","@id":"https:\/\/anivet.lt\/elparduotuve\/produktas\/specific-senior-large-giant-breed\/#breadcrumb","itemListElement":[{"@type":"ListItem","position":1,"name":"Home","item":"https:\/\/anivet.lt\/elparduotuve\/"},{"@type":"ListItem","position":2,"name":"Produktai","item":"https:\/\/anivet.lt\/elparduotuve\/produktai\/"},{"@type":"ListItem","position":3,"name":"SPECIFIC\u2122 CGD-XL pa\u0161aras senyviems did\u017ei\u0173j\u0173 ir giganti\u0161k\u0173 veisli\u0173 \u0161unims"}]},{"@type":"WebSite","@id":"https:\/\/anivet.lt\/elparduotuve\/#website","url":"https:\/\/anivet.lt\/elparduotuve\/","name":"anivet.lt","description":"Viskas J\u016bs\u0173 \u0161uns, kat\u0117s prie\u017ei\u016brai","publisher":{"@id":"https:\/\/anivet.lt\/elparduotuve\/#organization"},"alternateName":"Viskas J\u016bs\u0173 \u0161uns, kat\u0117s prie\u017ei\u016brai","potentialAction":[{"@type":"SearchAction","target":{"@type":"EntryPoint","urlTemplate":"https:\/\/anivet.lt\/elparduotuve\/?s={search_term_string}"},"query-input":{"@type":"PropertyValueSpecification","valueRequired":true,"valueName":"search_term_string"}}],"inLanguage":"lt-LT"},{"@type":"Organization","@id":"https:\/\/anivet.lt\/elparduotuve\/#organization","name":"Viskas J\u016bs\u0173 \u0161uns, kat\u0117s prie\u017ei\u016brai","url":"https:\/\/anivet.lt\/elparduotuve\/","logo":{"@type":"ImageObject","inLanguage":"lt-LT","@id":"https:\/\/anivet.lt\/elparduotuve\/#\/schema\/logo\/image\/","url":"https:\/\/anivet.lt\/elparduotuve\/wp-content\/uploads\/2023\/06\/logo2.jpg","contentUrl":"https:\/\/anivet.lt\/elparduotuve\/wp-content\/uploads\/2023\/06\/logo2.jpg","width":655,"height":194,"caption":"Viskas J\u016bs\u0173 \u0161uns, kat\u0117s prie\u017ei\u016brai"},"image":{"@id":"https:\/\/anivet.lt\/elparduotuve\/#\/schema\/logo\/image\/"}}]}},"_links":{"self":[{"href":"https:\/\/anivet.lt\/elparduotuve\/wp-json\/wp\/v2\/product\/11685","targetHints":{"allow":["GET"]}}],"collection":[{"href":"https:\/\/anivet.lt\/elparduotuve\/wp-json\/wp\/v2\/product"}],"about":[{"href":"https:\/\/anivet.lt\/elparduotuve\/wp-json\/wp\/v2\/types\/product"}],"wp:featuredmedia":[{"embeddable":true,"href":"https:\/\/anivet.lt\/elparduotuve\/wp-json\/wp\/v2\/media\/11686"}],"wp:attachment":[{"href":"https:\/\/anivet.lt\/elparduotuve\/wp-json\/wp\/v2\/media?parent=11685"}],"wp:term":[{"taxonomy":"product_brand","embeddable":true,"href":"https:\/\/anivet.lt\/elparduotuve\/wp-json\/wp\/v2\/product_brand?post=11685"},{"taxonomy":"product_cat","embeddable":true,"href":"https:\/\/anivet.lt\/elparduotuve\/wp-json\/wp\/v2\/product_cat?post=11685"},{"taxonomy":"product_tag","embeddable":true,"href":"https:\/\/anivet.lt\/elparduotuve\/wp-json\/wp\/v2\/product_tag?post=11685"}],"curies":[{"name":"wp","href":"https:\/\/api.w.org\/{rel}","templated":true}]}}