{"id":11693,"date":"2023-09-18T13:42:47","date_gmt":"2023-09-18T13:42:47","guid":{"rendered":"https:\/\/anivet.lt\/elparduotuve\/?post_type=product&#038;p=11693"},"modified":"2025-08-01T00:02:26","modified_gmt":"2025-08-01T00:02:26","slug":"specific-cad-adult-active","status":"publish","type":"product","link":"https:\/\/anivet.lt\/elparduotuve\/produktas\/specific-cad-adult-active\/","title":{"rendered":"SPECIFIC\u2122 CAD Active pa\u0161aras aktyviems \u0161unims 12kg"},"content":{"rendered":"<ul>\n<li style=\"font-weight: 400;\" aria-level=\"1\"><span style=\"font-weight: 400;\">Didelis energijos kiekis: Suteikia reikiam\u0105 energij\u0105 suma\u017einant dienos pa\u0161aro norm\u0105, kas ypa\u010d svarbu aktyviems \u0161unims.<\/span><\/li>\n<li style=\"font-weight: 400;\" aria-level=\"1\"><span style=\"font-weight: 400;\">Auk\u0161tos kokyb\u0117s baltymai: Padeda palaikyti ir didinti raumen\u0173 mas\u0119 intensyvaus kr\u016bvio metu.<\/span><\/li>\n<li style=\"font-weight: 400;\" aria-level=\"1\"><span style=\"font-weight: 400;\">Omega-3 riebal\u0173 r\u016bg\u0161tys: EPA ir DHA palaiko sveik\u0105 od\u0105, kail\u012f ir s\u0105nari\u0173 funkcij\u0105.<\/span><\/li>\n<li style=\"font-weight: 400;\" aria-level=\"1\"><span style=\"font-weight: 400;\">Imunin\u0117s sistemos stiprinimas: Mieli\u0173 \u00df-1,3\/1,6 gliukanai skatina imunin\u0117s sistemos aktyvum\u0105 ir stiprina atsparum\u0105.<\/span><\/li>\n<li style=\"font-weight: 400;\" aria-level=\"1\"><span style=\"font-weight: 400;\">Taurinas ir L-karnitinas: Palaiko \u0161irdies sveikat\u0105 ir skatina riebal\u0173 oksidacij\u0105, suteikdami raumenims papildomos energijos.<\/span><\/li>\n<\/ul>\n<p><span style=\"font-weight: 400;\">Idealiai tinka aktyviems \u0161unims, kuriems reikia daug energijos ir maistini\u0173 med\u017eiag\u0173 intensyviai veiklai ar sveikimo laikotarpiu. Puikiai vir\u0161kinama sud\u0117tis u\u017etikrina efektyv\u0173 maistini\u0173 med\u017eiag\u0173 \u012fsisavinim\u0105 ir ma\u017eesn\u012f i\u0161mat\u0173 kiek\u012f. Nerekomenduojama riboto aktyvumo ar hiperlipidemija ir pankreatitu sergantiems \u0161unims.<\/span><\/p>\n","protected":false},"excerpt":{"rendered":"<p><span style=\"font-weight: 400;\">Pilnavertis ir subalansuotas pa\u0161aras, sukurtas aktyviems \u0161unims, kurie patiria didel\u012f fizin\u012f kr\u016bv\u012f ar i\u0161tverm\u0117s reikalaujan\u010di\u0105 veikl\u0105. D\u0117l didelio energijos kiekio ir puikios sud\u0117ties pa\u0161aras taip pat tinkamas sveikstant po lig\u0173 ar operacij\u0173 bei esant metaboliniam stresui.<\/span><\/p>\n","protected":false},"featured_media":11694,"template":"","meta":[],"product_brand":[],"product_cat":[101,103,104,321],"product_tag":[],"class_list":{"0":"post-11693","1":"product","2":"type-product","3":"status-publish","4":"has-post-thumbnail","6":"product_cat-sunims","7":"product_cat-sunu-maistas","8":"product_cat-sausas-maistas","9":"product_cat-specific-sunu-maistas","10":"pa_prekinis-zenklas-specific","12":"first","13":"outofstock","14":"taxable","15":"shipping-taxable","16":"purchasable","17":"product-type-variable"},"yoast_head":"<!-- This site is optimized with the Yoast SEO Premium plugin v27.1 (Yoast SEO v27.5) - https:\/\/yoast.com\/product\/yoast-seo-premium-wordpress\/ -->\n<title>SPECIFIC\u2122 CAD Active pa\u0161aras aktyviems \u0161unims 12kg - anivet.lt<\/title>\n<meta name=\"description\" content=\"Pilnavertis ir subalansuotas pa\u0161aras, sukurtas aktyviems \u0161unims, kurie patiria didel\u012f fizin\u012f kr\u016bv\u012f ar i\u0161tverm\u0117s reikalaujan\u010di\u0105 veikl\u0105. D\u0117l didelio energijos kiekio ir puikios sud\u0117ties pa\u0161aras taip pat tinkamas sveikstant po lig\u0173 ar operacij\u0173 bei esant metaboliniam stresui.\" \/>\n<meta name=\"robots\" content=\"index, follow, max-snippet:-1, max-image-preview:large, max-video-preview:-1\" \/>\n<link rel=\"canonical\" href=\"https:\/\/anivet.lt\/elparduotuve\/produktas\/specific-cad-adult-active\/\" \/>\n<meta property=\"og:locale\" content=\"lt_LT\" \/>\n<meta property=\"og:type\" content=\"article\" \/>\n<meta property=\"og:title\" content=\"SPECIFIC\u2122 CAD Active pa\u0161aras aktyviems \u0161unims 12kg\" \/>\n<meta property=\"og:description\" content=\"Pilnavertis ir subalansuotas pa\u0161aras, sukurtas aktyviems \u0161unims, kurie patiria didel\u012f fizin\u012f kr\u016bv\u012f ar i\u0161tverm\u0117s reikalaujan\u010di\u0105 veikl\u0105. D\u0117l didelio energijos kiekio ir puikios sud\u0117ties pa\u0161aras taip pat tinkamas sveikstant po lig\u0173 ar operacij\u0173 bei esant metaboliniam stresui.\" \/>\n<meta property=\"og:url\" content=\"https:\/\/anivet.lt\/elparduotuve\/produktas\/specific-cad-adult-active\/\" \/>\n<meta property=\"og:site_name\" content=\"anivet.lt\" \/>\n<meta property=\"article:modified_time\" content=\"2025-08-01T00:02:26+00:00\" \/>\n<meta property=\"og:image\" content=\"https:\/\/anivet.lt\/elparduotuve\/wp-content\/uploads\/2023\/09\/kxAU04RVf44lNlAclxThYgqfNlGolYnKZdVl1Tfo.png\" \/>\n\t<meta property=\"og:image:width\" content=\"2000\" \/>\n\t<meta property=\"og:image:height\" content=\"1967\" \/>\n\t<meta property=\"og:image:type\" content=\"image\/png\" \/>\n<meta name=\"twitter:card\" content=\"summary_large_image\" \/>\n<meta name=\"twitter:label1\" content=\"Est. reading time\" \/>\n\t<meta name=\"twitter:data1\" content=\"1 minut\u0117\" \/>\n<script type=\"application\/ld+json\" class=\"yoast-schema-graph\">{\"@context\":\"https:\\\/\\\/schema.org\",\"@graph\":[{\"@type\":\"WebPage\",\"@id\":\"https:\\\/\\\/anivet.lt\\\/elparduotuve\\\/produktas\\\/specific-cad-adult-active\\\/\",\"url\":\"https:\\\/\\\/anivet.lt\\\/elparduotuve\\\/produktas\\\/specific-cad-adult-active\\\/\",\"name\":\"SPECIFIC\u2122 CAD Active pa\u0161aras aktyviems \u0161unims 12kg - anivet.lt\",\"isPartOf\":{\"@id\":\"https:\\\/\\\/anivet.lt\\\/elparduotuve\\\/#website\"},\"primaryImageOfPage\":{\"@id\":\"https:\\\/\\\/anivet.lt\\\/elparduotuve\\\/produktas\\\/specific-cad-adult-active\\\/#primaryimage\"},\"image\":{\"@id\":\"https:\\\/\\\/anivet.lt\\\/elparduotuve\\\/produktas\\\/specific-cad-adult-active\\\/#primaryimage\"},\"thumbnailUrl\":\"https:\\\/\\\/anivet.lt\\\/elparduotuve\\\/wp-content\\\/uploads\\\/2023\\\/09\\\/kxAU04RVf44lNlAclxThYgqfNlGolYnKZdVl1Tfo.png\",\"datePublished\":\"2023-09-18T13:42:47+00:00\",\"dateModified\":\"2025-08-01T00:02:26+00:00\",\"description\":\"Pilnavertis ir subalansuotas pa\u0161aras, sukurtas aktyviems \u0161unims, kurie patiria didel\u012f fizin\u012f kr\u016bv\u012f ar i\u0161tverm\u0117s reikalaujan\u010di\u0105 veikl\u0105. D\u0117l didelio energijos kiekio ir puikios sud\u0117ties pa\u0161aras taip pat tinkamas sveikstant po lig\u0173 ar operacij\u0173 bei esant metaboliniam stresui.\",\"breadcrumb\":{\"@id\":\"https:\\\/\\\/anivet.lt\\\/elparduotuve\\\/produktas\\\/specific-cad-adult-active\\\/#breadcrumb\"},\"inLanguage\":\"lt-LT\",\"potentialAction\":[{\"@type\":\"ReadAction\",\"target\":[\"https:\\\/\\\/anivet.lt\\\/elparduotuve\\\/produktas\\\/specific-cad-adult-active\\\/\"]}]},{\"@type\":\"ImageObject\",\"inLanguage\":\"lt-LT\",\"@id\":\"https:\\\/\\\/anivet.lt\\\/elparduotuve\\\/produktas\\\/specific-cad-adult-active\\\/#primaryimage\",\"url\":\"https:\\\/\\\/anivet.lt\\\/elparduotuve\\\/wp-content\\\/uploads\\\/2023\\\/09\\\/kxAU04RVf44lNlAclxThYgqfNlGolYnKZdVl1Tfo.png\",\"contentUrl\":\"https:\\\/\\\/anivet.lt\\\/elparduotuve\\\/wp-content\\\/uploads\\\/2023\\\/09\\\/kxAU04RVf44lNlAclxThYgqfNlGolYnKZdVl1Tfo.png\",\"width\":2000,\"height\":1967,\"caption\":\"SPECIFIC\u2122 CAD Active pa\u0161aras aktyviems \u0161unims 12kg\"},{\"@type\":\"BreadcrumbList\",\"@id\":\"https:\\\/\\\/anivet.lt\\\/elparduotuve\\\/produktas\\\/specific-cad-adult-active\\\/#breadcrumb\",\"itemListElement\":[{\"@type\":\"ListItem\",\"position\":1,\"name\":\"Home\",\"item\":\"https:\\\/\\\/anivet.lt\\\/elparduotuve\\\/\"},{\"@type\":\"ListItem\",\"position\":2,\"name\":\"Produktai\",\"item\":\"https:\\\/\\\/anivet.lt\\\/elparduotuve\\\/produktai\\\/\"},{\"@type\":\"ListItem\",\"position\":3,\"name\":\"SPECIFIC\u2122 CAD Active pa\u0161aras aktyviems \u0161unims 12kg\"}]},{\"@type\":\"WebSite\",\"@id\":\"https:\\\/\\\/anivet.lt\\\/elparduotuve\\\/#website\",\"url\":\"https:\\\/\\\/anivet.lt\\\/elparduotuve\\\/\",\"name\":\"anivet.lt\",\"description\":\"Viskas J\u016bs\u0173 \u0161uns, kat\u0117s prie\u017ei\u016brai\",\"publisher\":{\"@id\":\"https:\\\/\\\/anivet.lt\\\/elparduotuve\\\/#organization\"},\"alternateName\":\"Viskas J\u016bs\u0173 \u0161uns, kat\u0117s prie\u017ei\u016brai\",\"potentialAction\":[{\"@type\":\"SearchAction\",\"target\":{\"@type\":\"EntryPoint\",\"urlTemplate\":\"https:\\\/\\\/anivet.lt\\\/elparduotuve\\\/?s={search_term_string}\"},\"query-input\":{\"@type\":\"PropertyValueSpecification\",\"valueRequired\":true,\"valueName\":\"search_term_string\"}}],\"inLanguage\":\"lt-LT\"},{\"@type\":\"Organization\",\"@id\":\"https:\\\/\\\/anivet.lt\\\/elparduotuve\\\/#organization\",\"name\":\"Viskas J\u016bs\u0173 \u0161uns, kat\u0117s prie\u017ei\u016brai\",\"url\":\"https:\\\/\\\/anivet.lt\\\/elparduotuve\\\/\",\"logo\":{\"@type\":\"ImageObject\",\"inLanguage\":\"lt-LT\",\"@id\":\"https:\\\/\\\/anivet.lt\\\/elparduotuve\\\/#\\\/schema\\\/logo\\\/image\\\/\",\"url\":\"https:\\\/\\\/anivet.lt\\\/elparduotuve\\\/wp-content\\\/uploads\\\/2023\\\/06\\\/logo2.jpg\",\"contentUrl\":\"https:\\\/\\\/anivet.lt\\\/elparduotuve\\\/wp-content\\\/uploads\\\/2023\\\/06\\\/logo2.jpg\",\"width\":655,\"height\":194,\"caption\":\"Viskas J\u016bs\u0173 \u0161uns, kat\u0117s prie\u017ei\u016brai\"},\"image\":{\"@id\":\"https:\\\/\\\/anivet.lt\\\/elparduotuve\\\/#\\\/schema\\\/logo\\\/image\\\/\"}}]}<\/script>\n<!-- \/ Yoast SEO Premium plugin. -->","yoast_head_json":{"title":"SPECIFIC\u2122 CAD Active pa\u0161aras aktyviems \u0161unims 12kg - anivet.lt","description":"Pilnavertis ir subalansuotas pa\u0161aras, sukurtas aktyviems \u0161unims, kurie patiria didel\u012f fizin\u012f kr\u016bv\u012f ar i\u0161tverm\u0117s reikalaujan\u010di\u0105 veikl\u0105. D\u0117l didelio energijos kiekio ir puikios sud\u0117ties pa\u0161aras taip pat tinkamas sveikstant po lig\u0173 ar operacij\u0173 bei esant metaboliniam stresui.","robots":{"index":"index","follow":"follow","max-snippet":"max-snippet:-1","max-image-preview":"max-image-preview:large","max-video-preview":"max-video-preview:-1"},"canonical":"https:\/\/anivet.lt\/elparduotuve\/produktas\/specific-cad-adult-active\/","og_locale":"lt_LT","og_type":"article","og_title":"SPECIFIC\u2122 CAD Active pa\u0161aras aktyviems \u0161unims 12kg","og_description":"Pilnavertis ir subalansuotas pa\u0161aras, sukurtas aktyviems \u0161unims, kurie patiria didel\u012f fizin\u012f kr\u016bv\u012f ar i\u0161tverm\u0117s reikalaujan\u010di\u0105 veikl\u0105. D\u0117l didelio energijos kiekio ir puikios sud\u0117ties pa\u0161aras taip pat tinkamas sveikstant po lig\u0173 ar operacij\u0173 bei esant metaboliniam stresui.","og_url":"https:\/\/anivet.lt\/elparduotuve\/produktas\/specific-cad-adult-active\/","og_site_name":"anivet.lt","article_modified_time":"2025-08-01T00:02:26+00:00","og_image":[{"width":2000,"height":1967,"url":"https:\/\/anivet.lt\/elparduotuve\/wp-content\/uploads\/2023\/09\/kxAU04RVf44lNlAclxThYgqfNlGolYnKZdVl1Tfo.png","type":"image\/png"}],"twitter_card":"summary_large_image","twitter_misc":{"Est. reading time":"1 minut\u0117"},"schema":{"@context":"https:\/\/schema.org","@graph":[{"@type":"WebPage","@id":"https:\/\/anivet.lt\/elparduotuve\/produktas\/specific-cad-adult-active\/","url":"https:\/\/anivet.lt\/elparduotuve\/produktas\/specific-cad-adult-active\/","name":"SPECIFIC\u2122 CAD Active pa\u0161aras aktyviems \u0161unims 12kg - anivet.lt","isPartOf":{"@id":"https:\/\/anivet.lt\/elparduotuve\/#website"},"primaryImageOfPage":{"@id":"https:\/\/anivet.lt\/elparduotuve\/produktas\/specific-cad-adult-active\/#primaryimage"},"image":{"@id":"https:\/\/anivet.lt\/elparduotuve\/produktas\/specific-cad-adult-active\/#primaryimage"},"thumbnailUrl":"https:\/\/anivet.lt\/elparduotuve\/wp-content\/uploads\/2023\/09\/kxAU04RVf44lNlAclxThYgqfNlGolYnKZdVl1Tfo.png","datePublished":"2023-09-18T13:42:47+00:00","dateModified":"2025-08-01T00:02:26+00:00","description":"Pilnavertis ir subalansuotas pa\u0161aras, sukurtas aktyviems \u0161unims, kurie patiria didel\u012f fizin\u012f kr\u016bv\u012f ar i\u0161tverm\u0117s reikalaujan\u010di\u0105 veikl\u0105. D\u0117l didelio energijos kiekio ir puikios sud\u0117ties pa\u0161aras taip pat tinkamas sveikstant po lig\u0173 ar operacij\u0173 bei esant metaboliniam stresui.","breadcrumb":{"@id":"https:\/\/anivet.lt\/elparduotuve\/produktas\/specific-cad-adult-active\/#breadcrumb"},"inLanguage":"lt-LT","potentialAction":[{"@type":"ReadAction","target":["https:\/\/anivet.lt\/elparduotuve\/produktas\/specific-cad-adult-active\/"]}]},{"@type":"ImageObject","inLanguage":"lt-LT","@id":"https:\/\/anivet.lt\/elparduotuve\/produktas\/specific-cad-adult-active\/#primaryimage","url":"https:\/\/anivet.lt\/elparduotuve\/wp-content\/uploads\/2023\/09\/kxAU04RVf44lNlAclxThYgqfNlGolYnKZdVl1Tfo.png","contentUrl":"https:\/\/anivet.lt\/elparduotuve\/wp-content\/uploads\/2023\/09\/kxAU04RVf44lNlAclxThYgqfNlGolYnKZdVl1Tfo.png","width":2000,"height":1967,"caption":"SPECIFIC\u2122 CAD Active pa\u0161aras aktyviems \u0161unims 12kg"},{"@type":"BreadcrumbList","@id":"https:\/\/anivet.lt\/elparduotuve\/produktas\/specific-cad-adult-active\/#breadcrumb","itemListElement":[{"@type":"ListItem","position":1,"name":"Home","item":"https:\/\/anivet.lt\/elparduotuve\/"},{"@type":"ListItem","position":2,"name":"Produktai","item":"https:\/\/anivet.lt\/elparduotuve\/produktai\/"},{"@type":"ListItem","position":3,"name":"SPECIFIC\u2122 CAD Active pa\u0161aras aktyviems \u0161unims 12kg"}]},{"@type":"WebSite","@id":"https:\/\/anivet.lt\/elparduotuve\/#website","url":"https:\/\/anivet.lt\/elparduotuve\/","name":"anivet.lt","description":"Viskas J\u016bs\u0173 \u0161uns, kat\u0117s prie\u017ei\u016brai","publisher":{"@id":"https:\/\/anivet.lt\/elparduotuve\/#organization"},"alternateName":"Viskas J\u016bs\u0173 \u0161uns, kat\u0117s prie\u017ei\u016brai","potentialAction":[{"@type":"SearchAction","target":{"@type":"EntryPoint","urlTemplate":"https:\/\/anivet.lt\/elparduotuve\/?s={search_term_string}"},"query-input":{"@type":"PropertyValueSpecification","valueRequired":true,"valueName":"search_term_string"}}],"inLanguage":"lt-LT"},{"@type":"Organization","@id":"https:\/\/anivet.lt\/elparduotuve\/#organization","name":"Viskas J\u016bs\u0173 \u0161uns, kat\u0117s prie\u017ei\u016brai","url":"https:\/\/anivet.lt\/elparduotuve\/","logo":{"@type":"ImageObject","inLanguage":"lt-LT","@id":"https:\/\/anivet.lt\/elparduotuve\/#\/schema\/logo\/image\/","url":"https:\/\/anivet.lt\/elparduotuve\/wp-content\/uploads\/2023\/06\/logo2.jpg","contentUrl":"https:\/\/anivet.lt\/elparduotuve\/wp-content\/uploads\/2023\/06\/logo2.jpg","width":655,"height":194,"caption":"Viskas J\u016bs\u0173 \u0161uns, kat\u0117s prie\u017ei\u016brai"},"image":{"@id":"https:\/\/anivet.lt\/elparduotuve\/#\/schema\/logo\/image\/"}}]}},"_links":{"self":[{"href":"https:\/\/anivet.lt\/elparduotuve\/wp-json\/wp\/v2\/product\/11693","targetHints":{"allow":["GET"]}}],"collection":[{"href":"https:\/\/anivet.lt\/elparduotuve\/wp-json\/wp\/v2\/product"}],"about":[{"href":"https:\/\/anivet.lt\/elparduotuve\/wp-json\/wp\/v2\/types\/product"}],"wp:featuredmedia":[{"embeddable":true,"href":"https:\/\/anivet.lt\/elparduotuve\/wp-json\/wp\/v2\/media\/11694"}],"wp:attachment":[{"href":"https:\/\/anivet.lt\/elparduotuve\/wp-json\/wp\/v2\/media?parent=11693"}],"wp:term":[{"taxonomy":"product_brand","embeddable":true,"href":"https:\/\/anivet.lt\/elparduotuve\/wp-json\/wp\/v2\/product_brand?post=11693"},{"taxonomy":"product_cat","embeddable":true,"href":"https:\/\/anivet.lt\/elparduotuve\/wp-json\/wp\/v2\/product_cat?post=11693"},{"taxonomy":"product_tag","embeddable":true,"href":"https:\/\/anivet.lt\/elparduotuve\/wp-json\/wp\/v2\/product_tag?post=11693"}],"curies":[{"name":"wp","href":"https:\/\/api.w.org\/{rel}","templated":true}]}}