{"id":11703,"date":"2023-09-19T09:55:29","date_gmt":"2023-09-19T09:55:29","guid":{"rendered":"https:\/\/anivet.lt\/elparduotuve\/?post_type=product&#038;p=11703"},"modified":"2026-05-14T08:41:25","modified_gmt":"2026-05-14T08:41:25","slug":"specific-ckd-heart-kidney-support","status":"publish","type":"product","link":"https:\/\/anivet.lt\/elparduotuve\/produktas\/specific-ckd-heart-kidney-support\/","title":{"rendered":"SPECIFIC\u2122 CKD pa\u0161aras \u0161unims, turintiems \u0161irdies ir inkst\u0173 problem\u0173"},"content":{"rendered":"<ul>\n<li>SPECIFIC\u2122 CKD Heart &amp; Kidney Support\u00a0<strong>turi i\u0161skirtinai didel\u012f i\u0161 \u017euv\u0173 tauk\u0173 ir krili\u0173 i\u0161skirt\u0173 riebal\u0173 r\u016bg\u0161\u010di\u0173 omega-3 EPA ir DHA kiek\u012f<\/strong>. \u0160irdies ligomis \u00a0sergantiems\u00a0 \u0161unims\u00a0 EPA\u00a0 palaiko lies\u0105 k\u016bno\u00a0 mas\u0119, gerina apetit\u0105, reguliuoja aritmij\u0105,\u00a0 kraujosp\u016bd\u012f ir trombocit\u0173 agregacij\u0105. \u0160unims su inkst\u0173 nepakankamumu riebal\u0173\u00a0 r\u016bg\u0161tys omega-3\u00a0 padeda\u00a0 sul\u0117tinti\u00a0 nepakankamumo\u00a0 progresavim\u0105.<\/li>\n<li>Esant kongestiniam \u0161irdies nepakankamumui, kompensuojant suma\u017e\u0117jus\u012f \u0161irdies paj\u0117gum\u0105 ma\u017e\u0117ja\u00a0 natrio\u00a0 i\u0161skyrimas ir d\u0117l to organizme susilaiko natris bei skys\u010diai.\u00a0\u00a0<strong>Suma\u017eintas\u00a0 natrio\u00a0 kiekis<\/strong>\u00a0 padeda\u00a0 suardyti\u00a0 \u201eu\u017eburt\u0105\u201c\u00a0 vandens sulaikymo rat\u0105\u00a0 (hipertenzij\u0105 ir edem\u0105). Tai labai svarbu inkst\u0173, kepen\u0173 ir \u0161irdies ligomis sergantiems pacientams.<\/li>\n<li><strong>Ribotas fosforo kiekis<\/strong>\u00a0b\u016btinas hiperfosfatemijos prevencijai ir l\u0117tinant inkst\u0173 nepakankamumo progresavim\u0105.<\/li>\n<li><strong>Suma\u017eintas\u00a0 baltym\u0173\u00a0 kiekis<\/strong>\u00a0 kartu\u00a0 su\u00a0 itin\u00a0\u00a0<strong>biologi\u0161kai\u00a0 vertingais\u00a0 baltymais<\/strong>\u00a0 ma\u017eina\u00a0 inkst\u0173\u00a0 nepakankamum\u0105 sergan\u010di\u0173 \u0161un\u0173 azotemij\u0105. \u0160unims su kepen\u0173\u00a0 nepakankamumu\u00a0 tai \u00a0suma\u017eina\u00a0 hiperamonemijos ir galimos hepatin\u0117s encefalopatijos\u00a0 tikimyb\u0119.\u00a0<strong>Biologi\u0161kai vertingi baltymai<\/strong>\u00a0\u0161uns organizm\u0105 apr\u016bpina pakankamu b\u016btiniausi\u0173 amino r\u016bg\u0161\u010di\u0173 kiekiu.<\/li>\n<li><strong>Ribotas baltym\u0173 kiekis<\/strong>\u00a0suma\u017eina oksalat\u0173, cistin\u0173 ir urat\u0173 koncentracij\u0105 \u0161lapime. Tai kartu su\u00a0<strong>\u0161arminiu \u0161lapimo pH<\/strong>\u00a0saugo nuo\u00a0 kalcio\u00a0 oksalat\u0173,\u00a0 cistin\u0173\u00a0 bei\u00a0 urat\u0173\u00a0 kristal\u0173 \u00a0nuos\u0117d\u0173\u00a0 susidarymo\u00a0 \u0161lapime. Sud\u0117tyje esantis\u00a0<strong>kalio citratas<\/strong>\u00a0 ma\u017eina\u00a0 kalcio oksalat\u0173\u00a0 nuos\u0117d\u0173 susidarymo rizik\u0105.<strong>Nerekomenduojama:<\/strong><\/li>\n<li>\u0160uniukams ir \u0161uningoms arba \u017eindan\u010dioms kal\u0117ms.<\/li>\n<li>\u0160unims su santykinai dideliu baltym\u0173 poreikiu.<\/li>\n<li>Pacientams su cholestaze. Jiems tinkamesnis \u0117dalas su ma\u017eesniu riebal\u0173 kiekiu (toks kaip SPECIFIC\u2122 Weight Reduction arba SPECIFIC\u2122 Senior linijos pa\u0161aras) .<\/li>\n<li>\u0160unims sergantiems struvit\u0173 akmenlige.<\/li>\n<li>\u0160unims sergantiems hiperlipidemija arba pankreatitu.<\/li>\n<\/ul>\n","protected":false},"excerpt":{"rendered":"<p>Visavertis subalansuotas \u0117dalas \u0161unims, serganiems \u0161irdies nepakankamumu, hipertenzija, edema, l\u0117tiniu inkst\u0173 nepakankamumu, kepen\u0173 nepakankamumu (i\u0161skyrus pacientus su cholestaze), urat\u0173, oksalat\u0173 arba cistin\u0173 akmenlige.<\/p>\n","protected":false},"featured_media":11704,"template":"","meta":[],"product_brand":[],"product_cat":[101,103,107,321],"product_tag":[],"class_list":{"0":"post-11703","1":"product","2":"type-product","3":"status-publish","4":"has-post-thumbnail","6":"product_cat-sunims","7":"product_cat-sunu-maistas","8":"product_cat-veterinarine-dieta","9":"product_cat-specific-sunu-maistas","10":"pa_prekinis-zenklas-specific","12":"first","13":"instock","14":"sale","15":"taxable","16":"shipping-taxable","17":"purchasable","18":"product-type-variable"},"yoast_head":"<!-- This site is optimized with the Yoast SEO Premium plugin v27.1 (Yoast SEO v27.5) - https:\/\/yoast.com\/product\/yoast-seo-premium-wordpress\/ -->\n<title>SPECIFIC\u2122 CKD pa\u0161aras \u0161unims, turintiems \u0161irdies ir inkst\u0173 problem\u0173 - anivet.lt<\/title>\n<meta name=\"description\" content=\"Visavertis subalansuotas \u0117dalas \u0161unims, serganiems \u0161irdies nepakankamumu, hipertenzija, edema, l\u0117tiniu inkst\u0173 nepakankamumu, kepen\u0173 nepakankamumu (i\u0161skyrus pacientus su cholestaze), urat\u0173, oksalat\u0173 arba cistin\u0173 akmenlige.\" \/>\n<meta name=\"robots\" content=\"index, follow, max-snippet:-1, max-image-preview:large, max-video-preview:-1\" \/>\n<link rel=\"canonical\" href=\"https:\/\/anivet.lt\/elparduotuve\/produktas\/specific-ckd-heart-kidney-support\/\" \/>\n<meta property=\"og:locale\" content=\"lt_LT\" \/>\n<meta property=\"og:type\" content=\"article\" \/>\n<meta property=\"og:title\" content=\"SPECIFIC\u2122 CKD pa\u0161aras \u0161unims, turintiems \u0161irdies ir inkst\u0173 problem\u0173\" \/>\n<meta property=\"og:description\" content=\"Visavertis subalansuotas \u0117dalas \u0161unims, serganiems \u0161irdies nepakankamumu, hipertenzija, edema, l\u0117tiniu inkst\u0173 nepakankamumu, kepen\u0173 nepakankamumu (i\u0161skyrus pacientus su cholestaze), urat\u0173, oksalat\u0173 arba cistin\u0173 akmenlige.\" \/>\n<meta property=\"og:url\" content=\"https:\/\/anivet.lt\/elparduotuve\/produktas\/specific-ckd-heart-kidney-support\/\" \/>\n<meta property=\"og:site_name\" content=\"anivet.lt\" \/>\n<meta property=\"article:modified_time\" content=\"2026-05-14T08:41:25+00:00\" \/>\n<meta property=\"og:image\" content=\"https:\/\/anivet.lt\/elparduotuve\/wp-content\/uploads\/2023\/09\/S3kLQjccheZFPlTflTyQt5dNwTdVirJR37rSp3At.png\" \/>\n\t<meta property=\"og:image:width\" content=\"2000\" \/>\n\t<meta property=\"og:image:height\" content=\"1967\" \/>\n\t<meta property=\"og:image:type\" content=\"image\/png\" \/>\n<meta name=\"twitter:card\" content=\"summary_large_image\" \/>\n<meta name=\"twitter:label1\" content=\"Est. reading time\" \/>\n\t<meta name=\"twitter:data1\" content=\"2 minut\u0117s\" \/>\n<script type=\"application\/ld+json\" class=\"yoast-schema-graph\">{\"@context\":\"https:\\\/\\\/schema.org\",\"@graph\":[{\"@type\":\"WebPage\",\"@id\":\"https:\\\/\\\/anivet.lt\\\/elparduotuve\\\/produktas\\\/specific-ckd-heart-kidney-support\\\/\",\"url\":\"https:\\\/\\\/anivet.lt\\\/elparduotuve\\\/produktas\\\/specific-ckd-heart-kidney-support\\\/\",\"name\":\"SPECIFIC\u2122 CKD pa\u0161aras \u0161unims, turintiems \u0161irdies ir inkst\u0173 problem\u0173 - anivet.lt\",\"isPartOf\":{\"@id\":\"https:\\\/\\\/anivet.lt\\\/elparduotuve\\\/#website\"},\"primaryImageOfPage\":{\"@id\":\"https:\\\/\\\/anivet.lt\\\/elparduotuve\\\/produktas\\\/specific-ckd-heart-kidney-support\\\/#primaryimage\"},\"image\":{\"@id\":\"https:\\\/\\\/anivet.lt\\\/elparduotuve\\\/produktas\\\/specific-ckd-heart-kidney-support\\\/#primaryimage\"},\"thumbnailUrl\":\"https:\\\/\\\/anivet.lt\\\/elparduotuve\\\/wp-content\\\/uploads\\\/2023\\\/09\\\/S3kLQjccheZFPlTflTyQt5dNwTdVirJR37rSp3At.png\",\"datePublished\":\"2023-09-19T09:55:29+00:00\",\"dateModified\":\"2026-05-14T08:41:25+00:00\",\"description\":\"Visavertis subalansuotas \u0117dalas \u0161unims, serganiems \u0161irdies nepakankamumu, hipertenzija, edema, l\u0117tiniu inkst\u0173 nepakankamumu, kepen\u0173 nepakankamumu (i\u0161skyrus pacientus su cholestaze), urat\u0173, oksalat\u0173 arba cistin\u0173 akmenlige.\",\"breadcrumb\":{\"@id\":\"https:\\\/\\\/anivet.lt\\\/elparduotuve\\\/produktas\\\/specific-ckd-heart-kidney-support\\\/#breadcrumb\"},\"inLanguage\":\"lt-LT\",\"potentialAction\":[{\"@type\":\"ReadAction\",\"target\":[\"https:\\\/\\\/anivet.lt\\\/elparduotuve\\\/produktas\\\/specific-ckd-heart-kidney-support\\\/\"]}]},{\"@type\":\"ImageObject\",\"inLanguage\":\"lt-LT\",\"@id\":\"https:\\\/\\\/anivet.lt\\\/elparduotuve\\\/produktas\\\/specific-ckd-heart-kidney-support\\\/#primaryimage\",\"url\":\"https:\\\/\\\/anivet.lt\\\/elparduotuve\\\/wp-content\\\/uploads\\\/2023\\\/09\\\/S3kLQjccheZFPlTflTyQt5dNwTdVirJR37rSp3At.png\",\"contentUrl\":\"https:\\\/\\\/anivet.lt\\\/elparduotuve\\\/wp-content\\\/uploads\\\/2023\\\/09\\\/S3kLQjccheZFPlTflTyQt5dNwTdVirJR37rSp3At.png\",\"width\":2000,\"height\":1967,\"caption\":\"SPECIFIC\u2122 CKD pa\u0161aras \u0161unims, turintiems \u0161irdies ir inkst\u0173 problem\u0173\"},{\"@type\":\"BreadcrumbList\",\"@id\":\"https:\\\/\\\/anivet.lt\\\/elparduotuve\\\/produktas\\\/specific-ckd-heart-kidney-support\\\/#breadcrumb\",\"itemListElement\":[{\"@type\":\"ListItem\",\"position\":1,\"name\":\"Home\",\"item\":\"https:\\\/\\\/anivet.lt\\\/elparduotuve\\\/\"},{\"@type\":\"ListItem\",\"position\":2,\"name\":\"Produktai\",\"item\":\"https:\\\/\\\/anivet.lt\\\/elparduotuve\\\/produktai\\\/\"},{\"@type\":\"ListItem\",\"position\":3,\"name\":\"SPECIFIC\u2122 CKD pa\u0161aras \u0161unims, turintiems \u0161irdies ir inkst\u0173 problem\u0173\"}]},{\"@type\":\"WebSite\",\"@id\":\"https:\\\/\\\/anivet.lt\\\/elparduotuve\\\/#website\",\"url\":\"https:\\\/\\\/anivet.lt\\\/elparduotuve\\\/\",\"name\":\"anivet.lt\",\"description\":\"Viskas J\u016bs\u0173 \u0161uns, kat\u0117s prie\u017ei\u016brai\",\"publisher\":{\"@id\":\"https:\\\/\\\/anivet.lt\\\/elparduotuve\\\/#organization\"},\"alternateName\":\"Viskas J\u016bs\u0173 \u0161uns, kat\u0117s prie\u017ei\u016brai\",\"potentialAction\":[{\"@type\":\"SearchAction\",\"target\":{\"@type\":\"EntryPoint\",\"urlTemplate\":\"https:\\\/\\\/anivet.lt\\\/elparduotuve\\\/?s={search_term_string}\"},\"query-input\":{\"@type\":\"PropertyValueSpecification\",\"valueRequired\":true,\"valueName\":\"search_term_string\"}}],\"inLanguage\":\"lt-LT\"},{\"@type\":\"Organization\",\"@id\":\"https:\\\/\\\/anivet.lt\\\/elparduotuve\\\/#organization\",\"name\":\"Viskas J\u016bs\u0173 \u0161uns, kat\u0117s prie\u017ei\u016brai\",\"url\":\"https:\\\/\\\/anivet.lt\\\/elparduotuve\\\/\",\"logo\":{\"@type\":\"ImageObject\",\"inLanguage\":\"lt-LT\",\"@id\":\"https:\\\/\\\/anivet.lt\\\/elparduotuve\\\/#\\\/schema\\\/logo\\\/image\\\/\",\"url\":\"https:\\\/\\\/anivet.lt\\\/elparduotuve\\\/wp-content\\\/uploads\\\/2023\\\/06\\\/logo2.jpg\",\"contentUrl\":\"https:\\\/\\\/anivet.lt\\\/elparduotuve\\\/wp-content\\\/uploads\\\/2023\\\/06\\\/logo2.jpg\",\"width\":655,\"height\":194,\"caption\":\"Viskas J\u016bs\u0173 \u0161uns, kat\u0117s prie\u017ei\u016brai\"},\"image\":{\"@id\":\"https:\\\/\\\/anivet.lt\\\/elparduotuve\\\/#\\\/schema\\\/logo\\\/image\\\/\"}}]}<\/script>\n<!-- \/ Yoast SEO Premium plugin. -->","yoast_head_json":{"title":"SPECIFIC\u2122 CKD pa\u0161aras \u0161unims, turintiems \u0161irdies ir inkst\u0173 problem\u0173 - anivet.lt","description":"Visavertis subalansuotas \u0117dalas \u0161unims, serganiems \u0161irdies nepakankamumu, hipertenzija, edema, l\u0117tiniu inkst\u0173 nepakankamumu, kepen\u0173 nepakankamumu (i\u0161skyrus pacientus su cholestaze), urat\u0173, oksalat\u0173 arba cistin\u0173 akmenlige.","robots":{"index":"index","follow":"follow","max-snippet":"max-snippet:-1","max-image-preview":"max-image-preview:large","max-video-preview":"max-video-preview:-1"},"canonical":"https:\/\/anivet.lt\/elparduotuve\/produktas\/specific-ckd-heart-kidney-support\/","og_locale":"lt_LT","og_type":"article","og_title":"SPECIFIC\u2122 CKD pa\u0161aras \u0161unims, turintiems \u0161irdies ir inkst\u0173 problem\u0173","og_description":"Visavertis subalansuotas \u0117dalas \u0161unims, serganiems \u0161irdies nepakankamumu, hipertenzija, edema, l\u0117tiniu inkst\u0173 nepakankamumu, kepen\u0173 nepakankamumu (i\u0161skyrus pacientus su cholestaze), urat\u0173, oksalat\u0173 arba cistin\u0173 akmenlige.","og_url":"https:\/\/anivet.lt\/elparduotuve\/produktas\/specific-ckd-heart-kidney-support\/","og_site_name":"anivet.lt","article_modified_time":"2026-05-14T08:41:25+00:00","og_image":[{"width":2000,"height":1967,"url":"https:\/\/anivet.lt\/elparduotuve\/wp-content\/uploads\/2023\/09\/S3kLQjccheZFPlTflTyQt5dNwTdVirJR37rSp3At.png","type":"image\/png"}],"twitter_card":"summary_large_image","twitter_misc":{"Est. reading time":"2 minut\u0117s"},"schema":{"@context":"https:\/\/schema.org","@graph":[{"@type":"WebPage","@id":"https:\/\/anivet.lt\/elparduotuve\/produktas\/specific-ckd-heart-kidney-support\/","url":"https:\/\/anivet.lt\/elparduotuve\/produktas\/specific-ckd-heart-kidney-support\/","name":"SPECIFIC\u2122 CKD pa\u0161aras \u0161unims, turintiems \u0161irdies ir inkst\u0173 problem\u0173 - anivet.lt","isPartOf":{"@id":"https:\/\/anivet.lt\/elparduotuve\/#website"},"primaryImageOfPage":{"@id":"https:\/\/anivet.lt\/elparduotuve\/produktas\/specific-ckd-heart-kidney-support\/#primaryimage"},"image":{"@id":"https:\/\/anivet.lt\/elparduotuve\/produktas\/specific-ckd-heart-kidney-support\/#primaryimage"},"thumbnailUrl":"https:\/\/anivet.lt\/elparduotuve\/wp-content\/uploads\/2023\/09\/S3kLQjccheZFPlTflTyQt5dNwTdVirJR37rSp3At.png","datePublished":"2023-09-19T09:55:29+00:00","dateModified":"2026-05-14T08:41:25+00:00","description":"Visavertis subalansuotas \u0117dalas \u0161unims, serganiems \u0161irdies nepakankamumu, hipertenzija, edema, l\u0117tiniu inkst\u0173 nepakankamumu, kepen\u0173 nepakankamumu (i\u0161skyrus pacientus su cholestaze), urat\u0173, oksalat\u0173 arba cistin\u0173 akmenlige.","breadcrumb":{"@id":"https:\/\/anivet.lt\/elparduotuve\/produktas\/specific-ckd-heart-kidney-support\/#breadcrumb"},"inLanguage":"lt-LT","potentialAction":[{"@type":"ReadAction","target":["https:\/\/anivet.lt\/elparduotuve\/produktas\/specific-ckd-heart-kidney-support\/"]}]},{"@type":"ImageObject","inLanguage":"lt-LT","@id":"https:\/\/anivet.lt\/elparduotuve\/produktas\/specific-ckd-heart-kidney-support\/#primaryimage","url":"https:\/\/anivet.lt\/elparduotuve\/wp-content\/uploads\/2023\/09\/S3kLQjccheZFPlTflTyQt5dNwTdVirJR37rSp3At.png","contentUrl":"https:\/\/anivet.lt\/elparduotuve\/wp-content\/uploads\/2023\/09\/S3kLQjccheZFPlTflTyQt5dNwTdVirJR37rSp3At.png","width":2000,"height":1967,"caption":"SPECIFIC\u2122 CKD pa\u0161aras \u0161unims, turintiems \u0161irdies ir inkst\u0173 problem\u0173"},{"@type":"BreadcrumbList","@id":"https:\/\/anivet.lt\/elparduotuve\/produktas\/specific-ckd-heart-kidney-support\/#breadcrumb","itemListElement":[{"@type":"ListItem","position":1,"name":"Home","item":"https:\/\/anivet.lt\/elparduotuve\/"},{"@type":"ListItem","position":2,"name":"Produktai","item":"https:\/\/anivet.lt\/elparduotuve\/produktai\/"},{"@type":"ListItem","position":3,"name":"SPECIFIC\u2122 CKD pa\u0161aras \u0161unims, turintiems \u0161irdies ir inkst\u0173 problem\u0173"}]},{"@type":"WebSite","@id":"https:\/\/anivet.lt\/elparduotuve\/#website","url":"https:\/\/anivet.lt\/elparduotuve\/","name":"anivet.lt","description":"Viskas J\u016bs\u0173 \u0161uns, kat\u0117s prie\u017ei\u016brai","publisher":{"@id":"https:\/\/anivet.lt\/elparduotuve\/#organization"},"alternateName":"Viskas J\u016bs\u0173 \u0161uns, kat\u0117s prie\u017ei\u016brai","potentialAction":[{"@type":"SearchAction","target":{"@type":"EntryPoint","urlTemplate":"https:\/\/anivet.lt\/elparduotuve\/?s={search_term_string}"},"query-input":{"@type":"PropertyValueSpecification","valueRequired":true,"valueName":"search_term_string"}}],"inLanguage":"lt-LT"},{"@type":"Organization","@id":"https:\/\/anivet.lt\/elparduotuve\/#organization","name":"Viskas J\u016bs\u0173 \u0161uns, kat\u0117s prie\u017ei\u016brai","url":"https:\/\/anivet.lt\/elparduotuve\/","logo":{"@type":"ImageObject","inLanguage":"lt-LT","@id":"https:\/\/anivet.lt\/elparduotuve\/#\/schema\/logo\/image\/","url":"https:\/\/anivet.lt\/elparduotuve\/wp-content\/uploads\/2023\/06\/logo2.jpg","contentUrl":"https:\/\/anivet.lt\/elparduotuve\/wp-content\/uploads\/2023\/06\/logo2.jpg","width":655,"height":194,"caption":"Viskas J\u016bs\u0173 \u0161uns, kat\u0117s prie\u017ei\u016brai"},"image":{"@id":"https:\/\/anivet.lt\/elparduotuve\/#\/schema\/logo\/image\/"}}]}},"_links":{"self":[{"href":"https:\/\/anivet.lt\/elparduotuve\/wp-json\/wp\/v2\/product\/11703","targetHints":{"allow":["GET"]}}],"collection":[{"href":"https:\/\/anivet.lt\/elparduotuve\/wp-json\/wp\/v2\/product"}],"about":[{"href":"https:\/\/anivet.lt\/elparduotuve\/wp-json\/wp\/v2\/types\/product"}],"wp:featuredmedia":[{"embeddable":true,"href":"https:\/\/anivet.lt\/elparduotuve\/wp-json\/wp\/v2\/media\/11704"}],"wp:attachment":[{"href":"https:\/\/anivet.lt\/elparduotuve\/wp-json\/wp\/v2\/media?parent=11703"}],"wp:term":[{"taxonomy":"product_brand","embeddable":true,"href":"https:\/\/anivet.lt\/elparduotuve\/wp-json\/wp\/v2\/product_brand?post=11703"},{"taxonomy":"product_cat","embeddable":true,"href":"https:\/\/anivet.lt\/elparduotuve\/wp-json\/wp\/v2\/product_cat?post=11703"},{"taxonomy":"product_tag","embeddable":true,"href":"https:\/\/anivet.lt\/elparduotuve\/wp-json\/wp\/v2\/product_tag?post=11703"}],"curies":[{"name":"wp","href":"https:\/\/api.w.org\/{rel}","templated":true}]}}