{"id":11715,"date":"2023-09-19T11:06:00","date_gmt":"2023-09-19T11:06:00","guid":{"rendered":"https:\/\/anivet.lt\/elparduotuve\/?post_type=product&#038;p=11715"},"modified":"2026-04-16T10:33:23","modified_gmt":"2026-04-16T10:33:23","slug":"specific-fxw-konservai-sveikoms-suaugusioms-katems","status":"publish","type":"product","link":"https:\/\/anivet.lt\/elparduotuve\/produktas\/specific-fxw-konservai-sveikoms-suaugusioms-katems\/","title":{"rendered":"SPECIFIC\u2122 FXW konservai sveikoms, suaugusioms kat\u0117ms"},"content":{"rendered":"<ul>\n<li><span style=\"font-weight: 400;\">Subalansuota sud\u0117tis: U\u017etikrina vis\u0173 reikaling\u0173 maistini\u0173 med\u017eiag\u0173 \u012fsisavinim\u0105.<\/span><\/li>\n<li style=\"font-weight: 400;\"><span style=\"font-weight: 400;\">Optimalus energijos kiekis: Padeda i\u0161laikyti ideal\u0173 svor\u012f.<\/span><\/li>\n<li style=\"font-weight: 400;\"><span style=\"font-weight: 400;\">Omega-3 riebal\u0173 r\u016bg\u0161tys: Palaiko sveik\u0105 odos, kailio ir s\u0105nari\u0173 b\u016bkl\u0119.<\/span><\/li>\n<li style=\"font-weight: 400;\"><span style=\"font-weight: 400;\">Ma\u017eas angliavandeni\u0173 kiekis: Tinkamas cukriniu diabetu sergan\u010dioms kat\u0117ms.<\/span><\/li>\n<li style=\"font-weight: 400;\"><span style=\"font-weight: 400;\">Lengvas vir\u0161kinimas: Auk\u0161tos kokyb\u0117s sud\u0117tin\u0117s dalys ma\u017eina i\u0161mat\u0173 kiek\u012f.<\/span><\/li>\n<\/ul>\n<p><span style=\"font-weight: 400;\">\u201eSPECIFIC\u2122 FXW\u201d konservai puikiai tinka kasdienei mitybai suaugusioms kat\u0117ms, nes j\u0173 sud\u0117tis pritaikyta palaikyti bendr\u0105 sveikat\u0105 bei ideal\u0173 svor\u012f. Ypa\u010d naudingi sergan\u010dioms cukriniu diabetu ar idiopatiniu cistitu d\u0117l ma\u017eo angliavandeni\u0173 ir auk\u0161to baltym\u0173 kiekio, kuris palaiko stabil\u0173 energijos lyg\u012f ir insulino poreik\u012f.<\/span><\/p>\n","protected":false},"excerpt":{"rendered":"<p><span style=\"font-weight: 400;\">Kasdienis visavertis \u0117dalas, atitinkantis sveik\u0173 suaugusi\u0173 ka\u010di\u0173 mitybos poreikius, taip pat tinkantis kat\u0117ms, sergan\u010dioms cukriniu diabetu ar idiopatiniu cistitu.<\/span><\/p>\n","protected":false},"featured_media":19098,"template":"","meta":[],"product_brand":[],"product_cat":[114,102,116,326],"product_tag":[],"class_list":{"0":"post-11715","1":"product","2":"type-product","3":"status-publish","4":"has-post-thumbnail","6":"product_cat-kaciu-maistas","7":"product_cat-katems","8":"product_cat-konservai-katems","9":"product_cat-specific-kaciu-maistas","10":"pa_prekinis-zenklas-specific","12":"first","13":"instock","14":"sale","15":"taxable","16":"shipping-taxable","17":"purchasable","18":"product-type-variable"},"yoast_head":"<!-- This site is optimized with the Yoast SEO Premium plugin v27.1 (Yoast SEO v27.5) - https:\/\/yoast.com\/product\/yoast-seo-premium-wordpress\/ -->\n<title>SPECIFIC\u2122 FXW konservai sveikoms, suaugusioms kat\u0117ms - anivet.lt<\/title>\n<meta name=\"description\" content=\"Kasdienis visavertis \u0117dalas, atitinkantis sveik\u0173 suaugusi\u0173 ka\u010di\u0173 mitybos poreikius, taip pat tinkantis kat\u0117ms, sergan\u010dioms cukriniu diabetu ar idiopatiniu cistitu.\" \/>\n<meta name=\"robots\" content=\"index, follow, max-snippet:-1, max-image-preview:large, max-video-preview:-1\" \/>\n<link rel=\"canonical\" href=\"https:\/\/anivet.lt\/elparduotuve\/produktas\/specific-fxw-konservai-sveikoms-suaugusioms-katems\/\" \/>\n<meta property=\"og:locale\" content=\"lt_LT\" \/>\n<meta property=\"og:type\" content=\"article\" \/>\n<meta property=\"og:title\" content=\"SPECIFIC\u2122 FXW konservai sveikoms, suaugusioms kat\u0117ms\" \/>\n<meta property=\"og:description\" content=\"Kasdienis visavertis \u0117dalas, atitinkantis sveik\u0173 suaugusi\u0173 ka\u010di\u0173 mitybos poreikius, taip pat tinkantis kat\u0117ms, sergan\u010dioms cukriniu diabetu ar idiopatiniu cistitu.\" \/>\n<meta property=\"og:url\" content=\"https:\/\/anivet.lt\/elparduotuve\/produktas\/specific-fxw-konservai-sveikoms-suaugusioms-katems\/\" \/>\n<meta property=\"og:site_name\" content=\"anivet.lt\" \/>\n<meta property=\"article:modified_time\" content=\"2026-04-16T10:33:23+00:00\" \/>\n<meta property=\"og:image\" content=\"https:\/\/anivet.lt\/elparduotuve\/wp-content\/uploads\/2023\/09\/Specific-FXW.jpg\" \/>\n\t<meta property=\"og:image:width\" content=\"1000\" \/>\n\t<meta property=\"og:image:height\" content=\"699\" \/>\n\t<meta property=\"og:image:type\" content=\"image\/jpeg\" \/>\n<meta name=\"twitter:card\" content=\"summary_large_image\" \/>\n<meta name=\"twitter:label1\" content=\"Est. reading time\" \/>\n\t<meta name=\"twitter:data1\" content=\"1 minut\u0117\" \/>\n<script type=\"application\/ld+json\" class=\"yoast-schema-graph\">{\"@context\":\"https:\\\/\\\/schema.org\",\"@graph\":[{\"@type\":\"WebPage\",\"@id\":\"https:\\\/\\\/anivet.lt\\\/elparduotuve\\\/produktas\\\/specific-fxw-konservai-sveikoms-suaugusioms-katems\\\/\",\"url\":\"https:\\\/\\\/anivet.lt\\\/elparduotuve\\\/produktas\\\/specific-fxw-konservai-sveikoms-suaugusioms-katems\\\/\",\"name\":\"SPECIFIC\u2122 FXW konservai sveikoms, suaugusioms kat\u0117ms - anivet.lt\",\"isPartOf\":{\"@id\":\"https:\\\/\\\/anivet.lt\\\/elparduotuve\\\/#website\"},\"primaryImageOfPage\":{\"@id\":\"https:\\\/\\\/anivet.lt\\\/elparduotuve\\\/produktas\\\/specific-fxw-konservai-sveikoms-suaugusioms-katems\\\/#primaryimage\"},\"image\":{\"@id\":\"https:\\\/\\\/anivet.lt\\\/elparduotuve\\\/produktas\\\/specific-fxw-konservai-sveikoms-suaugusioms-katems\\\/#primaryimage\"},\"thumbnailUrl\":\"https:\\\/\\\/anivet.lt\\\/elparduotuve\\\/wp-content\\\/uploads\\\/2023\\\/09\\\/Specific-FXW.jpg\",\"datePublished\":\"2023-09-19T11:06:00+00:00\",\"dateModified\":\"2026-04-16T10:33:23+00:00\",\"description\":\"Kasdienis visavertis \u0117dalas, atitinkantis sveik\u0173 suaugusi\u0173 ka\u010di\u0173 mitybos poreikius, taip pat tinkantis kat\u0117ms, sergan\u010dioms cukriniu diabetu ar idiopatiniu cistitu.\",\"breadcrumb\":{\"@id\":\"https:\\\/\\\/anivet.lt\\\/elparduotuve\\\/produktas\\\/specific-fxw-konservai-sveikoms-suaugusioms-katems\\\/#breadcrumb\"},\"inLanguage\":\"lt-LT\",\"potentialAction\":[{\"@type\":\"ReadAction\",\"target\":[\"https:\\\/\\\/anivet.lt\\\/elparduotuve\\\/produktas\\\/specific-fxw-konservai-sveikoms-suaugusioms-katems\\\/\"]}]},{\"@type\":\"ImageObject\",\"inLanguage\":\"lt-LT\",\"@id\":\"https:\\\/\\\/anivet.lt\\\/elparduotuve\\\/produktas\\\/specific-fxw-konservai-sveikoms-suaugusioms-katems\\\/#primaryimage\",\"url\":\"https:\\\/\\\/anivet.lt\\\/elparduotuve\\\/wp-content\\\/uploads\\\/2023\\\/09\\\/Specific-FXW.jpg\",\"contentUrl\":\"https:\\\/\\\/anivet.lt\\\/elparduotuve\\\/wp-content\\\/uploads\\\/2023\\\/09\\\/Specific-FXW.jpg\",\"width\":1000,\"height\":699,\"caption\":\"SPECIFIC\u2122 FXW konservai sveikoms, suaugusioms kat\u0117ms\"},{\"@type\":\"BreadcrumbList\",\"@id\":\"https:\\\/\\\/anivet.lt\\\/elparduotuve\\\/produktas\\\/specific-fxw-konservai-sveikoms-suaugusioms-katems\\\/#breadcrumb\",\"itemListElement\":[{\"@type\":\"ListItem\",\"position\":1,\"name\":\"Home\",\"item\":\"https:\\\/\\\/anivet.lt\\\/elparduotuve\\\/\"},{\"@type\":\"ListItem\",\"position\":2,\"name\":\"Produktai\",\"item\":\"https:\\\/\\\/anivet.lt\\\/elparduotuve\\\/produktai\\\/\"},{\"@type\":\"ListItem\",\"position\":3,\"name\":\"SPECIFIC\u2122 FXW konservai sveikoms, suaugusioms kat\u0117ms\"}]},{\"@type\":\"WebSite\",\"@id\":\"https:\\\/\\\/anivet.lt\\\/elparduotuve\\\/#website\",\"url\":\"https:\\\/\\\/anivet.lt\\\/elparduotuve\\\/\",\"name\":\"anivet.lt\",\"description\":\"Viskas J\u016bs\u0173 \u0161uns, kat\u0117s prie\u017ei\u016brai\",\"publisher\":{\"@id\":\"https:\\\/\\\/anivet.lt\\\/elparduotuve\\\/#organization\"},\"alternateName\":\"Viskas J\u016bs\u0173 \u0161uns, kat\u0117s prie\u017ei\u016brai\",\"potentialAction\":[{\"@type\":\"SearchAction\",\"target\":{\"@type\":\"EntryPoint\",\"urlTemplate\":\"https:\\\/\\\/anivet.lt\\\/elparduotuve\\\/?s={search_term_string}\"},\"query-input\":{\"@type\":\"PropertyValueSpecification\",\"valueRequired\":true,\"valueName\":\"search_term_string\"}}],\"inLanguage\":\"lt-LT\"},{\"@type\":\"Organization\",\"@id\":\"https:\\\/\\\/anivet.lt\\\/elparduotuve\\\/#organization\",\"name\":\"Viskas J\u016bs\u0173 \u0161uns, kat\u0117s prie\u017ei\u016brai\",\"url\":\"https:\\\/\\\/anivet.lt\\\/elparduotuve\\\/\",\"logo\":{\"@type\":\"ImageObject\",\"inLanguage\":\"lt-LT\",\"@id\":\"https:\\\/\\\/anivet.lt\\\/elparduotuve\\\/#\\\/schema\\\/logo\\\/image\\\/\",\"url\":\"https:\\\/\\\/anivet.lt\\\/elparduotuve\\\/wp-content\\\/uploads\\\/2023\\\/06\\\/logo2.jpg\",\"contentUrl\":\"https:\\\/\\\/anivet.lt\\\/elparduotuve\\\/wp-content\\\/uploads\\\/2023\\\/06\\\/logo2.jpg\",\"width\":655,\"height\":194,\"caption\":\"Viskas J\u016bs\u0173 \u0161uns, kat\u0117s prie\u017ei\u016brai\"},\"image\":{\"@id\":\"https:\\\/\\\/anivet.lt\\\/elparduotuve\\\/#\\\/schema\\\/logo\\\/image\\\/\"}}]}<\/script>\n<!-- \/ Yoast SEO Premium plugin. -->","yoast_head_json":{"title":"SPECIFIC\u2122 FXW konservai sveikoms, suaugusioms kat\u0117ms - anivet.lt","description":"Kasdienis visavertis \u0117dalas, atitinkantis sveik\u0173 suaugusi\u0173 ka\u010di\u0173 mitybos poreikius, taip pat tinkantis kat\u0117ms, sergan\u010dioms cukriniu diabetu ar idiopatiniu cistitu.","robots":{"index":"index","follow":"follow","max-snippet":"max-snippet:-1","max-image-preview":"max-image-preview:large","max-video-preview":"max-video-preview:-1"},"canonical":"https:\/\/anivet.lt\/elparduotuve\/produktas\/specific-fxw-konservai-sveikoms-suaugusioms-katems\/","og_locale":"lt_LT","og_type":"article","og_title":"SPECIFIC\u2122 FXW konservai sveikoms, suaugusioms kat\u0117ms","og_description":"Kasdienis visavertis \u0117dalas, atitinkantis sveik\u0173 suaugusi\u0173 ka\u010di\u0173 mitybos poreikius, taip pat tinkantis kat\u0117ms, sergan\u010dioms cukriniu diabetu ar idiopatiniu cistitu.","og_url":"https:\/\/anivet.lt\/elparduotuve\/produktas\/specific-fxw-konservai-sveikoms-suaugusioms-katems\/","og_site_name":"anivet.lt","article_modified_time":"2026-04-16T10:33:23+00:00","og_image":[{"width":1000,"height":699,"url":"https:\/\/anivet.lt\/elparduotuve\/wp-content\/uploads\/2023\/09\/Specific-FXW.jpg","type":"image\/jpeg"}],"twitter_card":"summary_large_image","twitter_misc":{"Est. reading time":"1 minut\u0117"},"schema":{"@context":"https:\/\/schema.org","@graph":[{"@type":"WebPage","@id":"https:\/\/anivet.lt\/elparduotuve\/produktas\/specific-fxw-konservai-sveikoms-suaugusioms-katems\/","url":"https:\/\/anivet.lt\/elparduotuve\/produktas\/specific-fxw-konservai-sveikoms-suaugusioms-katems\/","name":"SPECIFIC\u2122 FXW konservai sveikoms, suaugusioms kat\u0117ms - anivet.lt","isPartOf":{"@id":"https:\/\/anivet.lt\/elparduotuve\/#website"},"primaryImageOfPage":{"@id":"https:\/\/anivet.lt\/elparduotuve\/produktas\/specific-fxw-konservai-sveikoms-suaugusioms-katems\/#primaryimage"},"image":{"@id":"https:\/\/anivet.lt\/elparduotuve\/produktas\/specific-fxw-konservai-sveikoms-suaugusioms-katems\/#primaryimage"},"thumbnailUrl":"https:\/\/anivet.lt\/elparduotuve\/wp-content\/uploads\/2023\/09\/Specific-FXW.jpg","datePublished":"2023-09-19T11:06:00+00:00","dateModified":"2026-04-16T10:33:23+00:00","description":"Kasdienis visavertis \u0117dalas, atitinkantis sveik\u0173 suaugusi\u0173 ka\u010di\u0173 mitybos poreikius, taip pat tinkantis kat\u0117ms, sergan\u010dioms cukriniu diabetu ar idiopatiniu cistitu.","breadcrumb":{"@id":"https:\/\/anivet.lt\/elparduotuve\/produktas\/specific-fxw-konservai-sveikoms-suaugusioms-katems\/#breadcrumb"},"inLanguage":"lt-LT","potentialAction":[{"@type":"ReadAction","target":["https:\/\/anivet.lt\/elparduotuve\/produktas\/specific-fxw-konservai-sveikoms-suaugusioms-katems\/"]}]},{"@type":"ImageObject","inLanguage":"lt-LT","@id":"https:\/\/anivet.lt\/elparduotuve\/produktas\/specific-fxw-konservai-sveikoms-suaugusioms-katems\/#primaryimage","url":"https:\/\/anivet.lt\/elparduotuve\/wp-content\/uploads\/2023\/09\/Specific-FXW.jpg","contentUrl":"https:\/\/anivet.lt\/elparduotuve\/wp-content\/uploads\/2023\/09\/Specific-FXW.jpg","width":1000,"height":699,"caption":"SPECIFIC\u2122 FXW konservai sveikoms, suaugusioms kat\u0117ms"},{"@type":"BreadcrumbList","@id":"https:\/\/anivet.lt\/elparduotuve\/produktas\/specific-fxw-konservai-sveikoms-suaugusioms-katems\/#breadcrumb","itemListElement":[{"@type":"ListItem","position":1,"name":"Home","item":"https:\/\/anivet.lt\/elparduotuve\/"},{"@type":"ListItem","position":2,"name":"Produktai","item":"https:\/\/anivet.lt\/elparduotuve\/produktai\/"},{"@type":"ListItem","position":3,"name":"SPECIFIC\u2122 FXW konservai sveikoms, suaugusioms kat\u0117ms"}]},{"@type":"WebSite","@id":"https:\/\/anivet.lt\/elparduotuve\/#website","url":"https:\/\/anivet.lt\/elparduotuve\/","name":"anivet.lt","description":"Viskas J\u016bs\u0173 \u0161uns, kat\u0117s prie\u017ei\u016brai","publisher":{"@id":"https:\/\/anivet.lt\/elparduotuve\/#organization"},"alternateName":"Viskas J\u016bs\u0173 \u0161uns, kat\u0117s prie\u017ei\u016brai","potentialAction":[{"@type":"SearchAction","target":{"@type":"EntryPoint","urlTemplate":"https:\/\/anivet.lt\/elparduotuve\/?s={search_term_string}"},"query-input":{"@type":"PropertyValueSpecification","valueRequired":true,"valueName":"search_term_string"}}],"inLanguage":"lt-LT"},{"@type":"Organization","@id":"https:\/\/anivet.lt\/elparduotuve\/#organization","name":"Viskas J\u016bs\u0173 \u0161uns, kat\u0117s prie\u017ei\u016brai","url":"https:\/\/anivet.lt\/elparduotuve\/","logo":{"@type":"ImageObject","inLanguage":"lt-LT","@id":"https:\/\/anivet.lt\/elparduotuve\/#\/schema\/logo\/image\/","url":"https:\/\/anivet.lt\/elparduotuve\/wp-content\/uploads\/2023\/06\/logo2.jpg","contentUrl":"https:\/\/anivet.lt\/elparduotuve\/wp-content\/uploads\/2023\/06\/logo2.jpg","width":655,"height":194,"caption":"Viskas J\u016bs\u0173 \u0161uns, kat\u0117s prie\u017ei\u016brai"},"image":{"@id":"https:\/\/anivet.lt\/elparduotuve\/#\/schema\/logo\/image\/"}}]}},"_links":{"self":[{"href":"https:\/\/anivet.lt\/elparduotuve\/wp-json\/wp\/v2\/product\/11715","targetHints":{"allow":["GET"]}}],"collection":[{"href":"https:\/\/anivet.lt\/elparduotuve\/wp-json\/wp\/v2\/product"}],"about":[{"href":"https:\/\/anivet.lt\/elparduotuve\/wp-json\/wp\/v2\/types\/product"}],"wp:featuredmedia":[{"embeddable":true,"href":"https:\/\/anivet.lt\/elparduotuve\/wp-json\/wp\/v2\/media\/19098"}],"wp:attachment":[{"href":"https:\/\/anivet.lt\/elparduotuve\/wp-json\/wp\/v2\/media?parent=11715"}],"wp:term":[{"taxonomy":"product_brand","embeddable":true,"href":"https:\/\/anivet.lt\/elparduotuve\/wp-json\/wp\/v2\/product_brand?post=11715"},{"taxonomy":"product_cat","embeddable":true,"href":"https:\/\/anivet.lt\/elparduotuve\/wp-json\/wp\/v2\/product_cat?post=11715"},{"taxonomy":"product_tag","embeddable":true,"href":"https:\/\/anivet.lt\/elparduotuve\/wp-json\/wp\/v2\/product_tag?post=11715"}],"curies":[{"name":"wp","href":"https:\/\/api.w.org\/{rel}","templated":true}]}}