{"id":11718,"date":"2023-09-19T11:49:30","date_gmt":"2023-09-19T11:49:30","guid":{"rendered":"https:\/\/anivet.lt\/elparduotuve\/?post_type=product&#038;p=11718"},"modified":"2026-04-17T11:35:02","modified_gmt":"2026-04-17T11:35:02","slug":"specific-cdd-food-allergen-management","status":"publish","type":"product","link":"https:\/\/anivet.lt\/elparduotuve\/produktas\/specific-cdd-food-allergen-management\/","title":{"rendered":"SPECIFIC\u2122 CDD pa\u0161aras \u0161unims, turintiems alergij\u0105 maistui"},"content":{"rendered":"<ul>\n<li style=\"font-weight: 400;\" aria-level=\"1\"><span style=\"font-weight: 400;\">Hipoalergin\u0117 sud\u0117tis: Ribotas ingredient\u0173 kiekis su ma\u017eai alergizuojan\u010diais ry\u017eiais ir kiau\u0161iniais, idealiai tinka jautriems \u0161unims.<\/span><\/li>\n<li style=\"font-weight: 400;\" aria-level=\"1\"><span style=\"font-weight: 400;\">Puikus vir\u0161kinamumas: Auk\u0161tos kokyb\u0117s ingredientai padeda suma\u017einti viduriavim\u0105 ir pagerinti maistini\u0173 med\u017eiag\u0173 \u012fsisavinim\u0105.<\/span><\/li>\n<li style=\"font-weight: 400;\" aria-level=\"1\"><span style=\"font-weight: 400;\">Gyslo\u010dio s\u0117kl\u0173 luobel\u0117s: Tirpios skaidulos reguliuoja vir\u0161kinamojo trakto veikl\u0105 ir palaiko normal\u0173 \u017earnyno darb\u0105.<\/span><\/li>\n<li style=\"font-weight: 400;\" aria-level=\"1\"><span style=\"font-weight: 400;\">Ma\u017eas purin\u0173 kiekis: Skatina \u0161armin\u012f \u0161lapimo pH, padeda tirpdyti urat\u0173 kristalus ir ma\u017eina j\u0173 formavimosi rizik\u0105.<\/span><\/li>\n<li style=\"font-weight: 400;\" aria-level=\"1\"><span style=\"font-weight: 400;\">Lengvas \u0161\u0117rimas: Subalansuotas ir paruo\u0161tas naudoti pa\u0161aras, patogesnis nei namuose ruo\u0161iamas hipoalerginis maistas.<\/span><\/li>\n<\/ul>\n<p><span style=\"font-weight: 400;\">Rekomenduojama \u0161erti tik \u0161iuo pa\u0161aru ir vengti papildom\u0173 produkt\u0173, kad b\u016bt\u0173 u\u017etikrintas alergijos simptom\u0173 kontrol\u0117s efektyvumas. Idealiai tinka \u0161unims su kasos egzokrinin\u0117s funkcijos nepakankamumu, vir\u0161kinimo sutrikimais ar alergin\u0117mis reakcijomis.<\/span><\/p>\n<h3><b>Nerekomenduojama:<\/b><\/h3>\n<ul>\n<li style=\"font-weight: 400;\" aria-level=\"1\"><span style=\"font-weight: 400;\">\u0160uniukams augimo laikotarpiu.<\/span><\/li>\n<li style=\"font-weight: 400;\" aria-level=\"1\"><span style=\"font-weight: 400;\">\u0160uningoms arba \u017eindan\u010dioms kal\u0117ms.<\/span><\/li>\n<li style=\"font-weight: 400;\" aria-level=\"1\"><span style=\"font-weight: 400;\">\u0160unims su diagnozuotu jautrumu \u0117rienai\/ry\u017eiams.<\/span><\/li>\n<\/ul>\n","protected":false},"excerpt":{"rendered":"<p><span style=\"font-weight: 400;\">Visavertis ir subalansuotas pa\u0161aras \u0161unims, turintiems alergij\u0105 maistui ar netoleravimo reakcij\u0173. \u0160is pa\u0161aras padeda suma\u017einti dermatologines ir vir\u0161kinimo trakto problemas, sukeltas neigiam\u0173 reakcij\u0173 \u012f maist\u0105. Sud\u0117tyje ribotas sudedam\u0173j\u0173 dali\u0173 kiekis, pagrind\u0105 sudaro ma\u017eai alergizuojan\u010dios sudedamosios dalys \u2013 kiau\u0161iniai ir ry\u017eiai.<\/span><\/p>\n","protected":false},"featured_media":11721,"template":"","meta":[],"product_brand":[],"product_cat":[101,103,107,321],"product_tag":[],"class_list":{"0":"post-11718","1":"product","2":"type-product","3":"status-publish","4":"has-post-thumbnail","6":"product_cat-sunims","7":"product_cat-sunu-maistas","8":"product_cat-veterinarine-dieta","9":"product_cat-specific-sunu-maistas","10":"pa_prekinis-zenklas-specific","12":"first","13":"instock","14":"sale","15":"taxable","16":"shipping-taxable","17":"purchasable","18":"product-type-variable"},"yoast_head":"<!-- This site is optimized with the Yoast SEO Premium plugin v27.1 (Yoast SEO v27.5) - https:\/\/yoast.com\/product\/yoast-seo-premium-wordpress\/ -->\n<title>SPECIFIC\u2122 CDD pa\u0161aras \u0161unims, turintiems alergij\u0105 maistui - anivet.lt<\/title>\n<meta name=\"description\" content=\"Visavertis ir subalansuotas pa\u0161aras \u0161unims, turintiems alergij\u0105 maistui ar netoleravimo reakcij\u0173. \u0160is pa\u0161aras padeda suma\u017einti dermatologines ir vir\u0161kinimo trakto problemas, sukeltas neigiam\u0173 reakcij\u0173 \u012f maist\u0105. Sud\u0117tyje ribotas sudedam\u0173j\u0173 dali\u0173 kiekis, pagrind\u0105 sudaro ma\u017eai alergizuojan\u010dios sudedamosios dalys \u2013 kiau\u0161iniai ir ry\u017eiai.\" \/>\n<meta name=\"robots\" content=\"index, follow, max-snippet:-1, max-image-preview:large, max-video-preview:-1\" \/>\n<link rel=\"canonical\" href=\"https:\/\/anivet.lt\/elparduotuve\/produktas\/specific-cdd-food-allergen-management\/\" \/>\n<meta property=\"og:locale\" content=\"lt_LT\" \/>\n<meta property=\"og:type\" content=\"article\" \/>\n<meta property=\"og:title\" content=\"SPECIFIC\u2122 CDD pa\u0161aras \u0161unims, turintiems alergij\u0105 maistui\" \/>\n<meta property=\"og:description\" content=\"Visavertis ir subalansuotas pa\u0161aras \u0161unims, turintiems alergij\u0105 maistui ar netoleravimo reakcij\u0173. \u0160is pa\u0161aras padeda suma\u017einti dermatologines ir vir\u0161kinimo trakto problemas, sukeltas neigiam\u0173 reakcij\u0173 \u012f maist\u0105. Sud\u0117tyje ribotas sudedam\u0173j\u0173 dali\u0173 kiekis, pagrind\u0105 sudaro ma\u017eai alergizuojan\u010dios sudedamosios dalys \u2013 kiau\u0161iniai ir ry\u017eiai.\" \/>\n<meta property=\"og:url\" content=\"https:\/\/anivet.lt\/elparduotuve\/produktas\/specific-cdd-food-allergen-management\/\" \/>\n<meta property=\"og:site_name\" content=\"anivet.lt\" \/>\n<meta property=\"article:modified_time\" content=\"2026-04-17T11:35:02+00:00\" \/>\n<meta property=\"og:image\" content=\"https:\/\/anivet.lt\/elparduotuve\/wp-content\/uploads\/2023\/09\/XT2RJCg01GdzldhjxDcqVyP2Wu16281NxZtrBtil.png\" \/>\n\t<meta property=\"og:image:width\" content=\"1970\" \/>\n\t<meta property=\"og:image:height\" content=\"2000\" \/>\n\t<meta property=\"og:image:type\" content=\"image\/png\" \/>\n<meta name=\"twitter:card\" content=\"summary_large_image\" \/>\n<meta name=\"twitter:label1\" content=\"Est. reading time\" \/>\n\t<meta name=\"twitter:data1\" content=\"1 minut\u0117\" \/>\n<script type=\"application\/ld+json\" class=\"yoast-schema-graph\">{\"@context\":\"https:\\\/\\\/schema.org\",\"@graph\":[{\"@type\":\"WebPage\",\"@id\":\"https:\\\/\\\/anivet.lt\\\/elparduotuve\\\/produktas\\\/specific-cdd-food-allergen-management\\\/\",\"url\":\"https:\\\/\\\/anivet.lt\\\/elparduotuve\\\/produktas\\\/specific-cdd-food-allergen-management\\\/\",\"name\":\"SPECIFIC\u2122 CDD pa\u0161aras \u0161unims, turintiems alergij\u0105 maistui - anivet.lt\",\"isPartOf\":{\"@id\":\"https:\\\/\\\/anivet.lt\\\/elparduotuve\\\/#website\"},\"primaryImageOfPage\":{\"@id\":\"https:\\\/\\\/anivet.lt\\\/elparduotuve\\\/produktas\\\/specific-cdd-food-allergen-management\\\/#primaryimage\"},\"image\":{\"@id\":\"https:\\\/\\\/anivet.lt\\\/elparduotuve\\\/produktas\\\/specific-cdd-food-allergen-management\\\/#primaryimage\"},\"thumbnailUrl\":\"https:\\\/\\\/anivet.lt\\\/elparduotuve\\\/wp-content\\\/uploads\\\/2023\\\/09\\\/XT2RJCg01GdzldhjxDcqVyP2Wu16281NxZtrBtil.png\",\"datePublished\":\"2023-09-19T11:49:30+00:00\",\"dateModified\":\"2026-04-17T11:35:02+00:00\",\"description\":\"Visavertis ir subalansuotas pa\u0161aras \u0161unims, turintiems alergij\u0105 maistui ar netoleravimo reakcij\u0173. \u0160is pa\u0161aras padeda suma\u017einti dermatologines ir vir\u0161kinimo trakto problemas, sukeltas neigiam\u0173 reakcij\u0173 \u012f maist\u0105. Sud\u0117tyje ribotas sudedam\u0173j\u0173 dali\u0173 kiekis, pagrind\u0105 sudaro ma\u017eai alergizuojan\u010dios sudedamosios dalys \u2013 kiau\u0161iniai ir ry\u017eiai.\",\"breadcrumb\":{\"@id\":\"https:\\\/\\\/anivet.lt\\\/elparduotuve\\\/produktas\\\/specific-cdd-food-allergen-management\\\/#breadcrumb\"},\"inLanguage\":\"lt-LT\",\"potentialAction\":[{\"@type\":\"ReadAction\",\"target\":[\"https:\\\/\\\/anivet.lt\\\/elparduotuve\\\/produktas\\\/specific-cdd-food-allergen-management\\\/\"]}]},{\"@type\":\"ImageObject\",\"inLanguage\":\"lt-LT\",\"@id\":\"https:\\\/\\\/anivet.lt\\\/elparduotuve\\\/produktas\\\/specific-cdd-food-allergen-management\\\/#primaryimage\",\"url\":\"https:\\\/\\\/anivet.lt\\\/elparduotuve\\\/wp-content\\\/uploads\\\/2023\\\/09\\\/XT2RJCg01GdzldhjxDcqVyP2Wu16281NxZtrBtil.png\",\"contentUrl\":\"https:\\\/\\\/anivet.lt\\\/elparduotuve\\\/wp-content\\\/uploads\\\/2023\\\/09\\\/XT2RJCg01GdzldhjxDcqVyP2Wu16281NxZtrBtil.png\",\"width\":1970,\"height\":2000,\"caption\":\"SPECIFIC\u2122 CDD pa\u0161aras \u0161unims, turintiems alergij\u0105 maistui\"},{\"@type\":\"BreadcrumbList\",\"@id\":\"https:\\\/\\\/anivet.lt\\\/elparduotuve\\\/produktas\\\/specific-cdd-food-allergen-management\\\/#breadcrumb\",\"itemListElement\":[{\"@type\":\"ListItem\",\"position\":1,\"name\":\"Home\",\"item\":\"https:\\\/\\\/anivet.lt\\\/elparduotuve\\\/\"},{\"@type\":\"ListItem\",\"position\":2,\"name\":\"Produktai\",\"item\":\"https:\\\/\\\/anivet.lt\\\/elparduotuve\\\/produktai\\\/\"},{\"@type\":\"ListItem\",\"position\":3,\"name\":\"SPECIFIC\u2122 CDD pa\u0161aras \u0161unims, turintiems alergij\u0105 maistui\"}]},{\"@type\":\"WebSite\",\"@id\":\"https:\\\/\\\/anivet.lt\\\/elparduotuve\\\/#website\",\"url\":\"https:\\\/\\\/anivet.lt\\\/elparduotuve\\\/\",\"name\":\"anivet.lt\",\"description\":\"Viskas J\u016bs\u0173 \u0161uns, kat\u0117s prie\u017ei\u016brai\",\"publisher\":{\"@id\":\"https:\\\/\\\/anivet.lt\\\/elparduotuve\\\/#organization\"},\"alternateName\":\"Viskas J\u016bs\u0173 \u0161uns, kat\u0117s prie\u017ei\u016brai\",\"potentialAction\":[{\"@type\":\"SearchAction\",\"target\":{\"@type\":\"EntryPoint\",\"urlTemplate\":\"https:\\\/\\\/anivet.lt\\\/elparduotuve\\\/?s={search_term_string}\"},\"query-input\":{\"@type\":\"PropertyValueSpecification\",\"valueRequired\":true,\"valueName\":\"search_term_string\"}}],\"inLanguage\":\"lt-LT\"},{\"@type\":\"Organization\",\"@id\":\"https:\\\/\\\/anivet.lt\\\/elparduotuve\\\/#organization\",\"name\":\"Viskas J\u016bs\u0173 \u0161uns, kat\u0117s prie\u017ei\u016brai\",\"url\":\"https:\\\/\\\/anivet.lt\\\/elparduotuve\\\/\",\"logo\":{\"@type\":\"ImageObject\",\"inLanguage\":\"lt-LT\",\"@id\":\"https:\\\/\\\/anivet.lt\\\/elparduotuve\\\/#\\\/schema\\\/logo\\\/image\\\/\",\"url\":\"https:\\\/\\\/anivet.lt\\\/elparduotuve\\\/wp-content\\\/uploads\\\/2023\\\/06\\\/logo2.jpg\",\"contentUrl\":\"https:\\\/\\\/anivet.lt\\\/elparduotuve\\\/wp-content\\\/uploads\\\/2023\\\/06\\\/logo2.jpg\",\"width\":655,\"height\":194,\"caption\":\"Viskas J\u016bs\u0173 \u0161uns, kat\u0117s prie\u017ei\u016brai\"},\"image\":{\"@id\":\"https:\\\/\\\/anivet.lt\\\/elparduotuve\\\/#\\\/schema\\\/logo\\\/image\\\/\"}}]}<\/script>\n<!-- \/ Yoast SEO Premium plugin. -->","yoast_head_json":{"title":"SPECIFIC\u2122 CDD pa\u0161aras \u0161unims, turintiems alergij\u0105 maistui - anivet.lt","description":"Visavertis ir subalansuotas pa\u0161aras \u0161unims, turintiems alergij\u0105 maistui ar netoleravimo reakcij\u0173. \u0160is pa\u0161aras padeda suma\u017einti dermatologines ir vir\u0161kinimo trakto problemas, sukeltas neigiam\u0173 reakcij\u0173 \u012f maist\u0105. Sud\u0117tyje ribotas sudedam\u0173j\u0173 dali\u0173 kiekis, pagrind\u0105 sudaro ma\u017eai alergizuojan\u010dios sudedamosios dalys \u2013 kiau\u0161iniai ir ry\u017eiai.","robots":{"index":"index","follow":"follow","max-snippet":"max-snippet:-1","max-image-preview":"max-image-preview:large","max-video-preview":"max-video-preview:-1"},"canonical":"https:\/\/anivet.lt\/elparduotuve\/produktas\/specific-cdd-food-allergen-management\/","og_locale":"lt_LT","og_type":"article","og_title":"SPECIFIC\u2122 CDD pa\u0161aras \u0161unims, turintiems alergij\u0105 maistui","og_description":"Visavertis ir subalansuotas pa\u0161aras \u0161unims, turintiems alergij\u0105 maistui ar netoleravimo reakcij\u0173. \u0160is pa\u0161aras padeda suma\u017einti dermatologines ir vir\u0161kinimo trakto problemas, sukeltas neigiam\u0173 reakcij\u0173 \u012f maist\u0105. Sud\u0117tyje ribotas sudedam\u0173j\u0173 dali\u0173 kiekis, pagrind\u0105 sudaro ma\u017eai alergizuojan\u010dios sudedamosios dalys \u2013 kiau\u0161iniai ir ry\u017eiai.","og_url":"https:\/\/anivet.lt\/elparduotuve\/produktas\/specific-cdd-food-allergen-management\/","og_site_name":"anivet.lt","article_modified_time":"2026-04-17T11:35:02+00:00","og_image":[{"width":1970,"height":2000,"url":"https:\/\/anivet.lt\/elparduotuve\/wp-content\/uploads\/2023\/09\/XT2RJCg01GdzldhjxDcqVyP2Wu16281NxZtrBtil.png","type":"image\/png"}],"twitter_card":"summary_large_image","twitter_misc":{"Est. reading time":"1 minut\u0117"},"schema":{"@context":"https:\/\/schema.org","@graph":[{"@type":"WebPage","@id":"https:\/\/anivet.lt\/elparduotuve\/produktas\/specific-cdd-food-allergen-management\/","url":"https:\/\/anivet.lt\/elparduotuve\/produktas\/specific-cdd-food-allergen-management\/","name":"SPECIFIC\u2122 CDD pa\u0161aras \u0161unims, turintiems alergij\u0105 maistui - anivet.lt","isPartOf":{"@id":"https:\/\/anivet.lt\/elparduotuve\/#website"},"primaryImageOfPage":{"@id":"https:\/\/anivet.lt\/elparduotuve\/produktas\/specific-cdd-food-allergen-management\/#primaryimage"},"image":{"@id":"https:\/\/anivet.lt\/elparduotuve\/produktas\/specific-cdd-food-allergen-management\/#primaryimage"},"thumbnailUrl":"https:\/\/anivet.lt\/elparduotuve\/wp-content\/uploads\/2023\/09\/XT2RJCg01GdzldhjxDcqVyP2Wu16281NxZtrBtil.png","datePublished":"2023-09-19T11:49:30+00:00","dateModified":"2026-04-17T11:35:02+00:00","description":"Visavertis ir subalansuotas pa\u0161aras \u0161unims, turintiems alergij\u0105 maistui ar netoleravimo reakcij\u0173. \u0160is pa\u0161aras padeda suma\u017einti dermatologines ir vir\u0161kinimo trakto problemas, sukeltas neigiam\u0173 reakcij\u0173 \u012f maist\u0105. Sud\u0117tyje ribotas sudedam\u0173j\u0173 dali\u0173 kiekis, pagrind\u0105 sudaro ma\u017eai alergizuojan\u010dios sudedamosios dalys \u2013 kiau\u0161iniai ir ry\u017eiai.","breadcrumb":{"@id":"https:\/\/anivet.lt\/elparduotuve\/produktas\/specific-cdd-food-allergen-management\/#breadcrumb"},"inLanguage":"lt-LT","potentialAction":[{"@type":"ReadAction","target":["https:\/\/anivet.lt\/elparduotuve\/produktas\/specific-cdd-food-allergen-management\/"]}]},{"@type":"ImageObject","inLanguage":"lt-LT","@id":"https:\/\/anivet.lt\/elparduotuve\/produktas\/specific-cdd-food-allergen-management\/#primaryimage","url":"https:\/\/anivet.lt\/elparduotuve\/wp-content\/uploads\/2023\/09\/XT2RJCg01GdzldhjxDcqVyP2Wu16281NxZtrBtil.png","contentUrl":"https:\/\/anivet.lt\/elparduotuve\/wp-content\/uploads\/2023\/09\/XT2RJCg01GdzldhjxDcqVyP2Wu16281NxZtrBtil.png","width":1970,"height":2000,"caption":"SPECIFIC\u2122 CDD pa\u0161aras \u0161unims, turintiems alergij\u0105 maistui"},{"@type":"BreadcrumbList","@id":"https:\/\/anivet.lt\/elparduotuve\/produktas\/specific-cdd-food-allergen-management\/#breadcrumb","itemListElement":[{"@type":"ListItem","position":1,"name":"Home","item":"https:\/\/anivet.lt\/elparduotuve\/"},{"@type":"ListItem","position":2,"name":"Produktai","item":"https:\/\/anivet.lt\/elparduotuve\/produktai\/"},{"@type":"ListItem","position":3,"name":"SPECIFIC\u2122 CDD pa\u0161aras \u0161unims, turintiems alergij\u0105 maistui"}]},{"@type":"WebSite","@id":"https:\/\/anivet.lt\/elparduotuve\/#website","url":"https:\/\/anivet.lt\/elparduotuve\/","name":"anivet.lt","description":"Viskas J\u016bs\u0173 \u0161uns, kat\u0117s prie\u017ei\u016brai","publisher":{"@id":"https:\/\/anivet.lt\/elparduotuve\/#organization"},"alternateName":"Viskas J\u016bs\u0173 \u0161uns, kat\u0117s prie\u017ei\u016brai","potentialAction":[{"@type":"SearchAction","target":{"@type":"EntryPoint","urlTemplate":"https:\/\/anivet.lt\/elparduotuve\/?s={search_term_string}"},"query-input":{"@type":"PropertyValueSpecification","valueRequired":true,"valueName":"search_term_string"}}],"inLanguage":"lt-LT"},{"@type":"Organization","@id":"https:\/\/anivet.lt\/elparduotuve\/#organization","name":"Viskas J\u016bs\u0173 \u0161uns, kat\u0117s prie\u017ei\u016brai","url":"https:\/\/anivet.lt\/elparduotuve\/","logo":{"@type":"ImageObject","inLanguage":"lt-LT","@id":"https:\/\/anivet.lt\/elparduotuve\/#\/schema\/logo\/image\/","url":"https:\/\/anivet.lt\/elparduotuve\/wp-content\/uploads\/2023\/06\/logo2.jpg","contentUrl":"https:\/\/anivet.lt\/elparduotuve\/wp-content\/uploads\/2023\/06\/logo2.jpg","width":655,"height":194,"caption":"Viskas J\u016bs\u0173 \u0161uns, kat\u0117s prie\u017ei\u016brai"},"image":{"@id":"https:\/\/anivet.lt\/elparduotuve\/#\/schema\/logo\/image\/"}}]}},"_links":{"self":[{"href":"https:\/\/anivet.lt\/elparduotuve\/wp-json\/wp\/v2\/product\/11718","targetHints":{"allow":["GET"]}}],"collection":[{"href":"https:\/\/anivet.lt\/elparduotuve\/wp-json\/wp\/v2\/product"}],"about":[{"href":"https:\/\/anivet.lt\/elparduotuve\/wp-json\/wp\/v2\/types\/product"}],"wp:featuredmedia":[{"embeddable":true,"href":"https:\/\/anivet.lt\/elparduotuve\/wp-json\/wp\/v2\/media\/11721"}],"wp:attachment":[{"href":"https:\/\/anivet.lt\/elparduotuve\/wp-json\/wp\/v2\/media?parent=11718"}],"wp:term":[{"taxonomy":"product_brand","embeddable":true,"href":"https:\/\/anivet.lt\/elparduotuve\/wp-json\/wp\/v2\/product_brand?post=11718"},{"taxonomy":"product_cat","embeddable":true,"href":"https:\/\/anivet.lt\/elparduotuve\/wp-json\/wp\/v2\/product_cat?post=11718"},{"taxonomy":"product_tag","embeddable":true,"href":"https:\/\/anivet.lt\/elparduotuve\/wp-json\/wp\/v2\/product_tag?post=11718"}],"curies":[{"name":"wp","href":"https:\/\/api.w.org\/{rel}","templated":true}]}}