{"id":11719,"date":"2023-09-19T11:42:03","date_gmt":"2023-09-19T11:42:03","guid":{"rendered":"https:\/\/anivet.lt\/elparduotuve\/?post_type=product&#038;p=11719"},"modified":"2026-04-16T10:33:09","modified_gmt":"2026-04-16T10:33:09","slug":"specific-fgw-konservai-senyvoms-katems","status":"publish","type":"product","link":"https:\/\/anivet.lt\/elparduotuve\/produktas\/specific-fgw-konservai-senyvoms-katems\/","title":{"rendered":"SPECIFIC\u2122 FGW konservai senyvoms kat\u0117ms"},"content":{"rendered":"<ul>\n<li><span style=\"font-weight: 400;\">Kontroliuotas baltym\u0173 ir suma\u017eintas fosforo kiekis: Suma\u017eina inkst\u0173 apkrov\u0105 ir ma\u017eina inkst\u0173 nepakankamumo rizik\u0105.<\/span><\/li>\n<li style=\"font-weight: 400;\"><span style=\"font-weight: 400;\">Praturtintas omega-3 riebal\u0173 r\u016bg\u0161timis: Palaiko sveik\u0105 od\u0105, kail\u012f, s\u0105narius bei inkst\u0173 funkcij\u0105.<\/span><\/li>\n<li style=\"font-weight: 400;\"><span style=\"font-weight: 400;\">Tinkamas \u0161lapimo tak\u0173 sveikatai: Subalansuotas pH ir suma\u017eintas kalcio oksalat\u0173 formavimosi pavojus.<\/span><\/li>\n<li style=\"font-weight: 400;\"><span style=\"font-weight: 400;\">Lengvai vir\u0161kinamas: Subalansuotos maistin\u0117s med\u017eiagos u\u017etikrina ger\u0105 vir\u0161kinim\u0105 ir ma\u017eesn\u012f i\u0161mat\u0173 kiek\u012f.<\/span><\/li>\n<li style=\"font-weight: 400;\"><span style=\"font-weight: 400;\">Praturtintas taurinu ir L-karnitinu: Palaiko \u0161irdies raumens funkcij\u0105 senyvoms kat\u0117ms.<\/span><\/li>\n<li style=\"font-weight: 400;\"><span style=\"font-weight: 400;\">Padidintas vitamin\u0173 B ir kalio kiekis: Padeda kompensuoti su \u0161lapimu prarastus mikroelementus.<\/span><\/li>\n<\/ul>\n<p>\u201eSPECIFIC\u2122 FGW Senior\u201d sukurtas atsi\u017evelgiant \u012f senyv\u0173 ka\u010di\u0173 poreikius, u\u017etikrinant optimali\u0105 j\u0173 sveikat\u0105 ir gyvenimo kokyb\u0119. Auk\u0161tos kokyb\u0117s ingredientai, papildyti b\u016btiniausiomis maistin\u0117mis med\u017eiagomis, padeda palaikyti sveik\u0105 \u0161ird\u012f, inkstus ir \u0161lapimo takus.<\/p>\n<p><strong>Nerekomenduojama:<\/strong><\/p>\n<ul>\n<li>Ka\u010diukams, vaikingoms arba \u017eindan\u010dioms kat\u0117ms.<\/li>\n<\/ul>\n","protected":false},"excerpt":{"rendered":"<p><span style=\"font-weight: 400;\">Subalansuotas kasdieninis \u0117dalas senyvoms kat\u0117ms nuo 8 met\u0173 am\u017eiaus, padedantis i\u0161laikyti optimali\u0105 sveikat\u0105 ir u\u017ekirsti keli\u0105 senatvini\u0173 lig\u0173 progresavimui.<\/span><\/p>\n","protected":false},"featured_media":11720,"template":"","meta":[],"product_brand":[],"product_cat":[114,102,116,326],"product_tag":[],"class_list":{"0":"post-11719","1":"product","2":"type-product","3":"status-publish","4":"has-post-thumbnail","6":"product_cat-kaciu-maistas","7":"product_cat-katems","8":"product_cat-konservai-katems","9":"product_cat-specific-kaciu-maistas","10":"pa_prekinis-zenklas-specific","12":"first","13":"instock","14":"sale","15":"taxable","16":"shipping-taxable","17":"purchasable","18":"product-type-variable"},"yoast_head":"<!-- This site is optimized with the Yoast SEO Premium plugin v27.1 (Yoast SEO v27.5) - https:\/\/yoast.com\/product\/yoast-seo-premium-wordpress\/ -->\n<title>SPECIFIC\u2122 FGW konservai senyvoms kat\u0117ms - anivet.lt<\/title>\n<meta name=\"description\" content=\"Subalansuotas kasdieninis \u0117dalas senyvoms kat\u0117ms nuo 8 met\u0173 am\u017eiaus, padedantis i\u0161laikyti optimali\u0105 sveikat\u0105 ir u\u017ekirsti keli\u0105 senatvini\u0173 lig\u0173 progresavimui.\" \/>\n<meta name=\"robots\" content=\"index, follow, max-snippet:-1, max-image-preview:large, max-video-preview:-1\" \/>\n<link rel=\"canonical\" href=\"https:\/\/anivet.lt\/elparduotuve\/produktas\/specific-fgw-konservai-senyvoms-katems\/\" \/>\n<meta property=\"og:locale\" content=\"lt_LT\" \/>\n<meta property=\"og:type\" content=\"article\" \/>\n<meta property=\"og:title\" content=\"SPECIFIC\u2122 FGW konservai senyvoms kat\u0117ms\" \/>\n<meta property=\"og:description\" content=\"Subalansuotas kasdieninis \u0117dalas senyvoms kat\u0117ms nuo 8 met\u0173 am\u017eiaus, padedantis i\u0161laikyti optimali\u0105 sveikat\u0105 ir u\u017ekirsti keli\u0105 senatvini\u0173 lig\u0173 progresavimui.\" \/>\n<meta property=\"og:url\" content=\"https:\/\/anivet.lt\/elparduotuve\/produktas\/specific-fgw-konservai-senyvoms-katems\/\" \/>\n<meta property=\"og:site_name\" content=\"anivet.lt\" \/>\n<meta property=\"article:modified_time\" content=\"2026-04-16T10:33:09+00:00\" \/>\n<meta property=\"og:image\" content=\"https:\/\/anivet.lt\/elparduotuve\/wp-content\/uploads\/2023\/09\/FGW-e1695123415557.png\" \/>\n\t<meta property=\"og:image:width\" content=\"1216\" \/>\n\t<meta property=\"og:image:height\" content=\"1393\" \/>\n\t<meta property=\"og:image:type\" content=\"image\/png\" \/>\n<meta name=\"twitter:card\" content=\"summary_large_image\" \/>\n<meta name=\"twitter:label1\" content=\"Est. reading time\" \/>\n\t<meta name=\"twitter:data1\" content=\"1 minut\u0117\" \/>\n<script type=\"application\/ld+json\" class=\"yoast-schema-graph\">{\"@context\":\"https:\\\/\\\/schema.org\",\"@graph\":[{\"@type\":\"WebPage\",\"@id\":\"https:\\\/\\\/anivet.lt\\\/elparduotuve\\\/produktas\\\/specific-fgw-konservai-senyvoms-katems\\\/\",\"url\":\"https:\\\/\\\/anivet.lt\\\/elparduotuve\\\/produktas\\\/specific-fgw-konservai-senyvoms-katems\\\/\",\"name\":\"SPECIFIC\u2122 FGW konservai senyvoms kat\u0117ms - anivet.lt\",\"isPartOf\":{\"@id\":\"https:\\\/\\\/anivet.lt\\\/elparduotuve\\\/#website\"},\"primaryImageOfPage\":{\"@id\":\"https:\\\/\\\/anivet.lt\\\/elparduotuve\\\/produktas\\\/specific-fgw-konservai-senyvoms-katems\\\/#primaryimage\"},\"image\":{\"@id\":\"https:\\\/\\\/anivet.lt\\\/elparduotuve\\\/produktas\\\/specific-fgw-konservai-senyvoms-katems\\\/#primaryimage\"},\"thumbnailUrl\":\"https:\\\/\\\/anivet.lt\\\/elparduotuve\\\/wp-content\\\/uploads\\\/2023\\\/09\\\/FGW-e1695123415557.png\",\"datePublished\":\"2023-09-19T11:42:03+00:00\",\"dateModified\":\"2026-04-16T10:33:09+00:00\",\"description\":\"Subalansuotas kasdieninis \u0117dalas senyvoms kat\u0117ms nuo 8 met\u0173 am\u017eiaus, padedantis i\u0161laikyti optimali\u0105 sveikat\u0105 ir u\u017ekirsti keli\u0105 senatvini\u0173 lig\u0173 progresavimui.\",\"breadcrumb\":{\"@id\":\"https:\\\/\\\/anivet.lt\\\/elparduotuve\\\/produktas\\\/specific-fgw-konservai-senyvoms-katems\\\/#breadcrumb\"},\"inLanguage\":\"lt-LT\",\"potentialAction\":[{\"@type\":\"ReadAction\",\"target\":[\"https:\\\/\\\/anivet.lt\\\/elparduotuve\\\/produktas\\\/specific-fgw-konservai-senyvoms-katems\\\/\"]}]},{\"@type\":\"ImageObject\",\"inLanguage\":\"lt-LT\",\"@id\":\"https:\\\/\\\/anivet.lt\\\/elparduotuve\\\/produktas\\\/specific-fgw-konservai-senyvoms-katems\\\/#primaryimage\",\"url\":\"https:\\\/\\\/anivet.lt\\\/elparduotuve\\\/wp-content\\\/uploads\\\/2023\\\/09\\\/FGW-e1695123415557.png\",\"contentUrl\":\"https:\\\/\\\/anivet.lt\\\/elparduotuve\\\/wp-content\\\/uploads\\\/2023\\\/09\\\/FGW-e1695123415557.png\",\"width\":1216,\"height\":1393,\"caption\":\"SPECIFIC\u2122 FGW konservai senyvoms kat\u0117ms\"},{\"@type\":\"BreadcrumbList\",\"@id\":\"https:\\\/\\\/anivet.lt\\\/elparduotuve\\\/produktas\\\/specific-fgw-konservai-senyvoms-katems\\\/#breadcrumb\",\"itemListElement\":[{\"@type\":\"ListItem\",\"position\":1,\"name\":\"Home\",\"item\":\"https:\\\/\\\/anivet.lt\\\/elparduotuve\\\/\"},{\"@type\":\"ListItem\",\"position\":2,\"name\":\"Produktai\",\"item\":\"https:\\\/\\\/anivet.lt\\\/elparduotuve\\\/produktai\\\/\"},{\"@type\":\"ListItem\",\"position\":3,\"name\":\"SPECIFIC\u2122 FGW konservai senyvoms kat\u0117ms\"}]},{\"@type\":\"WebSite\",\"@id\":\"https:\\\/\\\/anivet.lt\\\/elparduotuve\\\/#website\",\"url\":\"https:\\\/\\\/anivet.lt\\\/elparduotuve\\\/\",\"name\":\"anivet.lt\",\"description\":\"Viskas J\u016bs\u0173 \u0161uns, kat\u0117s prie\u017ei\u016brai\",\"publisher\":{\"@id\":\"https:\\\/\\\/anivet.lt\\\/elparduotuve\\\/#organization\"},\"alternateName\":\"Viskas J\u016bs\u0173 \u0161uns, kat\u0117s prie\u017ei\u016brai\",\"potentialAction\":[{\"@type\":\"SearchAction\",\"target\":{\"@type\":\"EntryPoint\",\"urlTemplate\":\"https:\\\/\\\/anivet.lt\\\/elparduotuve\\\/?s={search_term_string}\"},\"query-input\":{\"@type\":\"PropertyValueSpecification\",\"valueRequired\":true,\"valueName\":\"search_term_string\"}}],\"inLanguage\":\"lt-LT\"},{\"@type\":\"Organization\",\"@id\":\"https:\\\/\\\/anivet.lt\\\/elparduotuve\\\/#organization\",\"name\":\"Viskas J\u016bs\u0173 \u0161uns, kat\u0117s prie\u017ei\u016brai\",\"url\":\"https:\\\/\\\/anivet.lt\\\/elparduotuve\\\/\",\"logo\":{\"@type\":\"ImageObject\",\"inLanguage\":\"lt-LT\",\"@id\":\"https:\\\/\\\/anivet.lt\\\/elparduotuve\\\/#\\\/schema\\\/logo\\\/image\\\/\",\"url\":\"https:\\\/\\\/anivet.lt\\\/elparduotuve\\\/wp-content\\\/uploads\\\/2023\\\/06\\\/logo2.jpg\",\"contentUrl\":\"https:\\\/\\\/anivet.lt\\\/elparduotuve\\\/wp-content\\\/uploads\\\/2023\\\/06\\\/logo2.jpg\",\"width\":655,\"height\":194,\"caption\":\"Viskas J\u016bs\u0173 \u0161uns, kat\u0117s prie\u017ei\u016brai\"},\"image\":{\"@id\":\"https:\\\/\\\/anivet.lt\\\/elparduotuve\\\/#\\\/schema\\\/logo\\\/image\\\/\"}}]}<\/script>\n<!-- \/ Yoast SEO Premium plugin. -->","yoast_head_json":{"title":"SPECIFIC\u2122 FGW konservai senyvoms kat\u0117ms - anivet.lt","description":"Subalansuotas kasdieninis \u0117dalas senyvoms kat\u0117ms nuo 8 met\u0173 am\u017eiaus, padedantis i\u0161laikyti optimali\u0105 sveikat\u0105 ir u\u017ekirsti keli\u0105 senatvini\u0173 lig\u0173 progresavimui.","robots":{"index":"index","follow":"follow","max-snippet":"max-snippet:-1","max-image-preview":"max-image-preview:large","max-video-preview":"max-video-preview:-1"},"canonical":"https:\/\/anivet.lt\/elparduotuve\/produktas\/specific-fgw-konservai-senyvoms-katems\/","og_locale":"lt_LT","og_type":"article","og_title":"SPECIFIC\u2122 FGW konservai senyvoms kat\u0117ms","og_description":"Subalansuotas kasdieninis \u0117dalas senyvoms kat\u0117ms nuo 8 met\u0173 am\u017eiaus, padedantis i\u0161laikyti optimali\u0105 sveikat\u0105 ir u\u017ekirsti keli\u0105 senatvini\u0173 lig\u0173 progresavimui.","og_url":"https:\/\/anivet.lt\/elparduotuve\/produktas\/specific-fgw-konservai-senyvoms-katems\/","og_site_name":"anivet.lt","article_modified_time":"2026-04-16T10:33:09+00:00","og_image":[{"width":1216,"height":1393,"url":"https:\/\/anivet.lt\/elparduotuve\/wp-content\/uploads\/2023\/09\/FGW-e1695123415557.png","type":"image\/png"}],"twitter_card":"summary_large_image","twitter_misc":{"Est. reading time":"1 minut\u0117"},"schema":{"@context":"https:\/\/schema.org","@graph":[{"@type":"WebPage","@id":"https:\/\/anivet.lt\/elparduotuve\/produktas\/specific-fgw-konservai-senyvoms-katems\/","url":"https:\/\/anivet.lt\/elparduotuve\/produktas\/specific-fgw-konservai-senyvoms-katems\/","name":"SPECIFIC\u2122 FGW konservai senyvoms kat\u0117ms - anivet.lt","isPartOf":{"@id":"https:\/\/anivet.lt\/elparduotuve\/#website"},"primaryImageOfPage":{"@id":"https:\/\/anivet.lt\/elparduotuve\/produktas\/specific-fgw-konservai-senyvoms-katems\/#primaryimage"},"image":{"@id":"https:\/\/anivet.lt\/elparduotuve\/produktas\/specific-fgw-konservai-senyvoms-katems\/#primaryimage"},"thumbnailUrl":"https:\/\/anivet.lt\/elparduotuve\/wp-content\/uploads\/2023\/09\/FGW-e1695123415557.png","datePublished":"2023-09-19T11:42:03+00:00","dateModified":"2026-04-16T10:33:09+00:00","description":"Subalansuotas kasdieninis \u0117dalas senyvoms kat\u0117ms nuo 8 met\u0173 am\u017eiaus, padedantis i\u0161laikyti optimali\u0105 sveikat\u0105 ir u\u017ekirsti keli\u0105 senatvini\u0173 lig\u0173 progresavimui.","breadcrumb":{"@id":"https:\/\/anivet.lt\/elparduotuve\/produktas\/specific-fgw-konservai-senyvoms-katems\/#breadcrumb"},"inLanguage":"lt-LT","potentialAction":[{"@type":"ReadAction","target":["https:\/\/anivet.lt\/elparduotuve\/produktas\/specific-fgw-konservai-senyvoms-katems\/"]}]},{"@type":"ImageObject","inLanguage":"lt-LT","@id":"https:\/\/anivet.lt\/elparduotuve\/produktas\/specific-fgw-konservai-senyvoms-katems\/#primaryimage","url":"https:\/\/anivet.lt\/elparduotuve\/wp-content\/uploads\/2023\/09\/FGW-e1695123415557.png","contentUrl":"https:\/\/anivet.lt\/elparduotuve\/wp-content\/uploads\/2023\/09\/FGW-e1695123415557.png","width":1216,"height":1393,"caption":"SPECIFIC\u2122 FGW konservai senyvoms kat\u0117ms"},{"@type":"BreadcrumbList","@id":"https:\/\/anivet.lt\/elparduotuve\/produktas\/specific-fgw-konservai-senyvoms-katems\/#breadcrumb","itemListElement":[{"@type":"ListItem","position":1,"name":"Home","item":"https:\/\/anivet.lt\/elparduotuve\/"},{"@type":"ListItem","position":2,"name":"Produktai","item":"https:\/\/anivet.lt\/elparduotuve\/produktai\/"},{"@type":"ListItem","position":3,"name":"SPECIFIC\u2122 FGW konservai senyvoms kat\u0117ms"}]},{"@type":"WebSite","@id":"https:\/\/anivet.lt\/elparduotuve\/#website","url":"https:\/\/anivet.lt\/elparduotuve\/","name":"anivet.lt","description":"Viskas J\u016bs\u0173 \u0161uns, kat\u0117s prie\u017ei\u016brai","publisher":{"@id":"https:\/\/anivet.lt\/elparduotuve\/#organization"},"alternateName":"Viskas J\u016bs\u0173 \u0161uns, kat\u0117s prie\u017ei\u016brai","potentialAction":[{"@type":"SearchAction","target":{"@type":"EntryPoint","urlTemplate":"https:\/\/anivet.lt\/elparduotuve\/?s={search_term_string}"},"query-input":{"@type":"PropertyValueSpecification","valueRequired":true,"valueName":"search_term_string"}}],"inLanguage":"lt-LT"},{"@type":"Organization","@id":"https:\/\/anivet.lt\/elparduotuve\/#organization","name":"Viskas J\u016bs\u0173 \u0161uns, kat\u0117s prie\u017ei\u016brai","url":"https:\/\/anivet.lt\/elparduotuve\/","logo":{"@type":"ImageObject","inLanguage":"lt-LT","@id":"https:\/\/anivet.lt\/elparduotuve\/#\/schema\/logo\/image\/","url":"https:\/\/anivet.lt\/elparduotuve\/wp-content\/uploads\/2023\/06\/logo2.jpg","contentUrl":"https:\/\/anivet.lt\/elparduotuve\/wp-content\/uploads\/2023\/06\/logo2.jpg","width":655,"height":194,"caption":"Viskas J\u016bs\u0173 \u0161uns, kat\u0117s prie\u017ei\u016brai"},"image":{"@id":"https:\/\/anivet.lt\/elparduotuve\/#\/schema\/logo\/image\/"}}]}},"_links":{"self":[{"href":"https:\/\/anivet.lt\/elparduotuve\/wp-json\/wp\/v2\/product\/11719","targetHints":{"allow":["GET"]}}],"collection":[{"href":"https:\/\/anivet.lt\/elparduotuve\/wp-json\/wp\/v2\/product"}],"about":[{"href":"https:\/\/anivet.lt\/elparduotuve\/wp-json\/wp\/v2\/types\/product"}],"wp:featuredmedia":[{"embeddable":true,"href":"https:\/\/anivet.lt\/elparduotuve\/wp-json\/wp\/v2\/media\/11720"}],"wp:attachment":[{"href":"https:\/\/anivet.lt\/elparduotuve\/wp-json\/wp\/v2\/media?parent=11719"}],"wp:term":[{"taxonomy":"product_brand","embeddable":true,"href":"https:\/\/anivet.lt\/elparduotuve\/wp-json\/wp\/v2\/product_brand?post=11719"},{"taxonomy":"product_cat","embeddable":true,"href":"https:\/\/anivet.lt\/elparduotuve\/wp-json\/wp\/v2\/product_cat?post=11719"},{"taxonomy":"product_tag","embeddable":true,"href":"https:\/\/anivet.lt\/elparduotuve\/wp-json\/wp\/v2\/product_tag?post=11719"}],"curies":[{"name":"wp","href":"https:\/\/api.w.org\/{rel}","templated":true}]}}