{"id":11726,"date":"2023-09-19T11:56:29","date_gmt":"2023-09-19T11:56:29","guid":{"rendered":"https:\/\/anivet.lt\/elparduotuve\/?post_type=product&#038;p=11726"},"modified":"2026-04-16T10:32:58","modified_gmt":"2026-04-16T10:32:58","slug":"specific-fxw-p-guliasas-katems-gabaleliai-drebuciuose","status":"publish","type":"product","link":"https:\/\/anivet.lt\/elparduotuve\/produktas\/specific-fxw-p-guliasas-katems-gabaleliai-drebuciuose\/","title":{"rendered":"SPECIFIC\u2122 FXW-P gulia\u0161as kat\u0117ms (gabal\u0117liai drebu\u010diuose)"},"content":{"rendered":"<ul>\n<li style=\"font-weight: 400;\" aria-level=\"1\"><span style=\"font-weight: 400;\">Ma\u017eai angliavandeni\u0173, daug baltym\u0173: Tinka cukriniu diabetu sergan\u010dioms kat\u0117ms, padeda reguliuoti cukraus kiek\u012f kraujyje.<\/span><\/li>\n<li style=\"font-weight: 400;\" aria-level=\"1\"><span style=\"font-weight: 400;\">Itin vir\u0161kinamos sudedamosios dalys: U\u017etikrina optimal\u0173 maistini\u0173 med\u017eiag\u0173 \u012fsisavinim\u0105 ir suma\u017eina i\u0161mat\u0173 kiek\u012f.<\/span><\/li>\n<li style=\"font-weight: 400;\" aria-level=\"1\"><span style=\"font-weight: 400;\">Vidutinis energijos kiekis: Padeda palaikyti ideal\u0173 svor\u012f, tinkamas kastruotoms ir \u012f lauk\u0105 neinan\u010dioms kat\u0117ms.<\/span><\/li>\n<li style=\"font-weight: 400;\" aria-level=\"1\"><span style=\"font-weight: 400;\">Omega-3 riebal\u0173 r\u016bg\u0161tys: Palaiko sveik\u0105 od\u0105, kail\u012f ir s\u0105nari\u0173 b\u016bkl\u0119.<\/span><\/li>\n<li style=\"font-weight: 400;\" aria-level=\"1\"><span style=\"font-weight: 400;\">Praturtintas mineralais ir vitaminais: Papildo organizm\u0105 b\u016btinais mikroelementais, u\u017etikrindamas bendr\u0105 sveikat\u0105.<\/span><\/li>\n<\/ul>\n<p><span style=\"font-weight: 400;\">\u0160is gulia\u0161as ne tik puikiai subalansuoja kasdien\u012f maist\u0105, bet ir tinka jautrioms bei specifinius sveikatos poreikius turin\u010dioms kat\u0117ms. Jo reguliarus vartojimas padeda palaikyti optimal\u0173 svor\u012f, ger\u0105 savijaut\u0105 ir visapus\u0119 sveikat\u0105.<\/span><\/p>\n","protected":false},"excerpt":{"rendered":"<p><span style=\"font-weight: 400;\">Visavertis ir subalansuotas \u0117dalas pritaikytas sveikoms kat\u0117ms iki 8 met\u0173, taip pat tinkamas kat\u0117ms, sergan\u010dioms cukriniu diabetu ar idiopatiniu cistitu. Auk\u0161tos kokyb\u0117s sud\u0117tis u\u017etikrina puik\u0173 skon\u012f ir nauding\u0105 poveik\u012f sveikatai.<\/span><\/p>\n","protected":false},"featured_media":11727,"template":"","meta":[],"product_brand":[],"product_cat":[114,102,116,326],"product_tag":[],"class_list":{"0":"post-11726","1":"product","2":"type-product","3":"status-publish","4":"has-post-thumbnail","6":"product_cat-kaciu-maistas","7":"product_cat-katems","8":"product_cat-konservai-katems","9":"product_cat-specific-kaciu-maistas","10":"pa_prekinis-zenklas-specific","12":"first","13":"instock","14":"sale","15":"taxable","16":"shipping-taxable","17":"purchasable","18":"product-type-variable"},"yoast_head":"<!-- This site is optimized with the Yoast SEO Premium plugin v27.1 (Yoast SEO v27.5) - https:\/\/yoast.com\/product\/yoast-seo-premium-wordpress\/ -->\n<title>SPECIFIC\u2122 FXW-P gulia\u0161as kat\u0117ms (gabal\u0117liai drebu\u010diuose) - anivet.lt<\/title>\n<meta name=\"description\" content=\"Visavertis ir subalansuotas \u0117dalas pritaikytas sveikoms kat\u0117ms iki 8 met\u0173, taip pat tinkamas kat\u0117ms, sergan\u010dioms cukriniu diabetu ar idiopatiniu cistitu. Auk\u0161tos kokyb\u0117s sud\u0117tis u\u017etikrina puik\u0173 skon\u012f ir nauding\u0105 poveik\u012f sveikatai.\" \/>\n<meta name=\"robots\" content=\"index, follow, max-snippet:-1, max-image-preview:large, max-video-preview:-1\" \/>\n<link rel=\"canonical\" href=\"https:\/\/anivet.lt\/elparduotuve\/produktas\/specific-fxw-p-guliasas-katems-gabaleliai-drebuciuose\/\" \/>\n<meta property=\"og:locale\" content=\"lt_LT\" \/>\n<meta property=\"og:type\" content=\"article\" \/>\n<meta property=\"og:title\" content=\"SPECIFIC\u2122 FXW-P gulia\u0161as kat\u0117ms (gabal\u0117liai drebu\u010diuose)\" \/>\n<meta property=\"og:description\" content=\"Visavertis ir subalansuotas \u0117dalas pritaikytas sveikoms kat\u0117ms iki 8 met\u0173, taip pat tinkamas kat\u0117ms, sergan\u010dioms cukriniu diabetu ar idiopatiniu cistitu. Auk\u0161tos kokyb\u0117s sud\u0117tis u\u017etikrina puik\u0173 skon\u012f ir nauding\u0105 poveik\u012f sveikatai.\" \/>\n<meta property=\"og:url\" content=\"https:\/\/anivet.lt\/elparduotuve\/produktas\/specific-fxw-p-guliasas-katems-gabaleliai-drebuciuose\/\" \/>\n<meta property=\"og:site_name\" content=\"anivet.lt\" \/>\n<meta property=\"article:modified_time\" content=\"2026-04-16T10:32:58+00:00\" \/>\n<meta property=\"og:image\" content=\"https:\/\/anivet.lt\/elparduotuve\/wp-content\/uploads\/2023\/09\/fxw-p.jpg\" \/>\n\t<meta property=\"og:image:width\" content=\"1000\" \/>\n\t<meta property=\"og:image:height\" content=\"720\" \/>\n\t<meta property=\"og:image:type\" content=\"image\/jpeg\" \/>\n<meta name=\"twitter:card\" content=\"summary_large_image\" \/>\n<meta name=\"twitter:label1\" content=\"Est. reading time\" \/>\n\t<meta name=\"twitter:data1\" content=\"1 minut\u0117\" \/>\n<script type=\"application\/ld+json\" class=\"yoast-schema-graph\">{\"@context\":\"https:\\\/\\\/schema.org\",\"@graph\":[{\"@type\":\"WebPage\",\"@id\":\"https:\\\/\\\/anivet.lt\\\/elparduotuve\\\/produktas\\\/specific-fxw-p-guliasas-katems-gabaleliai-drebuciuose\\\/\",\"url\":\"https:\\\/\\\/anivet.lt\\\/elparduotuve\\\/produktas\\\/specific-fxw-p-guliasas-katems-gabaleliai-drebuciuose\\\/\",\"name\":\"SPECIFIC\u2122 FXW-P gulia\u0161as kat\u0117ms (gabal\u0117liai drebu\u010diuose) - anivet.lt\",\"isPartOf\":{\"@id\":\"https:\\\/\\\/anivet.lt\\\/elparduotuve\\\/#website\"},\"primaryImageOfPage\":{\"@id\":\"https:\\\/\\\/anivet.lt\\\/elparduotuve\\\/produktas\\\/specific-fxw-p-guliasas-katems-gabaleliai-drebuciuose\\\/#primaryimage\"},\"image\":{\"@id\":\"https:\\\/\\\/anivet.lt\\\/elparduotuve\\\/produktas\\\/specific-fxw-p-guliasas-katems-gabaleliai-drebuciuose\\\/#primaryimage\"},\"thumbnailUrl\":\"https:\\\/\\\/anivet.lt\\\/elparduotuve\\\/wp-content\\\/uploads\\\/2023\\\/09\\\/fxw-p.jpg\",\"datePublished\":\"2023-09-19T11:56:29+00:00\",\"dateModified\":\"2026-04-16T10:32:58+00:00\",\"description\":\"Visavertis ir subalansuotas \u0117dalas pritaikytas sveikoms kat\u0117ms iki 8 met\u0173, taip pat tinkamas kat\u0117ms, sergan\u010dioms cukriniu diabetu ar idiopatiniu cistitu. Auk\u0161tos kokyb\u0117s sud\u0117tis u\u017etikrina puik\u0173 skon\u012f ir nauding\u0105 poveik\u012f sveikatai.\",\"breadcrumb\":{\"@id\":\"https:\\\/\\\/anivet.lt\\\/elparduotuve\\\/produktas\\\/specific-fxw-p-guliasas-katems-gabaleliai-drebuciuose\\\/#breadcrumb\"},\"inLanguage\":\"lt-LT\",\"potentialAction\":[{\"@type\":\"ReadAction\",\"target\":[\"https:\\\/\\\/anivet.lt\\\/elparduotuve\\\/produktas\\\/specific-fxw-p-guliasas-katems-gabaleliai-drebuciuose\\\/\"]}]},{\"@type\":\"ImageObject\",\"inLanguage\":\"lt-LT\",\"@id\":\"https:\\\/\\\/anivet.lt\\\/elparduotuve\\\/produktas\\\/specific-fxw-p-guliasas-katems-gabaleliai-drebuciuose\\\/#primaryimage\",\"url\":\"https:\\\/\\\/anivet.lt\\\/elparduotuve\\\/wp-content\\\/uploads\\\/2023\\\/09\\\/fxw-p.jpg\",\"contentUrl\":\"https:\\\/\\\/anivet.lt\\\/elparduotuve\\\/wp-content\\\/uploads\\\/2023\\\/09\\\/fxw-p.jpg\",\"width\":1000,\"height\":720,\"caption\":\"SPECIFIC\u2122 FXW-P gulia\u0161as kat\u0117ms (gabal\u0117liai drebu\u010diuose)\"},{\"@type\":\"BreadcrumbList\",\"@id\":\"https:\\\/\\\/anivet.lt\\\/elparduotuve\\\/produktas\\\/specific-fxw-p-guliasas-katems-gabaleliai-drebuciuose\\\/#breadcrumb\",\"itemListElement\":[{\"@type\":\"ListItem\",\"position\":1,\"name\":\"Home\",\"item\":\"https:\\\/\\\/anivet.lt\\\/elparduotuve\\\/\"},{\"@type\":\"ListItem\",\"position\":2,\"name\":\"Produktai\",\"item\":\"https:\\\/\\\/anivet.lt\\\/elparduotuve\\\/produktai\\\/\"},{\"@type\":\"ListItem\",\"position\":3,\"name\":\"SPECIFIC\u2122 FXW-P gulia\u0161as kat\u0117ms (gabal\u0117liai drebu\u010diuose)\"}]},{\"@type\":\"WebSite\",\"@id\":\"https:\\\/\\\/anivet.lt\\\/elparduotuve\\\/#website\",\"url\":\"https:\\\/\\\/anivet.lt\\\/elparduotuve\\\/\",\"name\":\"anivet.lt\",\"description\":\"Viskas J\u016bs\u0173 \u0161uns, kat\u0117s prie\u017ei\u016brai\",\"publisher\":{\"@id\":\"https:\\\/\\\/anivet.lt\\\/elparduotuve\\\/#organization\"},\"alternateName\":\"Viskas J\u016bs\u0173 \u0161uns, kat\u0117s prie\u017ei\u016brai\",\"potentialAction\":[{\"@type\":\"SearchAction\",\"target\":{\"@type\":\"EntryPoint\",\"urlTemplate\":\"https:\\\/\\\/anivet.lt\\\/elparduotuve\\\/?s={search_term_string}\"},\"query-input\":{\"@type\":\"PropertyValueSpecification\",\"valueRequired\":true,\"valueName\":\"search_term_string\"}}],\"inLanguage\":\"lt-LT\"},{\"@type\":\"Organization\",\"@id\":\"https:\\\/\\\/anivet.lt\\\/elparduotuve\\\/#organization\",\"name\":\"Viskas J\u016bs\u0173 \u0161uns, kat\u0117s prie\u017ei\u016brai\",\"url\":\"https:\\\/\\\/anivet.lt\\\/elparduotuve\\\/\",\"logo\":{\"@type\":\"ImageObject\",\"inLanguage\":\"lt-LT\",\"@id\":\"https:\\\/\\\/anivet.lt\\\/elparduotuve\\\/#\\\/schema\\\/logo\\\/image\\\/\",\"url\":\"https:\\\/\\\/anivet.lt\\\/elparduotuve\\\/wp-content\\\/uploads\\\/2023\\\/06\\\/logo2.jpg\",\"contentUrl\":\"https:\\\/\\\/anivet.lt\\\/elparduotuve\\\/wp-content\\\/uploads\\\/2023\\\/06\\\/logo2.jpg\",\"width\":655,\"height\":194,\"caption\":\"Viskas J\u016bs\u0173 \u0161uns, kat\u0117s prie\u017ei\u016brai\"},\"image\":{\"@id\":\"https:\\\/\\\/anivet.lt\\\/elparduotuve\\\/#\\\/schema\\\/logo\\\/image\\\/\"}}]}<\/script>\n<!-- \/ Yoast SEO Premium plugin. -->","yoast_head_json":{"title":"SPECIFIC\u2122 FXW-P gulia\u0161as kat\u0117ms (gabal\u0117liai drebu\u010diuose) - anivet.lt","description":"Visavertis ir subalansuotas \u0117dalas pritaikytas sveikoms kat\u0117ms iki 8 met\u0173, taip pat tinkamas kat\u0117ms, sergan\u010dioms cukriniu diabetu ar idiopatiniu cistitu. Auk\u0161tos kokyb\u0117s sud\u0117tis u\u017etikrina puik\u0173 skon\u012f ir nauding\u0105 poveik\u012f sveikatai.","robots":{"index":"index","follow":"follow","max-snippet":"max-snippet:-1","max-image-preview":"max-image-preview:large","max-video-preview":"max-video-preview:-1"},"canonical":"https:\/\/anivet.lt\/elparduotuve\/produktas\/specific-fxw-p-guliasas-katems-gabaleliai-drebuciuose\/","og_locale":"lt_LT","og_type":"article","og_title":"SPECIFIC\u2122 FXW-P gulia\u0161as kat\u0117ms (gabal\u0117liai drebu\u010diuose)","og_description":"Visavertis ir subalansuotas \u0117dalas pritaikytas sveikoms kat\u0117ms iki 8 met\u0173, taip pat tinkamas kat\u0117ms, sergan\u010dioms cukriniu diabetu ar idiopatiniu cistitu. Auk\u0161tos kokyb\u0117s sud\u0117tis u\u017etikrina puik\u0173 skon\u012f ir nauding\u0105 poveik\u012f sveikatai.","og_url":"https:\/\/anivet.lt\/elparduotuve\/produktas\/specific-fxw-p-guliasas-katems-gabaleliai-drebuciuose\/","og_site_name":"anivet.lt","article_modified_time":"2026-04-16T10:32:58+00:00","og_image":[{"width":1000,"height":720,"url":"https:\/\/anivet.lt\/elparduotuve\/wp-content\/uploads\/2023\/09\/fxw-p.jpg","type":"image\/jpeg"}],"twitter_card":"summary_large_image","twitter_misc":{"Est. reading time":"1 minut\u0117"},"schema":{"@context":"https:\/\/schema.org","@graph":[{"@type":"WebPage","@id":"https:\/\/anivet.lt\/elparduotuve\/produktas\/specific-fxw-p-guliasas-katems-gabaleliai-drebuciuose\/","url":"https:\/\/anivet.lt\/elparduotuve\/produktas\/specific-fxw-p-guliasas-katems-gabaleliai-drebuciuose\/","name":"SPECIFIC\u2122 FXW-P gulia\u0161as kat\u0117ms (gabal\u0117liai drebu\u010diuose) - anivet.lt","isPartOf":{"@id":"https:\/\/anivet.lt\/elparduotuve\/#website"},"primaryImageOfPage":{"@id":"https:\/\/anivet.lt\/elparduotuve\/produktas\/specific-fxw-p-guliasas-katems-gabaleliai-drebuciuose\/#primaryimage"},"image":{"@id":"https:\/\/anivet.lt\/elparduotuve\/produktas\/specific-fxw-p-guliasas-katems-gabaleliai-drebuciuose\/#primaryimage"},"thumbnailUrl":"https:\/\/anivet.lt\/elparduotuve\/wp-content\/uploads\/2023\/09\/fxw-p.jpg","datePublished":"2023-09-19T11:56:29+00:00","dateModified":"2026-04-16T10:32:58+00:00","description":"Visavertis ir subalansuotas \u0117dalas pritaikytas sveikoms kat\u0117ms iki 8 met\u0173, taip pat tinkamas kat\u0117ms, sergan\u010dioms cukriniu diabetu ar idiopatiniu cistitu. Auk\u0161tos kokyb\u0117s sud\u0117tis u\u017etikrina puik\u0173 skon\u012f ir nauding\u0105 poveik\u012f sveikatai.","breadcrumb":{"@id":"https:\/\/anivet.lt\/elparduotuve\/produktas\/specific-fxw-p-guliasas-katems-gabaleliai-drebuciuose\/#breadcrumb"},"inLanguage":"lt-LT","potentialAction":[{"@type":"ReadAction","target":["https:\/\/anivet.lt\/elparduotuve\/produktas\/specific-fxw-p-guliasas-katems-gabaleliai-drebuciuose\/"]}]},{"@type":"ImageObject","inLanguage":"lt-LT","@id":"https:\/\/anivet.lt\/elparduotuve\/produktas\/specific-fxw-p-guliasas-katems-gabaleliai-drebuciuose\/#primaryimage","url":"https:\/\/anivet.lt\/elparduotuve\/wp-content\/uploads\/2023\/09\/fxw-p.jpg","contentUrl":"https:\/\/anivet.lt\/elparduotuve\/wp-content\/uploads\/2023\/09\/fxw-p.jpg","width":1000,"height":720,"caption":"SPECIFIC\u2122 FXW-P gulia\u0161as kat\u0117ms (gabal\u0117liai drebu\u010diuose)"},{"@type":"BreadcrumbList","@id":"https:\/\/anivet.lt\/elparduotuve\/produktas\/specific-fxw-p-guliasas-katems-gabaleliai-drebuciuose\/#breadcrumb","itemListElement":[{"@type":"ListItem","position":1,"name":"Home","item":"https:\/\/anivet.lt\/elparduotuve\/"},{"@type":"ListItem","position":2,"name":"Produktai","item":"https:\/\/anivet.lt\/elparduotuve\/produktai\/"},{"@type":"ListItem","position":3,"name":"SPECIFIC\u2122 FXW-P gulia\u0161as kat\u0117ms (gabal\u0117liai drebu\u010diuose)"}]},{"@type":"WebSite","@id":"https:\/\/anivet.lt\/elparduotuve\/#website","url":"https:\/\/anivet.lt\/elparduotuve\/","name":"anivet.lt","description":"Viskas J\u016bs\u0173 \u0161uns, kat\u0117s prie\u017ei\u016brai","publisher":{"@id":"https:\/\/anivet.lt\/elparduotuve\/#organization"},"alternateName":"Viskas J\u016bs\u0173 \u0161uns, kat\u0117s prie\u017ei\u016brai","potentialAction":[{"@type":"SearchAction","target":{"@type":"EntryPoint","urlTemplate":"https:\/\/anivet.lt\/elparduotuve\/?s={search_term_string}"},"query-input":{"@type":"PropertyValueSpecification","valueRequired":true,"valueName":"search_term_string"}}],"inLanguage":"lt-LT"},{"@type":"Organization","@id":"https:\/\/anivet.lt\/elparduotuve\/#organization","name":"Viskas J\u016bs\u0173 \u0161uns, kat\u0117s prie\u017ei\u016brai","url":"https:\/\/anivet.lt\/elparduotuve\/","logo":{"@type":"ImageObject","inLanguage":"lt-LT","@id":"https:\/\/anivet.lt\/elparduotuve\/#\/schema\/logo\/image\/","url":"https:\/\/anivet.lt\/elparduotuve\/wp-content\/uploads\/2023\/06\/logo2.jpg","contentUrl":"https:\/\/anivet.lt\/elparduotuve\/wp-content\/uploads\/2023\/06\/logo2.jpg","width":655,"height":194,"caption":"Viskas J\u016bs\u0173 \u0161uns, kat\u0117s prie\u017ei\u016brai"},"image":{"@id":"https:\/\/anivet.lt\/elparduotuve\/#\/schema\/logo\/image\/"}}]}},"_links":{"self":[{"href":"https:\/\/anivet.lt\/elparduotuve\/wp-json\/wp\/v2\/product\/11726","targetHints":{"allow":["GET"]}}],"collection":[{"href":"https:\/\/anivet.lt\/elparduotuve\/wp-json\/wp\/v2\/product"}],"about":[{"href":"https:\/\/anivet.lt\/elparduotuve\/wp-json\/wp\/v2\/types\/product"}],"wp:featuredmedia":[{"embeddable":true,"href":"https:\/\/anivet.lt\/elparduotuve\/wp-json\/wp\/v2\/media\/11727"}],"wp:attachment":[{"href":"https:\/\/anivet.lt\/elparduotuve\/wp-json\/wp\/v2\/media?parent=11726"}],"wp:term":[{"taxonomy":"product_brand","embeddable":true,"href":"https:\/\/anivet.lt\/elparduotuve\/wp-json\/wp\/v2\/product_brand?post=11726"},{"taxonomy":"product_cat","embeddable":true,"href":"https:\/\/anivet.lt\/elparduotuve\/wp-json\/wp\/v2\/product_cat?post=11726"},{"taxonomy":"product_tag","embeddable":true,"href":"https:\/\/anivet.lt\/elparduotuve\/wp-json\/wp\/v2\/product_tag?post=11726"}],"curies":[{"name":"wp","href":"https:\/\/api.w.org\/{rel}","templated":true}]}}