{"id":11732,"date":"2023-09-19T12:26:07","date_gmt":"2023-09-19T12:26:07","guid":{"rendered":"https:\/\/anivet.lt\/elparduotuve\/?post_type=product&#038;p=11732"},"modified":"2025-08-27T09:35:19","modified_gmt":"2025-08-27T09:35:19","slug":"specific-f-bio-w-ekologiski-konservai-katems-su-zuvimi","status":"publish","type":"product","link":"https:\/\/anivet.lt\/elparduotuve\/produktas\/specific-f-bio-w-ekologiski-konservai-katems-su-zuvimi\/","title":{"rendered":"SPECIFIC\u2122 F-BIO-W ekologi\u0161ki konservai kat\u0117ms su \u017euvimi"},"content":{"rendered":"<ul>\n<li style=\"font-weight: 400;\" aria-level=\"1\">Ekologi\u0161kas produktas: Ne ma\u017eiau kaip 95% sud\u0117tini\u0173 dali\u0173 yra i\u0161 sertifikuot\u0173 ekologini\u0173 \u016bki\u0173, \u012fskaitant 10% ekologi\u0161kos \u017euvies.<\/li>\n<li style=\"font-weight: 400;\" aria-level=\"1\">Tinka diabetu sergan\u010dioms kat\u0117ms: Ma\u017eas angliavandeni\u0173 kiekis padeda reguliuoti gliukoz\u0117s kiek\u012f kraujyje, gali suma\u017einti insulino poreik\u012f.<\/li>\n<li style=\"font-weight: 400;\" aria-level=\"1\">Pagerina \u0161lapimo tak\u0173 sveikat\u0105: Skatina didesn\u012f \u0161lapimo i\u0161siskyrim\u0105, kas padeda idiopatiniu cistitu sergan\u010dioms kat\u0117ms.<\/li>\n<li style=\"font-weight: 400;\" aria-level=\"1\">Subalansuota sud\u0117tis: Apr\u016bpina visas b\u016btinas maistines med\u017eiagas, reikalingas suaugusi\u0173 ka\u010di\u0173 sveikatai palaikyti.<\/li>\n<li style=\"font-weight: 400;\" aria-level=\"1\">Puikiai vir\u0161kinamas: Auk\u0161tos kokyb\u0117s sud\u0117tin\u0117s dalys u\u017etikrina ger\u0105 \u012fsisavinim\u0105 ir lengv\u0105 vir\u0161kinim\u0105.<\/li>\n<\/ul>\n<p>\u0160ie ekologi\u0161ki konservai suteiks j\u016bs\u0173 katei visk\u0105, ko reikia puikiai savijautai ir gerai sveikatai, o nat\u016brali ir subalansuota sud\u0117tis u\u017etikrins malon\u0173 skon\u012f bei skirting\u0173 skoni\u0173 pasirinkim\u0105.<\/p>\n","protected":false},"excerpt":{"rendered":"<p><span style=\"font-weight: 400;\">Puikus pasirinkimas sveikoms suaugusioms kat\u0117ms, o taip pat tinkantis kat\u0117ms, sergan\u010dioms cukriniu diabetu ar idiopatiniu cistitu. \u0160is pa\u0161aras yra pagamintas laikantis grie\u017et\u0173 ekologini\u0173 standart\u0173 ir sertifikuotas \u201eAustria Bio Guarantee\u201c.<\/span><\/p>\n","protected":false},"featured_media":11733,"template":"","meta":[],"product_brand":[],"product_cat":[114,102,116,326],"product_tag":[],"class_list":{"0":"post-11732","1":"product","2":"type-product","3":"status-publish","4":"has-post-thumbnail","6":"product_cat-kaciu-maistas","7":"product_cat-katems","8":"product_cat-konservai-katems","9":"product_cat-specific-kaciu-maistas","10":"pa_prekinis-zenklas-specific","12":"first","13":"outofstock","14":"taxable","15":"shipping-taxable","16":"purchasable","17":"product-type-variable"},"yoast_head":"<!-- This site is optimized with the Yoast SEO Premium plugin v27.1 (Yoast SEO v27.5) - https:\/\/yoast.com\/product\/yoast-seo-premium-wordpress\/ -->\n<title>SPECIFIC\u2122 F-BIO-W ekologi\u0161ki konservai kat\u0117ms su \u017euvimi - anivet.lt<\/title>\n<meta name=\"description\" content=\"Puikus pasirinkimas sveikoms suaugusioms kat\u0117ms, o taip pat tinkantis kat\u0117ms, sergan\u010dioms cukriniu diabetu ar idiopatiniu cistitu. \u0160is pa\u0161aras yra pagamintas laikantis grie\u017et\u0173 ekologini\u0173 standart\u0173 ir sertifikuotas \u201eAustria Bio Guarantee\u201c.\" \/>\n<meta name=\"robots\" content=\"index, follow, max-snippet:-1, max-image-preview:large, max-video-preview:-1\" \/>\n<link rel=\"canonical\" href=\"https:\/\/anivet.lt\/elparduotuve\/produktas\/specific-f-bio-w-ekologiski-konservai-katems-su-zuvimi\/\" \/>\n<meta property=\"og:locale\" content=\"lt_LT\" \/>\n<meta property=\"og:type\" content=\"article\" \/>\n<meta property=\"og:title\" content=\"SPECIFIC\u2122 F-BIO-W ekologi\u0161ki konservai kat\u0117ms su \u017euvimi\" \/>\n<meta property=\"og:description\" content=\"Puikus pasirinkimas sveikoms suaugusioms kat\u0117ms, o taip pat tinkantis kat\u0117ms, sergan\u010dioms cukriniu diabetu ar idiopatiniu cistitu. \u0160is pa\u0161aras yra pagamintas laikantis grie\u017et\u0173 ekologini\u0173 standart\u0173 ir sertifikuotas \u201eAustria Bio Guarantee\u201c.\" \/>\n<meta property=\"og:url\" content=\"https:\/\/anivet.lt\/elparduotuve\/produktas\/specific-f-bio-w-ekologiski-konservai-katems-su-zuvimi\/\" \/>\n<meta property=\"og:site_name\" content=\"anivet.lt\" \/>\n<meta property=\"article:modified_time\" content=\"2025-08-27T09:35:19+00:00\" \/>\n<meta property=\"og:image\" content=\"https:\/\/anivet.lt\/elparduotuve\/wp-content\/uploads\/2023\/09\/FBIOFISH-e1695125913720.png\" \/>\n\t<meta property=\"og:image:width\" content=\"1296\" \/>\n\t<meta property=\"og:image:height\" content=\"1393\" \/>\n\t<meta property=\"og:image:type\" content=\"image\/png\" \/>\n<meta name=\"twitter:card\" content=\"summary_large_image\" \/>\n<meta name=\"twitter:label1\" content=\"Est. reading time\" \/>\n\t<meta name=\"twitter:data1\" content=\"1 minut\u0117\" \/>\n<script type=\"application\/ld+json\" class=\"yoast-schema-graph\">{\"@context\":\"https:\\\/\\\/schema.org\",\"@graph\":[{\"@type\":\"WebPage\",\"@id\":\"https:\\\/\\\/anivet.lt\\\/elparduotuve\\\/produktas\\\/specific-f-bio-w-ekologiski-konservai-katems-su-zuvimi\\\/\",\"url\":\"https:\\\/\\\/anivet.lt\\\/elparduotuve\\\/produktas\\\/specific-f-bio-w-ekologiski-konservai-katems-su-zuvimi\\\/\",\"name\":\"SPECIFIC\u2122 F-BIO-W ekologi\u0161ki konservai kat\u0117ms su \u017euvimi - anivet.lt\",\"isPartOf\":{\"@id\":\"https:\\\/\\\/anivet.lt\\\/elparduotuve\\\/#website\"},\"primaryImageOfPage\":{\"@id\":\"https:\\\/\\\/anivet.lt\\\/elparduotuve\\\/produktas\\\/specific-f-bio-w-ekologiski-konservai-katems-su-zuvimi\\\/#primaryimage\"},\"image\":{\"@id\":\"https:\\\/\\\/anivet.lt\\\/elparduotuve\\\/produktas\\\/specific-f-bio-w-ekologiski-konservai-katems-su-zuvimi\\\/#primaryimage\"},\"thumbnailUrl\":\"https:\\\/\\\/anivet.lt\\\/elparduotuve\\\/wp-content\\\/uploads\\\/2023\\\/09\\\/FBIOFISH-e1695125913720.png\",\"datePublished\":\"2023-09-19T12:26:07+00:00\",\"dateModified\":\"2025-08-27T09:35:19+00:00\",\"description\":\"Puikus pasirinkimas sveikoms suaugusioms kat\u0117ms, o taip pat tinkantis kat\u0117ms, sergan\u010dioms cukriniu diabetu ar idiopatiniu cistitu. \u0160is pa\u0161aras yra pagamintas laikantis grie\u017et\u0173 ekologini\u0173 standart\u0173 ir sertifikuotas \u201eAustria Bio Guarantee\u201c.\",\"breadcrumb\":{\"@id\":\"https:\\\/\\\/anivet.lt\\\/elparduotuve\\\/produktas\\\/specific-f-bio-w-ekologiski-konservai-katems-su-zuvimi\\\/#breadcrumb\"},\"inLanguage\":\"lt-LT\",\"potentialAction\":[{\"@type\":\"ReadAction\",\"target\":[\"https:\\\/\\\/anivet.lt\\\/elparduotuve\\\/produktas\\\/specific-f-bio-w-ekologiski-konservai-katems-su-zuvimi\\\/\"]}]},{\"@type\":\"ImageObject\",\"inLanguage\":\"lt-LT\",\"@id\":\"https:\\\/\\\/anivet.lt\\\/elparduotuve\\\/produktas\\\/specific-f-bio-w-ekologiski-konservai-katems-su-zuvimi\\\/#primaryimage\",\"url\":\"https:\\\/\\\/anivet.lt\\\/elparduotuve\\\/wp-content\\\/uploads\\\/2023\\\/09\\\/FBIOFISH-e1695125913720.png\",\"contentUrl\":\"https:\\\/\\\/anivet.lt\\\/elparduotuve\\\/wp-content\\\/uploads\\\/2023\\\/09\\\/FBIOFISH-e1695125913720.png\",\"width\":1296,\"height\":1393,\"caption\":\"SPECIFIC\u2122 F-BIO-W ekologi\u0161ki konservai kat\u0117ms su \u017euvimi\"},{\"@type\":\"BreadcrumbList\",\"@id\":\"https:\\\/\\\/anivet.lt\\\/elparduotuve\\\/produktas\\\/specific-f-bio-w-ekologiski-konservai-katems-su-zuvimi\\\/#breadcrumb\",\"itemListElement\":[{\"@type\":\"ListItem\",\"position\":1,\"name\":\"Home\",\"item\":\"https:\\\/\\\/anivet.lt\\\/elparduotuve\\\/\"},{\"@type\":\"ListItem\",\"position\":2,\"name\":\"Produktai\",\"item\":\"https:\\\/\\\/anivet.lt\\\/elparduotuve\\\/produktai\\\/\"},{\"@type\":\"ListItem\",\"position\":3,\"name\":\"SPECIFIC\u2122 F-BIO-W ekologi\u0161ki konservai kat\u0117ms su \u017euvimi\"}]},{\"@type\":\"WebSite\",\"@id\":\"https:\\\/\\\/anivet.lt\\\/elparduotuve\\\/#website\",\"url\":\"https:\\\/\\\/anivet.lt\\\/elparduotuve\\\/\",\"name\":\"anivet.lt\",\"description\":\"Viskas J\u016bs\u0173 \u0161uns, kat\u0117s prie\u017ei\u016brai\",\"publisher\":{\"@id\":\"https:\\\/\\\/anivet.lt\\\/elparduotuve\\\/#organization\"},\"alternateName\":\"Viskas J\u016bs\u0173 \u0161uns, kat\u0117s prie\u017ei\u016brai\",\"potentialAction\":[{\"@type\":\"SearchAction\",\"target\":{\"@type\":\"EntryPoint\",\"urlTemplate\":\"https:\\\/\\\/anivet.lt\\\/elparduotuve\\\/?s={search_term_string}\"},\"query-input\":{\"@type\":\"PropertyValueSpecification\",\"valueRequired\":true,\"valueName\":\"search_term_string\"}}],\"inLanguage\":\"lt-LT\"},{\"@type\":\"Organization\",\"@id\":\"https:\\\/\\\/anivet.lt\\\/elparduotuve\\\/#organization\",\"name\":\"Viskas J\u016bs\u0173 \u0161uns, kat\u0117s prie\u017ei\u016brai\",\"url\":\"https:\\\/\\\/anivet.lt\\\/elparduotuve\\\/\",\"logo\":{\"@type\":\"ImageObject\",\"inLanguage\":\"lt-LT\",\"@id\":\"https:\\\/\\\/anivet.lt\\\/elparduotuve\\\/#\\\/schema\\\/logo\\\/image\\\/\",\"url\":\"https:\\\/\\\/anivet.lt\\\/elparduotuve\\\/wp-content\\\/uploads\\\/2023\\\/06\\\/logo2.jpg\",\"contentUrl\":\"https:\\\/\\\/anivet.lt\\\/elparduotuve\\\/wp-content\\\/uploads\\\/2023\\\/06\\\/logo2.jpg\",\"width\":655,\"height\":194,\"caption\":\"Viskas J\u016bs\u0173 \u0161uns, kat\u0117s prie\u017ei\u016brai\"},\"image\":{\"@id\":\"https:\\\/\\\/anivet.lt\\\/elparduotuve\\\/#\\\/schema\\\/logo\\\/image\\\/\"}}]}<\/script>\n<!-- \/ Yoast SEO Premium plugin. -->","yoast_head_json":{"title":"SPECIFIC\u2122 F-BIO-W ekologi\u0161ki konservai kat\u0117ms su \u017euvimi - anivet.lt","description":"Puikus pasirinkimas sveikoms suaugusioms kat\u0117ms, o taip pat tinkantis kat\u0117ms, sergan\u010dioms cukriniu diabetu ar idiopatiniu cistitu. \u0160is pa\u0161aras yra pagamintas laikantis grie\u017et\u0173 ekologini\u0173 standart\u0173 ir sertifikuotas \u201eAustria Bio Guarantee\u201c.","robots":{"index":"index","follow":"follow","max-snippet":"max-snippet:-1","max-image-preview":"max-image-preview:large","max-video-preview":"max-video-preview:-1"},"canonical":"https:\/\/anivet.lt\/elparduotuve\/produktas\/specific-f-bio-w-ekologiski-konservai-katems-su-zuvimi\/","og_locale":"lt_LT","og_type":"article","og_title":"SPECIFIC\u2122 F-BIO-W ekologi\u0161ki konservai kat\u0117ms su \u017euvimi","og_description":"Puikus pasirinkimas sveikoms suaugusioms kat\u0117ms, o taip pat tinkantis kat\u0117ms, sergan\u010dioms cukriniu diabetu ar idiopatiniu cistitu. \u0160is pa\u0161aras yra pagamintas laikantis grie\u017et\u0173 ekologini\u0173 standart\u0173 ir sertifikuotas \u201eAustria Bio Guarantee\u201c.","og_url":"https:\/\/anivet.lt\/elparduotuve\/produktas\/specific-f-bio-w-ekologiski-konservai-katems-su-zuvimi\/","og_site_name":"anivet.lt","article_modified_time":"2025-08-27T09:35:19+00:00","og_image":[{"width":1296,"height":1393,"url":"https:\/\/anivet.lt\/elparduotuve\/wp-content\/uploads\/2023\/09\/FBIOFISH-e1695125913720.png","type":"image\/png"}],"twitter_card":"summary_large_image","twitter_misc":{"Est. reading time":"1 minut\u0117"},"schema":{"@context":"https:\/\/schema.org","@graph":[{"@type":"WebPage","@id":"https:\/\/anivet.lt\/elparduotuve\/produktas\/specific-f-bio-w-ekologiski-konservai-katems-su-zuvimi\/","url":"https:\/\/anivet.lt\/elparduotuve\/produktas\/specific-f-bio-w-ekologiski-konservai-katems-su-zuvimi\/","name":"SPECIFIC\u2122 F-BIO-W ekologi\u0161ki konservai kat\u0117ms su \u017euvimi - anivet.lt","isPartOf":{"@id":"https:\/\/anivet.lt\/elparduotuve\/#website"},"primaryImageOfPage":{"@id":"https:\/\/anivet.lt\/elparduotuve\/produktas\/specific-f-bio-w-ekologiski-konservai-katems-su-zuvimi\/#primaryimage"},"image":{"@id":"https:\/\/anivet.lt\/elparduotuve\/produktas\/specific-f-bio-w-ekologiski-konservai-katems-su-zuvimi\/#primaryimage"},"thumbnailUrl":"https:\/\/anivet.lt\/elparduotuve\/wp-content\/uploads\/2023\/09\/FBIOFISH-e1695125913720.png","datePublished":"2023-09-19T12:26:07+00:00","dateModified":"2025-08-27T09:35:19+00:00","description":"Puikus pasirinkimas sveikoms suaugusioms kat\u0117ms, o taip pat tinkantis kat\u0117ms, sergan\u010dioms cukriniu diabetu ar idiopatiniu cistitu. \u0160is pa\u0161aras yra pagamintas laikantis grie\u017et\u0173 ekologini\u0173 standart\u0173 ir sertifikuotas \u201eAustria Bio Guarantee\u201c.","breadcrumb":{"@id":"https:\/\/anivet.lt\/elparduotuve\/produktas\/specific-f-bio-w-ekologiski-konservai-katems-su-zuvimi\/#breadcrumb"},"inLanguage":"lt-LT","potentialAction":[{"@type":"ReadAction","target":["https:\/\/anivet.lt\/elparduotuve\/produktas\/specific-f-bio-w-ekologiski-konservai-katems-su-zuvimi\/"]}]},{"@type":"ImageObject","inLanguage":"lt-LT","@id":"https:\/\/anivet.lt\/elparduotuve\/produktas\/specific-f-bio-w-ekologiski-konservai-katems-su-zuvimi\/#primaryimage","url":"https:\/\/anivet.lt\/elparduotuve\/wp-content\/uploads\/2023\/09\/FBIOFISH-e1695125913720.png","contentUrl":"https:\/\/anivet.lt\/elparduotuve\/wp-content\/uploads\/2023\/09\/FBIOFISH-e1695125913720.png","width":1296,"height":1393,"caption":"SPECIFIC\u2122 F-BIO-W ekologi\u0161ki konservai kat\u0117ms su \u017euvimi"},{"@type":"BreadcrumbList","@id":"https:\/\/anivet.lt\/elparduotuve\/produktas\/specific-f-bio-w-ekologiski-konservai-katems-su-zuvimi\/#breadcrumb","itemListElement":[{"@type":"ListItem","position":1,"name":"Home","item":"https:\/\/anivet.lt\/elparduotuve\/"},{"@type":"ListItem","position":2,"name":"Produktai","item":"https:\/\/anivet.lt\/elparduotuve\/produktai\/"},{"@type":"ListItem","position":3,"name":"SPECIFIC\u2122 F-BIO-W ekologi\u0161ki konservai kat\u0117ms su \u017euvimi"}]},{"@type":"WebSite","@id":"https:\/\/anivet.lt\/elparduotuve\/#website","url":"https:\/\/anivet.lt\/elparduotuve\/","name":"anivet.lt","description":"Viskas J\u016bs\u0173 \u0161uns, kat\u0117s prie\u017ei\u016brai","publisher":{"@id":"https:\/\/anivet.lt\/elparduotuve\/#organization"},"alternateName":"Viskas J\u016bs\u0173 \u0161uns, kat\u0117s prie\u017ei\u016brai","potentialAction":[{"@type":"SearchAction","target":{"@type":"EntryPoint","urlTemplate":"https:\/\/anivet.lt\/elparduotuve\/?s={search_term_string}"},"query-input":{"@type":"PropertyValueSpecification","valueRequired":true,"valueName":"search_term_string"}}],"inLanguage":"lt-LT"},{"@type":"Organization","@id":"https:\/\/anivet.lt\/elparduotuve\/#organization","name":"Viskas J\u016bs\u0173 \u0161uns, kat\u0117s prie\u017ei\u016brai","url":"https:\/\/anivet.lt\/elparduotuve\/","logo":{"@type":"ImageObject","inLanguage":"lt-LT","@id":"https:\/\/anivet.lt\/elparduotuve\/#\/schema\/logo\/image\/","url":"https:\/\/anivet.lt\/elparduotuve\/wp-content\/uploads\/2023\/06\/logo2.jpg","contentUrl":"https:\/\/anivet.lt\/elparduotuve\/wp-content\/uploads\/2023\/06\/logo2.jpg","width":655,"height":194,"caption":"Viskas J\u016bs\u0173 \u0161uns, kat\u0117s prie\u017ei\u016brai"},"image":{"@id":"https:\/\/anivet.lt\/elparduotuve\/#\/schema\/logo\/image\/"}}]}},"_links":{"self":[{"href":"https:\/\/anivet.lt\/elparduotuve\/wp-json\/wp\/v2\/product\/11732","targetHints":{"allow":["GET"]}}],"collection":[{"href":"https:\/\/anivet.lt\/elparduotuve\/wp-json\/wp\/v2\/product"}],"about":[{"href":"https:\/\/anivet.lt\/elparduotuve\/wp-json\/wp\/v2\/types\/product"}],"wp:featuredmedia":[{"embeddable":true,"href":"https:\/\/anivet.lt\/elparduotuve\/wp-json\/wp\/v2\/media\/11733"}],"wp:attachment":[{"href":"https:\/\/anivet.lt\/elparduotuve\/wp-json\/wp\/v2\/media?parent=11732"}],"wp:term":[{"taxonomy":"product_brand","embeddable":true,"href":"https:\/\/anivet.lt\/elparduotuve\/wp-json\/wp\/v2\/product_brand?post=11732"},{"taxonomy":"product_cat","embeddable":true,"href":"https:\/\/anivet.lt\/elparduotuve\/wp-json\/wp\/v2\/product_cat?post=11732"},{"taxonomy":"product_tag","embeddable":true,"href":"https:\/\/anivet.lt\/elparduotuve\/wp-json\/wp\/v2\/product_tag?post=11732"}],"curies":[{"name":"wp","href":"https:\/\/api.w.org\/{rel}","templated":true}]}}