{"id":11734,"date":"2023-09-19T12:47:07","date_gmt":"2023-09-19T12:47:07","guid":{"rendered":"https:\/\/anivet.lt\/elparduotuve\/?post_type=product&#038;p=11734"},"modified":"2026-05-11T18:36:37","modified_gmt":"2026-05-11T18:36:37","slug":"specific-cdd-hy-food-allergy-management","status":"publish","type":"product","link":"https:\/\/anivet.lt\/elparduotuve\/produktas\/specific-cdd-hy-food-allergy-management\/","title":{"rendered":"SPECIFIC\u2122 CDD-HY pa\u0161aras \u0161unims, turintiems alergij\u0105 maistui"},"content":{"rendered":"<ul>\n<li style=\"font-weight: 400;\" aria-level=\"1\"><span style=\"font-weight: 400;\">Hidrolizuoti la\u0161i\u0161os baltymai: Ma\u017eai alergizuojantys ir lengvai vir\u0161kinami, puikiai tinkantys jautriems \u0161unims.<\/span><\/li>\n<li style=\"font-weight: 400;\" aria-level=\"1\"><span style=\"font-weight: 400;\">Ma\u017eai alergizuojantys ry\u017eiai: Be glitimo, gerai vir\u0161kinami, tod\u0117l idealiai tinka alergi\u0161kiems ar glitimo netoleruojantiems \u0161unims.<\/span><\/li>\n<li style=\"font-weight: 400;\" aria-level=\"1\"><span style=\"font-weight: 400;\">Odos ir kailio palaikymas: Didelis vitamino A, E, B grup\u0117s, cinko ir seleno kiekis padeda i\u0161laikyti sveik\u0105 od\u0105 ir blizgant\u012f kail\u012f.<\/span><\/li>\n<li style=\"font-weight: 400;\" aria-level=\"1\"><span style=\"font-weight: 400;\">Gyslo\u010dio s\u0117kl\u0173 luobel\u0117s: Tirpios skaidulos, reguliuojan\u010dios \u017earnyno veikl\u0105 ir palaikan\u010dios normal\u0173 vir\u0161kinim\u0105.<\/span><\/li>\n<li style=\"font-weight: 400;\" aria-level=\"1\"><span style=\"font-weight: 400;\">Subalansuota mityba: Tinkamas maistini\u0173 med\u017eiag\u0173 kiekis, atitinkantis tiek augan\u010di\u0173, tiek suaugusi\u0173 \u0161un\u0173 poreikius.<\/span><\/li>\n<\/ul>\n<p><span style=\"font-weight: 400;\">\u0160is pa\u0161aras yra lengvai vir\u0161kinamas, tod\u0117l idealiai tinka \u0161unims, turintiems kasos funkcijos sutrikim\u0173 ar vir\u0161kinimo problem\u0173. Rekomenduojama \u0161erti kelis kartus per dien\u0105 ir vengti papildom\u0173 maisto produkt\u0173, siekiant efektyviai valdyti alergijos simptomus. Puikus pasirinkimas tiek \u0161uniukams, tiek suaugusiems \u0161unims.<\/span><\/p>\n","protected":false},"excerpt":{"rendered":"<p><span style=\"font-weight: 400;\">Visavertis hipoalerginis pa\u0161aras \u0161unims, turintiems alergij\u0105 maistui ar netoleravimo reakcijas, suk\u0117lusias dermatologines arba vir\u0161kinamojo trakto problemas. Puikiai tinka \u0161unims su malabsorbcijos, prasto vir\u0161kinimo, kasos funkcijos nepakankamumo ar gastroenterito simptomais. Taip pat gali b\u016bti naudojamas atliekant maisto eliminavimo test\u0105.<\/span><\/p>\n","protected":false},"featured_media":11737,"template":"","meta":[],"product_brand":[],"product_cat":[101,103,107,321],"product_tag":[],"class_list":{"0":"post-11734","1":"product","2":"type-product","3":"status-publish","4":"has-post-thumbnail","6":"product_cat-sunims","7":"product_cat-sunu-maistas","8":"product_cat-veterinarine-dieta","9":"product_cat-specific-sunu-maistas","10":"pa_prekinis-zenklas-specific","12":"first","13":"instock","14":"sale","15":"taxable","16":"shipping-taxable","17":"purchasable","18":"product-type-variable"},"yoast_head":"<!-- This site is optimized with the Yoast SEO Premium plugin v27.1 (Yoast SEO v27.5) - https:\/\/yoast.com\/product\/yoast-seo-premium-wordpress\/ -->\n<title>SPECIFIC\u2122 CDD-HY pa\u0161aras \u0161unims, turintiems alergij\u0105 maistui - anivet.lt<\/title>\n<meta name=\"description\" content=\"Visavertis hipoalerginis pa\u0161aras \u0161unims, turintiems alergij\u0105 maistui ar netoleravimo reakcijas, suk\u0117lusias dermatologines arba vir\u0161kinamojo trakto problemas. Puikiai tinka \u0161unims su malabsorbcijos, prasto vir\u0161kinimo, kasos funkcijos nepakankamumo ar gastroenterito simptomais. Taip pat gali b\u016bti naudojamas atliekant maisto eliminavimo test\u0105.\" \/>\n<meta name=\"robots\" content=\"index, follow, max-snippet:-1, max-image-preview:large, max-video-preview:-1\" \/>\n<link rel=\"canonical\" href=\"https:\/\/anivet.lt\/elparduotuve\/produktas\/specific-cdd-hy-food-allergy-management\/\" \/>\n<meta property=\"og:locale\" content=\"lt_LT\" \/>\n<meta property=\"og:type\" content=\"article\" \/>\n<meta property=\"og:title\" content=\"SPECIFIC\u2122 CDD-HY pa\u0161aras \u0161unims, turintiems alergij\u0105 maistui\" \/>\n<meta property=\"og:description\" content=\"Visavertis hipoalerginis pa\u0161aras \u0161unims, turintiems alergij\u0105 maistui ar netoleravimo reakcijas, suk\u0117lusias dermatologines arba vir\u0161kinamojo trakto problemas. Puikiai tinka \u0161unims su malabsorbcijos, prasto vir\u0161kinimo, kasos funkcijos nepakankamumo ar gastroenterito simptomais. Taip pat gali b\u016bti naudojamas atliekant maisto eliminavimo test\u0105.\" \/>\n<meta property=\"og:url\" content=\"https:\/\/anivet.lt\/elparduotuve\/produktas\/specific-cdd-hy-food-allergy-management\/\" \/>\n<meta property=\"og:site_name\" content=\"anivet.lt\" \/>\n<meta property=\"article:modified_time\" content=\"2026-05-11T18:36:37+00:00\" \/>\n<meta property=\"og:image\" content=\"https:\/\/anivet.lt\/elparduotuve\/wp-content\/uploads\/2023\/09\/nE35bI8qLKDZrZdSu0B1npOd3Jz32MC0AHlYsuu1.png\" \/>\n\t<meta property=\"og:image:width\" content=\"1970\" \/>\n\t<meta property=\"og:image:height\" content=\"2000\" \/>\n\t<meta property=\"og:image:type\" content=\"image\/png\" \/>\n<meta name=\"twitter:card\" content=\"summary_large_image\" \/>\n<meta name=\"twitter:label1\" content=\"Est. reading time\" \/>\n\t<meta name=\"twitter:data1\" content=\"1 minut\u0117\" \/>\n<script type=\"application\/ld+json\" class=\"yoast-schema-graph\">{\"@context\":\"https:\\\/\\\/schema.org\",\"@graph\":[{\"@type\":\"WebPage\",\"@id\":\"https:\\\/\\\/anivet.lt\\\/elparduotuve\\\/produktas\\\/specific-cdd-hy-food-allergy-management\\\/\",\"url\":\"https:\\\/\\\/anivet.lt\\\/elparduotuve\\\/produktas\\\/specific-cdd-hy-food-allergy-management\\\/\",\"name\":\"SPECIFIC\u2122 CDD-HY pa\u0161aras \u0161unims, turintiems alergij\u0105 maistui - anivet.lt\",\"isPartOf\":{\"@id\":\"https:\\\/\\\/anivet.lt\\\/elparduotuve\\\/#website\"},\"primaryImageOfPage\":{\"@id\":\"https:\\\/\\\/anivet.lt\\\/elparduotuve\\\/produktas\\\/specific-cdd-hy-food-allergy-management\\\/#primaryimage\"},\"image\":{\"@id\":\"https:\\\/\\\/anivet.lt\\\/elparduotuve\\\/produktas\\\/specific-cdd-hy-food-allergy-management\\\/#primaryimage\"},\"thumbnailUrl\":\"https:\\\/\\\/anivet.lt\\\/elparduotuve\\\/wp-content\\\/uploads\\\/2023\\\/09\\\/nE35bI8qLKDZrZdSu0B1npOd3Jz32MC0AHlYsuu1.png\",\"datePublished\":\"2023-09-19T12:47:07+00:00\",\"dateModified\":\"2026-05-11T18:36:37+00:00\",\"description\":\"Visavertis hipoalerginis pa\u0161aras \u0161unims, turintiems alergij\u0105 maistui ar netoleravimo reakcijas, suk\u0117lusias dermatologines arba vir\u0161kinamojo trakto problemas. Puikiai tinka \u0161unims su malabsorbcijos, prasto vir\u0161kinimo, kasos funkcijos nepakankamumo ar gastroenterito simptomais. Taip pat gali b\u016bti naudojamas atliekant maisto eliminavimo test\u0105.\",\"breadcrumb\":{\"@id\":\"https:\\\/\\\/anivet.lt\\\/elparduotuve\\\/produktas\\\/specific-cdd-hy-food-allergy-management\\\/#breadcrumb\"},\"inLanguage\":\"lt-LT\",\"potentialAction\":[{\"@type\":\"ReadAction\",\"target\":[\"https:\\\/\\\/anivet.lt\\\/elparduotuve\\\/produktas\\\/specific-cdd-hy-food-allergy-management\\\/\"]}]},{\"@type\":\"ImageObject\",\"inLanguage\":\"lt-LT\",\"@id\":\"https:\\\/\\\/anivet.lt\\\/elparduotuve\\\/produktas\\\/specific-cdd-hy-food-allergy-management\\\/#primaryimage\",\"url\":\"https:\\\/\\\/anivet.lt\\\/elparduotuve\\\/wp-content\\\/uploads\\\/2023\\\/09\\\/nE35bI8qLKDZrZdSu0B1npOd3Jz32MC0AHlYsuu1.png\",\"contentUrl\":\"https:\\\/\\\/anivet.lt\\\/elparduotuve\\\/wp-content\\\/uploads\\\/2023\\\/09\\\/nE35bI8qLKDZrZdSu0B1npOd3Jz32MC0AHlYsuu1.png\",\"width\":1970,\"height\":2000,\"caption\":\"SPECIFIC\u2122 CDD-HY pa\u0161aras \u0161unims, turintiems alergij\u0105 maistui\"},{\"@type\":\"BreadcrumbList\",\"@id\":\"https:\\\/\\\/anivet.lt\\\/elparduotuve\\\/produktas\\\/specific-cdd-hy-food-allergy-management\\\/#breadcrumb\",\"itemListElement\":[{\"@type\":\"ListItem\",\"position\":1,\"name\":\"Home\",\"item\":\"https:\\\/\\\/anivet.lt\\\/elparduotuve\\\/\"},{\"@type\":\"ListItem\",\"position\":2,\"name\":\"Produktai\",\"item\":\"https:\\\/\\\/anivet.lt\\\/elparduotuve\\\/produktai\\\/\"},{\"@type\":\"ListItem\",\"position\":3,\"name\":\"SPECIFIC\u2122 CDD-HY pa\u0161aras \u0161unims, turintiems alergij\u0105 maistui\"}]},{\"@type\":\"WebSite\",\"@id\":\"https:\\\/\\\/anivet.lt\\\/elparduotuve\\\/#website\",\"url\":\"https:\\\/\\\/anivet.lt\\\/elparduotuve\\\/\",\"name\":\"anivet.lt\",\"description\":\"Viskas J\u016bs\u0173 \u0161uns, kat\u0117s prie\u017ei\u016brai\",\"publisher\":{\"@id\":\"https:\\\/\\\/anivet.lt\\\/elparduotuve\\\/#organization\"},\"alternateName\":\"Viskas J\u016bs\u0173 \u0161uns, kat\u0117s prie\u017ei\u016brai\",\"potentialAction\":[{\"@type\":\"SearchAction\",\"target\":{\"@type\":\"EntryPoint\",\"urlTemplate\":\"https:\\\/\\\/anivet.lt\\\/elparduotuve\\\/?s={search_term_string}\"},\"query-input\":{\"@type\":\"PropertyValueSpecification\",\"valueRequired\":true,\"valueName\":\"search_term_string\"}}],\"inLanguage\":\"lt-LT\"},{\"@type\":\"Organization\",\"@id\":\"https:\\\/\\\/anivet.lt\\\/elparduotuve\\\/#organization\",\"name\":\"Viskas J\u016bs\u0173 \u0161uns, kat\u0117s prie\u017ei\u016brai\",\"url\":\"https:\\\/\\\/anivet.lt\\\/elparduotuve\\\/\",\"logo\":{\"@type\":\"ImageObject\",\"inLanguage\":\"lt-LT\",\"@id\":\"https:\\\/\\\/anivet.lt\\\/elparduotuve\\\/#\\\/schema\\\/logo\\\/image\\\/\",\"url\":\"https:\\\/\\\/anivet.lt\\\/elparduotuve\\\/wp-content\\\/uploads\\\/2023\\\/06\\\/logo2.jpg\",\"contentUrl\":\"https:\\\/\\\/anivet.lt\\\/elparduotuve\\\/wp-content\\\/uploads\\\/2023\\\/06\\\/logo2.jpg\",\"width\":655,\"height\":194,\"caption\":\"Viskas J\u016bs\u0173 \u0161uns, kat\u0117s prie\u017ei\u016brai\"},\"image\":{\"@id\":\"https:\\\/\\\/anivet.lt\\\/elparduotuve\\\/#\\\/schema\\\/logo\\\/image\\\/\"}}]}<\/script>\n<!-- \/ Yoast SEO Premium plugin. -->","yoast_head_json":{"title":"SPECIFIC\u2122 CDD-HY pa\u0161aras \u0161unims, turintiems alergij\u0105 maistui - anivet.lt","description":"Visavertis hipoalerginis pa\u0161aras \u0161unims, turintiems alergij\u0105 maistui ar netoleravimo reakcijas, suk\u0117lusias dermatologines arba vir\u0161kinamojo trakto problemas. Puikiai tinka \u0161unims su malabsorbcijos, prasto vir\u0161kinimo, kasos funkcijos nepakankamumo ar gastroenterito simptomais. Taip pat gali b\u016bti naudojamas atliekant maisto eliminavimo test\u0105.","robots":{"index":"index","follow":"follow","max-snippet":"max-snippet:-1","max-image-preview":"max-image-preview:large","max-video-preview":"max-video-preview:-1"},"canonical":"https:\/\/anivet.lt\/elparduotuve\/produktas\/specific-cdd-hy-food-allergy-management\/","og_locale":"lt_LT","og_type":"article","og_title":"SPECIFIC\u2122 CDD-HY pa\u0161aras \u0161unims, turintiems alergij\u0105 maistui","og_description":"Visavertis hipoalerginis pa\u0161aras \u0161unims, turintiems alergij\u0105 maistui ar netoleravimo reakcijas, suk\u0117lusias dermatologines arba vir\u0161kinamojo trakto problemas. Puikiai tinka \u0161unims su malabsorbcijos, prasto vir\u0161kinimo, kasos funkcijos nepakankamumo ar gastroenterito simptomais. Taip pat gali b\u016bti naudojamas atliekant maisto eliminavimo test\u0105.","og_url":"https:\/\/anivet.lt\/elparduotuve\/produktas\/specific-cdd-hy-food-allergy-management\/","og_site_name":"anivet.lt","article_modified_time":"2026-05-11T18:36:37+00:00","og_image":[{"width":1970,"height":2000,"url":"https:\/\/anivet.lt\/elparduotuve\/wp-content\/uploads\/2023\/09\/nE35bI8qLKDZrZdSu0B1npOd3Jz32MC0AHlYsuu1.png","type":"image\/png"}],"twitter_card":"summary_large_image","twitter_misc":{"Est. reading time":"1 minut\u0117"},"schema":{"@context":"https:\/\/schema.org","@graph":[{"@type":"WebPage","@id":"https:\/\/anivet.lt\/elparduotuve\/produktas\/specific-cdd-hy-food-allergy-management\/","url":"https:\/\/anivet.lt\/elparduotuve\/produktas\/specific-cdd-hy-food-allergy-management\/","name":"SPECIFIC\u2122 CDD-HY pa\u0161aras \u0161unims, turintiems alergij\u0105 maistui - anivet.lt","isPartOf":{"@id":"https:\/\/anivet.lt\/elparduotuve\/#website"},"primaryImageOfPage":{"@id":"https:\/\/anivet.lt\/elparduotuve\/produktas\/specific-cdd-hy-food-allergy-management\/#primaryimage"},"image":{"@id":"https:\/\/anivet.lt\/elparduotuve\/produktas\/specific-cdd-hy-food-allergy-management\/#primaryimage"},"thumbnailUrl":"https:\/\/anivet.lt\/elparduotuve\/wp-content\/uploads\/2023\/09\/nE35bI8qLKDZrZdSu0B1npOd3Jz32MC0AHlYsuu1.png","datePublished":"2023-09-19T12:47:07+00:00","dateModified":"2026-05-11T18:36:37+00:00","description":"Visavertis hipoalerginis pa\u0161aras \u0161unims, turintiems alergij\u0105 maistui ar netoleravimo reakcijas, suk\u0117lusias dermatologines arba vir\u0161kinamojo trakto problemas. Puikiai tinka \u0161unims su malabsorbcijos, prasto vir\u0161kinimo, kasos funkcijos nepakankamumo ar gastroenterito simptomais. Taip pat gali b\u016bti naudojamas atliekant maisto eliminavimo test\u0105.","breadcrumb":{"@id":"https:\/\/anivet.lt\/elparduotuve\/produktas\/specific-cdd-hy-food-allergy-management\/#breadcrumb"},"inLanguage":"lt-LT","potentialAction":[{"@type":"ReadAction","target":["https:\/\/anivet.lt\/elparduotuve\/produktas\/specific-cdd-hy-food-allergy-management\/"]}]},{"@type":"ImageObject","inLanguage":"lt-LT","@id":"https:\/\/anivet.lt\/elparduotuve\/produktas\/specific-cdd-hy-food-allergy-management\/#primaryimage","url":"https:\/\/anivet.lt\/elparduotuve\/wp-content\/uploads\/2023\/09\/nE35bI8qLKDZrZdSu0B1npOd3Jz32MC0AHlYsuu1.png","contentUrl":"https:\/\/anivet.lt\/elparduotuve\/wp-content\/uploads\/2023\/09\/nE35bI8qLKDZrZdSu0B1npOd3Jz32MC0AHlYsuu1.png","width":1970,"height":2000,"caption":"SPECIFIC\u2122 CDD-HY pa\u0161aras \u0161unims, turintiems alergij\u0105 maistui"},{"@type":"BreadcrumbList","@id":"https:\/\/anivet.lt\/elparduotuve\/produktas\/specific-cdd-hy-food-allergy-management\/#breadcrumb","itemListElement":[{"@type":"ListItem","position":1,"name":"Home","item":"https:\/\/anivet.lt\/elparduotuve\/"},{"@type":"ListItem","position":2,"name":"Produktai","item":"https:\/\/anivet.lt\/elparduotuve\/produktai\/"},{"@type":"ListItem","position":3,"name":"SPECIFIC\u2122 CDD-HY pa\u0161aras \u0161unims, turintiems alergij\u0105 maistui"}]},{"@type":"WebSite","@id":"https:\/\/anivet.lt\/elparduotuve\/#website","url":"https:\/\/anivet.lt\/elparduotuve\/","name":"anivet.lt","description":"Viskas J\u016bs\u0173 \u0161uns, kat\u0117s prie\u017ei\u016brai","publisher":{"@id":"https:\/\/anivet.lt\/elparduotuve\/#organization"},"alternateName":"Viskas J\u016bs\u0173 \u0161uns, kat\u0117s prie\u017ei\u016brai","potentialAction":[{"@type":"SearchAction","target":{"@type":"EntryPoint","urlTemplate":"https:\/\/anivet.lt\/elparduotuve\/?s={search_term_string}"},"query-input":{"@type":"PropertyValueSpecification","valueRequired":true,"valueName":"search_term_string"}}],"inLanguage":"lt-LT"},{"@type":"Organization","@id":"https:\/\/anivet.lt\/elparduotuve\/#organization","name":"Viskas J\u016bs\u0173 \u0161uns, kat\u0117s prie\u017ei\u016brai","url":"https:\/\/anivet.lt\/elparduotuve\/","logo":{"@type":"ImageObject","inLanguage":"lt-LT","@id":"https:\/\/anivet.lt\/elparduotuve\/#\/schema\/logo\/image\/","url":"https:\/\/anivet.lt\/elparduotuve\/wp-content\/uploads\/2023\/06\/logo2.jpg","contentUrl":"https:\/\/anivet.lt\/elparduotuve\/wp-content\/uploads\/2023\/06\/logo2.jpg","width":655,"height":194,"caption":"Viskas J\u016bs\u0173 \u0161uns, kat\u0117s prie\u017ei\u016brai"},"image":{"@id":"https:\/\/anivet.lt\/elparduotuve\/#\/schema\/logo\/image\/"}}]}},"_links":{"self":[{"href":"https:\/\/anivet.lt\/elparduotuve\/wp-json\/wp\/v2\/product\/11734","targetHints":{"allow":["GET"]}}],"collection":[{"href":"https:\/\/anivet.lt\/elparduotuve\/wp-json\/wp\/v2\/product"}],"about":[{"href":"https:\/\/anivet.lt\/elparduotuve\/wp-json\/wp\/v2\/types\/product"}],"wp:featuredmedia":[{"embeddable":true,"href":"https:\/\/anivet.lt\/elparduotuve\/wp-json\/wp\/v2\/media\/11737"}],"wp:attachment":[{"href":"https:\/\/anivet.lt\/elparduotuve\/wp-json\/wp\/v2\/media?parent=11734"}],"wp:term":[{"taxonomy":"product_brand","embeddable":true,"href":"https:\/\/anivet.lt\/elparduotuve\/wp-json\/wp\/v2\/product_brand?post=11734"},{"taxonomy":"product_cat","embeddable":true,"href":"https:\/\/anivet.lt\/elparduotuve\/wp-json\/wp\/v2\/product_cat?post=11734"},{"taxonomy":"product_tag","embeddable":true,"href":"https:\/\/anivet.lt\/elparduotuve\/wp-json\/wp\/v2\/product_tag?post=11734"}],"curies":[{"name":"wp","href":"https:\/\/api.w.org\/{rel}","templated":true}]}}