{"id":11748,"date":"2023-09-19T12:59:53","date_gmt":"2023-09-19T12:59:53","guid":{"rendered":"https:\/\/anivet.lt\/elparduotuve\/?post_type=product&#038;p=11748"},"modified":"2026-04-16T10:32:37","modified_gmt":"2026-04-16T10:32:37","slug":"specific-fcw-konservai-katems-struvitiniu-akmenu-profilaktikai","status":"publish","type":"product","link":"https:\/\/anivet.lt\/elparduotuve\/produktas\/specific-fcw-konservai-katems-struvitiniu-akmenu-profilaktikai\/","title":{"rendered":"SPECIFIC\u2122 FCW konservai kat\u0117ms struvitini\u0173 akmen\u0173 profilaktikai"},"content":{"rendered":"<ul>\n<li style=\"font-weight: 400;\" aria-level=\"1\"><span style=\"font-weight: 400;\">Kristal\u0173 tirpdymas ir prevencija: Pa\u0161aro sud\u0117tis padeda tirpdyti jau susiformavusius struvitus ir suma\u017eina j\u0173 bei kalcio oksalat\u0173 formavimosi rizik\u0105.<\/span><\/li>\n<li style=\"font-weight: 400;\" aria-level=\"1\"><span style=\"font-weight: 400;\">Subalansuotas mineral\u0173 kiekis: Suma\u017eintas magnio ir fosforo kiekis, apsaugantis nuo nauj\u0173 kristal\u0173 susidarymo.<\/span><\/li>\n<li style=\"font-weight: 400;\" aria-level=\"1\"><span style=\"font-weight: 400;\">Optimalus \u0161lapimo pH: Skatina \u0161lapimo pH ma\u017e\u0117jim\u0105 (&lt;6,4), kuris neleid\u017eia formuotis struvit\u0173 kristalams.<\/span><\/li>\n<li style=\"font-weight: 400;\" aria-level=\"1\"><span style=\"font-weight: 400;\">Odai, kailiui ir s\u0105nariams: Omega-3 riebal\u0173 r\u016bg\u0161tys, EPA ir DHA, palaiko sveik\u0105 od\u0105, kail\u012f ir s\u0105narius.<\/span><\/li>\n<li style=\"font-weight: 400;\" aria-level=\"1\"><span style=\"font-weight: 400;\">Chondroitinas: Nat\u016braliai apsaugo \u0161lapimo p\u016bsl\u0117s sienel\u0119.<\/span><\/li>\n<li style=\"font-weight: 400;\" aria-level=\"1\"><span style=\"font-weight: 400;\">Lengvai vir\u0161kinamas: Kokybi\u0161kos sudedamosios dalys u\u017etikrina ger\u0105 vir\u0161kinim\u0105 ir suma\u017eina i\u0161mat\u0173 kiek\u012f.<\/span><\/li>\n<\/ul>\n<p><strong>Nerekomenduojama:<\/strong><\/p>\n<ul>\n<li>Jeigu kartu vartojami \u0161lapim\u0105 r\u016bg\u0161tinantys vaistai.<\/li>\n<li>Jaunesniems nei 6 m\u0117nesi\u0173 am\u017eiaus ka\u010diukams, vaikingoms arba \u017eindan\u010dioms kat\u0117ms.<\/li>\n<li>Metabolin\u0117s arba inkst\u0173 acidoz\u0117s metu.<\/li>\n<\/ul>\n<p><span style=\"font-weight: 400;\">\u0160is pa\u0161aras yra idealus sprendimas kat\u0117ms, linkusioms \u012f \u0161lapimo tak\u0173 problemas ar sergan\u010dioms idiopatiniu cistitu. Jis ne tik padeda valdyti ir i\u0161vengti kristal\u0173 susidarymo, bet ir palaiko bendr\u0105 kat\u0117s sveikat\u0105. \u201eSPECIFIC FCW Crystal Management\u201d pasi\u017eymi kokybi\u0161ka sud\u0117timi ir yra tinkamas tiek lig\u0173 prevencijai, tiek kasdieninei mitybai.<\/span><\/p>\n","protected":false},"excerpt":{"rendered":"<p><span style=\"font-weight: 400;\">Subalansuotas kasdienis \u0161lapias pa\u0161aras, skirtas suma\u017einti \u0161lapimo tak\u0173 lig\u0173 rizik\u0105 ir palaikyti ger\u0105 kat\u0117s sveikat\u0105. Tinka kat\u0117ms iki 8 met\u0173 am\u017eiaus, turin\u010dioms polink\u012f \u012f \u0161lapimo tak\u0173 ligas, struvit\u0173 kristalus ar idiopatin\u012f cistit\u0105.<\/span><\/p>\n","protected":false},"featured_media":11749,"template":"","meta":[],"product_brand":[],"product_cat":[114,102,118,326],"product_tag":[],"class_list":{"0":"post-11748","1":"product","2":"type-product","3":"status-publish","4":"has-post-thumbnail","6":"product_cat-kaciu-maistas","7":"product_cat-katems","8":"product_cat-veterinarinis-maistas-katems","9":"product_cat-specific-kaciu-maistas","10":"pa_prekinis-zenklas-specific","12":"first","13":"instock","14":"sale","15":"taxable","16":"shipping-taxable","17":"purchasable","18":"product-type-variable"},"yoast_head":"<!-- This site is optimized with the Yoast SEO Premium plugin v27.1 (Yoast SEO v27.5) - https:\/\/yoast.com\/product\/yoast-seo-premium-wordpress\/ -->\n<title>SPECIFIC\u2122 FCW konservai kat\u0117ms struvitini\u0173 akmen\u0173 profilaktikai - anivet.lt<\/title>\n<meta name=\"description\" content=\"Subalansuotas kasdienis \u0161lapias pa\u0161aras, skirtas suma\u017einti \u0161lapimo tak\u0173 lig\u0173 rizik\u0105 ir palaikyti ger\u0105 kat\u0117s sveikat\u0105. Tinka kat\u0117ms iki 8 met\u0173 am\u017eiaus, turin\u010dioms polink\u012f \u012f \u0161lapimo tak\u0173 ligas, struvit\u0173 kristalus ar idiopatin\u012f cistit\u0105.\" \/>\n<meta name=\"robots\" content=\"index, follow, max-snippet:-1, max-image-preview:large, max-video-preview:-1\" \/>\n<link rel=\"canonical\" href=\"https:\/\/anivet.lt\/elparduotuve\/produktas\/specific-fcw-konservai-katems-struvitiniu-akmenu-profilaktikai\/\" \/>\n<meta property=\"og:locale\" content=\"lt_LT\" \/>\n<meta property=\"og:type\" content=\"article\" \/>\n<meta property=\"og:title\" content=\"SPECIFIC\u2122 FCW konservai kat\u0117ms struvitini\u0173 akmen\u0173 profilaktikai\" \/>\n<meta property=\"og:description\" content=\"Subalansuotas kasdienis \u0161lapias pa\u0161aras, skirtas suma\u017einti \u0161lapimo tak\u0173 lig\u0173 rizik\u0105 ir palaikyti ger\u0105 kat\u0117s sveikat\u0105. Tinka kat\u0117ms iki 8 met\u0173 am\u017eiaus, turin\u010dioms polink\u012f \u012f \u0161lapimo tak\u0173 ligas, struvit\u0173 kristalus ar idiopatin\u012f cistit\u0105.\" \/>\n<meta property=\"og:url\" content=\"https:\/\/anivet.lt\/elparduotuve\/produktas\/specific-fcw-konservai-katems-struvitiniu-akmenu-profilaktikai\/\" \/>\n<meta property=\"og:site_name\" content=\"anivet.lt\" \/>\n<meta property=\"article:modified_time\" content=\"2026-04-16T10:32:37+00:00\" \/>\n<meta property=\"og:image\" content=\"https:\/\/anivet.lt\/elparduotuve\/wp-content\/uploads\/2023\/09\/FCW-e1695128096252.png\" \/>\n\t<meta property=\"og:image:width\" content=\"1276\" \/>\n\t<meta property=\"og:image:height\" content=\"1393\" \/>\n\t<meta property=\"og:image:type\" content=\"image\/png\" \/>\n<meta name=\"twitter:card\" content=\"summary_large_image\" \/>\n<meta name=\"twitter:label1\" content=\"Est. reading time\" \/>\n\t<meta name=\"twitter:data1\" content=\"1 minut\u0117\" \/>\n<script type=\"application\/ld+json\" class=\"yoast-schema-graph\">{\"@context\":\"https:\\\/\\\/schema.org\",\"@graph\":[{\"@type\":\"WebPage\",\"@id\":\"https:\\\/\\\/anivet.lt\\\/elparduotuve\\\/produktas\\\/specific-fcw-konservai-katems-struvitiniu-akmenu-profilaktikai\\\/\",\"url\":\"https:\\\/\\\/anivet.lt\\\/elparduotuve\\\/produktas\\\/specific-fcw-konservai-katems-struvitiniu-akmenu-profilaktikai\\\/\",\"name\":\"SPECIFIC\u2122 FCW konservai kat\u0117ms struvitini\u0173 akmen\u0173 profilaktikai - anivet.lt\",\"isPartOf\":{\"@id\":\"https:\\\/\\\/anivet.lt\\\/elparduotuve\\\/#website\"},\"primaryImageOfPage\":{\"@id\":\"https:\\\/\\\/anivet.lt\\\/elparduotuve\\\/produktas\\\/specific-fcw-konservai-katems-struvitiniu-akmenu-profilaktikai\\\/#primaryimage\"},\"image\":{\"@id\":\"https:\\\/\\\/anivet.lt\\\/elparduotuve\\\/produktas\\\/specific-fcw-konservai-katems-struvitiniu-akmenu-profilaktikai\\\/#primaryimage\"},\"thumbnailUrl\":\"https:\\\/\\\/anivet.lt\\\/elparduotuve\\\/wp-content\\\/uploads\\\/2023\\\/09\\\/FCW-e1695128096252.png\",\"datePublished\":\"2023-09-19T12:59:53+00:00\",\"dateModified\":\"2026-04-16T10:32:37+00:00\",\"description\":\"Subalansuotas kasdienis \u0161lapias pa\u0161aras, skirtas suma\u017einti \u0161lapimo tak\u0173 lig\u0173 rizik\u0105 ir palaikyti ger\u0105 kat\u0117s sveikat\u0105. Tinka kat\u0117ms iki 8 met\u0173 am\u017eiaus, turin\u010dioms polink\u012f \u012f \u0161lapimo tak\u0173 ligas, struvit\u0173 kristalus ar idiopatin\u012f cistit\u0105.\",\"breadcrumb\":{\"@id\":\"https:\\\/\\\/anivet.lt\\\/elparduotuve\\\/produktas\\\/specific-fcw-konservai-katems-struvitiniu-akmenu-profilaktikai\\\/#breadcrumb\"},\"inLanguage\":\"lt-LT\",\"potentialAction\":[{\"@type\":\"ReadAction\",\"target\":[\"https:\\\/\\\/anivet.lt\\\/elparduotuve\\\/produktas\\\/specific-fcw-konservai-katems-struvitiniu-akmenu-profilaktikai\\\/\"]}]},{\"@type\":\"ImageObject\",\"inLanguage\":\"lt-LT\",\"@id\":\"https:\\\/\\\/anivet.lt\\\/elparduotuve\\\/produktas\\\/specific-fcw-konservai-katems-struvitiniu-akmenu-profilaktikai\\\/#primaryimage\",\"url\":\"https:\\\/\\\/anivet.lt\\\/elparduotuve\\\/wp-content\\\/uploads\\\/2023\\\/09\\\/FCW-e1695128096252.png\",\"contentUrl\":\"https:\\\/\\\/anivet.lt\\\/elparduotuve\\\/wp-content\\\/uploads\\\/2023\\\/09\\\/FCW-e1695128096252.png\",\"width\":1276,\"height\":1393,\"caption\":\"SPECIFIC\u2122 FCW konservai kat\u0117ms struvitini\u0173 akmen\u0173 profilaktikai\"},{\"@type\":\"BreadcrumbList\",\"@id\":\"https:\\\/\\\/anivet.lt\\\/elparduotuve\\\/produktas\\\/specific-fcw-konservai-katems-struvitiniu-akmenu-profilaktikai\\\/#breadcrumb\",\"itemListElement\":[{\"@type\":\"ListItem\",\"position\":1,\"name\":\"Home\",\"item\":\"https:\\\/\\\/anivet.lt\\\/elparduotuve\\\/\"},{\"@type\":\"ListItem\",\"position\":2,\"name\":\"Produktai\",\"item\":\"https:\\\/\\\/anivet.lt\\\/elparduotuve\\\/produktai\\\/\"},{\"@type\":\"ListItem\",\"position\":3,\"name\":\"SPECIFIC\u2122 FCW konservai kat\u0117ms struvitini\u0173 akmen\u0173 profilaktikai\"}]},{\"@type\":\"WebSite\",\"@id\":\"https:\\\/\\\/anivet.lt\\\/elparduotuve\\\/#website\",\"url\":\"https:\\\/\\\/anivet.lt\\\/elparduotuve\\\/\",\"name\":\"anivet.lt\",\"description\":\"Viskas J\u016bs\u0173 \u0161uns, kat\u0117s prie\u017ei\u016brai\",\"publisher\":{\"@id\":\"https:\\\/\\\/anivet.lt\\\/elparduotuve\\\/#organization\"},\"alternateName\":\"Viskas J\u016bs\u0173 \u0161uns, kat\u0117s prie\u017ei\u016brai\",\"potentialAction\":[{\"@type\":\"SearchAction\",\"target\":{\"@type\":\"EntryPoint\",\"urlTemplate\":\"https:\\\/\\\/anivet.lt\\\/elparduotuve\\\/?s={search_term_string}\"},\"query-input\":{\"@type\":\"PropertyValueSpecification\",\"valueRequired\":true,\"valueName\":\"search_term_string\"}}],\"inLanguage\":\"lt-LT\"},{\"@type\":\"Organization\",\"@id\":\"https:\\\/\\\/anivet.lt\\\/elparduotuve\\\/#organization\",\"name\":\"Viskas J\u016bs\u0173 \u0161uns, kat\u0117s prie\u017ei\u016brai\",\"url\":\"https:\\\/\\\/anivet.lt\\\/elparduotuve\\\/\",\"logo\":{\"@type\":\"ImageObject\",\"inLanguage\":\"lt-LT\",\"@id\":\"https:\\\/\\\/anivet.lt\\\/elparduotuve\\\/#\\\/schema\\\/logo\\\/image\\\/\",\"url\":\"https:\\\/\\\/anivet.lt\\\/elparduotuve\\\/wp-content\\\/uploads\\\/2023\\\/06\\\/logo2.jpg\",\"contentUrl\":\"https:\\\/\\\/anivet.lt\\\/elparduotuve\\\/wp-content\\\/uploads\\\/2023\\\/06\\\/logo2.jpg\",\"width\":655,\"height\":194,\"caption\":\"Viskas J\u016bs\u0173 \u0161uns, kat\u0117s prie\u017ei\u016brai\"},\"image\":{\"@id\":\"https:\\\/\\\/anivet.lt\\\/elparduotuve\\\/#\\\/schema\\\/logo\\\/image\\\/\"}}]}<\/script>\n<!-- \/ Yoast SEO Premium plugin. -->","yoast_head_json":{"title":"SPECIFIC\u2122 FCW konservai kat\u0117ms struvitini\u0173 akmen\u0173 profilaktikai - anivet.lt","description":"Subalansuotas kasdienis \u0161lapias pa\u0161aras, skirtas suma\u017einti \u0161lapimo tak\u0173 lig\u0173 rizik\u0105 ir palaikyti ger\u0105 kat\u0117s sveikat\u0105. Tinka kat\u0117ms iki 8 met\u0173 am\u017eiaus, turin\u010dioms polink\u012f \u012f \u0161lapimo tak\u0173 ligas, struvit\u0173 kristalus ar idiopatin\u012f cistit\u0105.","robots":{"index":"index","follow":"follow","max-snippet":"max-snippet:-1","max-image-preview":"max-image-preview:large","max-video-preview":"max-video-preview:-1"},"canonical":"https:\/\/anivet.lt\/elparduotuve\/produktas\/specific-fcw-konservai-katems-struvitiniu-akmenu-profilaktikai\/","og_locale":"lt_LT","og_type":"article","og_title":"SPECIFIC\u2122 FCW konservai kat\u0117ms struvitini\u0173 akmen\u0173 profilaktikai","og_description":"Subalansuotas kasdienis \u0161lapias pa\u0161aras, skirtas suma\u017einti \u0161lapimo tak\u0173 lig\u0173 rizik\u0105 ir palaikyti ger\u0105 kat\u0117s sveikat\u0105. Tinka kat\u0117ms iki 8 met\u0173 am\u017eiaus, turin\u010dioms polink\u012f \u012f \u0161lapimo tak\u0173 ligas, struvit\u0173 kristalus ar idiopatin\u012f cistit\u0105.","og_url":"https:\/\/anivet.lt\/elparduotuve\/produktas\/specific-fcw-konservai-katems-struvitiniu-akmenu-profilaktikai\/","og_site_name":"anivet.lt","article_modified_time":"2026-04-16T10:32:37+00:00","og_image":[{"width":1276,"height":1393,"url":"https:\/\/anivet.lt\/elparduotuve\/wp-content\/uploads\/2023\/09\/FCW-e1695128096252.png","type":"image\/png"}],"twitter_card":"summary_large_image","twitter_misc":{"Est. reading time":"1 minut\u0117"},"schema":{"@context":"https:\/\/schema.org","@graph":[{"@type":"WebPage","@id":"https:\/\/anivet.lt\/elparduotuve\/produktas\/specific-fcw-konservai-katems-struvitiniu-akmenu-profilaktikai\/","url":"https:\/\/anivet.lt\/elparduotuve\/produktas\/specific-fcw-konservai-katems-struvitiniu-akmenu-profilaktikai\/","name":"SPECIFIC\u2122 FCW konservai kat\u0117ms struvitini\u0173 akmen\u0173 profilaktikai - anivet.lt","isPartOf":{"@id":"https:\/\/anivet.lt\/elparduotuve\/#website"},"primaryImageOfPage":{"@id":"https:\/\/anivet.lt\/elparduotuve\/produktas\/specific-fcw-konservai-katems-struvitiniu-akmenu-profilaktikai\/#primaryimage"},"image":{"@id":"https:\/\/anivet.lt\/elparduotuve\/produktas\/specific-fcw-konservai-katems-struvitiniu-akmenu-profilaktikai\/#primaryimage"},"thumbnailUrl":"https:\/\/anivet.lt\/elparduotuve\/wp-content\/uploads\/2023\/09\/FCW-e1695128096252.png","datePublished":"2023-09-19T12:59:53+00:00","dateModified":"2026-04-16T10:32:37+00:00","description":"Subalansuotas kasdienis \u0161lapias pa\u0161aras, skirtas suma\u017einti \u0161lapimo tak\u0173 lig\u0173 rizik\u0105 ir palaikyti ger\u0105 kat\u0117s sveikat\u0105. Tinka kat\u0117ms iki 8 met\u0173 am\u017eiaus, turin\u010dioms polink\u012f \u012f \u0161lapimo tak\u0173 ligas, struvit\u0173 kristalus ar idiopatin\u012f cistit\u0105.","breadcrumb":{"@id":"https:\/\/anivet.lt\/elparduotuve\/produktas\/specific-fcw-konservai-katems-struvitiniu-akmenu-profilaktikai\/#breadcrumb"},"inLanguage":"lt-LT","potentialAction":[{"@type":"ReadAction","target":["https:\/\/anivet.lt\/elparduotuve\/produktas\/specific-fcw-konservai-katems-struvitiniu-akmenu-profilaktikai\/"]}]},{"@type":"ImageObject","inLanguage":"lt-LT","@id":"https:\/\/anivet.lt\/elparduotuve\/produktas\/specific-fcw-konservai-katems-struvitiniu-akmenu-profilaktikai\/#primaryimage","url":"https:\/\/anivet.lt\/elparduotuve\/wp-content\/uploads\/2023\/09\/FCW-e1695128096252.png","contentUrl":"https:\/\/anivet.lt\/elparduotuve\/wp-content\/uploads\/2023\/09\/FCW-e1695128096252.png","width":1276,"height":1393,"caption":"SPECIFIC\u2122 FCW konservai kat\u0117ms struvitini\u0173 akmen\u0173 profilaktikai"},{"@type":"BreadcrumbList","@id":"https:\/\/anivet.lt\/elparduotuve\/produktas\/specific-fcw-konservai-katems-struvitiniu-akmenu-profilaktikai\/#breadcrumb","itemListElement":[{"@type":"ListItem","position":1,"name":"Home","item":"https:\/\/anivet.lt\/elparduotuve\/"},{"@type":"ListItem","position":2,"name":"Produktai","item":"https:\/\/anivet.lt\/elparduotuve\/produktai\/"},{"@type":"ListItem","position":3,"name":"SPECIFIC\u2122 FCW konservai kat\u0117ms struvitini\u0173 akmen\u0173 profilaktikai"}]},{"@type":"WebSite","@id":"https:\/\/anivet.lt\/elparduotuve\/#website","url":"https:\/\/anivet.lt\/elparduotuve\/","name":"anivet.lt","description":"Viskas J\u016bs\u0173 \u0161uns, kat\u0117s prie\u017ei\u016brai","publisher":{"@id":"https:\/\/anivet.lt\/elparduotuve\/#organization"},"alternateName":"Viskas J\u016bs\u0173 \u0161uns, kat\u0117s prie\u017ei\u016brai","potentialAction":[{"@type":"SearchAction","target":{"@type":"EntryPoint","urlTemplate":"https:\/\/anivet.lt\/elparduotuve\/?s={search_term_string}"},"query-input":{"@type":"PropertyValueSpecification","valueRequired":true,"valueName":"search_term_string"}}],"inLanguage":"lt-LT"},{"@type":"Organization","@id":"https:\/\/anivet.lt\/elparduotuve\/#organization","name":"Viskas J\u016bs\u0173 \u0161uns, kat\u0117s prie\u017ei\u016brai","url":"https:\/\/anivet.lt\/elparduotuve\/","logo":{"@type":"ImageObject","inLanguage":"lt-LT","@id":"https:\/\/anivet.lt\/elparduotuve\/#\/schema\/logo\/image\/","url":"https:\/\/anivet.lt\/elparduotuve\/wp-content\/uploads\/2023\/06\/logo2.jpg","contentUrl":"https:\/\/anivet.lt\/elparduotuve\/wp-content\/uploads\/2023\/06\/logo2.jpg","width":655,"height":194,"caption":"Viskas J\u016bs\u0173 \u0161uns, kat\u0117s prie\u017ei\u016brai"},"image":{"@id":"https:\/\/anivet.lt\/elparduotuve\/#\/schema\/logo\/image\/"}}]}},"_links":{"self":[{"href":"https:\/\/anivet.lt\/elparduotuve\/wp-json\/wp\/v2\/product\/11748","targetHints":{"allow":["GET"]}}],"collection":[{"href":"https:\/\/anivet.lt\/elparduotuve\/wp-json\/wp\/v2\/product"}],"about":[{"href":"https:\/\/anivet.lt\/elparduotuve\/wp-json\/wp\/v2\/types\/product"}],"wp:featuredmedia":[{"embeddable":true,"href":"https:\/\/anivet.lt\/elparduotuve\/wp-json\/wp\/v2\/media\/11749"}],"wp:attachment":[{"href":"https:\/\/anivet.lt\/elparduotuve\/wp-json\/wp\/v2\/media?parent=11748"}],"wp:term":[{"taxonomy":"product_brand","embeddable":true,"href":"https:\/\/anivet.lt\/elparduotuve\/wp-json\/wp\/v2\/product_brand?post=11748"},{"taxonomy":"product_cat","embeddable":true,"href":"https:\/\/anivet.lt\/elparduotuve\/wp-json\/wp\/v2\/product_cat?post=11748"},{"taxonomy":"product_tag","embeddable":true,"href":"https:\/\/anivet.lt\/elparduotuve\/wp-json\/wp\/v2\/product_tag?post=11748"}],"curies":[{"name":"wp","href":"https:\/\/api.w.org\/{rel}","templated":true}]}}