{"id":11751,"date":"2023-09-19T13:30:38","date_gmt":"2023-09-19T13:30:38","guid":{"rendered":"https:\/\/anivet.lt\/elparduotuve\/?post_type=product&#038;p=11751"},"modified":"2026-04-16T10:32:21","modified_gmt":"2026-04-16T10:32:21","slug":"specific-guliasas-katems-gabaleliai-drebuciuose-struvitu-profilaktikai","status":"publish","type":"product","link":"https:\/\/anivet.lt\/elparduotuve\/produktas\/specific-guliasas-katems-gabaleliai-drebuciuose-struvitu-profilaktikai\/","title":{"rendered":"SPECIFIC\u2122 FCW-P gulia\u0161as kat\u0117ms (gabal\u0117liai drebu\u010diuose) struvit\u0173 profilaktikai"},"content":{"rendered":"<ul>\n<li style=\"font-weight: 400;\" aria-level=\"1\"><span style=\"font-weight: 400;\">Struvit\u0173 ir oksalat\u0173 formavimosi prevencija: Ma\u017eos SPR vert\u0117s, suma\u017eintas magnio ir fosforo kiekis bei ma\u017eesnis nei 6,4 \u0161lapimo pH padeda tirpdyti esamus struvit\u0173 kristalus ir ma\u017eina nauj\u0173 susidarymo rizik\u0105.<\/span><\/li>\n<li style=\"font-weight: 400;\" aria-level=\"1\"><span style=\"font-weight: 400;\">Nat\u016brali \u0161lapimo p\u016bsl\u0117s apsauga: Chondroitinas stiprina \u0161lapimo p\u016bsl\u0117s sienel\u0117s glikozaminoglikano sluoksn\u012f, suteikiant\u012f nat\u016brali\u0105 apsaug\u0105.<\/span><\/li>\n<li style=\"font-weight: 400;\" aria-level=\"1\"><span style=\"font-weight: 400;\">Lengvai vir\u0161kinamas: Auk\u0161tos kokyb\u0117s sud\u0117tin\u0117s dalys u\u017etikrina maistini\u0173 med\u017eiag\u0173 \u012fsisavinim\u0105 ir suma\u017eina i\u0161mat\u0173 kiek\u012f.<\/span><\/li>\n<li style=\"font-weight: 400;\" aria-level=\"1\"><span style=\"font-weight: 400;\">Praturtintas omega-3 riebal\u0173 r\u016bg\u0161timis: EPA ir DHA palaiko sveik\u0105 odos, kailio ir s\u0105nari\u0173 b\u016bkl\u0119.<\/span><\/li>\n<li style=\"font-weight: 400;\" aria-level=\"1\"><span style=\"font-weight: 400;\">Subalansuota energijos sud\u0117tis: Tinka ir sveikoms kat\u0117ms su \u0161iek tiek didesniais energijos poreikiais, u\u017etikrinant optimal\u0173 svorio valdym\u0105.<\/span><\/li>\n<\/ul>\n<p><span style=\"font-weight: 400;\">\u0160is pa\u0161aras ne tik efektyviai padeda valdyti \u0161lapimo tak\u0173 sveikat\u0105, bet ir palaiko bendr\u0105 gerov\u0119 bei gyvybingum\u0105. Reguliarus vartojimas suma\u017eina pasikartojan\u010di\u0173 \u0161lapimo tak\u0173 problem\u0173 rizik\u0105 ir u\u017etikrina j\u016bs\u0173 kat\u0117s komfort\u0105.<\/span><\/p>\n","protected":false},"excerpt":{"rendered":"<p><span style=\"font-weight: 400;\">Kasdienis, subalansuotas pa\u0161aras sukurtas kat\u0117ms iki 8 met\u0173 am\u017eiaus, siekiant suma\u017einti \u0161lapimo tak\u0173 lig\u0173, toki\u0173 kaip struvit\u0173 akmenys, \u0161lapl\u0117s u\u017esikim\u0161imas ar idiopatinis cistitas, rizik\u0105. Tinka tiek profilaktikai, tiek jau sergan\u010dioms kat\u0117ms.<\/span><\/p>\n","protected":false},"featured_media":11752,"template":"","meta":[],"product_brand":[],"product_cat":[114,102,118,326],"product_tag":[],"class_list":{"0":"post-11751","1":"product","2":"type-product","3":"status-publish","4":"has-post-thumbnail","6":"product_cat-kaciu-maistas","7":"product_cat-katems","8":"product_cat-veterinarinis-maistas-katems","9":"product_cat-specific-kaciu-maistas","10":"pa_prekinis-zenklas-specific","12":"first","13":"instock","14":"sale","15":"taxable","16":"shipping-taxable","17":"purchasable","18":"product-type-variable"},"yoast_head":"<!-- This site is optimized with the Yoast SEO Premium plugin v27.1 (Yoast SEO v27.5) - https:\/\/yoast.com\/product\/yoast-seo-premium-wordpress\/ -->\n<title>SPECIFIC\u2122 FCW-P gulia\u0161as kat\u0117ms (gabal\u0117liai drebu\u010diuose) struvit\u0173 profilaktikai - anivet.lt<\/title>\n<meta name=\"description\" content=\"Kasdienis, subalansuotas pa\u0161aras sukurtas kat\u0117ms iki 8 met\u0173 am\u017eiaus, siekiant suma\u017einti \u0161lapimo tak\u0173 lig\u0173, toki\u0173 kaip struvit\u0173 akmenys, \u0161lapl\u0117s u\u017esikim\u0161imas ar idiopatinis cistitas, rizik\u0105. Tinka tiek profilaktikai, tiek jau sergan\u010dioms kat\u0117ms.\" \/>\n<meta name=\"robots\" content=\"index, follow, max-snippet:-1, max-image-preview:large, max-video-preview:-1\" \/>\n<link rel=\"canonical\" href=\"https:\/\/anivet.lt\/elparduotuve\/produktas\/specific-guliasas-katems-gabaleliai-drebuciuose-struvitu-profilaktikai\/\" \/>\n<meta property=\"og:locale\" content=\"lt_LT\" \/>\n<meta property=\"og:type\" content=\"article\" \/>\n<meta property=\"og:title\" content=\"SPECIFIC\u2122 FCW-P gulia\u0161as kat\u0117ms (gabal\u0117liai drebu\u010diuose) struvit\u0173 profilaktikai\" \/>\n<meta property=\"og:description\" content=\"Kasdienis, subalansuotas pa\u0161aras sukurtas kat\u0117ms iki 8 met\u0173 am\u017eiaus, siekiant suma\u017einti \u0161lapimo tak\u0173 lig\u0173, toki\u0173 kaip struvit\u0173 akmenys, \u0161lapl\u0117s u\u017esikim\u0161imas ar idiopatinis cistitas, rizik\u0105. Tinka tiek profilaktikai, tiek jau sergan\u010dioms kat\u0117ms.\" \/>\n<meta property=\"og:url\" content=\"https:\/\/anivet.lt\/elparduotuve\/produktas\/specific-guliasas-katems-gabaleliai-drebuciuose-struvitu-profilaktikai\/\" \/>\n<meta property=\"og:site_name\" content=\"anivet.lt\" \/>\n<meta property=\"article:modified_time\" content=\"2026-04-16T10:32:21+00:00\" \/>\n<meta property=\"og:image\" content=\"https:\/\/anivet.lt\/elparduotuve\/wp-content\/uploads\/2023\/09\/FCW-P-e1695129626302.png\" \/>\n\t<meta property=\"og:image:width\" content=\"1233\" \/>\n\t<meta property=\"og:image:height\" content=\"1426\" \/>\n\t<meta property=\"og:image:type\" content=\"image\/png\" \/>\n<meta name=\"twitter:card\" content=\"summary_large_image\" \/>\n<meta name=\"twitter:label1\" content=\"Est. reading time\" \/>\n\t<meta name=\"twitter:data1\" content=\"1 minut\u0117\" \/>\n<script type=\"application\/ld+json\" class=\"yoast-schema-graph\">{\"@context\":\"https:\\\/\\\/schema.org\",\"@graph\":[{\"@type\":\"WebPage\",\"@id\":\"https:\\\/\\\/anivet.lt\\\/elparduotuve\\\/produktas\\\/specific-guliasas-katems-gabaleliai-drebuciuose-struvitu-profilaktikai\\\/\",\"url\":\"https:\\\/\\\/anivet.lt\\\/elparduotuve\\\/produktas\\\/specific-guliasas-katems-gabaleliai-drebuciuose-struvitu-profilaktikai\\\/\",\"name\":\"SPECIFIC\u2122 FCW-P gulia\u0161as kat\u0117ms (gabal\u0117liai drebu\u010diuose) struvit\u0173 profilaktikai - anivet.lt\",\"isPartOf\":{\"@id\":\"https:\\\/\\\/anivet.lt\\\/elparduotuve\\\/#website\"},\"primaryImageOfPage\":{\"@id\":\"https:\\\/\\\/anivet.lt\\\/elparduotuve\\\/produktas\\\/specific-guliasas-katems-gabaleliai-drebuciuose-struvitu-profilaktikai\\\/#primaryimage\"},\"image\":{\"@id\":\"https:\\\/\\\/anivet.lt\\\/elparduotuve\\\/produktas\\\/specific-guliasas-katems-gabaleliai-drebuciuose-struvitu-profilaktikai\\\/#primaryimage\"},\"thumbnailUrl\":\"https:\\\/\\\/anivet.lt\\\/elparduotuve\\\/wp-content\\\/uploads\\\/2023\\\/09\\\/FCW-P-e1695129626302.png\",\"datePublished\":\"2023-09-19T13:30:38+00:00\",\"dateModified\":\"2026-04-16T10:32:21+00:00\",\"description\":\"Kasdienis, subalansuotas pa\u0161aras sukurtas kat\u0117ms iki 8 met\u0173 am\u017eiaus, siekiant suma\u017einti \u0161lapimo tak\u0173 lig\u0173, toki\u0173 kaip struvit\u0173 akmenys, \u0161lapl\u0117s u\u017esikim\u0161imas ar idiopatinis cistitas, rizik\u0105. Tinka tiek profilaktikai, tiek jau sergan\u010dioms kat\u0117ms.\",\"breadcrumb\":{\"@id\":\"https:\\\/\\\/anivet.lt\\\/elparduotuve\\\/produktas\\\/specific-guliasas-katems-gabaleliai-drebuciuose-struvitu-profilaktikai\\\/#breadcrumb\"},\"inLanguage\":\"lt-LT\",\"potentialAction\":[{\"@type\":\"ReadAction\",\"target\":[\"https:\\\/\\\/anivet.lt\\\/elparduotuve\\\/produktas\\\/specific-guliasas-katems-gabaleliai-drebuciuose-struvitu-profilaktikai\\\/\"]}]},{\"@type\":\"ImageObject\",\"inLanguage\":\"lt-LT\",\"@id\":\"https:\\\/\\\/anivet.lt\\\/elparduotuve\\\/produktas\\\/specific-guliasas-katems-gabaleliai-drebuciuose-struvitu-profilaktikai\\\/#primaryimage\",\"url\":\"https:\\\/\\\/anivet.lt\\\/elparduotuve\\\/wp-content\\\/uploads\\\/2023\\\/09\\\/FCW-P-e1695129626302.png\",\"contentUrl\":\"https:\\\/\\\/anivet.lt\\\/elparduotuve\\\/wp-content\\\/uploads\\\/2023\\\/09\\\/FCW-P-e1695129626302.png\",\"width\":1233,\"height\":1426,\"caption\":\"SPECIFIC\u2122 FCW-P gulia\u0161as kat\u0117ms (gabal\u0117liai drebu\u010diuose) struvit\u0173 profilaktikai\"},{\"@type\":\"BreadcrumbList\",\"@id\":\"https:\\\/\\\/anivet.lt\\\/elparduotuve\\\/produktas\\\/specific-guliasas-katems-gabaleliai-drebuciuose-struvitu-profilaktikai\\\/#breadcrumb\",\"itemListElement\":[{\"@type\":\"ListItem\",\"position\":1,\"name\":\"Home\",\"item\":\"https:\\\/\\\/anivet.lt\\\/elparduotuve\\\/\"},{\"@type\":\"ListItem\",\"position\":2,\"name\":\"Produktai\",\"item\":\"https:\\\/\\\/anivet.lt\\\/elparduotuve\\\/produktai\\\/\"},{\"@type\":\"ListItem\",\"position\":3,\"name\":\"SPECIFIC\u2122 FCW-P gulia\u0161as kat\u0117ms (gabal\u0117liai drebu\u010diuose) struvit\u0173 profilaktikai\"}]},{\"@type\":\"WebSite\",\"@id\":\"https:\\\/\\\/anivet.lt\\\/elparduotuve\\\/#website\",\"url\":\"https:\\\/\\\/anivet.lt\\\/elparduotuve\\\/\",\"name\":\"anivet.lt\",\"description\":\"Viskas J\u016bs\u0173 \u0161uns, kat\u0117s prie\u017ei\u016brai\",\"publisher\":{\"@id\":\"https:\\\/\\\/anivet.lt\\\/elparduotuve\\\/#organization\"},\"alternateName\":\"Viskas J\u016bs\u0173 \u0161uns, kat\u0117s prie\u017ei\u016brai\",\"potentialAction\":[{\"@type\":\"SearchAction\",\"target\":{\"@type\":\"EntryPoint\",\"urlTemplate\":\"https:\\\/\\\/anivet.lt\\\/elparduotuve\\\/?s={search_term_string}\"},\"query-input\":{\"@type\":\"PropertyValueSpecification\",\"valueRequired\":true,\"valueName\":\"search_term_string\"}}],\"inLanguage\":\"lt-LT\"},{\"@type\":\"Organization\",\"@id\":\"https:\\\/\\\/anivet.lt\\\/elparduotuve\\\/#organization\",\"name\":\"Viskas J\u016bs\u0173 \u0161uns, kat\u0117s prie\u017ei\u016brai\",\"url\":\"https:\\\/\\\/anivet.lt\\\/elparduotuve\\\/\",\"logo\":{\"@type\":\"ImageObject\",\"inLanguage\":\"lt-LT\",\"@id\":\"https:\\\/\\\/anivet.lt\\\/elparduotuve\\\/#\\\/schema\\\/logo\\\/image\\\/\",\"url\":\"https:\\\/\\\/anivet.lt\\\/elparduotuve\\\/wp-content\\\/uploads\\\/2023\\\/06\\\/logo2.jpg\",\"contentUrl\":\"https:\\\/\\\/anivet.lt\\\/elparduotuve\\\/wp-content\\\/uploads\\\/2023\\\/06\\\/logo2.jpg\",\"width\":655,\"height\":194,\"caption\":\"Viskas J\u016bs\u0173 \u0161uns, kat\u0117s prie\u017ei\u016brai\"},\"image\":{\"@id\":\"https:\\\/\\\/anivet.lt\\\/elparduotuve\\\/#\\\/schema\\\/logo\\\/image\\\/\"}}]}<\/script>\n<!-- \/ Yoast SEO Premium plugin. -->","yoast_head_json":{"title":"SPECIFIC\u2122 FCW-P gulia\u0161as kat\u0117ms (gabal\u0117liai drebu\u010diuose) struvit\u0173 profilaktikai - anivet.lt","description":"Kasdienis, subalansuotas pa\u0161aras sukurtas kat\u0117ms iki 8 met\u0173 am\u017eiaus, siekiant suma\u017einti \u0161lapimo tak\u0173 lig\u0173, toki\u0173 kaip struvit\u0173 akmenys, \u0161lapl\u0117s u\u017esikim\u0161imas ar idiopatinis cistitas, rizik\u0105. Tinka tiek profilaktikai, tiek jau sergan\u010dioms kat\u0117ms.","robots":{"index":"index","follow":"follow","max-snippet":"max-snippet:-1","max-image-preview":"max-image-preview:large","max-video-preview":"max-video-preview:-1"},"canonical":"https:\/\/anivet.lt\/elparduotuve\/produktas\/specific-guliasas-katems-gabaleliai-drebuciuose-struvitu-profilaktikai\/","og_locale":"lt_LT","og_type":"article","og_title":"SPECIFIC\u2122 FCW-P gulia\u0161as kat\u0117ms (gabal\u0117liai drebu\u010diuose) struvit\u0173 profilaktikai","og_description":"Kasdienis, subalansuotas pa\u0161aras sukurtas kat\u0117ms iki 8 met\u0173 am\u017eiaus, siekiant suma\u017einti \u0161lapimo tak\u0173 lig\u0173, toki\u0173 kaip struvit\u0173 akmenys, \u0161lapl\u0117s u\u017esikim\u0161imas ar idiopatinis cistitas, rizik\u0105. Tinka tiek profilaktikai, tiek jau sergan\u010dioms kat\u0117ms.","og_url":"https:\/\/anivet.lt\/elparduotuve\/produktas\/specific-guliasas-katems-gabaleliai-drebuciuose-struvitu-profilaktikai\/","og_site_name":"anivet.lt","article_modified_time":"2026-04-16T10:32:21+00:00","og_image":[{"width":1233,"height":1426,"url":"https:\/\/anivet.lt\/elparduotuve\/wp-content\/uploads\/2023\/09\/FCW-P-e1695129626302.png","type":"image\/png"}],"twitter_card":"summary_large_image","twitter_misc":{"Est. reading time":"1 minut\u0117"},"schema":{"@context":"https:\/\/schema.org","@graph":[{"@type":"WebPage","@id":"https:\/\/anivet.lt\/elparduotuve\/produktas\/specific-guliasas-katems-gabaleliai-drebuciuose-struvitu-profilaktikai\/","url":"https:\/\/anivet.lt\/elparduotuve\/produktas\/specific-guliasas-katems-gabaleliai-drebuciuose-struvitu-profilaktikai\/","name":"SPECIFIC\u2122 FCW-P gulia\u0161as kat\u0117ms (gabal\u0117liai drebu\u010diuose) struvit\u0173 profilaktikai - anivet.lt","isPartOf":{"@id":"https:\/\/anivet.lt\/elparduotuve\/#website"},"primaryImageOfPage":{"@id":"https:\/\/anivet.lt\/elparduotuve\/produktas\/specific-guliasas-katems-gabaleliai-drebuciuose-struvitu-profilaktikai\/#primaryimage"},"image":{"@id":"https:\/\/anivet.lt\/elparduotuve\/produktas\/specific-guliasas-katems-gabaleliai-drebuciuose-struvitu-profilaktikai\/#primaryimage"},"thumbnailUrl":"https:\/\/anivet.lt\/elparduotuve\/wp-content\/uploads\/2023\/09\/FCW-P-e1695129626302.png","datePublished":"2023-09-19T13:30:38+00:00","dateModified":"2026-04-16T10:32:21+00:00","description":"Kasdienis, subalansuotas pa\u0161aras sukurtas kat\u0117ms iki 8 met\u0173 am\u017eiaus, siekiant suma\u017einti \u0161lapimo tak\u0173 lig\u0173, toki\u0173 kaip struvit\u0173 akmenys, \u0161lapl\u0117s u\u017esikim\u0161imas ar idiopatinis cistitas, rizik\u0105. Tinka tiek profilaktikai, tiek jau sergan\u010dioms kat\u0117ms.","breadcrumb":{"@id":"https:\/\/anivet.lt\/elparduotuve\/produktas\/specific-guliasas-katems-gabaleliai-drebuciuose-struvitu-profilaktikai\/#breadcrumb"},"inLanguage":"lt-LT","potentialAction":[{"@type":"ReadAction","target":["https:\/\/anivet.lt\/elparduotuve\/produktas\/specific-guliasas-katems-gabaleliai-drebuciuose-struvitu-profilaktikai\/"]}]},{"@type":"ImageObject","inLanguage":"lt-LT","@id":"https:\/\/anivet.lt\/elparduotuve\/produktas\/specific-guliasas-katems-gabaleliai-drebuciuose-struvitu-profilaktikai\/#primaryimage","url":"https:\/\/anivet.lt\/elparduotuve\/wp-content\/uploads\/2023\/09\/FCW-P-e1695129626302.png","contentUrl":"https:\/\/anivet.lt\/elparduotuve\/wp-content\/uploads\/2023\/09\/FCW-P-e1695129626302.png","width":1233,"height":1426,"caption":"SPECIFIC\u2122 FCW-P gulia\u0161as kat\u0117ms (gabal\u0117liai drebu\u010diuose) struvit\u0173 profilaktikai"},{"@type":"BreadcrumbList","@id":"https:\/\/anivet.lt\/elparduotuve\/produktas\/specific-guliasas-katems-gabaleliai-drebuciuose-struvitu-profilaktikai\/#breadcrumb","itemListElement":[{"@type":"ListItem","position":1,"name":"Home","item":"https:\/\/anivet.lt\/elparduotuve\/"},{"@type":"ListItem","position":2,"name":"Produktai","item":"https:\/\/anivet.lt\/elparduotuve\/produktai\/"},{"@type":"ListItem","position":3,"name":"SPECIFIC\u2122 FCW-P gulia\u0161as kat\u0117ms (gabal\u0117liai drebu\u010diuose) struvit\u0173 profilaktikai"}]},{"@type":"WebSite","@id":"https:\/\/anivet.lt\/elparduotuve\/#website","url":"https:\/\/anivet.lt\/elparduotuve\/","name":"anivet.lt","description":"Viskas J\u016bs\u0173 \u0161uns, kat\u0117s prie\u017ei\u016brai","publisher":{"@id":"https:\/\/anivet.lt\/elparduotuve\/#organization"},"alternateName":"Viskas J\u016bs\u0173 \u0161uns, kat\u0117s prie\u017ei\u016brai","potentialAction":[{"@type":"SearchAction","target":{"@type":"EntryPoint","urlTemplate":"https:\/\/anivet.lt\/elparduotuve\/?s={search_term_string}"},"query-input":{"@type":"PropertyValueSpecification","valueRequired":true,"valueName":"search_term_string"}}],"inLanguage":"lt-LT"},{"@type":"Organization","@id":"https:\/\/anivet.lt\/elparduotuve\/#organization","name":"Viskas J\u016bs\u0173 \u0161uns, kat\u0117s prie\u017ei\u016brai","url":"https:\/\/anivet.lt\/elparduotuve\/","logo":{"@type":"ImageObject","inLanguage":"lt-LT","@id":"https:\/\/anivet.lt\/elparduotuve\/#\/schema\/logo\/image\/","url":"https:\/\/anivet.lt\/elparduotuve\/wp-content\/uploads\/2023\/06\/logo2.jpg","contentUrl":"https:\/\/anivet.lt\/elparduotuve\/wp-content\/uploads\/2023\/06\/logo2.jpg","width":655,"height":194,"caption":"Viskas J\u016bs\u0173 \u0161uns, kat\u0117s prie\u017ei\u016brai"},"image":{"@id":"https:\/\/anivet.lt\/elparduotuve\/#\/schema\/logo\/image\/"}}]}},"_links":{"self":[{"href":"https:\/\/anivet.lt\/elparduotuve\/wp-json\/wp\/v2\/product\/11751","targetHints":{"allow":["GET"]}}],"collection":[{"href":"https:\/\/anivet.lt\/elparduotuve\/wp-json\/wp\/v2\/product"}],"about":[{"href":"https:\/\/anivet.lt\/elparduotuve\/wp-json\/wp\/v2\/types\/product"}],"wp:featuredmedia":[{"embeddable":true,"href":"https:\/\/anivet.lt\/elparduotuve\/wp-json\/wp\/v2\/media\/11752"}],"wp:attachment":[{"href":"https:\/\/anivet.lt\/elparduotuve\/wp-json\/wp\/v2\/media?parent=11751"}],"wp:term":[{"taxonomy":"product_brand","embeddable":true,"href":"https:\/\/anivet.lt\/elparduotuve\/wp-json\/wp\/v2\/product_brand?post=11751"},{"taxonomy":"product_cat","embeddable":true,"href":"https:\/\/anivet.lt\/elparduotuve\/wp-json\/wp\/v2\/product_cat?post=11751"},{"taxonomy":"product_tag","embeddable":true,"href":"https:\/\/anivet.lt\/elparduotuve\/wp-json\/wp\/v2\/product_tag?post=11751"}],"curies":[{"name":"wp","href":"https:\/\/api.w.org\/{rel}","templated":true}]}}