{"id":11756,"date":"2023-09-19T14:15:57","date_gmt":"2023-09-19T14:15:57","guid":{"rendered":"https:\/\/anivet.lt\/elparduotuve\/?post_type=product&#038;p=11756"},"modified":"2026-04-16T10:06:19","modified_gmt":"2026-04-16T10:06:19","slug":"specific-cod-skin-function-support","status":"publish","type":"product","link":"https:\/\/anivet.lt\/elparduotuve\/produktas\/specific-cod-skin-function-support\/","title":{"rendered":"SPECIFIC\u2122 COD pa\u0161aras \u0161unims, kuriuos kamuoja atopijos arba blus\u0173 sukeltas alerginis dermatitas"},"content":{"rendered":"<ul>\n<li style=\"font-weight: 400;\" aria-level=\"1\"><span style=\"font-weight: 400;\">Didelis omega-3 ir omega-6 riebal\u0173 r\u016bg\u0161\u010di\u0173 kiekis: EPA, DHA ir GLA ma\u017eina u\u017edegim\u0105, gerina odos ir kailio b\u016bkl\u0119, palaiko imunin\u012f atsak\u0105.<\/span><\/li>\n<li style=\"font-weight: 400;\" aria-level=\"1\"><span style=\"font-weight: 400;\">Padidintas vitamin\u0173 ir mineral\u0173 kiekis: Vitaminai A, E, B grup\u0117s, cinkas ir selenas palaiko sveik\u0105 od\u0105, kail\u012f ir bendr\u0105 organizmo sveikat\u0105.<\/span><\/li>\n<li style=\"font-weight: 400;\" aria-level=\"1\"><span style=\"font-weight: 400;\">L-karnitinas ir taurinas: Stiprina \u0161irdies raumen\u0173 veikl\u0105, reguliuoja \u0161irdies ritm\u0105 ir ma\u017eina vandens kaupim\u0105si organizme.<\/span><\/li>\n<li style=\"font-weight: 400;\" aria-level=\"1\"><span style=\"font-weight: 400;\">Didel\u0117 energin\u0117 vert\u0117: Palengvina sveikim\u0105 po traum\u0173, operacij\u0173 ar lig\u0173, palaiko ger\u0105 apetit\u0105 ir ma\u017eina kacheksijos simptomus.<\/span><\/li>\n<li style=\"font-weight: 400;\" aria-level=\"1\"><span style=\"font-weight: 400;\">Beta gliukanai ir agurkl\u0117s aliejus: Stiprina imunin\u0119 sistem\u0105 ir ma\u017eina u\u017edegimini\u0173 proces\u0173 poveik\u012f.<\/span><\/li>\n<\/ul>\n<p><span style=\"font-weight: 400;\">\u0160is pa\u0161aras padeda gerinti \u0161un\u0173, sergan\u010di\u0173 alergin\u0117mis dermatoz\u0117mis ar imunin\u0117mis ligomis, b\u016bkl\u0119 ir palaiko j\u0173 sveikim\u0105. Siekiant geriausi\u0173 rezultat\u0173, rekomenduojama naudoti 6\u201312 savai\u010di\u0173, stebint akivaizd\u0173 odos ir bendros sveikatos pager\u0117jim\u0105. Puikiai tinka kasdieniam \u0161\u0117rimui ir specialiems sveikatos poreikiams.<\/span><\/p>\n<h3><b>Nerekomenduojama<\/b><b>:<\/b><\/h3>\n<ul>\n<li style=\"font-weight: 400;\" aria-level=\"1\"><span style=\"font-weight: 400;\">Jauniems \u0161uniukams, vaikingoms ir maitinan\u010dioms kal\u0117ms. Augantiems ir reprodukciniu laikotarpiu rekomenduojama vartoti SPECIFIC\u2122 COD-HY Allergen Management Plus.<\/span><\/li>\n<li style=\"font-weight: 400;\" aria-level=\"1\"><span style=\"font-weight: 400;\">\u0160unims su kraujo kre\u0161\u0117jimo sutrikimais.<\/span><\/li>\n<li style=\"font-weight: 400;\" aria-level=\"1\"><span style=\"font-weight: 400;\">\u0160unims su hiperlipidemija.<\/span><\/li>\n<\/ul>\n","protected":false},"excerpt":{"rendered":"<p><span style=\"font-weight: 400;\">Visavertis ir subalansuotas pa\u0161aras \u0161unims, ken\u010diantiems nuo atopijos, blus\u0173 sukelt\u0173 alergini\u0173 dermatit\u0173, \u0161irdies nepakankamumo, kacheksijos, anoreksijos ar sveikstantiems po operacij\u0173. Taip pat tinkamas \u0161unims, sergantiems odos ir kailio problemomis, v\u0117\u017eiu, imuniniais sutrikimais ar u\u017edegimin\u0117mis ligomis.<\/span><\/p>\n","protected":false},"featured_media":11759,"template":"","meta":[],"product_brand":[],"product_cat":[101,103,107,321],"product_tag":[],"class_list":{"0":"post-11756","1":"product","2":"type-product","3":"status-publish","4":"has-post-thumbnail","6":"product_cat-sunims","7":"product_cat-sunu-maistas","8":"product_cat-veterinarine-dieta","9":"product_cat-specific-sunu-maistas","10":"pa_prekinis-zenklas-specific","12":"first","13":"instock","14":"sale","15":"taxable","16":"shipping-taxable","17":"purchasable","18":"product-type-variable"},"yoast_head":"<!-- This site is optimized with the Yoast SEO Premium plugin v27.1 (Yoast SEO v27.5) - https:\/\/yoast.com\/product\/yoast-seo-premium-wordpress\/ -->\n<title>SPECIFIC\u2122 COD pa\u0161aras \u0161unims, kuriuos kamuoja atopijos arba blus\u0173 sukeltas alerginis dermatitas - anivet.lt<\/title>\n<meta name=\"description\" content=\"Visavertis ir subalansuotas pa\u0161aras \u0161unims, ken\u010diantiems nuo atopijos, blus\u0173 sukelt\u0173 alergini\u0173 dermatit\u0173, \u0161irdies nepakankamumo, kacheksijos, anoreksijos ar sveikstantiems po operacij\u0173. Taip pat tinkamas \u0161unims, sergantiems odos ir kailio problemomis, v\u0117\u017eiu, imuniniais sutrikimais ar u\u017edegimin\u0117mis ligomis.\" \/>\n<meta name=\"robots\" content=\"index, follow, max-snippet:-1, max-image-preview:large, max-video-preview:-1\" \/>\n<link rel=\"canonical\" href=\"https:\/\/anivet.lt\/elparduotuve\/produktas\/specific-cod-skin-function-support\/\" \/>\n<meta property=\"og:locale\" content=\"lt_LT\" \/>\n<meta property=\"og:type\" content=\"article\" \/>\n<meta property=\"og:title\" content=\"SPECIFIC\u2122 COD pa\u0161aras \u0161unims, kuriuos kamuoja atopijos arba blus\u0173 sukeltas alerginis dermatitas\" \/>\n<meta property=\"og:description\" content=\"Visavertis ir subalansuotas pa\u0161aras \u0161unims, ken\u010diantiems nuo atopijos, blus\u0173 sukelt\u0173 alergini\u0173 dermatit\u0173, \u0161irdies nepakankamumo, kacheksijos, anoreksijos ar sveikstantiems po operacij\u0173. Taip pat tinkamas \u0161unims, sergantiems odos ir kailio problemomis, v\u0117\u017eiu, imuniniais sutrikimais ar u\u017edegimin\u0117mis ligomis.\" \/>\n<meta property=\"og:url\" content=\"https:\/\/anivet.lt\/elparduotuve\/produktas\/specific-cod-skin-function-support\/\" \/>\n<meta property=\"og:site_name\" content=\"anivet.lt\" \/>\n<meta property=\"article:modified_time\" content=\"2026-04-16T10:06:19+00:00\" \/>\n<meta property=\"og:image\" content=\"https:\/\/anivet.lt\/elparduotuve\/wp-content\/uploads\/2023\/09\/lsZYKJNuQsJh7kzO2dZu8BkumpU1hTWuPoAAE307.png\" \/>\n\t<meta property=\"og:image:width\" content=\"1970\" \/>\n\t<meta property=\"og:image:height\" content=\"2000\" \/>\n\t<meta property=\"og:image:type\" content=\"image\/png\" \/>\n<meta name=\"twitter:card\" content=\"summary_large_image\" \/>\n<meta name=\"twitter:label1\" content=\"Est. reading time\" \/>\n\t<meta name=\"twitter:data1\" content=\"2 minut\u0117s\" \/>\n<script type=\"application\/ld+json\" class=\"yoast-schema-graph\">{\"@context\":\"https:\\\/\\\/schema.org\",\"@graph\":[{\"@type\":\"WebPage\",\"@id\":\"https:\\\/\\\/anivet.lt\\\/elparduotuve\\\/produktas\\\/specific-cod-skin-function-support\\\/\",\"url\":\"https:\\\/\\\/anivet.lt\\\/elparduotuve\\\/produktas\\\/specific-cod-skin-function-support\\\/\",\"name\":\"SPECIFIC\u2122 COD pa\u0161aras \u0161unims, kuriuos kamuoja atopijos arba blus\u0173 sukeltas alerginis dermatitas - anivet.lt\",\"isPartOf\":{\"@id\":\"https:\\\/\\\/anivet.lt\\\/elparduotuve\\\/#website\"},\"primaryImageOfPage\":{\"@id\":\"https:\\\/\\\/anivet.lt\\\/elparduotuve\\\/produktas\\\/specific-cod-skin-function-support\\\/#primaryimage\"},\"image\":{\"@id\":\"https:\\\/\\\/anivet.lt\\\/elparduotuve\\\/produktas\\\/specific-cod-skin-function-support\\\/#primaryimage\"},\"thumbnailUrl\":\"https:\\\/\\\/anivet.lt\\\/elparduotuve\\\/wp-content\\\/uploads\\\/2023\\\/09\\\/lsZYKJNuQsJh7kzO2dZu8BkumpU1hTWuPoAAE307.png\",\"datePublished\":\"2023-09-19T14:15:57+00:00\",\"dateModified\":\"2026-04-16T10:06:19+00:00\",\"description\":\"Visavertis ir subalansuotas pa\u0161aras \u0161unims, ken\u010diantiems nuo atopijos, blus\u0173 sukelt\u0173 alergini\u0173 dermatit\u0173, \u0161irdies nepakankamumo, kacheksijos, anoreksijos ar sveikstantiems po operacij\u0173. Taip pat tinkamas \u0161unims, sergantiems odos ir kailio problemomis, v\u0117\u017eiu, imuniniais sutrikimais ar u\u017edegimin\u0117mis ligomis.\",\"breadcrumb\":{\"@id\":\"https:\\\/\\\/anivet.lt\\\/elparduotuve\\\/produktas\\\/specific-cod-skin-function-support\\\/#breadcrumb\"},\"inLanguage\":\"lt-LT\",\"potentialAction\":[{\"@type\":\"ReadAction\",\"target\":[\"https:\\\/\\\/anivet.lt\\\/elparduotuve\\\/produktas\\\/specific-cod-skin-function-support\\\/\"]}]},{\"@type\":\"ImageObject\",\"inLanguage\":\"lt-LT\",\"@id\":\"https:\\\/\\\/anivet.lt\\\/elparduotuve\\\/produktas\\\/specific-cod-skin-function-support\\\/#primaryimage\",\"url\":\"https:\\\/\\\/anivet.lt\\\/elparduotuve\\\/wp-content\\\/uploads\\\/2023\\\/09\\\/lsZYKJNuQsJh7kzO2dZu8BkumpU1hTWuPoAAE307.png\",\"contentUrl\":\"https:\\\/\\\/anivet.lt\\\/elparduotuve\\\/wp-content\\\/uploads\\\/2023\\\/09\\\/lsZYKJNuQsJh7kzO2dZu8BkumpU1hTWuPoAAE307.png\",\"width\":1970,\"height\":2000,\"caption\":\"SPECIFIC\u2122 COD pa\u0161aras \u0161unims, kuriuos kamuoja atopijos arba blus\u0173 sukeltas alerginis dermatitas\"},{\"@type\":\"BreadcrumbList\",\"@id\":\"https:\\\/\\\/anivet.lt\\\/elparduotuve\\\/produktas\\\/specific-cod-skin-function-support\\\/#breadcrumb\",\"itemListElement\":[{\"@type\":\"ListItem\",\"position\":1,\"name\":\"Home\",\"item\":\"https:\\\/\\\/anivet.lt\\\/elparduotuve\\\/\"},{\"@type\":\"ListItem\",\"position\":2,\"name\":\"Produktai\",\"item\":\"https:\\\/\\\/anivet.lt\\\/elparduotuve\\\/produktai\\\/\"},{\"@type\":\"ListItem\",\"position\":3,\"name\":\"SPECIFIC\u2122 COD pa\u0161aras \u0161unims, kuriuos kamuoja atopijos arba blus\u0173 sukeltas alerginis dermatitas\"}]},{\"@type\":\"WebSite\",\"@id\":\"https:\\\/\\\/anivet.lt\\\/elparduotuve\\\/#website\",\"url\":\"https:\\\/\\\/anivet.lt\\\/elparduotuve\\\/\",\"name\":\"anivet.lt\",\"description\":\"Viskas J\u016bs\u0173 \u0161uns, kat\u0117s prie\u017ei\u016brai\",\"publisher\":{\"@id\":\"https:\\\/\\\/anivet.lt\\\/elparduotuve\\\/#organization\"},\"alternateName\":\"Viskas J\u016bs\u0173 \u0161uns, kat\u0117s prie\u017ei\u016brai\",\"potentialAction\":[{\"@type\":\"SearchAction\",\"target\":{\"@type\":\"EntryPoint\",\"urlTemplate\":\"https:\\\/\\\/anivet.lt\\\/elparduotuve\\\/?s={search_term_string}\"},\"query-input\":{\"@type\":\"PropertyValueSpecification\",\"valueRequired\":true,\"valueName\":\"search_term_string\"}}],\"inLanguage\":\"lt-LT\"},{\"@type\":\"Organization\",\"@id\":\"https:\\\/\\\/anivet.lt\\\/elparduotuve\\\/#organization\",\"name\":\"Viskas J\u016bs\u0173 \u0161uns, kat\u0117s prie\u017ei\u016brai\",\"url\":\"https:\\\/\\\/anivet.lt\\\/elparduotuve\\\/\",\"logo\":{\"@type\":\"ImageObject\",\"inLanguage\":\"lt-LT\",\"@id\":\"https:\\\/\\\/anivet.lt\\\/elparduotuve\\\/#\\\/schema\\\/logo\\\/image\\\/\",\"url\":\"https:\\\/\\\/anivet.lt\\\/elparduotuve\\\/wp-content\\\/uploads\\\/2023\\\/06\\\/logo2.jpg\",\"contentUrl\":\"https:\\\/\\\/anivet.lt\\\/elparduotuve\\\/wp-content\\\/uploads\\\/2023\\\/06\\\/logo2.jpg\",\"width\":655,\"height\":194,\"caption\":\"Viskas J\u016bs\u0173 \u0161uns, kat\u0117s prie\u017ei\u016brai\"},\"image\":{\"@id\":\"https:\\\/\\\/anivet.lt\\\/elparduotuve\\\/#\\\/schema\\\/logo\\\/image\\\/\"}}]}<\/script>\n<!-- \/ Yoast SEO Premium plugin. -->","yoast_head_json":{"title":"SPECIFIC\u2122 COD pa\u0161aras \u0161unims, kuriuos kamuoja atopijos arba blus\u0173 sukeltas alerginis dermatitas - anivet.lt","description":"Visavertis ir subalansuotas pa\u0161aras \u0161unims, ken\u010diantiems nuo atopijos, blus\u0173 sukelt\u0173 alergini\u0173 dermatit\u0173, \u0161irdies nepakankamumo, kacheksijos, anoreksijos ar sveikstantiems po operacij\u0173. Taip pat tinkamas \u0161unims, sergantiems odos ir kailio problemomis, v\u0117\u017eiu, imuniniais sutrikimais ar u\u017edegimin\u0117mis ligomis.","robots":{"index":"index","follow":"follow","max-snippet":"max-snippet:-1","max-image-preview":"max-image-preview:large","max-video-preview":"max-video-preview:-1"},"canonical":"https:\/\/anivet.lt\/elparduotuve\/produktas\/specific-cod-skin-function-support\/","og_locale":"lt_LT","og_type":"article","og_title":"SPECIFIC\u2122 COD pa\u0161aras \u0161unims, kuriuos kamuoja atopijos arba blus\u0173 sukeltas alerginis dermatitas","og_description":"Visavertis ir subalansuotas pa\u0161aras \u0161unims, ken\u010diantiems nuo atopijos, blus\u0173 sukelt\u0173 alergini\u0173 dermatit\u0173, \u0161irdies nepakankamumo, kacheksijos, anoreksijos ar sveikstantiems po operacij\u0173. Taip pat tinkamas \u0161unims, sergantiems odos ir kailio problemomis, v\u0117\u017eiu, imuniniais sutrikimais ar u\u017edegimin\u0117mis ligomis.","og_url":"https:\/\/anivet.lt\/elparduotuve\/produktas\/specific-cod-skin-function-support\/","og_site_name":"anivet.lt","article_modified_time":"2026-04-16T10:06:19+00:00","og_image":[{"width":1970,"height":2000,"url":"https:\/\/anivet.lt\/elparduotuve\/wp-content\/uploads\/2023\/09\/lsZYKJNuQsJh7kzO2dZu8BkumpU1hTWuPoAAE307.png","type":"image\/png"}],"twitter_card":"summary_large_image","twitter_misc":{"Est. reading time":"2 minut\u0117s"},"schema":{"@context":"https:\/\/schema.org","@graph":[{"@type":"WebPage","@id":"https:\/\/anivet.lt\/elparduotuve\/produktas\/specific-cod-skin-function-support\/","url":"https:\/\/anivet.lt\/elparduotuve\/produktas\/specific-cod-skin-function-support\/","name":"SPECIFIC\u2122 COD pa\u0161aras \u0161unims, kuriuos kamuoja atopijos arba blus\u0173 sukeltas alerginis dermatitas - anivet.lt","isPartOf":{"@id":"https:\/\/anivet.lt\/elparduotuve\/#website"},"primaryImageOfPage":{"@id":"https:\/\/anivet.lt\/elparduotuve\/produktas\/specific-cod-skin-function-support\/#primaryimage"},"image":{"@id":"https:\/\/anivet.lt\/elparduotuve\/produktas\/specific-cod-skin-function-support\/#primaryimage"},"thumbnailUrl":"https:\/\/anivet.lt\/elparduotuve\/wp-content\/uploads\/2023\/09\/lsZYKJNuQsJh7kzO2dZu8BkumpU1hTWuPoAAE307.png","datePublished":"2023-09-19T14:15:57+00:00","dateModified":"2026-04-16T10:06:19+00:00","description":"Visavertis ir subalansuotas pa\u0161aras \u0161unims, ken\u010diantiems nuo atopijos, blus\u0173 sukelt\u0173 alergini\u0173 dermatit\u0173, \u0161irdies nepakankamumo, kacheksijos, anoreksijos ar sveikstantiems po operacij\u0173. Taip pat tinkamas \u0161unims, sergantiems odos ir kailio problemomis, v\u0117\u017eiu, imuniniais sutrikimais ar u\u017edegimin\u0117mis ligomis.","breadcrumb":{"@id":"https:\/\/anivet.lt\/elparduotuve\/produktas\/specific-cod-skin-function-support\/#breadcrumb"},"inLanguage":"lt-LT","potentialAction":[{"@type":"ReadAction","target":["https:\/\/anivet.lt\/elparduotuve\/produktas\/specific-cod-skin-function-support\/"]}]},{"@type":"ImageObject","inLanguage":"lt-LT","@id":"https:\/\/anivet.lt\/elparduotuve\/produktas\/specific-cod-skin-function-support\/#primaryimage","url":"https:\/\/anivet.lt\/elparduotuve\/wp-content\/uploads\/2023\/09\/lsZYKJNuQsJh7kzO2dZu8BkumpU1hTWuPoAAE307.png","contentUrl":"https:\/\/anivet.lt\/elparduotuve\/wp-content\/uploads\/2023\/09\/lsZYKJNuQsJh7kzO2dZu8BkumpU1hTWuPoAAE307.png","width":1970,"height":2000,"caption":"SPECIFIC\u2122 COD pa\u0161aras \u0161unims, kuriuos kamuoja atopijos arba blus\u0173 sukeltas alerginis dermatitas"},{"@type":"BreadcrumbList","@id":"https:\/\/anivet.lt\/elparduotuve\/produktas\/specific-cod-skin-function-support\/#breadcrumb","itemListElement":[{"@type":"ListItem","position":1,"name":"Home","item":"https:\/\/anivet.lt\/elparduotuve\/"},{"@type":"ListItem","position":2,"name":"Produktai","item":"https:\/\/anivet.lt\/elparduotuve\/produktai\/"},{"@type":"ListItem","position":3,"name":"SPECIFIC\u2122 COD pa\u0161aras \u0161unims, kuriuos kamuoja atopijos arba blus\u0173 sukeltas alerginis dermatitas"}]},{"@type":"WebSite","@id":"https:\/\/anivet.lt\/elparduotuve\/#website","url":"https:\/\/anivet.lt\/elparduotuve\/","name":"anivet.lt","description":"Viskas J\u016bs\u0173 \u0161uns, kat\u0117s prie\u017ei\u016brai","publisher":{"@id":"https:\/\/anivet.lt\/elparduotuve\/#organization"},"alternateName":"Viskas J\u016bs\u0173 \u0161uns, kat\u0117s prie\u017ei\u016brai","potentialAction":[{"@type":"SearchAction","target":{"@type":"EntryPoint","urlTemplate":"https:\/\/anivet.lt\/elparduotuve\/?s={search_term_string}"},"query-input":{"@type":"PropertyValueSpecification","valueRequired":true,"valueName":"search_term_string"}}],"inLanguage":"lt-LT"},{"@type":"Organization","@id":"https:\/\/anivet.lt\/elparduotuve\/#organization","name":"Viskas J\u016bs\u0173 \u0161uns, kat\u0117s prie\u017ei\u016brai","url":"https:\/\/anivet.lt\/elparduotuve\/","logo":{"@type":"ImageObject","inLanguage":"lt-LT","@id":"https:\/\/anivet.lt\/elparduotuve\/#\/schema\/logo\/image\/","url":"https:\/\/anivet.lt\/elparduotuve\/wp-content\/uploads\/2023\/06\/logo2.jpg","contentUrl":"https:\/\/anivet.lt\/elparduotuve\/wp-content\/uploads\/2023\/06\/logo2.jpg","width":655,"height":194,"caption":"Viskas J\u016bs\u0173 \u0161uns, kat\u0117s prie\u017ei\u016brai"},"image":{"@id":"https:\/\/anivet.lt\/elparduotuve\/#\/schema\/logo\/image\/"}}]}},"_links":{"self":[{"href":"https:\/\/anivet.lt\/elparduotuve\/wp-json\/wp\/v2\/product\/11756","targetHints":{"allow":["GET"]}}],"collection":[{"href":"https:\/\/anivet.lt\/elparduotuve\/wp-json\/wp\/v2\/product"}],"about":[{"href":"https:\/\/anivet.lt\/elparduotuve\/wp-json\/wp\/v2\/types\/product"}],"wp:featuredmedia":[{"embeddable":true,"href":"https:\/\/anivet.lt\/elparduotuve\/wp-json\/wp\/v2\/media\/11759"}],"wp:attachment":[{"href":"https:\/\/anivet.lt\/elparduotuve\/wp-json\/wp\/v2\/media?parent=11756"}],"wp:term":[{"taxonomy":"product_brand","embeddable":true,"href":"https:\/\/anivet.lt\/elparduotuve\/wp-json\/wp\/v2\/product_brand?post=11756"},{"taxonomy":"product_cat","embeddable":true,"href":"https:\/\/anivet.lt\/elparduotuve\/wp-json\/wp\/v2\/product_cat?post=11756"},{"taxonomy":"product_tag","embeddable":true,"href":"https:\/\/anivet.lt\/elparduotuve\/wp-json\/wp\/v2\/product_tag?post=11756"}],"curies":[{"name":"wp","href":"https:\/\/api.w.org\/{rel}","templated":true}]}}