{"id":11766,"date":"2023-09-19T14:25:58","date_gmt":"2023-09-19T14:25:58","guid":{"rendered":"https:\/\/anivet.lt\/elparduotuve\/?post_type=product&#038;p=11766"},"modified":"2026-04-16T10:31:45","modified_gmt":"2026-04-16T10:31:45","slug":"specific-fkw-p-guliasas-katems-gabaleliai-drebuciuose-inkstams-ir-kepenims-stiprinti","status":"publish","type":"product","link":"https:\/\/anivet.lt\/elparduotuve\/produktas\/specific-fkw-p-guliasas-katems-gabaleliai-drebuciuose-inkstams-ir-kepenims-stiprinti\/","title":{"rendered":"SPECIFIC\u2122 FKW-P gulia\u0161as kat\u0117ms (gabal\u0117liai drebu\u010diuose) inkstams ir kepenims stiprinti"},"content":{"rendered":"<p><span style=\"font-weight: 400;\">\u0160is pa\u0161aras sukurtas specialiai kat\u0117ms, sergan\u010dioms inkst\u0173 ar kepen\u0173 nepakankamumu. \u201eSpecific FKW-P Kidney Support\u201c sud\u0117tyje yra subalansuotos maistin\u0117s med\u017eiagos, padedan\u010dios l\u0117tinti ligos progres\u0105, palaikyti organizmo funkcijas ir skatinti ger\u0105 savijaut\u0105.<\/span><\/p>\n<ul>\n<li style=\"font-weight: 400;\"><span style=\"font-weight: 400;\">Ribotas fosforo kiekis: Padeda l\u0117tinti inkst\u0173 nepakankamumo progresavim\u0105 ir ma\u017eina hiperfosfatemijos rizik\u0105.<\/span><\/li>\n<li style=\"font-weight: 400;\"><span style=\"font-weight: 400;\">EPA ir DHA (omega-3): Palaiko lies\u0105 k\u016bno mas\u0119, gerina apetit\u0105, kraujosp\u016bd\u012f ir ma\u017eina u\u017edegimus.<\/span><\/li>\n<li style=\"font-weight: 400;\"><span style=\"font-weight: 400;\">Suma\u017eintas baltym\u0173 kiekis: Suma\u017eina azotemijos ir hiperamonemijos rizik\u0105, tuo pa\u010diu u\u017etikrina b\u016btinas aminor\u016bg\u0161tis organizmui.<\/span><\/li>\n<li style=\"font-weight: 400;\"><span style=\"font-weight: 400;\">\u0160arminis \u0161lapimo pH: Apsaugo nuo kalcio oksalat\u0173, cistin\u0173 ir urat\u0173 kristal\u0173 susidarymo.<\/span><\/li>\n<li style=\"font-weight: 400;\"><span style=\"font-weight: 400;\">Suma\u017eintas vario kiekis: Tinkamas kat\u0117ms su kepen\u0173 sutrikimais, ma\u017eina vario kaupimosi rizik\u0105.<\/span><\/li>\n<li style=\"font-weight: 400;\"><span style=\"font-weight: 400;\">Padidintas kalio kiekis: Padeda palaikyti normali\u0105 kalio koncentracij\u0105 kraujyje.<\/span><\/li>\n<\/ul>\n<p><span style=\"font-weight: 400;\">\u201eSpecific FKW-P Kidney Support\u201c yra idealiai subalansuotas pa\u0161aras, skirtas palaikyti jautri\u0173 ka\u010di\u0173 sveikat\u0105. Jo sud\u0117tis ne tik l\u0117tina ligos progresavim\u0105, bet ir apsaugo nuo galim\u0173 komplikacij\u0173, toki\u0173 kaip kristal\u0173 susidarymas ar vario kaupimasis.\u00a0<\/span><\/p>\n","protected":false},"excerpt":{"rendered":"<p>\u0160is pa\u0161aras sukurtas specialiai kat\u0117ms, sergan\u010dioms inkst\u0173 ar kepen\u0173 nepakankamumu. \u201eSpecific FKW-P Kidney Support\u201c sud\u0117tyje yra subalansuotos maistin\u0117s med\u017eiagos, padedan\u010dios<\/p>\n","protected":false},"featured_media":11767,"template":"","meta":[],"product_brand":[],"product_cat":[114,102,118,326],"product_tag":[],"class_list":{"0":"post-11766","1":"product","2":"type-product","3":"status-publish","4":"has-post-thumbnail","6":"product_cat-kaciu-maistas","7":"product_cat-katems","8":"product_cat-veterinarinis-maistas-katems","9":"product_cat-specific-kaciu-maistas","10":"pa_prekinis-zenklas-specific","12":"first","13":"instock","14":"sale","15":"taxable","16":"shipping-taxable","17":"purchasable","18":"product-type-variable"},"yoast_head":"<!-- This site is optimized with the Yoast SEO Premium plugin v27.1 (Yoast SEO v27.5) - https:\/\/yoast.com\/product\/yoast-seo-premium-wordpress\/ -->\n<title>SPECIFIC\u2122 FKW-P gulia\u0161as kat\u0117ms (gabal\u0117liai drebu\u010diuose) inkstams ir kepenims stiprinti - anivet.lt<\/title>\n<meta name=\"description\" content=\"\u0160is pa\u0161aras sukurtas specialiai kat\u0117ms, sergan\u010dioms inkst\u0173 ar kepen\u0173 nepakankamumu. \u201eSpecific FKW-P Kidney Support\u201c sud\u0117tyje yra subalansuotos maistin\u0117s\" \/>\n<meta name=\"robots\" content=\"index, follow, max-snippet:-1, max-image-preview:large, max-video-preview:-1\" \/>\n<link rel=\"canonical\" href=\"https:\/\/anivet.lt\/elparduotuve\/produktas\/specific-fkw-p-guliasas-katems-gabaleliai-drebuciuose-inkstams-ir-kepenims-stiprinti\/\" \/>\n<meta property=\"og:locale\" content=\"lt_LT\" \/>\n<meta property=\"og:type\" content=\"article\" \/>\n<meta property=\"og:title\" content=\"SPECIFIC\u2122 FKW-P gulia\u0161as kat\u0117ms (gabal\u0117liai drebu\u010diuose) inkstams ir kepenims stiprinti\" \/>\n<meta property=\"og:description\" content=\"\u0160is pa\u0161aras sukurtas specialiai kat\u0117ms, sergan\u010dioms inkst\u0173 ar kepen\u0173 nepakankamumu. \u201eSpecific FKW-P Kidney Support\u201c sud\u0117tyje yra subalansuotos maistin\u0117s\" \/>\n<meta property=\"og:url\" content=\"https:\/\/anivet.lt\/elparduotuve\/produktas\/specific-fkw-p-guliasas-katems-gabaleliai-drebuciuose-inkstams-ir-kepenims-stiprinti\/\" \/>\n<meta property=\"og:site_name\" content=\"anivet.lt\" \/>\n<meta property=\"article:modified_time\" content=\"2026-04-16T10:31:45+00:00\" \/>\n<meta property=\"og:image\" content=\"https:\/\/anivet.lt\/elparduotuve\/wp-content\/uploads\/2023\/09\/fkw-p.png\" \/>\n\t<meta property=\"og:image:width\" content=\"1235\" \/>\n\t<meta property=\"og:image:height\" content=\"1429\" \/>\n\t<meta property=\"og:image:type\" content=\"image\/png\" \/>\n<meta name=\"twitter:card\" content=\"summary_large_image\" \/>\n<meta name=\"twitter:label1\" content=\"Est. reading time\" \/>\n\t<meta name=\"twitter:data1\" content=\"1 minut\u0117\" \/>\n<script type=\"application\/ld+json\" class=\"yoast-schema-graph\">{\"@context\":\"https:\\\/\\\/schema.org\",\"@graph\":[{\"@type\":\"WebPage\",\"@id\":\"https:\\\/\\\/anivet.lt\\\/elparduotuve\\\/produktas\\\/specific-fkw-p-guliasas-katems-gabaleliai-drebuciuose-inkstams-ir-kepenims-stiprinti\\\/\",\"url\":\"https:\\\/\\\/anivet.lt\\\/elparduotuve\\\/produktas\\\/specific-fkw-p-guliasas-katems-gabaleliai-drebuciuose-inkstams-ir-kepenims-stiprinti\\\/\",\"name\":\"SPECIFIC\u2122 FKW-P gulia\u0161as kat\u0117ms (gabal\u0117liai drebu\u010diuose) inkstams ir kepenims stiprinti - anivet.lt\",\"isPartOf\":{\"@id\":\"https:\\\/\\\/anivet.lt\\\/elparduotuve\\\/#website\"},\"primaryImageOfPage\":{\"@id\":\"https:\\\/\\\/anivet.lt\\\/elparduotuve\\\/produktas\\\/specific-fkw-p-guliasas-katems-gabaleliai-drebuciuose-inkstams-ir-kepenims-stiprinti\\\/#primaryimage\"},\"image\":{\"@id\":\"https:\\\/\\\/anivet.lt\\\/elparduotuve\\\/produktas\\\/specific-fkw-p-guliasas-katems-gabaleliai-drebuciuose-inkstams-ir-kepenims-stiprinti\\\/#primaryimage\"},\"thumbnailUrl\":\"https:\\\/\\\/anivet.lt\\\/elparduotuve\\\/wp-content\\\/uploads\\\/2023\\\/09\\\/fkw-p.png\",\"datePublished\":\"2023-09-19T14:25:58+00:00\",\"dateModified\":\"2026-04-16T10:31:45+00:00\",\"description\":\"\u0160is pa\u0161aras sukurtas specialiai kat\u0117ms, sergan\u010dioms inkst\u0173 ar kepen\u0173 nepakankamumu. \u201eSpecific FKW-P Kidney Support\u201c sud\u0117tyje yra subalansuotos maistin\u0117s\",\"breadcrumb\":{\"@id\":\"https:\\\/\\\/anivet.lt\\\/elparduotuve\\\/produktas\\\/specific-fkw-p-guliasas-katems-gabaleliai-drebuciuose-inkstams-ir-kepenims-stiprinti\\\/#breadcrumb\"},\"inLanguage\":\"lt-LT\",\"potentialAction\":[{\"@type\":\"ReadAction\",\"target\":[\"https:\\\/\\\/anivet.lt\\\/elparduotuve\\\/produktas\\\/specific-fkw-p-guliasas-katems-gabaleliai-drebuciuose-inkstams-ir-kepenims-stiprinti\\\/\"]}]},{\"@type\":\"ImageObject\",\"inLanguage\":\"lt-LT\",\"@id\":\"https:\\\/\\\/anivet.lt\\\/elparduotuve\\\/produktas\\\/specific-fkw-p-guliasas-katems-gabaleliai-drebuciuose-inkstams-ir-kepenims-stiprinti\\\/#primaryimage\",\"url\":\"https:\\\/\\\/anivet.lt\\\/elparduotuve\\\/wp-content\\\/uploads\\\/2023\\\/09\\\/fkw-p.png\",\"contentUrl\":\"https:\\\/\\\/anivet.lt\\\/elparduotuve\\\/wp-content\\\/uploads\\\/2023\\\/09\\\/fkw-p.png\",\"width\":1235,\"height\":1429,\"caption\":\"SPECIFIC\u2122 FKW-P gulia\u0161as kat\u0117ms (gabal\u0117liai drebu\u010diuose) inkstams ir kepenims stiprinti\"},{\"@type\":\"BreadcrumbList\",\"@id\":\"https:\\\/\\\/anivet.lt\\\/elparduotuve\\\/produktas\\\/specific-fkw-p-guliasas-katems-gabaleliai-drebuciuose-inkstams-ir-kepenims-stiprinti\\\/#breadcrumb\",\"itemListElement\":[{\"@type\":\"ListItem\",\"position\":1,\"name\":\"Home\",\"item\":\"https:\\\/\\\/anivet.lt\\\/elparduotuve\\\/\"},{\"@type\":\"ListItem\",\"position\":2,\"name\":\"Produktai\",\"item\":\"https:\\\/\\\/anivet.lt\\\/elparduotuve\\\/produktai\\\/\"},{\"@type\":\"ListItem\",\"position\":3,\"name\":\"SPECIFIC\u2122 FKW-P gulia\u0161as kat\u0117ms (gabal\u0117liai drebu\u010diuose) inkstams ir kepenims stiprinti\"}]},{\"@type\":\"WebSite\",\"@id\":\"https:\\\/\\\/anivet.lt\\\/elparduotuve\\\/#website\",\"url\":\"https:\\\/\\\/anivet.lt\\\/elparduotuve\\\/\",\"name\":\"anivet.lt\",\"description\":\"Viskas J\u016bs\u0173 \u0161uns, kat\u0117s prie\u017ei\u016brai\",\"publisher\":{\"@id\":\"https:\\\/\\\/anivet.lt\\\/elparduotuve\\\/#organization\"},\"alternateName\":\"Viskas J\u016bs\u0173 \u0161uns, kat\u0117s prie\u017ei\u016brai\",\"potentialAction\":[{\"@type\":\"SearchAction\",\"target\":{\"@type\":\"EntryPoint\",\"urlTemplate\":\"https:\\\/\\\/anivet.lt\\\/elparduotuve\\\/?s={search_term_string}\"},\"query-input\":{\"@type\":\"PropertyValueSpecification\",\"valueRequired\":true,\"valueName\":\"search_term_string\"}}],\"inLanguage\":\"lt-LT\"},{\"@type\":\"Organization\",\"@id\":\"https:\\\/\\\/anivet.lt\\\/elparduotuve\\\/#organization\",\"name\":\"Viskas J\u016bs\u0173 \u0161uns, kat\u0117s prie\u017ei\u016brai\",\"url\":\"https:\\\/\\\/anivet.lt\\\/elparduotuve\\\/\",\"logo\":{\"@type\":\"ImageObject\",\"inLanguage\":\"lt-LT\",\"@id\":\"https:\\\/\\\/anivet.lt\\\/elparduotuve\\\/#\\\/schema\\\/logo\\\/image\\\/\",\"url\":\"https:\\\/\\\/anivet.lt\\\/elparduotuve\\\/wp-content\\\/uploads\\\/2023\\\/06\\\/logo2.jpg\",\"contentUrl\":\"https:\\\/\\\/anivet.lt\\\/elparduotuve\\\/wp-content\\\/uploads\\\/2023\\\/06\\\/logo2.jpg\",\"width\":655,\"height\":194,\"caption\":\"Viskas J\u016bs\u0173 \u0161uns, kat\u0117s prie\u017ei\u016brai\"},\"image\":{\"@id\":\"https:\\\/\\\/anivet.lt\\\/elparduotuve\\\/#\\\/schema\\\/logo\\\/image\\\/\"}}]}<\/script>\n<!-- \/ Yoast SEO Premium plugin. -->","yoast_head_json":{"title":"SPECIFIC\u2122 FKW-P gulia\u0161as kat\u0117ms (gabal\u0117liai drebu\u010diuose) inkstams ir kepenims stiprinti - anivet.lt","description":"\u0160is pa\u0161aras sukurtas specialiai kat\u0117ms, sergan\u010dioms inkst\u0173 ar kepen\u0173 nepakankamumu. \u201eSpecific FKW-P Kidney Support\u201c sud\u0117tyje yra subalansuotos maistin\u0117s","robots":{"index":"index","follow":"follow","max-snippet":"max-snippet:-1","max-image-preview":"max-image-preview:large","max-video-preview":"max-video-preview:-1"},"canonical":"https:\/\/anivet.lt\/elparduotuve\/produktas\/specific-fkw-p-guliasas-katems-gabaleliai-drebuciuose-inkstams-ir-kepenims-stiprinti\/","og_locale":"lt_LT","og_type":"article","og_title":"SPECIFIC\u2122 FKW-P gulia\u0161as kat\u0117ms (gabal\u0117liai drebu\u010diuose) inkstams ir kepenims stiprinti","og_description":"\u0160is pa\u0161aras sukurtas specialiai kat\u0117ms, sergan\u010dioms inkst\u0173 ar kepen\u0173 nepakankamumu. \u201eSpecific FKW-P Kidney Support\u201c sud\u0117tyje yra subalansuotos maistin\u0117s","og_url":"https:\/\/anivet.lt\/elparduotuve\/produktas\/specific-fkw-p-guliasas-katems-gabaleliai-drebuciuose-inkstams-ir-kepenims-stiprinti\/","og_site_name":"anivet.lt","article_modified_time":"2026-04-16T10:31:45+00:00","og_image":[{"width":1235,"height":1429,"url":"https:\/\/anivet.lt\/elparduotuve\/wp-content\/uploads\/2023\/09\/fkw-p.png","type":"image\/png"}],"twitter_card":"summary_large_image","twitter_misc":{"Est. reading time":"1 minut\u0117"},"schema":{"@context":"https:\/\/schema.org","@graph":[{"@type":"WebPage","@id":"https:\/\/anivet.lt\/elparduotuve\/produktas\/specific-fkw-p-guliasas-katems-gabaleliai-drebuciuose-inkstams-ir-kepenims-stiprinti\/","url":"https:\/\/anivet.lt\/elparduotuve\/produktas\/specific-fkw-p-guliasas-katems-gabaleliai-drebuciuose-inkstams-ir-kepenims-stiprinti\/","name":"SPECIFIC\u2122 FKW-P gulia\u0161as kat\u0117ms (gabal\u0117liai drebu\u010diuose) inkstams ir kepenims stiprinti - anivet.lt","isPartOf":{"@id":"https:\/\/anivet.lt\/elparduotuve\/#website"},"primaryImageOfPage":{"@id":"https:\/\/anivet.lt\/elparduotuve\/produktas\/specific-fkw-p-guliasas-katems-gabaleliai-drebuciuose-inkstams-ir-kepenims-stiprinti\/#primaryimage"},"image":{"@id":"https:\/\/anivet.lt\/elparduotuve\/produktas\/specific-fkw-p-guliasas-katems-gabaleliai-drebuciuose-inkstams-ir-kepenims-stiprinti\/#primaryimage"},"thumbnailUrl":"https:\/\/anivet.lt\/elparduotuve\/wp-content\/uploads\/2023\/09\/fkw-p.png","datePublished":"2023-09-19T14:25:58+00:00","dateModified":"2026-04-16T10:31:45+00:00","description":"\u0160is pa\u0161aras sukurtas specialiai kat\u0117ms, sergan\u010dioms inkst\u0173 ar kepen\u0173 nepakankamumu. \u201eSpecific FKW-P Kidney Support\u201c sud\u0117tyje yra subalansuotos maistin\u0117s","breadcrumb":{"@id":"https:\/\/anivet.lt\/elparduotuve\/produktas\/specific-fkw-p-guliasas-katems-gabaleliai-drebuciuose-inkstams-ir-kepenims-stiprinti\/#breadcrumb"},"inLanguage":"lt-LT","potentialAction":[{"@type":"ReadAction","target":["https:\/\/anivet.lt\/elparduotuve\/produktas\/specific-fkw-p-guliasas-katems-gabaleliai-drebuciuose-inkstams-ir-kepenims-stiprinti\/"]}]},{"@type":"ImageObject","inLanguage":"lt-LT","@id":"https:\/\/anivet.lt\/elparduotuve\/produktas\/specific-fkw-p-guliasas-katems-gabaleliai-drebuciuose-inkstams-ir-kepenims-stiprinti\/#primaryimage","url":"https:\/\/anivet.lt\/elparduotuve\/wp-content\/uploads\/2023\/09\/fkw-p.png","contentUrl":"https:\/\/anivet.lt\/elparduotuve\/wp-content\/uploads\/2023\/09\/fkw-p.png","width":1235,"height":1429,"caption":"SPECIFIC\u2122 FKW-P gulia\u0161as kat\u0117ms (gabal\u0117liai drebu\u010diuose) inkstams ir kepenims stiprinti"},{"@type":"BreadcrumbList","@id":"https:\/\/anivet.lt\/elparduotuve\/produktas\/specific-fkw-p-guliasas-katems-gabaleliai-drebuciuose-inkstams-ir-kepenims-stiprinti\/#breadcrumb","itemListElement":[{"@type":"ListItem","position":1,"name":"Home","item":"https:\/\/anivet.lt\/elparduotuve\/"},{"@type":"ListItem","position":2,"name":"Produktai","item":"https:\/\/anivet.lt\/elparduotuve\/produktai\/"},{"@type":"ListItem","position":3,"name":"SPECIFIC\u2122 FKW-P gulia\u0161as kat\u0117ms (gabal\u0117liai drebu\u010diuose) inkstams ir kepenims stiprinti"}]},{"@type":"WebSite","@id":"https:\/\/anivet.lt\/elparduotuve\/#website","url":"https:\/\/anivet.lt\/elparduotuve\/","name":"anivet.lt","description":"Viskas J\u016bs\u0173 \u0161uns, kat\u0117s prie\u017ei\u016brai","publisher":{"@id":"https:\/\/anivet.lt\/elparduotuve\/#organization"},"alternateName":"Viskas J\u016bs\u0173 \u0161uns, kat\u0117s prie\u017ei\u016brai","potentialAction":[{"@type":"SearchAction","target":{"@type":"EntryPoint","urlTemplate":"https:\/\/anivet.lt\/elparduotuve\/?s={search_term_string}"},"query-input":{"@type":"PropertyValueSpecification","valueRequired":true,"valueName":"search_term_string"}}],"inLanguage":"lt-LT"},{"@type":"Organization","@id":"https:\/\/anivet.lt\/elparduotuve\/#organization","name":"Viskas J\u016bs\u0173 \u0161uns, kat\u0117s prie\u017ei\u016brai","url":"https:\/\/anivet.lt\/elparduotuve\/","logo":{"@type":"ImageObject","inLanguage":"lt-LT","@id":"https:\/\/anivet.lt\/elparduotuve\/#\/schema\/logo\/image\/","url":"https:\/\/anivet.lt\/elparduotuve\/wp-content\/uploads\/2023\/06\/logo2.jpg","contentUrl":"https:\/\/anivet.lt\/elparduotuve\/wp-content\/uploads\/2023\/06\/logo2.jpg","width":655,"height":194,"caption":"Viskas J\u016bs\u0173 \u0161uns, kat\u0117s prie\u017ei\u016brai"},"image":{"@id":"https:\/\/anivet.lt\/elparduotuve\/#\/schema\/logo\/image\/"}}]}},"_links":{"self":[{"href":"https:\/\/anivet.lt\/elparduotuve\/wp-json\/wp\/v2\/product\/11766","targetHints":{"allow":["GET"]}}],"collection":[{"href":"https:\/\/anivet.lt\/elparduotuve\/wp-json\/wp\/v2\/product"}],"about":[{"href":"https:\/\/anivet.lt\/elparduotuve\/wp-json\/wp\/v2\/types\/product"}],"wp:featuredmedia":[{"embeddable":true,"href":"https:\/\/anivet.lt\/elparduotuve\/wp-json\/wp\/v2\/media\/11767"}],"wp:attachment":[{"href":"https:\/\/anivet.lt\/elparduotuve\/wp-json\/wp\/v2\/media?parent=11766"}],"wp:term":[{"taxonomy":"product_brand","embeddable":true,"href":"https:\/\/anivet.lt\/elparduotuve\/wp-json\/wp\/v2\/product_brand?post=11766"},{"taxonomy":"product_cat","embeddable":true,"href":"https:\/\/anivet.lt\/elparduotuve\/wp-json\/wp\/v2\/product_cat?post=11766"},{"taxonomy":"product_tag","embeddable":true,"href":"https:\/\/anivet.lt\/elparduotuve\/wp-json\/wp\/v2\/product_tag?post=11766"}],"curies":[{"name":"wp","href":"https:\/\/api.w.org\/{rel}","templated":true}]}}