{"id":11781,"date":"2023-09-19T15:40:09","date_gmt":"2023-09-19T15:40:09","guid":{"rendered":"https:\/\/anivet.lt\/elparduotuve\/?post_type=product&#038;p=11781"},"modified":"2026-04-16T10:29:52","modified_gmt":"2026-04-16T10:29:52","slug":"specific-frw-konservai-antsvorio-turincioms-katems","status":"publish","type":"product","link":"https:\/\/anivet.lt\/elparduotuve\/produktas\/specific-frw-konservai-antsvorio-turincioms-katems\/","title":{"rendered":"SPECIFIC\u2122 FRW konservai antsvorio turin\u010dioms kat\u0117ms"},"content":{"rendered":"<ul>\n<li>\n<ul>\n<li style=\"font-weight: 400;\"><span style=\"font-weight: 400;\">Ma\u017ea energetin\u0117 vert\u0117: Ma\u017eesnis riebal\u0173 kiekis ir didelis skaidul\u0173 kiekis padeda reguliuoti svor\u012f.<\/span><\/li>\n<li style=\"font-weight: 400;\"><span style=\"font-weight: 400;\">Palaipsn\u0117 gliukoz\u0117s kontrol\u0117: Tinka cukriniu diabetu sergan\u010dioms kat\u0117ms.<\/span><\/li>\n<li style=\"font-weight: 400;\"><span style=\"font-weight: 400;\">Raumen\u0173 mas\u0117s palaikymas: Didesnis baltym\u0173 kiekis apsaugo raumen\u0173 audinius svorio metimo metu.<\/span><\/li>\n<li style=\"font-weight: 400;\"><span style=\"font-weight: 400;\">L-karnitinas: Skatina riebal\u0173 oksidacij\u0105 ir palaiko energijos apykait\u0105.<\/span><\/li>\n<li style=\"font-weight: 400;\"><span style=\"font-weight: 400;\">Sveika vir\u0161kinamoji sistema: Padidintas tirpi\u0173 ir netirpi\u0173 skaidul\u0173 kiekis palaiko sveik\u0105 vir\u0161kinim\u0105.<\/span><\/li>\n<\/ul>\n<p><span style=\"font-weight: 400;\">\u0160ie konservai ne tik padeda efektyviai suma\u017einti kat\u0117s svor\u012f, bet ir palaiko bendr\u0105 sveikat\u0105, u\u017etikrina tinkam\u0105 vir\u0161kinim\u0105 bei optimal\u0173 gliukoz\u0117s lyg\u012f. \u0160is pa\u0161aras taip pat tinkamas ilgalaikiam \u0161\u0117rimui, kai norima i\u0161laikyti stabil\u0173 svor\u012f ar valdyti l\u0117tines ligas.<\/span><\/li>\n<\/ul>\n","protected":false},"excerpt":{"rendered":"<p><span style=\"font-weight: 400;\">Visavertis kasdienis pa\u0161aras, specialiai sukurtas kat\u0117ms, kurios turi antsvorio ar serga cukriniu diabetu. Subalansuota sud\u0117tis padeda spr\u0119sti \u012fvairias sveikatos problemas, tokias kaip kolitas, l\u0117tin\u0117 diar\u0117ja, viduri\u0173 u\u017ekiet\u0117jimas, hiperlipidemija ar cholestaz\u0117.<\/span><\/p>\n","protected":false},"featured_media":11782,"template":"","meta":[],"product_brand":[],"product_cat":[114,102,118,326],"product_tag":[],"class_list":{"0":"post-11781","1":"product","2":"type-product","3":"status-publish","4":"has-post-thumbnail","6":"product_cat-kaciu-maistas","7":"product_cat-katems","8":"product_cat-veterinarinis-maistas-katems","9":"product_cat-specific-kaciu-maistas","10":"pa_prekinis-zenklas-specific","12":"first","13":"instock","14":"sale","15":"taxable","16":"shipping-taxable","17":"purchasable","18":"product-type-variable"},"yoast_head":"<!-- This site is optimized with the Yoast SEO Premium plugin v27.1 (Yoast SEO v27.5) - https:\/\/yoast.com\/product\/yoast-seo-premium-wordpress\/ -->\n<title>SPECIFIC\u2122 FRW konservai antsvorio turin\u010dioms kat\u0117ms - anivet.lt<\/title>\n<meta name=\"description\" content=\"Visavertis kasdienis pa\u0161aras, specialiai sukurtas kat\u0117ms, kurios turi antsvorio ar serga cukriniu diabetu. Subalansuota sud\u0117tis padeda spr\u0119sti \u012fvairias sveikatos problemas, tokias kaip kolitas, l\u0117tin\u0117 diar\u0117ja, viduri\u0173 u\u017ekiet\u0117jimas, hiperlipidemija ar cholestaz\u0117.\" \/>\n<meta name=\"robots\" content=\"index, follow, max-snippet:-1, max-image-preview:large, max-video-preview:-1\" \/>\n<link rel=\"canonical\" href=\"https:\/\/anivet.lt\/elparduotuve\/produktas\/specific-frw-konservai-antsvorio-turincioms-katems\/\" \/>\n<meta property=\"og:locale\" content=\"lt_LT\" \/>\n<meta property=\"og:type\" content=\"article\" \/>\n<meta property=\"og:title\" content=\"SPECIFIC\u2122 FRW konservai antsvorio turin\u010dioms kat\u0117ms\" \/>\n<meta property=\"og:description\" content=\"Visavertis kasdienis pa\u0161aras, specialiai sukurtas kat\u0117ms, kurios turi antsvorio ar serga cukriniu diabetu. Subalansuota sud\u0117tis padeda spr\u0119sti \u012fvairias sveikatos problemas, tokias kaip kolitas, l\u0117tin\u0117 diar\u0117ja, viduri\u0173 u\u017ekiet\u0117jimas, hiperlipidemija ar cholestaz\u0117.\" \/>\n<meta property=\"og:url\" content=\"https:\/\/anivet.lt\/elparduotuve\/produktas\/specific-frw-konservai-antsvorio-turincioms-katems\/\" \/>\n<meta property=\"og:site_name\" content=\"anivet.lt\" \/>\n<meta property=\"article:modified_time\" content=\"2026-04-16T10:29:52+00:00\" \/>\n<meta property=\"og:image\" content=\"https:\/\/anivet.lt\/elparduotuve\/wp-content\/uploads\/2023\/09\/frw-e1695137731251.png\" \/>\n\t<meta property=\"og:image:width\" content=\"1293\" \/>\n\t<meta property=\"og:image:height\" content=\"1393\" \/>\n\t<meta property=\"og:image:type\" content=\"image\/png\" \/>\n<meta name=\"twitter:card\" content=\"summary_large_image\" \/>\n<meta name=\"twitter:label1\" content=\"Est. reading time\" \/>\n\t<meta name=\"twitter:data1\" content=\"1 minut\u0117\" \/>\n<script type=\"application\/ld+json\" class=\"yoast-schema-graph\">{\"@context\":\"https:\\\/\\\/schema.org\",\"@graph\":[{\"@type\":\"WebPage\",\"@id\":\"https:\\\/\\\/anivet.lt\\\/elparduotuve\\\/produktas\\\/specific-frw-konservai-antsvorio-turincioms-katems\\\/\",\"url\":\"https:\\\/\\\/anivet.lt\\\/elparduotuve\\\/produktas\\\/specific-frw-konservai-antsvorio-turincioms-katems\\\/\",\"name\":\"SPECIFIC\u2122 FRW konservai antsvorio turin\u010dioms kat\u0117ms - anivet.lt\",\"isPartOf\":{\"@id\":\"https:\\\/\\\/anivet.lt\\\/elparduotuve\\\/#website\"},\"primaryImageOfPage\":{\"@id\":\"https:\\\/\\\/anivet.lt\\\/elparduotuve\\\/produktas\\\/specific-frw-konservai-antsvorio-turincioms-katems\\\/#primaryimage\"},\"image\":{\"@id\":\"https:\\\/\\\/anivet.lt\\\/elparduotuve\\\/produktas\\\/specific-frw-konservai-antsvorio-turincioms-katems\\\/#primaryimage\"},\"thumbnailUrl\":\"https:\\\/\\\/anivet.lt\\\/elparduotuve\\\/wp-content\\\/uploads\\\/2023\\\/09\\\/frw-e1695137731251.png\",\"datePublished\":\"2023-09-19T15:40:09+00:00\",\"dateModified\":\"2026-04-16T10:29:52+00:00\",\"description\":\"Visavertis kasdienis pa\u0161aras, specialiai sukurtas kat\u0117ms, kurios turi antsvorio ar serga cukriniu diabetu. Subalansuota sud\u0117tis padeda spr\u0119sti \u012fvairias sveikatos problemas, tokias kaip kolitas, l\u0117tin\u0117 diar\u0117ja, viduri\u0173 u\u017ekiet\u0117jimas, hiperlipidemija ar cholestaz\u0117.\",\"breadcrumb\":{\"@id\":\"https:\\\/\\\/anivet.lt\\\/elparduotuve\\\/produktas\\\/specific-frw-konservai-antsvorio-turincioms-katems\\\/#breadcrumb\"},\"inLanguage\":\"lt-LT\",\"potentialAction\":[{\"@type\":\"ReadAction\",\"target\":[\"https:\\\/\\\/anivet.lt\\\/elparduotuve\\\/produktas\\\/specific-frw-konservai-antsvorio-turincioms-katems\\\/\"]}]},{\"@type\":\"ImageObject\",\"inLanguage\":\"lt-LT\",\"@id\":\"https:\\\/\\\/anivet.lt\\\/elparduotuve\\\/produktas\\\/specific-frw-konservai-antsvorio-turincioms-katems\\\/#primaryimage\",\"url\":\"https:\\\/\\\/anivet.lt\\\/elparduotuve\\\/wp-content\\\/uploads\\\/2023\\\/09\\\/frw-e1695137731251.png\",\"contentUrl\":\"https:\\\/\\\/anivet.lt\\\/elparduotuve\\\/wp-content\\\/uploads\\\/2023\\\/09\\\/frw-e1695137731251.png\",\"width\":1293,\"height\":1393,\"caption\":\"SPECIFIC\u2122 FRW konservai antsvorio turin\u010dioms kat\u0117ms\"},{\"@type\":\"BreadcrumbList\",\"@id\":\"https:\\\/\\\/anivet.lt\\\/elparduotuve\\\/produktas\\\/specific-frw-konservai-antsvorio-turincioms-katems\\\/#breadcrumb\",\"itemListElement\":[{\"@type\":\"ListItem\",\"position\":1,\"name\":\"Home\",\"item\":\"https:\\\/\\\/anivet.lt\\\/elparduotuve\\\/\"},{\"@type\":\"ListItem\",\"position\":2,\"name\":\"Produktai\",\"item\":\"https:\\\/\\\/anivet.lt\\\/elparduotuve\\\/produktai\\\/\"},{\"@type\":\"ListItem\",\"position\":3,\"name\":\"SPECIFIC\u2122 FRW konservai antsvorio turin\u010dioms kat\u0117ms\"}]},{\"@type\":\"WebSite\",\"@id\":\"https:\\\/\\\/anivet.lt\\\/elparduotuve\\\/#website\",\"url\":\"https:\\\/\\\/anivet.lt\\\/elparduotuve\\\/\",\"name\":\"anivet.lt\",\"description\":\"Viskas J\u016bs\u0173 \u0161uns, kat\u0117s prie\u017ei\u016brai\",\"publisher\":{\"@id\":\"https:\\\/\\\/anivet.lt\\\/elparduotuve\\\/#organization\"},\"alternateName\":\"Viskas J\u016bs\u0173 \u0161uns, kat\u0117s prie\u017ei\u016brai\",\"potentialAction\":[{\"@type\":\"SearchAction\",\"target\":{\"@type\":\"EntryPoint\",\"urlTemplate\":\"https:\\\/\\\/anivet.lt\\\/elparduotuve\\\/?s={search_term_string}\"},\"query-input\":{\"@type\":\"PropertyValueSpecification\",\"valueRequired\":true,\"valueName\":\"search_term_string\"}}],\"inLanguage\":\"lt-LT\"},{\"@type\":\"Organization\",\"@id\":\"https:\\\/\\\/anivet.lt\\\/elparduotuve\\\/#organization\",\"name\":\"Viskas J\u016bs\u0173 \u0161uns, kat\u0117s prie\u017ei\u016brai\",\"url\":\"https:\\\/\\\/anivet.lt\\\/elparduotuve\\\/\",\"logo\":{\"@type\":\"ImageObject\",\"inLanguage\":\"lt-LT\",\"@id\":\"https:\\\/\\\/anivet.lt\\\/elparduotuve\\\/#\\\/schema\\\/logo\\\/image\\\/\",\"url\":\"https:\\\/\\\/anivet.lt\\\/elparduotuve\\\/wp-content\\\/uploads\\\/2023\\\/06\\\/logo2.jpg\",\"contentUrl\":\"https:\\\/\\\/anivet.lt\\\/elparduotuve\\\/wp-content\\\/uploads\\\/2023\\\/06\\\/logo2.jpg\",\"width\":655,\"height\":194,\"caption\":\"Viskas J\u016bs\u0173 \u0161uns, kat\u0117s prie\u017ei\u016brai\"},\"image\":{\"@id\":\"https:\\\/\\\/anivet.lt\\\/elparduotuve\\\/#\\\/schema\\\/logo\\\/image\\\/\"}}]}<\/script>\n<!-- \/ Yoast SEO Premium plugin. -->","yoast_head_json":{"title":"SPECIFIC\u2122 FRW konservai antsvorio turin\u010dioms kat\u0117ms - anivet.lt","description":"Visavertis kasdienis pa\u0161aras, specialiai sukurtas kat\u0117ms, kurios turi antsvorio ar serga cukriniu diabetu. Subalansuota sud\u0117tis padeda spr\u0119sti \u012fvairias sveikatos problemas, tokias kaip kolitas, l\u0117tin\u0117 diar\u0117ja, viduri\u0173 u\u017ekiet\u0117jimas, hiperlipidemija ar cholestaz\u0117.","robots":{"index":"index","follow":"follow","max-snippet":"max-snippet:-1","max-image-preview":"max-image-preview:large","max-video-preview":"max-video-preview:-1"},"canonical":"https:\/\/anivet.lt\/elparduotuve\/produktas\/specific-frw-konservai-antsvorio-turincioms-katems\/","og_locale":"lt_LT","og_type":"article","og_title":"SPECIFIC\u2122 FRW konservai antsvorio turin\u010dioms kat\u0117ms","og_description":"Visavertis kasdienis pa\u0161aras, specialiai sukurtas kat\u0117ms, kurios turi antsvorio ar serga cukriniu diabetu. Subalansuota sud\u0117tis padeda spr\u0119sti \u012fvairias sveikatos problemas, tokias kaip kolitas, l\u0117tin\u0117 diar\u0117ja, viduri\u0173 u\u017ekiet\u0117jimas, hiperlipidemija ar cholestaz\u0117.","og_url":"https:\/\/anivet.lt\/elparduotuve\/produktas\/specific-frw-konservai-antsvorio-turincioms-katems\/","og_site_name":"anivet.lt","article_modified_time":"2026-04-16T10:29:52+00:00","og_image":[{"width":1293,"height":1393,"url":"https:\/\/anivet.lt\/elparduotuve\/wp-content\/uploads\/2023\/09\/frw-e1695137731251.png","type":"image\/png"}],"twitter_card":"summary_large_image","twitter_misc":{"Est. reading time":"1 minut\u0117"},"schema":{"@context":"https:\/\/schema.org","@graph":[{"@type":"WebPage","@id":"https:\/\/anivet.lt\/elparduotuve\/produktas\/specific-frw-konservai-antsvorio-turincioms-katems\/","url":"https:\/\/anivet.lt\/elparduotuve\/produktas\/specific-frw-konservai-antsvorio-turincioms-katems\/","name":"SPECIFIC\u2122 FRW konservai antsvorio turin\u010dioms kat\u0117ms - anivet.lt","isPartOf":{"@id":"https:\/\/anivet.lt\/elparduotuve\/#website"},"primaryImageOfPage":{"@id":"https:\/\/anivet.lt\/elparduotuve\/produktas\/specific-frw-konservai-antsvorio-turincioms-katems\/#primaryimage"},"image":{"@id":"https:\/\/anivet.lt\/elparduotuve\/produktas\/specific-frw-konservai-antsvorio-turincioms-katems\/#primaryimage"},"thumbnailUrl":"https:\/\/anivet.lt\/elparduotuve\/wp-content\/uploads\/2023\/09\/frw-e1695137731251.png","datePublished":"2023-09-19T15:40:09+00:00","dateModified":"2026-04-16T10:29:52+00:00","description":"Visavertis kasdienis pa\u0161aras, specialiai sukurtas kat\u0117ms, kurios turi antsvorio ar serga cukriniu diabetu. Subalansuota sud\u0117tis padeda spr\u0119sti \u012fvairias sveikatos problemas, tokias kaip kolitas, l\u0117tin\u0117 diar\u0117ja, viduri\u0173 u\u017ekiet\u0117jimas, hiperlipidemija ar cholestaz\u0117.","breadcrumb":{"@id":"https:\/\/anivet.lt\/elparduotuve\/produktas\/specific-frw-konservai-antsvorio-turincioms-katems\/#breadcrumb"},"inLanguage":"lt-LT","potentialAction":[{"@type":"ReadAction","target":["https:\/\/anivet.lt\/elparduotuve\/produktas\/specific-frw-konservai-antsvorio-turincioms-katems\/"]}]},{"@type":"ImageObject","inLanguage":"lt-LT","@id":"https:\/\/anivet.lt\/elparduotuve\/produktas\/specific-frw-konservai-antsvorio-turincioms-katems\/#primaryimage","url":"https:\/\/anivet.lt\/elparduotuve\/wp-content\/uploads\/2023\/09\/frw-e1695137731251.png","contentUrl":"https:\/\/anivet.lt\/elparduotuve\/wp-content\/uploads\/2023\/09\/frw-e1695137731251.png","width":1293,"height":1393,"caption":"SPECIFIC\u2122 FRW konservai antsvorio turin\u010dioms kat\u0117ms"},{"@type":"BreadcrumbList","@id":"https:\/\/anivet.lt\/elparduotuve\/produktas\/specific-frw-konservai-antsvorio-turincioms-katems\/#breadcrumb","itemListElement":[{"@type":"ListItem","position":1,"name":"Home","item":"https:\/\/anivet.lt\/elparduotuve\/"},{"@type":"ListItem","position":2,"name":"Produktai","item":"https:\/\/anivet.lt\/elparduotuve\/produktai\/"},{"@type":"ListItem","position":3,"name":"SPECIFIC\u2122 FRW konservai antsvorio turin\u010dioms kat\u0117ms"}]},{"@type":"WebSite","@id":"https:\/\/anivet.lt\/elparduotuve\/#website","url":"https:\/\/anivet.lt\/elparduotuve\/","name":"anivet.lt","description":"Viskas J\u016bs\u0173 \u0161uns, kat\u0117s prie\u017ei\u016brai","publisher":{"@id":"https:\/\/anivet.lt\/elparduotuve\/#organization"},"alternateName":"Viskas J\u016bs\u0173 \u0161uns, kat\u0117s prie\u017ei\u016brai","potentialAction":[{"@type":"SearchAction","target":{"@type":"EntryPoint","urlTemplate":"https:\/\/anivet.lt\/elparduotuve\/?s={search_term_string}"},"query-input":{"@type":"PropertyValueSpecification","valueRequired":true,"valueName":"search_term_string"}}],"inLanguage":"lt-LT"},{"@type":"Organization","@id":"https:\/\/anivet.lt\/elparduotuve\/#organization","name":"Viskas J\u016bs\u0173 \u0161uns, kat\u0117s prie\u017ei\u016brai","url":"https:\/\/anivet.lt\/elparduotuve\/","logo":{"@type":"ImageObject","inLanguage":"lt-LT","@id":"https:\/\/anivet.lt\/elparduotuve\/#\/schema\/logo\/image\/","url":"https:\/\/anivet.lt\/elparduotuve\/wp-content\/uploads\/2023\/06\/logo2.jpg","contentUrl":"https:\/\/anivet.lt\/elparduotuve\/wp-content\/uploads\/2023\/06\/logo2.jpg","width":655,"height":194,"caption":"Viskas J\u016bs\u0173 \u0161uns, kat\u0117s prie\u017ei\u016brai"},"image":{"@id":"https:\/\/anivet.lt\/elparduotuve\/#\/schema\/logo\/image\/"}}]}},"_links":{"self":[{"href":"https:\/\/anivet.lt\/elparduotuve\/wp-json\/wp\/v2\/product\/11781","targetHints":{"allow":["GET"]}}],"collection":[{"href":"https:\/\/anivet.lt\/elparduotuve\/wp-json\/wp\/v2\/product"}],"about":[{"href":"https:\/\/anivet.lt\/elparduotuve\/wp-json\/wp\/v2\/types\/product"}],"wp:featuredmedia":[{"embeddable":true,"href":"https:\/\/anivet.lt\/elparduotuve\/wp-json\/wp\/v2\/media\/11782"}],"wp:attachment":[{"href":"https:\/\/anivet.lt\/elparduotuve\/wp-json\/wp\/v2\/media?parent=11781"}],"wp:term":[{"taxonomy":"product_brand","embeddable":true,"href":"https:\/\/anivet.lt\/elparduotuve\/wp-json\/wp\/v2\/product_brand?post=11781"},{"taxonomy":"product_cat","embeddable":true,"href":"https:\/\/anivet.lt\/elparduotuve\/wp-json\/wp\/v2\/product_cat?post=11781"},{"taxonomy":"product_tag","embeddable":true,"href":"https:\/\/anivet.lt\/elparduotuve\/wp-json\/wp\/v2\/product_tag?post=11781"}],"curies":[{"name":"wp","href":"https:\/\/api.w.org\/{rel}","templated":true}]}}