{"id":11822,"date":"2023-09-19T18:21:23","date_gmt":"2023-09-19T18:21:23","guid":{"rendered":"https:\/\/anivet.lt\/elparduotuve\/?post_type=product&#038;p=11822"},"modified":"2026-04-23T06:20:21","modified_gmt":"2026-04-23T06:20:21","slug":"specific-cod-hy-allergen-management-plus","status":"publish","type":"product","link":"https:\/\/anivet.lt\/elparduotuve\/produktas\/specific-cod-hy-allergen-management-plus\/","title":{"rendered":"SPECIFIC\u2122 COD-HY pa\u0161aras \u0161unims, kuriuos kamuoja atopijos arba blus\u0173 sukeltas alerginis dermatitas"},"content":{"rendered":"<ul>\n<li style=\"font-weight: 400;\" aria-level=\"1\"><span style=\"font-weight: 400;\">Hidrolizuoti la\u0161i\u0161os baltymai: Itin lengvai vir\u0161kinami ir ma\u017eai alergizuojantys, tinkami jautriems \u0161unims.<\/span><\/li>\n<li style=\"font-weight: 400;\" aria-level=\"1\"><span style=\"font-weight: 400;\">Didelis omega-3 ir omega-6 riebal\u0173 r\u016bg\u0161\u010di\u0173 kiekis: EPA, DHA ir GLA ma\u017eina u\u017edegim\u0105, gerina odos ir kailio b\u016bkl\u0119 bei stiprina imunin\u0119 sistem\u0105.<\/span><\/li>\n<li style=\"font-weight: 400;\" aria-level=\"1\"><span style=\"font-weight: 400;\">Padidintas vitamin\u0173 ir mineral\u0173 kiekis: Vitaminai A, E, B grup\u0117s, cinkas ir selenas palaiko sveik\u0105 od\u0105 ir kail\u012f.<\/span><\/li>\n<li style=\"font-weight: 400;\" aria-level=\"1\"><span style=\"font-weight: 400;\">Gyslo\u010dio s\u0117kl\u0173 luobel\u0117s: Padeda reguliuoti vir\u0161kinim\u0105 ir palaikyti \u017earnyno veikl\u0105.<\/span><\/li>\n<li style=\"font-weight: 400;\" aria-level=\"1\"><span style=\"font-weight: 400;\">Lengvas vir\u0161kinamumas: Ma\u017eai skaidul\u0173 ir padidintas elektrolit\u0173 kiekis, tinkantis \u0161unims su vir\u0161kinimo sutrikimais ar kasos funkcijos nepakankamumu.<\/span><\/li>\n<\/ul>\n<p><span style=\"font-weight: 400;\">\u0160is pa\u0161aras yra idealus sprendimas \u0161unims, sergantiems alergin\u0117mis dermatoz\u0117mis, atopija ar vir\u0161kinamojo trakto ligomis. Jo speciali sud\u0117tis ir auk\u0161ta kokyb\u0117 padeda suma\u017einti u\u017edegimo simptomus, gerina odos b\u016bkl\u0119 ir palaiko bendr\u0105 sveikat\u0105. Norint pasiekti maksimal\u0173 poveik\u012f, rekomenduojama pa\u0161ar\u0105 naudoti bent 6\u201312 savai\u010di\u0173, stebint augintinio b\u016bkl\u0117s pager\u0117jim\u0105.<\/span><\/p>\n<h3><b>Nerekomenduojama:<\/b><\/h3>\n<ul>\n<li style=\"font-weight: 400;\" aria-level=\"1\"><span style=\"font-weight: 400;\">\u0160unims su imunodeficito sindromu.<\/span><\/li>\n<li style=\"font-weight: 400;\" aria-level=\"1\"><span style=\"font-weight: 400;\">\u0160unims su kraujo kre\u0161\u0117jimo sutrikimais.<\/span><\/li>\n<\/ul>\n","protected":false},"excerpt":{"rendered":"<p><span style=\"font-weight: 400;\">Visavertis ir subalansuotas pa\u0161aras \u0161unims, ken\u010diantiems nuo atopijos, alergijos maistui, blus\u0173 alerginio dermatito ar \u0161i\u0173 alergij\u0173 derini\u0173. Taip pat tinkamas \u0161unims, turintiems vir\u0161kinamojo trakto sutrikim\u0173, u\u017edegimini\u0173 proces\u0173 ar imunin\u0117s sistemos problem\u0173.<\/span><\/p>\n","protected":false},"featured_media":11823,"template":"","meta":[],"product_brand":[],"product_cat":[101,103,107,321],"product_tag":[],"class_list":{"0":"post-11822","1":"product","2":"type-product","3":"status-publish","4":"has-post-thumbnail","6":"product_cat-sunims","7":"product_cat-sunu-maistas","8":"product_cat-veterinarine-dieta","9":"product_cat-specific-sunu-maistas","10":"pa_prekinis-zenklas-specific","12":"first","13":"instock","14":"sale","15":"taxable","16":"shipping-taxable","17":"purchasable","18":"product-type-variable"},"yoast_head":"<!-- This site is optimized with the Yoast SEO Premium plugin v27.1 (Yoast SEO v27.5) - https:\/\/yoast.com\/product\/yoast-seo-premium-wordpress\/ -->\n<title>SPECIFIC\u2122 COD-HY pa\u0161aras \u0161unims, kuriuos kamuoja atopijos arba blus\u0173 sukeltas alerginis dermatitas - anivet.lt<\/title>\n<meta name=\"description\" content=\"Visavertis ir subalansuotas pa\u0161aras \u0161unims, ken\u010diantiems nuo atopijos, alergijos maistui, blus\u0173 alerginio dermatito ar \u0161i\u0173 alergij\u0173 derini\u0173. Taip pat tinkamas \u0161unims, turintiems vir\u0161kinamojo trakto sutrikim\u0173, u\u017edegimini\u0173 proces\u0173 ar imunin\u0117s sistemos problem\u0173.\" \/>\n<meta name=\"robots\" content=\"index, follow, max-snippet:-1, max-image-preview:large, max-video-preview:-1\" \/>\n<link rel=\"canonical\" href=\"https:\/\/anivet.lt\/elparduotuve\/produktas\/specific-cod-hy-allergen-management-plus\/\" \/>\n<meta property=\"og:locale\" content=\"lt_LT\" \/>\n<meta property=\"og:type\" content=\"article\" \/>\n<meta property=\"og:title\" content=\"SPECIFIC\u2122 COD-HY pa\u0161aras \u0161unims, kuriuos kamuoja atopijos arba blus\u0173 sukeltas alerginis dermatitas\" \/>\n<meta property=\"og:description\" content=\"Visavertis ir subalansuotas pa\u0161aras \u0161unims, ken\u010diantiems nuo atopijos, alergijos maistui, blus\u0173 alerginio dermatito ar \u0161i\u0173 alergij\u0173 derini\u0173. Taip pat tinkamas \u0161unims, turintiems vir\u0161kinamojo trakto sutrikim\u0173, u\u017edegimini\u0173 proces\u0173 ar imunin\u0117s sistemos problem\u0173.\" \/>\n<meta property=\"og:url\" content=\"https:\/\/anivet.lt\/elparduotuve\/produktas\/specific-cod-hy-allergen-management-plus\/\" \/>\n<meta property=\"og:site_name\" content=\"anivet.lt\" \/>\n<meta property=\"article:modified_time\" content=\"2026-04-23T06:20:21+00:00\" \/>\n<meta property=\"og:image\" content=\"https:\/\/anivet.lt\/elparduotuve\/wp-content\/uploads\/2023\/09\/87GyjuFHyh2QErstuvGE4TH9BJxr5f643uT4VmXj.png\" \/>\n\t<meta property=\"og:image:width\" content=\"1970\" \/>\n\t<meta property=\"og:image:height\" content=\"2000\" \/>\n\t<meta property=\"og:image:type\" content=\"image\/png\" \/>\n<meta name=\"twitter:card\" content=\"summary_large_image\" \/>\n<meta name=\"twitter:label1\" content=\"Est. reading time\" \/>\n\t<meta name=\"twitter:data1\" content=\"1 minut\u0117\" \/>\n<script type=\"application\/ld+json\" class=\"yoast-schema-graph\">{\"@context\":\"https:\\\/\\\/schema.org\",\"@graph\":[{\"@type\":\"WebPage\",\"@id\":\"https:\\\/\\\/anivet.lt\\\/elparduotuve\\\/produktas\\\/specific-cod-hy-allergen-management-plus\\\/\",\"url\":\"https:\\\/\\\/anivet.lt\\\/elparduotuve\\\/produktas\\\/specific-cod-hy-allergen-management-plus\\\/\",\"name\":\"SPECIFIC\u2122 COD-HY pa\u0161aras \u0161unims, kuriuos kamuoja atopijos arba blus\u0173 sukeltas alerginis dermatitas - anivet.lt\",\"isPartOf\":{\"@id\":\"https:\\\/\\\/anivet.lt\\\/elparduotuve\\\/#website\"},\"primaryImageOfPage\":{\"@id\":\"https:\\\/\\\/anivet.lt\\\/elparduotuve\\\/produktas\\\/specific-cod-hy-allergen-management-plus\\\/#primaryimage\"},\"image\":{\"@id\":\"https:\\\/\\\/anivet.lt\\\/elparduotuve\\\/produktas\\\/specific-cod-hy-allergen-management-plus\\\/#primaryimage\"},\"thumbnailUrl\":\"https:\\\/\\\/anivet.lt\\\/elparduotuve\\\/wp-content\\\/uploads\\\/2023\\\/09\\\/87GyjuFHyh2QErstuvGE4TH9BJxr5f643uT4VmXj.png\",\"datePublished\":\"2023-09-19T18:21:23+00:00\",\"dateModified\":\"2026-04-23T06:20:21+00:00\",\"description\":\"Visavertis ir subalansuotas pa\u0161aras \u0161unims, ken\u010diantiems nuo atopijos, alergijos maistui, blus\u0173 alerginio dermatito ar \u0161i\u0173 alergij\u0173 derini\u0173. Taip pat tinkamas \u0161unims, turintiems vir\u0161kinamojo trakto sutrikim\u0173, u\u017edegimini\u0173 proces\u0173 ar imunin\u0117s sistemos problem\u0173.\",\"breadcrumb\":{\"@id\":\"https:\\\/\\\/anivet.lt\\\/elparduotuve\\\/produktas\\\/specific-cod-hy-allergen-management-plus\\\/#breadcrumb\"},\"inLanguage\":\"lt-LT\",\"potentialAction\":[{\"@type\":\"ReadAction\",\"target\":[\"https:\\\/\\\/anivet.lt\\\/elparduotuve\\\/produktas\\\/specific-cod-hy-allergen-management-plus\\\/\"]}]},{\"@type\":\"ImageObject\",\"inLanguage\":\"lt-LT\",\"@id\":\"https:\\\/\\\/anivet.lt\\\/elparduotuve\\\/produktas\\\/specific-cod-hy-allergen-management-plus\\\/#primaryimage\",\"url\":\"https:\\\/\\\/anivet.lt\\\/elparduotuve\\\/wp-content\\\/uploads\\\/2023\\\/09\\\/87GyjuFHyh2QErstuvGE4TH9BJxr5f643uT4VmXj.png\",\"contentUrl\":\"https:\\\/\\\/anivet.lt\\\/elparduotuve\\\/wp-content\\\/uploads\\\/2023\\\/09\\\/87GyjuFHyh2QErstuvGE4TH9BJxr5f643uT4VmXj.png\",\"width\":1970,\"height\":2000,\"caption\":\"SPECIFIC\u2122 COD-HY pa\u0161aras \u0161unims, kuriuos kamuoja atopijos arba blus\u0173 sukeltas alerginis dermatitas\"},{\"@type\":\"BreadcrumbList\",\"@id\":\"https:\\\/\\\/anivet.lt\\\/elparduotuve\\\/produktas\\\/specific-cod-hy-allergen-management-plus\\\/#breadcrumb\",\"itemListElement\":[{\"@type\":\"ListItem\",\"position\":1,\"name\":\"Home\",\"item\":\"https:\\\/\\\/anivet.lt\\\/elparduotuve\\\/\"},{\"@type\":\"ListItem\",\"position\":2,\"name\":\"Produktai\",\"item\":\"https:\\\/\\\/anivet.lt\\\/elparduotuve\\\/produktai\\\/\"},{\"@type\":\"ListItem\",\"position\":3,\"name\":\"SPECIFIC\u2122 COD-HY pa\u0161aras \u0161unims, kuriuos kamuoja atopijos arba blus\u0173 sukeltas alerginis dermatitas\"}]},{\"@type\":\"WebSite\",\"@id\":\"https:\\\/\\\/anivet.lt\\\/elparduotuve\\\/#website\",\"url\":\"https:\\\/\\\/anivet.lt\\\/elparduotuve\\\/\",\"name\":\"anivet.lt\",\"description\":\"Viskas J\u016bs\u0173 \u0161uns, kat\u0117s prie\u017ei\u016brai\",\"publisher\":{\"@id\":\"https:\\\/\\\/anivet.lt\\\/elparduotuve\\\/#organization\"},\"alternateName\":\"Viskas J\u016bs\u0173 \u0161uns, kat\u0117s prie\u017ei\u016brai\",\"potentialAction\":[{\"@type\":\"SearchAction\",\"target\":{\"@type\":\"EntryPoint\",\"urlTemplate\":\"https:\\\/\\\/anivet.lt\\\/elparduotuve\\\/?s={search_term_string}\"},\"query-input\":{\"@type\":\"PropertyValueSpecification\",\"valueRequired\":true,\"valueName\":\"search_term_string\"}}],\"inLanguage\":\"lt-LT\"},{\"@type\":\"Organization\",\"@id\":\"https:\\\/\\\/anivet.lt\\\/elparduotuve\\\/#organization\",\"name\":\"Viskas J\u016bs\u0173 \u0161uns, kat\u0117s prie\u017ei\u016brai\",\"url\":\"https:\\\/\\\/anivet.lt\\\/elparduotuve\\\/\",\"logo\":{\"@type\":\"ImageObject\",\"inLanguage\":\"lt-LT\",\"@id\":\"https:\\\/\\\/anivet.lt\\\/elparduotuve\\\/#\\\/schema\\\/logo\\\/image\\\/\",\"url\":\"https:\\\/\\\/anivet.lt\\\/elparduotuve\\\/wp-content\\\/uploads\\\/2023\\\/06\\\/logo2.jpg\",\"contentUrl\":\"https:\\\/\\\/anivet.lt\\\/elparduotuve\\\/wp-content\\\/uploads\\\/2023\\\/06\\\/logo2.jpg\",\"width\":655,\"height\":194,\"caption\":\"Viskas J\u016bs\u0173 \u0161uns, kat\u0117s prie\u017ei\u016brai\"},\"image\":{\"@id\":\"https:\\\/\\\/anivet.lt\\\/elparduotuve\\\/#\\\/schema\\\/logo\\\/image\\\/\"}}]}<\/script>\n<!-- \/ Yoast SEO Premium plugin. -->","yoast_head_json":{"title":"SPECIFIC\u2122 COD-HY pa\u0161aras \u0161unims, kuriuos kamuoja atopijos arba blus\u0173 sukeltas alerginis dermatitas - anivet.lt","description":"Visavertis ir subalansuotas pa\u0161aras \u0161unims, ken\u010diantiems nuo atopijos, alergijos maistui, blus\u0173 alerginio dermatito ar \u0161i\u0173 alergij\u0173 derini\u0173. Taip pat tinkamas \u0161unims, turintiems vir\u0161kinamojo trakto sutrikim\u0173, u\u017edegimini\u0173 proces\u0173 ar imunin\u0117s sistemos problem\u0173.","robots":{"index":"index","follow":"follow","max-snippet":"max-snippet:-1","max-image-preview":"max-image-preview:large","max-video-preview":"max-video-preview:-1"},"canonical":"https:\/\/anivet.lt\/elparduotuve\/produktas\/specific-cod-hy-allergen-management-plus\/","og_locale":"lt_LT","og_type":"article","og_title":"SPECIFIC\u2122 COD-HY pa\u0161aras \u0161unims, kuriuos kamuoja atopijos arba blus\u0173 sukeltas alerginis dermatitas","og_description":"Visavertis ir subalansuotas pa\u0161aras \u0161unims, ken\u010diantiems nuo atopijos, alergijos maistui, blus\u0173 alerginio dermatito ar \u0161i\u0173 alergij\u0173 derini\u0173. Taip pat tinkamas \u0161unims, turintiems vir\u0161kinamojo trakto sutrikim\u0173, u\u017edegimini\u0173 proces\u0173 ar imunin\u0117s sistemos problem\u0173.","og_url":"https:\/\/anivet.lt\/elparduotuve\/produktas\/specific-cod-hy-allergen-management-plus\/","og_site_name":"anivet.lt","article_modified_time":"2026-04-23T06:20:21+00:00","og_image":[{"width":1970,"height":2000,"url":"https:\/\/anivet.lt\/elparduotuve\/wp-content\/uploads\/2023\/09\/87GyjuFHyh2QErstuvGE4TH9BJxr5f643uT4VmXj.png","type":"image\/png"}],"twitter_card":"summary_large_image","twitter_misc":{"Est. reading time":"1 minut\u0117"},"schema":{"@context":"https:\/\/schema.org","@graph":[{"@type":"WebPage","@id":"https:\/\/anivet.lt\/elparduotuve\/produktas\/specific-cod-hy-allergen-management-plus\/","url":"https:\/\/anivet.lt\/elparduotuve\/produktas\/specific-cod-hy-allergen-management-plus\/","name":"SPECIFIC\u2122 COD-HY pa\u0161aras \u0161unims, kuriuos kamuoja atopijos arba blus\u0173 sukeltas alerginis dermatitas - anivet.lt","isPartOf":{"@id":"https:\/\/anivet.lt\/elparduotuve\/#website"},"primaryImageOfPage":{"@id":"https:\/\/anivet.lt\/elparduotuve\/produktas\/specific-cod-hy-allergen-management-plus\/#primaryimage"},"image":{"@id":"https:\/\/anivet.lt\/elparduotuve\/produktas\/specific-cod-hy-allergen-management-plus\/#primaryimage"},"thumbnailUrl":"https:\/\/anivet.lt\/elparduotuve\/wp-content\/uploads\/2023\/09\/87GyjuFHyh2QErstuvGE4TH9BJxr5f643uT4VmXj.png","datePublished":"2023-09-19T18:21:23+00:00","dateModified":"2026-04-23T06:20:21+00:00","description":"Visavertis ir subalansuotas pa\u0161aras \u0161unims, ken\u010diantiems nuo atopijos, alergijos maistui, blus\u0173 alerginio dermatito ar \u0161i\u0173 alergij\u0173 derini\u0173. Taip pat tinkamas \u0161unims, turintiems vir\u0161kinamojo trakto sutrikim\u0173, u\u017edegimini\u0173 proces\u0173 ar imunin\u0117s sistemos problem\u0173.","breadcrumb":{"@id":"https:\/\/anivet.lt\/elparduotuve\/produktas\/specific-cod-hy-allergen-management-plus\/#breadcrumb"},"inLanguage":"lt-LT","potentialAction":[{"@type":"ReadAction","target":["https:\/\/anivet.lt\/elparduotuve\/produktas\/specific-cod-hy-allergen-management-plus\/"]}]},{"@type":"ImageObject","inLanguage":"lt-LT","@id":"https:\/\/anivet.lt\/elparduotuve\/produktas\/specific-cod-hy-allergen-management-plus\/#primaryimage","url":"https:\/\/anivet.lt\/elparduotuve\/wp-content\/uploads\/2023\/09\/87GyjuFHyh2QErstuvGE4TH9BJxr5f643uT4VmXj.png","contentUrl":"https:\/\/anivet.lt\/elparduotuve\/wp-content\/uploads\/2023\/09\/87GyjuFHyh2QErstuvGE4TH9BJxr5f643uT4VmXj.png","width":1970,"height":2000,"caption":"SPECIFIC\u2122 COD-HY pa\u0161aras \u0161unims, kuriuos kamuoja atopijos arba blus\u0173 sukeltas alerginis dermatitas"},{"@type":"BreadcrumbList","@id":"https:\/\/anivet.lt\/elparduotuve\/produktas\/specific-cod-hy-allergen-management-plus\/#breadcrumb","itemListElement":[{"@type":"ListItem","position":1,"name":"Home","item":"https:\/\/anivet.lt\/elparduotuve\/"},{"@type":"ListItem","position":2,"name":"Produktai","item":"https:\/\/anivet.lt\/elparduotuve\/produktai\/"},{"@type":"ListItem","position":3,"name":"SPECIFIC\u2122 COD-HY pa\u0161aras \u0161unims, kuriuos kamuoja atopijos arba blus\u0173 sukeltas alerginis dermatitas"}]},{"@type":"WebSite","@id":"https:\/\/anivet.lt\/elparduotuve\/#website","url":"https:\/\/anivet.lt\/elparduotuve\/","name":"anivet.lt","description":"Viskas J\u016bs\u0173 \u0161uns, kat\u0117s prie\u017ei\u016brai","publisher":{"@id":"https:\/\/anivet.lt\/elparduotuve\/#organization"},"alternateName":"Viskas J\u016bs\u0173 \u0161uns, kat\u0117s prie\u017ei\u016brai","potentialAction":[{"@type":"SearchAction","target":{"@type":"EntryPoint","urlTemplate":"https:\/\/anivet.lt\/elparduotuve\/?s={search_term_string}"},"query-input":{"@type":"PropertyValueSpecification","valueRequired":true,"valueName":"search_term_string"}}],"inLanguage":"lt-LT"},{"@type":"Organization","@id":"https:\/\/anivet.lt\/elparduotuve\/#organization","name":"Viskas J\u016bs\u0173 \u0161uns, kat\u0117s prie\u017ei\u016brai","url":"https:\/\/anivet.lt\/elparduotuve\/","logo":{"@type":"ImageObject","inLanguage":"lt-LT","@id":"https:\/\/anivet.lt\/elparduotuve\/#\/schema\/logo\/image\/","url":"https:\/\/anivet.lt\/elparduotuve\/wp-content\/uploads\/2023\/06\/logo2.jpg","contentUrl":"https:\/\/anivet.lt\/elparduotuve\/wp-content\/uploads\/2023\/06\/logo2.jpg","width":655,"height":194,"caption":"Viskas J\u016bs\u0173 \u0161uns, kat\u0117s prie\u017ei\u016brai"},"image":{"@id":"https:\/\/anivet.lt\/elparduotuve\/#\/schema\/logo\/image\/"}}]}},"_links":{"self":[{"href":"https:\/\/anivet.lt\/elparduotuve\/wp-json\/wp\/v2\/product\/11822","targetHints":{"allow":["GET"]}}],"collection":[{"href":"https:\/\/anivet.lt\/elparduotuve\/wp-json\/wp\/v2\/product"}],"about":[{"href":"https:\/\/anivet.lt\/elparduotuve\/wp-json\/wp\/v2\/types\/product"}],"wp:featuredmedia":[{"embeddable":true,"href":"https:\/\/anivet.lt\/elparduotuve\/wp-json\/wp\/v2\/media\/11823"}],"wp:attachment":[{"href":"https:\/\/anivet.lt\/elparduotuve\/wp-json\/wp\/v2\/media?parent=11822"}],"wp:term":[{"taxonomy":"product_brand","embeddable":true,"href":"https:\/\/anivet.lt\/elparduotuve\/wp-json\/wp\/v2\/product_brand?post=11822"},{"taxonomy":"product_cat","embeddable":true,"href":"https:\/\/anivet.lt\/elparduotuve\/wp-json\/wp\/v2\/product_cat?post=11822"},{"taxonomy":"product_tag","embeddable":true,"href":"https:\/\/anivet.lt\/elparduotuve\/wp-json\/wp\/v2\/product_tag?post=11822"}],"curies":[{"name":"wp","href":"https:\/\/api.w.org\/{rel}","templated":true}]}}