{"id":11827,"date":"2023-09-19T18:56:36","date_gmt":"2023-09-19T18:56:36","guid":{"rendered":"https:\/\/anivet.lt\/elparduotuve\/?post_type=product&#038;p=11827"},"modified":"2026-05-08T13:08:41","modified_gmt":"2026-05-08T13:08:41","slug":"specific-cid-lf-digestive-support-low-fat","status":"publish","type":"product","link":"https:\/\/anivet.lt\/elparduotuve\/produktas\/specific-cid-lf-digestive-support-low-fat\/","title":{"rendered":"SPECIFIC\u00ae CID-LF visavertis dietinis pa\u0161aras vir\u0161kinimui su suma\u017eintu riebal\u0173 kiekiu"},"content":{"rendered":"<ul>\n<li style=\"font-weight: 400;\" aria-level=\"1\"><span style=\"font-weight: 400;\">Lengvai vir\u0161kinamos sudedamosios dalys: Tapijoka, ry\u017ei\u0173 baltymai ir hidrolizuoti la\u0161i\u0161os baltymai u\u017etikrina optimal\u0173 maistini\u0173 med\u017eiag\u0173 \u012fsisavinim\u0105.<\/span><\/li>\n<li style=\"font-weight: 400;\" aria-level=\"1\"><span style=\"font-weight: 400;\">Suma\u017eintas riebal\u0173 kiekis: Padeda palaikyti sveik\u0105 lipid\u0173 metabolizm\u0105 ir ma\u017eina riebal\u0173 pertekliaus rizik\u0105.<\/span><\/li>\n<li style=\"font-weight: 400;\" aria-level=\"1\"><span style=\"font-weight: 400;\">Padidintas kalio ir natrio kiekis: Kompensuoja prarastus elektrolitus d\u0117l vir\u0161kinimo sutrikim\u0173.<\/span><\/li>\n<li style=\"font-weight: 400;\" aria-level=\"1\"><span style=\"font-weight: 400;\">Skaidulos ir prebiotikai: Runkeli\u0173 mink\u0161timas, gyslo\u010dio s\u0117klos ir frukto-oligosacharidai palaiko sveik\u0105 \u017earnyno mikroflor\u0105.<\/span><\/li>\n<li style=\"font-weight: 400;\" aria-level=\"1\"><span style=\"font-weight: 400;\">AuraGuard polifenoli\u0173 mi\u0161inys: Nat\u016bralios antimikrobin\u0117s savyb\u0117s padeda palaikyti \u017earnyno sveikat\u0105 ir apsaug\u0105 nuo bakterij\u0173.<\/span><\/li>\n<\/ul>\n<p><span style=\"font-weight: 400;\">Puikus pasirinkimas \u0161unims su vir\u0161kinimo sutrikimais ar specifiniais riebal\u0173 apykaitos poreikiais. Pa\u0161aras palaiko kasdienius mitybos poreikius, u\u017etikrina ger\u0105 sveikat\u0105 ir lengv\u0105 vir\u0161kinim\u0105. Sud\u0117tyje n\u0117ra dirbtini\u0173 da\u017eikli\u0173 ar kvapi\u0173j\u0173 med\u017eiag\u0173.<\/span><\/p>\n","protected":false},"excerpt":{"rendered":"<p><span style=\"font-weight: 400;\">Visavertis dietinis pa\u0161aras \u0161unims, skirtas palaikyti vir\u0161kinim\u0105 ir ma\u017einti riebal\u0173 kiek\u012f mityboje. Sukurtas \u0161unims, turintiems \u017earnyno absorbcijos sutrikim\u0173, vir\u0161kinimo problem\u0173 ar egzokrinin\u0117s kasos nepakankamumo, taip pat tinkamas lipid\u0173 metabolizmo palaikymui hiperlipidemijos atveju.<\/span><\/p>\n","protected":false},"featured_media":11828,"template":"","meta":[],"product_brand":[],"product_cat":[101,103,107,321],"product_tag":[],"class_list":{"0":"post-11827","1":"product","2":"type-product","3":"status-publish","4":"has-post-thumbnail","6":"product_cat-sunims","7":"product_cat-sunu-maistas","8":"product_cat-veterinarine-dieta","9":"product_cat-specific-sunu-maistas","10":"pa_prekinis-zenklas-specific","12":"first","13":"instock","14":"sale","15":"taxable","16":"shipping-taxable","17":"purchasable","18":"product-type-variable"},"yoast_head":"<!-- This site is optimized with the Yoast SEO Premium plugin v27.1 (Yoast SEO v27.5) - https:\/\/yoast.com\/product\/yoast-seo-premium-wordpress\/ -->\n<title>SPECIFIC\u00ae CID-LF visavertis dietinis pa\u0161aras vir\u0161kinimui su suma\u017eintu riebal\u0173 kiekiu - anivet.lt<\/title>\n<meta name=\"description\" content=\"Visavertis dietinis pa\u0161aras \u0161unims, skirtas palaikyti vir\u0161kinim\u0105 ir ma\u017einti riebal\u0173 kiek\u012f mityboje. Sukurtas \u0161unims, turintiems \u017earnyno absorbcijos sutrikim\u0173, vir\u0161kinimo problem\u0173 ar egzokrinin\u0117s kasos nepakankamumo, taip pat tinkamas lipid\u0173 metabolizmo palaikymui hiperlipidemijos atveju.\" \/>\n<meta name=\"robots\" content=\"index, follow, max-snippet:-1, max-image-preview:large, max-video-preview:-1\" \/>\n<link rel=\"canonical\" href=\"https:\/\/anivet.lt\/elparduotuve\/produktas\/specific-cid-lf-digestive-support-low-fat\/\" \/>\n<meta property=\"og:locale\" content=\"lt_LT\" \/>\n<meta property=\"og:type\" content=\"article\" \/>\n<meta property=\"og:title\" content=\"SPECIFIC\u00ae CID-LF visavertis dietinis pa\u0161aras vir\u0161kinimui su suma\u017eintu riebal\u0173 kiekiu\" \/>\n<meta property=\"og:description\" content=\"Visavertis dietinis pa\u0161aras \u0161unims, skirtas palaikyti vir\u0161kinim\u0105 ir ma\u017einti riebal\u0173 kiek\u012f mityboje. Sukurtas \u0161unims, turintiems \u017earnyno absorbcijos sutrikim\u0173, vir\u0161kinimo problem\u0173 ar egzokrinin\u0117s kasos nepakankamumo, taip pat tinkamas lipid\u0173 metabolizmo palaikymui hiperlipidemijos atveju.\" \/>\n<meta property=\"og:url\" content=\"https:\/\/anivet.lt\/elparduotuve\/produktas\/specific-cid-lf-digestive-support-low-fat\/\" \/>\n<meta property=\"og:site_name\" content=\"anivet.lt\" \/>\n<meta property=\"article:modified_time\" content=\"2026-05-08T13:08:41+00:00\" \/>\n<meta property=\"og:image\" content=\"https:\/\/anivet.lt\/elparduotuve\/wp-content\/uploads\/2023\/09\/5gzqjr2LuuggjSzZZSCno1QztIQA31g8I5l4sISC.png\" \/>\n\t<meta property=\"og:image:width\" content=\"593\" \/>\n\t<meta property=\"og:image:height\" content=\"503\" \/>\n\t<meta property=\"og:image:type\" content=\"image\/png\" \/>\n<meta name=\"twitter:card\" content=\"summary_large_image\" \/>\n<meta name=\"twitter:label1\" content=\"Est. reading time\" \/>\n\t<meta name=\"twitter:data1\" content=\"1 minut\u0117\" \/>\n<script type=\"application\/ld+json\" class=\"yoast-schema-graph\">{\"@context\":\"https:\\\/\\\/schema.org\",\"@graph\":[{\"@type\":\"WebPage\",\"@id\":\"https:\\\/\\\/anivet.lt\\\/elparduotuve\\\/produktas\\\/specific-cid-lf-digestive-support-low-fat\\\/\",\"url\":\"https:\\\/\\\/anivet.lt\\\/elparduotuve\\\/produktas\\\/specific-cid-lf-digestive-support-low-fat\\\/\",\"name\":\"SPECIFIC\u00ae CID-LF visavertis dietinis pa\u0161aras vir\u0161kinimui su suma\u017eintu riebal\u0173 kiekiu - anivet.lt\",\"isPartOf\":{\"@id\":\"https:\\\/\\\/anivet.lt\\\/elparduotuve\\\/#website\"},\"primaryImageOfPage\":{\"@id\":\"https:\\\/\\\/anivet.lt\\\/elparduotuve\\\/produktas\\\/specific-cid-lf-digestive-support-low-fat\\\/#primaryimage\"},\"image\":{\"@id\":\"https:\\\/\\\/anivet.lt\\\/elparduotuve\\\/produktas\\\/specific-cid-lf-digestive-support-low-fat\\\/#primaryimage\"},\"thumbnailUrl\":\"https:\\\/\\\/anivet.lt\\\/elparduotuve\\\/wp-content\\\/uploads\\\/2023\\\/09\\\/5gzqjr2LuuggjSzZZSCno1QztIQA31g8I5l4sISC.png\",\"datePublished\":\"2023-09-19T18:56:36+00:00\",\"dateModified\":\"2026-05-08T13:08:41+00:00\",\"description\":\"Visavertis dietinis pa\u0161aras \u0161unims, skirtas palaikyti vir\u0161kinim\u0105 ir ma\u017einti riebal\u0173 kiek\u012f mityboje. Sukurtas \u0161unims, turintiems \u017earnyno absorbcijos sutrikim\u0173, vir\u0161kinimo problem\u0173 ar egzokrinin\u0117s kasos nepakankamumo, taip pat tinkamas lipid\u0173 metabolizmo palaikymui hiperlipidemijos atveju.\",\"breadcrumb\":{\"@id\":\"https:\\\/\\\/anivet.lt\\\/elparduotuve\\\/produktas\\\/specific-cid-lf-digestive-support-low-fat\\\/#breadcrumb\"},\"inLanguage\":\"lt-LT\",\"potentialAction\":[{\"@type\":\"ReadAction\",\"target\":[\"https:\\\/\\\/anivet.lt\\\/elparduotuve\\\/produktas\\\/specific-cid-lf-digestive-support-low-fat\\\/\"]}]},{\"@type\":\"ImageObject\",\"inLanguage\":\"lt-LT\",\"@id\":\"https:\\\/\\\/anivet.lt\\\/elparduotuve\\\/produktas\\\/specific-cid-lf-digestive-support-low-fat\\\/#primaryimage\",\"url\":\"https:\\\/\\\/anivet.lt\\\/elparduotuve\\\/wp-content\\\/uploads\\\/2023\\\/09\\\/5gzqjr2LuuggjSzZZSCno1QztIQA31g8I5l4sISC.png\",\"contentUrl\":\"https:\\\/\\\/anivet.lt\\\/elparduotuve\\\/wp-content\\\/uploads\\\/2023\\\/09\\\/5gzqjr2LuuggjSzZZSCno1QztIQA31g8I5l4sISC.png\",\"width\":593,\"height\":503,\"caption\":\"SPECIFIC\u00ae CID-LF visavertis dietinis pa\u0161aras vir\u0161kinimui su suma\u017eintu riebal\u0173 kiekiu\"},{\"@type\":\"BreadcrumbList\",\"@id\":\"https:\\\/\\\/anivet.lt\\\/elparduotuve\\\/produktas\\\/specific-cid-lf-digestive-support-low-fat\\\/#breadcrumb\",\"itemListElement\":[{\"@type\":\"ListItem\",\"position\":1,\"name\":\"Home\",\"item\":\"https:\\\/\\\/anivet.lt\\\/elparduotuve\\\/\"},{\"@type\":\"ListItem\",\"position\":2,\"name\":\"Produktai\",\"item\":\"https:\\\/\\\/anivet.lt\\\/elparduotuve\\\/produktai\\\/\"},{\"@type\":\"ListItem\",\"position\":3,\"name\":\"SPECIFIC\u00ae CID-LF visavertis dietinis pa\u0161aras vir\u0161kinimui su suma\u017eintu riebal\u0173 kiekiu\"}]},{\"@type\":\"WebSite\",\"@id\":\"https:\\\/\\\/anivet.lt\\\/elparduotuve\\\/#website\",\"url\":\"https:\\\/\\\/anivet.lt\\\/elparduotuve\\\/\",\"name\":\"anivet.lt\",\"description\":\"Viskas J\u016bs\u0173 \u0161uns, kat\u0117s prie\u017ei\u016brai\",\"publisher\":{\"@id\":\"https:\\\/\\\/anivet.lt\\\/elparduotuve\\\/#organization\"},\"alternateName\":\"Viskas J\u016bs\u0173 \u0161uns, kat\u0117s prie\u017ei\u016brai\",\"potentialAction\":[{\"@type\":\"SearchAction\",\"target\":{\"@type\":\"EntryPoint\",\"urlTemplate\":\"https:\\\/\\\/anivet.lt\\\/elparduotuve\\\/?s={search_term_string}\"},\"query-input\":{\"@type\":\"PropertyValueSpecification\",\"valueRequired\":true,\"valueName\":\"search_term_string\"}}],\"inLanguage\":\"lt-LT\"},{\"@type\":\"Organization\",\"@id\":\"https:\\\/\\\/anivet.lt\\\/elparduotuve\\\/#organization\",\"name\":\"Viskas J\u016bs\u0173 \u0161uns, kat\u0117s prie\u017ei\u016brai\",\"url\":\"https:\\\/\\\/anivet.lt\\\/elparduotuve\\\/\",\"logo\":{\"@type\":\"ImageObject\",\"inLanguage\":\"lt-LT\",\"@id\":\"https:\\\/\\\/anivet.lt\\\/elparduotuve\\\/#\\\/schema\\\/logo\\\/image\\\/\",\"url\":\"https:\\\/\\\/anivet.lt\\\/elparduotuve\\\/wp-content\\\/uploads\\\/2023\\\/06\\\/logo2.jpg\",\"contentUrl\":\"https:\\\/\\\/anivet.lt\\\/elparduotuve\\\/wp-content\\\/uploads\\\/2023\\\/06\\\/logo2.jpg\",\"width\":655,\"height\":194,\"caption\":\"Viskas J\u016bs\u0173 \u0161uns, kat\u0117s prie\u017ei\u016brai\"},\"image\":{\"@id\":\"https:\\\/\\\/anivet.lt\\\/elparduotuve\\\/#\\\/schema\\\/logo\\\/image\\\/\"}}]}<\/script>\n<!-- \/ Yoast SEO Premium plugin. -->","yoast_head_json":{"title":"SPECIFIC\u00ae CID-LF visavertis dietinis pa\u0161aras vir\u0161kinimui su suma\u017eintu riebal\u0173 kiekiu - anivet.lt","description":"Visavertis dietinis pa\u0161aras \u0161unims, skirtas palaikyti vir\u0161kinim\u0105 ir ma\u017einti riebal\u0173 kiek\u012f mityboje. Sukurtas \u0161unims, turintiems \u017earnyno absorbcijos sutrikim\u0173, vir\u0161kinimo problem\u0173 ar egzokrinin\u0117s kasos nepakankamumo, taip pat tinkamas lipid\u0173 metabolizmo palaikymui hiperlipidemijos atveju.","robots":{"index":"index","follow":"follow","max-snippet":"max-snippet:-1","max-image-preview":"max-image-preview:large","max-video-preview":"max-video-preview:-1"},"canonical":"https:\/\/anivet.lt\/elparduotuve\/produktas\/specific-cid-lf-digestive-support-low-fat\/","og_locale":"lt_LT","og_type":"article","og_title":"SPECIFIC\u00ae CID-LF visavertis dietinis pa\u0161aras vir\u0161kinimui su suma\u017eintu riebal\u0173 kiekiu","og_description":"Visavertis dietinis pa\u0161aras \u0161unims, skirtas palaikyti vir\u0161kinim\u0105 ir ma\u017einti riebal\u0173 kiek\u012f mityboje. Sukurtas \u0161unims, turintiems \u017earnyno absorbcijos sutrikim\u0173, vir\u0161kinimo problem\u0173 ar egzokrinin\u0117s kasos nepakankamumo, taip pat tinkamas lipid\u0173 metabolizmo palaikymui hiperlipidemijos atveju.","og_url":"https:\/\/anivet.lt\/elparduotuve\/produktas\/specific-cid-lf-digestive-support-low-fat\/","og_site_name":"anivet.lt","article_modified_time":"2026-05-08T13:08:41+00:00","og_image":[{"width":593,"height":503,"url":"https:\/\/anivet.lt\/elparduotuve\/wp-content\/uploads\/2023\/09\/5gzqjr2LuuggjSzZZSCno1QztIQA31g8I5l4sISC.png","type":"image\/png"}],"twitter_card":"summary_large_image","twitter_misc":{"Est. reading time":"1 minut\u0117"},"schema":{"@context":"https:\/\/schema.org","@graph":[{"@type":"WebPage","@id":"https:\/\/anivet.lt\/elparduotuve\/produktas\/specific-cid-lf-digestive-support-low-fat\/","url":"https:\/\/anivet.lt\/elparduotuve\/produktas\/specific-cid-lf-digestive-support-low-fat\/","name":"SPECIFIC\u00ae CID-LF visavertis dietinis pa\u0161aras vir\u0161kinimui su suma\u017eintu riebal\u0173 kiekiu - anivet.lt","isPartOf":{"@id":"https:\/\/anivet.lt\/elparduotuve\/#website"},"primaryImageOfPage":{"@id":"https:\/\/anivet.lt\/elparduotuve\/produktas\/specific-cid-lf-digestive-support-low-fat\/#primaryimage"},"image":{"@id":"https:\/\/anivet.lt\/elparduotuve\/produktas\/specific-cid-lf-digestive-support-low-fat\/#primaryimage"},"thumbnailUrl":"https:\/\/anivet.lt\/elparduotuve\/wp-content\/uploads\/2023\/09\/5gzqjr2LuuggjSzZZSCno1QztIQA31g8I5l4sISC.png","datePublished":"2023-09-19T18:56:36+00:00","dateModified":"2026-05-08T13:08:41+00:00","description":"Visavertis dietinis pa\u0161aras \u0161unims, skirtas palaikyti vir\u0161kinim\u0105 ir ma\u017einti riebal\u0173 kiek\u012f mityboje. Sukurtas \u0161unims, turintiems \u017earnyno absorbcijos sutrikim\u0173, vir\u0161kinimo problem\u0173 ar egzokrinin\u0117s kasos nepakankamumo, taip pat tinkamas lipid\u0173 metabolizmo palaikymui hiperlipidemijos atveju.","breadcrumb":{"@id":"https:\/\/anivet.lt\/elparduotuve\/produktas\/specific-cid-lf-digestive-support-low-fat\/#breadcrumb"},"inLanguage":"lt-LT","potentialAction":[{"@type":"ReadAction","target":["https:\/\/anivet.lt\/elparduotuve\/produktas\/specific-cid-lf-digestive-support-low-fat\/"]}]},{"@type":"ImageObject","inLanguage":"lt-LT","@id":"https:\/\/anivet.lt\/elparduotuve\/produktas\/specific-cid-lf-digestive-support-low-fat\/#primaryimage","url":"https:\/\/anivet.lt\/elparduotuve\/wp-content\/uploads\/2023\/09\/5gzqjr2LuuggjSzZZSCno1QztIQA31g8I5l4sISC.png","contentUrl":"https:\/\/anivet.lt\/elparduotuve\/wp-content\/uploads\/2023\/09\/5gzqjr2LuuggjSzZZSCno1QztIQA31g8I5l4sISC.png","width":593,"height":503,"caption":"SPECIFIC\u00ae CID-LF visavertis dietinis pa\u0161aras vir\u0161kinimui su suma\u017eintu riebal\u0173 kiekiu"},{"@type":"BreadcrumbList","@id":"https:\/\/anivet.lt\/elparduotuve\/produktas\/specific-cid-lf-digestive-support-low-fat\/#breadcrumb","itemListElement":[{"@type":"ListItem","position":1,"name":"Home","item":"https:\/\/anivet.lt\/elparduotuve\/"},{"@type":"ListItem","position":2,"name":"Produktai","item":"https:\/\/anivet.lt\/elparduotuve\/produktai\/"},{"@type":"ListItem","position":3,"name":"SPECIFIC\u00ae CID-LF visavertis dietinis pa\u0161aras vir\u0161kinimui su suma\u017eintu riebal\u0173 kiekiu"}]},{"@type":"WebSite","@id":"https:\/\/anivet.lt\/elparduotuve\/#website","url":"https:\/\/anivet.lt\/elparduotuve\/","name":"anivet.lt","description":"Viskas J\u016bs\u0173 \u0161uns, kat\u0117s prie\u017ei\u016brai","publisher":{"@id":"https:\/\/anivet.lt\/elparduotuve\/#organization"},"alternateName":"Viskas J\u016bs\u0173 \u0161uns, kat\u0117s prie\u017ei\u016brai","potentialAction":[{"@type":"SearchAction","target":{"@type":"EntryPoint","urlTemplate":"https:\/\/anivet.lt\/elparduotuve\/?s={search_term_string}"},"query-input":{"@type":"PropertyValueSpecification","valueRequired":true,"valueName":"search_term_string"}}],"inLanguage":"lt-LT"},{"@type":"Organization","@id":"https:\/\/anivet.lt\/elparduotuve\/#organization","name":"Viskas J\u016bs\u0173 \u0161uns, kat\u0117s prie\u017ei\u016brai","url":"https:\/\/anivet.lt\/elparduotuve\/","logo":{"@type":"ImageObject","inLanguage":"lt-LT","@id":"https:\/\/anivet.lt\/elparduotuve\/#\/schema\/logo\/image\/","url":"https:\/\/anivet.lt\/elparduotuve\/wp-content\/uploads\/2023\/06\/logo2.jpg","contentUrl":"https:\/\/anivet.lt\/elparduotuve\/wp-content\/uploads\/2023\/06\/logo2.jpg","width":655,"height":194,"caption":"Viskas J\u016bs\u0173 \u0161uns, kat\u0117s prie\u017ei\u016brai"},"image":{"@id":"https:\/\/anivet.lt\/elparduotuve\/#\/schema\/logo\/image\/"}}]}},"_links":{"self":[{"href":"https:\/\/anivet.lt\/elparduotuve\/wp-json\/wp\/v2\/product\/11827","targetHints":{"allow":["GET"]}}],"collection":[{"href":"https:\/\/anivet.lt\/elparduotuve\/wp-json\/wp\/v2\/product"}],"about":[{"href":"https:\/\/anivet.lt\/elparduotuve\/wp-json\/wp\/v2\/types\/product"}],"wp:featuredmedia":[{"embeddable":true,"href":"https:\/\/anivet.lt\/elparduotuve\/wp-json\/wp\/v2\/media\/11828"}],"wp:attachment":[{"href":"https:\/\/anivet.lt\/elparduotuve\/wp-json\/wp\/v2\/media?parent=11827"}],"wp:term":[{"taxonomy":"product_brand","embeddable":true,"href":"https:\/\/anivet.lt\/elparduotuve\/wp-json\/wp\/v2\/product_brand?post=11827"},{"taxonomy":"product_cat","embeddable":true,"href":"https:\/\/anivet.lt\/elparduotuve\/wp-json\/wp\/v2\/product_cat?post=11827"},{"taxonomy":"product_tag","embeddable":true,"href":"https:\/\/anivet.lt\/elparduotuve\/wp-json\/wp\/v2\/product_tag?post=11827"}],"curies":[{"name":"wp","href":"https:\/\/api.w.org\/{rel}","templated":true}]}}